{"id":65225,"date":"2021-08-10T02:36:10","date_gmt":"2021-08-10T02:36:10","guid":{"rendered":"https:\/\/pdxinjurylaw.com\/?page_id=65225"},"modified":"2021-09-07T18:07:46","modified_gmt":"2021-09-07T18:07:46","slug":"vancouver-wa-drunk-driving-attorney","status":"publish","type":"page","link":"https:\/\/pdxinjurylaw.com\/es\/vancouver-wa-drunk-driving-attorney\/","title":{"rendered":"Vancouver, WA Abogado de Accidente de Conducir Ebrio"},"content":{"rendered":"<p>En Washington, conducir ebrio es un delito grave que provoca varios accidentes cada a\u00f1o. Desafortunadamente, algunos conductores ignoran las consecuencias de conducir en estado de embriaguez, lo que provoca lesiones graves y muertes devastadoras.<\/p>\n<p>Si usted es lesionado por un conductor intoxicado, nuestros abogados de Vancouver, WA conductor ebrio DuBois Law Group puede ayudar. Nuestro <a href=\"\/es\/vancouver-wa-personal-injury-lawyer\/\">abogados de da\u00f1os personales<\/a> puede representarle en su reclamaci\u00f3n al seguro o en la demanda contra el conductor ebrio, ayud\u00e1ndole a responsabilizarle de sus lesiones y p\u00e9rdidas.<\/p>\n<h2>Por qu\u00e9 elegirnos<\/h2>\n<ul>\n<li>Nuestros abogados han recuperado millones de d\u00f3lares en acuerdos y veredictos del jurado para nuestros clientes. Estamos dedicados a lograr la m\u00e1xima compensaci\u00f3n para nuestros clientes.<\/li>\n<li>Operamos en un acuerdo de honorarios de contingencia. Si nuestros abogados no logran un acuerdo en su caso, no se le cobrar\u00e1n honorarios legales.<\/li>\n<li>Nuestra empresa da prioridad a la comunicaci\u00f3n abierta y honesta a lo largo de su caso. Usted siempre ser\u00e1 capaz de hablar con su abogado y hacer preguntas acerca de su reclamo.<\/li>\n<\/ul>\n<h2>Lesiones comunes en accidentes por conducir ebrio<\/h2>\n<p>El alcohol afecta a muchas de las funciones necesarias para conducir con seguridad, como la concentraci\u00f3n, la visi\u00f3n, el juicio y el tiempo de reacci\u00f3n. Los conductores ebrios pueden perder f\u00e1cilmente el control de sus veh\u00edculos y colisionar con otros en la carretera, provocando lesiones graves que a menudo requieren cuidados a largo plazo. Muchos accidentes por conducir ebrio tambi\u00e9n provocan <a href=\"\/es\/vancouver-wa-wrongful-death-lawyer\/\">muerte por negligencia<\/a>.<\/p>\n<p>Algunas de las lesiones m\u00e1s comunes en los accidentes por conducci\u00f3n bajo los efectos del alcohol son las siguientes.<\/p>\n<ul>\n<li>Da\u00f1os en la m\u00e9dula espinal y par\u00e1lisis<\/li>\n<li>Lesiones cerebrales traum\u00e1ticas y da\u00f1o cognitivo permanente<\/li>\n<li>Lesiones de cuello y espalda, como latigazo cervical<\/li>\n<li>Lesiones por aplastamiento y da\u00f1os en \u00f3rganos internos<\/li>\n<li>Huesos rotos y fracturas<\/li>\n<li>Quemaduras y cicatrices permanentes<\/li>\n<li>Miembros amputados o mutilados<\/li>\n<li>Lesiones faciales<\/li>\n<li>Laceraciones y abrasiones<\/li>\n<\/ul>\n<h2>C\u00f3mo demostrar un accidente por conducir ebrio<\/h2>\n<p>En Washington, usted tiene derecho a presentar una reclamaci\u00f3n al seguro o una demanda contra el conductor ebrio responsable de su colisi\u00f3n. Washington es un estado de accidentes basados en la culpa, lo que significa que los conductores negligentes son financieramente responsables de las p\u00e9rdidas de las v\u00edctimas en las colisiones que causan. Para obtener una indemnizaci\u00f3n en una reclamaci\u00f3n al seguro o una demanda, tendr\u00e1 que proporcionar pruebas suficientes a nuestros abogados de accidentes por conducir ebrio en Vancouver para demostrar la negligencia del conductor culpable.<\/p>\n<p>Hay cuatro elementos clave que deber\u00e1 probar en su reclamaci\u00f3n.<\/p>\n<ul>\n<li>El conductor culpable ten\u00eda la obligaci\u00f3n de conducir su veh\u00edculo de forma segura y respetar todas las leyes de tr\u00e1fico, incluidas las relativas a la conducci\u00f3n bajo los efectos del alcohol.<\/li>\n<li>El conductor culpable incumpli\u00f3 su deber de diligencia mediante un acto negligente, como conducir ebrio.<\/li>\n<li>El incumplimiento del deber caus\u00f3 su accidente y las lesiones resultantes.<\/li>\n<li>Usted sufri\u00f3 da\u00f1os en el accidente que puede cobrar en su demanda.<\/li>\n<\/ul>\n<p>Hay varias pruebas que puede utilizar para demostrar estos elementos. Por ejemplo, el informe policial y el historial de detenciones del conductor culpable pueden ayudarle a establecer que estaba bajo los efectos del alcohol en el momento del accidente. Las im\u00e1genes de vigilancia, el testimonio de testigos y los historiales m\u00e9dicos pueden ayudar a establecer el incumplimiento del deber, as\u00ed como la causalidad. Sus facturas m\u00e9dicas, recibos de sueldo, entradas de diario, y otros registros financieros podr\u00edan establecer el alcance y el valor de los da\u00f1os que sufri\u00f3, y ser\u00e1 \u00fatil para su abogado de accidentes.<\/p>\n<p>Probar una demanda de accidente por conducir ebrio puede ser un reto sin un abogado de su lado. Su abogado de accidente de conductor ebrio de DuBois Law Group llevar\u00e1 a cabo una investigaci\u00f3n completa de su accidente, reuniendo las pruebas necesarias para demostrar su derecho a da\u00f1os y perjuicios.<\/p>\n<h2>P\u00f3ngase en contacto con un abogado de accidentes de conductores ebrios en DuBois Law Group<\/h2>\n<p>\u00bfEs usted v\u00edctima de un conductor ebrio? Los abogados de accidentes de conductores ebrios en Vancouver, WA de DuBois Law Group pueden ayudar. Vamos a abogar agresivamente por sus derechos y ayudarle a asegurar la compensaci\u00f3n que se merece. <a href=\"\/es\/contact-us\/\">P\u00f3ngase en contacto con nosotros<\/a> hoy para programar una consulta gratuita y sin compromiso. (503) 222-4411<\/p>","protected":false},"excerpt":{"rendered":"<p>In Washington, drunk driving is a serious crime that leads to several accidents each year. Unfortunately, some drivers ignore the consequences of intoxicated driving, leading to serious injuries and devastating fatalities. If you are injured by an intoxicated driver, our Vancouver, WA drunk driver attorneys DuBois Law Group can help. Our personal injury lawyers can&#8230; <a class=\"fancy_link\" href=\"https:\/\/pdxinjurylaw.com\/es\/vancouver-wa-drunk-driving-attorney\/\">leer m\u00e1s<\/a><\/p>","protected":false},"author":7,"featured_media":0,"parent":0,"menu_order":0,"comment_status":"closed","ping_status":"closed","template":"","meta":{"footnotes":"","_content_optimizer_report_url":"","_content_optimizer_report_added":"","_content_optimizer_keyword_hide_used":false,"_content_optimizer_keyword_hide_above_average":false,"_content_optimizer_entities_hide_used":false,"_content_optimizer_entities_hide_above_average":false,"_content_optimizer_headings_hide_used":false,"_content_optimizer_questions_hide_used":false,"_content_optimizer_tab_active":"","_content_optimizer_report_url_ce":"","_content_optimizer_report_added_ce":"","_content_optimizer_keyword_hide_used_ce":false,"_content_optimizer_keyword_hide_above_average_ce":false,"_content_optimizer_entities_hide_used_ce":false,"_content_optimizer_entities_hide_above_average_ce":false,"_content_optimizer_headings_hide_used_ce":false,"_content_optimizer_questions_hide_used_ce":false,"_content_optimizer_tab_active_ce":""},"class_list":["post-65225","page","type-page","status-publish","hentry"],"yoast_head":"<!-- This site is optimized with the Yoast SEO plugin v27.5 - https:\/\/yoast.com\/product\/yoast-seo-wordpress\/ -->\n<title>Vancouver, WA Drunk Driver Accident Lawyer<\/title>\n<meta name=\"description\" content=\"In an accident with a drunk driver? Our specialized lawyers at DuBois Law Group can help. Call (503) 222-4411 for a FREE consultation.\" \/>\n<meta name=\"robots\" content=\"index, follow, max-snippet:-1, max-image-preview:large, max-video-preview:-1\" \/>\n<link rel=\"canonical\" href=\"https:\/\/pdxinjurylaw.com\/es\/vancouver-wa-drunk-driving-attorney\/\" \/>\n<meta property=\"og:locale\" content=\"es_MX\" \/>\n<meta property=\"og:type\" content=\"article\" \/>\n<meta property=\"og:title\" content=\"Vancouver, WA Drunk Driver Accident Lawyer\" \/>\n<meta property=\"og:description\" content=\"In an accident with a drunk driver? Our specialized lawyers at DuBois Law Group can help. Call (503) 222-4411 for a FREE consultation.\" \/>\n<meta property=\"og:url\" content=\"https:\/\/pdxinjurylaw.com\/es\/vancouver-wa-drunk-driving-attorney\/\" \/>\n<meta property=\"og:site_name\" content=\"PDX Injury Law\" \/>\n<meta property=\"article:modified_time\" content=\"2021-09-07T18:07:46+00:00\" \/>\n<meta name=\"twitter:card\" content=\"summary_large_image\" \/>\n<meta name=\"twitter:label1\" content=\"Tiempo de lectura\" \/>\n\t<meta name=\"twitter:data1\" content=\"3 minutos\" \/>\n<script type=\"application\/ld+json\" class=\"yoast-schema-graph\">{\"@context\":\"https:\\\/\\\/schema.org\",\"@graph\":[{\"@type\":\"WebPage\",\"@id\":\"https:\\\/\\\/pdxinjurylaw.com\\\/vancouver-wa-drunk-driving-attorney\\\/\",\"url\":\"https:\\\/\\\/pdxinjurylaw.com\\\/vancouver-wa-drunk-driving-attorney\\\/\",\"name\":\"Vancouver, WA Drunk Driver Accident Lawyer\",\"isPartOf\":{\"@id\":\"https:\\\/\\\/pdxinjurylaw.com\\\/#website\"},\"datePublished\":\"2021-08-10T02:36:10+00:00\",\"dateModified\":\"2021-09-07T18:07:46+00:00\",\"description\":\"In an accident with a drunk driver? Our specialized lawyers at DuBois Law Group can help. Call (503) 222-4411 for a FREE consultation.\",\"breadcrumb\":{\"@id\":\"https:\\\/\\\/pdxinjurylaw.com\\\/vancouver-wa-drunk-driving-attorney\\\/#breadcrumb\"},\"inLanguage\":\"es\",\"potentialAction\":[{\"@type\":\"ReadAction\",\"target\":[\"https:\\\/\\\/pdxinjurylaw.com\\\/vancouver-wa-drunk-driving-attorney\\\/\"]}]},{\"@type\":\"BreadcrumbList\",\"@id\":\"https:\\\/\\\/pdxinjurylaw.com\\\/vancouver-wa-drunk-driving-attorney\\\/#breadcrumb\",\"itemListElement\":[{\"@type\":\"ListItem\",\"position\":1,\"name\":\"Home\",\"item\":\"https:\\\/\\\/pdxinjurylaw.com\\\/\"},{\"@type\":\"ListItem\",\"position\":2,\"name\":\"Vancouver, WA Drunk Driving Accident Attorney\"}]},{\"@type\":\"WebSite\",\"@id\":\"https:\\\/\\\/pdxinjurylaw.com\\\/#website\",\"url\":\"https:\\\/\\\/pdxinjurylaw.com\\\/\",\"name\":\"PDX Injury Law\",\"description\":\"\",\"publisher\":{\"@id\":\"https:\\\/\\\/pdxinjurylaw.com\\\/#organization\"},\"potentialAction\":[{\"@type\":\"SearchAction\",\"target\":{\"@type\":\"EntryPoint\",\"urlTemplate\":\"https:\\\/\\\/pdxinjurylaw.com\\\/?s={search_term_string}\"},\"query-input\":{\"@type\":\"PropertyValueSpecification\",\"valueRequired\":true,\"valueName\":\"search_term_string\"}}],\"inLanguage\":\"es\"},{\"@type\":\"Organization\",\"@id\":\"https:\\\/\\\/pdxinjurylaw.com\\\/#organization\",\"name\":\"PDX Injury Law\",\"url\":\"https:\\\/\\\/pdxinjurylaw.com\\\/\",\"logo\":{\"@type\":\"ImageObject\",\"inLanguage\":\"es\",\"@id\":\"https:\\\/\\\/pdxinjurylaw.com\\\/#\\\/schema\\\/logo\\\/image\\\/\",\"url\":\"https:\\\/\\\/530710ec99.nxcli.io\\\/wp-content\\\/uploads\\\/2021\\\/06\\\/logo-main.png\",\"contentUrl\":\"https:\\\/\\\/530710ec99.nxcli.io\\\/wp-content\\\/uploads\\\/2021\\\/06\\\/logo-main.png\",\"width\":368,\"height\":63,\"caption\":\"PDX Injury Law\"},\"image\":{\"@id\":\"https:\\\/\\\/pdxinjurylaw.com\\\/#\\\/schema\\\/logo\\\/image\\\/\"}}]}<\/script>\n<!-- \/ Yoast SEO plugin. -->","yoast_head_json":{"title":"Vancouver, WA Drunk Driver Accident Lawyer","description":"In an accident with a drunk driver? Our specialized lawyers at DuBois Law Group can help. Call (503) 222-4411 for a FREE consultation.","robots":{"index":"index","follow":"follow","max-snippet":"max-snippet:-1","max-image-preview":"max-image-preview:large","max-video-preview":"max-video-preview:-1"},"canonical":"https:\/\/pdxinjurylaw.com\/es\/vancouver-wa-drunk-driving-attorney\/","og_locale":"es_MX","og_type":"article","og_title":"Vancouver, WA Drunk Driver Accident Lawyer","og_description":"In an accident with a drunk driver? Our specialized lawyers at DuBois Law Group can help. Call (503) 222-4411 for a FREE consultation.","og_url":"https:\/\/pdxinjurylaw.com\/es\/vancouver-wa-drunk-driving-attorney\/","og_site_name":"PDX Injury Law","article_modified_time":"2021-09-07T18:07:46+00:00","twitter_card":"summary_large_image","twitter_misc":{"Tiempo de lectura":"3 minutos"},"schema":{"@context":"https:\/\/schema.org","@graph":[{"@type":"WebPage","@id":"https:\/\/pdxinjurylaw.com\/vancouver-wa-drunk-driving-attorney\/","url":"https:\/\/pdxinjurylaw.com\/vancouver-wa-drunk-driving-attorney\/","name":"Vancouver, WA Drunk Driver Accident Lawyer","isPartOf":{"@id":"https:\/\/pdxinjurylaw.com\/#website"},"datePublished":"2021-08-10T02:36:10+00:00","dateModified":"2021-09-07T18:07:46+00:00","description":"In an accident with a drunk driver? Our specialized lawyers at DuBois Law Group can help. Call (503) 222-4411 for a FREE consultation.","breadcrumb":{"@id":"https:\/\/pdxinjurylaw.com\/vancouver-wa-drunk-driving-attorney\/#breadcrumb"},"inLanguage":"es","potentialAction":[{"@type":"ReadAction","target":["https:\/\/pdxinjurylaw.com\/vancouver-wa-drunk-driving-attorney\/"]}]},{"@type":"BreadcrumbList","@id":"https:\/\/pdxinjurylaw.com\/vancouver-wa-drunk-driving-attorney\/#breadcrumb","itemListElement":[{"@type":"ListItem","position":1,"name":"Home","item":"https:\/\/pdxinjurylaw.com\/"},{"@type":"ListItem","position":2,"name":"Vancouver, WA Drunk Driving Accident Attorney"}]},{"@type":"WebSite","@id":"https:\/\/pdxinjurylaw.com\/#website","url":"https:\/\/pdxinjurylaw.com\/","name":"PDX Ley de Lesiones","description":"","publisher":{"@id":"https:\/\/pdxinjurylaw.com\/#organization"},"potentialAction":[{"@type":"SearchAction","target":{"@type":"EntryPoint","urlTemplate":"https:\/\/pdxinjurylaw.com\/?s={search_term_string}"},"query-input":{"@type":"PropertyValueSpecification","valueRequired":true,"valueName":"search_term_string"}}],"inLanguage":"es"},{"@type":"Organization","@id":"https:\/\/pdxinjurylaw.com\/#organization","name":"PDX Ley de Lesiones","url":"https:\/\/pdxinjurylaw.com\/","logo":{"@type":"ImageObject","inLanguage":"es","@id":"https:\/\/pdxinjurylaw.com\/#\/schema\/logo\/image\/","url":"https:\/\/530710ec99.nxcli.io\/wp-content\/uploads\/2021\/06\/logo-main.png","contentUrl":"https:\/\/530710ec99.nxcli.io\/wp-content\/uploads\/2021\/06\/logo-main.png","width":368,"height":63,"caption":"PDX Injury Law"},"image":{"@id":"https:\/\/pdxinjurylaw.com\/#\/schema\/logo\/image\/"}}]}},"acf":[],"_links":{"self":[{"href":"https:\/\/pdxinjurylaw.com\/es\/wp-json\/wp\/v2\/pages\/65225","targetHints":{"allow":["GET"]}}],"collection":[{"href":"https:\/\/pdxinjurylaw.com\/es\/wp-json\/wp\/v2\/pages"}],"about":[{"href":"https:\/\/pdxinjurylaw.com\/es\/wp-json\/wp\/v2\/types\/page"}],"author":[{"embeddable":true,"href":"https:\/\/pdxinjurylaw.com\/es\/wp-json\/wp\/v2\/users\/7"}],"replies":[{"embeddable":true,"href":"https:\/\/pdxinjurylaw.com\/es\/wp-json\/wp\/v2\/comments?post=65225"}],"version-history":[{"count":0,"href":"https:\/\/pdxinjurylaw.com\/es\/wp-json\/wp\/v2\/pages\/65225\/revisions"}],"wp:attachment":[{"href":"https:\/\/pdxinjurylaw.com\/es\/wp-json\/wp\/v2\/media?parent=65225"}],"curies":[{"name":"wp","href":"https:\/\/api.w.org\/{rel}","templated":true}]}}