{"id":65223,"date":"2021-08-10T02:34:00","date_gmt":"2021-08-10T02:34:00","guid":{"rendered":"https:\/\/pdxinjurylaw.com\/?page_id=65223"},"modified":"2021-09-07T17:35:39","modified_gmt":"2021-09-07T17:35:39","slug":"vancouver-wa-wrongful-death-lawyer","status":"publish","type":"page","link":"https:\/\/pdxinjurylaw.com\/es\/vancouver-wa-wrongful-death-lawyer\/","title":{"rendered":"Vancouver, WA Abogado de Muerte Injusta"},"content":{"rendered":"<p>Cuando un ser querido fallece inesperadamente, las familias se ven sometidas a dificultades incre\u00edbles. Estas familias no s\u00f3lo luchan con el dolor y el trauma emocional que rodea a la muerte, sino tambi\u00e9n con la p\u00e9rdida de ingresos y otros beneficios financieros. Adem\u00e1s, si otra persona es responsable de la muerte de su ser querido, estas p\u00e9rdidas pueden resultar a\u00fan m\u00e1s dif\u00edciles. En estas situaciones, usted y su familia pueden ser elegibles para una acci\u00f3n legal-y la <a href=\"\/es\/vancouver-wa-personal-injury-lawyer\/\">Vancouver, WA abogados de lesiones personales<\/a> en DuBois, Law Group, LLC puede ayudar con casos de homicidio culposo.<\/p>\n<h2>Por qu\u00e9 elegirnos<\/h2>\n<ul>\n<li><a href=\"\/es\/about\/\">Nuestra empresa<\/a> se encargar\u00e1 de todos los aspectos de su caso en su nombre, permiti\u00e9ndole a usted y a su familia centrarse en la curaci\u00f3n en lugar de en los a menudo largos y complejos procesos de litigio.<\/li>\n<li>Nuestros abogados de muerte por negligencia toman un n\u00famero limitado de casos a la vez, lo que permite a nuestros abogados para proporcionar su caso con la dedicaci\u00f3n y la atenci\u00f3n personalizada que su familia merece.<\/li>\n<li>Nuestros profesionales de Vancouver, WA cobran honorarios de contingencia por nuestros servicios legales. Si nuestros abogados no aseguran compensaci\u00f3n en su caso, no se le cobrar\u00e1 honorarios legales.<\/li>\n<\/ul>\n<h2>Estatuto de Washington sobre homicidio culposo<\/h2>\n<p>Bajo la ley de Washington, una muerte injusta ocurre cuando la muerte de otra persona es causada por el acto il\u00edcito, negligencia o incumplimiento de otra persona. En estas situaciones, alguien podr\u00eda presentar una demanda por homicidio culposo contra la persona responsable de la muerte de la persona fallecida ante un tribunal civil de Washington.<\/p>\n<p>S\u00f3lo determinadas partes pueden presentar una demanda por homicidio culposo en Washington.<\/p>\n<ul>\n<li>El representante personal de la herencia de la persona fallecida<\/li>\n<li>C\u00f3nyuge o pareja de hecho registrada de la persona fallecida<\/li>\n<li>Hijos o hijastros de la persona fallecida<\/li>\n<li>Los padres o hermanos de la persona fallecida, si no ten\u00eda c\u00f3nyuge, pareja de hecho o hijos.<\/li>\n<\/ul>\n<p>Si su ser querido hubiera podido presentar una demanda por lesiones personales si su ser querido hubiera sobrevivido a su accidente, es probable que su familia pueda presentar una demanda por homicidio culposo en su nombre. Muchos <a href=\"\/es\/vancouver-wa-personal-injury-lawyer\/\">da\u00f1os personales<\/a> y la muerte actos il\u00edcitos calificar para una demanda, incluidos los accidentes de veh\u00edculos de motor, resbalones y ca\u00eddas, y actos de violencia. Si no est\u00e1 seguro de si su caso califica para un litigio por muerte injusta, hable con un abogado de muerte injusta en DuBois Law Group tan pronto como sea posible.<\/p>\n<h2>Da\u00f1os y perjuicios disponibles en Vancouver, WA demandas por homicidio culposo<\/h2>\n<p>Mediante una demanda por homicidio culposo en Washington, usted y su familia pueden exigir responsabilidades a la parte culpable por las p\u00e9rdidas sufridas por su ser querido a causa de su muerte. Tambi\u00e9n puede obtener una indemnizaci\u00f3n por da\u00f1os y perjuicios por las p\u00e9rdidas emocionales sufridas por su familia tras el fallecimiento de su ser querido. Las indemnizaciones habituales en las demandas por homicidio culposo en Washington son las siguientes:<\/p>\n<ul>\n<li>Gastos funerarios y de sepelio<\/li>\n<li>Las \u00faltimas facturas m\u00e9dicas del fallecido<\/li>\n<li>El dolor y el sufrimiento que el fallecido experiment\u00f3 antes de morir<\/li>\n<li>Los salarios y prestaciones perdidos que el fallecido habr\u00eda percibido si hubiera sobrevivido.<\/li>\n<li>Reparaciones y sustituciones de bienes por da\u00f1os sufridos en el accidente<\/li>\n<li>La p\u00e9rdida de compa\u00f1\u00eda, cuidados, apoyo y otros beneficios que usted y su familia sufr\u00edan.<\/li>\n<\/ul>\n<p>Para demostrar su derecho a esta indemnizaci\u00f3n, tendr\u00e1 que reunir pruebas suficientes para establecer la responsabilidad de la parte culpable de la muerte de su ser querido. Un abogado de muerte por negligencia de Vancouver, WA puede ayudarle a elaborar un caso convincente para el derecho de su familia a una indemnizaci\u00f3n.<\/p>\n<h2>P\u00f3ngase en contacto con DuBois Law Group<\/h2>\n<p>\u00bfHa perdido recientemente a un ser querido? Dependiendo de las circunstancias que rodearon su muerte, usted y su familia pueden ser elegibles para una demanda por muerte injusta en Washington. Los abogados de DuBois Law Group pueden ayudar a su familia a buscar justicia. <a href=\"\/es\/contact-us\/\">P\u00f3ngase en contacto con nosotros<\/a> hoy para programar su consulta gratuita con un abogado de muerte por negligencia de Vancouver, WA. (503) 222-4411<\/p>","protected":false},"excerpt":{"rendered":"<p>When a loved one passes away unexpectedly, families are subjected to unbelievable hardship. Not only do these families struggle with the grief and emotional trauma surrounding the death, but also a loss of income and other financial benefits. Furthermore, if someone else is responsible for your loved one\u2019s death, these losses can feel even more&#8230; <a class=\"fancy_link\" href=\"https:\/\/pdxinjurylaw.com\/es\/vancouver-wa-wrongful-death-lawyer\/\">leer m\u00e1s<\/a><\/p>","protected":false},"author":7,"featured_media":0,"parent":0,"menu_order":0,"comment_status":"closed","ping_status":"closed","template":"","meta":{"footnotes":"","_content_optimizer_report_url":"","_content_optimizer_report_added":"","_content_optimizer_keyword_hide_used":false,"_content_optimizer_keyword_hide_above_average":false,"_content_optimizer_entities_hide_used":false,"_content_optimizer_entities_hide_above_average":false,"_content_optimizer_headings_hide_used":false,"_content_optimizer_questions_hide_used":false,"_content_optimizer_tab_active":"","_content_optimizer_report_url_ce":"","_content_optimizer_report_added_ce":"","_content_optimizer_keyword_hide_used_ce":false,"_content_optimizer_keyword_hide_above_average_ce":false,"_content_optimizer_entities_hide_used_ce":false,"_content_optimizer_entities_hide_above_average_ce":false,"_content_optimizer_headings_hide_used_ce":false,"_content_optimizer_questions_hide_used_ce":false,"_content_optimizer_tab_active_ce":""},"class_list":["post-65223","page","type-page","status-publish","hentry"],"yoast_head":"<!-- This site is optimized with the Yoast SEO plugin v27.4 - https:\/\/yoast.com\/product\/yoast-seo-wordpress\/ -->\n<title>Vancouver, WA Wrongful Death Lawyer<\/title>\n<meta name=\"description\" content=\"Are you in need of a wrongful death lawyer in Vancouver? Our experts at DuBois Law Group have you covered. Call (503) 222-4411 for a FREE consultation.\" \/>\n<meta name=\"robots\" content=\"index, follow, max-snippet:-1, max-image-preview:large, max-video-preview:-1\" \/>\n<link rel=\"canonical\" href=\"https:\/\/pdxinjurylaw.com\/es\/vancouver-wa-wrongful-death-lawyer\/\" \/>\n<meta property=\"og:locale\" content=\"es_MX\" \/>\n<meta property=\"og:type\" content=\"article\" \/>\n<meta property=\"og:title\" content=\"Vancouver, WA Wrongful Death Lawyer\" \/>\n<meta property=\"og:description\" content=\"Are you in need of a wrongful death lawyer in Vancouver? Our experts at DuBois Law Group have you covered. Call (503) 222-4411 for a FREE consultation.\" \/>\n<meta property=\"og:url\" content=\"https:\/\/pdxinjurylaw.com\/es\/vancouver-wa-wrongful-death-lawyer\/\" \/>\n<meta property=\"og:site_name\" content=\"PDX Injury Law\" \/>\n<meta property=\"article:modified_time\" content=\"2021-09-07T17:35:39+00:00\" \/>\n<meta name=\"twitter:card\" content=\"summary_large_image\" \/>\n<meta name=\"twitter:label1\" content=\"Tiempo de lectura\" \/>\n\t<meta name=\"twitter:data1\" content=\"3 minutos\" \/>\n<script type=\"application\/ld+json\" class=\"yoast-schema-graph\">{\"@context\":\"https:\\\/\\\/schema.org\",\"@graph\":[{\"@type\":\"WebPage\",\"@id\":\"https:\\\/\\\/pdxinjurylaw.com\\\/vancouver-wa-wrongful-death-lawyer\\\/\",\"url\":\"https:\\\/\\\/pdxinjurylaw.com\\\/vancouver-wa-wrongful-death-lawyer\\\/\",\"name\":\"Vancouver, WA Wrongful Death Lawyer\",\"isPartOf\":{\"@id\":\"https:\\\/\\\/pdxinjurylaw.com\\\/#website\"},\"datePublished\":\"2021-08-10T02:34:00+00:00\",\"dateModified\":\"2021-09-07T17:35:39+00:00\",\"description\":\"Are you in need of a wrongful death lawyer in Vancouver? Our experts at DuBois Law Group have you covered. Call (503) 222-4411 for a FREE consultation.\",\"breadcrumb\":{\"@id\":\"https:\\\/\\\/pdxinjurylaw.com\\\/vancouver-wa-wrongful-death-lawyer\\\/#breadcrumb\"},\"inLanguage\":\"es\",\"potentialAction\":[{\"@type\":\"ReadAction\",\"target\":[\"https:\\\/\\\/pdxinjurylaw.com\\\/vancouver-wa-wrongful-death-lawyer\\\/\"]}]},{\"@type\":\"BreadcrumbList\",\"@id\":\"https:\\\/\\\/pdxinjurylaw.com\\\/vancouver-wa-wrongful-death-lawyer\\\/#breadcrumb\",\"itemListElement\":[{\"@type\":\"ListItem\",\"position\":1,\"name\":\"Home\",\"item\":\"https:\\\/\\\/pdxinjurylaw.com\\\/\"},{\"@type\":\"ListItem\",\"position\":2,\"name\":\"Vancouver, WA Wrongful Death Attorney\"}]},{\"@type\":\"WebSite\",\"@id\":\"https:\\\/\\\/pdxinjurylaw.com\\\/#website\",\"url\":\"https:\\\/\\\/pdxinjurylaw.com\\\/\",\"name\":\"PDX Injury Law\",\"description\":\"\",\"publisher\":{\"@id\":\"https:\\\/\\\/pdxinjurylaw.com\\\/#organization\"},\"potentialAction\":[{\"@type\":\"SearchAction\",\"target\":{\"@type\":\"EntryPoint\",\"urlTemplate\":\"https:\\\/\\\/pdxinjurylaw.com\\\/?s={search_term_string}\"},\"query-input\":{\"@type\":\"PropertyValueSpecification\",\"valueRequired\":true,\"valueName\":\"search_term_string\"}}],\"inLanguage\":\"es\"},{\"@type\":\"Organization\",\"@id\":\"https:\\\/\\\/pdxinjurylaw.com\\\/#organization\",\"name\":\"PDX Injury Law\",\"url\":\"https:\\\/\\\/pdxinjurylaw.com\\\/\",\"logo\":{\"@type\":\"ImageObject\",\"inLanguage\":\"es\",\"@id\":\"https:\\\/\\\/pdxinjurylaw.com\\\/#\\\/schema\\\/logo\\\/image\\\/\",\"url\":\"https:\\\/\\\/530710ec99.nxcli.io\\\/wp-content\\\/uploads\\\/2021\\\/06\\\/logo-main.png\",\"contentUrl\":\"https:\\\/\\\/530710ec99.nxcli.io\\\/wp-content\\\/uploads\\\/2021\\\/06\\\/logo-main.png\",\"width\":368,\"height\":63,\"caption\":\"PDX Injury Law\"},\"image\":{\"@id\":\"https:\\\/\\\/pdxinjurylaw.com\\\/#\\\/schema\\\/logo\\\/image\\\/\"}}]}<\/script>\n<!-- \/ Yoast SEO plugin. -->","yoast_head_json":{"title":"Vancouver, WA Wrongful Death Lawyer","description":"Are you in need of a wrongful death lawyer in Vancouver? Our experts at DuBois Law Group have you covered. Call (503) 222-4411 for a FREE consultation.","robots":{"index":"index","follow":"follow","max-snippet":"max-snippet:-1","max-image-preview":"max-image-preview:large","max-video-preview":"max-video-preview:-1"},"canonical":"https:\/\/pdxinjurylaw.com\/es\/vancouver-wa-wrongful-death-lawyer\/","og_locale":"es_MX","og_type":"article","og_title":"Vancouver, WA Wrongful Death Lawyer","og_description":"Are you in need of a wrongful death lawyer in Vancouver? Our experts at DuBois Law Group have you covered. Call (503) 222-4411 for a FREE consultation.","og_url":"https:\/\/pdxinjurylaw.com\/es\/vancouver-wa-wrongful-death-lawyer\/","og_site_name":"PDX Injury Law","article_modified_time":"2021-09-07T17:35:39+00:00","twitter_card":"summary_large_image","twitter_misc":{"Tiempo de lectura":"3 minutos"},"schema":{"@context":"https:\/\/schema.org","@graph":[{"@type":"WebPage","@id":"https:\/\/pdxinjurylaw.com\/vancouver-wa-wrongful-death-lawyer\/","url":"https:\/\/pdxinjurylaw.com\/vancouver-wa-wrongful-death-lawyer\/","name":"Vancouver, WA Wrongful Death Lawyer","isPartOf":{"@id":"https:\/\/pdxinjurylaw.com\/#website"},"datePublished":"2021-08-10T02:34:00+00:00","dateModified":"2021-09-07T17:35:39+00:00","description":"Are you in need of a wrongful death lawyer in Vancouver? Our experts at DuBois Law Group have you covered. Call (503) 222-4411 for a FREE consultation.","breadcrumb":{"@id":"https:\/\/pdxinjurylaw.com\/vancouver-wa-wrongful-death-lawyer\/#breadcrumb"},"inLanguage":"es","potentialAction":[{"@type":"ReadAction","target":["https:\/\/pdxinjurylaw.com\/vancouver-wa-wrongful-death-lawyer\/"]}]},{"@type":"BreadcrumbList","@id":"https:\/\/pdxinjurylaw.com\/vancouver-wa-wrongful-death-lawyer\/#breadcrumb","itemListElement":[{"@type":"ListItem","position":1,"name":"Home","item":"https:\/\/pdxinjurylaw.com\/"},{"@type":"ListItem","position":2,"name":"Vancouver, WA Wrongful Death Attorney"}]},{"@type":"WebSite","@id":"https:\/\/pdxinjurylaw.com\/#website","url":"https:\/\/pdxinjurylaw.com\/","name":"PDX Ley de Lesiones","description":"","publisher":{"@id":"https:\/\/pdxinjurylaw.com\/#organization"},"potentialAction":[{"@type":"SearchAction","target":{"@type":"EntryPoint","urlTemplate":"https:\/\/pdxinjurylaw.com\/?s={search_term_string}"},"query-input":{"@type":"PropertyValueSpecification","valueRequired":true,"valueName":"search_term_string"}}],"inLanguage":"es"},{"@type":"Organization","@id":"https:\/\/pdxinjurylaw.com\/#organization","name":"PDX Ley de Lesiones","url":"https:\/\/pdxinjurylaw.com\/","logo":{"@type":"ImageObject","inLanguage":"es","@id":"https:\/\/pdxinjurylaw.com\/#\/schema\/logo\/image\/","url":"https:\/\/530710ec99.nxcli.io\/wp-content\/uploads\/2021\/06\/logo-main.png","contentUrl":"https:\/\/530710ec99.nxcli.io\/wp-content\/uploads\/2021\/06\/logo-main.png","width":368,"height":63,"caption":"PDX Injury Law"},"image":{"@id":"https:\/\/pdxinjurylaw.com\/#\/schema\/logo\/image\/"}}]}},"acf":[],"_links":{"self":[{"href":"https:\/\/pdxinjurylaw.com\/es\/wp-json\/wp\/v2\/pages\/65223","targetHints":{"allow":["GET"]}}],"collection":[{"href":"https:\/\/pdxinjurylaw.com\/es\/wp-json\/wp\/v2\/pages"}],"about":[{"href":"https:\/\/pdxinjurylaw.com\/es\/wp-json\/wp\/v2\/types\/page"}],"author":[{"embeddable":true,"href":"https:\/\/pdxinjurylaw.com\/es\/wp-json\/wp\/v2\/users\/7"}],"replies":[{"embeddable":true,"href":"https:\/\/pdxinjurylaw.com\/es\/wp-json\/wp\/v2\/comments?post=65223"}],"version-history":[{"count":0,"href":"https:\/\/pdxinjurylaw.com\/es\/wp-json\/wp\/v2\/pages\/65223\/revisions"}],"wp:attachment":[{"href":"https:\/\/pdxinjurylaw.com\/es\/wp-json\/wp\/v2\/media?parent=65223"}],"curies":[{"name":"wp","href":"https:\/\/api.w.org\/{rel}","templated":true}]}}