{"id":65221,"date":"2021-08-10T02:32:09","date_gmt":"2021-08-10T02:32:09","guid":{"rendered":"https:\/\/pdxinjurylaw.com\/?page_id=65221"},"modified":"2021-09-07T18:29:21","modified_gmt":"2021-09-07T18:29:21","slug":"vancouver-wa-bicycle-accident-attorney","status":"publish","type":"page","link":"https:\/\/pdxinjurylaw.com\/es\/vancouver-wa-bicycle-accident-attorney\/","title":{"rendered":"Vancouver, WA Abogado de Accidente de Bicicleta"},"content":{"rendered":"<p>Las colisiones de bicicletas en Washington pueden ocurrir por varias razones, desde la negligencia del conductor hasta la mala visibilidad y las carreteras peligrosas. Estos accidentes pueden resultar en lesiones graves y debilitantes, incluyendo huesos rotos, da\u00f1o cerebral y contusiones graves y laceraciones. En estas situaciones, usted tiene el derecho de presentar una reclamaci\u00f3n al seguro o una demanda contra el conductor culpable-y los abogados de accidentes de bicicleta en Vancouver, WA de DuBois Law Group pueden luchar agresivamente por su derecho a la m\u00e1xima indemnizaci\u00f3n.<\/p>\n<h2>Por qu\u00e9 elegirnos<\/h2>\n<ul>\n<li>Nuestra <a href=\"\/es\/vancouver-wa-personal-injury-lawyer\/\">abogados de da\u00f1os personales<\/a> tienen a\u00f1os de experiencia representando a residentes de Washington lesionados en sus reclamaciones por accidentes de bicicleta. Hemos recuperado millones de d\u00f3lares en acuerdos y veredictos del jurado.<\/li>\n<li>Nuestro bufete adopta un papel proactivo en la salud de nuestros clientes. Nuestro departamento m\u00e9dico puede ponerle en contacto con el tratamiento y los especialistas que necesita para recuperarse.<\/li>\n<li>Si usted est\u00e1 enfrentando dificultades financieras, todav\u00eda puede buscar representaci\u00f3n. Nuestra firma cobra honorarios de contingencia, lo que significa que usted no debe honorarios legales a menos que obtengamos una indemnizaci\u00f3n en su caso.<\/li>\n<\/ul>\n<h2>Opciones legales para las v\u00edctimas de accidentes de bicicleta<\/h2>\n<p>Cuando se trata de colisiones de veh\u00edculos de motor, los estados suelen seguir dos sistemas: culpa y no culpa. En los estados sin culpa, cada persona est\u00e1 obligada a tener un seguro para protegerse en caso de accidente. Washington, como la mayor\u00eda de los estados, sigue un sistema basado en la culpa en el que los conductores negligentes son financieramente responsables de los da\u00f1os de sus v\u00edctimas, incluidos otros conductores, pasajeros y ciclistas.<\/p>\n<p>Si se lesiona en un accidente de bicicleta causado por un automovilista, tiene derecho a presentar una reclamaci\u00f3n al seguro o una demanda contra \u00e9l. Recurra a uno de los abogados especializados en accidentes de bicicleta para que le ayude. Durante estos procesos de reclamaci\u00f3n, tendr\u00e1 que demostrar que el conductor caus\u00f3 su accidente y las lesiones resultantes mediante un acto de negligencia. Las causas comunes de accidentes de bicicleta que pueden elevarse al nivel de negligencia del conductor incluyen las siguientes.<\/p>\n<ul>\n<li>Exceso de velocidad<\/li>\n<li>No ceder el paso<\/li>\n<li>Abrir la puerta de un coche en un carril bici<\/li>\n<li>Girar sin controlar a los ciclistas<\/li>\n<li>Cambios de carril inseguros<\/li>\n<li>Saltarse un sem\u00e1foro en rojo o una se\u00f1al de stop<\/li>\n<li><a href=\"\/es\/vancouver-wa-drunk-driving-attorney\/\">Conducci\u00f3n bajo los efectos del alcohol\u00a0<\/a><\/li>\n<li>Conducci\u00f3n distra\u00edda<\/li>\n<li>Conducci\u00f3n con somnolencia o fatiga<\/li>\n<\/ul>\n<h2>Da\u00f1os y perjuicios en reclamaciones por accidentes de bicicleta en Washington<\/h2>\n<p>Un accidente de bicicleta puede provocar lesiones graves y debilitantes que requieren una amplia atenci\u00f3n m\u00e9dica y largos per\u00edodos de recuperaci\u00f3n. En algunas situaciones, estas lesiones pueden resultar en discapacidades permanentes y complicaciones, que requieren tratamiento de por vida y el impacto de su calidad de vida. Utilizando un abogado de accidente de bicicleta en Vancouver, WA, usted puede recuperar la compensaci\u00f3n por las p\u00e9rdidas econ\u00f3micas y no econ\u00f3micas que sufri\u00f3 en la colisi\u00f3n.<\/p>\n<p>Los da\u00f1os econ\u00f3micos se refieren a sus p\u00e9rdidas financieras, mientras que los da\u00f1os no econ\u00f3micos implican su dolor y sufrimiento f\u00edsico y emocional. Los tipos comunes de da\u00f1os reclamados en casos de accidentes de bicicleta en Washington incluyen los siguientes.<\/p>\n<ul>\n<li>Gastos m\u00e9dicos pasados y futuros<\/li>\n<li>Salarios perdidos y p\u00e9rdida de ingresos futuros<\/li>\n<li>Rehabilitaci\u00f3n y fisioterapia<\/li>\n<li>Adaptaciones para discapacitados y equipos de movilidad<\/li>\n<li>P\u00e9rdida de calidad de vida<\/li>\n<li>Depresi\u00f3n, ansiedad y trastorno de estr\u00e9s postraum\u00e1tico<\/li>\n<li>Dolor cr\u00f3nico, discapacidad y desfiguraci\u00f3n<\/li>\n<li>Angustia mental y emocional<\/li>\n<\/ul>\n<p>Su abogado de accidente de bicicleta en Vancouver de DuBois Law Group puede ayudarle a calcular el alcance total de sus da\u00f1os, reclutando testigos expertos para estimar sus costos de atenci\u00f3n a largo plazo. Su abogado tambi\u00e9n evaluar\u00e1 cualquier oferta de acuerdo que reciba, ayud\u00e1ndole a evitar un pago insuficiente.<\/p>\n<h2>P\u00f3ngase en contacto con DuBois Law Group<\/h2>\n<p>\u00bfEs usted v\u00edctima de un accidente de bicicleta en Vancouver, WA? Los abogados de DuBois Law Group pueden representarlo en su demanda por accidente de bicicleta o reclamo de seguro, ayud\u00e1ndole a recuperar la compensaci\u00f3n que necesita para sanar. <a href=\"\/es\/contact-us\/\">P\u00f3ngase en contacto con nosotros<\/a> hoy mismo para programar una consulta gratuita y obtener m\u00e1s informaci\u00f3n sobre sus pr\u00f3ximos pasos.<\/p>","protected":false},"excerpt":{"rendered":"<p>Washington bicycle collisions can occur for several reasons, from driver negligence to poor visibility and dangerous roads. These accidents can result in serious, debilitating injuries, including broken bones, brain damage, and severe bruising and lacerations. In these situations, you have the right to file an insurance claim or lawsuit against the at-fault driver\u2014and the Vancouver,&#8230; <a class=\"fancy_link\" href=\"https:\/\/pdxinjurylaw.com\/es\/vancouver-wa-bicycle-accident-attorney\/\">leer m\u00e1s<\/a><\/p>","protected":false},"author":7,"featured_media":0,"parent":0,"menu_order":0,"comment_status":"closed","ping_status":"closed","template":"","meta":{"footnotes":"","_content_optimizer_report_url":"","_content_optimizer_report_added":"","_content_optimizer_keyword_hide_used":false,"_content_optimizer_keyword_hide_above_average":false,"_content_optimizer_entities_hide_used":false,"_content_optimizer_entities_hide_above_average":false,"_content_optimizer_headings_hide_used":false,"_content_optimizer_questions_hide_used":false,"_content_optimizer_tab_active":"","_content_optimizer_report_url_ce":"","_content_optimizer_report_added_ce":"","_content_optimizer_keyword_hide_used_ce":false,"_content_optimizer_keyword_hide_above_average_ce":false,"_content_optimizer_entities_hide_used_ce":false,"_content_optimizer_entities_hide_above_average_ce":false,"_content_optimizer_headings_hide_used_ce":false,"_content_optimizer_questions_hide_used_ce":false,"_content_optimizer_tab_active_ce":""},"class_list":["post-65221","page","type-page","status-publish","hentry"],"yoast_head":"<!-- This site is optimized with the Yoast SEO plugin v27.4 - https:\/\/yoast.com\/product\/yoast-seo-wordpress\/ -->\n<title>Vancouver, WA Bicycle Accident Lawyer<\/title>\n<meta name=\"description\" content=\"Injured in a bicycle accident in Vancouver, WA? The lawyers at DuBois Law Group can help. Call (503) 222-4411 for a FREE consultation.\" \/>\n<meta name=\"robots\" content=\"index, follow, max-snippet:-1, max-image-preview:large, max-video-preview:-1\" \/>\n<link rel=\"canonical\" href=\"https:\/\/pdxinjurylaw.com\/es\/vancouver-wa-bicycle-accident-attorney\/\" \/>\n<meta property=\"og:locale\" content=\"es_MX\" \/>\n<meta property=\"og:type\" content=\"article\" \/>\n<meta property=\"og:title\" content=\"Vancouver, WA Bicycle Accident Lawyer\" \/>\n<meta property=\"og:description\" content=\"Injured in a bicycle accident in Vancouver, WA? The lawyers at DuBois Law Group can help. Call (503) 222-4411 for a FREE consultation.\" \/>\n<meta property=\"og:url\" content=\"https:\/\/pdxinjurylaw.com\/es\/vancouver-wa-bicycle-accident-attorney\/\" \/>\n<meta property=\"og:site_name\" content=\"PDX Injury Law\" \/>\n<meta property=\"article:modified_time\" content=\"2021-09-07T18:29:21+00:00\" \/>\n<meta name=\"twitter:card\" content=\"summary_large_image\" \/>\n<meta name=\"twitter:label1\" content=\"Tiempo de lectura\" \/>\n\t<meta name=\"twitter:data1\" content=\"3 minutos\" \/>\n<script type=\"application\/ld+json\" class=\"yoast-schema-graph\">{\"@context\":\"https:\\\/\\\/schema.org\",\"@graph\":[{\"@type\":\"WebPage\",\"@id\":\"https:\\\/\\\/pdxinjurylaw.com\\\/vancouver-wa-bicycle-accident-attorney\\\/\",\"url\":\"https:\\\/\\\/pdxinjurylaw.com\\\/vancouver-wa-bicycle-accident-attorney\\\/\",\"name\":\"Vancouver, WA Bicycle Accident Lawyer\",\"isPartOf\":{\"@id\":\"https:\\\/\\\/pdxinjurylaw.com\\\/#website\"},\"datePublished\":\"2021-08-10T02:32:09+00:00\",\"dateModified\":\"2021-09-07T18:29:21+00:00\",\"description\":\"Injured in a bicycle accident in Vancouver, WA? The lawyers at DuBois Law Group can help. Call (503) 222-4411 for a FREE consultation.\",\"breadcrumb\":{\"@id\":\"https:\\\/\\\/pdxinjurylaw.com\\\/vancouver-wa-bicycle-accident-attorney\\\/#breadcrumb\"},\"inLanguage\":\"es\",\"potentialAction\":[{\"@type\":\"ReadAction\",\"target\":[\"https:\\\/\\\/pdxinjurylaw.com\\\/vancouver-wa-bicycle-accident-attorney\\\/\"]}]},{\"@type\":\"BreadcrumbList\",\"@id\":\"https:\\\/\\\/pdxinjurylaw.com\\\/vancouver-wa-bicycle-accident-attorney\\\/#breadcrumb\",\"itemListElement\":[{\"@type\":\"ListItem\",\"position\":1,\"name\":\"Home\",\"item\":\"https:\\\/\\\/pdxinjurylaw.com\\\/\"},{\"@type\":\"ListItem\",\"position\":2,\"name\":\"Vancouver, WA Bicycle Accident Attorney\"}]},{\"@type\":\"WebSite\",\"@id\":\"https:\\\/\\\/pdxinjurylaw.com\\\/#website\",\"url\":\"https:\\\/\\\/pdxinjurylaw.com\\\/\",\"name\":\"PDX Injury Law\",\"description\":\"\",\"publisher\":{\"@id\":\"https:\\\/\\\/pdxinjurylaw.com\\\/#organization\"},\"potentialAction\":[{\"@type\":\"SearchAction\",\"target\":{\"@type\":\"EntryPoint\",\"urlTemplate\":\"https:\\\/\\\/pdxinjurylaw.com\\\/?s={search_term_string}\"},\"query-input\":{\"@type\":\"PropertyValueSpecification\",\"valueRequired\":true,\"valueName\":\"search_term_string\"}}],\"inLanguage\":\"es\"},{\"@type\":\"Organization\",\"@id\":\"https:\\\/\\\/pdxinjurylaw.com\\\/#organization\",\"name\":\"PDX Injury Law\",\"url\":\"https:\\\/\\\/pdxinjurylaw.com\\\/\",\"logo\":{\"@type\":\"ImageObject\",\"inLanguage\":\"es\",\"@id\":\"https:\\\/\\\/pdxinjurylaw.com\\\/#\\\/schema\\\/logo\\\/image\\\/\",\"url\":\"https:\\\/\\\/530710ec99.nxcli.io\\\/wp-content\\\/uploads\\\/2021\\\/06\\\/logo-main.png\",\"contentUrl\":\"https:\\\/\\\/530710ec99.nxcli.io\\\/wp-content\\\/uploads\\\/2021\\\/06\\\/logo-main.png\",\"width\":368,\"height\":63,\"caption\":\"PDX Injury Law\"},\"image\":{\"@id\":\"https:\\\/\\\/pdxinjurylaw.com\\\/#\\\/schema\\\/logo\\\/image\\\/\"}}]}<\/script>\n<!-- \/ Yoast SEO plugin. -->","yoast_head_json":{"title":"Vancouver, WA Bicycle Accident Lawyer","description":"Injured in a bicycle accident in Vancouver, WA? The lawyers at DuBois Law Group can help. Call (503) 222-4411 for a FREE consultation.","robots":{"index":"index","follow":"follow","max-snippet":"max-snippet:-1","max-image-preview":"max-image-preview:large","max-video-preview":"max-video-preview:-1"},"canonical":"https:\/\/pdxinjurylaw.com\/es\/vancouver-wa-bicycle-accident-attorney\/","og_locale":"es_MX","og_type":"article","og_title":"Vancouver, WA Bicycle Accident Lawyer","og_description":"Injured in a bicycle accident in Vancouver, WA? The lawyers at DuBois Law Group can help. Call (503) 222-4411 for a FREE consultation.","og_url":"https:\/\/pdxinjurylaw.com\/es\/vancouver-wa-bicycle-accident-attorney\/","og_site_name":"PDX Injury Law","article_modified_time":"2021-09-07T18:29:21+00:00","twitter_card":"summary_large_image","twitter_misc":{"Tiempo de lectura":"3 minutos"},"schema":{"@context":"https:\/\/schema.org","@graph":[{"@type":"WebPage","@id":"https:\/\/pdxinjurylaw.com\/vancouver-wa-bicycle-accident-attorney\/","url":"https:\/\/pdxinjurylaw.com\/vancouver-wa-bicycle-accident-attorney\/","name":"Vancouver, WA Bicycle Accident Lawyer","isPartOf":{"@id":"https:\/\/pdxinjurylaw.com\/#website"},"datePublished":"2021-08-10T02:32:09+00:00","dateModified":"2021-09-07T18:29:21+00:00","description":"Injured in a bicycle accident in Vancouver, WA? The lawyers at DuBois Law Group can help. Call (503) 222-4411 for a FREE consultation.","breadcrumb":{"@id":"https:\/\/pdxinjurylaw.com\/vancouver-wa-bicycle-accident-attorney\/#breadcrumb"},"inLanguage":"es","potentialAction":[{"@type":"ReadAction","target":["https:\/\/pdxinjurylaw.com\/vancouver-wa-bicycle-accident-attorney\/"]}]},{"@type":"BreadcrumbList","@id":"https:\/\/pdxinjurylaw.com\/vancouver-wa-bicycle-accident-attorney\/#breadcrumb","itemListElement":[{"@type":"ListItem","position":1,"name":"Home","item":"https:\/\/pdxinjurylaw.com\/"},{"@type":"ListItem","position":2,"name":"Vancouver, WA Bicycle Accident Attorney"}]},{"@type":"WebSite","@id":"https:\/\/pdxinjurylaw.com\/#website","url":"https:\/\/pdxinjurylaw.com\/","name":"PDX Ley de Lesiones","description":"","publisher":{"@id":"https:\/\/pdxinjurylaw.com\/#organization"},"potentialAction":[{"@type":"SearchAction","target":{"@type":"EntryPoint","urlTemplate":"https:\/\/pdxinjurylaw.com\/?s={search_term_string}"},"query-input":{"@type":"PropertyValueSpecification","valueRequired":true,"valueName":"search_term_string"}}],"inLanguage":"es"},{"@type":"Organization","@id":"https:\/\/pdxinjurylaw.com\/#organization","name":"PDX Ley de Lesiones","url":"https:\/\/pdxinjurylaw.com\/","logo":{"@type":"ImageObject","inLanguage":"es","@id":"https:\/\/pdxinjurylaw.com\/#\/schema\/logo\/image\/","url":"https:\/\/530710ec99.nxcli.io\/wp-content\/uploads\/2021\/06\/logo-main.png","contentUrl":"https:\/\/530710ec99.nxcli.io\/wp-content\/uploads\/2021\/06\/logo-main.png","width":368,"height":63,"caption":"PDX Injury Law"},"image":{"@id":"https:\/\/pdxinjurylaw.com\/#\/schema\/logo\/image\/"}}]}},"acf":[],"_links":{"self":[{"href":"https:\/\/pdxinjurylaw.com\/es\/wp-json\/wp\/v2\/pages\/65221","targetHints":{"allow":["GET"]}}],"collection":[{"href":"https:\/\/pdxinjurylaw.com\/es\/wp-json\/wp\/v2\/pages"}],"about":[{"href":"https:\/\/pdxinjurylaw.com\/es\/wp-json\/wp\/v2\/types\/page"}],"author":[{"embeddable":true,"href":"https:\/\/pdxinjurylaw.com\/es\/wp-json\/wp\/v2\/users\/7"}],"replies":[{"embeddable":true,"href":"https:\/\/pdxinjurylaw.com\/es\/wp-json\/wp\/v2\/comments?post=65221"}],"version-history":[{"count":0,"href":"https:\/\/pdxinjurylaw.com\/es\/wp-json\/wp\/v2\/pages\/65221\/revisions"}],"wp:attachment":[{"href":"https:\/\/pdxinjurylaw.com\/es\/wp-json\/wp\/v2\/media?parent=65221"}],"curies":[{"name":"wp","href":"https:\/\/api.w.org\/{rel}","templated":true}]}}