{"id":65219,"date":"2021-08-10T02:31:10","date_gmt":"2021-08-10T02:31:10","guid":{"rendered":"https:\/\/pdxinjurylaw.com\/?page_id=65219"},"modified":"2021-09-07T17:48:09","modified_gmt":"2021-09-07T17:48:09","slug":"vancouver-wa-motorcycle-accident-lawyer","status":"publish","type":"page","link":"https:\/\/pdxinjurylaw.com\/es\/vancouver-wa-motorcycle-accident-lawyer\/","title":{"rendered":"Vancouver, WA Abogado de Accidente de Motocicleta"},"content":{"rendered":"<p>Los accidentes de motocicleta en Vancouver, WA pueden tener consecuencias devastadoras. Las colisiones entre una motocicleta y un coche de pasajeros a menudo resultan en lesiones graves, a veces potencialmente mortales que requieren atenci\u00f3n m\u00e9dica extensa, lo que lleva a miles de d\u00f3lares en gastos m\u00e9dicos, salarios perdidos, da\u00f1os a la propiedad, y mucho m\u00e1s. Si usted resulta lesionado en una colisi\u00f3n de motocicleta, puede tener derecho a una compensaci\u00f3n econ\u00f3mica - y la <a href=\"\/es\/vancouver-wa-personal-injury-lawyer\/\">Vancouver, WA lesiones personales <\/a>abogados en DuBois Law Group puede ayudar.<\/p>\n<h2>Por qu\u00e9 elegirnos<\/h2>\n<ul>\n<li>Nuestros abogados de accidentes de motocicleta en Vancouver, WA han ayudado a cientos de clientes a asegurar millones de d\u00f3lares en compensaci\u00f3n. Vamos a abogar agresivamente por su m\u00e1xima recuperaci\u00f3n posible.<\/li>\n<li>Contamos con un departamento m\u00e9dico independiente para poner a nuestros clientes en contacto con el tratamiento que necesitan. Nuestro personal le recomendar\u00e1 incluso especialistas, como quiropr\u00e1cticos y cirujanos ortop\u00e9dicos.<\/li>\n<li>Nuestra firma de abogados de accidentes de motocicleta toma un peque\u00f1o n\u00famero de casos a la vez, lo que nos permite ofrecer a cada uno de nuestros clientes con la atenci\u00f3n personalizada y la comunicaci\u00f3n directa que se merecen.<\/li>\n<\/ul>\n<h2>C\u00f3mo probar una reclamaci\u00f3n por accidente de motocicleta en Washington<\/h2>\n<p>Washington es un estado de accidente de culpa, lo que significa que los conductores negligentes deben pagar por los da\u00f1os de sus v\u00edctimas en cualquier accidente que causan-incluyendo colisiones de motocicletas. Si usted es herido por un conductor culpable, usted podr\u00eda presentar una reclamaci\u00f3n de seguro o una demanda contra \u00e9l o ella. Sin embargo, tendr\u00e1 que demostrar que sus acciones causaron el accidente de motocicleta con el fin de obtener una indemnizaci\u00f3n.<\/p>\n<p>En concreto, tendr\u00e1 que reunir pruebas suficientes para demostrar cuatro hechos clave.<\/p>\n<ul>\n<li>El conductor le deb\u00eda un deber de cuidado.<\/li>\n<li>El conductor incumpli\u00f3 su deber de diligencia.<\/li>\n<li>El incumplimiento del deber caus\u00f3 su accidente.<\/li>\n<li>Ha sufrido da\u00f1os en el accidente.<\/li>\n<\/ul>\n<p>Afortunadamente, el abogado de accidente de motocicleta de DuBois Law Group puede ayudarle a reunir las pruebas necesarias para elaborar una demanda convincente.<\/p>\n<h2>Qu\u00e9 hacer despu\u00e9s de un accidente de motocicleta Vancouver, WA<\/h2>\n<p>Los momentos posteriores a un accidente de moto pueden ser muy aterradores. Usted puede preguntarse qu\u00e9 tan graves son sus lesiones y estar preocupado por su seguridad y el bienestar de los que le rodean. Sin embargo, es importante tomar medidas cuidadosas despu\u00e9s del accidente para protegerse y proteger su derecho a una indemnizaci\u00f3n.<\/p>\n<ul>\n<li>Primero, <strong>llama al 911.<\/strong> Esto har\u00e1 que acudan al lugar de los hechos las fuerzas del orden y los servicios m\u00e9dicos de urgencia. Si es posible, habla con el agente que te atienda y recaba su informaci\u00f3n. El agente elaborar\u00e1 un informe policial que podr\u00e1s utilizar para probar tu caso.<\/li>\n<li>Siguiente,<strong> buscar atenci\u00f3n m\u00e9dica<\/strong>. Sus lesiones pueden requerir un tratamiento r\u00e1pido, y es importante buscar ayuda lo antes posible. Guarde todos los documentos relacionados con su accidente de moto y sus lesiones.<\/li>\n<li>Si puede desplazarse por el accidente sin sufrir m\u00e1s lesiones,<strong> pruebas documentales<\/strong>. Haz fotograf\u00edas del accidente, de tus lesiones y de los da\u00f1os materiales. Pide a los testigos de la zona sus datos de contacto.<\/li>\n<li><strong>Intercambiar datos de contacto, licencia y seguro<\/strong> con el otro conductor. Sea breve y no haga declaraciones sobre el accidente o las lesiones, ya que esta informaci\u00f3n podr\u00eda utilizarse en su contra.<\/li>\n<\/ul>\n<p>Una vez que reciba tratamiento para sus lesiones, hable con un abogado de accidente de motocicleta en Vancouver, WA de DuBois Law Firm tan pronto como sea posible. No hable con ning\u00fan representante de seguros o el conductor culpable antes de consultar con un abogado.<\/p>\n<h2>P\u00f3ngase en contacto con DuBois Law Group<\/h2>\n<p>Si usted se lesiona en un accidente de motocicleta en Vancouver, WA, usted merece una indemnizaci\u00f3n completa del conductor culpable. Los abogados de accidentes de motocicleta en DuBois Law Group pueden ayudarle a hacerlo responsable. <a href=\"\/es\/contact-us\/\">P\u00f3ngase en contacto con nosotros<\/a> hoy para programar una consulta gratuita de su caso y aprender m\u00e1s acerca de sus opciones legales. (503) 222-4411<\/p>","protected":false},"excerpt":{"rendered":"<p>Motorcycle accidents in Vancouver, WA can lead to devastating consequences. Collisions between a motorcycle and a passenger car often result in serious, sometimes life-threatening injuries that require extensive medical care, leading to thousands of dollars in medical expenses, lost wages, property damage, and more. If you are injured in a motorcycle collision, you may be&#8230; <a class=\"fancy_link\" href=\"https:\/\/pdxinjurylaw.com\/es\/vancouver-wa-motorcycle-accident-lawyer\/\">leer m\u00e1s<\/a><\/p>","protected":false},"author":7,"featured_media":0,"parent":0,"menu_order":0,"comment_status":"closed","ping_status":"closed","template":"","meta":{"footnotes":"","_content_optimizer_report_url":"","_content_optimizer_report_added":"","_content_optimizer_keyword_hide_used":false,"_content_optimizer_keyword_hide_above_average":false,"_content_optimizer_entities_hide_used":false,"_content_optimizer_entities_hide_above_average":false,"_content_optimizer_headings_hide_used":false,"_content_optimizer_questions_hide_used":false,"_content_optimizer_tab_active":"","_content_optimizer_report_url_ce":"","_content_optimizer_report_added_ce":"","_content_optimizer_keyword_hide_used_ce":false,"_content_optimizer_keyword_hide_above_average_ce":false,"_content_optimizer_entities_hide_used_ce":false,"_content_optimizer_entities_hide_above_average_ce":false,"_content_optimizer_headings_hide_used_ce":false,"_content_optimizer_questions_hide_used_ce":false,"_content_optimizer_tab_active_ce":""},"class_list":["post-65219","page","type-page","status-publish","hentry"],"yoast_head":"<!-- This site is optimized with the Yoast SEO plugin v27.5 - https:\/\/yoast.com\/product\/yoast-seo-wordpress\/ -->\n<title>Vancouver, WA Motorcycle Accident Attorney<\/title>\n<meta name=\"description\" content=\"Involved in a motorcycle accident in Vancouver? Call our specialized lawyers at DuBois Law Group (503) 222-4411 for a FREE consultation.\" \/>\n<meta name=\"robots\" content=\"index, follow, max-snippet:-1, max-image-preview:large, max-video-preview:-1\" \/>\n<link rel=\"canonical\" href=\"https:\/\/pdxinjurylaw.com\/es\/vancouver-wa-motorcycle-accident-lawyer\/\" \/>\n<meta property=\"og:locale\" content=\"es_MX\" \/>\n<meta property=\"og:type\" content=\"article\" \/>\n<meta property=\"og:title\" content=\"Vancouver, WA Motorcycle Accident Attorney\" \/>\n<meta property=\"og:description\" content=\"Involved in a motorcycle accident in Vancouver? Call our specialized lawyers at DuBois Law Group (503) 222-4411 for a FREE consultation.\" \/>\n<meta property=\"og:url\" content=\"https:\/\/pdxinjurylaw.com\/es\/vancouver-wa-motorcycle-accident-lawyer\/\" \/>\n<meta property=\"og:site_name\" content=\"PDX Injury Law\" \/>\n<meta property=\"article:modified_time\" content=\"2021-09-07T17:48:09+00:00\" \/>\n<meta name=\"twitter:card\" content=\"summary_large_image\" \/>\n<meta name=\"twitter:label1\" content=\"Tiempo de lectura\" \/>\n\t<meta name=\"twitter:data1\" content=\"3 minutos\" \/>\n<script type=\"application\/ld+json\" class=\"yoast-schema-graph\">{\"@context\":\"https:\\\/\\\/schema.org\",\"@graph\":[{\"@type\":\"WebPage\",\"@id\":\"https:\\\/\\\/pdxinjurylaw.com\\\/vancouver-wa-motorcycle-accident-lawyer\\\/\",\"url\":\"https:\\\/\\\/pdxinjurylaw.com\\\/vancouver-wa-motorcycle-accident-lawyer\\\/\",\"name\":\"Vancouver, WA Motorcycle Accident Attorney\",\"isPartOf\":{\"@id\":\"https:\\\/\\\/pdxinjurylaw.com\\\/#website\"},\"datePublished\":\"2021-08-10T02:31:10+00:00\",\"dateModified\":\"2021-09-07T17:48:09+00:00\",\"description\":\"Involved in a motorcycle accident in Vancouver? Call our specialized lawyers at DuBois Law Group (503) 222-4411 for a FREE consultation.\",\"breadcrumb\":{\"@id\":\"https:\\\/\\\/pdxinjurylaw.com\\\/vancouver-wa-motorcycle-accident-lawyer\\\/#breadcrumb\"},\"inLanguage\":\"es\",\"potentialAction\":[{\"@type\":\"ReadAction\",\"target\":[\"https:\\\/\\\/pdxinjurylaw.com\\\/vancouver-wa-motorcycle-accident-lawyer\\\/\"]}]},{\"@type\":\"BreadcrumbList\",\"@id\":\"https:\\\/\\\/pdxinjurylaw.com\\\/vancouver-wa-motorcycle-accident-lawyer\\\/#breadcrumb\",\"itemListElement\":[{\"@type\":\"ListItem\",\"position\":1,\"name\":\"Home\",\"item\":\"https:\\\/\\\/pdxinjurylaw.com\\\/\"},{\"@type\":\"ListItem\",\"position\":2,\"name\":\"Vancouver, WA Motorcycle Accident Lawyer\"}]},{\"@type\":\"WebSite\",\"@id\":\"https:\\\/\\\/pdxinjurylaw.com\\\/#website\",\"url\":\"https:\\\/\\\/pdxinjurylaw.com\\\/\",\"name\":\"PDX Injury Law\",\"description\":\"\",\"publisher\":{\"@id\":\"https:\\\/\\\/pdxinjurylaw.com\\\/#organization\"},\"potentialAction\":[{\"@type\":\"SearchAction\",\"target\":{\"@type\":\"EntryPoint\",\"urlTemplate\":\"https:\\\/\\\/pdxinjurylaw.com\\\/?s={search_term_string}\"},\"query-input\":{\"@type\":\"PropertyValueSpecification\",\"valueRequired\":true,\"valueName\":\"search_term_string\"}}],\"inLanguage\":\"es\"},{\"@type\":\"Organization\",\"@id\":\"https:\\\/\\\/pdxinjurylaw.com\\\/#organization\",\"name\":\"PDX Injury Law\",\"url\":\"https:\\\/\\\/pdxinjurylaw.com\\\/\",\"logo\":{\"@type\":\"ImageObject\",\"inLanguage\":\"es\",\"@id\":\"https:\\\/\\\/pdxinjurylaw.com\\\/#\\\/schema\\\/logo\\\/image\\\/\",\"url\":\"https:\\\/\\\/530710ec99.nxcli.io\\\/wp-content\\\/uploads\\\/2021\\\/06\\\/logo-main.png\",\"contentUrl\":\"https:\\\/\\\/530710ec99.nxcli.io\\\/wp-content\\\/uploads\\\/2021\\\/06\\\/logo-main.png\",\"width\":368,\"height\":63,\"caption\":\"PDX Injury Law\"},\"image\":{\"@id\":\"https:\\\/\\\/pdxinjurylaw.com\\\/#\\\/schema\\\/logo\\\/image\\\/\"}}]}<\/script>\n<!-- \/ Yoast SEO plugin. -->","yoast_head_json":{"title":"Vancouver, WA Motorcycle Accident Attorney","description":"Involved in a motorcycle accident in Vancouver? Call our specialized lawyers at DuBois Law Group (503) 222-4411 for a FREE consultation.","robots":{"index":"index","follow":"follow","max-snippet":"max-snippet:-1","max-image-preview":"max-image-preview:large","max-video-preview":"max-video-preview:-1"},"canonical":"https:\/\/pdxinjurylaw.com\/es\/vancouver-wa-motorcycle-accident-lawyer\/","og_locale":"es_MX","og_type":"article","og_title":"Vancouver, WA Motorcycle Accident Attorney","og_description":"Involved in a motorcycle accident in Vancouver? Call our specialized lawyers at DuBois Law Group (503) 222-4411 for a FREE consultation.","og_url":"https:\/\/pdxinjurylaw.com\/es\/vancouver-wa-motorcycle-accident-lawyer\/","og_site_name":"PDX Injury Law","article_modified_time":"2021-09-07T17:48:09+00:00","twitter_card":"summary_large_image","twitter_misc":{"Tiempo de lectura":"3 minutos"},"schema":{"@context":"https:\/\/schema.org","@graph":[{"@type":"WebPage","@id":"https:\/\/pdxinjurylaw.com\/vancouver-wa-motorcycle-accident-lawyer\/","url":"https:\/\/pdxinjurylaw.com\/vancouver-wa-motorcycle-accident-lawyer\/","name":"Vancouver, WA Motorcycle Accident Attorney","isPartOf":{"@id":"https:\/\/pdxinjurylaw.com\/#website"},"datePublished":"2021-08-10T02:31:10+00:00","dateModified":"2021-09-07T17:48:09+00:00","description":"Involved in a motorcycle accident in Vancouver? Call our specialized lawyers at DuBois Law Group (503) 222-4411 for a FREE consultation.","breadcrumb":{"@id":"https:\/\/pdxinjurylaw.com\/vancouver-wa-motorcycle-accident-lawyer\/#breadcrumb"},"inLanguage":"es","potentialAction":[{"@type":"ReadAction","target":["https:\/\/pdxinjurylaw.com\/vancouver-wa-motorcycle-accident-lawyer\/"]}]},{"@type":"BreadcrumbList","@id":"https:\/\/pdxinjurylaw.com\/vancouver-wa-motorcycle-accident-lawyer\/#breadcrumb","itemListElement":[{"@type":"ListItem","position":1,"name":"Home","item":"https:\/\/pdxinjurylaw.com\/"},{"@type":"ListItem","position":2,"name":"Vancouver, WA Motorcycle Accident Lawyer"}]},{"@type":"WebSite","@id":"https:\/\/pdxinjurylaw.com\/#website","url":"https:\/\/pdxinjurylaw.com\/","name":"PDX Ley de Lesiones","description":"","publisher":{"@id":"https:\/\/pdxinjurylaw.com\/#organization"},"potentialAction":[{"@type":"SearchAction","target":{"@type":"EntryPoint","urlTemplate":"https:\/\/pdxinjurylaw.com\/?s={search_term_string}"},"query-input":{"@type":"PropertyValueSpecification","valueRequired":true,"valueName":"search_term_string"}}],"inLanguage":"es"},{"@type":"Organization","@id":"https:\/\/pdxinjurylaw.com\/#organization","name":"PDX Ley de Lesiones","url":"https:\/\/pdxinjurylaw.com\/","logo":{"@type":"ImageObject","inLanguage":"es","@id":"https:\/\/pdxinjurylaw.com\/#\/schema\/logo\/image\/","url":"https:\/\/530710ec99.nxcli.io\/wp-content\/uploads\/2021\/06\/logo-main.png","contentUrl":"https:\/\/530710ec99.nxcli.io\/wp-content\/uploads\/2021\/06\/logo-main.png","width":368,"height":63,"caption":"PDX Injury Law"},"image":{"@id":"https:\/\/pdxinjurylaw.com\/#\/schema\/logo\/image\/"}}]}},"acf":[],"_links":{"self":[{"href":"https:\/\/pdxinjurylaw.com\/es\/wp-json\/wp\/v2\/pages\/65219","targetHints":{"allow":["GET"]}}],"collection":[{"href":"https:\/\/pdxinjurylaw.com\/es\/wp-json\/wp\/v2\/pages"}],"about":[{"href":"https:\/\/pdxinjurylaw.com\/es\/wp-json\/wp\/v2\/types\/page"}],"author":[{"embeddable":true,"href":"https:\/\/pdxinjurylaw.com\/es\/wp-json\/wp\/v2\/users\/7"}],"replies":[{"embeddable":true,"href":"https:\/\/pdxinjurylaw.com\/es\/wp-json\/wp\/v2\/comments?post=65219"}],"version-history":[{"count":0,"href":"https:\/\/pdxinjurylaw.com\/es\/wp-json\/wp\/v2\/pages\/65219\/revisions"}],"wp:attachment":[{"href":"https:\/\/pdxinjurylaw.com\/es\/wp-json\/wp\/v2\/media?parent=65219"}],"curies":[{"name":"wp","href":"https:\/\/api.w.org\/{rel}","templated":true}]}}