{"id":65215,"date":"2021-08-10T02:29:32","date_gmt":"2021-08-10T02:29:32","guid":{"rendered":"https:\/\/pdxinjurylaw.com\/?page_id=65215"},"modified":"2021-09-07T17:36:43","modified_gmt":"2021-09-07T17:36:43","slug":"vancouver-wa-truck-accident-lawyer","status":"publish","type":"page","link":"https:\/\/pdxinjurylaw.com\/es\/vancouver-wa-truck-accident-lawyer\/","title":{"rendered":"Vancouver, WA Abogado de Accidente de Cami\u00f3n"},"content":{"rendered":"<p>Los conductores de camiones son responsables de operar veh\u00edculos grandes y pesados, y deben adherirse a regulaciones estrictas para mantenerse a s\u00ed mismos y a otros conductores seguros en la carretera. Desafortunadamente, no todos los conductores siguen estas reglas, lo que lleva a accidentes graves y catastr\u00f3ficos que resultan en consecuencias devastadoras.<\/p>\n<p>Si usted se lesiona en un accidente de este tipo, usted tiene el derecho de presentar una demanda contra el conductor del cami\u00f3n y su empleador-y los abogados de accidentes de camiones en Vancouver, WA de DuBois Law Group pueden ayudar. Nuestros abogados de accidentes de camiones pueden representarlo en su reclamo y luchar por su derecho a la compensaci\u00f3n m\u00e1xima.<\/p>\n<h2>Por qu\u00e9 elegirnos<\/h2>\n<ul>\n<li>Nuestra <a href=\"\/es\/meet-the-team\/\">abogados<\/a> tienen un s\u00f3lido historial de acuerdos exitosos por lesiones personales y veredictos de jurados, recuperando millones de d\u00f3lares en nombre de nuestros clientes.<\/li>\n<li>Combinamos el poder de un gran bufete con la dedicaci\u00f3n y la atenci\u00f3n personalizada de un bufete peque\u00f1o. Aprovecharemos nuestra experiencia, habilidades y recursos para elaborar un caso convincente a su favor.<\/li>\n<li>Nuestro departamento m\u00e9dico cuenta con profesionales sanitarios que pueden ponerle en contacto con el tratamiento y los especialistas que necesita para recuperarse de sus lesiones.<\/li>\n<\/ul>\n<h2>Causas comunes de los accidentes de cami\u00f3n<\/h2>\n<p>Los accidentes de cami\u00f3n pueden ocurrir por varias razones. Las malas condiciones meteorol\u00f3gicas, las carreteras peligrosas y la baja visibilidad pueden provocar estos accidentes. Algunos choques ocurren debido a partes peligrosas o defectuosas del veh\u00edculo que funcionan mal en la carretera. En muchos casos, las conductas negligentes al volante contribuyen a estas colisiones, como las siguientes.<\/p>\n<ul>\n<li><a href=\"\/es\/vancouver-wa-drunk-driving-attorney\/\">Conducir bajo los efectos del alcohol<\/a> de alcohol o drogas<\/li>\n<li>Conducci\u00f3n con somnolencia o fatiga<\/li>\n<li>Cambiar de carril sin comprobar los \u00e1ngulos muertos<\/li>\n<li>Conducir por encima del l\u00edmite de velocidad<\/li>\n<li>Conducci\u00f3n distra\u00edda<\/li>\n<li>Saltarse un sem\u00e1foro en rojo o una se\u00f1al de stop<\/li>\n<li>Seguir demasiado de cerca, tambi\u00e9n conocido como tailgating<\/li>\n<\/ul>\n<p>Los camioneros y sus empleadores tambi\u00e9n deben cumplir estrictas normas federales y estatales de transporte por carretera. En algunos casos, las empresas de transporte no siguen estas reglas, lo que lleva a condiciones de trabajo peligrosas y veh\u00edculos inseguros. Ejemplos de negligencia de las empresas de transporte por carretera son los siguientes.<\/p>\n<ul>\n<li>Contratar a conductores sin licencia o sin formaci\u00f3n<\/li>\n<li>Animar a los conductores a incumplir la normativa sobre horas de servicio<\/li>\n<li>Carga incorrecta<\/li>\n<li>Falta de inspecci\u00f3n o mantenimiento de los veh\u00edculos<\/li>\n<\/ul>\n<p>Identificar la causa de su accidente de cami\u00f3n es muy importante. Al saber qui\u00e9n fue el responsable del accidente, puede identificar a la parte culpable en su demanda y presentar la acci\u00f3n legal correspondiente. En <a href=\"\/es\/vancouver-wa-personal-injury-lawyer\/\">Vancouver, WA abogados de lesiones personales abogados<\/a> en DuBois Law Group puede investigar su accidente y ayudarle a determinar qui\u00e9n tuvo la culpa.<\/p>\n<h2>Qu\u00e9 hacer despu\u00e9s de un accidente de cami\u00f3n en Vancouver, WA<\/h2>\n<p>Si usted se lesiona en un accidente de cami\u00f3n en Vancouver, WA, es importante mantener la calma y buscar ayuda tan pronto como sea posible. Tome las siguientes medidas despu\u00e9s de la colisi\u00f3n para protegerse y proteger su derecho a una indemnizaci\u00f3n.<\/p>\n<ul>\n<li><strong>Llama al 911<\/strong> lo antes posible e informe del accidente a las fuerzas de seguridad.<\/li>\n<li><strong>Busque atenci\u00f3n m\u00e9dica de urgencia<\/strong>aunque no se sienta herido.<\/li>\n<li><strong>Documentar la escena<\/strong>. Si es posible, tome fotograf\u00edas de sus lesiones, del lugar del accidente y de los da\u00f1os materiales.<\/li>\n<li><strong>Intercambiar informaci\u00f3n de contacto<\/strong> con cualquier testigo de la zona.<\/li>\n<li><strong>Intercambiar datos de contacto y del seguro<\/strong> con el conductor culpable y sea breve.<\/li>\n<li><strong>P\u00f3ngase en contacto con un abogado de Vancouver, WA <\/strong>en DuBois Law Group tan pronto como sea posible para discutir su caso y opciones legales.<\/li>\n<\/ul>\n<h2>P\u00f3ngase en contacto con DuBois Law Group<\/h2>\n<p>Las lesiones por accidentes de camiones pueden perturbar gravemente su vida, dando lugar a grandes gastos m\u00e9dicos, trauma emocional y discapacidades permanentes. En estas situaciones, usted puede responsabilizar al conductor por sus lesiones - y los abogados de accidentes de camiones en Vancouver, WA de DuBois Law Group pueden ayudar. <a href=\"\/es\/contact-us\/\">P\u00f3ngase en contacto con nosotros<\/a> hoy para programar una consulta gratuita y aprender m\u00e1s acerca de sus opciones legales. (503) 222-4411<\/p>","protected":false},"excerpt":{"rendered":"<p>Truck drivers are responsible for operating large, heavy-duty vehicles, and must adhere to strict regulations to keep themselves and other drivers safe on the road. Unfortunately, not all drivers follow these rules, leading to serious, catastrophic accidents that result in devastating consequences. If you are injured in such an accident, you have the right to&#8230; <a class=\"fancy_link\" href=\"https:\/\/pdxinjurylaw.com\/es\/vancouver-wa-truck-accident-lawyer\/\">leer m\u00e1s<\/a><\/p>","protected":false},"author":7,"featured_media":0,"parent":0,"menu_order":0,"comment_status":"closed","ping_status":"closed","template":"","meta":{"footnotes":"","_content_optimizer_report_url":"","_content_optimizer_report_added":"","_content_optimizer_keyword_hide_used":false,"_content_optimizer_keyword_hide_above_average":false,"_content_optimizer_entities_hide_used":false,"_content_optimizer_entities_hide_above_average":false,"_content_optimizer_headings_hide_used":false,"_content_optimizer_questions_hide_used":false,"_content_optimizer_tab_active":"","_content_optimizer_report_url_ce":"","_content_optimizer_report_added_ce":"","_content_optimizer_keyword_hide_used_ce":false,"_content_optimizer_keyword_hide_above_average_ce":false,"_content_optimizer_entities_hide_used_ce":false,"_content_optimizer_entities_hide_above_average_ce":false,"_content_optimizer_headings_hide_used_ce":false,"_content_optimizer_questions_hide_used_ce":false,"_content_optimizer_tab_active_ce":""},"class_list":["post-65215","page","type-page","status-publish","hentry"],"yoast_head":"<!-- This site is optimized with the Yoast SEO plugin v27.5 - https:\/\/yoast.com\/product\/yoast-seo-wordpress\/ -->\n<title>Vancouver, WA Truck Accident Lawyer<\/title>\n<meta name=\"description\" content=\"Have you been involved in a truck accident in Vancouver? Our lawyers at DuBois Law Group are here to help. Call (503) 222-4411 for a FREE consultation.\" \/>\n<meta name=\"robots\" content=\"index, follow, max-snippet:-1, max-image-preview:large, max-video-preview:-1\" \/>\n<link rel=\"canonical\" href=\"https:\/\/pdxinjurylaw.com\/es\/vancouver-wa-truck-accident-lawyer\/\" \/>\n<meta property=\"og:locale\" content=\"es_MX\" \/>\n<meta property=\"og:type\" content=\"article\" \/>\n<meta property=\"og:title\" content=\"Vancouver, WA Truck Accident Lawyer\" \/>\n<meta property=\"og:description\" content=\"Have you been involved in a truck accident in Vancouver? Our lawyers at DuBois Law Group are here to help. Call (503) 222-4411 for a FREE consultation.\" \/>\n<meta property=\"og:url\" content=\"https:\/\/pdxinjurylaw.com\/es\/vancouver-wa-truck-accident-lawyer\/\" \/>\n<meta property=\"og:site_name\" content=\"PDX Injury Law\" \/>\n<meta property=\"article:modified_time\" content=\"2021-09-07T17:36:43+00:00\" \/>\n<meta name=\"twitter:card\" content=\"summary_large_image\" \/>\n<meta name=\"twitter:label1\" content=\"Tiempo de lectura\" \/>\n\t<meta name=\"twitter:data1\" content=\"3 minutos\" \/>\n<script type=\"application\/ld+json\" class=\"yoast-schema-graph\">{\"@context\":\"https:\\\/\\\/schema.org\",\"@graph\":[{\"@type\":\"WebPage\",\"@id\":\"https:\\\/\\\/pdxinjurylaw.com\\\/vancouver-wa-truck-accident-lawyer\\\/\",\"url\":\"https:\\\/\\\/pdxinjurylaw.com\\\/vancouver-wa-truck-accident-lawyer\\\/\",\"name\":\"Vancouver, WA Truck Accident Lawyer\",\"isPartOf\":{\"@id\":\"https:\\\/\\\/pdxinjurylaw.com\\\/#website\"},\"datePublished\":\"2021-08-10T02:29:32+00:00\",\"dateModified\":\"2021-09-07T17:36:43+00:00\",\"description\":\"Have you been involved in a truck accident in Vancouver? Our lawyers at DuBois Law Group are here to help. Call (503) 222-4411 for a FREE consultation.\",\"breadcrumb\":{\"@id\":\"https:\\\/\\\/pdxinjurylaw.com\\\/vancouver-wa-truck-accident-lawyer\\\/#breadcrumb\"},\"inLanguage\":\"es\",\"potentialAction\":[{\"@type\":\"ReadAction\",\"target\":[\"https:\\\/\\\/pdxinjurylaw.com\\\/vancouver-wa-truck-accident-lawyer\\\/\"]}]},{\"@type\":\"BreadcrumbList\",\"@id\":\"https:\\\/\\\/pdxinjurylaw.com\\\/vancouver-wa-truck-accident-lawyer\\\/#breadcrumb\",\"itemListElement\":[{\"@type\":\"ListItem\",\"position\":1,\"name\":\"Home\",\"item\":\"https:\\\/\\\/pdxinjurylaw.com\\\/\"},{\"@type\":\"ListItem\",\"position\":2,\"name\":\"Vancouver, WA Truck Accident Attorney\"}]},{\"@type\":\"WebSite\",\"@id\":\"https:\\\/\\\/pdxinjurylaw.com\\\/#website\",\"url\":\"https:\\\/\\\/pdxinjurylaw.com\\\/\",\"name\":\"PDX Injury Law\",\"description\":\"\",\"publisher\":{\"@id\":\"https:\\\/\\\/pdxinjurylaw.com\\\/#organization\"},\"potentialAction\":[{\"@type\":\"SearchAction\",\"target\":{\"@type\":\"EntryPoint\",\"urlTemplate\":\"https:\\\/\\\/pdxinjurylaw.com\\\/?s={search_term_string}\"},\"query-input\":{\"@type\":\"PropertyValueSpecification\",\"valueRequired\":true,\"valueName\":\"search_term_string\"}}],\"inLanguage\":\"es\"},{\"@type\":\"Organization\",\"@id\":\"https:\\\/\\\/pdxinjurylaw.com\\\/#organization\",\"name\":\"PDX Injury Law\",\"url\":\"https:\\\/\\\/pdxinjurylaw.com\\\/\",\"logo\":{\"@type\":\"ImageObject\",\"inLanguage\":\"es\",\"@id\":\"https:\\\/\\\/pdxinjurylaw.com\\\/#\\\/schema\\\/logo\\\/image\\\/\",\"url\":\"https:\\\/\\\/530710ec99.nxcli.io\\\/wp-content\\\/uploads\\\/2021\\\/06\\\/logo-main.png\",\"contentUrl\":\"https:\\\/\\\/530710ec99.nxcli.io\\\/wp-content\\\/uploads\\\/2021\\\/06\\\/logo-main.png\",\"width\":368,\"height\":63,\"caption\":\"PDX Injury Law\"},\"image\":{\"@id\":\"https:\\\/\\\/pdxinjurylaw.com\\\/#\\\/schema\\\/logo\\\/image\\\/\"}}]}<\/script>\n<!-- \/ Yoast SEO plugin. -->","yoast_head_json":{"title":"Vancouver, WA Truck Accident Lawyer","description":"Have you been involved in a truck accident in Vancouver? Our lawyers at DuBois Law Group are here to help. Call (503) 222-4411 for a FREE consultation.","robots":{"index":"index","follow":"follow","max-snippet":"max-snippet:-1","max-image-preview":"max-image-preview:large","max-video-preview":"max-video-preview:-1"},"canonical":"https:\/\/pdxinjurylaw.com\/es\/vancouver-wa-truck-accident-lawyer\/","og_locale":"es_MX","og_type":"article","og_title":"Vancouver, WA Truck Accident Lawyer","og_description":"Have you been involved in a truck accident in Vancouver? Our lawyers at DuBois Law Group are here to help. Call (503) 222-4411 for a FREE consultation.","og_url":"https:\/\/pdxinjurylaw.com\/es\/vancouver-wa-truck-accident-lawyer\/","og_site_name":"PDX Injury Law","article_modified_time":"2021-09-07T17:36:43+00:00","twitter_card":"summary_large_image","twitter_misc":{"Tiempo de lectura":"3 minutos"},"schema":{"@context":"https:\/\/schema.org","@graph":[{"@type":"WebPage","@id":"https:\/\/pdxinjurylaw.com\/vancouver-wa-truck-accident-lawyer\/","url":"https:\/\/pdxinjurylaw.com\/vancouver-wa-truck-accident-lawyer\/","name":"Vancouver, WA Truck Accident Lawyer","isPartOf":{"@id":"https:\/\/pdxinjurylaw.com\/#website"},"datePublished":"2021-08-10T02:29:32+00:00","dateModified":"2021-09-07T17:36:43+00:00","description":"Have you been involved in a truck accident in Vancouver? Our lawyers at DuBois Law Group are here to help. Call (503) 222-4411 for a FREE consultation.","breadcrumb":{"@id":"https:\/\/pdxinjurylaw.com\/vancouver-wa-truck-accident-lawyer\/#breadcrumb"},"inLanguage":"es","potentialAction":[{"@type":"ReadAction","target":["https:\/\/pdxinjurylaw.com\/vancouver-wa-truck-accident-lawyer\/"]}]},{"@type":"BreadcrumbList","@id":"https:\/\/pdxinjurylaw.com\/vancouver-wa-truck-accident-lawyer\/#breadcrumb","itemListElement":[{"@type":"ListItem","position":1,"name":"Home","item":"https:\/\/pdxinjurylaw.com\/"},{"@type":"ListItem","position":2,"name":"Vancouver, WA Truck Accident Attorney"}]},{"@type":"WebSite","@id":"https:\/\/pdxinjurylaw.com\/#website","url":"https:\/\/pdxinjurylaw.com\/","name":"PDX Ley de Lesiones","description":"","publisher":{"@id":"https:\/\/pdxinjurylaw.com\/#organization"},"potentialAction":[{"@type":"SearchAction","target":{"@type":"EntryPoint","urlTemplate":"https:\/\/pdxinjurylaw.com\/?s={search_term_string}"},"query-input":{"@type":"PropertyValueSpecification","valueRequired":true,"valueName":"search_term_string"}}],"inLanguage":"es"},{"@type":"Organization","@id":"https:\/\/pdxinjurylaw.com\/#organization","name":"PDX Ley de Lesiones","url":"https:\/\/pdxinjurylaw.com\/","logo":{"@type":"ImageObject","inLanguage":"es","@id":"https:\/\/pdxinjurylaw.com\/#\/schema\/logo\/image\/","url":"https:\/\/530710ec99.nxcli.io\/wp-content\/uploads\/2021\/06\/logo-main.png","contentUrl":"https:\/\/530710ec99.nxcli.io\/wp-content\/uploads\/2021\/06\/logo-main.png","width":368,"height":63,"caption":"PDX Injury Law"},"image":{"@id":"https:\/\/pdxinjurylaw.com\/#\/schema\/logo\/image\/"}}]}},"acf":[],"_links":{"self":[{"href":"https:\/\/pdxinjurylaw.com\/es\/wp-json\/wp\/v2\/pages\/65215","targetHints":{"allow":["GET"]}}],"collection":[{"href":"https:\/\/pdxinjurylaw.com\/es\/wp-json\/wp\/v2\/pages"}],"about":[{"href":"https:\/\/pdxinjurylaw.com\/es\/wp-json\/wp\/v2\/types\/page"}],"author":[{"embeddable":true,"href":"https:\/\/pdxinjurylaw.com\/es\/wp-json\/wp\/v2\/users\/7"}],"replies":[{"embeddable":true,"href":"https:\/\/pdxinjurylaw.com\/es\/wp-json\/wp\/v2\/comments?post=65215"}],"version-history":[{"count":0,"href":"https:\/\/pdxinjurylaw.com\/es\/wp-json\/wp\/v2\/pages\/65215\/revisions"}],"wp:attachment":[{"href":"https:\/\/pdxinjurylaw.com\/es\/wp-json\/wp\/v2\/media?parent=65215"}],"curies":[{"name":"wp","href":"https:\/\/api.w.org\/{rel}","templated":true}]}}