{"id":65213,"date":"2021-08-10T02:28:42","date_gmt":"2021-08-10T02:28:42","guid":{"rendered":"https:\/\/pdxinjurylaw.com\/?page_id=65213"},"modified":"2021-09-07T18:18:27","modified_gmt":"2021-09-07T18:18:27","slug":"vancouver-wa-car-accident-attorney","status":"publish","type":"page","link":"https:\/\/pdxinjurylaw.com\/es\/vancouver-wa-car-accident-attorney\/","title":{"rendered":"Vancouver, WA Abogado de Accidente de Coche"},"content":{"rendered":"<p>Cada d\u00eda, millones de conductores viajan por las carreteras de Washington. Aunque la mayor\u00eda de estos automovilistas siguen las leyes estatales de tr\u00e1fico y operar sus veh\u00edculos de forma segura, no todos los conductores mantener estos deberes, lo que lleva a graves colisiones. Si usted se lesiona en un accidente de coche, el <a href=\"\/es\/vancouver-wa-personal-injury-lawyer\/\">Vancouver, WA abogados de lesiones personales<\/a> en DuBois Law Group puede ayudarle a mantener el conductor culpable responsable y asegurar la compensaci\u00f3n que se merece.<\/p>\n<h2>Por qu\u00e9 elegirnos<\/h2>\n<ul>\n<li>Hemos recuperado millones de d\u00f3lares en nombre de nuestros clientes. Nuestros abogados de accidentes automovil\u00edsticos se dedican a lograr el m\u00e1ximo acuerdo en su reclamo.<\/li>\n<li>Nuestro bufete cobra honorarios de contingencia para una m\u00e1xima asequibilidad. S\u00f3lo cobraremos honorarios legales si conseguimos una indemnizaci\u00f3n en su nombre.<\/li>\n<li>Nuestro bufete cuenta con un departamento m\u00e9dico independiente para poner en contacto a nuestros clientes con el tratamiento que necesitan. Incluso podemos recomendar especialistas en funci\u00f3n de la naturaleza de sus lesiones.<\/li>\n<\/ul>\n<h2>Causas comunes de los accidentes de tr\u00e1fico<\/h2>\n<p>Los accidentes de coche pueden ocurrir por una variedad de razones, desde condiciones peligrosas de la carretera y piezas defectuosas del veh\u00edculo hasta comportamientos negligentes al volante e inclemencias del tiempo. Identificar la causa de su accidente de coche es importante; si las acciones de otra persona son responsables de su colisi\u00f3n, usted tiene el derecho de presentar una reclamaci\u00f3n de seguro o demanda contra \u00e9l o ella. \u00a1Aseg\u00farese de utilizar uno de nuestros abogados de accidente de coche de Vancouver, WA para ayudar!<\/p>\n<p>Algunas de las causas m\u00e1s comunes de accidentes de coche en Vancouver, WA son las siguientes.<\/p>\n<ul>\n<li>Conducir por encima del l\u00edmite de velocidad<\/li>\n<li><a href=\"\/es\/vancouver-wa-drunk-driving-attorney\/\">Conducci\u00f3n bajo los efectos del alcohol\u00a0<\/a><\/li>\n<li>Saltarse un sem\u00e1foro en rojo o una se\u00f1al de stop<\/li>\n<li>Conducir distra\u00eddo, como enviar mensajes de texto y conducir<\/li>\n<li>Cambiar de carril sin comprobar si vienen veh\u00edculos en sentido contrario.<\/li>\n<li>No ceder el paso a otro conductor<\/li>\n<li>Conducir con somnolencia<\/li>\n<li>Seguir demasiado de cerca, tambi\u00e9n conocido como tailgating<\/li>\n<\/ul>\n<h2>Leyes sobre accidentes de tr\u00e1fico en Washington<\/h2>\n<p>Washington, como la mayor\u00eda de los estados, sigue un sistema basado en la culpa cuando se trata de accidentes de tr\u00e1fico. Bajo las leyes de tr\u00e1fico del estado, los conductores que son responsables de las colisiones deben pagar por los da\u00f1os de las v\u00edctimas heridas en el accidente. Para mantener esta responsabilidad financiera, Washington requiere que todos los conductores tengan las siguientes cantidades de seguro de coche.<\/p>\n<ul>\n<li><strong>$25,000<\/strong> por lesiones o muerte de una persona por accidente<\/li>\n<li><strong>$50,000<\/strong> por lesiones totales o muerte de todas las personas por accidente<\/li>\n<li><strong>$10,000<\/strong> por da\u00f1os materiales por accidente<\/li>\n<\/ul>\n<p>Si lo desea, puede optar por un seguro de mayor cuant\u00eda. La mayor\u00eda de las reclamaciones por accidentes de tr\u00e1fico comienzan en la fase del seguro y progresan hasta una demanda si es necesario. Sin embargo, hay algunas circunstancias en las que la presentaci\u00f3n de una demanda puede estar en su mejor inter\u00e9s. P\u00f3ngase en contacto con uno de nuestros abogados de accidentes de coche en Vancouver, WA tan pronto como sea posible para discutir sus opciones legales.<\/p>\n<h2>Qu\u00e9 hacer despu\u00e9s de un accidente de coche Vancouver, WA<\/h2>\n<p>Los momentos posteriores a un accidente de tr\u00e1fico son cruciales para su futura reclamaci\u00f3n. Para proteger tu salud y tu derecho a una indemnizaci\u00f3n, sigue los siguientes pasos tras la colisi\u00f3n.<\/p>\n<ul>\n<li><strong>Llama al 911<\/strong> y presentar una denuncia a la polic\u00eda.<\/li>\n<li><strong>Busque atenci\u00f3n m\u00e9dica<\/strong> y guarda tus registros.<\/li>\n<li><strong>Tomar fotograf\u00eda<\/strong>s de sus lesiones, da\u00f1os a la propiedad, y la escena del accidente.<\/li>\n<li><strong>Intercambiar informaci\u00f3n<\/strong> con el conductor culpable y los testigos que haya en la zona.<\/li>\n<li><strong>P\u00f3ngase en contacto con un abogado de accidente de coche de Vancouver, WA<\/strong> para discutir su caso y sus opciones legales.<\/li>\n<li>No hable con ning\u00fan perito de seguros hasta que se ponga en contacto con un abogado.<\/li>\n<\/ul>\n<h2>P\u00f3ngase en contacto con DuBois Law Group<\/h2>\n<p>Si usted est\u00e1 involucrado en un accidente de coche causado por otro conductor, usted puede tener motivos para una reclamaci\u00f3n de seguro o demanda-y el Vancouver, WA abogados de accidentes de coche en DuBois Law Group puede ayudar. <a href=\"\/es\/contact-us\/\">P\u00f3ngase en contacto con nosotros<\/a> hoy para programar una consulta gratuita de su caso y discutir su camino \u00f3ptimo hacia la compensaci\u00f3n m\u00e1xima.<\/p>","protected":false},"excerpt":{"rendered":"<p>Every day, millions of drivers travel on Washington roads. Although the majority of these motorists follow state traffic laws and operate their vehicles safely, not all drivers uphold these duties\u2014leading to serious collisions. If you are injured in a car accident, the Vancouver, WA personal injury lawyers at DuBois Law Group can help you hold&#8230; <a class=\"fancy_link\" href=\"https:\/\/pdxinjurylaw.com\/es\/vancouver-wa-car-accident-attorney\/\">leer m\u00e1s<\/a><\/p>","protected":false},"author":7,"featured_media":0,"parent":0,"menu_order":0,"comment_status":"closed","ping_status":"closed","template":"","meta":{"footnotes":"","_content_optimizer_report_url":"","_content_optimizer_report_added":"","_content_optimizer_keyword_hide_used":false,"_content_optimizer_keyword_hide_above_average":false,"_content_optimizer_entities_hide_used":false,"_content_optimizer_entities_hide_above_average":false,"_content_optimizer_headings_hide_used":false,"_content_optimizer_questions_hide_used":false,"_content_optimizer_tab_active":"","_content_optimizer_report_url_ce":"","_content_optimizer_report_added_ce":"","_content_optimizer_keyword_hide_used_ce":false,"_content_optimizer_keyword_hide_above_average_ce":false,"_content_optimizer_entities_hide_used_ce":false,"_content_optimizer_entities_hide_above_average_ce":false,"_content_optimizer_headings_hide_used_ce":false,"_content_optimizer_questions_hide_used_ce":false,"_content_optimizer_tab_active_ce":""},"class_list":["post-65213","page","type-page","status-publish","hentry"],"yoast_head":"<!-- This site is optimized with the Yoast SEO plugin v27.5 - https:\/\/yoast.com\/product\/yoast-seo-wordpress\/ -->\n<title>Vancouver, WA Car Accident Lawyer<\/title>\n<meta name=\"description\" content=\"Need an attorney after a car accident? Our specialized lawyers at DuBois Law Group are here for you. Call (503) 222-4411 for a FREE consultation.\" \/>\n<meta name=\"robots\" content=\"index, follow, max-snippet:-1, max-image-preview:large, max-video-preview:-1\" \/>\n<link rel=\"canonical\" href=\"https:\/\/pdxinjurylaw.com\/es\/vancouver-wa-car-accident-attorney\/\" \/>\n<meta property=\"og:locale\" content=\"es_MX\" \/>\n<meta property=\"og:type\" content=\"article\" \/>\n<meta property=\"og:title\" content=\"Vancouver, WA Car Accident Lawyer\" \/>\n<meta property=\"og:description\" content=\"Need an attorney after a car accident? Our specialized lawyers at DuBois Law Group are here for you. Call (503) 222-4411 for a FREE consultation.\" \/>\n<meta property=\"og:url\" content=\"https:\/\/pdxinjurylaw.com\/es\/vancouver-wa-car-accident-attorney\/\" \/>\n<meta property=\"og:site_name\" content=\"PDX Injury Law\" \/>\n<meta property=\"article:modified_time\" content=\"2021-09-07T18:18:27+00:00\" \/>\n<meta name=\"twitter:card\" content=\"summary_large_image\" \/>\n<meta name=\"twitter:label1\" content=\"Tiempo de lectura\" \/>\n\t<meta name=\"twitter:data1\" content=\"3 minutos\" \/>\n<script type=\"application\/ld+json\" class=\"yoast-schema-graph\">{\"@context\":\"https:\\\/\\\/schema.org\",\"@graph\":[{\"@type\":\"WebPage\",\"@id\":\"https:\\\/\\\/pdxinjurylaw.com\\\/vancouver-wa-car-accident-attorney\\\/\",\"url\":\"https:\\\/\\\/pdxinjurylaw.com\\\/vancouver-wa-car-accident-attorney\\\/\",\"name\":\"Vancouver, WA Car Accident Lawyer\",\"isPartOf\":{\"@id\":\"https:\\\/\\\/pdxinjurylaw.com\\\/#website\"},\"datePublished\":\"2021-08-10T02:28:42+00:00\",\"dateModified\":\"2021-09-07T18:18:27+00:00\",\"description\":\"Need an attorney after a car accident? Our specialized lawyers at DuBois Law Group are here for you. Call (503) 222-4411 for a FREE consultation.\",\"breadcrumb\":{\"@id\":\"https:\\\/\\\/pdxinjurylaw.com\\\/vancouver-wa-car-accident-attorney\\\/#breadcrumb\"},\"inLanguage\":\"es\",\"potentialAction\":[{\"@type\":\"ReadAction\",\"target\":[\"https:\\\/\\\/pdxinjurylaw.com\\\/vancouver-wa-car-accident-attorney\\\/\"]}]},{\"@type\":\"BreadcrumbList\",\"@id\":\"https:\\\/\\\/pdxinjurylaw.com\\\/vancouver-wa-car-accident-attorney\\\/#breadcrumb\",\"itemListElement\":[{\"@type\":\"ListItem\",\"position\":1,\"name\":\"Home\",\"item\":\"https:\\\/\\\/pdxinjurylaw.com\\\/\"},{\"@type\":\"ListItem\",\"position\":2,\"name\":\"Vancouver, WA Car Accident Lawyer\"}]},{\"@type\":\"WebSite\",\"@id\":\"https:\\\/\\\/pdxinjurylaw.com\\\/#website\",\"url\":\"https:\\\/\\\/pdxinjurylaw.com\\\/\",\"name\":\"PDX Injury Law\",\"description\":\"\",\"publisher\":{\"@id\":\"https:\\\/\\\/pdxinjurylaw.com\\\/#organization\"},\"potentialAction\":[{\"@type\":\"SearchAction\",\"target\":{\"@type\":\"EntryPoint\",\"urlTemplate\":\"https:\\\/\\\/pdxinjurylaw.com\\\/?s={search_term_string}\"},\"query-input\":{\"@type\":\"PropertyValueSpecification\",\"valueRequired\":true,\"valueName\":\"search_term_string\"}}],\"inLanguage\":\"es\"},{\"@type\":\"Organization\",\"@id\":\"https:\\\/\\\/pdxinjurylaw.com\\\/#organization\",\"name\":\"PDX Injury Law\",\"url\":\"https:\\\/\\\/pdxinjurylaw.com\\\/\",\"logo\":{\"@type\":\"ImageObject\",\"inLanguage\":\"es\",\"@id\":\"https:\\\/\\\/pdxinjurylaw.com\\\/#\\\/schema\\\/logo\\\/image\\\/\",\"url\":\"https:\\\/\\\/530710ec99.nxcli.io\\\/wp-content\\\/uploads\\\/2021\\\/06\\\/logo-main.png\",\"contentUrl\":\"https:\\\/\\\/530710ec99.nxcli.io\\\/wp-content\\\/uploads\\\/2021\\\/06\\\/logo-main.png\",\"width\":368,\"height\":63,\"caption\":\"PDX Injury Law\"},\"image\":{\"@id\":\"https:\\\/\\\/pdxinjurylaw.com\\\/#\\\/schema\\\/logo\\\/image\\\/\"}}]}<\/script>\n<!-- \/ Yoast SEO plugin. -->","yoast_head_json":{"title":"Vancouver, WA Abogado de Accidente de Coche","description":"Need an attorney after a car accident? Our specialized lawyers at DuBois Law Group are here for you. Call (503) 222-4411 for a FREE consultation.","robots":{"index":"index","follow":"follow","max-snippet":"max-snippet:-1","max-image-preview":"max-image-preview:large","max-video-preview":"max-video-preview:-1"},"canonical":"https:\/\/pdxinjurylaw.com\/es\/vancouver-wa-car-accident-attorney\/","og_locale":"es_MX","og_type":"article","og_title":"Vancouver, WA Car Accident Lawyer","og_description":"Need an attorney after a car accident? Our specialized lawyers at DuBois Law Group are here for you. Call (503) 222-4411 for a FREE consultation.","og_url":"https:\/\/pdxinjurylaw.com\/es\/vancouver-wa-car-accident-attorney\/","og_site_name":"PDX Injury Law","article_modified_time":"2021-09-07T18:18:27+00:00","twitter_card":"summary_large_image","twitter_misc":{"Tiempo de lectura":"3 minutos"},"schema":{"@context":"https:\/\/schema.org","@graph":[{"@type":"WebPage","@id":"https:\/\/pdxinjurylaw.com\/vancouver-wa-car-accident-attorney\/","url":"https:\/\/pdxinjurylaw.com\/vancouver-wa-car-accident-attorney\/","name":"Vancouver, WA Abogado de Accidente de Coche","isPartOf":{"@id":"https:\/\/pdxinjurylaw.com\/#website"},"datePublished":"2021-08-10T02:28:42+00:00","dateModified":"2021-09-07T18:18:27+00:00","description":"Need an attorney after a car accident? Our specialized lawyers at DuBois Law Group are here for you. Call (503) 222-4411 for a FREE consultation.","breadcrumb":{"@id":"https:\/\/pdxinjurylaw.com\/vancouver-wa-car-accident-attorney\/#breadcrumb"},"inLanguage":"es","potentialAction":[{"@type":"ReadAction","target":["https:\/\/pdxinjurylaw.com\/vancouver-wa-car-accident-attorney\/"]}]},{"@type":"BreadcrumbList","@id":"https:\/\/pdxinjurylaw.com\/vancouver-wa-car-accident-attorney\/#breadcrumb","itemListElement":[{"@type":"ListItem","position":1,"name":"Home","item":"https:\/\/pdxinjurylaw.com\/"},{"@type":"ListItem","position":2,"name":"Vancouver, WA Car Accident Lawyer"}]},{"@type":"WebSite","@id":"https:\/\/pdxinjurylaw.com\/#website","url":"https:\/\/pdxinjurylaw.com\/","name":"PDX Ley de Lesiones","description":"","publisher":{"@id":"https:\/\/pdxinjurylaw.com\/#organization"},"potentialAction":[{"@type":"SearchAction","target":{"@type":"EntryPoint","urlTemplate":"https:\/\/pdxinjurylaw.com\/?s={search_term_string}"},"query-input":{"@type":"PropertyValueSpecification","valueRequired":true,"valueName":"search_term_string"}}],"inLanguage":"es"},{"@type":"Organization","@id":"https:\/\/pdxinjurylaw.com\/#organization","name":"PDX Ley de Lesiones","url":"https:\/\/pdxinjurylaw.com\/","logo":{"@type":"ImageObject","inLanguage":"es","@id":"https:\/\/pdxinjurylaw.com\/#\/schema\/logo\/image\/","url":"https:\/\/530710ec99.nxcli.io\/wp-content\/uploads\/2021\/06\/logo-main.png","contentUrl":"https:\/\/530710ec99.nxcli.io\/wp-content\/uploads\/2021\/06\/logo-main.png","width":368,"height":63,"caption":"PDX Injury Law"},"image":{"@id":"https:\/\/pdxinjurylaw.com\/#\/schema\/logo\/image\/"}}]}},"acf":[],"_links":{"self":[{"href":"https:\/\/pdxinjurylaw.com\/es\/wp-json\/wp\/v2\/pages\/65213","targetHints":{"allow":["GET"]}}],"collection":[{"href":"https:\/\/pdxinjurylaw.com\/es\/wp-json\/wp\/v2\/pages"}],"about":[{"href":"https:\/\/pdxinjurylaw.com\/es\/wp-json\/wp\/v2\/types\/page"}],"author":[{"embeddable":true,"href":"https:\/\/pdxinjurylaw.com\/es\/wp-json\/wp\/v2\/users\/7"}],"replies":[{"embeddable":true,"href":"https:\/\/pdxinjurylaw.com\/es\/wp-json\/wp\/v2\/comments?post=65213"}],"version-history":[{"count":0,"href":"https:\/\/pdxinjurylaw.com\/es\/wp-json\/wp\/v2\/pages\/65213\/revisions"}],"wp:attachment":[{"href":"https:\/\/pdxinjurylaw.com\/es\/wp-json\/wp\/v2\/media?parent=65213"}],"curies":[{"name":"wp","href":"https:\/\/api.w.org\/{rel}","templated":true}]}}