{"id":65209,"date":"2021-08-10T02:25:05","date_gmt":"2021-08-10T02:25:05","guid":{"rendered":"https:\/\/pdxinjurylaw.com\/?page_id=65209"},"modified":"2021-09-07T22:45:41","modified_gmt":"2021-09-07T22:45:41","slug":"hillsboro-wrongful-death-lawyer","status":"publish","type":"page","link":"https:\/\/pdxinjurylaw.com\/es\/hillsboro-wrongful-death-lawyer\/","title":{"rendered":"Hillsboro Abogado de Muerte Injusta"},"content":{"rendered":"<p>La p\u00e9rdida repentina de un miembro de la familia puede ser una experiencia muy dolorosa y dif\u00edcil, especialmente si su muerte podr\u00eda haberse evitado. Sin embargo, cuando la negligencia o descuido de otra persona resulta en el fallecimiento de otra persona, sus familiares pueden ser elegibles para una acci\u00f3n legal-y DuBois Law Group puede ayudar con los siguientes pasos. Nuestros abogados de muerte por negligencia de Hillsboro pueden responsabilizar a la parte culpable a trav\u00e9s de una demanda de muerte por negligencia y asegurar la justicia en nombre de su ser querido.<\/p>\n<h2>Por qu\u00e9 elegirnos<\/h2>\n<ul>\n<li>Nuestro bufete se encarga de un n\u00famero limitado de casos a la vez, lo que garantiza que podamos ofrecerle a usted y a su familia la dedicaci\u00f3n y la atenci\u00f3n personalizada que se merecen.<\/li>\n<li>Damos prioridad a la comunicaci\u00f3n abierta y coherente desde la consulta hasta el acuerdo. Siempre tendr\u00e1 la oportunidad de hablar con su abogado.<\/li>\n<li>Navegar por una demanda por homicidio culposo puede ser dif\u00edcil despu\u00e9s de la p\u00e9rdida de un ser querido. Afortunadamente, nuestro <a href=\"\/es\/hillsboro-personal-injury-lawyer\/\">Hillsboro abogados de lesiones personales<\/a> se encargar\u00e1 de todos los aspectos de su caso para que su familia pueda centrarse en curarse.<\/li>\n<\/ul>\n<h2>Estatuto de muerte por negligencia de Oreg\u00f3n<\/h2>\n<p>En Oregon, una muerte injusta ocurre cuando una persona muere debido a las acciones negligentes, perjudiciales o intencionales de otra persona. Si su ser querido podr\u00eda haber presentado una demanda por lesiones personales contra la parte culpable si hubiera sobrevivido al accidente, es probable que su familia tenga motivos para emprender una acci\u00f3n por homicidio culposo.<\/p>\n<p>En DuBois Law Group, nuestros abogados de homicidio culposo manejan reclamos que involucran muchos tipos de accidentes y acciones negligentes, incluyendo los siguientes:<\/p>\n<ul>\n<li><a href=\"\/es\/hillsboro-car-accident-attorney\/\">Accidentes de tr\u00e1fico<\/a><\/li>\n<li>Productos peligrosos y defectuosos<\/li>\n<li><a href=\"\/es\/hillsboro-motorcycle-accident-lawyer\/\">Colisiones de motocicletas<\/a><\/li>\n<li>Condiciones de propiedad peligrosas<\/li>\n<li><a href=\"\/es\/hillsboro-pedestrian-accident-attorney\/\">Accidentes de peatones<\/a><\/li>\n<li>Negligencia m\u00e9dica<\/li>\n<li><a href=\"\/es\/hillsboro-truck-accident-lawyer\/\">Accidentes de camiones<\/a><\/li>\n<li><a href=\"\/es\/hillsboro-bicycle-accident-attorney\/\">Accidentes de bicicleta<\/a><\/li>\n<li>Resbalones y ca\u00eddas<\/li>\n<li>Accidentes en la construcci\u00f3n<\/li>\n<li>Accidentes de navegaci\u00f3n<\/li>\n<\/ul>\n<p>Seg\u00fan la ley de Oreg\u00f3n, una demanda por homicidio culposo debe ser presentada por el representante personal de la sucesi\u00f3n de la persona fallecida. Es probable que su ser querido haya nombrado a un representante personal en su testamento o plan de sucesi\u00f3n. Si su ser querido no dej\u00f3 estos documentos, el tribunal puede nombrar a un representante personal en su nombre.<\/p>\n<h2>Da\u00f1os y perjuicios disponibles en Hillsboro demandas por homicidio culposo<\/h2>\n<p>A trav\u00e9s de uno de nuestros abogados de muerte por negligencia de Hillsboro, usted y su familia pueden recuperar la compensaci\u00f3n por las p\u00e9rdidas que su ser querido sufri\u00f3 debido a su muerte. Los da\u00f1os comunes en las demandas por homicidio culposo en Hillsboro incluyen los siguientes.<\/p>\n<ul>\n<li>Gastos funerarios y de sepelio<\/li>\n<li>Gastos m\u00e9dicos finales relacionados con el fallecimiento de su ser querido<\/li>\n<li>Salarios y prestaciones perdidos que su ser querido habr\u00eda percibido si hubiera sobrevivido a la lesi\u00f3n.<\/li>\n<li>El dolor y el sufrimiento que padeci\u00f3 su ser querido antes de morir<\/li>\n<\/ul>\n<p>Adem\u00e1s de estas p\u00e9rdidas, su familia tambi\u00e9n podr\u00eda recuperar una indemnizaci\u00f3n por la p\u00e9rdida de cuidados, compa\u00f1\u00eda, servicios y sociedad que su ser querido le hab\u00eda proporcionado. En los casos de dolo, imprudencia temeraria, da\u00f1o intencionado o negligencia extrema, tambi\u00e9n puede obtener una indemnizaci\u00f3n por da\u00f1os y perjuicios punitivos. A diferencia de los da\u00f1os compensatorios, que est\u00e1n destinados a reembolsar las p\u00e9rdidas del fallecido, los da\u00f1os punitivos est\u00e1n destinados a castigar a la parte culpable.<\/p>\n<p>Para identificar la compensaci\u00f3n que su familia puede calificar, hable con un abogado de muerte por negligencia Hillsboro en DuBois Law Group tan pronto como sea posible. Su abogado puede calcular con precisi\u00f3n su premio estimado y reunir las pruebas necesarias para demostrar el derecho de su familia a una indemnizaci\u00f3n.<\/p>\n<h2>P\u00f3ngase en contacto con DuBois Law Group<\/h2>\n<p>\u00bfHa perdido a un ser querido debido a la negligencia de otra persona? En estas situaciones, los abogados de muerte injusta de Hillsboro en DuBois Law Group pueden ayudar a su familia a buscar justicia. <a href=\"\/es\/contact-us\/\">P\u00f3ngase en contacto con nosotros<\/a> hoy para programar una consulta gratuita y discutir sus opciones legales. (503) 222-4411<\/p>","protected":false},"excerpt":{"rendered":"<p>Suddenly losing a family member can be a very painful and difficult experience, especially if his or her death could have been prevented. However, when someone else\u2019s negligence or carelessness results in another person\u2019s passing, his or her family members may be eligible for legal action\u2014and DuBois Law Group can assist with the next steps&#8230;. <a class=\"fancy_link\" href=\"https:\/\/pdxinjurylaw.com\/es\/hillsboro-wrongful-death-lawyer\/\">leer m\u00e1s<\/a><\/p>","protected":false},"author":7,"featured_media":0,"parent":0,"menu_order":0,"comment_status":"closed","ping_status":"closed","template":"","meta":{"footnotes":"","_content_optimizer_report_url":"","_content_optimizer_report_added":"","_content_optimizer_keyword_hide_used":false,"_content_optimizer_keyword_hide_above_average":false,"_content_optimizer_entities_hide_used":false,"_content_optimizer_entities_hide_above_average":false,"_content_optimizer_headings_hide_used":false,"_content_optimizer_questions_hide_used":false,"_content_optimizer_tab_active":"","_content_optimizer_report_url_ce":"","_content_optimizer_report_added_ce":"","_content_optimizer_keyword_hide_used_ce":false,"_content_optimizer_keyword_hide_above_average_ce":false,"_content_optimizer_entities_hide_used_ce":false,"_content_optimizer_entities_hide_above_average_ce":false,"_content_optimizer_headings_hide_used_ce":false,"_content_optimizer_questions_hide_used_ce":false,"_content_optimizer_tab_active_ce":""},"class_list":["post-65209","page","type-page","status-publish","hentry"],"yoast_head":"<!-- This site is optimized with the Yoast SEO plugin v27.5 - https:\/\/yoast.com\/product\/yoast-seo-wordpress\/ -->\n<title>Hillsboro Wrongful Death Attorney<\/title>\n<meta name=\"description\" content=\"In need of an attorney for a wrongful death claim in Hillsboro? Call the lawyers at DuBois Law Group (503) 222-4411 for a FREE consultation today!\" \/>\n<meta name=\"robots\" content=\"index, follow, max-snippet:-1, max-image-preview:large, max-video-preview:-1\" \/>\n<link rel=\"canonical\" href=\"https:\/\/pdxinjurylaw.com\/es\/hillsboro-wrongful-death-lawyer\/\" \/>\n<meta property=\"og:locale\" content=\"es_MX\" \/>\n<meta property=\"og:type\" content=\"article\" \/>\n<meta property=\"og:title\" content=\"Hillsboro Wrongful Death Attorney\" \/>\n<meta property=\"og:description\" content=\"In need of an attorney for a wrongful death claim in Hillsboro? Call the lawyers at DuBois Law Group (503) 222-4411 for a FREE consultation today!\" \/>\n<meta property=\"og:url\" content=\"https:\/\/pdxinjurylaw.com\/es\/hillsboro-wrongful-death-lawyer\/\" \/>\n<meta property=\"og:site_name\" content=\"PDX Injury Law\" \/>\n<meta property=\"article:modified_time\" content=\"2021-09-07T22:45:41+00:00\" \/>\n<meta name=\"twitter:card\" content=\"summary_large_image\" \/>\n<meta name=\"twitter:label1\" content=\"Tiempo de lectura\" \/>\n\t<meta name=\"twitter:data1\" content=\"3 minutos\" \/>\n<script type=\"application\/ld+json\" class=\"yoast-schema-graph\">{\"@context\":\"https:\\\/\\\/schema.org\",\"@graph\":[{\"@type\":\"WebPage\",\"@id\":\"https:\\\/\\\/pdxinjurylaw.com\\\/hillsboro-wrongful-death-lawyer\\\/\",\"url\":\"https:\\\/\\\/pdxinjurylaw.com\\\/hillsboro-wrongful-death-lawyer\\\/\",\"name\":\"Hillsboro Wrongful Death Attorney\",\"isPartOf\":{\"@id\":\"https:\\\/\\\/pdxinjurylaw.com\\\/#website\"},\"datePublished\":\"2021-08-10T02:25:05+00:00\",\"dateModified\":\"2021-09-07T22:45:41+00:00\",\"description\":\"In need of an attorney for a wrongful death claim in Hillsboro? Call the lawyers at DuBois Law Group (503) 222-4411 for a FREE consultation today!\",\"breadcrumb\":{\"@id\":\"https:\\\/\\\/pdxinjurylaw.com\\\/hillsboro-wrongful-death-lawyer\\\/#breadcrumb\"},\"inLanguage\":\"es\",\"potentialAction\":[{\"@type\":\"ReadAction\",\"target\":[\"https:\\\/\\\/pdxinjurylaw.com\\\/hillsboro-wrongful-death-lawyer\\\/\"]}]},{\"@type\":\"BreadcrumbList\",\"@id\":\"https:\\\/\\\/pdxinjurylaw.com\\\/hillsboro-wrongful-death-lawyer\\\/#breadcrumb\",\"itemListElement\":[{\"@type\":\"ListItem\",\"position\":1,\"name\":\"Home\",\"item\":\"https:\\\/\\\/pdxinjurylaw.com\\\/\"},{\"@type\":\"ListItem\",\"position\":2,\"name\":\"Hillsboro Wrongful Death Lawyer\"}]},{\"@type\":\"WebSite\",\"@id\":\"https:\\\/\\\/pdxinjurylaw.com\\\/#website\",\"url\":\"https:\\\/\\\/pdxinjurylaw.com\\\/\",\"name\":\"PDX Injury Law\",\"description\":\"\",\"publisher\":{\"@id\":\"https:\\\/\\\/pdxinjurylaw.com\\\/#organization\"},\"potentialAction\":[{\"@type\":\"SearchAction\",\"target\":{\"@type\":\"EntryPoint\",\"urlTemplate\":\"https:\\\/\\\/pdxinjurylaw.com\\\/?s={search_term_string}\"},\"query-input\":{\"@type\":\"PropertyValueSpecification\",\"valueRequired\":true,\"valueName\":\"search_term_string\"}}],\"inLanguage\":\"es\"},{\"@type\":\"Organization\",\"@id\":\"https:\\\/\\\/pdxinjurylaw.com\\\/#organization\",\"name\":\"PDX Injury Law\",\"url\":\"https:\\\/\\\/pdxinjurylaw.com\\\/\",\"logo\":{\"@type\":\"ImageObject\",\"inLanguage\":\"es\",\"@id\":\"https:\\\/\\\/pdxinjurylaw.com\\\/#\\\/schema\\\/logo\\\/image\\\/\",\"url\":\"https:\\\/\\\/530710ec99.nxcli.io\\\/wp-content\\\/uploads\\\/2021\\\/06\\\/logo-main.png\",\"contentUrl\":\"https:\\\/\\\/530710ec99.nxcli.io\\\/wp-content\\\/uploads\\\/2021\\\/06\\\/logo-main.png\",\"width\":368,\"height\":63,\"caption\":\"PDX Injury Law\"},\"image\":{\"@id\":\"https:\\\/\\\/pdxinjurylaw.com\\\/#\\\/schema\\\/logo\\\/image\\\/\"}}]}<\/script>\n<!-- \/ Yoast SEO plugin. -->","yoast_head_json":{"title":"Hillsboro Wrongful Death Attorney","description":"In need of an attorney for a wrongful death claim in Hillsboro? Call the lawyers at DuBois Law Group (503) 222-4411 for a FREE consultation today!","robots":{"index":"index","follow":"follow","max-snippet":"max-snippet:-1","max-image-preview":"max-image-preview:large","max-video-preview":"max-video-preview:-1"},"canonical":"https:\/\/pdxinjurylaw.com\/es\/hillsboro-wrongful-death-lawyer\/","og_locale":"es_MX","og_type":"article","og_title":"Hillsboro Wrongful Death Attorney","og_description":"In need of an attorney for a wrongful death claim in Hillsboro? Call the lawyers at DuBois Law Group (503) 222-4411 for a FREE consultation today!","og_url":"https:\/\/pdxinjurylaw.com\/es\/hillsboro-wrongful-death-lawyer\/","og_site_name":"PDX Injury Law","article_modified_time":"2021-09-07T22:45:41+00:00","twitter_card":"summary_large_image","twitter_misc":{"Tiempo de lectura":"3 minutos"},"schema":{"@context":"https:\/\/schema.org","@graph":[{"@type":"WebPage","@id":"https:\/\/pdxinjurylaw.com\/hillsboro-wrongful-death-lawyer\/","url":"https:\/\/pdxinjurylaw.com\/hillsboro-wrongful-death-lawyer\/","name":"Hillsboro Wrongful Death Attorney","isPartOf":{"@id":"https:\/\/pdxinjurylaw.com\/#website"},"datePublished":"2021-08-10T02:25:05+00:00","dateModified":"2021-09-07T22:45:41+00:00","description":"In need of an attorney for a wrongful death claim in Hillsboro? Call the lawyers at DuBois Law Group (503) 222-4411 for a FREE consultation today!","breadcrumb":{"@id":"https:\/\/pdxinjurylaw.com\/hillsboro-wrongful-death-lawyer\/#breadcrumb"},"inLanguage":"es","potentialAction":[{"@type":"ReadAction","target":["https:\/\/pdxinjurylaw.com\/hillsboro-wrongful-death-lawyer\/"]}]},{"@type":"BreadcrumbList","@id":"https:\/\/pdxinjurylaw.com\/hillsboro-wrongful-death-lawyer\/#breadcrumb","itemListElement":[{"@type":"ListItem","position":1,"name":"Home","item":"https:\/\/pdxinjurylaw.com\/"},{"@type":"ListItem","position":2,"name":"Hillsboro Wrongful Death Lawyer"}]},{"@type":"WebSite","@id":"https:\/\/pdxinjurylaw.com\/#website","url":"https:\/\/pdxinjurylaw.com\/","name":"PDX Ley de Lesiones","description":"","publisher":{"@id":"https:\/\/pdxinjurylaw.com\/#organization"},"potentialAction":[{"@type":"SearchAction","target":{"@type":"EntryPoint","urlTemplate":"https:\/\/pdxinjurylaw.com\/?s={search_term_string}"},"query-input":{"@type":"PropertyValueSpecification","valueRequired":true,"valueName":"search_term_string"}}],"inLanguage":"es"},{"@type":"Organization","@id":"https:\/\/pdxinjurylaw.com\/#organization","name":"PDX Ley de Lesiones","url":"https:\/\/pdxinjurylaw.com\/","logo":{"@type":"ImageObject","inLanguage":"es","@id":"https:\/\/pdxinjurylaw.com\/#\/schema\/logo\/image\/","url":"https:\/\/530710ec99.nxcli.io\/wp-content\/uploads\/2021\/06\/logo-main.png","contentUrl":"https:\/\/530710ec99.nxcli.io\/wp-content\/uploads\/2021\/06\/logo-main.png","width":368,"height":63,"caption":"PDX Injury Law"},"image":{"@id":"https:\/\/pdxinjurylaw.com\/#\/schema\/logo\/image\/"}}]}},"acf":[],"_links":{"self":[{"href":"https:\/\/pdxinjurylaw.com\/es\/wp-json\/wp\/v2\/pages\/65209","targetHints":{"allow":["GET"]}}],"collection":[{"href":"https:\/\/pdxinjurylaw.com\/es\/wp-json\/wp\/v2\/pages"}],"about":[{"href":"https:\/\/pdxinjurylaw.com\/es\/wp-json\/wp\/v2\/types\/page"}],"author":[{"embeddable":true,"href":"https:\/\/pdxinjurylaw.com\/es\/wp-json\/wp\/v2\/users\/7"}],"replies":[{"embeddable":true,"href":"https:\/\/pdxinjurylaw.com\/es\/wp-json\/wp\/v2\/comments?post=65209"}],"version-history":[{"count":0,"href":"https:\/\/pdxinjurylaw.com\/es\/wp-json\/wp\/v2\/pages\/65209\/revisions"}],"wp:attachment":[{"href":"https:\/\/pdxinjurylaw.com\/es\/wp-json\/wp\/v2\/media?parent=65209"}],"curies":[{"name":"wp","href":"https:\/\/api.w.org\/{rel}","templated":true}]}}