{"id":65207,"date":"2021-08-10T02:24:12","date_gmt":"2021-08-10T02:24:12","guid":{"rendered":"https:\/\/pdxinjurylaw.com\/?page_id=65207"},"modified":"2021-09-07T21:09:22","modified_gmt":"2021-09-07T21:09:22","slug":"hillsboro-bicycle-accident-attorney","status":"publish","type":"page","link":"https:\/\/pdxinjurylaw.com\/es\/hillsboro-bicycle-accident-attorney\/","title":{"rendered":"Hillsboro Abogado de Accidente de Bicicleta"},"content":{"rendered":"<p>Los accidentes de bicicleta son desgraciadamente frecuentes en Oreg\u00f3n. Estas colisiones pueden acarrear graves consecuencias, desde dificultades econ\u00f3micas y lesiones f\u00edsicas hasta traumas emocionales e incapacidad para trabajar. Si usted se lesiona en uno de estos accidentes, usted puede ser elegible para una acci\u00f3n legal. Los abogados de accidentes de bicicleta en Hillsboro de DuBois Law Group pueden representarlo en su reclamo y ayudarlo a asegurar la compensaci\u00f3n que se merece.<\/p>\n<h2>Por qu\u00e9 elegirnos<\/h2>\n<ul>\n<li>Nuestro bufete se ocupa de un n\u00famero reducido de casos a la vez, lo que nos permite ofrecer a cada cliente la atenci\u00f3n y el cuidado personalizados que se merece.<\/li>\n<li>Tenemos a\u00f1os de experiencia representando a residentes de Oregon lesionados, incluyendo v\u00edctimas de accidentes de bicicleta. Hemos recuperado millones de d\u00f3lares en nombre de nuestros clientes.<\/li>\n<li>Las secuelas de un accidente de bicicleta pueden ser dolorosas y dif\u00edciles. Su designado <a href=\"\/es\/hillsboro-personal-injury-lawyer\/\">Hillsboro abogado de lesiones personales<\/a> se encargar\u00e1 de todas las actividades relacionadas con su caso, permiti\u00e9ndole centrarse en la recuperaci\u00f3n en lugar de en complejos litigios.<\/li>\n<\/ul>\n<h2>Opciones legales para las v\u00edctimas de accidentes de bicicleta en Oreg\u00f3n<\/h2>\n<p>Oreg\u00f3n es un estado de seguro de coche de culpa, lo que significa que todos los conductores deben llevar ciertas cantidades de seguro de responsabilidad civil. Si un conductor causa un accidente, \u00e9l o ella es financieramente responsable de los da\u00f1os de los conductores, pasajeros, peatones y ciclistas heridos en el accidente.<\/p>\n<p>Si sufre un accidente provocado por otro conductor, puede hacerle responsable de sus lesiones presentando una reclamaci\u00f3n al seguro o una demanda por lesiones personales contra \u00e9l. A trav\u00e9s de esta reclamaci\u00f3n, usted puede recuperar la compensaci\u00f3n por las p\u00e9rdidas financieras, f\u00edsicas y emocionales que sufri\u00f3 en el accidente. Este proceso se puede hacer f\u00e1cil con la contrataci\u00f3n de un abogado de accidente de bicicleta Hillsboro.<\/p>\n<h2>Qu\u00e9 hacer despu\u00e9s de un accidente de bicicleta Hillsboro<\/h2>\n<p>Las secuelas de un accidente de bicicleta pueden ser aterradoras y confusas. Sin embargo, si desea presentar una demanda por lesiones personales o una reclamaci\u00f3n al seguro, estos momentos son cruciales para su futuro caso. Tras el accidente, siga los siguientes pasos para protegerse y conservar todas las pruebas posibles.<\/p>\n<ul>\n<li><strong>Llama al 911<\/strong> e informa del accidente a las fuerzas de seguridad. El agente que responda elaborar\u00e1 un informe policial que podr\u00e1s utilizar como prueba en tu futura reclamaci\u00f3n.<\/li>\n<li>S<strong>eek atenci\u00f3n m\u00e9dica<\/strong> lo antes posible y guarde todos los registros relacionados con sus lesiones y su tratamiento. Siempre debe buscar atenci\u00f3n m\u00e9dica, incluso si no se siente herido: sus registros ser\u00e1n vitales para probar su reclamaci\u00f3n.<\/li>\n<li>Si puede moverse por el lugar del accidente con seguridad y sin sufrir m\u00e1s lesiones, <strong>haga tantas fotos como pueda<\/strong>. Fotograf\u00ede sus lesiones, los da\u00f1os materiales, los escombros y el lugar del accidente.<\/li>\n<li><strong>Intercambiar informaci\u00f3n de contacto y del seguro<\/strong> con el conductor culpable. S\u00e9 breve y no hagas declaraciones sobre tus lesiones o la colisi\u00f3n.<\/li>\n<li>Si hay testigos en la zona, <strong>p\u00eddales tambi\u00e9n su informaci\u00f3n de contacto<\/strong>. Estas personas podr\u00edan aportar pruebas testimoniales en su caso.<\/li>\n<\/ul>\n<p>Despu\u00e9s del accidente, un representante del seguro puede ponerse en contacto con usted y pedirle una declaraci\u00f3n sobre la colisi\u00f3n. No hable con este representante hasta que se ponga en contacto con un abogado de accidentes de bicicleta en Hillsboro. Tan pronto como sea posible despu\u00e9s de buscar atenci\u00f3n m\u00e9dica para la colisi\u00f3n, p\u00f3ngase en contacto con uno de nuestros abogados de lesiones personales para representar su reclamo.<\/p>\n<h2>P\u00f3ngase en contacto con DuBois Law Group<\/h2>\n<p>Si usted se lesiona en una colisi\u00f3n de bicicleta, usted puede tener motivos para una acci\u00f3n legal. En estas situaciones, los abogados de accidentes de bicicleta Hillsboro en DuBois Law Group pueden luchar por su derecho a la compensaci\u00f3n m\u00e1xima.<a href=\"\/es\/contact-us\/\"> P\u00f3ngase en contacto con nosotros<\/a> hoy para programar una consulta gratuita y sin compromiso y discutir sus opciones legales. (503) 222-4411<\/p>","protected":false},"excerpt":{"rendered":"<p>Bicycle accidents are unfortunately common in Oregon. These collisions can lead to serious consequences, from financial hardship and physical injury to emotional trauma and an inability to work. If you are injured in one of these accidents, you may be eligible for legal action. The Hillsboro bicycle accident attorneys at DuBois Law Group can represent&#8230; <a class=\"fancy_link\" href=\"https:\/\/pdxinjurylaw.com\/es\/hillsboro-bicycle-accident-attorney\/\">leer m\u00e1s<\/a><\/p>","protected":false},"author":7,"featured_media":0,"parent":0,"menu_order":0,"comment_status":"closed","ping_status":"closed","template":"","meta":{"footnotes":"","_content_optimizer_report_url":"","_content_optimizer_report_added":"","_content_optimizer_keyword_hide_used":false,"_content_optimizer_keyword_hide_above_average":false,"_content_optimizer_entities_hide_used":false,"_content_optimizer_entities_hide_above_average":false,"_content_optimizer_headings_hide_used":false,"_content_optimizer_questions_hide_used":false,"_content_optimizer_tab_active":"","_content_optimizer_report_url_ce":"","_content_optimizer_report_added_ce":"","_content_optimizer_keyword_hide_used_ce":false,"_content_optimizer_keyword_hide_above_average_ce":false,"_content_optimizer_entities_hide_used_ce":false,"_content_optimizer_entities_hide_above_average_ce":false,"_content_optimizer_headings_hide_used_ce":false,"_content_optimizer_questions_hide_used_ce":false,"_content_optimizer_tab_active_ce":""},"class_list":["post-65207","page","type-page","status-publish","hentry"],"yoast_head":"<!-- This site is optimized with the Yoast SEO plugin v27.4 - https:\/\/yoast.com\/product\/yoast-seo-wordpress\/ -->\n<title>Hillsboro Bicycle Accident Attorney<\/title>\n<meta name=\"description\" content=\"Wrongfully injured in a bicycle accident in Hillsboro? Call the expert lawyers at DuBois Law Group at (503) 222-4411 for a FREE consultation!\" \/>\n<meta name=\"robots\" content=\"index, follow, max-snippet:-1, max-image-preview:large, max-video-preview:-1\" \/>\n<link rel=\"canonical\" href=\"https:\/\/pdxinjurylaw.com\/es\/hillsboro-bicycle-accident-attorney\/\" \/>\n<meta property=\"og:locale\" content=\"es_MX\" \/>\n<meta property=\"og:type\" content=\"article\" \/>\n<meta property=\"og:title\" content=\"Hillsboro Bicycle Accident Attorney\" \/>\n<meta property=\"og:description\" content=\"Wrongfully injured in a bicycle accident in Hillsboro? Call the expert lawyers at DuBois Law Group at (503) 222-4411 for a FREE consultation!\" \/>\n<meta property=\"og:url\" content=\"https:\/\/pdxinjurylaw.com\/es\/hillsboro-bicycle-accident-attorney\/\" \/>\n<meta property=\"og:site_name\" content=\"PDX Injury Law\" \/>\n<meta property=\"article:modified_time\" content=\"2021-09-07T21:09:22+00:00\" \/>\n<meta name=\"twitter:card\" content=\"summary_large_image\" \/>\n<meta name=\"twitter:label1\" content=\"Tiempo de lectura\" \/>\n\t<meta name=\"twitter:data1\" content=\"3 minutos\" \/>\n<script type=\"application\/ld+json\" class=\"yoast-schema-graph\">{\"@context\":\"https:\\\/\\\/schema.org\",\"@graph\":[{\"@type\":\"WebPage\",\"@id\":\"https:\\\/\\\/pdxinjurylaw.com\\\/hillsboro-bicycle-accident-attorney\\\/\",\"url\":\"https:\\\/\\\/pdxinjurylaw.com\\\/hillsboro-bicycle-accident-attorney\\\/\",\"name\":\"Hillsboro Bicycle Accident Attorney\",\"isPartOf\":{\"@id\":\"https:\\\/\\\/pdxinjurylaw.com\\\/#website\"},\"datePublished\":\"2021-08-10T02:24:12+00:00\",\"dateModified\":\"2021-09-07T21:09:22+00:00\",\"description\":\"Wrongfully injured in a bicycle accident in Hillsboro? Call the expert lawyers at DuBois Law Group at (503) 222-4411 for a FREE consultation!\",\"breadcrumb\":{\"@id\":\"https:\\\/\\\/pdxinjurylaw.com\\\/hillsboro-bicycle-accident-attorney\\\/#breadcrumb\"},\"inLanguage\":\"es\",\"potentialAction\":[{\"@type\":\"ReadAction\",\"target\":[\"https:\\\/\\\/pdxinjurylaw.com\\\/hillsboro-bicycle-accident-attorney\\\/\"]}]},{\"@type\":\"BreadcrumbList\",\"@id\":\"https:\\\/\\\/pdxinjurylaw.com\\\/hillsboro-bicycle-accident-attorney\\\/#breadcrumb\",\"itemListElement\":[{\"@type\":\"ListItem\",\"position\":1,\"name\":\"Home\",\"item\":\"https:\\\/\\\/pdxinjurylaw.com\\\/\"},{\"@type\":\"ListItem\",\"position\":2,\"name\":\"Hillsboro Bicycle Accident Lawyer\"}]},{\"@type\":\"WebSite\",\"@id\":\"https:\\\/\\\/pdxinjurylaw.com\\\/#website\",\"url\":\"https:\\\/\\\/pdxinjurylaw.com\\\/\",\"name\":\"PDX Injury Law\",\"description\":\"\",\"publisher\":{\"@id\":\"https:\\\/\\\/pdxinjurylaw.com\\\/#organization\"},\"potentialAction\":[{\"@type\":\"SearchAction\",\"target\":{\"@type\":\"EntryPoint\",\"urlTemplate\":\"https:\\\/\\\/pdxinjurylaw.com\\\/?s={search_term_string}\"},\"query-input\":{\"@type\":\"PropertyValueSpecification\",\"valueRequired\":true,\"valueName\":\"search_term_string\"}}],\"inLanguage\":\"es\"},{\"@type\":\"Organization\",\"@id\":\"https:\\\/\\\/pdxinjurylaw.com\\\/#organization\",\"name\":\"PDX Injury Law\",\"url\":\"https:\\\/\\\/pdxinjurylaw.com\\\/\",\"logo\":{\"@type\":\"ImageObject\",\"inLanguage\":\"es\",\"@id\":\"https:\\\/\\\/pdxinjurylaw.com\\\/#\\\/schema\\\/logo\\\/image\\\/\",\"url\":\"https:\\\/\\\/530710ec99.nxcli.io\\\/wp-content\\\/uploads\\\/2021\\\/06\\\/logo-main.png\",\"contentUrl\":\"https:\\\/\\\/530710ec99.nxcli.io\\\/wp-content\\\/uploads\\\/2021\\\/06\\\/logo-main.png\",\"width\":368,\"height\":63,\"caption\":\"PDX Injury Law\"},\"image\":{\"@id\":\"https:\\\/\\\/pdxinjurylaw.com\\\/#\\\/schema\\\/logo\\\/image\\\/\"}}]}<\/script>\n<!-- \/ Yoast SEO plugin. -->","yoast_head_json":{"title":"Hillsboro Bicycle Accident Attorney","description":"Wrongfully injured in a bicycle accident in Hillsboro? Call the expert lawyers at DuBois Law Group at (503) 222-4411 for a FREE consultation!","robots":{"index":"index","follow":"follow","max-snippet":"max-snippet:-1","max-image-preview":"max-image-preview:large","max-video-preview":"max-video-preview:-1"},"canonical":"https:\/\/pdxinjurylaw.com\/es\/hillsboro-bicycle-accident-attorney\/","og_locale":"es_MX","og_type":"article","og_title":"Hillsboro Bicycle Accident Attorney","og_description":"Wrongfully injured in a bicycle accident in Hillsboro? Call the expert lawyers at DuBois Law Group at (503) 222-4411 for a FREE consultation!","og_url":"https:\/\/pdxinjurylaw.com\/es\/hillsboro-bicycle-accident-attorney\/","og_site_name":"PDX Injury Law","article_modified_time":"2021-09-07T21:09:22+00:00","twitter_card":"summary_large_image","twitter_misc":{"Tiempo de lectura":"3 minutos"},"schema":{"@context":"https:\/\/schema.org","@graph":[{"@type":"WebPage","@id":"https:\/\/pdxinjurylaw.com\/hillsboro-bicycle-accident-attorney\/","url":"https:\/\/pdxinjurylaw.com\/hillsboro-bicycle-accident-attorney\/","name":"Hillsboro Bicycle Accident Attorney","isPartOf":{"@id":"https:\/\/pdxinjurylaw.com\/#website"},"datePublished":"2021-08-10T02:24:12+00:00","dateModified":"2021-09-07T21:09:22+00:00","description":"Wrongfully injured in a bicycle accident in Hillsboro? Call the expert lawyers at DuBois Law Group at (503) 222-4411 for a FREE consultation!","breadcrumb":{"@id":"https:\/\/pdxinjurylaw.com\/hillsboro-bicycle-accident-attorney\/#breadcrumb"},"inLanguage":"es","potentialAction":[{"@type":"ReadAction","target":["https:\/\/pdxinjurylaw.com\/hillsboro-bicycle-accident-attorney\/"]}]},{"@type":"BreadcrumbList","@id":"https:\/\/pdxinjurylaw.com\/hillsboro-bicycle-accident-attorney\/#breadcrumb","itemListElement":[{"@type":"ListItem","position":1,"name":"Home","item":"https:\/\/pdxinjurylaw.com\/"},{"@type":"ListItem","position":2,"name":"Hillsboro Bicycle Accident Lawyer"}]},{"@type":"WebSite","@id":"https:\/\/pdxinjurylaw.com\/#website","url":"https:\/\/pdxinjurylaw.com\/","name":"PDX Ley de Lesiones","description":"","publisher":{"@id":"https:\/\/pdxinjurylaw.com\/#organization"},"potentialAction":[{"@type":"SearchAction","target":{"@type":"EntryPoint","urlTemplate":"https:\/\/pdxinjurylaw.com\/?s={search_term_string}"},"query-input":{"@type":"PropertyValueSpecification","valueRequired":true,"valueName":"search_term_string"}}],"inLanguage":"es"},{"@type":"Organization","@id":"https:\/\/pdxinjurylaw.com\/#organization","name":"PDX Ley de Lesiones","url":"https:\/\/pdxinjurylaw.com\/","logo":{"@type":"ImageObject","inLanguage":"es","@id":"https:\/\/pdxinjurylaw.com\/#\/schema\/logo\/image\/","url":"https:\/\/530710ec99.nxcli.io\/wp-content\/uploads\/2021\/06\/logo-main.png","contentUrl":"https:\/\/530710ec99.nxcli.io\/wp-content\/uploads\/2021\/06\/logo-main.png","width":368,"height":63,"caption":"PDX Injury Law"},"image":{"@id":"https:\/\/pdxinjurylaw.com\/#\/schema\/logo\/image\/"}}]}},"acf":[],"_links":{"self":[{"href":"https:\/\/pdxinjurylaw.com\/es\/wp-json\/wp\/v2\/pages\/65207","targetHints":{"allow":["GET"]}}],"collection":[{"href":"https:\/\/pdxinjurylaw.com\/es\/wp-json\/wp\/v2\/pages"}],"about":[{"href":"https:\/\/pdxinjurylaw.com\/es\/wp-json\/wp\/v2\/types\/page"}],"author":[{"embeddable":true,"href":"https:\/\/pdxinjurylaw.com\/es\/wp-json\/wp\/v2\/users\/7"}],"replies":[{"embeddable":true,"href":"https:\/\/pdxinjurylaw.com\/es\/wp-json\/wp\/v2\/comments?post=65207"}],"version-history":[{"count":0,"href":"https:\/\/pdxinjurylaw.com\/es\/wp-json\/wp\/v2\/pages\/65207\/revisions"}],"wp:attachment":[{"href":"https:\/\/pdxinjurylaw.com\/es\/wp-json\/wp\/v2\/media?parent=65207"}],"curies":[{"name":"wp","href":"https:\/\/api.w.org\/{rel}","templated":true}]}}