{"id":65199,"date":"2021-08-10T02:18:37","date_gmt":"2021-08-10T02:18:37","guid":{"rendered":"https:\/\/pdxinjurylaw.com\/?page_id=65199"},"modified":"2021-09-07T21:32:42","modified_gmt":"2021-09-07T21:32:42","slug":"hillsboro-car-accident-attorney","status":"publish","type":"page","link":"https:\/\/pdxinjurylaw.com\/es\/hillsboro-car-accident-attorney\/","title":{"rendered":"Hillsboro Abogado de Accidente de Coche"},"content":{"rendered":"<p>Los accidentes automovil\u00edsticos son una ocurrencia desafortunadamente com\u00fan en Hillsboro, con cientos de residentes que sufren lesiones en estas colisiones cada a\u00f1o. Si usted se lesiona en un accidente de coche en Oregon, sin embargo, usted puede tener motivos para una acci\u00f3n legal. En DuBois Law Group, nuestros abogados de accidente de coche de Hillsboro pueden representarle en su demanda, abogando agresivamente para asegurar la compensaci\u00f3n que necesita para recuperarse de sus lesiones, p\u00e9rdidas financieras y da\u00f1os emocionales.<\/p>\n<h2>Por qu\u00e9 elegirnos<\/h2>\n<ul>\n<li>Nuestro bufete combina la potencia y los recursos de un gran bufete con la dedicaci\u00f3n y la atenci\u00f3n personalizada de un bufete peque\u00f1o.<\/li>\n<li>Hemos representado a cientos de residentes de Oregon en sus demandas por accidentes de coche, asegurando millones de d\u00f3lares en acuerdos y veredictos del jurado.<\/li>\n<li>Nuestro bufete cobra honorarios de contingencia por nuestros servicios legales. Si no aseguramos compensaci\u00f3n en su caso, usted no deber\u00e1 honorarios legales.<\/li>\n<\/ul>\n<h2>Lesiones comunes en accidentes de tr\u00e1fico<\/h2>\n<p>Durante un accidente de coche, puede sufrir graves, a veces <a href=\"\/es\/hillsboro-catastrophic-injury-attorney\/\">lesiones catastr\u00f3ficas<\/a> que requieren atenci\u00f3n m\u00e9dica inmediata. Dependiendo de las circunstancias que rodearon la colisi\u00f3n, es posible que necesite un tratamiento m\u00e9dico extenso y cuidados a largo plazo, semanas o incluso meses de tiempo de recuperaci\u00f3n, y adaptaciones para discapacitados o equipos de movilidad. Por eso es importante contar con un <a href=\"\/es\/hillsboro-personal-injury-lawyer\/\">Hillsboro abogado de lesiones personales<\/a> de su lado. Algunas de las lesiones por accidente de coche m\u00e1s comunes son las siguientes.<\/p>\n<ul>\n<li>Latigazo cervical<\/li>\n<li>Da\u00f1os en la m\u00e9dula espinal<\/li>\n<li>Fracturas y esguinces<\/li>\n<li>Cortes y abrasiones<\/li>\n<li>Quemaduras y cicatrices<\/li>\n<li>Lesiones cerebrales traum\u00e1ticas<\/li>\n<li>Da\u00f1os en \u00f3rganos internos<\/li>\n<li>Rotura o hernia discal<\/li>\n<li>Lesiones faciales<\/li>\n<li>Miembros mutilados o amputados<\/li>\n<\/ul>\n<h2>Leyes sobre el seguro de coche en Oreg\u00f3n<\/h2>\n<p>Oreg\u00f3n es un estado de seguro de coche por culpa, que obliga a los conductores culpables a pagar los da\u00f1os de sus v\u00edctimas. Todos los conductores deben tener los siguientes importes m\u00ednimos de seguro de responsabilidad civil en caso de que sean responsables de una colisi\u00f3n.<\/p>\n<ul>\n<li><strong>$25,000<\/strong> en cobertura de responsabilidad civil por lesiones corporales o muerte por persona en accidente<\/li>\n<li><strong>$50,000<\/strong> en responsabilidad total por lesiones corporales o muerte en accidente<\/li>\n<li><strong>$20,000<\/strong> en cobertura de responsabilidad civil por da\u00f1os materiales por accidente<\/li>\n<li><strong>$15,000<\/strong> en cobertura de protecci\u00f3n de da\u00f1os personales por persona y accidente<\/li>\n<li>Cobertura de motorista no asegurado en las cantidades de <strong>$25,000<\/strong> por persona y<\/li>\n<li><strong>$50,000<\/strong> total por accidente<\/li>\n<\/ul>\n<p>Si usted se lesiona en un accidente de coche que otra persona caus\u00f3, usted necesita un abogado de accidente de coche Hillsboro. Ellos podr\u00edan responsabilizarlo por sus p\u00e9rdidas. Tambi\u00e9n, podr\u00edan ayudarle a recuperar la remuneraci\u00f3n archivando una demanda del seguro contra \u00e9l o ella, o una demanda bajo su propia p\u00f3liza si usted tiene la cobertura apropiada. Tambi\u00e9n podr\u00eda presentar una demanda por lesiones personales contra el conductor culpable en un tribunal civil de Oreg\u00f3n.<\/p>\n<h2>Qu\u00e9 hacer despu\u00e9s de un accidente de coche Hillsboro<\/h2>\n<p>Para demostrar su derecho a una indemnizaci\u00f3n despu\u00e9s de un accidente de coche, tendr\u00e1 que proporcionar pruebas suficientes que demuestren que el otro conductor caus\u00f3 la colisi\u00f3n. Usted tendr\u00e1 que tomar medidas cuidadosas despu\u00e9s del accidente para recoger esta evidencia y proteger su futuro reclamo con un abogado de accidente de coche Hillsboro.<\/p>\n<ul>\n<li>Primero, <strong>llamar al 911<\/strong> e informe del accidente a la polic\u00eda.<\/li>\n<li>Siguiente, <strong>busque atenci\u00f3n m\u00e9dica<\/strong>-aunque no se sienta herido- y guarde sus registros.<\/li>\n<li>Si puedes, <strong>tomar fotograf\u00edas<\/strong> de sus lesiones, los da\u00f1os del veh\u00edculo y la zona del accidente.<\/li>\n<li><strong>Intercambiar informaci\u00f3n de contacto, licencia y seguro<\/strong> con el conductor culpable y sea breve.<\/li>\n<li>Si hay <strong>testigos<\/strong> en la zona, p\u00eddales informaci\u00f3n de contacto.<\/li>\n<li>Hable con un abogado de accidente de coche de Hillsboro sobre su demanda.<\/li>\n<\/ul>\n<h2>P\u00f3ngase en contacto con DuBois Law Group<\/h2>\n<p>Los accidentes automovil\u00edsticos pueden ser eventos aterradores y abrumadores, pero si otra persona es responsable de su colisi\u00f3n, usted merece justicia. En estas situaciones, los abogados de accidentes de coche Hillsboro en DuBois Law Group pueden ayudar. <a href=\"\/es\/contact-us\/\">P\u00f3ngase en contacto con nosotros<\/a> hoy para programar una consulta gratuita de su caso y aprender m\u00e1s acerca de su camino \u00f3ptimo para la recuperaci\u00f3n. (503) 222-4411<\/p>","protected":false},"excerpt":{"rendered":"<p>Car accidents are an unfortunately common occurrence in Hillsboro, with hundreds of residents suffering injuries in these collisions each year. If you are injured in an Oregon car accident, however, you may have grounds for legal action. At DuBois Law Group, our Hillsboro car accident attorneys can represent you in your claim, advocating aggressively to&#8230; <a class=\"fancy_link\" href=\"https:\/\/pdxinjurylaw.com\/es\/hillsboro-car-accident-attorney\/\">leer m\u00e1s<\/a><\/p>","protected":false},"author":7,"featured_media":0,"parent":0,"menu_order":0,"comment_status":"closed","ping_status":"closed","template":"","meta":{"footnotes":"","_content_optimizer_report_url":"","_content_optimizer_report_added":"","_content_optimizer_keyword_hide_used":false,"_content_optimizer_keyword_hide_above_average":false,"_content_optimizer_entities_hide_used":false,"_content_optimizer_entities_hide_above_average":false,"_content_optimizer_headings_hide_used":false,"_content_optimizer_questions_hide_used":false,"_content_optimizer_tab_active":"","_content_optimizer_report_url_ce":"","_content_optimizer_report_added_ce":"","_content_optimizer_keyword_hide_used_ce":false,"_content_optimizer_keyword_hide_above_average_ce":false,"_content_optimizer_entities_hide_used_ce":false,"_content_optimizer_entities_hide_above_average_ce":false,"_content_optimizer_headings_hide_used_ce":false,"_content_optimizer_questions_hide_used_ce":false,"_content_optimizer_tab_active_ce":""},"class_list":["post-65199","page","type-page","status-publish","hentry"],"yoast_head":"<!-- This site is optimized with the Yoast SEO plugin v27.4 - https:\/\/yoast.com\/product\/yoast-seo-wordpress\/ -->\n<title>Hillsboro Car Accident Lawyer<\/title>\n<meta name=\"description\" content=\"Need a car accident lawyer in Hillsboro? The experts at DuBois Law Group are here to help. Call (503) 222-4411 for a FREE consultation today!\" \/>\n<meta name=\"robots\" content=\"index, follow, max-snippet:-1, max-image-preview:large, max-video-preview:-1\" \/>\n<link rel=\"canonical\" href=\"https:\/\/pdxinjurylaw.com\/es\/hillsboro-car-accident-attorney\/\" \/>\n<meta property=\"og:locale\" content=\"es_MX\" \/>\n<meta property=\"og:type\" content=\"article\" \/>\n<meta property=\"og:title\" content=\"Hillsboro Car Accident Lawyer\" \/>\n<meta property=\"og:description\" content=\"Need a car accident lawyer in Hillsboro? The experts at DuBois Law Group are here to help. Call (503) 222-4411 for a FREE consultation today!\" \/>\n<meta property=\"og:url\" content=\"https:\/\/pdxinjurylaw.com\/es\/hillsboro-car-accident-attorney\/\" \/>\n<meta property=\"og:site_name\" content=\"PDX Injury Law\" \/>\n<meta property=\"article:modified_time\" content=\"2021-09-07T21:32:42+00:00\" \/>\n<meta name=\"twitter:card\" content=\"summary_large_image\" \/>\n<meta name=\"twitter:label1\" content=\"Tiempo de lectura\" \/>\n\t<meta name=\"twitter:data1\" content=\"3 minutos\" \/>\n<script type=\"application\/ld+json\" class=\"yoast-schema-graph\">{\"@context\":\"https:\\\/\\\/schema.org\",\"@graph\":[{\"@type\":\"WebPage\",\"@id\":\"https:\\\/\\\/pdxinjurylaw.com\\\/hillsboro-car-accident-attorney\\\/\",\"url\":\"https:\\\/\\\/pdxinjurylaw.com\\\/hillsboro-car-accident-attorney\\\/\",\"name\":\"Hillsboro Car Accident Lawyer\",\"isPartOf\":{\"@id\":\"https:\\\/\\\/pdxinjurylaw.com\\\/#website\"},\"datePublished\":\"2021-08-10T02:18:37+00:00\",\"dateModified\":\"2021-09-07T21:32:42+00:00\",\"description\":\"Need a car accident lawyer in Hillsboro? The experts at DuBois Law Group are here to help. Call (503) 222-4411 for a FREE consultation today!\",\"breadcrumb\":{\"@id\":\"https:\\\/\\\/pdxinjurylaw.com\\\/hillsboro-car-accident-attorney\\\/#breadcrumb\"},\"inLanguage\":\"es\",\"potentialAction\":[{\"@type\":\"ReadAction\",\"target\":[\"https:\\\/\\\/pdxinjurylaw.com\\\/hillsboro-car-accident-attorney\\\/\"]}]},{\"@type\":\"BreadcrumbList\",\"@id\":\"https:\\\/\\\/pdxinjurylaw.com\\\/hillsboro-car-accident-attorney\\\/#breadcrumb\",\"itemListElement\":[{\"@type\":\"ListItem\",\"position\":1,\"name\":\"Home\",\"item\":\"https:\\\/\\\/pdxinjurylaw.com\\\/\"},{\"@type\":\"ListItem\",\"position\":2,\"name\":\"Hillsboro Car Accident Attorney\"}]},{\"@type\":\"WebSite\",\"@id\":\"https:\\\/\\\/pdxinjurylaw.com\\\/#website\",\"url\":\"https:\\\/\\\/pdxinjurylaw.com\\\/\",\"name\":\"PDX Injury Law\",\"description\":\"\",\"publisher\":{\"@id\":\"https:\\\/\\\/pdxinjurylaw.com\\\/#organization\"},\"potentialAction\":[{\"@type\":\"SearchAction\",\"target\":{\"@type\":\"EntryPoint\",\"urlTemplate\":\"https:\\\/\\\/pdxinjurylaw.com\\\/?s={search_term_string}\"},\"query-input\":{\"@type\":\"PropertyValueSpecification\",\"valueRequired\":true,\"valueName\":\"search_term_string\"}}],\"inLanguage\":\"es\"},{\"@type\":\"Organization\",\"@id\":\"https:\\\/\\\/pdxinjurylaw.com\\\/#organization\",\"name\":\"PDX Injury Law\",\"url\":\"https:\\\/\\\/pdxinjurylaw.com\\\/\",\"logo\":{\"@type\":\"ImageObject\",\"inLanguage\":\"es\",\"@id\":\"https:\\\/\\\/pdxinjurylaw.com\\\/#\\\/schema\\\/logo\\\/image\\\/\",\"url\":\"https:\\\/\\\/530710ec99.nxcli.io\\\/wp-content\\\/uploads\\\/2021\\\/06\\\/logo-main.png\",\"contentUrl\":\"https:\\\/\\\/530710ec99.nxcli.io\\\/wp-content\\\/uploads\\\/2021\\\/06\\\/logo-main.png\",\"width\":368,\"height\":63,\"caption\":\"PDX Injury Law\"},\"image\":{\"@id\":\"https:\\\/\\\/pdxinjurylaw.com\\\/#\\\/schema\\\/logo\\\/image\\\/\"}}]}<\/script>\n<!-- \/ Yoast SEO plugin. -->","yoast_head_json":{"title":"Hillsboro Car Accident Lawyer","description":"Need a car accident lawyer in Hillsboro? The experts at DuBois Law Group are here to help. Call (503) 222-4411 for a FREE consultation today!","robots":{"index":"index","follow":"follow","max-snippet":"max-snippet:-1","max-image-preview":"max-image-preview:large","max-video-preview":"max-video-preview:-1"},"canonical":"https:\/\/pdxinjurylaw.com\/es\/hillsboro-car-accident-attorney\/","og_locale":"es_MX","og_type":"article","og_title":"Hillsboro Car Accident Lawyer","og_description":"Need a car accident lawyer in Hillsboro? The experts at DuBois Law Group are here to help. Call (503) 222-4411 for a FREE consultation today!","og_url":"https:\/\/pdxinjurylaw.com\/es\/hillsboro-car-accident-attorney\/","og_site_name":"PDX Injury Law","article_modified_time":"2021-09-07T21:32:42+00:00","twitter_card":"summary_large_image","twitter_misc":{"Tiempo de lectura":"3 minutos"},"schema":{"@context":"https:\/\/schema.org","@graph":[{"@type":"WebPage","@id":"https:\/\/pdxinjurylaw.com\/hillsboro-car-accident-attorney\/","url":"https:\/\/pdxinjurylaw.com\/hillsboro-car-accident-attorney\/","name":"Hillsboro Car Accident Lawyer","isPartOf":{"@id":"https:\/\/pdxinjurylaw.com\/#website"},"datePublished":"2021-08-10T02:18:37+00:00","dateModified":"2021-09-07T21:32:42+00:00","description":"Need a car accident lawyer in Hillsboro? The experts at DuBois Law Group are here to help. Call (503) 222-4411 for a FREE consultation today!","breadcrumb":{"@id":"https:\/\/pdxinjurylaw.com\/hillsboro-car-accident-attorney\/#breadcrumb"},"inLanguage":"es","potentialAction":[{"@type":"ReadAction","target":["https:\/\/pdxinjurylaw.com\/hillsboro-car-accident-attorney\/"]}]},{"@type":"BreadcrumbList","@id":"https:\/\/pdxinjurylaw.com\/hillsboro-car-accident-attorney\/#breadcrumb","itemListElement":[{"@type":"ListItem","position":1,"name":"Home","item":"https:\/\/pdxinjurylaw.com\/"},{"@type":"ListItem","position":2,"name":"Hillsboro Car Accident Attorney"}]},{"@type":"WebSite","@id":"https:\/\/pdxinjurylaw.com\/#website","url":"https:\/\/pdxinjurylaw.com\/","name":"PDX Ley de Lesiones","description":"","publisher":{"@id":"https:\/\/pdxinjurylaw.com\/#organization"},"potentialAction":[{"@type":"SearchAction","target":{"@type":"EntryPoint","urlTemplate":"https:\/\/pdxinjurylaw.com\/?s={search_term_string}"},"query-input":{"@type":"PropertyValueSpecification","valueRequired":true,"valueName":"search_term_string"}}],"inLanguage":"es"},{"@type":"Organization","@id":"https:\/\/pdxinjurylaw.com\/#organization","name":"PDX Ley de Lesiones","url":"https:\/\/pdxinjurylaw.com\/","logo":{"@type":"ImageObject","inLanguage":"es","@id":"https:\/\/pdxinjurylaw.com\/#\/schema\/logo\/image\/","url":"https:\/\/530710ec99.nxcli.io\/wp-content\/uploads\/2021\/06\/logo-main.png","contentUrl":"https:\/\/530710ec99.nxcli.io\/wp-content\/uploads\/2021\/06\/logo-main.png","width":368,"height":63,"caption":"PDX Injury Law"},"image":{"@id":"https:\/\/pdxinjurylaw.com\/#\/schema\/logo\/image\/"}}]}},"acf":[],"_links":{"self":[{"href":"https:\/\/pdxinjurylaw.com\/es\/wp-json\/wp\/v2\/pages\/65199","targetHints":{"allow":["GET"]}}],"collection":[{"href":"https:\/\/pdxinjurylaw.com\/es\/wp-json\/wp\/v2\/pages"}],"about":[{"href":"https:\/\/pdxinjurylaw.com\/es\/wp-json\/wp\/v2\/types\/page"}],"author":[{"embeddable":true,"href":"https:\/\/pdxinjurylaw.com\/es\/wp-json\/wp\/v2\/users\/7"}],"replies":[{"embeddable":true,"href":"https:\/\/pdxinjurylaw.com\/es\/wp-json\/wp\/v2\/comments?post=65199"}],"version-history":[{"count":0,"href":"https:\/\/pdxinjurylaw.com\/es\/wp-json\/wp\/v2\/pages\/65199\/revisions"}],"wp:attachment":[{"href":"https:\/\/pdxinjurylaw.com\/es\/wp-json\/wp\/v2\/media?parent=65199"}],"curies":[{"name":"wp","href":"https:\/\/api.w.org\/{rel}","templated":true}]}}