{"id":65197,"date":"2021-08-10T02:08:36","date_gmt":"2021-08-10T02:08:36","guid":{"rendered":"https:\/\/pdxinjurylaw.com\/?page_id=65197"},"modified":"2022-07-05T21:25:44","modified_gmt":"2022-07-05T21:25:44","slug":"gresham-wrongful-death-lawyer","status":"publish","type":"page","link":"https:\/\/pdxinjurylaw.com\/es\/gresham-wrongful-death-lawyer\/","title":{"rendered":"Gresham Abogado de Muerte Injusta"},"content":{"rendered":"<p>Perder a un ser querido es una experiencia dolorosa y dif\u00edcil. Este dolor puede sentirse a\u00fan m\u00e1s insoportable si las acciones negligentes de otra persona causaron la muerte de su ser querido. En estas situaciones, usted podr\u00eda responsabilizar a la parte culpable a trav\u00e9s de una demanda por muerte injusta-y los abogados de muerte injusta de Gresham en DuBois Law Group pueden ayudar. Nuestros abogados trabajar\u00e1n incansablemente para ayudarle a usted y a su familia a buscar justicia para su ser querido.<\/p>\n<h2>Por qu\u00e9 elegirnos<\/h2>\n<ul>\n<li>Nuestra <a href=\"\/es\/gresham-personal-injury-lawyer\/\">Gresham abogados de lesiones personales<\/a> aprovecharemos nuestros conocimientos, experiencia y habilidades para ayudarle a usted y a su familia a obtener el mejor resultado posible.<\/li>\n<li>Nuestro bufete equilibra el poder y los recursos de un gran bufete con la atenci\u00f3n personalizada y la comunicaci\u00f3n constante de un bufete peque\u00f1o.<\/li>\n<li>Navegar por el proceso de reclamaciones por homicidio culposo puede ser dif\u00edcil despu\u00e9s de la p\u00e9rdida de un ser querido. Nuestros abogados se encargar\u00e1n de todos los aspectos de su reclamaci\u00f3n para que su familia pueda centrarse en la curaci\u00f3n.<\/li>\n<\/ul>\n<h2>Leyes de Oreg\u00f3n sobre homicidio culposo<\/h2>\n<p>Bajo la ley de Oregon, una muerte injusta ocurre cuando una persona muere debido al acto negligente u omisi\u00f3n de otra persona. Si su ser querido hubiera podido presentar una demanda por lesiones personales contra la parte culpable si hubiera vivido, es probable que su caso re\u00fana los requisitos para una demanda por homicidio culposo. Usted puede presentar una demanda por homicidio culposo debido a un accidente, negligencia m\u00e9dica o un acto intencional de violencia, y nuestros abogados de homicidio culposo de Gresham est\u00e1n aqu\u00ed para ayudar.<\/p>\n<p>Entre los accidentes m\u00e1s comunes en las demandas por homicidio culposo se incluyen los siguientes:<\/p>\n<ul>\n<li><a href=\"\/es\/gresham-car-accident-attorney\/\">Accidentes de tr\u00e1fico<\/a><\/li>\n<li><a href=\"\/es\/gresham-motorcycle-accident-lawyer\/\">Colisiones de motocicletas<\/a><\/li>\n<li><a href=\"\/es\/gresham-truck-accident-lawyer\/\">Accidentes de camiones<\/a><\/li>\n<li><a href=\"\/es\/gresham-bicycle-accident-attorney\/\">Accidentes de bicicleta\u00a0<\/a><\/li>\n<li><a href=\"\/es\/gresham-pedestrian-accident-attorney\/\">Accidentes de peatones<\/a><\/li>\n<li>Accidentes de navegaci\u00f3n<\/li>\n<li>Responsabilidad civil del establecimiento, o accidentes en propiedad ajena<\/li>\n<\/ul>\n<h2>\u00bfQui\u00e9n puede presentar una demanda por homicidio culposo en Gresham?<\/h2>\n<p>S\u00f3lo determinadas partes pueden presentar una demanda por homicidio culposo en nombre de una persona fallecida. Seg\u00fan la ley de Oreg\u00f3n, s\u00f3lo el representante personal del patrimonio de la persona fallecida puede presentar la demanda. La persona fallecida probablemente nombrar\u00e1 a su representante personal en su testamento o plan de sucesi\u00f3n. Si no nombr\u00f3 un representante personal, el tribunal nombrar\u00e1 uno en su nombre. A <a href=\"\/es\/portland-personal-injury-lawyer\/\">Portland abogado de lesiones<\/a> puede ayudarle con todo esto.<\/p>\n<h2>Da\u00f1os y perjuicios disponibles en una demanda por homicidio culposo<\/h2>\n<p>A trav\u00e9s de una demanda por homicidio culposo, usted y su familia pueden obtener una indemnizaci\u00f3n por las p\u00e9rdidas sufridas por su ser querido a causa del accidente. Adem\u00e1s, puede obtener una indemnizaci\u00f3n por el dolor y el sufrimiento que su familia experiment\u00f3 debido a su fallecimiento. Los da\u00f1os m\u00e1s comunes en las demandas por homicidio culposo incluyen los siguientes:<\/p>\n<ul>\n<li>Gastos funerarios y de sepelio<\/li>\n<li>Gastos m\u00e9dicos finales relacionados con las \u00faltimas lesiones o enfermedad de su ser querido<\/li>\n<li>Salarios y prestaciones perdidos que su ser querido habr\u00eda percibido si hubiera sobrevivido al accidente.<\/li>\n<li>El dolor y el sufrimiento que padeci\u00f3 su ser querido antes de morir<\/li>\n<li>P\u00e9rdida de cuidados, consorcio, amor, apoyo, compa\u00f1\u00eda y servicios que su ser querido le habr\u00eda proporcionado a usted y a su familia.<\/li>\n<\/ul>\n<p>La identificaci\u00f3n de los da\u00f1os en una demanda por muerte injusta puede ser un proceso complejo. Su abogado de muerte por negligencia de DuBois Law Group puede llevar a cabo una investigaci\u00f3n en profundidad de su fallecimiento e identificar los da\u00f1os a los que tiene derecho. Despu\u00e9s de reunir las pruebas necesarias para demostrar su reclamo, su abogado abogar\u00e1 agresivamente por el derecho de su familia a la compensaci\u00f3n m\u00e1xima.<\/p>\n<h2>P\u00f3ngase en contacto con DuBois Law Group<\/h2>\n<p>Si ha perdido a un ser querido por culpa de otra persona, es posible que tenga motivos para presentar una demanda por homicidio culposo. En estas situaciones, el <a href=\"\/es\/practice-areas\/wrongful-death\/\">abogado de homicidio culposo en Portland<\/a> en DuBois Law Group puede ayudar. <a href=\"\/es\/contact-us\/\">P\u00f3ngase en contacto con nosotros<\/a> hoy para programar su consulta gratuita y aprender m\u00e1s acerca de sus opciones legales. (503) 222-4411<\/p>","protected":false},"excerpt":{"rendered":"<p>Losing a loved one is a painful and difficult experience. This pain can feel even more unbearable if someone else\u2019s negligent actions caused your loved one\u2019s death. In these situations, you could hold the at-fault party accountable through a wrongful death lawsuit\u2014and the Gresham wrongful death attorneys at DuBois Law Group can help. Our lawyers&#8230; <a class=\"fancy_link\" href=\"https:\/\/pdxinjurylaw.com\/es\/gresham-wrongful-death-lawyer\/\">leer m\u00e1s<\/a><\/p>","protected":false},"author":7,"featured_media":0,"parent":0,"menu_order":0,"comment_status":"closed","ping_status":"closed","template":"","meta":{"footnotes":"","_content_optimizer_report_url":"","_content_optimizer_report_added":"","_content_optimizer_keyword_hide_used":false,"_content_optimizer_keyword_hide_above_average":false,"_content_optimizer_entities_hide_used":false,"_content_optimizer_entities_hide_above_average":false,"_content_optimizer_headings_hide_used":false,"_content_optimizer_questions_hide_used":false,"_content_optimizer_tab_active":"","_content_optimizer_report_url_ce":"","_content_optimizer_report_added_ce":"","_content_optimizer_keyword_hide_used_ce":false,"_content_optimizer_keyword_hide_above_average_ce":false,"_content_optimizer_entities_hide_used_ce":false,"_content_optimizer_entities_hide_above_average_ce":false,"_content_optimizer_headings_hide_used_ce":false,"_content_optimizer_questions_hide_used_ce":false,"_content_optimizer_tab_active_ce":""},"class_list":["post-65197","page","type-page","status-publish","hentry"],"yoast_head":"<!-- This site is optimized with the Yoast SEO plugin v27.4 - https:\/\/yoast.com\/product\/yoast-seo-wordpress\/ -->\n<title>Gresham Wrongful Death Attorney<\/title>\n<meta name=\"description\" content=\"Looking for a wrongful death attorney in Gresham? Call the expert lawyers at DuBois Law Group at (503) 222-4411 for a FREE consultation today!\" \/>\n<meta name=\"robots\" content=\"index, follow, max-snippet:-1, max-image-preview:large, max-video-preview:-1\" \/>\n<link rel=\"canonical\" href=\"https:\/\/pdxinjurylaw.com\/es\/gresham-wrongful-death-lawyer\/\" \/>\n<meta property=\"og:locale\" content=\"es_MX\" \/>\n<meta property=\"og:type\" content=\"article\" \/>\n<meta property=\"og:title\" content=\"Gresham Wrongful Death Attorney\" \/>\n<meta property=\"og:description\" content=\"Looking for a wrongful death attorney in Gresham? Call the expert lawyers at DuBois Law Group at (503) 222-4411 for a FREE consultation today!\" \/>\n<meta property=\"og:url\" content=\"https:\/\/pdxinjurylaw.com\/es\/gresham-wrongful-death-lawyer\/\" \/>\n<meta property=\"og:site_name\" content=\"PDX Injury Law\" \/>\n<meta property=\"article:modified_time\" content=\"2022-07-05T21:25:44+00:00\" \/>\n<meta name=\"twitter:card\" content=\"summary_large_image\" \/>\n<meta name=\"twitter:label1\" content=\"Tiempo de lectura\" \/>\n\t<meta name=\"twitter:data1\" content=\"3 minutos\" \/>\n<script type=\"application\/ld+json\" class=\"yoast-schema-graph\">{\"@context\":\"https:\\\/\\\/schema.org\",\"@graph\":[{\"@type\":\"WebPage\",\"@id\":\"https:\\\/\\\/pdxinjurylaw.com\\\/gresham-wrongful-death-lawyer\\\/\",\"url\":\"https:\\\/\\\/pdxinjurylaw.com\\\/gresham-wrongful-death-lawyer\\\/\",\"name\":\"Gresham Wrongful Death Attorney\",\"isPartOf\":{\"@id\":\"https:\\\/\\\/pdxinjurylaw.com\\\/#website\"},\"datePublished\":\"2021-08-10T02:08:36+00:00\",\"dateModified\":\"2022-07-05T21:25:44+00:00\",\"description\":\"Looking for a wrongful death attorney in Gresham? Call the expert lawyers at DuBois Law Group at (503) 222-4411 for a FREE consultation today!\",\"breadcrumb\":{\"@id\":\"https:\\\/\\\/pdxinjurylaw.com\\\/gresham-wrongful-death-lawyer\\\/#breadcrumb\"},\"inLanguage\":\"es\",\"potentialAction\":[{\"@type\":\"ReadAction\",\"target\":[\"https:\\\/\\\/pdxinjurylaw.com\\\/gresham-wrongful-death-lawyer\\\/\"]}]},{\"@type\":\"BreadcrumbList\",\"@id\":\"https:\\\/\\\/pdxinjurylaw.com\\\/gresham-wrongful-death-lawyer\\\/#breadcrumb\",\"itemListElement\":[{\"@type\":\"ListItem\",\"position\":1,\"name\":\"Home\",\"item\":\"https:\\\/\\\/pdxinjurylaw.com\\\/\"},{\"@type\":\"ListItem\",\"position\":2,\"name\":\"Gresham Wrongful Death Lawyer\"}]},{\"@type\":\"WebSite\",\"@id\":\"https:\\\/\\\/pdxinjurylaw.com\\\/#website\",\"url\":\"https:\\\/\\\/pdxinjurylaw.com\\\/\",\"name\":\"PDX Injury Law\",\"description\":\"\",\"publisher\":{\"@id\":\"https:\\\/\\\/pdxinjurylaw.com\\\/#organization\"},\"potentialAction\":[{\"@type\":\"SearchAction\",\"target\":{\"@type\":\"EntryPoint\",\"urlTemplate\":\"https:\\\/\\\/pdxinjurylaw.com\\\/?s={search_term_string}\"},\"query-input\":{\"@type\":\"PropertyValueSpecification\",\"valueRequired\":true,\"valueName\":\"search_term_string\"}}],\"inLanguage\":\"es\"},{\"@type\":\"Organization\",\"@id\":\"https:\\\/\\\/pdxinjurylaw.com\\\/#organization\",\"name\":\"PDX Injury Law\",\"url\":\"https:\\\/\\\/pdxinjurylaw.com\\\/\",\"logo\":{\"@type\":\"ImageObject\",\"inLanguage\":\"es\",\"@id\":\"https:\\\/\\\/pdxinjurylaw.com\\\/#\\\/schema\\\/logo\\\/image\\\/\",\"url\":\"https:\\\/\\\/530710ec99.nxcli.io\\\/wp-content\\\/uploads\\\/2021\\\/06\\\/logo-main.png\",\"contentUrl\":\"https:\\\/\\\/530710ec99.nxcli.io\\\/wp-content\\\/uploads\\\/2021\\\/06\\\/logo-main.png\",\"width\":368,\"height\":63,\"caption\":\"PDX Injury Law\"},\"image\":{\"@id\":\"https:\\\/\\\/pdxinjurylaw.com\\\/#\\\/schema\\\/logo\\\/image\\\/\"}}]}<\/script>\n<!-- \/ Yoast SEO plugin. -->","yoast_head_json":{"title":"Gresham Wrongful Death Attorney","description":"Looking for a wrongful death attorney in Gresham? Call the expert lawyers at DuBois Law Group at (503) 222-4411 for a FREE consultation today!","robots":{"index":"index","follow":"follow","max-snippet":"max-snippet:-1","max-image-preview":"max-image-preview:large","max-video-preview":"max-video-preview:-1"},"canonical":"https:\/\/pdxinjurylaw.com\/es\/gresham-wrongful-death-lawyer\/","og_locale":"es_MX","og_type":"article","og_title":"Gresham Wrongful Death Attorney","og_description":"Looking for a wrongful death attorney in Gresham? Call the expert lawyers at DuBois Law Group at (503) 222-4411 for a FREE consultation today!","og_url":"https:\/\/pdxinjurylaw.com\/es\/gresham-wrongful-death-lawyer\/","og_site_name":"PDX Injury Law","article_modified_time":"2022-07-05T21:25:44+00:00","twitter_card":"summary_large_image","twitter_misc":{"Tiempo de lectura":"3 minutos"},"schema":{"@context":"https:\/\/schema.org","@graph":[{"@type":"WebPage","@id":"https:\/\/pdxinjurylaw.com\/gresham-wrongful-death-lawyer\/","url":"https:\/\/pdxinjurylaw.com\/gresham-wrongful-death-lawyer\/","name":"Gresham Wrongful Death Attorney","isPartOf":{"@id":"https:\/\/pdxinjurylaw.com\/#website"},"datePublished":"2021-08-10T02:08:36+00:00","dateModified":"2022-07-05T21:25:44+00:00","description":"Looking for a wrongful death attorney in Gresham? Call the expert lawyers at DuBois Law Group at (503) 222-4411 for a FREE consultation today!","breadcrumb":{"@id":"https:\/\/pdxinjurylaw.com\/gresham-wrongful-death-lawyer\/#breadcrumb"},"inLanguage":"es","potentialAction":[{"@type":"ReadAction","target":["https:\/\/pdxinjurylaw.com\/gresham-wrongful-death-lawyer\/"]}]},{"@type":"BreadcrumbList","@id":"https:\/\/pdxinjurylaw.com\/gresham-wrongful-death-lawyer\/#breadcrumb","itemListElement":[{"@type":"ListItem","position":1,"name":"Home","item":"https:\/\/pdxinjurylaw.com\/"},{"@type":"ListItem","position":2,"name":"Gresham Wrongful Death Lawyer"}]},{"@type":"WebSite","@id":"https:\/\/pdxinjurylaw.com\/#website","url":"https:\/\/pdxinjurylaw.com\/","name":"PDX Ley de Lesiones","description":"","publisher":{"@id":"https:\/\/pdxinjurylaw.com\/#organization"},"potentialAction":[{"@type":"SearchAction","target":{"@type":"EntryPoint","urlTemplate":"https:\/\/pdxinjurylaw.com\/?s={search_term_string}"},"query-input":{"@type":"PropertyValueSpecification","valueRequired":true,"valueName":"search_term_string"}}],"inLanguage":"es"},{"@type":"Organization","@id":"https:\/\/pdxinjurylaw.com\/#organization","name":"PDX Ley de Lesiones","url":"https:\/\/pdxinjurylaw.com\/","logo":{"@type":"ImageObject","inLanguage":"es","@id":"https:\/\/pdxinjurylaw.com\/#\/schema\/logo\/image\/","url":"https:\/\/530710ec99.nxcli.io\/wp-content\/uploads\/2021\/06\/logo-main.png","contentUrl":"https:\/\/530710ec99.nxcli.io\/wp-content\/uploads\/2021\/06\/logo-main.png","width":368,"height":63,"caption":"PDX Injury Law"},"image":{"@id":"https:\/\/pdxinjurylaw.com\/#\/schema\/logo\/image\/"}}]}},"acf":[],"_links":{"self":[{"href":"https:\/\/pdxinjurylaw.com\/es\/wp-json\/wp\/v2\/pages\/65197","targetHints":{"allow":["GET"]}}],"collection":[{"href":"https:\/\/pdxinjurylaw.com\/es\/wp-json\/wp\/v2\/pages"}],"about":[{"href":"https:\/\/pdxinjurylaw.com\/es\/wp-json\/wp\/v2\/types\/page"}],"author":[{"embeddable":true,"href":"https:\/\/pdxinjurylaw.com\/es\/wp-json\/wp\/v2\/users\/7"}],"replies":[{"embeddable":true,"href":"https:\/\/pdxinjurylaw.com\/es\/wp-json\/wp\/v2\/comments?post=65197"}],"version-history":[{"count":2,"href":"https:\/\/pdxinjurylaw.com\/es\/wp-json\/wp\/v2\/pages\/65197\/revisions"}],"predecessor-version":[{"id":66826,"href":"https:\/\/pdxinjurylaw.com\/es\/wp-json\/wp\/v2\/pages\/65197\/revisions\/66826"}],"wp:attachment":[{"href":"https:\/\/pdxinjurylaw.com\/es\/wp-json\/wp\/v2\/media?parent=65197"}],"curies":[{"name":"wp","href":"https:\/\/api.w.org\/{rel}","templated":true}]}}