{"id":65195,"date":"2021-08-10T02:08:09","date_gmt":"2021-08-10T02:08:09","guid":{"rendered":"https:\/\/pdxinjurylaw.com\/?page_id=65195"},"modified":"2022-07-05T21:32:10","modified_gmt":"2022-07-05T21:32:10","slug":"gresham-bicycle-accident-attorney","status":"publish","type":"page","link":"https:\/\/pdxinjurylaw.com\/es\/gresham-bicycle-accident-attorney\/","title":{"rendered":"Gresham Abogado de Accidente de Bicicleta"},"content":{"rendered":"<p>En todo Oreg\u00f3n, los residentes conf\u00edan en la bicicleta como medio de transporte y como forma de explorar las atracciones naturales y los paisajes urbanos del estado. Sin embargo, los ciclistas est\u00e1n a menudo en riesgo de una colisi\u00f3n, que puede resultar en lesiones graves y p\u00e9rdidas financieras. Si usted se lesiona en un accidente de bicicleta, usted podr\u00eda presentar una demanda o reclamaci\u00f3n de seguro contra el conductor culpable-y los abogados de accidentes de bicicleta en Gresham de DuBois Law Group pueden luchar por su derecho a una indemnizaci\u00f3n.<\/p>\n<h2>Por qu\u00e9 elegirnos<\/h2>\n<ul>\n<li>Nuestros abogados han recuperado millones de d\u00f3lares en nombre de nuestros clientes. Vamos a abogar incansablemente para asegurar la m\u00e1xima compensaci\u00f3n en su caso.<\/li>\n<li>Nuestra firma opera en base a honorarios de contingencia para una m\u00e1xima asequibilidad. Si no obtenemos compensaci\u00f3n en su caso, usted no deber\u00e1 honorarios legales.<\/li>\n<li>Nos enorgullecemos de ofrecer una comunicaci\u00f3n abierta y honesta a lo largo de su caso. Su abogado siempre ser\u00e1 capaz de responder a sus preguntas y responder a sus preocupaciones.<\/li>\n<\/ul>\n<h2>Lesiones comunes en casos de accidentes de bicicleta<\/h2>\n<p>Debido a la diferencia de tama\u00f1o y peso entre una bicicleta y un veh\u00edculo de motor medio, las colisiones entre ambos pueden dar lugar a accidentes graves y, a veces, mortales. <a href=\"\/es\/gresham-catastrophic-injury-attorney\/\">lesiones catastr\u00f3ficas<\/a>. Afortunadamente nuestro <a href=\"\/es\/gresham-personal-injury-lawyer\/\">Gresham abogados de lesiones personales<\/a> puede ayudarle. Algunas de las lesiones m\u00e1s comunes en accidentes de bicicleta son las siguientes.<\/p>\n<ul>\n<li>Fracturas y esguinces<\/li>\n<li>Cortes y abrasiones<\/li>\n<li>Lesi\u00f3n cerebral traum\u00e1tica<\/li>\n<li>Da\u00f1os en la m\u00e9dula espinal<\/li>\n<li>Lesiones faciales<\/li>\n<li>Rotura de disco<\/li>\n<\/ul>\n<h2>Opciones legales para las v\u00edctimas de accidentes de bicicleta Gresham<\/h2>\n<p>Si se lesiona en un incidente ciclista, puede tener motivos para emprender acciones legales con la ayuda de un <a href=\"\/es\/portland-personal-injury-lawyer\/\">Portland abogado de lesiones<\/a>. Oreg\u00f3n es un estado de seguro de coche de culpa, lo que requiere que todos los conductores a mantener cantidades m\u00ednimas de seguro de responsabilidad civil. Si un conductor es responsable de una colisi\u00f3n, \u00e9l o ella debe utilizar este seguro para pagar por los da\u00f1os de las v\u00edctimas-y estas v\u00edctimas incluyen ciclistas. Como resultado, usted podr\u00eda presentar una demanda por lesiones personales o reclamaci\u00f3n de seguro contra el conductor culpable.<\/p>\n<p>Para conseguir una indemnizaci\u00f3n en su reclamaci\u00f3n, tendr\u00e1 que demostrar que el conductor caus\u00f3 su accidente. En general, tendr\u00e1s que probar cuatro hechos clave para determinar su culpabilidad.<\/p>\n<ul>\n<li>El conductor le deb\u00eda un deber de cuidado. Todos los conductores tienen el deber de respetar las normas de tr\u00e1fico y conducir sus veh\u00edculos con seguridad.<\/li>\n<li>El conductor incumpli\u00f3 su deber de diligencia por negligencia u omisi\u00f3n.<\/li>\n<li>El incumplimiento del conductor caus\u00f3 su accidente y las lesiones resultantes.<\/li>\n<li>Usted sufri\u00f3 da\u00f1os en el accidente que puede cobrar en su demanda.<\/li>\n<\/ul>\n<h2>\u00bfNecesita un abogado de accidentes de bicicleta?<\/h2>\n<p>Navegar por el proceso de reclamaci\u00f3n por accidente de bicicleta puede ser todo un reto, especialmente tras una lesi\u00f3n reciente. No s\u00f3lo tendr\u00e1 que presentar su reclamaci\u00f3n, sino que deber\u00e1 reunir pruebas suficientes para demostrar su derecho a una indemnizaci\u00f3n, calcular sus p\u00e9rdidas y negociar con los representantes de la aseguradora. Tambi\u00e9n tendr\u00e1 que completar el papeleo requerido y cumplir con todos los plazos de presentaci\u00f3n. En estas situaciones, un abogado de accidentes de bicicleta en Gresham puede ayudarle.<\/p>\n<p>Contrataci\u00f3n de un <a href=\"\/es\/practice-areas\/bicycle-accidents\/\">abogado de accidente de bicicleta en Portland<\/a> de DuBois Law Group puede proporcionar varios beneficios a su reclamo. Su abogado se encargar\u00e1 de todos los aspectos de su caso en su nombre y negociar para su mejor resultado posible, la evaluaci\u00f3n de las ofertas de liquidaci\u00f3n que reciba. Despu\u00e9s de recibir atenci\u00f3n m\u00e9dica por su accidente, hable con un abogado tan pronto como sea posible.<\/p>\n<h2>P\u00f3ngase en contacto con DuBois Law Group<\/h2>\n<p>Si usted se lesiona en un accidente de bicicleta en Gresham, conf\u00ede en los abogados de DuBois Law Group para representarlo en su reclamo. Nuestra firma trabajar\u00e1 incansablemente para asegurar la compensaci\u00f3n que necesita para recuperarse. <a href=\"\/es\/contact-us\/\">P\u00f3ngase en contacto con nosotros<\/a> hoy para programar una consulta gratuita y discutir sus opciones legales. (503) 222-4411<\/p>","protected":false},"excerpt":{"rendered":"<p>Throughout Oregon, residents rely on bicycles both as a means of transportation and a way to explore the state\u2019s natural attractions and urban landscapes. However, cyclists are often at risk of a collision, which can result in serious injuries and financial losses. If you are injured in a bicycle accident, you could file a lawsuit&#8230; <a class=\"fancy_link\" href=\"https:\/\/pdxinjurylaw.com\/es\/gresham-bicycle-accident-attorney\/\">leer m\u00e1s<\/a><\/p>","protected":false},"author":7,"featured_media":0,"parent":0,"menu_order":0,"comment_status":"closed","ping_status":"closed","template":"","meta":{"footnotes":"","_content_optimizer_report_url":"","_content_optimizer_report_added":"","_content_optimizer_keyword_hide_used":false,"_content_optimizer_keyword_hide_above_average":false,"_content_optimizer_entities_hide_used":false,"_content_optimizer_entities_hide_above_average":false,"_content_optimizer_headings_hide_used":false,"_content_optimizer_questions_hide_used":false,"_content_optimizer_tab_active":"","_content_optimizer_report_url_ce":"","_content_optimizer_report_added_ce":"","_content_optimizer_keyword_hide_used_ce":false,"_content_optimizer_keyword_hide_above_average_ce":false,"_content_optimizer_entities_hide_used_ce":false,"_content_optimizer_entities_hide_above_average_ce":false,"_content_optimizer_headings_hide_used_ce":false,"_content_optimizer_questions_hide_used_ce":false,"_content_optimizer_tab_active_ce":""},"class_list":["post-65195","page","type-page","status-publish","hentry"],"yoast_head":"<!-- This site is optimized with the Yoast SEO plugin v27.4 - https:\/\/yoast.com\/product\/yoast-seo-wordpress\/ -->\n<title>Gresham Bicycle Accident Attorney<\/title>\n<meta name=\"description\" content=\"Injured in a bicycle accident in Gresham? The lawyers at DuBois Law Group are on your side. Call (503) 222-4411 for a FREE consultation.\" \/>\n<meta name=\"robots\" content=\"index, follow, max-snippet:-1, max-image-preview:large, max-video-preview:-1\" \/>\n<link rel=\"canonical\" href=\"https:\/\/pdxinjurylaw.com\/es\/gresham-bicycle-accident-attorney\/\" \/>\n<meta property=\"og:locale\" content=\"es_MX\" \/>\n<meta property=\"og:type\" content=\"article\" \/>\n<meta property=\"og:title\" content=\"Gresham Bicycle Accident Attorney\" \/>\n<meta property=\"og:description\" content=\"Injured in a bicycle accident in Gresham? The lawyers at DuBois Law Group are on your side. Call (503) 222-4411 for a FREE consultation.\" \/>\n<meta property=\"og:url\" content=\"https:\/\/pdxinjurylaw.com\/es\/gresham-bicycle-accident-attorney\/\" \/>\n<meta property=\"og:site_name\" content=\"PDX Injury Law\" \/>\n<meta property=\"article:modified_time\" content=\"2022-07-05T21:32:10+00:00\" \/>\n<meta name=\"twitter:card\" content=\"summary_large_image\" \/>\n<meta name=\"twitter:label1\" content=\"Tiempo de lectura\" \/>\n\t<meta name=\"twitter:data1\" content=\"3 minutos\" \/>\n<script type=\"application\/ld+json\" class=\"yoast-schema-graph\">{\"@context\":\"https:\\\/\\\/schema.org\",\"@graph\":[{\"@type\":\"WebPage\",\"@id\":\"https:\\\/\\\/pdxinjurylaw.com\\\/gresham-bicycle-accident-attorney\\\/\",\"url\":\"https:\\\/\\\/pdxinjurylaw.com\\\/gresham-bicycle-accident-attorney\\\/\",\"name\":\"Gresham Bicycle Accident Attorney\",\"isPartOf\":{\"@id\":\"https:\\\/\\\/pdxinjurylaw.com\\\/#website\"},\"datePublished\":\"2021-08-10T02:08:09+00:00\",\"dateModified\":\"2022-07-05T21:32:10+00:00\",\"description\":\"Injured in a bicycle accident in Gresham? The lawyers at DuBois Law Group are on your side. Call (503) 222-4411 for a FREE consultation.\",\"breadcrumb\":{\"@id\":\"https:\\\/\\\/pdxinjurylaw.com\\\/gresham-bicycle-accident-attorney\\\/#breadcrumb\"},\"inLanguage\":\"es\",\"potentialAction\":[{\"@type\":\"ReadAction\",\"target\":[\"https:\\\/\\\/pdxinjurylaw.com\\\/gresham-bicycle-accident-attorney\\\/\"]}]},{\"@type\":\"BreadcrumbList\",\"@id\":\"https:\\\/\\\/pdxinjurylaw.com\\\/gresham-bicycle-accident-attorney\\\/#breadcrumb\",\"itemListElement\":[{\"@type\":\"ListItem\",\"position\":1,\"name\":\"Home\",\"item\":\"https:\\\/\\\/pdxinjurylaw.com\\\/\"},{\"@type\":\"ListItem\",\"position\":2,\"name\":\"Gresham Bicycle Accident Lawyer\"}]},{\"@type\":\"WebSite\",\"@id\":\"https:\\\/\\\/pdxinjurylaw.com\\\/#website\",\"url\":\"https:\\\/\\\/pdxinjurylaw.com\\\/\",\"name\":\"PDX Injury Law\",\"description\":\"\",\"publisher\":{\"@id\":\"https:\\\/\\\/pdxinjurylaw.com\\\/#organization\"},\"potentialAction\":[{\"@type\":\"SearchAction\",\"target\":{\"@type\":\"EntryPoint\",\"urlTemplate\":\"https:\\\/\\\/pdxinjurylaw.com\\\/?s={search_term_string}\"},\"query-input\":{\"@type\":\"PropertyValueSpecification\",\"valueRequired\":true,\"valueName\":\"search_term_string\"}}],\"inLanguage\":\"es\"},{\"@type\":\"Organization\",\"@id\":\"https:\\\/\\\/pdxinjurylaw.com\\\/#organization\",\"name\":\"PDX Injury Law\",\"url\":\"https:\\\/\\\/pdxinjurylaw.com\\\/\",\"logo\":{\"@type\":\"ImageObject\",\"inLanguage\":\"es\",\"@id\":\"https:\\\/\\\/pdxinjurylaw.com\\\/#\\\/schema\\\/logo\\\/image\\\/\",\"url\":\"https:\\\/\\\/530710ec99.nxcli.io\\\/wp-content\\\/uploads\\\/2021\\\/06\\\/logo-main.png\",\"contentUrl\":\"https:\\\/\\\/530710ec99.nxcli.io\\\/wp-content\\\/uploads\\\/2021\\\/06\\\/logo-main.png\",\"width\":368,\"height\":63,\"caption\":\"PDX Injury Law\"},\"image\":{\"@id\":\"https:\\\/\\\/pdxinjurylaw.com\\\/#\\\/schema\\\/logo\\\/image\\\/\"}}]}<\/script>\n<!-- \/ Yoast SEO plugin. -->","yoast_head_json":{"title":"Gresham Bicycle Accident Attorney","description":"Injured in a bicycle accident in Gresham? The lawyers at DuBois Law Group are on your side. Call (503) 222-4411 for a FREE consultation.","robots":{"index":"index","follow":"follow","max-snippet":"max-snippet:-1","max-image-preview":"max-image-preview:large","max-video-preview":"max-video-preview:-1"},"canonical":"https:\/\/pdxinjurylaw.com\/es\/gresham-bicycle-accident-attorney\/","og_locale":"es_MX","og_type":"article","og_title":"Gresham Bicycle Accident Attorney","og_description":"Injured in a bicycle accident in Gresham? The lawyers at DuBois Law Group are on your side. Call (503) 222-4411 for a FREE consultation.","og_url":"https:\/\/pdxinjurylaw.com\/es\/gresham-bicycle-accident-attorney\/","og_site_name":"PDX Injury Law","article_modified_time":"2022-07-05T21:32:10+00:00","twitter_card":"summary_large_image","twitter_misc":{"Tiempo de lectura":"3 minutos"},"schema":{"@context":"https:\/\/schema.org","@graph":[{"@type":"WebPage","@id":"https:\/\/pdxinjurylaw.com\/gresham-bicycle-accident-attorney\/","url":"https:\/\/pdxinjurylaw.com\/gresham-bicycle-accident-attorney\/","name":"Gresham Bicycle Accident Attorney","isPartOf":{"@id":"https:\/\/pdxinjurylaw.com\/#website"},"datePublished":"2021-08-10T02:08:09+00:00","dateModified":"2022-07-05T21:32:10+00:00","description":"Injured in a bicycle accident in Gresham? The lawyers at DuBois Law Group are on your side. Call (503) 222-4411 for a FREE consultation.","breadcrumb":{"@id":"https:\/\/pdxinjurylaw.com\/gresham-bicycle-accident-attorney\/#breadcrumb"},"inLanguage":"es","potentialAction":[{"@type":"ReadAction","target":["https:\/\/pdxinjurylaw.com\/gresham-bicycle-accident-attorney\/"]}]},{"@type":"BreadcrumbList","@id":"https:\/\/pdxinjurylaw.com\/gresham-bicycle-accident-attorney\/#breadcrumb","itemListElement":[{"@type":"ListItem","position":1,"name":"Home","item":"https:\/\/pdxinjurylaw.com\/"},{"@type":"ListItem","position":2,"name":"Gresham Bicycle Accident Lawyer"}]},{"@type":"WebSite","@id":"https:\/\/pdxinjurylaw.com\/#website","url":"https:\/\/pdxinjurylaw.com\/","name":"PDX Ley de Lesiones","description":"","publisher":{"@id":"https:\/\/pdxinjurylaw.com\/#organization"},"potentialAction":[{"@type":"SearchAction","target":{"@type":"EntryPoint","urlTemplate":"https:\/\/pdxinjurylaw.com\/?s={search_term_string}"},"query-input":{"@type":"PropertyValueSpecification","valueRequired":true,"valueName":"search_term_string"}}],"inLanguage":"es"},{"@type":"Organization","@id":"https:\/\/pdxinjurylaw.com\/#organization","name":"PDX Ley de Lesiones","url":"https:\/\/pdxinjurylaw.com\/","logo":{"@type":"ImageObject","inLanguage":"es","@id":"https:\/\/pdxinjurylaw.com\/#\/schema\/logo\/image\/","url":"https:\/\/530710ec99.nxcli.io\/wp-content\/uploads\/2021\/06\/logo-main.png","contentUrl":"https:\/\/530710ec99.nxcli.io\/wp-content\/uploads\/2021\/06\/logo-main.png","width":368,"height":63,"caption":"PDX Injury Law"},"image":{"@id":"https:\/\/pdxinjurylaw.com\/#\/schema\/logo\/image\/"}}]}},"acf":[],"_links":{"self":[{"href":"https:\/\/pdxinjurylaw.com\/es\/wp-json\/wp\/v2\/pages\/65195","targetHints":{"allow":["GET"]}}],"collection":[{"href":"https:\/\/pdxinjurylaw.com\/es\/wp-json\/wp\/v2\/pages"}],"about":[{"href":"https:\/\/pdxinjurylaw.com\/es\/wp-json\/wp\/v2\/types\/page"}],"author":[{"embeddable":true,"href":"https:\/\/pdxinjurylaw.com\/es\/wp-json\/wp\/v2\/users\/7"}],"replies":[{"embeddable":true,"href":"https:\/\/pdxinjurylaw.com\/es\/wp-json\/wp\/v2\/comments?post=65195"}],"version-history":[{"count":2,"href":"https:\/\/pdxinjurylaw.com\/es\/wp-json\/wp\/v2\/pages\/65195\/revisions"}],"predecessor-version":[{"id":66828,"href":"https:\/\/pdxinjurylaw.com\/es\/wp-json\/wp\/v2\/pages\/65195\/revisions\/66828"}],"wp:attachment":[{"href":"https:\/\/pdxinjurylaw.com\/es\/wp-json\/wp\/v2\/media?parent=65195"}],"curies":[{"name":"wp","href":"https:\/\/api.w.org\/{rel}","templated":true}]}}