{"id":65191,"date":"2021-08-10T02:05:58","date_gmt":"2021-08-10T02:05:58","guid":{"rendered":"https:\/\/pdxinjurylaw.com\/?page_id=65191"},"modified":"2021-09-07T20:18:55","modified_gmt":"2021-09-07T20:18:55","slug":"gresham-pedestrian-accident-attorney","status":"publish","type":"page","link":"https:\/\/pdxinjurylaw.com\/es\/gresham-pedestrian-accident-attorney\/","title":{"rendered":"Gresham Pedestrian Accident Attorney"},"content":{"rendered":"<p>Todos los d\u00edas, los peatones de Gresham deben tomar medidas cuidadosas para protegerse mientras caminan, manteni\u00e9ndose conscientes de su entorno para cruzar en las intersecciones adecuadas. Los automovilistas tambi\u00e9n deben tener cuidado alrededor de los peatones, pero no todos los conductores mantienen este deber de cuidado, dando lugar a accidentes graves.<\/p>\n<p>Si usted se lesiona en un accidente de peatones, usted podr\u00eda tener el conductor culpable responsable de sus da\u00f1os-y los abogados de accidentes de peatones en Gresham DuBois Law Group pueden ayudar. Hemos representado a cientos de residentes de Oregon en sus demandas contra los conductores negligentes o descuidados y lucharemos incansablemente para proteger sus derechos.<\/p>\n<h2>Por qu\u00e9 elegirnos<\/h2>\n<ul>\n<li>Nuestra firma ha recuperado millones de d\u00f3lares en nombre de nuestros clientes y abogar\u00e1 agresivamente para lograr la m\u00e1xima compensaci\u00f3n en su caso.<\/li>\n<li>Nuestra <a href=\"\/es\/gresham-personal-injury-lawyer\/\">Gresham abogados de lesiones personales<\/a> nos ocupamos de un n\u00famero limitado de casos a la vez, lo que significa que podemos ofrecerle la atenci\u00f3n personalizada que se merece.<\/li>\n<li>Nuestro bufete opera sobre la base de honorarios condicionales, lo que significa que si no conseguimos una indemnizaci\u00f3n en su nombre, usted no tiene que pagar honorarios legales.<\/li>\n<\/ul>\n<h2>Causas comunes de accidentes de peatones en Gresham<\/h2>\n<p>Los accidentes de peatones se producen por varias razones. La mala iluminaci\u00f3n, las inclemencias del tiempo y las condiciones peligrosas de la carretera a veces contribuyen a estos accidentes. En muchos casos, sin embargo, los comportamientos negligentes de los conductores conducen a colisiones graves que pueden resultar en <a href=\"\/es\/gresham-wrongful-death-lawyer\/\">muerte por negligencia<\/a>. Algunas de las causas m\u00e1s frecuentes de accidentes de peatones en Gresham son las siguientes.<\/p>\n<ul>\n<li>No detenerse ante un sem\u00e1foro en rojo o una se\u00f1al de stop<\/li>\n<li>No ceder el paso<\/li>\n<li>Conducci\u00f3n distra\u00edda<\/li>\n<li>Conducci\u00f3n fatigada<\/li>\n<li>Conducir por encima del l\u00edmite de velocidad<\/li>\n<li>Girar sin comprobar si hay peatones cruzando<\/li>\n<li>Conducci\u00f3n bajo los efectos del alcohol<\/li>\n<li>Salir marcha atr\u00e1s de un camino de entrada, plaza de aparcamiento o callej\u00f3n sin comprobar si hay peatones.<\/li>\n<\/ul>\n<h2>Opciones legales para peatones lesionados<\/h2>\n<p>Un accidente de peat\u00f3n puede provocar <a href=\"\/es\/gresham-catastrophic-injury-attorney\/\">lesiones catastr\u00f3ficas<\/a>En muchos casos, las secuelas del accidente se traducen en p\u00e9rdida de salarios, da\u00f1os materiales y discapacidad permanente que requiere tratamiento a largo plazo y adaptaciones especializadas. En muchos casos, las secuelas del accidente se traducen en p\u00e9rdida de salarios, da\u00f1os materiales y discapacidad permanente que requiere tratamiento a largo plazo y adaptaciones especializadas. Si usted se lesiona en un accidente de peatones debido a la negligencia de un conductor, usted podr\u00eda hacerlo responsable a trav\u00e9s de una reclamaci\u00f3n al seguro o una demanda por lesiones personales. Aseg\u00farese de utilizar la ayuda de uno de nuestros abogados de accidentes de peatones Gresham para ayudar.<\/p>\n<p>Oregon es un estado de accidente basado en la culpa que requiere que los conductores negligentes paguen por las p\u00e9rdidas de sus v\u00edctimas, que incluyen otros conductores, pasajeros y peatones. Para asegurar esta compensaci\u00f3n, usted tendr\u00e1 que demostrar que las acciones del otro conductor causaron el accidente y sus da\u00f1os resultantes. En estas situaciones, un abogado de accidentes de peatones de DuBois Law Group puede investigar su caso y reunir las pruebas que necesita para establecer su derecho a una indemnizaci\u00f3n.<\/p>\n<h2>Qu\u00e9 hacer tras un accidente de peat\u00f3n<\/h2>\n<p>Los momentos posteriores a un accidente de peat\u00f3n pueden ser aterradores y desorientadores. Sin embargo, usted tendr\u00e1 que tomar medidas cuidadosas despu\u00e9s de la colisi\u00f3n para protegerse a s\u00ed mismo y su reclamaci\u00f3n futura.<\/p>\n<ul>\n<li>Primero, <strong>llamar al 911<\/strong> e informe del accidente a las fuerzas de seguridad.<\/li>\n<li>Siguiente, <strong>busque atenci\u00f3n m\u00e9dica de urgencia<\/strong>aunque no se sienta herido. Guarde todos los registros relacionados con su tratamiento.<\/li>\n<li>Si puede hacerlo con seguridad, <strong>tomar fotograf\u00edas<\/strong> de las lesiones visibles, el lugar del accidente y los da\u00f1os materiales.<\/li>\n<li><strong>Intercambiar informaci\u00f3n de contacto y del seguro<\/strong> con el conductor culpable.<\/li>\n<li><strong>Pregunta a cualquier testigo<\/strong> en la zona para obtener su informaci\u00f3n de contacto.<\/li>\n<li><strong>P\u00f3ngase en contacto con un abogado de accidentes de peatones Gresham<\/strong> lo antes posible para hablar de su caso.<\/li>\n<\/ul>\n<h2>P\u00f3ngase en contacto con DuBois Law Group<\/h2>\n<p>Si usted se lesiona en un accidente de peatones, usted merece justicia-y los abogados de DuBois Law Group puede ayudar. Vamos a abogar incansablemente por su derecho a la compensaci\u00f3n m\u00e1xima. <a href=\"\/es\/contact-us\/\">P\u00f3ngase en contacto con nosotros<\/a> hoy para aprender m\u00e1s sobre sus opciones legales y programar una consulta gratis con un abogado de accidentes de peatones en Gresham. (503) 222-4411<\/p>","protected":false},"excerpt":{"rendered":"<p>Every day, the pedestrians of Gresham must take careful steps to protect themselves while walking, keeping aware of their surroundings to crossing at the proper intersections. Motorists must also be careful around pedestrians, but not all drivers uphold this duty of care, leading to serious accidents. If you are injured in a pedestrian accident, you&#8230; <a class=\"fancy_link\" href=\"https:\/\/pdxinjurylaw.com\/es\/gresham-pedestrian-accident-attorney\/\">leer m\u00e1s<\/a><\/p>","protected":false},"author":7,"featured_media":0,"parent":0,"menu_order":0,"comment_status":"closed","ping_status":"closed","template":"","meta":{"footnotes":"","_content_optimizer_report_url":"","_content_optimizer_report_added":"","_content_optimizer_keyword_hide_used":false,"_content_optimizer_keyword_hide_above_average":false,"_content_optimizer_entities_hide_used":false,"_content_optimizer_entities_hide_above_average":false,"_content_optimizer_headings_hide_used":false,"_content_optimizer_questions_hide_used":false,"_content_optimizer_tab_active":"","_content_optimizer_report_url_ce":"","_content_optimizer_report_added_ce":"","_content_optimizer_keyword_hide_used_ce":false,"_content_optimizer_keyword_hide_above_average_ce":false,"_content_optimizer_entities_hide_used_ce":false,"_content_optimizer_entities_hide_above_average_ce":false,"_content_optimizer_headings_hide_used_ce":false,"_content_optimizer_questions_hide_used_ce":false,"_content_optimizer_tab_active_ce":""},"class_list":["post-65191","page","type-page","status-publish","hentry"],"yoast_head":"<!-- This site is optimized with the Yoast SEO plugin v27.4 - https:\/\/yoast.com\/product\/yoast-seo-wordpress\/ -->\n<title>Gresham Pedestrian Accident Lawyer<\/title>\n<meta name=\"description\" content=\"Injured as a pedestrian in Gresham? Call the attorneys at DuBois Law Group at (503) 222-4411 for a FREE consultation.\" \/>\n<meta name=\"robots\" content=\"index, follow, max-snippet:-1, max-image-preview:large, max-video-preview:-1\" \/>\n<link rel=\"canonical\" href=\"https:\/\/pdxinjurylaw.com\/es\/gresham-pedestrian-accident-attorney\/\" \/>\n<meta property=\"og:locale\" content=\"es_MX\" \/>\n<meta property=\"og:type\" content=\"article\" \/>\n<meta property=\"og:title\" content=\"Gresham Pedestrian Accident Lawyer\" \/>\n<meta property=\"og:description\" content=\"Injured as a pedestrian in Gresham? Call the attorneys at DuBois Law Group at (503) 222-4411 for a FREE consultation.\" \/>\n<meta property=\"og:url\" content=\"https:\/\/pdxinjurylaw.com\/es\/gresham-pedestrian-accident-attorney\/\" \/>\n<meta property=\"og:site_name\" content=\"PDX Injury Law\" \/>\n<meta property=\"article:modified_time\" content=\"2021-09-07T20:18:55+00:00\" \/>\n<meta name=\"twitter:card\" content=\"summary_large_image\" \/>\n<meta name=\"twitter:label1\" content=\"Tiempo de lectura\" \/>\n\t<meta name=\"twitter:data1\" content=\"3 minutos\" \/>\n<script type=\"application\/ld+json\" class=\"yoast-schema-graph\">{\"@context\":\"https:\\\/\\\/schema.org\",\"@graph\":[{\"@type\":\"WebPage\",\"@id\":\"https:\\\/\\\/pdxinjurylaw.com\\\/gresham-pedestrian-accident-attorney\\\/\",\"url\":\"https:\\\/\\\/pdxinjurylaw.com\\\/gresham-pedestrian-accident-attorney\\\/\",\"name\":\"Gresham Pedestrian Accident Lawyer\",\"isPartOf\":{\"@id\":\"https:\\\/\\\/pdxinjurylaw.com\\\/#website\"},\"datePublished\":\"2021-08-10T02:05:58+00:00\",\"dateModified\":\"2021-09-07T20:18:55+00:00\",\"description\":\"Injured as a pedestrian in Gresham? Call the attorneys at DuBois Law Group at (503) 222-4411 for a FREE consultation.\",\"breadcrumb\":{\"@id\":\"https:\\\/\\\/pdxinjurylaw.com\\\/gresham-pedestrian-accident-attorney\\\/#breadcrumb\"},\"inLanguage\":\"es\",\"potentialAction\":[{\"@type\":\"ReadAction\",\"target\":[\"https:\\\/\\\/pdxinjurylaw.com\\\/gresham-pedestrian-accident-attorney\\\/\"]}]},{\"@type\":\"BreadcrumbList\",\"@id\":\"https:\\\/\\\/pdxinjurylaw.com\\\/gresham-pedestrian-accident-attorney\\\/#breadcrumb\",\"itemListElement\":[{\"@type\":\"ListItem\",\"position\":1,\"name\":\"Home\",\"item\":\"https:\\\/\\\/pdxinjurylaw.com\\\/\"},{\"@type\":\"ListItem\",\"position\":2,\"name\":\"Gresham Pedestrian Accident Attorney\"}]},{\"@type\":\"WebSite\",\"@id\":\"https:\\\/\\\/pdxinjurylaw.com\\\/#website\",\"url\":\"https:\\\/\\\/pdxinjurylaw.com\\\/\",\"name\":\"PDX Injury Law\",\"description\":\"\",\"publisher\":{\"@id\":\"https:\\\/\\\/pdxinjurylaw.com\\\/#organization\"},\"potentialAction\":[{\"@type\":\"SearchAction\",\"target\":{\"@type\":\"EntryPoint\",\"urlTemplate\":\"https:\\\/\\\/pdxinjurylaw.com\\\/?s={search_term_string}\"},\"query-input\":{\"@type\":\"PropertyValueSpecification\",\"valueRequired\":true,\"valueName\":\"search_term_string\"}}],\"inLanguage\":\"es\"},{\"@type\":\"Organization\",\"@id\":\"https:\\\/\\\/pdxinjurylaw.com\\\/#organization\",\"name\":\"PDX Injury Law\",\"url\":\"https:\\\/\\\/pdxinjurylaw.com\\\/\",\"logo\":{\"@type\":\"ImageObject\",\"inLanguage\":\"es\",\"@id\":\"https:\\\/\\\/pdxinjurylaw.com\\\/#\\\/schema\\\/logo\\\/image\\\/\",\"url\":\"https:\\\/\\\/530710ec99.nxcli.io\\\/wp-content\\\/uploads\\\/2021\\\/06\\\/logo-main.png\",\"contentUrl\":\"https:\\\/\\\/530710ec99.nxcli.io\\\/wp-content\\\/uploads\\\/2021\\\/06\\\/logo-main.png\",\"width\":368,\"height\":63,\"caption\":\"PDX Injury Law\"},\"image\":{\"@id\":\"https:\\\/\\\/pdxinjurylaw.com\\\/#\\\/schema\\\/logo\\\/image\\\/\"}}]}<\/script>\n<!-- \/ Yoast SEO plugin. -->","yoast_head_json":{"title":"Gresham Pedestrian Accident Lawyer","description":"Injured as a pedestrian in Gresham? Call the attorneys at DuBois Law Group at (503) 222-4411 for a FREE consultation.","robots":{"index":"index","follow":"follow","max-snippet":"max-snippet:-1","max-image-preview":"max-image-preview:large","max-video-preview":"max-video-preview:-1"},"canonical":"https:\/\/pdxinjurylaw.com\/es\/gresham-pedestrian-accident-attorney\/","og_locale":"es_MX","og_type":"article","og_title":"Gresham Pedestrian Accident Lawyer","og_description":"Injured as a pedestrian in Gresham? Call the attorneys at DuBois Law Group at (503) 222-4411 for a FREE consultation.","og_url":"https:\/\/pdxinjurylaw.com\/es\/gresham-pedestrian-accident-attorney\/","og_site_name":"PDX Injury Law","article_modified_time":"2021-09-07T20:18:55+00:00","twitter_card":"summary_large_image","twitter_misc":{"Tiempo de lectura":"3 minutos"},"schema":{"@context":"https:\/\/schema.org","@graph":[{"@type":"WebPage","@id":"https:\/\/pdxinjurylaw.com\/gresham-pedestrian-accident-attorney\/","url":"https:\/\/pdxinjurylaw.com\/gresham-pedestrian-accident-attorney\/","name":"Gresham Pedestrian Accident Lawyer","isPartOf":{"@id":"https:\/\/pdxinjurylaw.com\/#website"},"datePublished":"2021-08-10T02:05:58+00:00","dateModified":"2021-09-07T20:18:55+00:00","description":"Injured as a pedestrian in Gresham? Call the attorneys at DuBois Law Group at (503) 222-4411 for a FREE consultation.","breadcrumb":{"@id":"https:\/\/pdxinjurylaw.com\/gresham-pedestrian-accident-attorney\/#breadcrumb"},"inLanguage":"es","potentialAction":[{"@type":"ReadAction","target":["https:\/\/pdxinjurylaw.com\/gresham-pedestrian-accident-attorney\/"]}]},{"@type":"BreadcrumbList","@id":"https:\/\/pdxinjurylaw.com\/gresham-pedestrian-accident-attorney\/#breadcrumb","itemListElement":[{"@type":"ListItem","position":1,"name":"Home","item":"https:\/\/pdxinjurylaw.com\/"},{"@type":"ListItem","position":2,"name":"Gresham Pedestrian Accident Attorney"}]},{"@type":"WebSite","@id":"https:\/\/pdxinjurylaw.com\/#website","url":"https:\/\/pdxinjurylaw.com\/","name":"PDX Ley de Lesiones","description":"","publisher":{"@id":"https:\/\/pdxinjurylaw.com\/#organization"},"potentialAction":[{"@type":"SearchAction","target":{"@type":"EntryPoint","urlTemplate":"https:\/\/pdxinjurylaw.com\/?s={search_term_string}"},"query-input":{"@type":"PropertyValueSpecification","valueRequired":true,"valueName":"search_term_string"}}],"inLanguage":"es"},{"@type":"Organization","@id":"https:\/\/pdxinjurylaw.com\/#organization","name":"PDX Ley de Lesiones","url":"https:\/\/pdxinjurylaw.com\/","logo":{"@type":"ImageObject","inLanguage":"es","@id":"https:\/\/pdxinjurylaw.com\/#\/schema\/logo\/image\/","url":"https:\/\/530710ec99.nxcli.io\/wp-content\/uploads\/2021\/06\/logo-main.png","contentUrl":"https:\/\/530710ec99.nxcli.io\/wp-content\/uploads\/2021\/06\/logo-main.png","width":368,"height":63,"caption":"PDX Injury Law"},"image":{"@id":"https:\/\/pdxinjurylaw.com\/#\/schema\/logo\/image\/"}}]}},"acf":[],"_links":{"self":[{"href":"https:\/\/pdxinjurylaw.com\/es\/wp-json\/wp\/v2\/pages\/65191","targetHints":{"allow":["GET"]}}],"collection":[{"href":"https:\/\/pdxinjurylaw.com\/es\/wp-json\/wp\/v2\/pages"}],"about":[{"href":"https:\/\/pdxinjurylaw.com\/es\/wp-json\/wp\/v2\/types\/page"}],"author":[{"embeddable":true,"href":"https:\/\/pdxinjurylaw.com\/es\/wp-json\/wp\/v2\/users\/7"}],"replies":[{"embeddable":true,"href":"https:\/\/pdxinjurylaw.com\/es\/wp-json\/wp\/v2\/comments?post=65191"}],"version-history":[{"count":0,"href":"https:\/\/pdxinjurylaw.com\/es\/wp-json\/wp\/v2\/pages\/65191\/revisions"}],"wp:attachment":[{"href":"https:\/\/pdxinjurylaw.com\/es\/wp-json\/wp\/v2\/media?parent=65191"}],"curies":[{"name":"wp","href":"https:\/\/api.w.org\/{rel}","templated":true}]}}