{"id":65187,"date":"2021-08-10T02:03:59","date_gmt":"2021-08-10T02:03:59","guid":{"rendered":"https:\/\/pdxinjurylaw.com\/?page_id=65187"},"modified":"2022-06-20T17:05:19","modified_gmt":"2022-06-20T17:05:19","slug":"gresham-car-accident-attorney","status":"publish","type":"page","link":"https:\/\/pdxinjurylaw.com\/es\/gresham-car-accident-attorney\/","title":{"rendered":"Gresham Abogado de Accidente de Coche"},"content":{"rendered":"<p>Un accidente de coche puede alterar gravemente su vida, lo que lleva a dificultades financieras, luchas emocionales y lesiones f\u00edsicas graves. Si usted se lesiona en una colisi\u00f3n en Gresham, Oregon y alguien m\u00e1s fue responsable del accidente, usted puede ser elegible para la acci\u00f3n legal-y la <a href=\"\/es\/gresham-personal-injury-lawyer\/\">Gresham abogados de lesiones personales<\/a> en DuBois Law Group puede ayudar.<\/p>\n<p>Nuestros abogados de accidentes de coche Gresham tienen a\u00f1os de experiencia ayudando a los residentes de Oregon asegurar la compensaci\u00f3n que se merecen y luchar\u00e1 incansablemente por su derecho a la m\u00e1xima recuperaci\u00f3n.<\/p>\n<h2>Por qu\u00e9 elegirnos<\/h2>\n<ul>\n<li>Hemos recuperado m\u00e1s de $50 millones en acuerdos y veredictos y defenderemos incansablemente para asegurar el premio m\u00e1s alto posible en su caso.<\/li>\n<li>Nuestra firma opera en un acuerdo de honorarios de contingencia-si no aseguramos la compensaci\u00f3n en su caso, usted no pagar\u00e1 ning\u00fan honorario legal.<\/li>\n<li>Combinamos los recursos y el poder de una gran empresa con la atenci\u00f3n personalizada y el cuidado de una peque\u00f1a empresa. Su abogado de accidente de coche estar\u00e1 disponible para responder a sus preguntas y hablar con usted acerca de su caso a su petici\u00f3n.<\/li>\n<\/ul>\n<h2>Estad\u00edsticas de accidentes de tr\u00e1fico en Oreg\u00f3n<\/h2>\n<p>Cada a\u00f1o, cientos de residentes de Oreg\u00f3n resultan heridos o en accidentes de coche que causan <a href=\"\/es\/gresham-wrongful-death-lawyer\/\">muertes por negligencia<\/a>. Muchas de estas colisiones son evitables y se producen por la negligencia de otro conductor, como el exceso de velocidad, la conducci\u00f3n bajo los efectos del alcohol o no ceder el paso. Seg\u00fan la <a href=\"https:\/\/www.oregon.gov\/odot\/Data\/Documents\/Crash_Summary_2018.pdf\" target=\"_blank\" rel=\"noopener\">Departamento de Transportes de Oreg\u00f3n<\/a> (DOT), 50,099 accidentes automovil\u00edsticos ocurrieron en Oreg\u00f3n durante 2018. De estos accidentes, el DOT de Oreg\u00f3n proporciona las siguientes estad\u00edsticas.<\/p>\n<ul>\n<li><strong>41,073<\/strong> lesiones se produjeron en accidentes de tr\u00e1fico en Oreg\u00f3n durante 2018.<\/li>\n<li><strong>502<\/strong> personas murieron en accidentes de tr\u00e1fico en Oreg\u00f3n en 2018.<\/li>\n<li><strong>379<\/strong> de estos accidentes estuvieron relacionados con la conducci\u00f3n por encima del l\u00edmite de velocidad.<\/li>\n<li><strong>4,886<\/strong> accidentes implicaban a un conductor que no ten\u00eda preferencia de paso.<\/li>\n<li><strong>547<\/strong> accidentes por conducci\u00f3n temeraria.<\/li>\n<li><strong>1,922<\/strong> accidentes con conductores distra\u00eddos o poco atentos.<\/li>\n<\/ul>\n<h2>Opciones legales para las v\u00edctimas de accidentes de coche Gresham<\/h2>\n<p>Oregon es un estado de accidente de coche de culpa, lo que significa que los conductores que causan accidentes de coche son financieramente responsables de los da\u00f1os de sus v\u00edctimas. Estos da\u00f1os pueden incluir gastos m\u00e9dicos, salarios perdidos, reparaciones de veh\u00edculos, y reemplazos, y el dolor y el sufrimiento. Si usted se lesiona en un accidente de coche Gresham, usted podr\u00eda recuperar la compensaci\u00f3n por sus p\u00e9rdidas mediante la presentaci\u00f3n de una reclamaci\u00f3n de seguro o demanda contra el conductor culpable. Hacer esto con la ayuda de un Gresham o <a href=\"\/es\/practice-areas\/portland-car-accident-lawyers\/\">abogado de accidentes de coche en Portland.<\/a><\/p>\n<p>A trav\u00e9s de su reclamaci\u00f3n, tendr\u00e1 que demostrar que el otro conductor implicado en su accidente fue responsable de su colisi\u00f3n. Para ello deber\u00e1 aportar pruebas como informes policiales, historiales m\u00e9dicos, grabaciones de vigilancia y testimonios de testigos. La mayor\u00eda de las reclamaciones por accidentes de tr\u00e1fico comienzan y terminan en el proceso del seguro, procediendo a una demanda si este proceso no tiene \u00e9xito. En algunas situaciones, sin embargo, puede ser en su mejor inter\u00e9s para presentar una demanda desde el principio. Para determinar su camino \u00f3ptimo a la recuperaci\u00f3n, hable con un abogado de accidente de coche Gresham tan pronto como sea posible.<\/p>\n<h2>Qu\u00e9 hacer despu\u00e9s de un accidente de coche Gresham<\/h2>\n<p>Si usted est\u00e1 involucrado en un accidente de coche Gresham, es importante mantener la calma, protegerse a s\u00ed mismo ya su familia, y buscar ayuda tan pronto como sea posible.<\/p>\n<ul>\n<li><strong>Llama al 911<\/strong> e informe del accidente a las fuerzas de seguridad.<\/li>\n<li><strong>Busque atenci\u00f3n m\u00e9dica<\/strong> y guardar todos los registros relacionados con su tratamiento.<\/li>\n<li><strong>Intercambiar informaci\u00f3n de contacto<\/strong> con el otro conductor y con cualquier testigo de la zona.<\/li>\n<li><strong>Tome fotograf\u00edas<\/strong> del lugar del accidente, sus lesiones f\u00edsicas y los da\u00f1os sufridos por el veh\u00edculo.<\/li>\n<li><strong>P\u00f3ngase en contacto con un accidente de coche Gresham<\/strong> abogado o <a href=\"\/es\/portland-personal-injury-lawyer\/\">Portland abogado de lesiones<\/a> lo antes posible.<\/li>\n<\/ul>\n<h2>P\u00f3ngase en contacto con un abogado de accidente de coche Gresham de DuBois Law Group<\/h2>\n<p>Si usted ha sido lesionado en un accidente de coche en Gresham, los abogados de DuBois Law Group puede ayudar. <a href=\"\/es\/contact-us\/\">P\u00f3ngase en contacto con nosotros<\/a> hoy para programar una consulta gratuita y discutir su camino \u00f3ptimo para la m\u00e1xima recuperaci\u00f3n. (503) 222-4411<\/p>","protected":false},"excerpt":{"rendered":"<p>A car accident can severely disrupt your life, leading to financial hardship, emotional struggles, and serious physical injuries. If you are injured in a collision in Gresham, Oregon and someone else was responsible for the crash, you may be eligible for legal action\u2014and the Gresham personal injury attorneys at DuBois Law Group can help. Our&#8230; <a class=\"fancy_link\" href=\"https:\/\/pdxinjurylaw.com\/es\/gresham-car-accident-attorney\/\">leer m\u00e1s<\/a><\/p>","protected":false},"author":7,"featured_media":0,"parent":0,"menu_order":0,"comment_status":"closed","ping_status":"closed","template":"","meta":{"footnotes":"","_content_optimizer_report_url":"","_content_optimizer_report_added":"","_content_optimizer_keyword_hide_used":false,"_content_optimizer_keyword_hide_above_average":false,"_content_optimizer_entities_hide_used":false,"_content_optimizer_entities_hide_above_average":false,"_content_optimizer_headings_hide_used":false,"_content_optimizer_questions_hide_used":false,"_content_optimizer_tab_active":"","_content_optimizer_report_url_ce":"","_content_optimizer_report_added_ce":"","_content_optimizer_keyword_hide_used_ce":false,"_content_optimizer_keyword_hide_above_average_ce":false,"_content_optimizer_entities_hide_used_ce":false,"_content_optimizer_entities_hide_above_average_ce":false,"_content_optimizer_headings_hide_used_ce":false,"_content_optimizer_questions_hide_used_ce":false,"_content_optimizer_tab_active_ce":""},"class_list":["post-65187","page","type-page","status-publish","hentry"],"yoast_head":"<!-- This site is optimized with the Yoast SEO plugin v27.4 - https:\/\/yoast.com\/product\/yoast-seo-wordpress\/ -->\n<title>Gresham Car Accident Attorney<\/title>\n<meta name=\"description\" content=\"Involved in a car accident Gresham? The lawyers at DuBois Law Group will make sure you receive compensation. Call 503) 222-4411 for a FREE consultation.\" \/>\n<meta name=\"robots\" content=\"index, follow, max-snippet:-1, max-image-preview:large, max-video-preview:-1\" \/>\n<link rel=\"canonical\" href=\"https:\/\/pdxinjurylaw.com\/es\/gresham-car-accident-attorney\/\" \/>\n<meta property=\"og:locale\" content=\"es_MX\" \/>\n<meta property=\"og:type\" content=\"article\" \/>\n<meta property=\"og:title\" content=\"Gresham Car Accident Attorney\" \/>\n<meta property=\"og:description\" content=\"Involved in a car accident Gresham? The lawyers at DuBois Law Group will make sure you receive compensation. Call 503) 222-4411 for a FREE consultation.\" \/>\n<meta property=\"og:url\" content=\"https:\/\/pdxinjurylaw.com\/es\/gresham-car-accident-attorney\/\" \/>\n<meta property=\"og:site_name\" content=\"PDX Injury Law\" \/>\n<meta property=\"article:modified_time\" content=\"2022-06-20T17:05:19+00:00\" \/>\n<meta name=\"twitter:card\" content=\"summary_large_image\" \/>\n<meta name=\"twitter:label1\" content=\"Tiempo de lectura\" \/>\n\t<meta name=\"twitter:data1\" content=\"3 minutos\" \/>\n<script type=\"application\/ld+json\" class=\"yoast-schema-graph\">{\"@context\":\"https:\\\/\\\/schema.org\",\"@graph\":[{\"@type\":\"WebPage\",\"@id\":\"https:\\\/\\\/pdxinjurylaw.com\\\/gresham-car-accident-attorney\\\/\",\"url\":\"https:\\\/\\\/pdxinjurylaw.com\\\/gresham-car-accident-attorney\\\/\",\"name\":\"Gresham Car Accident Attorney\",\"isPartOf\":{\"@id\":\"https:\\\/\\\/pdxinjurylaw.com\\\/#website\"},\"datePublished\":\"2021-08-10T02:03:59+00:00\",\"dateModified\":\"2022-06-20T17:05:19+00:00\",\"description\":\"Involved in a car accident Gresham? The lawyers at DuBois Law Group will make sure you receive compensation. Call 503) 222-4411 for a FREE consultation.\",\"breadcrumb\":{\"@id\":\"https:\\\/\\\/pdxinjurylaw.com\\\/gresham-car-accident-attorney\\\/#breadcrumb\"},\"inLanguage\":\"es\",\"potentialAction\":[{\"@type\":\"ReadAction\",\"target\":[\"https:\\\/\\\/pdxinjurylaw.com\\\/gresham-car-accident-attorney\\\/\"]}]},{\"@type\":\"BreadcrumbList\",\"@id\":\"https:\\\/\\\/pdxinjurylaw.com\\\/gresham-car-accident-attorney\\\/#breadcrumb\",\"itemListElement\":[{\"@type\":\"ListItem\",\"position\":1,\"name\":\"Home\",\"item\":\"https:\\\/\\\/pdxinjurylaw.com\\\/\"},{\"@type\":\"ListItem\",\"position\":2,\"name\":\"Gresham Car Accident Lawyer\"}]},{\"@type\":\"WebSite\",\"@id\":\"https:\\\/\\\/pdxinjurylaw.com\\\/#website\",\"url\":\"https:\\\/\\\/pdxinjurylaw.com\\\/\",\"name\":\"PDX Injury Law\",\"description\":\"\",\"publisher\":{\"@id\":\"https:\\\/\\\/pdxinjurylaw.com\\\/#organization\"},\"potentialAction\":[{\"@type\":\"SearchAction\",\"target\":{\"@type\":\"EntryPoint\",\"urlTemplate\":\"https:\\\/\\\/pdxinjurylaw.com\\\/?s={search_term_string}\"},\"query-input\":{\"@type\":\"PropertyValueSpecification\",\"valueRequired\":true,\"valueName\":\"search_term_string\"}}],\"inLanguage\":\"es\"},{\"@type\":\"Organization\",\"@id\":\"https:\\\/\\\/pdxinjurylaw.com\\\/#organization\",\"name\":\"PDX Injury Law\",\"url\":\"https:\\\/\\\/pdxinjurylaw.com\\\/\",\"logo\":{\"@type\":\"ImageObject\",\"inLanguage\":\"es\",\"@id\":\"https:\\\/\\\/pdxinjurylaw.com\\\/#\\\/schema\\\/logo\\\/image\\\/\",\"url\":\"https:\\\/\\\/530710ec99.nxcli.io\\\/wp-content\\\/uploads\\\/2021\\\/06\\\/logo-main.png\",\"contentUrl\":\"https:\\\/\\\/530710ec99.nxcli.io\\\/wp-content\\\/uploads\\\/2021\\\/06\\\/logo-main.png\",\"width\":368,\"height\":63,\"caption\":\"PDX Injury Law\"},\"image\":{\"@id\":\"https:\\\/\\\/pdxinjurylaw.com\\\/#\\\/schema\\\/logo\\\/image\\\/\"}}]}<\/script>\n<!-- \/ Yoast SEO plugin. -->","yoast_head_json":{"title":"Gresham Car Accident Attorney","description":"Involved in a car accident Gresham? The lawyers at DuBois Law Group will make sure you receive compensation. Call 503) 222-4411 for a FREE consultation.","robots":{"index":"index","follow":"follow","max-snippet":"max-snippet:-1","max-image-preview":"max-image-preview:large","max-video-preview":"max-video-preview:-1"},"canonical":"https:\/\/pdxinjurylaw.com\/es\/gresham-car-accident-attorney\/","og_locale":"es_MX","og_type":"article","og_title":"Gresham Car Accident Attorney","og_description":"Involved in a car accident Gresham? The lawyers at DuBois Law Group will make sure you receive compensation. Call 503) 222-4411 for a FREE consultation.","og_url":"https:\/\/pdxinjurylaw.com\/es\/gresham-car-accident-attorney\/","og_site_name":"PDX Injury Law","article_modified_time":"2022-06-20T17:05:19+00:00","twitter_card":"summary_large_image","twitter_misc":{"Tiempo de lectura":"3 minutos"},"schema":{"@context":"https:\/\/schema.org","@graph":[{"@type":"WebPage","@id":"https:\/\/pdxinjurylaw.com\/gresham-car-accident-attorney\/","url":"https:\/\/pdxinjurylaw.com\/gresham-car-accident-attorney\/","name":"Gresham Car Accident Attorney","isPartOf":{"@id":"https:\/\/pdxinjurylaw.com\/#website"},"datePublished":"2021-08-10T02:03:59+00:00","dateModified":"2022-06-20T17:05:19+00:00","description":"Involved in a car accident Gresham? The lawyers at DuBois Law Group will make sure you receive compensation. Call 503) 222-4411 for a FREE consultation.","breadcrumb":{"@id":"https:\/\/pdxinjurylaw.com\/gresham-car-accident-attorney\/#breadcrumb"},"inLanguage":"es","potentialAction":[{"@type":"ReadAction","target":["https:\/\/pdxinjurylaw.com\/gresham-car-accident-attorney\/"]}]},{"@type":"BreadcrumbList","@id":"https:\/\/pdxinjurylaw.com\/gresham-car-accident-attorney\/#breadcrumb","itemListElement":[{"@type":"ListItem","position":1,"name":"Home","item":"https:\/\/pdxinjurylaw.com\/"},{"@type":"ListItem","position":2,"name":"Gresham Car Accident Lawyer"}]},{"@type":"WebSite","@id":"https:\/\/pdxinjurylaw.com\/#website","url":"https:\/\/pdxinjurylaw.com\/","name":"PDX Ley de Lesiones","description":"","publisher":{"@id":"https:\/\/pdxinjurylaw.com\/#organization"},"potentialAction":[{"@type":"SearchAction","target":{"@type":"EntryPoint","urlTemplate":"https:\/\/pdxinjurylaw.com\/?s={search_term_string}"},"query-input":{"@type":"PropertyValueSpecification","valueRequired":true,"valueName":"search_term_string"}}],"inLanguage":"es"},{"@type":"Organization","@id":"https:\/\/pdxinjurylaw.com\/#organization","name":"PDX Ley de Lesiones","url":"https:\/\/pdxinjurylaw.com\/","logo":{"@type":"ImageObject","inLanguage":"es","@id":"https:\/\/pdxinjurylaw.com\/#\/schema\/logo\/image\/","url":"https:\/\/530710ec99.nxcli.io\/wp-content\/uploads\/2021\/06\/logo-main.png","contentUrl":"https:\/\/530710ec99.nxcli.io\/wp-content\/uploads\/2021\/06\/logo-main.png","width":368,"height":63,"caption":"PDX Injury Law"},"image":{"@id":"https:\/\/pdxinjurylaw.com\/#\/schema\/logo\/image\/"}}]}},"acf":[],"_links":{"self":[{"href":"https:\/\/pdxinjurylaw.com\/es\/wp-json\/wp\/v2\/pages\/65187","targetHints":{"allow":["GET"]}}],"collection":[{"href":"https:\/\/pdxinjurylaw.com\/es\/wp-json\/wp\/v2\/pages"}],"about":[{"href":"https:\/\/pdxinjurylaw.com\/es\/wp-json\/wp\/v2\/types\/page"}],"author":[{"embeddable":true,"href":"https:\/\/pdxinjurylaw.com\/es\/wp-json\/wp\/v2\/users\/7"}],"replies":[{"embeddable":true,"href":"https:\/\/pdxinjurylaw.com\/es\/wp-json\/wp\/v2\/comments?post=65187"}],"version-history":[{"count":4,"href":"https:\/\/pdxinjurylaw.com\/es\/wp-json\/wp\/v2\/pages\/65187\/revisions"}],"predecessor-version":[{"id":65923,"href":"https:\/\/pdxinjurylaw.com\/es\/wp-json\/wp\/v2\/pages\/65187\/revisions\/65923"}],"wp:attachment":[{"href":"https:\/\/pdxinjurylaw.com\/es\/wp-json\/wp\/v2\/media?parent=65187"}],"curies":[{"name":"wp","href":"https:\/\/api.w.org\/{rel}","templated":true}]}}