{"id":65181,"date":"2021-08-10T01:58:06","date_gmt":"2021-08-10T01:58:06","guid":{"rendered":"https:\/\/pdxinjurylaw.com\/?page_id=65181"},"modified":"2022-07-05T18:14:02","modified_gmt":"2022-07-05T18:14:02","slug":"beaverton-wrongful-death-lawyer","status":"publish","type":"page","link":"https:\/\/pdxinjurylaw.com\/es\/beaverton-wrongful-death-lawyer\/","title":{"rendered":"Beaverton Abogado de Muerte Injusta"},"content":{"rendered":"<p>La muerte de un ser querido puede ser una experiencia tr\u00e1gica y llena de dolor. Sin embargo, el fallecimiento de un individuo puede ser a\u00fan m\u00e1s dif\u00edcil si las acciones de otra persona causaron la muerte del individuo. En estas situaciones, su familia puede calificar para una demanda por muerte injusta en Oregon-y los abogados de DuBois Law Group pueden ayudar. Nuestro <a href=\"\/es\/beaverton-personal-injury-lawyer\/\">Beaverton abogados de lesiones personales<\/a> luchar\u00e1 incansablemente para obtener justicia en caso de fallecimiento de un ser querido.<\/p>\n<h2>Por qu\u00e9 elegirnos<\/h2>\n<ul>\n<li>Nuestra <a href=\"\/es\/practice-areas\/portland-car-accident-lawyers\/\">abogados de accidentes en Portland<\/a> nos encargamos de pocos casos a la vez, lo que garantiza que podamos proporcionar a su reclamaci\u00f3n la atenci\u00f3n y el cuidado personalizados que se merece.<\/li>\n<li>Hemos asegurado millones de d\u00f3lares en acuerdos por lesiones personales y veredictos del jurado, lo que demuestra que estamos dedicados a la recuperaci\u00f3n m\u00e1xima de su familia.<\/li>\n<li>Nuestros abogados especializados en homicidio culposo tienen a\u00f1os de experiencia en la tramitaci\u00f3n de estos casos y se encargar\u00e1n de todos los mon\u00f3tonos procesos de litigaci\u00f3n en nombre de su familia.<\/li>\n<\/ul>\n<h2>\u00bfQu\u00e9 es la muerte por negligencia?<\/h2>\n<p>Seg\u00fan <a href=\"https:\/\/www.oregonlegislature.gov\/bills_laws\/ors\/ors030.html\" target=\"_blank\" rel=\"noopener\">Estatutos revisados de Oreg\u00f3n 30.020<\/a>La muerte por negligencia se refiere a cualquier muerte que se produce debido a un acto il\u00edcito u omisi\u00f3n de otra persona. En t\u00e9rminos sencillos, si su ser querido podr\u00eda haber presentado una demanda por lesiones personales contra la parte culpable si hubiera sobrevivido, es probable que su caso cumpla los requisitos para una demanda por homicidio culposo. Estas demandas suelen surgir tras un accidente, un acto de negligencia m\u00e9dica o un acto intencionado de violencia.<\/p>\n<p>En DuBois Law Group, manejamos m\u00faltiples tipos de demandas por homicidio culposo que involucran accidentes automovil\u00edsticos, <a href=\"\/es\/beaverton-truck-accident-lawyer\/\">colisiones de camiones<\/a>productos peligrosos y defectuosos, y m\u00e1s en todo el estado. Si usted cree que el caso de su ser querido puede calificar para este tipo de acci\u00f3n legal, programe una evaluaci\u00f3n gratuita de su caso para hablar con uno de nuestros abogados de muerte por negligencia de Beaverton.<\/p>\n<h2>\u00bfQui\u00e9n puede presentar una demanda por homicidio culposo en Oreg\u00f3n?<\/h2>\n<p>Dado que la persona fallecida no puede interponer por s\u00ed misma una demanda por homicidio culposo, otra persona es responsable de iniciar esta acci\u00f3n legal. En la mayor\u00eda de los estados, las demandas por homicidio culposo s\u00f3lo pueden ser presentadas por determinadas partes. A veces, ciertos miembros de la familia, como los c\u00f3nyuges supervivientes y los hijos, pueden presentar una demanda. En Oreg\u00f3n, sin embargo, el representante personal de la herencia del fallecido es la \u00fanica parte que puede interponer una demanda por homicidio culposo en su nombre.<\/p>\n<p>Es probable que el fallecido nombre a su representante personal en su testamento o plan sucesorio. Sin embargo, no todas las personas fallecidas dejan estos documentos tras su muerte. En estas situaciones, el tribunal se encargar\u00e1 de nombrar a un representante personal en nombre de la persona fallecida.<\/p>\n<h2>C\u00f3mo probar una demanda por muerte injusta Beaverton<\/h2>\n<p>Probar una demanda por homicidio culposo es muy similar a probar otras demandas por lesiones personales en Portland. Usted tendr\u00e1 que demostrar que la parte culpable le deb\u00eda a su ser querido un deber de cuidado, incumpli\u00f3 ese deber y que esta acci\u00f3n condujo a la muerte de su ser querido.<\/p>\n<p>Para elaborar un caso convincente sobre el derecho de su familia a la justicia, es importante hablar con un abogado. <a href=\"\/es\/portland-personal-injury-lawyer\/\">Portland abogado de lesiones<\/a> en DuBois Law Group. Su trabajador llevar\u00e1 a cabo una investigaci\u00f3n completa sobre el accidente de su ser querido, reuniendo las pruebas necesarias para establecer la negligencia de la parte culpable.<\/p>\n<h2>P\u00f3ngase en contacto con DuBois Law Group<\/h2>\n<p>Si ha perdido a un ser querido debido a las acciones negligentes de otra persona, su familia puede tener motivos para emprender acciones legales, y el <a href=\"\/es\/practice-areas\/wrongful-death\/\">Portland abogados de muerte injusta<\/a> en DuBois Law Group puede ayudar. Trabajaremos incansablemente para asegurar la justicia que su ser querido merece. <a href=\"\/es\/contact-us\/\">P\u00f3ngase en contacto con nosotros<\/a> hoy para programar una consulta gratuita y aprender m\u00e1s acerca de sus opciones legales. (503) 222-4411<\/p>","protected":false},"excerpt":{"rendered":"<p>The death of a loved one can be a tragic and grief-ridden experience. However, an individual&#8217;s passing can be even more difficult if someone else\u2019s actions caused the death of the individual. In these situations, your family may qualify for an Oregon wrongful death lawsuit\u2014and the attorneys at DuBois Law Group can help. Our Beaverton&#8230; <a class=\"fancy_link\" href=\"https:\/\/pdxinjurylaw.com\/es\/beaverton-wrongful-death-lawyer\/\">leer m\u00e1s<\/a><\/p>","protected":false},"author":7,"featured_media":0,"parent":0,"menu_order":0,"comment_status":"closed","ping_status":"closed","template":"","meta":{"footnotes":"","_content_optimizer_report_url":"","_content_optimizer_report_added":"","_content_optimizer_keyword_hide_used":false,"_content_optimizer_keyword_hide_above_average":false,"_content_optimizer_entities_hide_used":false,"_content_optimizer_entities_hide_above_average":false,"_content_optimizer_headings_hide_used":false,"_content_optimizer_questions_hide_used":false,"_content_optimizer_tab_active":"","_content_optimizer_report_url_ce":"","_content_optimizer_report_added_ce":"","_content_optimizer_keyword_hide_used_ce":false,"_content_optimizer_keyword_hide_above_average_ce":false,"_content_optimizer_entities_hide_used_ce":false,"_content_optimizer_entities_hide_above_average_ce":false,"_content_optimizer_headings_hide_used_ce":false,"_content_optimizer_questions_hide_used_ce":false,"_content_optimizer_tab_active_ce":""},"class_list":["post-65181","page","type-page","status-publish","hentry"],"yoast_head":"<!-- This site is optimized with the Yoast SEO plugin v27.4 - https:\/\/yoast.com\/product\/yoast-seo-wordpress\/ -->\n<title>Beaverton Wrongful Death Attorney<\/title>\n<meta name=\"description\" content=\"Are you in need of a wrongful death attorney in Beaverton? Call our experts for a FREE consultation today! (503) 222-4411\" \/>\n<meta name=\"robots\" content=\"index, follow, max-snippet:-1, max-image-preview:large, max-video-preview:-1\" \/>\n<link rel=\"canonical\" href=\"https:\/\/pdxinjurylaw.com\/es\/beaverton-wrongful-death-lawyer\/\" \/>\n<meta property=\"og:locale\" content=\"es_MX\" \/>\n<meta property=\"og:type\" content=\"article\" \/>\n<meta property=\"og:title\" content=\"Beaverton Wrongful Death Attorney\" \/>\n<meta property=\"og:description\" content=\"Are you in need of a wrongful death attorney in Beaverton? Call our experts for a FREE consultation today! (503) 222-4411\" \/>\n<meta property=\"og:url\" content=\"https:\/\/pdxinjurylaw.com\/es\/beaverton-wrongful-death-lawyer\/\" \/>\n<meta property=\"og:site_name\" content=\"PDX Injury Law\" \/>\n<meta property=\"article:modified_time\" content=\"2022-07-05T18:14:02+00:00\" \/>\n<meta name=\"twitter:card\" content=\"summary_large_image\" \/>\n<meta name=\"twitter:label1\" content=\"Tiempo de lectura\" \/>\n\t<meta name=\"twitter:data1\" content=\"3 minutos\" \/>\n<script type=\"application\/ld+json\" class=\"yoast-schema-graph\">{\"@context\":\"https:\\\/\\\/schema.org\",\"@graph\":[{\"@type\":\"WebPage\",\"@id\":\"https:\\\/\\\/pdxinjurylaw.com\\\/beaverton-wrongful-death-lawyer\\\/\",\"url\":\"https:\\\/\\\/pdxinjurylaw.com\\\/beaverton-wrongful-death-lawyer\\\/\",\"name\":\"Beaverton Wrongful Death Attorney\",\"isPartOf\":{\"@id\":\"https:\\\/\\\/pdxinjurylaw.com\\\/#website\"},\"datePublished\":\"2021-08-10T01:58:06+00:00\",\"dateModified\":\"2022-07-05T18:14:02+00:00\",\"description\":\"Are you in need of a wrongful death attorney in Beaverton? Call our experts for a FREE consultation today! (503) 222-4411\",\"breadcrumb\":{\"@id\":\"https:\\\/\\\/pdxinjurylaw.com\\\/beaverton-wrongful-death-lawyer\\\/#breadcrumb\"},\"inLanguage\":\"es\",\"potentialAction\":[{\"@type\":\"ReadAction\",\"target\":[\"https:\\\/\\\/pdxinjurylaw.com\\\/beaverton-wrongful-death-lawyer\\\/\"]}]},{\"@type\":\"BreadcrumbList\",\"@id\":\"https:\\\/\\\/pdxinjurylaw.com\\\/beaverton-wrongful-death-lawyer\\\/#breadcrumb\",\"itemListElement\":[{\"@type\":\"ListItem\",\"position\":1,\"name\":\"Home\",\"item\":\"https:\\\/\\\/pdxinjurylaw.com\\\/\"},{\"@type\":\"ListItem\",\"position\":2,\"name\":\"Beaverton Wrongful Death Lawyer\"}]},{\"@type\":\"WebSite\",\"@id\":\"https:\\\/\\\/pdxinjurylaw.com\\\/#website\",\"url\":\"https:\\\/\\\/pdxinjurylaw.com\\\/\",\"name\":\"PDX Injury Law\",\"description\":\"\",\"publisher\":{\"@id\":\"https:\\\/\\\/pdxinjurylaw.com\\\/#organization\"},\"potentialAction\":[{\"@type\":\"SearchAction\",\"target\":{\"@type\":\"EntryPoint\",\"urlTemplate\":\"https:\\\/\\\/pdxinjurylaw.com\\\/?s={search_term_string}\"},\"query-input\":{\"@type\":\"PropertyValueSpecification\",\"valueRequired\":true,\"valueName\":\"search_term_string\"}}],\"inLanguage\":\"es\"},{\"@type\":\"Organization\",\"@id\":\"https:\\\/\\\/pdxinjurylaw.com\\\/#organization\",\"name\":\"PDX Injury Law\",\"url\":\"https:\\\/\\\/pdxinjurylaw.com\\\/\",\"logo\":{\"@type\":\"ImageObject\",\"inLanguage\":\"es\",\"@id\":\"https:\\\/\\\/pdxinjurylaw.com\\\/#\\\/schema\\\/logo\\\/image\\\/\",\"url\":\"https:\\\/\\\/530710ec99.nxcli.io\\\/wp-content\\\/uploads\\\/2021\\\/06\\\/logo-main.png\",\"contentUrl\":\"https:\\\/\\\/530710ec99.nxcli.io\\\/wp-content\\\/uploads\\\/2021\\\/06\\\/logo-main.png\",\"width\":368,\"height\":63,\"caption\":\"PDX Injury Law\"},\"image\":{\"@id\":\"https:\\\/\\\/pdxinjurylaw.com\\\/#\\\/schema\\\/logo\\\/image\\\/\"}}]}<\/script>\n<!-- \/ Yoast SEO plugin. -->","yoast_head_json":{"title":"Beaverton Wrongful Death Attorney","description":"Are you in need of a wrongful death attorney in Beaverton? Call our experts for a FREE consultation today! (503) 222-4411","robots":{"index":"index","follow":"follow","max-snippet":"max-snippet:-1","max-image-preview":"max-image-preview:large","max-video-preview":"max-video-preview:-1"},"canonical":"https:\/\/pdxinjurylaw.com\/es\/beaverton-wrongful-death-lawyer\/","og_locale":"es_MX","og_type":"article","og_title":"Beaverton Wrongful Death Attorney","og_description":"Are you in need of a wrongful death attorney in Beaverton? Call our experts for a FREE consultation today! (503) 222-4411","og_url":"https:\/\/pdxinjurylaw.com\/es\/beaverton-wrongful-death-lawyer\/","og_site_name":"PDX Injury Law","article_modified_time":"2022-07-05T18:14:02+00:00","twitter_card":"summary_large_image","twitter_misc":{"Tiempo de lectura":"3 minutos"},"schema":{"@context":"https:\/\/schema.org","@graph":[{"@type":"WebPage","@id":"https:\/\/pdxinjurylaw.com\/beaverton-wrongful-death-lawyer\/","url":"https:\/\/pdxinjurylaw.com\/beaverton-wrongful-death-lawyer\/","name":"Beaverton Wrongful Death Attorney","isPartOf":{"@id":"https:\/\/pdxinjurylaw.com\/#website"},"datePublished":"2021-08-10T01:58:06+00:00","dateModified":"2022-07-05T18:14:02+00:00","description":"Are you in need of a wrongful death attorney in Beaverton? Call our experts for a FREE consultation today! (503) 222-4411","breadcrumb":{"@id":"https:\/\/pdxinjurylaw.com\/beaverton-wrongful-death-lawyer\/#breadcrumb"},"inLanguage":"es","potentialAction":[{"@type":"ReadAction","target":["https:\/\/pdxinjurylaw.com\/beaverton-wrongful-death-lawyer\/"]}]},{"@type":"BreadcrumbList","@id":"https:\/\/pdxinjurylaw.com\/beaverton-wrongful-death-lawyer\/#breadcrumb","itemListElement":[{"@type":"ListItem","position":1,"name":"Home","item":"https:\/\/pdxinjurylaw.com\/"},{"@type":"ListItem","position":2,"name":"Beaverton Wrongful Death Lawyer"}]},{"@type":"WebSite","@id":"https:\/\/pdxinjurylaw.com\/#website","url":"https:\/\/pdxinjurylaw.com\/","name":"PDX Ley de Lesiones","description":"","publisher":{"@id":"https:\/\/pdxinjurylaw.com\/#organization"},"potentialAction":[{"@type":"SearchAction","target":{"@type":"EntryPoint","urlTemplate":"https:\/\/pdxinjurylaw.com\/?s={search_term_string}"},"query-input":{"@type":"PropertyValueSpecification","valueRequired":true,"valueName":"search_term_string"}}],"inLanguage":"es"},{"@type":"Organization","@id":"https:\/\/pdxinjurylaw.com\/#organization","name":"PDX Ley de Lesiones","url":"https:\/\/pdxinjurylaw.com\/","logo":{"@type":"ImageObject","inLanguage":"es","@id":"https:\/\/pdxinjurylaw.com\/#\/schema\/logo\/image\/","url":"https:\/\/530710ec99.nxcli.io\/wp-content\/uploads\/2021\/06\/logo-main.png","contentUrl":"https:\/\/530710ec99.nxcli.io\/wp-content\/uploads\/2021\/06\/logo-main.png","width":368,"height":63,"caption":"PDX Injury Law"},"image":{"@id":"https:\/\/pdxinjurylaw.com\/#\/schema\/logo\/image\/"}}]}},"acf":[],"_links":{"self":[{"href":"https:\/\/pdxinjurylaw.com\/es\/wp-json\/wp\/v2\/pages\/65181","targetHints":{"allow":["GET"]}}],"collection":[{"href":"https:\/\/pdxinjurylaw.com\/es\/wp-json\/wp\/v2\/pages"}],"about":[{"href":"https:\/\/pdxinjurylaw.com\/es\/wp-json\/wp\/v2\/types\/page"}],"author":[{"embeddable":true,"href":"https:\/\/pdxinjurylaw.com\/es\/wp-json\/wp\/v2\/users\/7"}],"replies":[{"embeddable":true,"href":"https:\/\/pdxinjurylaw.com\/es\/wp-json\/wp\/v2\/comments?post=65181"}],"version-history":[{"count":3,"href":"https:\/\/pdxinjurylaw.com\/es\/wp-json\/wp\/v2\/pages\/65181\/revisions"}],"predecessor-version":[{"id":66816,"href":"https:\/\/pdxinjurylaw.com\/es\/wp-json\/wp\/v2\/pages\/65181\/revisions\/66816"}],"wp:attachment":[{"href":"https:\/\/pdxinjurylaw.com\/es\/wp-json\/wp\/v2\/media?parent=65181"}],"curies":[{"name":"wp","href":"https:\/\/api.w.org\/{rel}","templated":true}]}}