{"id":65178,"date":"2021-08-10T01:47:58","date_gmt":"2021-08-10T01:47:58","guid":{"rendered":"https:\/\/pdxinjurylaw.com\/?page_id=65178"},"modified":"2022-07-05T19:54:59","modified_gmt":"2022-07-05T19:54:59","slug":"beaverton-bicycle-accident-attorney","status":"publish","type":"page","link":"https:\/\/pdxinjurylaw.com\/es\/beaverton-bicycle-accident-attorney\/","title":{"rendered":"Beaverton Abogado de Accidente de Bicicleta"},"content":{"rendered":"<p>Oreg\u00f3n es conocido por ser un estado favorable a la bicicleta, con miles de residentes que conf\u00edan en las bicicletas como un medio alternativo de transporte y una forma agradable de disfrutar de nuestro paisaje natural. Por desgracia, esto significa que los ciclistas son a menudo susceptibles de colisiones graves con los conductores de veh\u00edculos de motor, lo que resulta en lesiones graves.<\/p>\n<p>Si usted se lesiona en un accidente de bicicleta en Beaverton, usted puede ser elegible para una compensaci\u00f3n financiera. En estas situaciones, los abogados de accidentes de bicicleta en Beaverton de DuBois Law Group pueden representarlo en su reclamo de seguro o demanda.<\/p>\n<h2>Por qu\u00e9 elegirnos<\/h2>\n<ul>\n<li>Nuestra <a href=\"\/es\/portland-personal-injury-lawyer\/\">Portland abogados de lesiones personales<\/a> han ayudado a miles de residentes de Oregon a recuperar la indemnizaci\u00f3n que merecen por lesiones personales. Aprovecharemos esta experiencia para elaborar un caso convincente a su favor.<\/li>\n<li>Nuestros abogados se encargar\u00e1n de todos los procesos y tr\u00e1mites relacionados con su caso, lo que le permitir\u00e1 centrarse en su recuperaci\u00f3n en lugar de en el litigio.<\/li>\n<li>Nuestra <a href=\"\/es\/practice-areas\/bicycle-accidents\/\">abogados de accidentes de bicicleta en Portland<\/a> asumir el riesgo de su reclamaci\u00f3n. En virtud de nuestro acuerdo de honorarios condicionales, solo se le cobrar\u00e1n honorarios legales si conseguimos una indemnizaci\u00f3n en su nombre.<\/li>\n<\/ul>\n<h2>Causas comunes de los accidentes de bicicleta<\/h2>\n<p>Los accidentes de bicicleta pueden deberse a varios factores, desde comportamientos negligentes al volante hasta malas condiciones meteorol\u00f3gicas y escasa visibilidad. Algunas de las causas m\u00e1s comunes de estas colisiones son las siguientes.<\/p>\n<ul>\n<li>Exceso de velocidad<\/li>\n<li>Conducci\u00f3n distra\u00edda<\/li>\n<li>No ceder el paso<\/li>\n<li>Cambios de carril inseguros<\/li>\n<li>Abrir la puerta de un coche al tr\u00e1fico<\/li>\n<li>Saltarse un sem\u00e1foro en rojo o una se\u00f1al de stop<\/li>\n<li>Conducir bajo los efectos del alcohol<\/li>\n<li>Carreteras inseguras<\/li>\n<li>Piezas defectuosas del veh\u00edculo<\/li>\n<\/ul>\n<p>Si otra persona es responsable de tu accidente de bicicleta, tienes derecho a presentar una reclamaci\u00f3n al seguro o una demanda contra ella. Con una<a href=\"\/es\/beaverton-personal-injury-lawyer\/\"> Beaverton abogado de lesiones personales,<\/a> puede obtener una indemnizaci\u00f3n por las p\u00e9rdidas sufridas en el accidente, como gastos m\u00e9dicos, reparaciones materiales y dolor y sufrimiento. <strong>Llame al (503) 222-4411<\/strong> \u00a1Ahora!<\/p>\n<h2>Qu\u00e9 hacer tras un accidente de bicicleta<\/h2>\n<p>En los momentos posteriores a un accidente de bicicleta, es importante mantener la calma y buscar ayuda lo antes posible. Para protegerte a ti mismo y tu derecho a una indemnizaci\u00f3n, sigue estos pasos.<\/p>\n<ul>\n<li><strong>Llama al 911<\/strong> e informa de la colisi\u00f3n a la polic\u00eda. P\u00eddele al agente de polic\u00eda que te atienda sus datos para que puedas encontrar el informe policial m\u00e1s adelante. Este informe ser\u00e1 una prueba importante en su caso.<\/li>\n<li><strong>Busque atenci\u00f3n m\u00e9dica<\/strong> inmediatamente, aunque no se sienta herido. Puede tener da\u00f1os internos o lesiones subyacentes, y su historial m\u00e9dico ser\u00e1 una prueba crucial en su caso. Adem\u00e1s, una compa\u00f1\u00eda de seguros puede dudar de la validez de tu reclamaci\u00f3n si no buscas atenci\u00f3n m\u00e9dica.<\/li>\n<li><strong>Documentar la escena<\/strong> Si puedes moverte por la zona del accidente con seguridad y sin sufrir m\u00e1s lesiones. Haz fotograf\u00edas de tus lesiones, de los da\u00f1os materiales y de la zona del accidente. Si alg\u00fan testigo vio el accidente, p\u00eddele su informaci\u00f3n de contacto.<\/li>\n<li><strong>Intercambiar informaci\u00f3n de contacto y del seguro<\/strong> con el conductor culpable. S\u00e9 breve y no hagas declaraciones sobre el accidente o la naturaleza de tus lesiones.<\/li>\n<li>Lo antes posible tras el accidente,<strong> p\u00f3ngase en contacto con un abogado de accidente de bicicleta Beaverton<\/strong> para discutir sus opciones legales. No hables con el conductor ni con un representante del seguro antes de hablar con tu abogado.<\/li>\n<\/ul>\n<p>Si ha sido atropellado por una bicicleta siendo peat\u00f3n, no dude en ponerse en contacto con nuestro <a href=\"\/es\/practice-areas\/pedestrian-accidents\/\">Abogados de accidentes de peatones en Portland<\/a> para echar un vistazo a su caso.<\/p>\n<h2>P\u00f3ngase en contacto con DuBois Law Group<\/h2>\n<p>Si usted est\u00e1 involucrado en un accidente de bicicleta en Beaverton, los abogados de DuBois Law Group pueden ayudar. Hemos recuperado millones de d\u00f3lares en nombre de los residentes de Oregon lesionados, y podemos luchar por su derecho a la m\u00e1xima recuperaci\u00f3n.<a href=\"\/es\/contact-us\/\"> P\u00f3ngase en contacto con nosotros<\/a> hoy para programar una consulta gratis y discutir sus opciones legales con un abogado de accidentes de bicicleta en Beaverton. (503) 222-4411<\/p>","protected":false},"excerpt":{"rendered":"<p>Oregon is known for being a bicycle-friendly state, with thousands of residents relying on bikes as an alternative means of transportation and an enjoyable way to enjoy our natural scenery. Unfortunately, this means that cyclists are often susceptible to serious collisions with motor vehicle drivers, resulting in severe injuries. If you are injured in a&#8230; <a class=\"fancy_link\" href=\"https:\/\/pdxinjurylaw.com\/es\/beaverton-bicycle-accident-attorney\/\">leer m\u00e1s<\/a><\/p>","protected":false},"author":7,"featured_media":0,"parent":0,"menu_order":0,"comment_status":"closed","ping_status":"closed","template":"","meta":{"footnotes":"","_content_optimizer_report_url":"","_content_optimizer_report_added":"","_content_optimizer_keyword_hide_used":false,"_content_optimizer_keyword_hide_above_average":false,"_content_optimizer_entities_hide_used":false,"_content_optimizer_entities_hide_above_average":false,"_content_optimizer_headings_hide_used":false,"_content_optimizer_questions_hide_used":false,"_content_optimizer_tab_active":"","_content_optimizer_report_url_ce":"","_content_optimizer_report_added_ce":"","_content_optimizer_keyword_hide_used_ce":false,"_content_optimizer_keyword_hide_above_average_ce":false,"_content_optimizer_entities_hide_used_ce":false,"_content_optimizer_entities_hide_above_average_ce":false,"_content_optimizer_headings_hide_used_ce":false,"_content_optimizer_questions_hide_used_ce":false,"_content_optimizer_tab_active_ce":""},"class_list":["post-65178","page","type-page","status-publish","hentry"],"yoast_head":"<!-- This site is optimized with the Yoast SEO plugin v27.4 - https:\/\/yoast.com\/product\/yoast-seo-wordpress\/ -->\n<title>Beaverton Bicycle Accident Lawyer<\/title>\n<meta name=\"description\" content=\"Injured in a bicycle accident in Beaverton? Contact one of our lawyers for a FREE consultation today! (503) 222-4411\" \/>\n<meta name=\"robots\" content=\"index, follow, max-snippet:-1, max-image-preview:large, max-video-preview:-1\" \/>\n<link rel=\"canonical\" href=\"https:\/\/pdxinjurylaw.com\/es\/beaverton-bicycle-accident-attorney\/\" \/>\n<meta property=\"og:locale\" content=\"es_MX\" \/>\n<meta property=\"og:type\" content=\"article\" \/>\n<meta property=\"og:title\" content=\"Beaverton Bicycle Accident Lawyer\" \/>\n<meta property=\"og:description\" content=\"Injured in a bicycle accident in Beaverton? Contact one of our lawyers for a FREE consultation today! (503) 222-4411\" \/>\n<meta property=\"og:url\" content=\"https:\/\/pdxinjurylaw.com\/es\/beaverton-bicycle-accident-attorney\/\" \/>\n<meta property=\"og:site_name\" content=\"PDX Injury Law\" \/>\n<meta property=\"article:modified_time\" content=\"2022-07-05T19:54:59+00:00\" \/>\n<meta name=\"twitter:card\" content=\"summary_large_image\" \/>\n<meta name=\"twitter:label1\" content=\"Tiempo de lectura\" \/>\n\t<meta name=\"twitter:data1\" content=\"3 minutos\" \/>\n<script type=\"application\/ld+json\" class=\"yoast-schema-graph\">{\"@context\":\"https:\\\/\\\/schema.org\",\"@graph\":[{\"@type\":\"WebPage\",\"@id\":\"https:\\\/\\\/pdxinjurylaw.com\\\/beaverton-bicycle-accident-attorney\\\/\",\"url\":\"https:\\\/\\\/pdxinjurylaw.com\\\/beaverton-bicycle-accident-attorney\\\/\",\"name\":\"Beaverton Bicycle Accident Lawyer\",\"isPartOf\":{\"@id\":\"https:\\\/\\\/pdxinjurylaw.com\\\/#website\"},\"datePublished\":\"2021-08-10T01:47:58+00:00\",\"dateModified\":\"2022-07-05T19:54:59+00:00\",\"description\":\"Injured in a bicycle accident in Beaverton? Contact one of our lawyers for a FREE consultation today! (503) 222-4411\",\"breadcrumb\":{\"@id\":\"https:\\\/\\\/pdxinjurylaw.com\\\/beaverton-bicycle-accident-attorney\\\/#breadcrumb\"},\"inLanguage\":\"es\",\"potentialAction\":[{\"@type\":\"ReadAction\",\"target\":[\"https:\\\/\\\/pdxinjurylaw.com\\\/beaverton-bicycle-accident-attorney\\\/\"]}]},{\"@type\":\"BreadcrumbList\",\"@id\":\"https:\\\/\\\/pdxinjurylaw.com\\\/beaverton-bicycle-accident-attorney\\\/#breadcrumb\",\"itemListElement\":[{\"@type\":\"ListItem\",\"position\":1,\"name\":\"Home\",\"item\":\"https:\\\/\\\/pdxinjurylaw.com\\\/\"},{\"@type\":\"ListItem\",\"position\":2,\"name\":\"Beaverton Bicycle Accident Attorney\"}]},{\"@type\":\"WebSite\",\"@id\":\"https:\\\/\\\/pdxinjurylaw.com\\\/#website\",\"url\":\"https:\\\/\\\/pdxinjurylaw.com\\\/\",\"name\":\"PDX Injury Law\",\"description\":\"\",\"publisher\":{\"@id\":\"https:\\\/\\\/pdxinjurylaw.com\\\/#organization\"},\"potentialAction\":[{\"@type\":\"SearchAction\",\"target\":{\"@type\":\"EntryPoint\",\"urlTemplate\":\"https:\\\/\\\/pdxinjurylaw.com\\\/?s={search_term_string}\"},\"query-input\":{\"@type\":\"PropertyValueSpecification\",\"valueRequired\":true,\"valueName\":\"search_term_string\"}}],\"inLanguage\":\"es\"},{\"@type\":\"Organization\",\"@id\":\"https:\\\/\\\/pdxinjurylaw.com\\\/#organization\",\"name\":\"PDX Injury Law\",\"url\":\"https:\\\/\\\/pdxinjurylaw.com\\\/\",\"logo\":{\"@type\":\"ImageObject\",\"inLanguage\":\"es\",\"@id\":\"https:\\\/\\\/pdxinjurylaw.com\\\/#\\\/schema\\\/logo\\\/image\\\/\",\"url\":\"https:\\\/\\\/530710ec99.nxcli.io\\\/wp-content\\\/uploads\\\/2021\\\/06\\\/logo-main.png\",\"contentUrl\":\"https:\\\/\\\/530710ec99.nxcli.io\\\/wp-content\\\/uploads\\\/2021\\\/06\\\/logo-main.png\",\"width\":368,\"height\":63,\"caption\":\"PDX Injury Law\"},\"image\":{\"@id\":\"https:\\\/\\\/pdxinjurylaw.com\\\/#\\\/schema\\\/logo\\\/image\\\/\"}}]}<\/script>\n<!-- \/ Yoast SEO plugin. -->","yoast_head_json":{"title":"Beaverton Bicycle Accident Lawyer","description":"Injured in a bicycle accident in Beaverton? Contact one of our lawyers for a FREE consultation today! (503) 222-4411","robots":{"index":"index","follow":"follow","max-snippet":"max-snippet:-1","max-image-preview":"max-image-preview:large","max-video-preview":"max-video-preview:-1"},"canonical":"https:\/\/pdxinjurylaw.com\/es\/beaverton-bicycle-accident-attorney\/","og_locale":"es_MX","og_type":"article","og_title":"Beaverton Bicycle Accident Lawyer","og_description":"Injured in a bicycle accident in Beaverton? Contact one of our lawyers for a FREE consultation today! (503) 222-4411","og_url":"https:\/\/pdxinjurylaw.com\/es\/beaverton-bicycle-accident-attorney\/","og_site_name":"PDX Injury Law","article_modified_time":"2022-07-05T19:54:59+00:00","twitter_card":"summary_large_image","twitter_misc":{"Tiempo de lectura":"3 minutos"},"schema":{"@context":"https:\/\/schema.org","@graph":[{"@type":"WebPage","@id":"https:\/\/pdxinjurylaw.com\/beaverton-bicycle-accident-attorney\/","url":"https:\/\/pdxinjurylaw.com\/beaverton-bicycle-accident-attorney\/","name":"Beaverton Bicycle Accident Lawyer","isPartOf":{"@id":"https:\/\/pdxinjurylaw.com\/#website"},"datePublished":"2021-08-10T01:47:58+00:00","dateModified":"2022-07-05T19:54:59+00:00","description":"Injured in a bicycle accident in Beaverton? Contact one of our lawyers for a FREE consultation today! (503) 222-4411","breadcrumb":{"@id":"https:\/\/pdxinjurylaw.com\/beaverton-bicycle-accident-attorney\/#breadcrumb"},"inLanguage":"es","potentialAction":[{"@type":"ReadAction","target":["https:\/\/pdxinjurylaw.com\/beaverton-bicycle-accident-attorney\/"]}]},{"@type":"BreadcrumbList","@id":"https:\/\/pdxinjurylaw.com\/beaverton-bicycle-accident-attorney\/#breadcrumb","itemListElement":[{"@type":"ListItem","position":1,"name":"Home","item":"https:\/\/pdxinjurylaw.com\/"},{"@type":"ListItem","position":2,"name":"Beaverton Bicycle Accident Attorney"}]},{"@type":"WebSite","@id":"https:\/\/pdxinjurylaw.com\/#website","url":"https:\/\/pdxinjurylaw.com\/","name":"PDX Ley de Lesiones","description":"","publisher":{"@id":"https:\/\/pdxinjurylaw.com\/#organization"},"potentialAction":[{"@type":"SearchAction","target":{"@type":"EntryPoint","urlTemplate":"https:\/\/pdxinjurylaw.com\/?s={search_term_string}"},"query-input":{"@type":"PropertyValueSpecification","valueRequired":true,"valueName":"search_term_string"}}],"inLanguage":"es"},{"@type":"Organization","@id":"https:\/\/pdxinjurylaw.com\/#organization","name":"PDX Ley de Lesiones","url":"https:\/\/pdxinjurylaw.com\/","logo":{"@type":"ImageObject","inLanguage":"es","@id":"https:\/\/pdxinjurylaw.com\/#\/schema\/logo\/image\/","url":"https:\/\/530710ec99.nxcli.io\/wp-content\/uploads\/2021\/06\/logo-main.png","contentUrl":"https:\/\/530710ec99.nxcli.io\/wp-content\/uploads\/2021\/06\/logo-main.png","width":368,"height":63,"caption":"PDX Injury Law"},"image":{"@id":"https:\/\/pdxinjurylaw.com\/#\/schema\/logo\/image\/"}}]}},"acf":[],"_links":{"self":[{"href":"https:\/\/pdxinjurylaw.com\/es\/wp-json\/wp\/v2\/pages\/65178","targetHints":{"allow":["GET"]}}],"collection":[{"href":"https:\/\/pdxinjurylaw.com\/es\/wp-json\/wp\/v2\/pages"}],"about":[{"href":"https:\/\/pdxinjurylaw.com\/es\/wp-json\/wp\/v2\/types\/page"}],"author":[{"embeddable":true,"href":"https:\/\/pdxinjurylaw.com\/es\/wp-json\/wp\/v2\/users\/7"}],"replies":[{"embeddable":true,"href":"https:\/\/pdxinjurylaw.com\/es\/wp-json\/wp\/v2\/comments?post=65178"}],"version-history":[{"count":5,"href":"https:\/\/pdxinjurylaw.com\/es\/wp-json\/wp\/v2\/pages\/65178\/revisions"}],"predecessor-version":[{"id":65915,"href":"https:\/\/pdxinjurylaw.com\/es\/wp-json\/wp\/v2\/pages\/65178\/revisions\/65915"}],"wp:attachment":[{"href":"https:\/\/pdxinjurylaw.com\/es\/wp-json\/wp\/v2\/media?parent=65178"}],"curies":[{"name":"wp","href":"https:\/\/api.w.org\/{rel}","templated":true}]}}