{"id":65174,"date":"2021-08-10T01:33:42","date_gmt":"2021-08-10T01:33:42","guid":{"rendered":"https:\/\/pdxinjurylaw.com\/?page_id=65174"},"modified":"2022-07-05T19:58:11","modified_gmt":"2022-07-05T19:58:11","slug":"beaverton-pedestrian-accident-attorney","status":"publish","type":"page","link":"https:\/\/pdxinjurylaw.com\/es\/beaverton-pedestrian-accident-attorney\/","title":{"rendered":"Abogado de accidentes de peatones en Beaverton"},"content":{"rendered":"<p>Un accidente peatonal en Beaverton puede ocurrir por varias razones, desde mala visibilidad hasta condiciones clim\u00e1ticas peligrosas y carreteras en mal estado. En muchos casos, sin embargo, la negligencia del conductor o imprudencia causa estas colisiones devastadoras, dejando a los peatones con lesiones graves y p\u00e9rdidas.<\/p>\n<p>Si usted est\u00e1 sufriendo una lesi\u00f3n personal de un accidente de peatones, usted puede ser elegible para una acci\u00f3n legal. En estas situaciones, los abogados de accidentes de peatones de Beaverton en DuBois Law Group pueden ayudar. Podemos guiarle a trav\u00e9s del proceso de litigio y ayudarle a asegurar la compensaci\u00f3n que se merece.<\/p>\n<h2>Por qu\u00e9 elegirnos<\/h2>\n<ul>\n<li>Nuestra<a href=\"\/es\/beaverton-personal-injury-lawyer\/\"> Beaverton abogados de lesiones personales<\/a> tienen a\u00f1os de experiencia representando a residentes de Oreg\u00f3n lesionados en sus reclamaciones de seguros y demandas, asegurando millones de d\u00f3lares en indemnizaciones.<\/li>\n<li>Nuestra firma se enorgullece de ofrecer una atenci\u00f3n personalizada y plena dedicaci\u00f3n a cada caso que manejamos. Usted siempre tendr\u00e1 una l\u00ednea directa de comunicaci\u00f3n con su abogado.<\/li>\n<li>Nuestro bufete trabaja con honorarios condicionales. Si no conseguimos una indemnizaci\u00f3n en su nombre, no se le cobrar\u00e1n honorarios legales.<\/li>\n<\/ul>\n<h2>Lesiones comunes en accidentes de peatones<\/h2>\n<p>Los peatones no tienen las mismas protecciones que un conductor o pasajero dentro de un coche o cami\u00f3n. Como resultado, los accidentes de peatones pueden resultar en lesiones graves y debilitantes, incluyendo los siguientes.<\/p>\n<ul>\n<li>Lesi\u00f3n medular y par\u00e1lisis<\/li>\n<li>Da\u00f1o cerebral traum\u00e1tico<\/li>\n<li>Huesos rotos y fracturas<\/li>\n<li>Cortes, abrasiones y esguinces<\/li>\n<li>Lesiones faciales<\/li>\n<li>Lesiones de cuello y espalda<\/li>\n<li>Da\u00f1os en \u00f3rganos internos<\/li>\n<li>Trastorno de estr\u00e9s postraum\u00e1tico<\/li>\n<li><a href=\"\/es\/beaverton-wrongful-death-lawyer\/\">Muerte<\/a><\/li>\n<\/ul>\n<p>Dependiendo de la gravedad de sus lesiones, puede requerir una amplia atenci\u00f3n m\u00e9dica y semanas o meses de recuperaci\u00f3n. En algunas situaciones, puede que tengas que asistir a rehabilitaci\u00f3n o fisioterapia, invertir en equipos de movilidad y otras adaptaciones para discapacitados, y recibir atenci\u00f3n m\u00e9dica a largo plazo.<\/p>\n<p>Si este es el caso, nuestro <a href=\"\/es\/portland-personal-injury-lawyer\/\">abogados de lesiones personales en Portland <\/a>est\u00e1n aqu\u00ed para ayudar.<\/p>\n<h2>C\u00f3mo presentar una reclamaci\u00f3n por accidente de peatones en Beaverton<\/h2>\n<p>Oreg\u00f3n sigue un<a href=\"https:\/\/www.oregon.gov\/odot\/dmv\/pages\/driverid\/accidentreport.aspx\"> basado en fallos<\/a> cuando se trata de accidentes de coche, exigiendo a los conductores culpables que paguen por los da\u00f1os f\u00edsicos, financieros y emocionales de sus v\u00edctimas en las colisiones que causan. Si usted se lesiona en un peat\u00f3n Beaverton o<a href=\"\/es\/beaverton-car-accident-attorney\/\"> accidente de coche,<\/a> puede exigir responsabilidades al conductor culpable mediante una demanda por lesiones personales o una reclamaci\u00f3n al seguro. A trav\u00e9s de su reclamaci\u00f3n, usted puede recuperar da\u00f1os y perjuicios por gastos m\u00e9dicos, salarios perdidos, da\u00f1os a la propiedad, y el dolor y el sufrimiento.<\/p>\n<p>Para asegurar la compensaci\u00f3n en su demanda, nuestro abogado de accidentes de peatones ayudar\u00e1 a establecer la negligencia del conductor probando cuatro hechos clave.<\/p>\n<ul>\n<li>El conductor ten\u00eda la obligaci\u00f3n de conducir de forma segura y respetar las leyes de tr\u00e1fico de Oreg\u00f3n.<\/li>\n<li>El conductor incumpli\u00f3 de alg\u00fan modo su deber de diligencia.<\/li>\n<li>El incumplimiento del deber caus\u00f3 su accidente.<\/li>\n<li>Ha sufrido da\u00f1os en la colisi\u00f3n.<\/li>\n<\/ul>\n<h2>Qu\u00e9 hacer tras un accidente de peat\u00f3n<\/h2>\n<p>Los momentos inmediatamente posteriores a un accidente de peat\u00f3n ser\u00e1n cruciales para su futura reclamaci\u00f3n. Para protegerse y proteger su derecho a una indemnizaci\u00f3n, siga estos pasos.<\/p>\n<ul>\n<li><strong>Llama al 911 <\/strong>y denuncia el accidente a la polic\u00eda. As\u00ed se crear\u00e1 un informe que podr\u00e1s utilizar como prueba contra el conductor culpable.<\/li>\n<li><strong>Busque atenci\u00f3n m\u00e9dica<\/strong> inmediatamente y guarde todos los registros que reciba. Siempre debe recibir atenci\u00f3n m\u00e9dica, aunque no se sienta herido.<\/li>\n<li><strong>Tome fotograf\u00edas<\/strong> y documente sus lesiones, los da\u00f1os materiales y la escena de la colisi\u00f3n, si es posible.<\/li>\n<li><strong>Intercambiar informaci\u00f3n de contacto<\/strong> con el conductor culpable y los testigos de la zona.<\/li>\n<li><strong>P\u00f3ngase en contacto con<\/strong> uno de nuestros abogados de accidentes de peatones Beaverton tan pronto como sea posible para discutir sus opciones legales.<\/li>\n<\/ul>\n<p>Si se encuentra en Portland en el momento del accidente, llame a nuestro <a href=\"\/es\/practice-areas\/pedestrian-accidents\/\">abogados de accidentes de peatones en Portland<\/a> enseguida.<\/p>\n<h2>P\u00f3ngase en contacto con DuBois Law Group<\/h2>\n<p>Si usted se lesiona en un accidente peatonal Beaverton, no dude en buscar ayuda. Los abogados de accidentes peatonales en DuBois Law Group pueden evaluar su caso y ayudarle a asegurar la compensaci\u00f3n que necesita para recuperarse. <a href=\"\/es\/contact-us\/\">P\u00f3ngase en contacto con nosotros<\/a> hoy para programar una consulta gratuita de su caso y aprender m\u00e1s acerca de sus pr\u00f3ximos pasos. (503) 222-4411<\/p>","protected":false},"excerpt":{"rendered":"<p>A Beaverton pedestrian accident can occur for several reasons, from poor visibility to dangerous weather conditions and badly maintained roads. In many cases, however, driver negligence or recklessness causes these devastating collisions\u2014leaving pedestrians with serious injuries and losses. If you are suffering a personal injury from a pedestrian accident, you may be eligible for legal&#8230; <a class=\"fancy_link\" href=\"https:\/\/pdxinjurylaw.com\/es\/beaverton-pedestrian-accident-attorney\/\">leer m\u00e1s<\/a><\/p>","protected":false},"author":7,"featured_media":0,"parent":0,"menu_order":0,"comment_status":"closed","ping_status":"closed","template":"","meta":{"footnotes":"","_content_optimizer_report_url":"","_content_optimizer_report_added":"","_content_optimizer_keyword_hide_used":false,"_content_optimizer_keyword_hide_above_average":false,"_content_optimizer_entities_hide_used":false,"_content_optimizer_entities_hide_above_average":false,"_content_optimizer_headings_hide_used":false,"_content_optimizer_questions_hide_used":false,"_content_optimizer_tab_active":"","_content_optimizer_report_url_ce":"","_content_optimizer_report_added_ce":"","_content_optimizer_keyword_hide_used_ce":false,"_content_optimizer_keyword_hide_above_average_ce":false,"_content_optimizer_entities_hide_used_ce":false,"_content_optimizer_entities_hide_above_average_ce":false,"_content_optimizer_headings_hide_used_ce":false,"_content_optimizer_questions_hide_used_ce":false,"_content_optimizer_tab_active_ce":""},"class_list":["post-65174","page","type-page","status-publish","hentry"],"yoast_head":"<!-- This site is optimized with the Yoast SEO plugin v27.5 - https:\/\/yoast.com\/product\/yoast-seo-wordpress\/ -->\n<title>Beaverton Pedestrian Accident Attorney<\/title>\n<meta name=\"description\" content=\"Were you injured as a pedestrian in Beaverton? Call one of our experienced attorneys for a FREE consultation today! (503) 222-4411\" \/>\n<meta name=\"robots\" content=\"index, follow, max-snippet:-1, max-image-preview:large, max-video-preview:-1\" \/>\n<link rel=\"canonical\" href=\"https:\/\/pdxinjurylaw.com\/es\/beaverton-pedestrian-accident-attorney\/\" \/>\n<meta property=\"og:locale\" content=\"es_MX\" \/>\n<meta property=\"og:type\" content=\"article\" \/>\n<meta property=\"og:title\" content=\"Beaverton Pedestrian Accident Attorney\" \/>\n<meta property=\"og:description\" content=\"Were you injured as a pedestrian in Beaverton? Call one of our experienced attorneys for a FREE consultation today! (503) 222-4411\" \/>\n<meta property=\"og:url\" content=\"https:\/\/pdxinjurylaw.com\/es\/beaverton-pedestrian-accident-attorney\/\" \/>\n<meta property=\"og:site_name\" content=\"PDX Injury Law\" \/>\n<meta property=\"article:modified_time\" content=\"2022-07-05T19:58:11+00:00\" \/>\n<meta name=\"twitter:card\" content=\"summary_large_image\" \/>\n<meta name=\"twitter:label1\" content=\"Tiempo de lectura\" \/>\n\t<meta name=\"twitter:data1\" content=\"3 minutos\" \/>\n<script type=\"application\/ld+json\" class=\"yoast-schema-graph\">{\"@context\":\"https:\\\/\\\/schema.org\",\"@graph\":[{\"@type\":\"WebPage\",\"@id\":\"https:\\\/\\\/pdxinjurylaw.com\\\/beaverton-pedestrian-accident-attorney\\\/\",\"url\":\"https:\\\/\\\/pdxinjurylaw.com\\\/beaverton-pedestrian-accident-attorney\\\/\",\"name\":\"Beaverton Pedestrian Accident Attorney\",\"isPartOf\":{\"@id\":\"https:\\\/\\\/pdxinjurylaw.com\\\/#website\"},\"datePublished\":\"2021-08-10T01:33:42+00:00\",\"dateModified\":\"2022-07-05T19:58:11+00:00\",\"description\":\"Were you injured as a pedestrian in Beaverton? Call one of our experienced attorneys for a FREE consultation today! (503) 222-4411\",\"breadcrumb\":{\"@id\":\"https:\\\/\\\/pdxinjurylaw.com\\\/beaverton-pedestrian-accident-attorney\\\/#breadcrumb\"},\"inLanguage\":\"es\",\"potentialAction\":[{\"@type\":\"ReadAction\",\"target\":[\"https:\\\/\\\/pdxinjurylaw.com\\\/beaverton-pedestrian-accident-attorney\\\/\"]}]},{\"@type\":\"BreadcrumbList\",\"@id\":\"https:\\\/\\\/pdxinjurylaw.com\\\/beaverton-pedestrian-accident-attorney\\\/#breadcrumb\",\"itemListElement\":[{\"@type\":\"ListItem\",\"position\":1,\"name\":\"Home\",\"item\":\"https:\\\/\\\/pdxinjurylaw.com\\\/\"},{\"@type\":\"ListItem\",\"position\":2,\"name\":\"Beaverton Pedestrian Accident Lawyer\"}]},{\"@type\":\"WebSite\",\"@id\":\"https:\\\/\\\/pdxinjurylaw.com\\\/#website\",\"url\":\"https:\\\/\\\/pdxinjurylaw.com\\\/\",\"name\":\"PDX Injury Law\",\"description\":\"\",\"publisher\":{\"@id\":\"https:\\\/\\\/pdxinjurylaw.com\\\/#organization\"},\"potentialAction\":[{\"@type\":\"SearchAction\",\"target\":{\"@type\":\"EntryPoint\",\"urlTemplate\":\"https:\\\/\\\/pdxinjurylaw.com\\\/?s={search_term_string}\"},\"query-input\":{\"@type\":\"PropertyValueSpecification\",\"valueRequired\":true,\"valueName\":\"search_term_string\"}}],\"inLanguage\":\"es\"},{\"@type\":\"Organization\",\"@id\":\"https:\\\/\\\/pdxinjurylaw.com\\\/#organization\",\"name\":\"PDX Injury Law\",\"url\":\"https:\\\/\\\/pdxinjurylaw.com\\\/\",\"logo\":{\"@type\":\"ImageObject\",\"inLanguage\":\"es\",\"@id\":\"https:\\\/\\\/pdxinjurylaw.com\\\/#\\\/schema\\\/logo\\\/image\\\/\",\"url\":\"https:\\\/\\\/530710ec99.nxcli.io\\\/wp-content\\\/uploads\\\/2021\\\/06\\\/logo-main.png\",\"contentUrl\":\"https:\\\/\\\/530710ec99.nxcli.io\\\/wp-content\\\/uploads\\\/2021\\\/06\\\/logo-main.png\",\"width\":368,\"height\":63,\"caption\":\"PDX Injury Law\"},\"image\":{\"@id\":\"https:\\\/\\\/pdxinjurylaw.com\\\/#\\\/schema\\\/logo\\\/image\\\/\"}}]}<\/script>\n<!-- \/ Yoast SEO plugin. -->","yoast_head_json":{"title":"Beaverton Pedestrian Accident Attorney","description":"Were you injured as a pedestrian in Beaverton? Call one of our experienced attorneys for a FREE consultation today! (503) 222-4411","robots":{"index":"index","follow":"follow","max-snippet":"max-snippet:-1","max-image-preview":"max-image-preview:large","max-video-preview":"max-video-preview:-1"},"canonical":"https:\/\/pdxinjurylaw.com\/es\/beaverton-pedestrian-accident-attorney\/","og_locale":"es_MX","og_type":"article","og_title":"Beaverton Pedestrian Accident Attorney","og_description":"Were you injured as a pedestrian in Beaverton? Call one of our experienced attorneys for a FREE consultation today! (503) 222-4411","og_url":"https:\/\/pdxinjurylaw.com\/es\/beaverton-pedestrian-accident-attorney\/","og_site_name":"PDX Injury Law","article_modified_time":"2022-07-05T19:58:11+00:00","twitter_card":"summary_large_image","twitter_misc":{"Tiempo de lectura":"3 minutos"},"schema":{"@context":"https:\/\/schema.org","@graph":[{"@type":"WebPage","@id":"https:\/\/pdxinjurylaw.com\/beaverton-pedestrian-accident-attorney\/","url":"https:\/\/pdxinjurylaw.com\/beaverton-pedestrian-accident-attorney\/","name":"Beaverton Pedestrian Accident Attorney","isPartOf":{"@id":"https:\/\/pdxinjurylaw.com\/#website"},"datePublished":"2021-08-10T01:33:42+00:00","dateModified":"2022-07-05T19:58:11+00:00","description":"Were you injured as a pedestrian in Beaverton? Call one of our experienced attorneys for a FREE consultation today! (503) 222-4411","breadcrumb":{"@id":"https:\/\/pdxinjurylaw.com\/beaverton-pedestrian-accident-attorney\/#breadcrumb"},"inLanguage":"es","potentialAction":[{"@type":"ReadAction","target":["https:\/\/pdxinjurylaw.com\/beaverton-pedestrian-accident-attorney\/"]}]},{"@type":"BreadcrumbList","@id":"https:\/\/pdxinjurylaw.com\/beaverton-pedestrian-accident-attorney\/#breadcrumb","itemListElement":[{"@type":"ListItem","position":1,"name":"Home","item":"https:\/\/pdxinjurylaw.com\/"},{"@type":"ListItem","position":2,"name":"Beaverton Pedestrian Accident Lawyer"}]},{"@type":"WebSite","@id":"https:\/\/pdxinjurylaw.com\/#website","url":"https:\/\/pdxinjurylaw.com\/","name":"PDX Ley de Lesiones","description":"","publisher":{"@id":"https:\/\/pdxinjurylaw.com\/#organization"},"potentialAction":[{"@type":"SearchAction","target":{"@type":"EntryPoint","urlTemplate":"https:\/\/pdxinjurylaw.com\/?s={search_term_string}"},"query-input":{"@type":"PropertyValueSpecification","valueRequired":true,"valueName":"search_term_string"}}],"inLanguage":"es"},{"@type":"Organization","@id":"https:\/\/pdxinjurylaw.com\/#organization","name":"PDX Ley de Lesiones","url":"https:\/\/pdxinjurylaw.com\/","logo":{"@type":"ImageObject","inLanguage":"es","@id":"https:\/\/pdxinjurylaw.com\/#\/schema\/logo\/image\/","url":"https:\/\/530710ec99.nxcli.io\/wp-content\/uploads\/2021\/06\/logo-main.png","contentUrl":"https:\/\/530710ec99.nxcli.io\/wp-content\/uploads\/2021\/06\/logo-main.png","width":368,"height":63,"caption":"PDX Injury Law"},"image":{"@id":"https:\/\/pdxinjurylaw.com\/#\/schema\/logo\/image\/"}}]}},"acf":[],"_links":{"self":[{"href":"https:\/\/pdxinjurylaw.com\/es\/wp-json\/wp\/v2\/pages\/65174","targetHints":{"allow":["GET"]}}],"collection":[{"href":"https:\/\/pdxinjurylaw.com\/es\/wp-json\/wp\/v2\/pages"}],"about":[{"href":"https:\/\/pdxinjurylaw.com\/es\/wp-json\/wp\/v2\/types\/page"}],"author":[{"embeddable":true,"href":"https:\/\/pdxinjurylaw.com\/es\/wp-json\/wp\/v2\/users\/7"}],"replies":[{"embeddable":true,"href":"https:\/\/pdxinjurylaw.com\/es\/wp-json\/wp\/v2\/comments?post=65174"}],"version-history":[{"count":5,"href":"https:\/\/pdxinjurylaw.com\/es\/wp-json\/wp\/v2\/pages\/65174\/revisions"}],"predecessor-version":[{"id":65917,"href":"https:\/\/pdxinjurylaw.com\/es\/wp-json\/wp\/v2\/pages\/65174\/revisions\/65917"}],"wp:attachment":[{"href":"https:\/\/pdxinjurylaw.com\/es\/wp-json\/wp\/v2\/media?parent=65174"}],"curies":[{"name":"wp","href":"https:\/\/api.w.org\/{rel}","templated":true}]}}