{"id":65170,"date":"2021-08-10T01:24:47","date_gmt":"2021-08-10T01:24:47","guid":{"rendered":"https:\/\/pdxinjurylaw.com\/?page_id=65170"},"modified":"2022-07-05T17:52:33","modified_gmt":"2022-07-05T17:52:33","slug":"beaverton-car-accident-attorney","status":"publish","type":"page","link":"https:\/\/pdxinjurylaw.com\/es\/beaverton-car-accident-attorney\/","title":{"rendered":"Beaverton Abogado de Accidente de Coche"},"content":{"rendered":"<p>Cada a\u00f1o, los accidentes automovil\u00edsticos causan millones de lesiones y muertes en los Estados Unidos. Estas colisiones pueden ocurrir en cualquier momento, en cualquier lugar, incluyendo Beaverton, Oregon. Si usted se lesiona en un accidente de veh\u00edculo de motor, usted puede ser elegible para una compensaci\u00f3n financiera con la ayuda de un <a href=\"\/es\/beaverton-personal-injury-lawyer\/\">Beaverton abogado de lesiones personales<\/a>. En estas situaciones, los abogados de accidente de coche Beaverton en DuBois Law Group puede representar en su caso y ayudarle a recuperar los da\u00f1os que se merece.<\/p>\n<h2>Por qu\u00e9 elegirnos<\/h2>\n<ul>\n<li>Nuestra <a href=\"\/es\/practice-areas\/portland-car-accident-lawyers\/\">abogados de accidentes en Portland<\/a> han conseguido millones de d\u00f3lares en acuerdos por lesiones personales y veredictos de jurados, recuperando $50 millones para nuestros clientes en un per\u00edodo de 5 a\u00f1os.<\/li>\n<li>Nuestro bufete se encarga de un n\u00famero reducido de casos a la vez, lo que nos permite ofrecerle la atenci\u00f3n personalizada, el cuidado y la dedicaci\u00f3n que se merece.<\/li>\n<li>Cobramos honorarios de contingencia para una m\u00e1xima asequibilidad. S\u00f3lo se le cobrar\u00e1n los honorarios legales si conseguimos una indemnizaci\u00f3n en su nombre.<\/li>\n<\/ul>\n<h2>Leyes sobre el seguro de coche en Oreg\u00f3n<\/h2>\n<p>Como muchos estados, Oreg\u00f3n sigue un <a href=\"https:\/\/www.oregon.gov\/odot\/dmv\/pages\/driverid\/accidentreport.aspx\">sistema basado en fallos<\/a> por accidentes de tr\u00e1fico. Si un conductor causa una colisi\u00f3n, \u00e9l o ella es financieramente responsable de cualquier p\u00e9rdida que las v\u00edctimas sufren en el accidente. Para mantener este deber, todos los conductores de Oregon deben llevar las siguientes cantidades de seguro de coche.<\/p>\n<ul>\n<li><strong>$25,000<\/strong> por lesiones corporales o muerte de una persona por accidente<\/li>\n<li><strong>$50,000<\/strong> por lesiones corporales totales o muerte por accidente<\/li>\n<li><strong>$20,000<\/strong> por da\u00f1os materiales por accidente<\/li>\n<li><strong>$15,000<\/strong> en protecci\u00f3n de da\u00f1os personales por persona<\/li>\n<li>Cobertura de motorista sin seguro de<strong> $25,000<\/strong> por persona y <strong>$50,000<\/strong> por accidente.<\/li>\n<\/ul>\n<p>Si sufre lesiones en un accidente de tr\u00e1fico en Oreg\u00f3n, tiene tres opciones para obtener una indemnizaci\u00f3n. Usted puede presentar una reclamaci\u00f3n de seguro contra el conductor culpable o bajo su propia p\u00f3liza de seguro. Tambi\u00e9n puede utilizar un abogado de accidente de coche Beaverton para ayudar a presentar una demanda por lesiones personales contra el conductor.<\/p>\n<h2>Indemnizaciones disponibles para las v\u00edctimas de accidentes de tr\u00e1fico<\/h2>\n<p>A trav\u00e9s de una reclamaci\u00f3n por accidente de coche en Oreg\u00f3n, puede obtener una indemnizaci\u00f3n por dos tipos de da\u00f1os: econ\u00f3micos y no econ\u00f3micos. Los da\u00f1os econ\u00f3micos se refieren a sus p\u00e9rdidas financieras tangibles. Los da\u00f1os no econ\u00f3micos, por otra parte, implican sus p\u00e9rdidas f\u00edsicas y emocionales, tambi\u00e9n conocidas como dolor y sufrimiento. Se incluye aqu\u00ed la posibilidad de que el <a href=\"\/es\/beaverton-wrongful-death-lawyer\/\">muerte por negligencia<\/a> de alguien implicado en el accidente.<\/p>\n<p>Da\u00f1os comunes en las reclamaciones de accidente de coche Beaverton incluyen los siguientes.<\/p>\n<ul>\n<li>Gastos m\u00e9dicos pasados y futuros<\/li>\n<li>Adaptaciones para discapacitados<\/li>\n<li>Reparaci\u00f3n y sustituci\u00f3n de veh\u00edculos<\/li>\n<li>Otros da\u00f1os materiales sufridos en el accidente<\/li>\n<li>Salarios perdidos y p\u00e9rdida de ingresos futuros<\/li>\n<li>Discapacidad, dolor cr\u00f3nico y desfiguraci\u00f3n<\/li>\n<li>Angustia mental y emocional<\/li>\n<li>Depresi\u00f3n y ansiedad<\/li>\n<li>P\u00e9rdida de calidad de vida<\/li>\n<\/ul>\n<h2>Qu\u00e9 hacer tras un accidente de tr\u00e1fico<\/h2>\n<p>Los momentos posteriores a un accidente de tr\u00e1fico pueden ser aterradores, pero son importantes para su futura reclamaci\u00f3n. Tan pronto como sea posible despu\u00e9s de la colisi\u00f3n, <strong>llamar al 911<\/strong> e informe del accidente a las fuerzas de seguridad. Si puedes caminar sin sufrir m\u00e1s lesiones, <strong>tomar fotograf\u00edas<\/strong> de sus lesiones, los da\u00f1os del veh\u00edculo y la zona alrededor de la colisi\u00f3n. <strong>Intercambiar informaci\u00f3n<\/strong> con el otro conductor y con cualquier testigo de la zona.<\/p>\n<p>Tan pronto como sea posible despu\u00e9s del accidente, s<strong>eek atenci\u00f3n m\u00e9dica<\/strong> por sus lesiones. Usted debe ir siempre al doctor despu\u00e9s de una colisi\u00f3n, incluso si usted se siente ileso; usted puede tener lesiones subyacentes de las cuales usted no est\u00e9 enterado todav\u00eda, y sus expedientes m\u00e9dicos ser\u00e1n evidencia crucial en su demanda. Despu\u00e9s de buscar tratamiento, p\u00f3ngase en contacto con un Beaverton o <a href=\"\/es\/portland-personal-injury-lawyer\/\">Portland abogado de lesiones<\/a> lo antes posible para saber m\u00e1s sobre sus opciones legales.<\/p>\n<h2>P\u00f3ngase en contacto con DuBois Law Group<\/h2>\n<p>\u00bfEs usted v\u00edctima de un accidente de coche en Beaverton? Bajo las leyes de seguros de coche de Oregon, usted puede ser elegible para una compensaci\u00f3n financiera-y los abogados de accidentes de coche de Beaverton en DuBois Law Group pueden ayudar. <a href=\"\/es\/contact-us\/\">P\u00f3ngase en contacto con nosotros<\/a> hoy para programar una consulta gratuita y discutir su camino \u00f3ptimo para la m\u00e1xima recuperaci\u00f3n. (503) 222-4411<\/p>","protected":false},"excerpt":{"rendered":"<p>Each year, car accidents lead to millions of injuries and deaths across the United States. These collisions can happen at any time, in any place\u2014including Beaverton, Oregon. If you are injured in a motor vehicle accident, you may be eligible for financial compensation with the help of a Beaverton personal injury lawyer. In these situations,&#8230; <a class=\"fancy_link\" href=\"https:\/\/pdxinjurylaw.com\/es\/beaverton-car-accident-attorney\/\">leer m\u00e1s<\/a><\/p>","protected":false},"author":7,"featured_media":0,"parent":0,"menu_order":0,"comment_status":"closed","ping_status":"closed","template":"","meta":{"footnotes":"","_content_optimizer_report_url":"","_content_optimizer_report_added":"","_content_optimizer_keyword_hide_used":false,"_content_optimizer_keyword_hide_above_average":false,"_content_optimizer_entities_hide_used":false,"_content_optimizer_entities_hide_above_average":false,"_content_optimizer_headings_hide_used":false,"_content_optimizer_questions_hide_used":false,"_content_optimizer_tab_active":"","_content_optimizer_report_url_ce":"","_content_optimizer_report_added_ce":"","_content_optimizer_keyword_hide_used_ce":false,"_content_optimizer_keyword_hide_above_average_ce":false,"_content_optimizer_entities_hide_used_ce":false,"_content_optimizer_entities_hide_above_average_ce":false,"_content_optimizer_headings_hide_used_ce":false,"_content_optimizer_questions_hide_used_ce":false,"_content_optimizer_tab_active_ce":""},"class_list":["post-65170","page","type-page","status-publish","hentry"],"yoast_head":"<!-- This site is optimized with the Yoast SEO plugin v27.4 - https:\/\/yoast.com\/product\/yoast-seo-wordpress\/ -->\n<title>Beaverton Car Accident Attorney<\/title>\n<meta name=\"description\" content=\"Involved in a car accident in Beaverton? You may be eligible for consultation. Contact our car accident lawyers today for a FREE consultation! (503) 222-4411\" \/>\n<meta name=\"robots\" content=\"index, follow, max-snippet:-1, max-image-preview:large, max-video-preview:-1\" \/>\n<link rel=\"canonical\" href=\"https:\/\/pdxinjurylaw.com\/es\/beaverton-car-accident-attorney\/\" \/>\n<meta property=\"og:locale\" content=\"es_MX\" \/>\n<meta property=\"og:type\" content=\"article\" \/>\n<meta property=\"og:title\" content=\"Beaverton Car Accident Attorney\" \/>\n<meta property=\"og:description\" content=\"Involved in a car accident in Beaverton? You may be eligible for consultation. Contact our car accident lawyers today for a FREE consultation! (503) 222-4411\" \/>\n<meta property=\"og:url\" content=\"https:\/\/pdxinjurylaw.com\/es\/beaverton-car-accident-attorney\/\" \/>\n<meta property=\"og:site_name\" content=\"PDX Injury Law\" \/>\n<meta property=\"article:modified_time\" content=\"2022-07-05T17:52:33+00:00\" \/>\n<meta name=\"twitter:card\" content=\"summary_large_image\" \/>\n<meta name=\"twitter:label1\" content=\"Tiempo de lectura\" \/>\n\t<meta name=\"twitter:data1\" content=\"3 minutos\" \/>\n<script type=\"application\/ld+json\" class=\"yoast-schema-graph\">{\"@context\":\"https:\\\/\\\/schema.org\",\"@graph\":[{\"@type\":\"WebPage\",\"@id\":\"https:\\\/\\\/pdxinjurylaw.com\\\/beaverton-car-accident-attorney\\\/\",\"url\":\"https:\\\/\\\/pdxinjurylaw.com\\\/beaverton-car-accident-attorney\\\/\",\"name\":\"Beaverton Car Accident Attorney\",\"isPartOf\":{\"@id\":\"https:\\\/\\\/pdxinjurylaw.com\\\/#website\"},\"datePublished\":\"2021-08-10T01:24:47+00:00\",\"dateModified\":\"2022-07-05T17:52:33+00:00\",\"description\":\"Involved in a car accident in Beaverton? You may be eligible for consultation. Contact our car accident lawyers today for a FREE consultation! (503) 222-4411\",\"breadcrumb\":{\"@id\":\"https:\\\/\\\/pdxinjurylaw.com\\\/beaverton-car-accident-attorney\\\/#breadcrumb\"},\"inLanguage\":\"es\",\"potentialAction\":[{\"@type\":\"ReadAction\",\"target\":[\"https:\\\/\\\/pdxinjurylaw.com\\\/beaverton-car-accident-attorney\\\/\"]}]},{\"@type\":\"BreadcrumbList\",\"@id\":\"https:\\\/\\\/pdxinjurylaw.com\\\/beaverton-car-accident-attorney\\\/#breadcrumb\",\"itemListElement\":[{\"@type\":\"ListItem\",\"position\":1,\"name\":\"Home\",\"item\":\"https:\\\/\\\/pdxinjurylaw.com\\\/\"},{\"@type\":\"ListItem\",\"position\":2,\"name\":\"Beaverton Car Accident Lawyer\"}]},{\"@type\":\"WebSite\",\"@id\":\"https:\\\/\\\/pdxinjurylaw.com\\\/#website\",\"url\":\"https:\\\/\\\/pdxinjurylaw.com\\\/\",\"name\":\"PDX Injury Law\",\"description\":\"\",\"publisher\":{\"@id\":\"https:\\\/\\\/pdxinjurylaw.com\\\/#organization\"},\"potentialAction\":[{\"@type\":\"SearchAction\",\"target\":{\"@type\":\"EntryPoint\",\"urlTemplate\":\"https:\\\/\\\/pdxinjurylaw.com\\\/?s={search_term_string}\"},\"query-input\":{\"@type\":\"PropertyValueSpecification\",\"valueRequired\":true,\"valueName\":\"search_term_string\"}}],\"inLanguage\":\"es\"},{\"@type\":\"Organization\",\"@id\":\"https:\\\/\\\/pdxinjurylaw.com\\\/#organization\",\"name\":\"PDX Injury Law\",\"url\":\"https:\\\/\\\/pdxinjurylaw.com\\\/\",\"logo\":{\"@type\":\"ImageObject\",\"inLanguage\":\"es\",\"@id\":\"https:\\\/\\\/pdxinjurylaw.com\\\/#\\\/schema\\\/logo\\\/image\\\/\",\"url\":\"https:\\\/\\\/530710ec99.nxcli.io\\\/wp-content\\\/uploads\\\/2021\\\/06\\\/logo-main.png\",\"contentUrl\":\"https:\\\/\\\/530710ec99.nxcli.io\\\/wp-content\\\/uploads\\\/2021\\\/06\\\/logo-main.png\",\"width\":368,\"height\":63,\"caption\":\"PDX Injury Law\"},\"image\":{\"@id\":\"https:\\\/\\\/pdxinjurylaw.com\\\/#\\\/schema\\\/logo\\\/image\\\/\"}}]}<\/script>\n<!-- \/ Yoast SEO plugin. -->","yoast_head_json":{"title":"Beaverton Car Accident Attorney","description":"Involved in a car accident in Beaverton? You may be eligible for consultation. Contact our car accident lawyers today for a FREE consultation! (503) 222-4411","robots":{"index":"index","follow":"follow","max-snippet":"max-snippet:-1","max-image-preview":"max-image-preview:large","max-video-preview":"max-video-preview:-1"},"canonical":"https:\/\/pdxinjurylaw.com\/es\/beaverton-car-accident-attorney\/","og_locale":"es_MX","og_type":"article","og_title":"Beaverton Car Accident Attorney","og_description":"Involved in a car accident in Beaverton? You may be eligible for consultation. Contact our car accident lawyers today for a FREE consultation! (503) 222-4411","og_url":"https:\/\/pdxinjurylaw.com\/es\/beaverton-car-accident-attorney\/","og_site_name":"PDX Injury Law","article_modified_time":"2022-07-05T17:52:33+00:00","twitter_card":"summary_large_image","twitter_misc":{"Tiempo de lectura":"3 minutos"},"schema":{"@context":"https:\/\/schema.org","@graph":[{"@type":"WebPage","@id":"https:\/\/pdxinjurylaw.com\/beaverton-car-accident-attorney\/","url":"https:\/\/pdxinjurylaw.com\/beaverton-car-accident-attorney\/","name":"Beaverton Car Accident Attorney","isPartOf":{"@id":"https:\/\/pdxinjurylaw.com\/#website"},"datePublished":"2021-08-10T01:24:47+00:00","dateModified":"2022-07-05T17:52:33+00:00","description":"Involved in a car accident in Beaverton? You may be eligible for consultation. Contact our car accident lawyers today for a FREE consultation! (503) 222-4411","breadcrumb":{"@id":"https:\/\/pdxinjurylaw.com\/beaverton-car-accident-attorney\/#breadcrumb"},"inLanguage":"es","potentialAction":[{"@type":"ReadAction","target":["https:\/\/pdxinjurylaw.com\/beaverton-car-accident-attorney\/"]}]},{"@type":"BreadcrumbList","@id":"https:\/\/pdxinjurylaw.com\/beaverton-car-accident-attorney\/#breadcrumb","itemListElement":[{"@type":"ListItem","position":1,"name":"Home","item":"https:\/\/pdxinjurylaw.com\/"},{"@type":"ListItem","position":2,"name":"Beaverton Car Accident Lawyer"}]},{"@type":"WebSite","@id":"https:\/\/pdxinjurylaw.com\/#website","url":"https:\/\/pdxinjurylaw.com\/","name":"PDX Ley de Lesiones","description":"","publisher":{"@id":"https:\/\/pdxinjurylaw.com\/#organization"},"potentialAction":[{"@type":"SearchAction","target":{"@type":"EntryPoint","urlTemplate":"https:\/\/pdxinjurylaw.com\/?s={search_term_string}"},"query-input":{"@type":"PropertyValueSpecification","valueRequired":true,"valueName":"search_term_string"}}],"inLanguage":"es"},{"@type":"Organization","@id":"https:\/\/pdxinjurylaw.com\/#organization","name":"PDX Ley de Lesiones","url":"https:\/\/pdxinjurylaw.com\/","logo":{"@type":"ImageObject","inLanguage":"es","@id":"https:\/\/pdxinjurylaw.com\/#\/schema\/logo\/image\/","url":"https:\/\/530710ec99.nxcli.io\/wp-content\/uploads\/2021\/06\/logo-main.png","contentUrl":"https:\/\/530710ec99.nxcli.io\/wp-content\/uploads\/2021\/06\/logo-main.png","width":368,"height":63,"caption":"PDX Injury Law"},"image":{"@id":"https:\/\/pdxinjurylaw.com\/#\/schema\/logo\/image\/"}}]}},"acf":[],"_links":{"self":[{"href":"https:\/\/pdxinjurylaw.com\/es\/wp-json\/wp\/v2\/pages\/65170","targetHints":{"allow":["GET"]}}],"collection":[{"href":"https:\/\/pdxinjurylaw.com\/es\/wp-json\/wp\/v2\/pages"}],"about":[{"href":"https:\/\/pdxinjurylaw.com\/es\/wp-json\/wp\/v2\/types\/page"}],"author":[{"embeddable":true,"href":"https:\/\/pdxinjurylaw.com\/es\/wp-json\/wp\/v2\/users\/7"}],"replies":[{"embeddable":true,"href":"https:\/\/pdxinjurylaw.com\/es\/wp-json\/wp\/v2\/comments?post=65170"}],"version-history":[{"count":4,"href":"https:\/\/pdxinjurylaw.com\/es\/wp-json\/wp\/v2\/pages\/65170\/revisions"}],"predecessor-version":[{"id":66813,"href":"https:\/\/pdxinjurylaw.com\/es\/wp-json\/wp\/v2\/pages\/65170\/revisions\/66813"}],"wp:attachment":[{"href":"https:\/\/pdxinjurylaw.com\/es\/wp-json\/wp\/v2\/media?parent=65170"}],"curies":[{"name":"wp","href":"https:\/\/api.w.org\/{rel}","templated":true}]}}