{"id":65136,"date":"2023-11-01T03:45:10","date_gmt":"2023-11-01T03:45:10","guid":{"rendered":"https:\/\/pdxinjurylaw.com\/?page_id=65136"},"modified":"2023-12-01T07:32:01","modified_gmt":"2023-12-01T07:32:01","slug":"beaverton-personal-injury-lawyer","status":"publish","type":"page","link":"https:\/\/pdxinjurylaw.com\/es\/beaverton-personal-injury-lawyer\/","title":{"rendered":"Beaverton Abogado de Lesiones Personales"},"content":{"rendered":"<p><span style=\"font-weight: 400;\">En Beaverton, Oregon, los accidentes pueden ocurrir en cualquier momento, en cualquier lugar, resultando en consecuencias inesperadas. Si usted se lesiona debido a la negligencia o imprudencia de otra persona o entidad, puede sufrir miles de d\u00f3lares en gastos m\u00e9dicos, perder semanas o meses de salarios, y sufrir discapacidades permanentes que pueden afectar el resto de su vida.\u00a0<\/span><\/p>\n<p><span style=\"font-weight: 400;\">En estas situaciones, usted puede calificar para una acci\u00f3n legal-y los abogados de lesiones personales de Beaverton en DuBois Law Group pueden ayudar. Nuestros abogados expertos pueden representarlo en su demanda por lesiones personales y elaborar un caso convincente a su favor, luchando por su derecho a la m\u00e1xima recuperaci\u00f3n.<\/span><\/p>\n<h2><strong>Por qu\u00e9 elegirnos<\/strong><\/h2>\n<ul>\n<li style=\"font-weight: 400;\" aria-level=\"1\"><span style=\"font-weight: 400;\">Nuestra firma se dedica a asegurar el alcance total de sus da\u00f1os. Nuestro <a href=\"\/es\/portland-personal-injury-lawyer\/\">abogados de lesiones personales en Portland<\/a> han conseguido millones de d\u00f3lares en acuerdos y veredictos de jurados para miles de residentes de Oreg\u00f3n lesionados.<\/span><\/li>\n<li style=\"font-weight: 400;\" aria-level=\"1\"><span style=\"font-weight: 400;\">Nuestros abogados de lesiones personales de Beaverton tienen a\u00f1os de experiencia representando a v\u00edctimas de lesiones personales en m\u00faltiples tipos de casos. Vamos a aprovechar nuestras habilidades, recursos y conocimientos para luchar agresivamente por su mejor resultado posible.<\/span><\/li>\n<li style=\"font-weight: 400;\" aria-level=\"1\"><span style=\"font-weight: 400;\">Entendemos que las dificultades financieras son comunes despu\u00e9s de una lesi\u00f3n personal inesperada. Nuestra empresa opera sobre una base de honorarios de contingencia para la m\u00e1xima asequibilidad-si no aseguramos la compensaci\u00f3n en su caso, usted no deber\u00e1 ning\u00fan honorario legal.\u00a0<\/span><\/li>\n<\/ul>\n<h2><strong>\u00bfQu\u00e9 es un da\u00f1o personal?<\/strong><\/h2>\n<p><span style=\"font-weight: 400;\">Una lesi\u00f3n personal se refiere a cualquier da\u00f1o que usted sufra debido a las acciones de otra persona o entidad. En muchos casos, estas lesiones se producen durante un accidente causado por otra persona. En otras situaciones, la violencia intencionada provoca una lesi\u00f3n personal, como una agresi\u00f3n o un tiroteo.<\/span><\/p>\n<p><span style=\"font-weight: 400;\">En DuBois Law Group, nuestros abogados de lesiones personales Beaverton manejar una amplia gama de demandas por lesiones, incluyendo los siguientes.<\/span><\/p>\n<ul>\n<li style=\"font-weight: 400;\" aria-level=\"1\"><a href=\"\/es\/beaverton-car-accident-attorney\/\"><span style=\"font-weight: 400;\">Accidentes de tr\u00e1fico<\/span><\/a><\/li>\n<li style=\"font-weight: 400;\" aria-level=\"1\"><a href=\"\/es\/beaverton-motorcycle-accident-lawyer\/\"><span style=\"font-weight: 400;\">Accidentes de moto<\/span><\/a><\/li>\n<li style=\"font-weight: 400;\" aria-level=\"1\"><a href=\"\/es\/beaverton-truck-accident-lawyer\/\"><span style=\"font-weight: 400;\">Accidentes de camiones<\/span><\/a><\/li>\n<li style=\"font-weight: 400;\" aria-level=\"1\"><a href=\"\/es\/beaverton-bicycle-accident-attorney\/\"><span style=\"font-weight: 400;\">Accidentes de bicicleta<\/span><\/a><\/li>\n<li style=\"font-weight: 400;\" aria-level=\"1\"><a href=\"\/es\/beaverton-pedestrian-accident-attorney\/\"><span style=\"font-weight: 400;\">Accidentes de peatones<\/span><\/a><\/li>\n<li style=\"font-weight: 400;\" aria-level=\"1\"><span style=\"font-weight: 400;\">Negligencia m\u00e9dica<\/span><\/li>\n<li style=\"font-weight: 400;\" aria-level=\"1\"><span style=\"font-weight: 400;\">Accidentes de navegaci\u00f3n<\/span><\/li>\n<li style=\"font-weight: 400;\" aria-level=\"1\"><span style=\"font-weight: 400;\">Responsabilidad civil<\/span><\/li>\n<li style=\"font-weight: 400;\" aria-level=\"1\"><span style=\"font-weight: 400;\">Resbalones y ca\u00eddas<\/span><\/li>\n<li style=\"font-weight: 400;\" aria-level=\"1\"><a href=\"\/es\/beaverton-drunk-driving-accident-attorney\/\"><span style=\"font-weight: 400;\">Accidentes por conducir ebrio<\/span><\/a><\/li>\n<li style=\"font-weight: 400;\" aria-level=\"1\"><a href=\"\/es\/beaverton-wrongful-death-lawyer\/\"><span style=\"font-weight: 400;\">Muerte por negligencia<\/span><\/a><\/li>\n<\/ul>\n<h2><strong>Indemnizaciones disponibles para las v\u00edctimas de lesiones personales en Oreg\u00f3n<\/strong><\/h2>\n<p><span style=\"font-weight: 400;\">Cualquier tipo de accidente puede provocar da\u00f1os graves e inesperados, como dificultades econ\u00f3micas, da\u00f1os f\u00edsicos y traumas emocionales. A trav\u00e9s de una demanda por lesiones personales, usted tiene derecho a recuperar una indemnizaci\u00f3n por todos los da\u00f1os econ\u00f3micos y no econ\u00f3micos relacionados con su accidente.\u00a0<\/span><\/p>\n<p><span style=\"font-weight: 400;\">Los da\u00f1os comunes disponibles para las v\u00edctimas de lesiones personales Beaverton que pueden ser aprovechados por nuestros abogados incluyen los siguientes.<\/span><\/p>\n<ul>\n<li style=\"font-weight: 400;\" aria-level=\"1\"><span style=\"font-weight: 400;\">Gastos m\u00e9dicos pasados y futuros<\/span><\/li>\n<li style=\"font-weight: 400;\" aria-level=\"1\"><span style=\"font-weight: 400;\">Equipos de movilidad y adaptaciones para discapacitados<\/span><\/li>\n<li style=\"font-weight: 400;\" aria-level=\"1\"><span style=\"font-weight: 400;\">Salarios perdidos y p\u00e9rdida de ingresos futuros<\/span><\/li>\n<li style=\"font-weight: 400;\" aria-level=\"1\"><span style=\"font-weight: 400;\">Rehabilitaci\u00f3n y fisioterapia<\/span><\/li>\n<li style=\"font-weight: 400;\" aria-level=\"1\"><span style=\"font-weight: 400;\">Da\u00f1os materiales, incluida la reparaci\u00f3n del veh\u00edculo<\/span><\/li>\n<li style=\"font-weight: 400;\" aria-level=\"1\"><span style=\"font-weight: 400;\">Dolor cr\u00f3nico, discapacidad o desfiguraci\u00f3n<\/span><\/li>\n<li style=\"font-weight: 400;\" aria-level=\"1\"><span style=\"font-weight: 400;\">Angustia emocional y angustia mental<\/span><\/li>\n<li style=\"font-weight: 400;\" aria-level=\"1\"><span style=\"font-weight: 400;\">Trastorno de estr\u00e9s postraum\u00e1tico, depresi\u00f3n y ansiedad<\/span><\/li>\n<\/ul>\n<p><span style=\"font-weight: 400;\">En los casos de dolo, imprudencia temeraria o indiferencia consciente ante el da\u00f1o potencial, tambi\u00e9n puede optar a una indemnizaci\u00f3n punitiva. A diferencia de los da\u00f1os econ\u00f3micos y no econ\u00f3micos, que est\u00e1n destinados a compensarle por sus p\u00e9rdidas, los da\u00f1os punitivos est\u00e1n destinados a castigar a la parte culpable y disuadirlo de cometer el mismo acto en el futuro. Su abogado de lesiones personales de Beaverton se encargar\u00e1 de que estos tambi\u00e9n se paguen en su totalidad.\u00a0<\/span><\/p>\n<h2><strong>C\u00f3mo probar un caso de lesiones personales en Beaverton<\/strong><\/h2>\n<p><span style=\"font-weight: 400;\">Para obtener una indemnizaci\u00f3n en una demanda por lesiones personales en Oreg\u00f3n, deber\u00e1 aportar pruebas suficientes que demuestren la negligencia de la parte culpable. Usted tendr\u00e1 que probar cuatro elementos clave para lograr esto.<\/span><\/p>\n<ul>\n<li style=\"font-weight: 400;\" aria-level=\"1\"><span style=\"font-weight: 400;\"><strong>Deber:<\/strong> La parte culpable le deb\u00eda un deber de diligencia. Esto depender\u00e1 de las circunstancias del accidente. Por ejemplo, todos los conductores tienen la obligaci\u00f3n de respetar las normas de tr\u00e1fico y conducir sus veh\u00edculos con seguridad.\u00a0<\/span><\/li>\n<li style=\"font-weight: 400;\" aria-level=\"1\"><span style=\"font-weight: 400;\"><strong>Incumplimiento del deber<\/strong>: La parte culpable ha incumplido su deber de diligencia por negligencia u omisi\u00f3n. Por ejemplo, un conductor ebrio infringe la ley de tr\u00e1fico y su deber de diligencia.\u00a0<\/span><\/li>\n<li style=\"font-weight: 400;\" aria-level=\"1\"><span style=\"font-weight: 400;\"><strong>Causalidad:<\/strong> Las acciones de la parte culpable causaron directamente su accidente y provocaron lesiones. Su historial m\u00e9dico, el informe policial, las im\u00e1genes de vigilancia, el testimonio de testigos y otras pruebas cruciales pueden establecer la causalidad.<\/span><\/li>\n<li style=\"font-weight: 400;\" aria-level=\"1\"><span style=\"font-weight: 400;\"><strong>Da\u00f1os y perjuicios:<\/strong> Usted sufri\u00f3 da\u00f1os en el accidente que puede cobrar en la demanda. Documentos como facturas m\u00e9dicas, correspondencia con la empresa, recibos de sueldo, anotaciones en el diario y testimonios de peritos pueden ayudarte a demostrar tu derecho a indemnizaci\u00f3n por da\u00f1os y perjuicios.<\/span><\/li>\n<\/ul>\n<h2><strong>El plazo de prescripci\u00f3n de los da\u00f1os corporales en Oreg\u00f3n<\/strong><\/h2>\n<p><span style=\"font-weight: 400;\">Si usted cree que est\u00e1 en necesidad de un abogado de lesiones personales Beaverton, es importante actuar con rapidez. Todas las demandas civiles est\u00e1n sujetas a una regla conocida como la <a href=\"https:\/\/www.osbplf.org\/assets\/forms\/pdfs\/Statutes%20of%20Limitation%20Generally.pdf\">prescripci\u00f3n<\/a>que establece un plazo de presentaci\u00f3n para determinadas demandas. Si no la presenta dentro del plazo correspondiente, es probable que el tribunal desestime su caso, impidi\u00e9ndole obtener una indemnizaci\u00f3n.<\/span><\/p>\n<p><span style=\"font-weight: 400;\">En Oregon, usted tiene dos a\u00f1os a partir de la fecha de su accidente para presentar su demanda. Hay ciertas excepciones a la ley de prescripci\u00f3n, por ejemplo, si usted era menor de 18 a\u00f1os en el momento del accidente, el reloj no se iniciar\u00e1 hasta que su 18<\/span><span style=\"font-weight: 400;\">th<\/span><span style=\"font-weight: 400;\"> cumplea\u00f1os. Sin embargo, es importante hablar con un <a href=\"\/es\/practice-areas\/portland-car-accident-lawyers\/\">Portland abogado de accidente<\/a> en DuBois Law Group para identificar su plazo de presentaci\u00f3n apropiado y proteger su derecho a la recuperaci\u00f3n.<\/span><\/p>\n<h2><strong>\u00bfNecesita un abogado de lesiones personales Beaverton?<\/strong><\/h2>\n<p><span style=\"font-weight: 400;\">Al presentar una demanda por lesiones personales Beaverton, usted necesita un abogado de su lado, y la contrataci\u00f3n de un abogado para representar su reclamo puede proporcionar importantes tales como:<\/span><\/p>\n<ul>\n<li style=\"font-weight: 400;\" aria-level=\"1\"><span style=\"font-weight: 400;\">Las secuelas de una lesi\u00f3n personal pueden ser dolorosas. Su abogado se encargar\u00e1 de todos los aspectos de su caso para que pueda centrarse en la recuperaci\u00f3n y la curaci\u00f3n, no en el papeleo y los litigios complejos.<\/span><\/li>\n<li style=\"font-weight: 400;\" aria-level=\"1\"><span style=\"font-weight: 400;\">Es posible que tenga que negociar con las compa\u00f1\u00edas de seguros y los abogados defensores como parte de su demanda por lesiones. Su abogado de lesiones personales se encargar\u00e1 de estas negociaciones en su nombre y abogar por su resultado \u00f3ptimo.<\/span><\/li>\n<li style=\"font-weight: 400;\" aria-level=\"1\"><span style=\"font-weight: 400;\">Es posible que no entienda el alcance total de sus lesiones y da\u00f1os despu\u00e9s de su accidente. Su abogado podr\u00e1 calcular su liquidaci\u00f3n estimada y evaluar cualquier oferta que reciba, protegiendo su futura recuperaci\u00f3n.<\/span><\/li>\n<li style=\"font-weight: 400;\" aria-level=\"1\"><span style=\"font-weight: 400;\">Su abogado de lesiones personales tendr\u00e1 los recursos, habilidades y conocimientos necesarios para llevar a cabo una investigaci\u00f3n a gran escala de su accidente. \u00c9l o ella puede entonces utilizar los resultados de la investigaci\u00f3n para construir un caso fuerte a su favor.<\/span><\/li>\n<li style=\"font-weight: 400;\" aria-level=\"1\"><span style=\"font-weight: 400;\">Su abogado de lesiones personales tendr\u00e1 acceso a testigos expertos que pueden testificar en su favor, incluidos peritos m\u00e9dicos, especialistas en reconstrucci\u00f3n de accidentes, planificadores de cuidados vitales y economistas.<\/span><\/li>\n<\/ul>\n<h2><strong>P\u00f3ngase en contacto con un abogado de lesiones personales en Beaverton DuBois Law Group<\/strong><\/h2>\n<p><span style=\"font-weight: 400;\">Si usted se lesiona debido a la negligencia de otra persona, usted merece justicia-y DuBois Law Group puede ayudar. Nuestros abogados de lesiones personales de Beaverton pueden identificar su camino para maximizar la recuperaci\u00f3n y luchar por su derecho a una compensaci\u00f3n completa. <\/span><span style=\"font-weight: 400;\"><a href=\"\/es\/contact-us\/\">P\u00f3ngase en contacto con nosotros<\/a> hoy<\/span><span style=\"font-weight: 400;\"> para programar su consulta gratuita y discutir sus opciones legales. (503) 222-4411<\/span><\/p>","protected":false},"excerpt":{"rendered":"<p>In Beaverton, Oregon, accidents can happen at any time, in any place\u2014resulting in unexpected consequences. If you are injured due to the negligence or recklessness of another person or entity, you can sustain thousands of dollars in medical expenses, lose weeks or months of wages, and sustain permanent disabilities that can impact the rest of&#8230; <a class=\"fancy_link\" href=\"https:\/\/pdxinjurylaw.com\/es\/beaverton-personal-injury-lawyer\/\">leer m\u00e1s<\/a><\/p>","protected":false},"author":1,"featured_media":0,"parent":0,"menu_order":0,"comment_status":"closed","ping_status":"closed","template":"","meta":{"footnotes":"","_content_optimizer_report_url":"","_content_optimizer_report_added":"","_content_optimizer_keyword_hide_used":false,"_content_optimizer_keyword_hide_above_average":false,"_content_optimizer_entities_hide_used":false,"_content_optimizer_entities_hide_above_average":false,"_content_optimizer_headings_hide_used":false,"_content_optimizer_questions_hide_used":false,"_content_optimizer_tab_active":"","_content_optimizer_report_url_ce":"","_content_optimizer_report_added_ce":"","_content_optimizer_keyword_hide_used_ce":false,"_content_optimizer_keyword_hide_above_average_ce":false,"_content_optimizer_entities_hide_used_ce":false,"_content_optimizer_entities_hide_above_average_ce":false,"_content_optimizer_headings_hide_used_ce":false,"_content_optimizer_questions_hide_used_ce":false,"_content_optimizer_tab_active_ce":""},"class_list":["post-65136","page","type-page","status-publish","hentry"],"yoast_head":"<!-- This site is optimized with the Yoast SEO plugin v27.4 - https:\/\/yoast.com\/product\/yoast-seo-wordpress\/ -->\n<title>Beaverton Personal Injury Lawyer | Top-Rated Car Accident Attorneys in Oregon<\/title>\n<meta name=\"description\" content=\"In need of a personal injury lawyer in Beaverton? Call our law firm today for a FREE consultation today! (503) 222-4411\" \/>\n<meta name=\"robots\" content=\"index, follow, max-snippet:-1, max-image-preview:large, max-video-preview:-1\" \/>\n<link rel=\"canonical\" href=\"https:\/\/pdxinjurylaw.com\/es\/beaverton-personal-injury-lawyer\/\" \/>\n<meta property=\"og:locale\" content=\"es_MX\" \/>\n<meta property=\"og:type\" content=\"article\" \/>\n<meta property=\"og:title\" content=\"Beaverton Personal Injury Lawyer | Top-Rated Car Accident Attorneys in Oregon\" \/>\n<meta property=\"og:description\" content=\"In need of a personal injury lawyer in Beaverton? Call our law firm today for a FREE consultation today! (503) 222-4411\" \/>\n<meta property=\"og:url\" content=\"https:\/\/pdxinjurylaw.com\/es\/beaverton-personal-injury-lawyer\/\" \/>\n<meta property=\"og:site_name\" content=\"PDX Injury Law\" \/>\n<meta property=\"article:modified_time\" content=\"2023-12-01T07:32:01+00:00\" \/>\n<meta name=\"twitter:card\" content=\"summary_large_image\" \/>\n<meta name=\"twitter:label1\" content=\"Tiempo de lectura\" \/>\n\t<meta name=\"twitter:data1\" content=\"5 minutos\" \/>\n<script type=\"application\/ld+json\" class=\"yoast-schema-graph\">{\"@context\":\"https:\\\/\\\/schema.org\",\"@graph\":[{\"@type\":\"WebPage\",\"@id\":\"https:\\\/\\\/pdxinjurylaw.com\\\/beaverton-personal-injury-lawyer\\\/\",\"url\":\"https:\\\/\\\/pdxinjurylaw.com\\\/beaverton-personal-injury-lawyer\\\/\",\"name\":\"Beaverton Personal Injury Lawyer | Top-Rated Car Accident Attorneys in Oregon\",\"isPartOf\":{\"@id\":\"https:\\\/\\\/pdxinjurylaw.com\\\/#website\"},\"datePublished\":\"2023-11-01T03:45:10+00:00\",\"dateModified\":\"2023-12-01T07:32:01+00:00\",\"description\":\"In need of a personal injury lawyer in Beaverton? Call our law firm today for a FREE consultation today! (503) 222-4411\",\"breadcrumb\":{\"@id\":\"https:\\\/\\\/pdxinjurylaw.com\\\/beaverton-personal-injury-lawyer\\\/#breadcrumb\"},\"inLanguage\":\"es\",\"potentialAction\":[{\"@type\":\"ReadAction\",\"target\":[\"https:\\\/\\\/pdxinjurylaw.com\\\/beaverton-personal-injury-lawyer\\\/\"]}]},{\"@type\":\"BreadcrumbList\",\"@id\":\"https:\\\/\\\/pdxinjurylaw.com\\\/beaverton-personal-injury-lawyer\\\/#breadcrumb\",\"itemListElement\":[{\"@type\":\"ListItem\",\"position\":1,\"name\":\"Home\",\"item\":\"https:\\\/\\\/pdxinjurylaw.com\\\/\"},{\"@type\":\"ListItem\",\"position\":2,\"name\":\"Beaverton Personal Injury Attorney\"}]},{\"@type\":\"WebSite\",\"@id\":\"https:\\\/\\\/pdxinjurylaw.com\\\/#website\",\"url\":\"https:\\\/\\\/pdxinjurylaw.com\\\/\",\"name\":\"PDX Injury Law\",\"description\":\"\",\"publisher\":{\"@id\":\"https:\\\/\\\/pdxinjurylaw.com\\\/#organization\"},\"potentialAction\":[{\"@type\":\"SearchAction\",\"target\":{\"@type\":\"EntryPoint\",\"urlTemplate\":\"https:\\\/\\\/pdxinjurylaw.com\\\/?s={search_term_string}\"},\"query-input\":{\"@type\":\"PropertyValueSpecification\",\"valueRequired\":true,\"valueName\":\"search_term_string\"}}],\"inLanguage\":\"es\"},{\"@type\":\"Organization\",\"@id\":\"https:\\\/\\\/pdxinjurylaw.com\\\/#organization\",\"name\":\"PDX Injury Law\",\"url\":\"https:\\\/\\\/pdxinjurylaw.com\\\/\",\"logo\":{\"@type\":\"ImageObject\",\"inLanguage\":\"es\",\"@id\":\"https:\\\/\\\/pdxinjurylaw.com\\\/#\\\/schema\\\/logo\\\/image\\\/\",\"url\":\"https:\\\/\\\/530710ec99.nxcli.io\\\/wp-content\\\/uploads\\\/2021\\\/06\\\/logo-main.png\",\"contentUrl\":\"https:\\\/\\\/530710ec99.nxcli.io\\\/wp-content\\\/uploads\\\/2021\\\/06\\\/logo-main.png\",\"width\":368,\"height\":63,\"caption\":\"PDX Injury Law\"},\"image\":{\"@id\":\"https:\\\/\\\/pdxinjurylaw.com\\\/#\\\/schema\\\/logo\\\/image\\\/\"}}]}<\/script>\n<!-- \/ Yoast SEO plugin. -->","yoast_head_json":{"title":"Beaverton Personal Injury Lawyer | Top-Rated Car Accident Attorneys in Oregon","description":"In need of a personal injury lawyer in Beaverton? Call our law firm today for a FREE consultation today! (503) 222-4411","robots":{"index":"index","follow":"follow","max-snippet":"max-snippet:-1","max-image-preview":"max-image-preview:large","max-video-preview":"max-video-preview:-1"},"canonical":"https:\/\/pdxinjurylaw.com\/es\/beaverton-personal-injury-lawyer\/","og_locale":"es_MX","og_type":"article","og_title":"Beaverton Personal Injury Lawyer | Top-Rated Car Accident Attorneys in Oregon","og_description":"In need of a personal injury lawyer in Beaverton? Call our law firm today for a FREE consultation today! (503) 222-4411","og_url":"https:\/\/pdxinjurylaw.com\/es\/beaverton-personal-injury-lawyer\/","og_site_name":"PDX Injury Law","article_modified_time":"2023-12-01T07:32:01+00:00","twitter_card":"summary_large_image","twitter_misc":{"Tiempo de lectura":"5 minutos"},"schema":{"@context":"https:\/\/schema.org","@graph":[{"@type":"WebPage","@id":"https:\/\/pdxinjurylaw.com\/beaverton-personal-injury-lawyer\/","url":"https:\/\/pdxinjurylaw.com\/beaverton-personal-injury-lawyer\/","name":"Beaverton Personal Injury Lawyer | Top-Rated Car Accident Attorneys in Oregon","isPartOf":{"@id":"https:\/\/pdxinjurylaw.com\/#website"},"datePublished":"2023-11-01T03:45:10+00:00","dateModified":"2023-12-01T07:32:01+00:00","description":"In need of a personal injury lawyer in Beaverton? Call our law firm today for a FREE consultation today! (503) 222-4411","breadcrumb":{"@id":"https:\/\/pdxinjurylaw.com\/beaverton-personal-injury-lawyer\/#breadcrumb"},"inLanguage":"es","potentialAction":[{"@type":"ReadAction","target":["https:\/\/pdxinjurylaw.com\/beaverton-personal-injury-lawyer\/"]}]},{"@type":"BreadcrumbList","@id":"https:\/\/pdxinjurylaw.com\/beaverton-personal-injury-lawyer\/#breadcrumb","itemListElement":[{"@type":"ListItem","position":1,"name":"Home","item":"https:\/\/pdxinjurylaw.com\/"},{"@type":"ListItem","position":2,"name":"Beaverton Personal Injury Attorney"}]},{"@type":"WebSite","@id":"https:\/\/pdxinjurylaw.com\/#website","url":"https:\/\/pdxinjurylaw.com\/","name":"PDX Ley de Lesiones","description":"","publisher":{"@id":"https:\/\/pdxinjurylaw.com\/#organization"},"potentialAction":[{"@type":"SearchAction","target":{"@type":"EntryPoint","urlTemplate":"https:\/\/pdxinjurylaw.com\/?s={search_term_string}"},"query-input":{"@type":"PropertyValueSpecification","valueRequired":true,"valueName":"search_term_string"}}],"inLanguage":"es"},{"@type":"Organization","@id":"https:\/\/pdxinjurylaw.com\/#organization","name":"PDX Ley de Lesiones","url":"https:\/\/pdxinjurylaw.com\/","logo":{"@type":"ImageObject","inLanguage":"es","@id":"https:\/\/pdxinjurylaw.com\/#\/schema\/logo\/image\/","url":"https:\/\/530710ec99.nxcli.io\/wp-content\/uploads\/2021\/06\/logo-main.png","contentUrl":"https:\/\/530710ec99.nxcli.io\/wp-content\/uploads\/2021\/06\/logo-main.png","width":368,"height":63,"caption":"PDX Injury Law"},"image":{"@id":"https:\/\/pdxinjurylaw.com\/#\/schema\/logo\/image\/"}}]}},"acf":[],"_links":{"self":[{"href":"https:\/\/pdxinjurylaw.com\/es\/wp-json\/wp\/v2\/pages\/65136","targetHints":{"allow":["GET"]}}],"collection":[{"href":"https:\/\/pdxinjurylaw.com\/es\/wp-json\/wp\/v2\/pages"}],"about":[{"href":"https:\/\/pdxinjurylaw.com\/es\/wp-json\/wp\/v2\/types\/page"}],"author":[{"embeddable":true,"href":"https:\/\/pdxinjurylaw.com\/es\/wp-json\/wp\/v2\/users\/1"}],"replies":[{"embeddable":true,"href":"https:\/\/pdxinjurylaw.com\/es\/wp-json\/wp\/v2\/comments?post=65136"}],"version-history":[{"count":5,"href":"https:\/\/pdxinjurylaw.com\/es\/wp-json\/wp\/v2\/pages\/65136\/revisions"}],"predecessor-version":[{"id":66812,"href":"https:\/\/pdxinjurylaw.com\/es\/wp-json\/wp\/v2\/pages\/65136\/revisions\/66812"}],"wp:attachment":[{"href":"https:\/\/pdxinjurylaw.com\/es\/wp-json\/wp\/v2\/media?parent=65136"}],"curies":[{"name":"wp","href":"https:\/\/api.w.org\/{rel}","templated":true}]}}