{"id":65134,"date":"2023-11-02T02:23:37","date_gmt":"2023-11-02T02:23:37","guid":{"rendered":"https:\/\/pdxinjurylaw.com\/?page_id=65134"},"modified":"2023-12-01T07:43:54","modified_gmt":"2023-12-01T07:43:54","slug":"vancouver-wa-personal-injury-lawyer","status":"publish","type":"page","link":"https:\/\/pdxinjurylaw.com\/es\/vancouver-wa-personal-injury-lawyer\/","title":{"rendered":"Vancouver, WA Abogado de Lesiones Personales"},"content":{"rendered":"<p><span style=\"font-weight: 400;\">Si usted ha sido lesionado en un accidente en Vancouver, Washington, usted puede calificar para una compensaci\u00f3n financiera. Bajo la ley de Washington, las personas que han sufrido lesiones debido a la negligencia o descuido de otra persona podr\u00eda presentar una reclamaci\u00f3n de seguro o demanda contra la parte culpable, la recuperaci\u00f3n de la indemnizaci\u00f3n por gastos m\u00e9dicos, salarios perdidos, da\u00f1os a la propiedad, y mucho m\u00e1s. En estas situaciones, los abogados de lesiones personales de Vancouver, WA en DuBois Law Group pueden representar su caso y ayudarle a buscar justicia.\u00a0<\/span><\/p>\n<h2><strong>Por qu\u00e9 elegirnos<\/strong><\/h2>\n<ul>\n<li style=\"font-weight: 400;\" aria-level=\"1\"><span style=\"font-weight: 400;\">El historial de nuestro abogado de lesiones personales habla por s\u00ed mismo. Hemos recuperado millones de d\u00f3lares en acuerdos y veredictos del jurado en nombre de nuestros clientes.\u00a0<\/span><\/li>\n<li style=\"font-weight: 400;\" aria-level=\"1\"><span style=\"font-weight: 400;\">Operamos sobre una base de honorarios de contingencia para la m\u00e1xima asequibilidad. S\u00f3lo se le cobrar\u00e1 honorarios legales si nuestros abogados asegurar la compensaci\u00f3n en su caso.<\/span><\/li>\n<li style=\"font-weight: 400;\" aria-level=\"1\"><span style=\"font-weight: 400;\">Nuestro bufete cuenta con un departamento m\u00e9dico independiente para ayudar a nuestros clientes en sus luchas relacionadas con lesiones. Tomamos un papel proactivo en su salud, ayud\u00e1ndole a acceder al tratamiento que necesita.<\/span><\/li>\n<\/ul>\n<h2><strong>Tipos comunes de casos de lesiones personales<\/strong><\/h2>\n<p><span style=\"font-weight: 400;\">Una lesi\u00f3n personal se produce cuando usted sufre un da\u00f1o debido a las acciones negligentes de otra persona. Como resultado, usted puede mantener la parte culpable responsable de los da\u00f1os que sufri\u00f3. En DuBois Law Group, nuestros abogados manejan una amplia gama de demandas por lesiones personales, incluyendo los siguientes.<\/span><\/p>\n<ul>\n<li style=\"font-weight: 400;\" aria-level=\"1\"><a href=\"\/es\/vancouver-wa-car-accident-attorney\/\"><span style=\"font-weight: 400;\">Accidentes de tr\u00e1fico<\/span><\/a><\/li>\n<li style=\"font-weight: 400;\" aria-level=\"1\"><a href=\"\/es\/vancouver-wa-pedestrian-accident-attorney\/\"><span style=\"font-weight: 400;\">Accidentes de peatones<\/span><\/a><\/li>\n<li style=\"font-weight: 400;\" aria-level=\"1\"><a href=\"\/es\/vancouver-wa-truck-accident-lawyer\/\"><span style=\"font-weight: 400;\">Accidentes de camiones<\/span><\/a><\/li>\n<li style=\"font-weight: 400;\" aria-level=\"1\"><a href=\"\/es\/vancouver-wa-bicycle-accident-attorney\/\"><span style=\"font-weight: 400;\">Accidentes de bicicleta<\/span><\/a><\/li>\n<li style=\"font-weight: 400;\" aria-level=\"1\"><a href=\"\/es\/vancouver-wa-motorcycle-accident-lawyer\/\"><span style=\"font-weight: 400;\">Accidentes de moto<\/span><\/a><\/li>\n<li style=\"font-weight: 400;\" aria-level=\"1\"><a href=\"\/es\/vancouver-wa-drunk-driving-attorney\/\"><span style=\"font-weight: 400;\">Accidentes por conducir ebrio <\/span><\/a><\/li>\n<li style=\"font-weight: 400;\" aria-level=\"1\"><a href=\"\/es\/vancouver-wa-wrongful-death-lawyer\/\"><span style=\"font-weight: 400;\">Accidentes con homicidio culposo\u00a0<\/span><\/a><\/li>\n<li style=\"font-weight: 400;\" aria-level=\"1\"><span style=\"font-weight: 400;\">Lesiones catastr\u00f3ficas<\/span><\/li>\n<li style=\"font-weight: 400;\" aria-level=\"1\"><span style=\"font-weight: 400;\">Accidentes de Uber y Lyft<\/span><\/li>\n<li style=\"font-weight: 400;\" aria-level=\"1\"><span style=\"font-weight: 400;\">Negligencia m\u00e9dica<\/span><\/li>\n<\/ul>\n<p><span style=\"font-weight: 400;\">Si usted no est\u00e1 seguro de si su caso califica para el litigio, p\u00f3ngase en contacto con un abogado de lesiones personales Vancouver, WA tan pronto como sea posible para discutir sus opciones.\u00a0<\/span><\/p>\n<h2><strong>C\u00f3mo probar una demanda por lesiones personales en Washington<\/strong><\/h2>\n<p><span style=\"font-weight: 400;\">Para establecer su derecho a una indemnizaci\u00f3n en una demanda por lesiones personales en Washington, deber\u00e1 aportar pruebas suficientes que demuestren la negligencia de la parte culpable. En concreto, tendr\u00e1 que satisfacer cuatro elementos cruciales.<\/span><\/p>\n<ul>\n<li style=\"font-weight: 400;\" aria-level=\"1\"><span style=\"font-weight: 400;\"><strong>Deber:<\/strong> La parte culpable le deb\u00eda un deber de diligencia en el momento del accidente. Por ejemplo, los propietarios tienen la obligaci\u00f3n de mantener unas instalaciones seguras y responder a los peligros a tiempo.<\/span><\/li>\n<li style=\"font-weight: 400;\" aria-level=\"1\"><span style=\"font-weight: 400;\"><strong>Incumplimiento del deber:<\/strong> La parte culpable ha incumplido su deber de diligencia por negligencia u omisi\u00f3n. Por ejemplo, si pides a tu casero que repare unas escaleras rotas e ignora tu petici\u00f3n durante meses, el casero incumple su deber como propietario.<\/span><\/li>\n<li style=\"font-weight: 400;\" aria-level=\"1\"><span style=\"font-weight: 400;\"><strong>Causalidad:<\/strong> El incumplimiento del deber de la parte culpable caus\u00f3 directamente su accidente. Por ejemplo, supongamos que usted se cae por las escaleras rotas que pidi\u00f3 al casero que reparara y sufre una fractura de pierna. Si el casero hubiera reparado las escaleras cuando usted le notific\u00f3 el problema, usted no habr\u00eda sufrido la lesi\u00f3n.<\/span><\/li>\n<li style=\"font-weight: 400;\" aria-level=\"1\"><span style=\"font-weight: 400;\"><strong>Da\u00f1os y perjuicios:<\/strong> Usted sufri\u00f3 da\u00f1os en el accidente que puede reclamar en su demanda. Estos da\u00f1os pueden incluir salarios perdidos, gastos m\u00e9dicos, da\u00f1os materiales y dolor y sufrimiento.<\/span><\/li>\n<\/ul>\n<p><span style=\"font-weight: 400;\">Aunque usted pueda satisfacer cada uno de estos elementos, la parte culpable puede defenderse afirmando que el accidente fue parcialmente culpa suya. En estas situaciones, usted necesita un abogado de lesiones personales en Washington que pueda construir un caso convincente a su favor y defenderle contra las acusaciones de responsabilidad compartida.<\/span><\/p>\n<h2><strong>P\u00f3ngase en contacto con DuBois Law Group<\/strong><\/h2>\n<p><span style=\"font-weight: 400;\">\u00bfEs usted v\u00edctima de un accidente en Vancouver, WA? Los abogados de lesiones personales en DuBois Law Group pueden luchar por su derecho a la compensaci\u00f3n m\u00e1xima. <\/span><span style=\"font-weight: 400;\"><a href=\"\/es\/contact-us\/\">P\u00f3ngase en contacto con nosotros<\/a> hoy<\/span><span style=\"font-weight: 400;\"> para programar una consulta gratuita de su caso e identificar su camino \u00f3ptimo hacia la recuperaci\u00f3n. (503) 222-4411<\/span><\/p>","protected":false},"excerpt":{"rendered":"<p>If you have been injured in a Vancouver, Washington accident, you may qualify for financial compensation. Under Washington law, people who have suffered injuries due to the negligence or carelessness of another person could file an insurance claim or lawsuit against the at-fault party, recovering compensation for medical expenses, lost wages, property damage, and more&#8230;. <a class=\"fancy_link\" href=\"https:\/\/pdxinjurylaw.com\/es\/vancouver-wa-personal-injury-lawyer\/\">leer m\u00e1s<\/a><\/p>","protected":false},"author":1,"featured_media":0,"parent":0,"menu_order":0,"comment_status":"closed","ping_status":"closed","template":"","meta":{"footnotes":"","_content_optimizer_report_url":"","_content_optimizer_report_added":"","_content_optimizer_keyword_hide_used":false,"_content_optimizer_keyword_hide_above_average":false,"_content_optimizer_entities_hide_used":false,"_content_optimizer_entities_hide_above_average":false,"_content_optimizer_headings_hide_used":false,"_content_optimizer_questions_hide_used":false,"_content_optimizer_tab_active":"","_content_optimizer_report_url_ce":"","_content_optimizer_report_added_ce":"","_content_optimizer_keyword_hide_used_ce":false,"_content_optimizer_keyword_hide_above_average_ce":false,"_content_optimizer_entities_hide_used_ce":false,"_content_optimizer_entities_hide_above_average_ce":false,"_content_optimizer_headings_hide_used_ce":false,"_content_optimizer_questions_hide_used_ce":false,"_content_optimizer_tab_active_ce":""},"class_list":["post-65134","page","type-page","status-publish","hentry"],"yoast_head":"<!-- This site is optimized with the Yoast SEO plugin v27.4 - https:\/\/yoast.com\/product\/yoast-seo-wordpress\/ -->\n<title>Vancouver Personal Injury Lawyer | Top-Rated Vancouver Washington Accident Attorneys<\/title>\n<meta name=\"description\" content=\"Are you in need of a personal injury lawyer in Vancouver? Our experts at DuBois Law Group are here to help. Call (503) 222-4411 for a FREE consultation.\" \/>\n<meta name=\"robots\" content=\"index, follow, max-snippet:-1, max-image-preview:large, max-video-preview:-1\" \/>\n<link rel=\"canonical\" href=\"https:\/\/pdxinjurylaw.com\/es\/vancouver-wa-personal-injury-lawyer\/\" \/>\n<meta property=\"og:locale\" content=\"es_MX\" \/>\n<meta property=\"og:type\" content=\"article\" \/>\n<meta property=\"og:title\" content=\"Vancouver Personal Injury Lawyer | Top-Rated Vancouver Washington Accident Attorneys\" \/>\n<meta property=\"og:description\" content=\"Are you in need of a personal injury lawyer in Vancouver? Our experts at DuBois Law Group are here to help. Call (503) 222-4411 for a FREE consultation.\" \/>\n<meta property=\"og:url\" content=\"https:\/\/pdxinjurylaw.com\/es\/vancouver-wa-personal-injury-lawyer\/\" \/>\n<meta property=\"og:site_name\" content=\"PDX Injury Law\" \/>\n<meta property=\"article:modified_time\" content=\"2023-12-01T07:43:54+00:00\" \/>\n<meta name=\"twitter:card\" content=\"summary_large_image\" \/>\n<meta name=\"twitter:label1\" content=\"Tiempo de lectura\" \/>\n\t<meta name=\"twitter:data1\" content=\"3 minutos\" \/>\n<script type=\"application\/ld+json\" class=\"yoast-schema-graph\">{\"@context\":\"https:\\\/\\\/schema.org\",\"@graph\":[{\"@type\":\"WebPage\",\"@id\":\"https:\\\/\\\/pdxinjurylaw.com\\\/vancouver-wa-personal-injury-lawyer\\\/\",\"url\":\"https:\\\/\\\/pdxinjurylaw.com\\\/vancouver-wa-personal-injury-lawyer\\\/\",\"name\":\"Vancouver Personal Injury Lawyer | Top-Rated Vancouver Washington Accident Attorneys\",\"isPartOf\":{\"@id\":\"https:\\\/\\\/pdxinjurylaw.com\\\/#website\"},\"datePublished\":\"2023-11-02T02:23:37+00:00\",\"dateModified\":\"2023-12-01T07:43:54+00:00\",\"description\":\"Are you in need of a personal injury lawyer in Vancouver? Our experts at DuBois Law Group are here to help. Call (503) 222-4411 for a FREE consultation.\",\"breadcrumb\":{\"@id\":\"https:\\\/\\\/pdxinjurylaw.com\\\/vancouver-wa-personal-injury-lawyer\\\/#breadcrumb\"},\"inLanguage\":\"es\",\"potentialAction\":[{\"@type\":\"ReadAction\",\"target\":[\"https:\\\/\\\/pdxinjurylaw.com\\\/vancouver-wa-personal-injury-lawyer\\\/\"]}]},{\"@type\":\"BreadcrumbList\",\"@id\":\"https:\\\/\\\/pdxinjurylaw.com\\\/vancouver-wa-personal-injury-lawyer\\\/#breadcrumb\",\"itemListElement\":[{\"@type\":\"ListItem\",\"position\":1,\"name\":\"Home\",\"item\":\"https:\\\/\\\/pdxinjurylaw.com\\\/\"},{\"@type\":\"ListItem\",\"position\":2,\"name\":\"Vancouver, WA Personal Injury Attorney\"}]},{\"@type\":\"WebSite\",\"@id\":\"https:\\\/\\\/pdxinjurylaw.com\\\/#website\",\"url\":\"https:\\\/\\\/pdxinjurylaw.com\\\/\",\"name\":\"PDX Injury Law\",\"description\":\"\",\"publisher\":{\"@id\":\"https:\\\/\\\/pdxinjurylaw.com\\\/#organization\"},\"potentialAction\":[{\"@type\":\"SearchAction\",\"target\":{\"@type\":\"EntryPoint\",\"urlTemplate\":\"https:\\\/\\\/pdxinjurylaw.com\\\/?s={search_term_string}\"},\"query-input\":{\"@type\":\"PropertyValueSpecification\",\"valueRequired\":true,\"valueName\":\"search_term_string\"}}],\"inLanguage\":\"es\"},{\"@type\":\"Organization\",\"@id\":\"https:\\\/\\\/pdxinjurylaw.com\\\/#organization\",\"name\":\"PDX Injury Law\",\"url\":\"https:\\\/\\\/pdxinjurylaw.com\\\/\",\"logo\":{\"@type\":\"ImageObject\",\"inLanguage\":\"es\",\"@id\":\"https:\\\/\\\/pdxinjurylaw.com\\\/#\\\/schema\\\/logo\\\/image\\\/\",\"url\":\"https:\\\/\\\/530710ec99.nxcli.io\\\/wp-content\\\/uploads\\\/2021\\\/06\\\/logo-main.png\",\"contentUrl\":\"https:\\\/\\\/530710ec99.nxcli.io\\\/wp-content\\\/uploads\\\/2021\\\/06\\\/logo-main.png\",\"width\":368,\"height\":63,\"caption\":\"PDX Injury Law\"},\"image\":{\"@id\":\"https:\\\/\\\/pdxinjurylaw.com\\\/#\\\/schema\\\/logo\\\/image\\\/\"}}]}<\/script>\n<!-- \/ Yoast SEO plugin. -->","yoast_head_json":{"title":"Vancouver Personal Injury Lawyer | Top-Rated Vancouver Washington Accident Attorneys","description":"Are you in need of a personal injury lawyer in Vancouver? Our experts at DuBois Law Group are here to help. Call (503) 222-4411 for a FREE consultation.","robots":{"index":"index","follow":"follow","max-snippet":"max-snippet:-1","max-image-preview":"max-image-preview:large","max-video-preview":"max-video-preview:-1"},"canonical":"https:\/\/pdxinjurylaw.com\/es\/vancouver-wa-personal-injury-lawyer\/","og_locale":"es_MX","og_type":"article","og_title":"Vancouver Personal Injury Lawyer | Top-Rated Vancouver Washington Accident Attorneys","og_description":"Are you in need of a personal injury lawyer in Vancouver? Our experts at DuBois Law Group are here to help. Call (503) 222-4411 for a FREE consultation.","og_url":"https:\/\/pdxinjurylaw.com\/es\/vancouver-wa-personal-injury-lawyer\/","og_site_name":"PDX Injury Law","article_modified_time":"2023-12-01T07:43:54+00:00","twitter_card":"summary_large_image","twitter_misc":{"Tiempo de lectura":"3 minutos"},"schema":{"@context":"https:\/\/schema.org","@graph":[{"@type":"WebPage","@id":"https:\/\/pdxinjurylaw.com\/vancouver-wa-personal-injury-lawyer\/","url":"https:\/\/pdxinjurylaw.com\/vancouver-wa-personal-injury-lawyer\/","name":"Vancouver Personal Injury Lawyer | Top-Rated Vancouver Washington Accident Attorneys","isPartOf":{"@id":"https:\/\/pdxinjurylaw.com\/#website"},"datePublished":"2023-11-02T02:23:37+00:00","dateModified":"2023-12-01T07:43:54+00:00","description":"Are you in need of a personal injury lawyer in Vancouver? Our experts at DuBois Law Group are here to help. Call (503) 222-4411 for a FREE consultation.","breadcrumb":{"@id":"https:\/\/pdxinjurylaw.com\/vancouver-wa-personal-injury-lawyer\/#breadcrumb"},"inLanguage":"es","potentialAction":[{"@type":"ReadAction","target":["https:\/\/pdxinjurylaw.com\/vancouver-wa-personal-injury-lawyer\/"]}]},{"@type":"BreadcrumbList","@id":"https:\/\/pdxinjurylaw.com\/vancouver-wa-personal-injury-lawyer\/#breadcrumb","itemListElement":[{"@type":"ListItem","position":1,"name":"Home","item":"https:\/\/pdxinjurylaw.com\/"},{"@type":"ListItem","position":2,"name":"Vancouver, WA Personal Injury Attorney"}]},{"@type":"WebSite","@id":"https:\/\/pdxinjurylaw.com\/#website","url":"https:\/\/pdxinjurylaw.com\/","name":"PDX Ley de Lesiones","description":"","publisher":{"@id":"https:\/\/pdxinjurylaw.com\/#organization"},"potentialAction":[{"@type":"SearchAction","target":{"@type":"EntryPoint","urlTemplate":"https:\/\/pdxinjurylaw.com\/?s={search_term_string}"},"query-input":{"@type":"PropertyValueSpecification","valueRequired":true,"valueName":"search_term_string"}}],"inLanguage":"es"},{"@type":"Organization","@id":"https:\/\/pdxinjurylaw.com\/#organization","name":"PDX Ley de Lesiones","url":"https:\/\/pdxinjurylaw.com\/","logo":{"@type":"ImageObject","inLanguage":"es","@id":"https:\/\/pdxinjurylaw.com\/#\/schema\/logo\/image\/","url":"https:\/\/530710ec99.nxcli.io\/wp-content\/uploads\/2021\/06\/logo-main.png","contentUrl":"https:\/\/530710ec99.nxcli.io\/wp-content\/uploads\/2021\/06\/logo-main.png","width":368,"height":63,"caption":"PDX Injury Law"},"image":{"@id":"https:\/\/pdxinjurylaw.com\/#\/schema\/logo\/image\/"}}]}},"acf":[],"_links":{"self":[{"href":"https:\/\/pdxinjurylaw.com\/es\/wp-json\/wp\/v2\/pages\/65134","targetHints":{"allow":["GET"]}}],"collection":[{"href":"https:\/\/pdxinjurylaw.com\/es\/wp-json\/wp\/v2\/pages"}],"about":[{"href":"https:\/\/pdxinjurylaw.com\/es\/wp-json\/wp\/v2\/types\/page"}],"author":[{"embeddable":true,"href":"https:\/\/pdxinjurylaw.com\/es\/wp-json\/wp\/v2\/users\/1"}],"replies":[{"embeddable":true,"href":"https:\/\/pdxinjurylaw.com\/es\/wp-json\/wp\/v2\/comments?post=65134"}],"version-history":[{"count":1,"href":"https:\/\/pdxinjurylaw.com\/es\/wp-json\/wp\/v2\/pages\/65134\/revisions"}],"predecessor-version":[{"id":67425,"href":"https:\/\/pdxinjurylaw.com\/es\/wp-json\/wp\/v2\/pages\/65134\/revisions\/67425"}],"wp:attachment":[{"href":"https:\/\/pdxinjurylaw.com\/es\/wp-json\/wp\/v2\/media?parent=65134"}],"curies":[{"name":"wp","href":"https:\/\/api.w.org\/{rel}","templated":true}]}}