{"id":65132,"date":"2023-11-01T01:28:18","date_gmt":"2023-11-01T01:28:18","guid":{"rendered":"https:\/\/pdxinjurylaw.com\/?page_id=65132"},"modified":"2023-12-01T07:42:27","modified_gmt":"2023-12-01T07:42:27","slug":"hillsboro-personal-injury-lawyer","status":"publish","type":"page","link":"https:\/\/pdxinjurylaw.com\/es\/hillsboro-personal-injury-lawyer\/","title":{"rendered":"Hillsboro Abogado de Lesiones Personales"},"content":{"rendered":"<p><span style=\"font-weight: 400;\">Una lesi\u00f3n inesperada puede conducir a dificultades significativas y tener un grave impacto en su vida diaria. Si usted se lesiona en un accidente en Hillsboro, usted podr\u00eda responsabilizar a la parte culpable por sus p\u00e9rdidas f\u00edsicas, emocionales y financieras en una demanda por lesiones personales. En estas situaciones, los abogados de lesiones personales en DuBois Law Group pueden representarlo en su reclamo y abogar agresivamente por su derecho a la compensaci\u00f3n m\u00e1xima.\u00a0<\/span><\/p>\n<h2><strong>Por qu\u00e9 elegirnos<\/strong><\/h2>\n<ul>\n<li style=\"font-weight: 400;\" aria-level=\"1\"><span style=\"font-weight: 400;\">Nuestros abogados de lesiones personales toman un n\u00famero limitado de casos a la vez para lograr los m\u00e1ximos resultados. Hemos recuperado millones de d\u00f3lares en acuerdos y veredictos a lo largo de nuestros a\u00f1os de experiencia.<\/span><\/li>\n<li style=\"font-weight: 400;\" aria-level=\"1\"><span style=\"font-weight: 400;\">Nuestros abogados de lesiones personales creen en el poder de la comunicaci\u00f3n abierta y honesta. Usted siempre ser\u00e1 capaz de hacer preguntas a su abogado y discutir su caso durante todo el proceso.<\/span><\/li>\n<li style=\"font-weight: 400;\" aria-level=\"1\"><span style=\"font-weight: 400;\">Nuestros abogados de lesiones personales entienden lo dolorosas que pueden ser las secuelas de una lesi\u00f3n. Vamos a manejar todos los aspectos de su caso en su nombre para que pueda centrarse en la curaci\u00f3n, no el papeleo.<\/span><\/li>\n<\/ul>\n<h2><strong>Tipos habituales de demandas por da\u00f1os personales<\/strong><\/h2>\n<p><span style=\"font-weight: 400;\">Una lesi\u00f3n personal ocurre cuando usted sufre da\u00f1o debido a la negligencia de otra persona o entidad. En DuBois Law Group, manejamos muchos tipos de demandas por lesiones personales, incluyendo los siguientes.<\/span><\/p>\n<ul>\n<li style=\"font-weight: 400;\" aria-level=\"1\"><a href=\"\/es\/hillsboro-car-accident-attorney\/\"><span style=\"font-weight: 400;\">Accidentes de tr\u00e1fico<\/span><\/a><\/li>\n<li style=\"font-weight: 400;\" aria-level=\"1\"><a href=\"\/es\/hillsboro-motorcycle-accident-lawyer\/\"><span style=\"font-weight: 400;\">Colisiones de motocicletas<\/span><\/a><\/li>\n<li style=\"font-weight: 400;\" aria-level=\"1\"><span style=\"font-weight: 400;\">Resbalones y ca\u00eddas<\/span><\/li>\n<li style=\"font-weight: 400;\" aria-level=\"1\"><a href=\"\/es\/hillsboro-truck-accident-lawyer\/\"><span style=\"font-weight: 400;\">Accidentes de camiones<\/span><\/a><\/li>\n<li style=\"font-weight: 400;\" aria-level=\"1\"><a href=\"\/es\/hillsboro-bicycle-accident-attorney\/\"><span style=\"font-weight: 400;\">Accidentes de bicicleta<\/span><\/a><\/li>\n<li style=\"font-weight: 400;\" aria-level=\"1\"><a href=\"\/es\/hillsboro-pedestrian-accident-attorney\/\"><span style=\"font-weight: 400;\">Accidentes de peatones<\/span><\/a><\/li>\n<li style=\"font-weight: 400;\" aria-level=\"1\"><span style=\"font-weight: 400;\">Accidentes en propiedad ajena<\/span><\/li>\n<li style=\"font-weight: 400;\" aria-level=\"1\"><span style=\"font-weight: 400;\">Negligencia m\u00e9dica<\/span><\/li>\n<li style=\"font-weight: 400;\" aria-level=\"1\"><span style=\"font-weight: 400;\">Productos peligrosos y defectuosos<\/span><\/li>\n<li style=\"font-weight: 400;\" aria-level=\"1\"><span style=\"font-weight: 400;\">Accidentes de navegaci\u00f3n<\/span><\/li>\n<\/ul>\n<p><span style=\"font-weight: 400;\">Si no est\u00e1 seguro de si su caso califica para una acci\u00f3n legal, hable con un abogado de lesiones personales de Hillsboro tan pronto como sea posible. \u00c9l o ella puede revisar su reclamo y determinar su camino \u00f3ptimo para la compensaci\u00f3n.<\/span><\/p>\n<h2><strong>C\u00f3mo probar una demanda por lesiones personales en Oreg\u00f3n<\/strong><\/h2>\n<p><span style=\"font-weight: 400;\">Para obtener una indemnizaci\u00f3n en una demanda por lesiones personales en Oreg\u00f3n, debe aportar pruebas suficientes que demuestren que la negligencia de la parte culpable caus\u00f3 su accidente. En concreto, tendr\u00e1 que demostrar los cuatro hechos siguientes.<\/span><\/p>\n<ul>\n<li style=\"font-weight: 400;\" aria-level=\"1\"><span style=\"font-weight: 400;\">La parte culpable le deb\u00eda un deber de diligencia.<\/span><\/li>\n<li style=\"font-weight: 400;\" aria-level=\"1\"><span style=\"font-weight: 400;\">La parte culpable incumpli\u00f3 su deber de diligencia.<\/span><\/li>\n<li style=\"font-weight: 400;\" aria-level=\"1\"><span style=\"font-weight: 400;\">El incumplimiento del deber caus\u00f3 su accidente.<\/span><\/li>\n<li style=\"font-weight: 400;\" aria-level=\"1\"><span style=\"font-weight: 400;\">Usted sufri\u00f3 da\u00f1os en el accidente que puede cobrar en su demanda.<\/span><\/li>\n<\/ul>\n<p><span style=\"font-weight: 400;\">Por ejemplo, supongamos que tu madre nota una gran grieta en las escaleras y se pone en contacto con el casero para que la repare. El casero ignora las repetidas peticiones de reparaci\u00f3n de su madre durante semanas. Un d\u00eda vas a visitar a tu madre y las escaleras se rompen debajo de ti, lo que te causa una fractura en la pierna y lesiones en la espalda.<\/span><\/p>\n<p><span style=\"font-weight: 400;\">En este caso, el propietario ten\u00eda la obligaci\u00f3n de mantener la seguridad de las instalaciones y de responder a los peligros a tiempo. Incumpli\u00f3 esa obligaci\u00f3n al ignorar las peticiones de reparaci\u00f3n de su madre. Si el propietario hubiera reparado las escaleras cuando su madre se lo pidi\u00f3, usted no habr\u00eda sufrido las lesiones. Como resultado, el propietario es responsable de sus da\u00f1os, que pueden incluir salarios perdidos, gastos m\u00e9dicos, dolor y sufrimiento, y da\u00f1os a la propiedad.<\/span><\/p>\n<p><span style=\"font-weight: 400;\">Puede utilizar muchas pruebas para demostrar su derecho a una indemnizaci\u00f3n, como historiales m\u00e9dicos, grabaciones de vigilancia y correspondencia entre su madre y su casero. Tu abogado tambi\u00e9n puede recurrir a la ayuda de peritos que testifiquen a tu favor.<\/span><\/p>\n<h2><strong>P\u00f3ngase en contacto con DuBois Law Group<\/strong><\/h2>\n<p><span style=\"font-weight: 400;\">Si usted se lesiona debido a las acciones de otra persona, usted puede tener motivos para una acci\u00f3n legal. En estas situaciones, los abogados de lesiones personales de Hillsboro en DuBois Law Group pueden luchar por su derecho a la m\u00e1xima recuperaci\u00f3n. <\/span><span style=\"font-weight: 400;\"><a href=\"\/es\/contact-us\/\">P\u00f3ngase en contacto con nosotros<\/a> hoy<\/span><span style=\"font-weight: 400;\"> para programar una consulta gratuita e identificar su camino \u00f3ptimo hacia la indemnizaci\u00f3n.<\/span><\/p>","protected":false},"excerpt":{"rendered":"<p>An unexpected injury can lead to significant hardship and have a serious impact on your daily life. If you are injured in a Hillsboro accident, you could hold the at-fault party liable for your physical, emotional, and financial losses in a personal injury lawsuit. In these situations, the personal injury lawyers at DuBois Law Group&#8230; <a class=\"fancy_link\" href=\"https:\/\/pdxinjurylaw.com\/es\/hillsboro-personal-injury-lawyer\/\">leer m\u00e1s<\/a><\/p>","protected":false},"author":1,"featured_media":0,"parent":0,"menu_order":0,"comment_status":"closed","ping_status":"closed","template":"","meta":{"footnotes":"","_content_optimizer_report_url":"","_content_optimizer_report_added":"","_content_optimizer_keyword_hide_used":false,"_content_optimizer_keyword_hide_above_average":false,"_content_optimizer_entities_hide_used":false,"_content_optimizer_entities_hide_above_average":false,"_content_optimizer_headings_hide_used":false,"_content_optimizer_questions_hide_used":false,"_content_optimizer_tab_active":"","_content_optimizer_report_url_ce":"","_content_optimizer_report_added_ce":"","_content_optimizer_keyword_hide_used_ce":false,"_content_optimizer_keyword_hide_above_average_ce":false,"_content_optimizer_entities_hide_used_ce":false,"_content_optimizer_entities_hide_above_average_ce":false,"_content_optimizer_headings_hide_used_ce":false,"_content_optimizer_questions_hide_used_ce":false,"_content_optimizer_tab_active_ce":""},"class_list":["post-65132","page","type-page","status-publish","hentry"],"yoast_head":"<!-- This site is optimized with the Yoast SEO plugin v27.4 - https:\/\/yoast.com\/product\/yoast-seo-wordpress\/ -->\n<title>Hillsboro Personal Injury Attorney | Top-Rated Oregon Accident Lawyers<\/title>\n<meta name=\"description\" content=\"In need of a personal injury lawyer in Hillsboro? Call the attorneys at DuBois Law Group (503) 222-4411 for a FREE consultation today!\" \/>\n<meta name=\"robots\" content=\"index, follow, max-snippet:-1, max-image-preview:large, max-video-preview:-1\" \/>\n<link rel=\"canonical\" href=\"https:\/\/pdxinjurylaw.com\/es\/hillsboro-personal-injury-lawyer\/\" \/>\n<meta property=\"og:locale\" content=\"es_MX\" \/>\n<meta property=\"og:type\" content=\"article\" \/>\n<meta property=\"og:title\" content=\"Hillsboro Personal Injury Attorney | Top-Rated Oregon Accident Lawyers\" \/>\n<meta property=\"og:description\" content=\"In need of a personal injury lawyer in Hillsboro? Call the attorneys at DuBois Law Group (503) 222-4411 for a FREE consultation today!\" \/>\n<meta property=\"og:url\" content=\"https:\/\/pdxinjurylaw.com\/es\/hillsboro-personal-injury-lawyer\/\" \/>\n<meta property=\"og:site_name\" content=\"PDX Injury Law\" \/>\n<meta property=\"article:modified_time\" content=\"2023-12-01T07:42:27+00:00\" \/>\n<meta name=\"twitter:card\" content=\"summary_large_image\" \/>\n<meta name=\"twitter:label1\" content=\"Tiempo de lectura\" \/>\n\t<meta name=\"twitter:data1\" content=\"3 minutos\" \/>\n<script type=\"application\/ld+json\" class=\"yoast-schema-graph\">{\"@context\":\"https:\\\/\\\/schema.org\",\"@graph\":[{\"@type\":\"WebPage\",\"@id\":\"https:\\\/\\\/pdxinjurylaw.com\\\/hillsboro-personal-injury-lawyer\\\/\",\"url\":\"https:\\\/\\\/pdxinjurylaw.com\\\/hillsboro-personal-injury-lawyer\\\/\",\"name\":\"Hillsboro Personal Injury Attorney | Top-Rated Oregon Accident Lawyers\",\"isPartOf\":{\"@id\":\"https:\\\/\\\/pdxinjurylaw.com\\\/#website\"},\"datePublished\":\"2023-11-01T01:28:18+00:00\",\"dateModified\":\"2023-12-01T07:42:27+00:00\",\"description\":\"In need of a personal injury lawyer in Hillsboro? Call the attorneys at DuBois Law Group (503) 222-4411 for a FREE consultation today!\",\"breadcrumb\":{\"@id\":\"https:\\\/\\\/pdxinjurylaw.com\\\/hillsboro-personal-injury-lawyer\\\/#breadcrumb\"},\"inLanguage\":\"es\",\"potentialAction\":[{\"@type\":\"ReadAction\",\"target\":[\"https:\\\/\\\/pdxinjurylaw.com\\\/hillsboro-personal-injury-lawyer\\\/\"]}]},{\"@type\":\"BreadcrumbList\",\"@id\":\"https:\\\/\\\/pdxinjurylaw.com\\\/hillsboro-personal-injury-lawyer\\\/#breadcrumb\",\"itemListElement\":[{\"@type\":\"ListItem\",\"position\":1,\"name\":\"Home\",\"item\":\"https:\\\/\\\/pdxinjurylaw.com\\\/\"},{\"@type\":\"ListItem\",\"position\":2,\"name\":\"Hillsboro Personal Injury Attorney\"}]},{\"@type\":\"WebSite\",\"@id\":\"https:\\\/\\\/pdxinjurylaw.com\\\/#website\",\"url\":\"https:\\\/\\\/pdxinjurylaw.com\\\/\",\"name\":\"PDX Injury Law\",\"description\":\"\",\"publisher\":{\"@id\":\"https:\\\/\\\/pdxinjurylaw.com\\\/#organization\"},\"potentialAction\":[{\"@type\":\"SearchAction\",\"target\":{\"@type\":\"EntryPoint\",\"urlTemplate\":\"https:\\\/\\\/pdxinjurylaw.com\\\/?s={search_term_string}\"},\"query-input\":{\"@type\":\"PropertyValueSpecification\",\"valueRequired\":true,\"valueName\":\"search_term_string\"}}],\"inLanguage\":\"es\"},{\"@type\":\"Organization\",\"@id\":\"https:\\\/\\\/pdxinjurylaw.com\\\/#organization\",\"name\":\"PDX Injury Law\",\"url\":\"https:\\\/\\\/pdxinjurylaw.com\\\/\",\"logo\":{\"@type\":\"ImageObject\",\"inLanguage\":\"es\",\"@id\":\"https:\\\/\\\/pdxinjurylaw.com\\\/#\\\/schema\\\/logo\\\/image\\\/\",\"url\":\"https:\\\/\\\/530710ec99.nxcli.io\\\/wp-content\\\/uploads\\\/2021\\\/06\\\/logo-main.png\",\"contentUrl\":\"https:\\\/\\\/530710ec99.nxcli.io\\\/wp-content\\\/uploads\\\/2021\\\/06\\\/logo-main.png\",\"width\":368,\"height\":63,\"caption\":\"PDX Injury Law\"},\"image\":{\"@id\":\"https:\\\/\\\/pdxinjurylaw.com\\\/#\\\/schema\\\/logo\\\/image\\\/\"}}]}<\/script>\n<!-- \/ Yoast SEO plugin. -->","yoast_head_json":{"title":"Hillsboro Personal Injury Attorney | Top-Rated Oregon Accident Lawyers","description":"In need of a personal injury lawyer in Hillsboro? Call the attorneys at DuBois Law Group (503) 222-4411 for a FREE consultation today!","robots":{"index":"index","follow":"follow","max-snippet":"max-snippet:-1","max-image-preview":"max-image-preview:large","max-video-preview":"max-video-preview:-1"},"canonical":"https:\/\/pdxinjurylaw.com\/es\/hillsboro-personal-injury-lawyer\/","og_locale":"es_MX","og_type":"article","og_title":"Hillsboro Personal Injury Attorney | Top-Rated Oregon Accident Lawyers","og_description":"In need of a personal injury lawyer in Hillsboro? Call the attorneys at DuBois Law Group (503) 222-4411 for a FREE consultation today!","og_url":"https:\/\/pdxinjurylaw.com\/es\/hillsboro-personal-injury-lawyer\/","og_site_name":"PDX Injury Law","article_modified_time":"2023-12-01T07:42:27+00:00","twitter_card":"summary_large_image","twitter_misc":{"Tiempo de lectura":"3 minutos"},"schema":{"@context":"https:\/\/schema.org","@graph":[{"@type":"WebPage","@id":"https:\/\/pdxinjurylaw.com\/hillsboro-personal-injury-lawyer\/","url":"https:\/\/pdxinjurylaw.com\/hillsboro-personal-injury-lawyer\/","name":"Hillsboro Personal Injury Attorney | Top-Rated Oregon Accident Lawyers","isPartOf":{"@id":"https:\/\/pdxinjurylaw.com\/#website"},"datePublished":"2023-11-01T01:28:18+00:00","dateModified":"2023-12-01T07:42:27+00:00","description":"In need of a personal injury lawyer in Hillsboro? Call the attorneys at DuBois Law Group (503) 222-4411 for a FREE consultation today!","breadcrumb":{"@id":"https:\/\/pdxinjurylaw.com\/hillsboro-personal-injury-lawyer\/#breadcrumb"},"inLanguage":"es","potentialAction":[{"@type":"ReadAction","target":["https:\/\/pdxinjurylaw.com\/hillsboro-personal-injury-lawyer\/"]}]},{"@type":"BreadcrumbList","@id":"https:\/\/pdxinjurylaw.com\/hillsboro-personal-injury-lawyer\/#breadcrumb","itemListElement":[{"@type":"ListItem","position":1,"name":"Home","item":"https:\/\/pdxinjurylaw.com\/"},{"@type":"ListItem","position":2,"name":"Hillsboro Personal Injury Attorney"}]},{"@type":"WebSite","@id":"https:\/\/pdxinjurylaw.com\/#website","url":"https:\/\/pdxinjurylaw.com\/","name":"PDX Ley de Lesiones","description":"","publisher":{"@id":"https:\/\/pdxinjurylaw.com\/#organization"},"potentialAction":[{"@type":"SearchAction","target":{"@type":"EntryPoint","urlTemplate":"https:\/\/pdxinjurylaw.com\/?s={search_term_string}"},"query-input":{"@type":"PropertyValueSpecification","valueRequired":true,"valueName":"search_term_string"}}],"inLanguage":"es"},{"@type":"Organization","@id":"https:\/\/pdxinjurylaw.com\/#organization","name":"PDX Ley de Lesiones","url":"https:\/\/pdxinjurylaw.com\/","logo":{"@type":"ImageObject","inLanguage":"es","@id":"https:\/\/pdxinjurylaw.com\/#\/schema\/logo\/image\/","url":"https:\/\/530710ec99.nxcli.io\/wp-content\/uploads\/2021\/06\/logo-main.png","contentUrl":"https:\/\/530710ec99.nxcli.io\/wp-content\/uploads\/2021\/06\/logo-main.png","width":368,"height":63,"caption":"PDX Injury Law"},"image":{"@id":"https:\/\/pdxinjurylaw.com\/#\/schema\/logo\/image\/"}}]}},"acf":[],"_links":{"self":[{"href":"https:\/\/pdxinjurylaw.com\/es\/wp-json\/wp\/v2\/pages\/65132","targetHints":{"allow":["GET"]}}],"collection":[{"href":"https:\/\/pdxinjurylaw.com\/es\/wp-json\/wp\/v2\/pages"}],"about":[{"href":"https:\/\/pdxinjurylaw.com\/es\/wp-json\/wp\/v2\/types\/page"}],"author":[{"embeddable":true,"href":"https:\/\/pdxinjurylaw.com\/es\/wp-json\/wp\/v2\/users\/1"}],"replies":[{"embeddable":true,"href":"https:\/\/pdxinjurylaw.com\/es\/wp-json\/wp\/v2\/comments?post=65132"}],"version-history":[{"count":1,"href":"https:\/\/pdxinjurylaw.com\/es\/wp-json\/wp\/v2\/pages\/65132\/revisions"}],"predecessor-version":[{"id":67424,"href":"https:\/\/pdxinjurylaw.com\/es\/wp-json\/wp\/v2\/pages\/65132\/revisions\/67424"}],"wp:attachment":[{"href":"https:\/\/pdxinjurylaw.com\/es\/wp-json\/wp\/v2\/media?parent=65132"}],"curies":[{"name":"wp","href":"https:\/\/api.w.org\/{rel}","templated":true}]}}