{"id":65130,"date":"2023-11-01T01:23:16","date_gmt":"2023-11-01T01:23:16","guid":{"rendered":"https:\/\/pdxinjurylaw.com\/?page_id=65130"},"modified":"2023-12-01T07:37:02","modified_gmt":"2023-12-01T07:37:02","slug":"gresham-personal-injury-lawyer","status":"publish","type":"page","link":"https:\/\/pdxinjurylaw.com\/es\/gresham-personal-injury-lawyer\/","title":{"rendered":"Gresham Abogado de Lesiones Personales"},"content":{"rendered":"<p><span style=\"font-weight: 400;\">Una lesi\u00f3n puede alterar gravemente su vida. Dependiendo de las circunstancias que rodeen su accidente, puede necesitar tratamiento m\u00e9dico exhaustivo, equipos de movilidad, adaptaciones por discapacidad y otras formas de cuidados a largo plazo. El impacto emocional, econ\u00f3mico y f\u00edsico de la lesi\u00f3n puede ser dif\u00edcil de soportar.<\/span><\/p>\n<p><span style=\"font-weight: 400;\">En estas situaciones, usted puede tener motivos para una demanda por lesiones personales y los abogados de lesiones personales en Gresham DuBois Law Group pueden ayudar. Nuestro equipo de lesiones personales Gresham tiene a\u00f1os de experiencia representando a los residentes de Oregon en sus reclamaciones, y vamos a trabajar sin descanso para asegurar el resultado que se merece.<\/span><\/p>\n<h2><strong>Por qu\u00e9 elegirnos<\/strong><\/h2>\n<ul>\n<li style=\"font-weight: 400;\" aria-level=\"1\"><span style=\"font-weight: 400;\">A lo largo de los a\u00f1os, nuestros <a href=\"\/es\/portland-personal-injury-lawyer\/\">Portland abogados de lesiones personales<\/a> ha asegurado millones de d\u00f3lares en acuerdos y veredictos del jurado, lo que demuestra nuestra dedicaci\u00f3n a lograr la m\u00e1xima compensaci\u00f3n posible en su caso.<\/span><\/li>\n<li style=\"font-weight: 400;\" aria-level=\"1\"><span style=\"font-weight: 400;\">Nuestros abogados de lesiones personales toman en un peque\u00f1o n\u00famero de casos a la vez, asegurando que podemos ofrecerle la atenci\u00f3n personalizada y la comunicaci\u00f3n constante que se merece.<\/span><\/li>\n<li style=\"font-weight: 400;\" aria-level=\"1\"><span style=\"font-weight: 400;\">Muchas v\u00edctimas de lesiones personales se abstienen de buscar representaci\u00f3n legal debido a los costos percibidos de contratar a un abogado. Nuestra empresa opera sobre una base de honorarios de contingencia para la m\u00e1xima asequibilidad-s\u00f3lo se le cobrar\u00e1 honorarios legales si aseguramos la compensaci\u00f3n en su nombre.<\/span><\/li>\n<\/ul>\n<h2><strong>Tipos de casos que los abogados de lesiones personales Gresham asumir\u00a0<\/strong><\/h2>\n<p><span style=\"font-weight: 400;\">Una lesi\u00f3n personal se refiere a cualquier da\u00f1o que usted sufra debido a la negligencia de otra persona. Este tipo de lesi\u00f3n puede ocurrir debido a un acto imprudente o descuidado, una falta de acci\u00f3n cuando una persona deber\u00eda haberlo hecho, o un da\u00f1o intencional. Si usted ha sufrido una lesi\u00f3n debido a las acciones de otra persona, podr\u00eda presentar una demanda por lesiones personales contra ella ante un tribunal civil de Oreg\u00f3n.<\/span><\/p>\n<p><span style=\"font-weight: 400;\">En DuBois Law Group, nuestros abogados de lesiones personales manejan una amplia gama de demandas por lesiones, incluyendo los siguientes.<\/span><\/p>\n<ul>\n<li style=\"font-weight: 400;\" aria-level=\"1\"><a href=\"\/es\/gresham-car-accident-attorney\/\"><span style=\"font-weight: 400;\">Accidentes de tr\u00e1fico<\/span><\/a><\/li>\n<li style=\"font-weight: 400;\" aria-level=\"1\"><a href=\"\/es\/gresham-motorcycle-accident-lawyer\/\"><span style=\"font-weight: 400;\">Accidentes de moto<\/span><\/a><\/li>\n<li style=\"font-weight: 400;\" aria-level=\"1\"><span style=\"font-weight: 400;\">Responsabilidad civil<\/span><\/li>\n<li style=\"font-weight: 400;\" aria-level=\"1\"><a href=\"\/es\/gresham-pedestrian-accident-attorney\/\"><span style=\"font-weight: 400;\">Accidentes de peatones<\/span><\/a><\/li>\n<li style=\"font-weight: 400;\" aria-level=\"1\"><span style=\"font-weight: 400;\">Productos peligrosos y defectuosos<\/span><\/li>\n<li style=\"font-weight: 400;\" aria-level=\"1\"><span style=\"font-weight: 400;\">Colisiones de Uber y Lyft<\/span><\/li>\n<li style=\"font-weight: 400;\" aria-level=\"1\"><a href=\"\/es\/gresham-bicycle-accident-attorney\/\"><span style=\"font-weight: 400;\">Accidentes de bicicleta<\/span><\/a><\/li>\n<li style=\"font-weight: 400;\" aria-level=\"1\"><span style=\"font-weight: 400;\">Accidentes por conducir ebrio<\/span><\/li>\n<li style=\"font-weight: 400;\" aria-level=\"1\"><span style=\"font-weight: 400;\">Negligencia m\u00e9dica<\/span><\/li>\n<li style=\"font-weight: 400;\" aria-level=\"1\"><a href=\"\/es\/gresham-truck-accident-lawyer\/\"><span style=\"font-weight: 400;\">Accidentes de camiones<\/span><\/a><\/li>\n<li style=\"font-weight: 400;\" aria-level=\"1\"><span style=\"font-weight: 400;\">Accidentes de autob\u00fas<\/span><\/li>\n<li style=\"font-weight: 400;\" aria-level=\"1\"><span style=\"font-weight: 400;\">Resbalones y ca\u00eddas<\/span><\/li>\n<li style=\"font-weight: 400;\" aria-level=\"1\"><a href=\"\/es\/gresham-catastrophic-injury-attorney\/\"><span style=\"font-weight: 400;\">Lesiones catastr\u00f3ficas<\/span><\/a><\/li>\n<li style=\"font-weight: 400;\" aria-level=\"1\"><span style=\"font-weight: 400;\">Colisiones con fuga<\/span><\/li>\n<li style=\"font-weight: 400;\" aria-level=\"1\"><span style=\"font-weight: 400;\">Accidentes de navegaci\u00f3n<\/span><\/li>\n<li style=\"font-weight: 400;\" aria-level=\"1\"><span style=\"font-weight: 400;\">Mordeduras de perro<\/span><\/li>\n<li style=\"font-weight: 400;\" aria-level=\"1\"><a href=\"\/es\/gresham-wrongful-death-lawyer\/\"><span style=\"font-weight: 400;\">Muerte por negligencia<\/span><\/a><\/li>\n<\/ul>\n<h2><strong>Da\u00f1os y perjuicios en los que nuestros abogados pueden ayudarle<\/strong><\/h2>\n<p><span style=\"font-weight: 400;\">Los accidentes con lesiones personales pueden provocar lesiones graves y debilitantes, como fracturas \u00f3seas, lesiones cerebrales traum\u00e1ticas, par\u00e1lisis, amputaciones y quemaduras. Como resultado, usted puede sufrir graves da\u00f1os f\u00edsicos, emocionales y financieros. A trav\u00e9s de una demanda por lesiones personales con uno de nuestros <a href=\"\/es\/practice-areas\/portland-car-accident-lawyers\/\">Abogados de accidentes de Portland,<\/a> puede obtener una indemnizaci\u00f3n por las p\u00e9rdidas econ\u00f3micas o financieras sufridas a causa del accidente. Tambi\u00e9n puedes obtener una indemnizaci\u00f3n por los da\u00f1os no econ\u00f3micos, tambi\u00e9n conocidos como dolor y sufrimiento.<\/span><\/p>\n<p><span style=\"font-weight: 400;\">Entre los tipos de da\u00f1os m\u00e1s comunes en las demandas por lesiones personales se incluyen los siguientes.<\/span><\/p>\n<ul>\n<li style=\"font-weight: 400;\" aria-level=\"1\"><span style=\"font-weight: 400;\">Todos los gastos m\u00e9dicos pasados y futuros relacionados con el accidente, incluyendo hospitalizaciones, cirug\u00edas, medicamentos recetados y visitas al m\u00e9dico.<\/span><\/li>\n<li style=\"font-weight: 400;\" aria-level=\"1\"><span style=\"font-weight: 400;\">P\u00e9rdida de salario durante el periodo de recuperaci\u00f3n y p\u00e9rdida de ingresos futuros si las lesiones le impiden volver al trabajo.<\/span><\/li>\n<li style=\"font-weight: 400;\" aria-level=\"1\"><span style=\"font-weight: 400;\">Da\u00f1os materiales sufridos durante el accidente, incluida la reparaci\u00f3n y sustituci\u00f3n del veh\u00edculo<\/span><\/li>\n<li style=\"font-weight: 400;\" aria-level=\"1\"><span style=\"font-weight: 400;\">Adaptaciones para discapacitados, equipos de movilidad y cuidados a largo plazo, que pueden incluir fisioterapia, rehabilitaci\u00f3n y cuidadores internos.<\/span><\/li>\n<li style=\"font-weight: 400;\" aria-level=\"1\"><span style=\"font-weight: 400;\">Dolor y sufrimiento, como incapacidad, desfiguraci\u00f3n, dolor cr\u00f3nico, angustia emocional y trastorno de estr\u00e9s postraum\u00e1tico.<\/span><\/li>\n<\/ul>\n<h2><strong>C\u00f3mo probar una demanda por lesiones personales en Oreg\u00f3n<\/strong><\/h2>\n<p><span style=\"font-weight: 400;\">Para demostrar su derecho a una indemnizaci\u00f3n en una demanda por lesiones personales en Oreg\u00f3n, tendr\u00e1 que demostrar la negligencia de la parte culpable. Para ello, tendr\u00e1 que reunir pruebas suficientes para demostrar cuatro hechos importantes.<\/span><\/p>\n<ul>\n<li style=\"font-weight: 400;\" aria-level=\"1\"><span style=\"font-weight: 400;\"><strong>Deber:<\/strong> La parte culpable le deb\u00eda un deber de diligencia en el momento del accidente. Por ejemplo, los conductores tienen la obligaci\u00f3n de conducir sus veh\u00edculos de forma segura y respetar todas las normas de tr\u00e1fico. Los propietarios tienen la obligaci\u00f3n de mantener sus instalaciones en condiciones seguras y responder a los peligros en un plazo de tiempo adecuado.<\/span><\/li>\n<li style=\"font-weight: 400;\" aria-level=\"1\"><span style=\"font-weight: 400;\"><strong>Incumplimiento del deber:<\/strong> La parte culpable ha incumplido su deber de diligencia por negligencia u omisi\u00f3n. Por ejemplo, un conductor que se salta un sem\u00e1foro en rojo incumple su obligaci\u00f3n porque es ilegal hacerlo. Un propietario que ignora las solicitudes de reparaci\u00f3n durante meses tambi\u00e9n incumple su deber de mantener la propiedad en condiciones de seguridad.<\/span><\/li>\n<li style=\"font-weight: 400;\" aria-level=\"1\"><span style=\"font-weight: 400;\"><strong>Causalidad:<\/strong> La falta de diligencia de la parte culpable caus\u00f3 su accidente. Puedes utilizar m\u00faltiples pruebas para demostrar la causalidad, como grabaciones de vigilancia, informes policiales, testimonios de testigos, correspondencia e informes de peritos.<\/span><\/li>\n<li style=\"font-weight: 400;\" aria-level=\"1\"><span style=\"font-weight: 400;\"><strong>Da\u00f1os y perjuicios:<\/strong> Usted sufri\u00f3 da\u00f1os en el accidente que puede cobrar en su demanda. Las facturas m\u00e9dicas, los recibos de sueldo, la correspondencia con su empleador y las anotaciones en el diario pueden establecer su derecho a indemnizaci\u00f3n por da\u00f1os y perjuicios. En cuanto a los costes de los cuidados a largo plazo, su abogado puede asociarse con peritos que elaboren un plan de cuidados de por vida en su nombre.<\/span><\/li>\n<\/ul>\n<p>Todos ellos resultar\u00e1n de gran valor para nuestros abogados de lesiones personales de Gresham.<\/p>\n<h2><strong>\u00bfCu\u00e1nto tiempo tiene para presentar una demanda por lesiones personales en Oreg\u00f3n?<\/strong><\/h2>\n<p><span style=\"font-weight: 400;\">En Oreg\u00f3n, todas las demandas por lesiones personales est\u00e1n sujetas a una norma conocida como la ley de prescripci\u00f3n, que establece un plazo para presentar su reclamaci\u00f3n. Si usted presenta su demanda despu\u00e9s de este plazo, el tribunal probablemente desestimar\u00e1 su caso, impidi\u00e9ndole recuperar la compensaci\u00f3n que merece. Usted tiene dos a\u00f1os desde la fecha de su accidente para presentar su reclamaci\u00f3n, por lo que es importante hablar con un abogado de lesiones personales tan pronto como sea posible para iniciar el proceso de litigio.<\/span><\/p>\n<h2><strong>\u00bfNecesita un abogado de lesiones personales Gresham?<\/strong><\/h2>\n<p><span style=\"font-weight: 400;\">Presentar una demanda por lesiones personales puede ser un proceso complejo y confuso, especialmente despu\u00e9s de una lesi\u00f3n reciente. Tendr\u00e1 que cumplir todos los plazos necesarios, rellenar el papeleo correcto y reunir las pruebas necesarias para demostrar su caso. Esto puede ser dif\u00edcil de lograr sin un abogado de su lado.<\/span><\/p>\n<p><span style=\"font-weight: 400;\">Cuando usted contrata a un abogado de lesiones personales de Gresham para representar su reclamo, usted recibe acceso a recursos y conocimientos que puede aprovechar para fortalecer su caso. Su abogado se encargar\u00e1 de todos los aspectos de su caso en su nombre para que pueda centrarse en la recuperaci\u00f3n. \u00c9l o ella negociar\u00e1 con las compa\u00f1\u00edas de seguros, completar\u00e1 todo el papeleo requerido, y llevar\u00e1 a cabo una investigaci\u00f3n en profundidad de su accidente para demostrar su derecho a una indemnizaci\u00f3n. Tan pronto como reciba tratamiento m\u00e9dico por su lesi\u00f3n, hable con un abogado de lesiones personales en DuBois Law Group para iniciar su reclamo.<\/span><\/p>\n<h2><strong>P\u00f3ngase en contacto con DuBois Law Group<\/strong><\/h2>\n<p><span style=\"font-weight: 400;\">Si sufre da\u00f1os f\u00edsicos debido a la negligencia de otra persona o entidad, puede tener motivos para interponer una demanda por lesiones personales. En estas situaciones, el <a href=\"\/es\/portland-personal-injury-lawyer\/\">abogados de lesiones personales en Portland<\/a> en DuBois Law Group puede luchar por su derecho a la m\u00e1xima recuperaci\u00f3n y asegurar la compensaci\u00f3n que se merece. <\/span><a href=\"\/es\/contact-us\/\"><span style=\"font-weight: 400;\">P\u00f3ngase en contacto con nosotros <\/span><\/a><span style=\"font-weight: 400;\">hoy<\/span><span style=\"font-weight: 400;\"> para programar una consulta gratuita y discutir sus pr\u00f3ximos pasos. (503) 222-4411<\/span><\/p>","protected":false},"excerpt":{"rendered":"<p>An injury can severely disrupt your life. Depending on the circumstances surrounding your accident, you may need extensive medical treatment, mobility equipment, disability accommodations, and other forms of long-term care. The emotional, financial, and physical impact of the injury can be difficult to bear. In these situations, you may have grounds for a personal injury&#8230; <a class=\"fancy_link\" href=\"https:\/\/pdxinjurylaw.com\/es\/gresham-personal-injury-lawyer\/\">leer m\u00e1s<\/a><\/p>","protected":false},"author":1,"featured_media":0,"parent":0,"menu_order":0,"comment_status":"closed","ping_status":"closed","template":"","meta":{"footnotes":"","_content_optimizer_report_url":"","_content_optimizer_report_added":"","_content_optimizer_keyword_hide_used":false,"_content_optimizer_keyword_hide_above_average":false,"_content_optimizer_entities_hide_used":false,"_content_optimizer_entities_hide_above_average":false,"_content_optimizer_headings_hide_used":false,"_content_optimizer_questions_hide_used":false,"_content_optimizer_tab_active":"","_content_optimizer_report_url_ce":"","_content_optimizer_report_added_ce":"","_content_optimizer_keyword_hide_used_ce":false,"_content_optimizer_keyword_hide_above_average_ce":false,"_content_optimizer_entities_hide_used_ce":false,"_content_optimizer_entities_hide_above_average_ce":false,"_content_optimizer_headings_hide_used_ce":false,"_content_optimizer_questions_hide_used_ce":false,"_content_optimizer_tab_active_ce":""},"class_list":["post-65130","page","type-page","status-publish","hentry"],"yoast_head":"<!-- This site is optimized with the Yoast SEO plugin v27.4 - https:\/\/yoast.com\/product\/yoast-seo-wordpress\/ -->\n<title>Gresham Personal Injury Lawyer | Top-Rated Oregon Accident Attorneys<\/title>\n<meta name=\"description\" content=\"Need a personal injury lawyer in Gresham? Look no further. Call the attorneys at DuBois Law Group at (503) 222-4411 for a FREE consultation.\" \/>\n<meta name=\"robots\" content=\"index, follow, max-snippet:-1, max-image-preview:large, max-video-preview:-1\" \/>\n<link rel=\"canonical\" href=\"https:\/\/pdxinjurylaw.com\/es\/gresham-personal-injury-lawyer\/\" \/>\n<meta property=\"og:locale\" content=\"es_MX\" \/>\n<meta property=\"og:type\" content=\"article\" \/>\n<meta property=\"og:title\" content=\"Gresham Personal Injury Lawyer | Top-Rated Oregon Accident Attorneys\" \/>\n<meta property=\"og:description\" content=\"Need a personal injury lawyer in Gresham? Look no further. Call the attorneys at DuBois Law Group at (503) 222-4411 for a FREE consultation.\" \/>\n<meta property=\"og:url\" content=\"https:\/\/pdxinjurylaw.com\/es\/gresham-personal-injury-lawyer\/\" \/>\n<meta property=\"og:site_name\" content=\"PDX Injury Law\" \/>\n<meta property=\"article:modified_time\" content=\"2023-12-01T07:37:02+00:00\" \/>\n<meta name=\"twitter:card\" content=\"summary_large_image\" \/>\n<meta name=\"twitter:label1\" content=\"Tiempo de lectura\" \/>\n\t<meta name=\"twitter:data1\" content=\"5 minutos\" \/>\n<script type=\"application\/ld+json\" class=\"yoast-schema-graph\">{\"@context\":\"https:\\\/\\\/schema.org\",\"@graph\":[{\"@type\":\"WebPage\",\"@id\":\"https:\\\/\\\/pdxinjurylaw.com\\\/gresham-personal-injury-lawyer\\\/\",\"url\":\"https:\\\/\\\/pdxinjurylaw.com\\\/gresham-personal-injury-lawyer\\\/\",\"name\":\"Gresham Personal Injury Lawyer | Top-Rated Oregon Accident Attorneys\",\"isPartOf\":{\"@id\":\"https:\\\/\\\/pdxinjurylaw.com\\\/#website\"},\"datePublished\":\"2023-11-01T01:23:16+00:00\",\"dateModified\":\"2023-12-01T07:37:02+00:00\",\"description\":\"Need a personal injury lawyer in Gresham? Look no further. Call the attorneys at DuBois Law Group at (503) 222-4411 for a FREE consultation.\",\"breadcrumb\":{\"@id\":\"https:\\\/\\\/pdxinjurylaw.com\\\/gresham-personal-injury-lawyer\\\/#breadcrumb\"},\"inLanguage\":\"es\",\"potentialAction\":[{\"@type\":\"ReadAction\",\"target\":[\"https:\\\/\\\/pdxinjurylaw.com\\\/gresham-personal-injury-lawyer\\\/\"]}]},{\"@type\":\"BreadcrumbList\",\"@id\":\"https:\\\/\\\/pdxinjurylaw.com\\\/gresham-personal-injury-lawyer\\\/#breadcrumb\",\"itemListElement\":[{\"@type\":\"ListItem\",\"position\":1,\"name\":\"Home\",\"item\":\"https:\\\/\\\/pdxinjurylaw.com\\\/\"},{\"@type\":\"ListItem\",\"position\":2,\"name\":\"Gresham Personal Injury Attorney\"}]},{\"@type\":\"WebSite\",\"@id\":\"https:\\\/\\\/pdxinjurylaw.com\\\/#website\",\"url\":\"https:\\\/\\\/pdxinjurylaw.com\\\/\",\"name\":\"PDX Injury Law\",\"description\":\"\",\"publisher\":{\"@id\":\"https:\\\/\\\/pdxinjurylaw.com\\\/#organization\"},\"potentialAction\":[{\"@type\":\"SearchAction\",\"target\":{\"@type\":\"EntryPoint\",\"urlTemplate\":\"https:\\\/\\\/pdxinjurylaw.com\\\/?s={search_term_string}\"},\"query-input\":{\"@type\":\"PropertyValueSpecification\",\"valueRequired\":true,\"valueName\":\"search_term_string\"}}],\"inLanguage\":\"es\"},{\"@type\":\"Organization\",\"@id\":\"https:\\\/\\\/pdxinjurylaw.com\\\/#organization\",\"name\":\"PDX Injury Law\",\"url\":\"https:\\\/\\\/pdxinjurylaw.com\\\/\",\"logo\":{\"@type\":\"ImageObject\",\"inLanguage\":\"es\",\"@id\":\"https:\\\/\\\/pdxinjurylaw.com\\\/#\\\/schema\\\/logo\\\/image\\\/\",\"url\":\"https:\\\/\\\/530710ec99.nxcli.io\\\/wp-content\\\/uploads\\\/2021\\\/06\\\/logo-main.png\",\"contentUrl\":\"https:\\\/\\\/530710ec99.nxcli.io\\\/wp-content\\\/uploads\\\/2021\\\/06\\\/logo-main.png\",\"width\":368,\"height\":63,\"caption\":\"PDX Injury Law\"},\"image\":{\"@id\":\"https:\\\/\\\/pdxinjurylaw.com\\\/#\\\/schema\\\/logo\\\/image\\\/\"}}]}<\/script>\n<!-- \/ Yoast SEO plugin. -->","yoast_head_json":{"title":"Gresham Personal Injury Lawyer | Top-Rated Oregon Accident Attorneys","description":"Need a personal injury lawyer in Gresham? Look no further. Call the attorneys at DuBois Law Group at (503) 222-4411 for a FREE consultation.","robots":{"index":"index","follow":"follow","max-snippet":"max-snippet:-1","max-image-preview":"max-image-preview:large","max-video-preview":"max-video-preview:-1"},"canonical":"https:\/\/pdxinjurylaw.com\/es\/gresham-personal-injury-lawyer\/","og_locale":"es_MX","og_type":"article","og_title":"Gresham Personal Injury Lawyer | Top-Rated Oregon Accident Attorneys","og_description":"Need a personal injury lawyer in Gresham? Look no further. Call the attorneys at DuBois Law Group at (503) 222-4411 for a FREE consultation.","og_url":"https:\/\/pdxinjurylaw.com\/es\/gresham-personal-injury-lawyer\/","og_site_name":"PDX Injury Law","article_modified_time":"2023-12-01T07:37:02+00:00","twitter_card":"summary_large_image","twitter_misc":{"Tiempo de lectura":"5 minutos"},"schema":{"@context":"https:\/\/schema.org","@graph":[{"@type":"WebPage","@id":"https:\/\/pdxinjurylaw.com\/gresham-personal-injury-lawyer\/","url":"https:\/\/pdxinjurylaw.com\/gresham-personal-injury-lawyer\/","name":"Gresham Personal Injury Lawyer | Top-Rated Oregon Accident Attorneys","isPartOf":{"@id":"https:\/\/pdxinjurylaw.com\/#website"},"datePublished":"2023-11-01T01:23:16+00:00","dateModified":"2023-12-01T07:37:02+00:00","description":"Need a personal injury lawyer in Gresham? Look no further. Call the attorneys at DuBois Law Group at (503) 222-4411 for a FREE consultation.","breadcrumb":{"@id":"https:\/\/pdxinjurylaw.com\/gresham-personal-injury-lawyer\/#breadcrumb"},"inLanguage":"es","potentialAction":[{"@type":"ReadAction","target":["https:\/\/pdxinjurylaw.com\/gresham-personal-injury-lawyer\/"]}]},{"@type":"BreadcrumbList","@id":"https:\/\/pdxinjurylaw.com\/gresham-personal-injury-lawyer\/#breadcrumb","itemListElement":[{"@type":"ListItem","position":1,"name":"Home","item":"https:\/\/pdxinjurylaw.com\/"},{"@type":"ListItem","position":2,"name":"Gresham Personal Injury Attorney"}]},{"@type":"WebSite","@id":"https:\/\/pdxinjurylaw.com\/#website","url":"https:\/\/pdxinjurylaw.com\/","name":"PDX Ley de Lesiones","description":"","publisher":{"@id":"https:\/\/pdxinjurylaw.com\/#organization"},"potentialAction":[{"@type":"SearchAction","target":{"@type":"EntryPoint","urlTemplate":"https:\/\/pdxinjurylaw.com\/?s={search_term_string}"},"query-input":{"@type":"PropertyValueSpecification","valueRequired":true,"valueName":"search_term_string"}}],"inLanguage":"es"},{"@type":"Organization","@id":"https:\/\/pdxinjurylaw.com\/#organization","name":"PDX Ley de Lesiones","url":"https:\/\/pdxinjurylaw.com\/","logo":{"@type":"ImageObject","inLanguage":"es","@id":"https:\/\/pdxinjurylaw.com\/#\/schema\/logo\/image\/","url":"https:\/\/530710ec99.nxcli.io\/wp-content\/uploads\/2021\/06\/logo-main.png","contentUrl":"https:\/\/530710ec99.nxcli.io\/wp-content\/uploads\/2021\/06\/logo-main.png","width":368,"height":63,"caption":"PDX Injury Law"},"image":{"@id":"https:\/\/pdxinjurylaw.com\/#\/schema\/logo\/image\/"}}]}},"acf":[],"_links":{"self":[{"href":"https:\/\/pdxinjurylaw.com\/es\/wp-json\/wp\/v2\/pages\/65130","targetHints":{"allow":["GET"]}}],"collection":[{"href":"https:\/\/pdxinjurylaw.com\/es\/wp-json\/wp\/v2\/pages"}],"about":[{"href":"https:\/\/pdxinjurylaw.com\/es\/wp-json\/wp\/v2\/types\/page"}],"author":[{"embeddable":true,"href":"https:\/\/pdxinjurylaw.com\/es\/wp-json\/wp\/v2\/users\/1"}],"replies":[{"embeddable":true,"href":"https:\/\/pdxinjurylaw.com\/es\/wp-json\/wp\/v2\/comments?post=65130"}],"version-history":[{"count":4,"href":"https:\/\/pdxinjurylaw.com\/es\/wp-json\/wp\/v2\/pages\/65130\/revisions"}],"predecessor-version":[{"id":66820,"href":"https:\/\/pdxinjurylaw.com\/es\/wp-json\/wp\/v2\/pages\/65130\/revisions\/66820"}],"wp:attachment":[{"href":"https:\/\/pdxinjurylaw.com\/es\/wp-json\/wp\/v2\/media?parent=65130"}],"curies":[{"name":"wp","href":"https:\/\/api.w.org\/{rel}","templated":true}]}}