{"id":65111,"date":"2021-07-30T16:09:17","date_gmt":"2021-07-30T16:09:17","guid":{"rendered":"https:\/\/pdxinjurylaw.com\/?page_id=65111"},"modified":"2023-06-26T20:43:48","modified_gmt":"2023-06-26T20:43:48","slug":"portland-amputation-injury-attorney","status":"publish","type":"page","link":"https:\/\/pdxinjurylaw.com\/es\/portland-amputation-injury-attorney\/","title":{"rendered":"Abogado de lesiones por amputaci\u00f3n en Portland"},"content":{"rendered":"<p><span style=\"font-weight: 400;\">Las lesiones por amputaci\u00f3n pueden destrozar la vida de muchos residentes de Portland. La p\u00e9rdida de una extremidad puede provocar tensiones econ\u00f3micas y penurias f\u00edsicas, dificultando la realizaci\u00f3n de las tareas cotidianas. El trauma emocional que acompa\u00f1a a la amputaci\u00f3n tambi\u00e9n puede ser dif\u00edcil de soportar. Sin embargo, si usted sufri\u00f3 este tipo de lesi\u00f3n debido a la negligencia de otra persona, usted puede ser elegible para la acci\u00f3n legal-y la <a href=\"\/es\/portland-personal-injury-lawyer\/\">Portland abogados de lesiones personales<\/a> en DuBois Law Group puede luchar por su derecho a la recuperaci\u00f3n.<\/span><\/p>\n<h2><strong>\u00bfPor qu\u00e9 elegir un abogado de amputaci\u00f3n de Portland de nosotros?<\/strong><\/h2>\n<ul>\n<li style=\"font-weight: 400;\" aria-level=\"1\"><span style=\"font-weight: 400;\">Durante a\u00f1os, nuestra firma ha ayudado a miles de residentes de Oregon asegurar la compensaci\u00f3n que se merecen. Hemos ganado millones de d\u00f3lares en acuerdos y veredictos del jurado en casos de lesiones personales.<\/span><\/li>\n<li style=\"font-weight: 400;\" aria-level=\"1\"><span style=\"font-weight: 400;\">Nuestra <a href=\"\/es\/practice-areas\/portland-car-accident-lawyers\/\">Abogados de accidentes de Portland<\/a> damos prioridad a la comunicaci\u00f3n directa desde la consulta hasta el acuerdo. Usted siempre ser\u00e1 capaz de hacer preguntas a su abogado y plantear inquietudes durante todo el proceso del caso.<\/span><\/li>\n<li style=\"font-weight: 400;\" aria-level=\"1\"><span style=\"font-weight: 400;\">Nuestro bufete dispone de un departamento m\u00e9dico independiente con profesionales sanitarios. Si necesita un especialista o ayuda para encontrar tratamiento, nuestro bufete puede ponerle en contacto con los recursos necesarios.\u00a0<\/span><\/li>\n<\/ul>\n<h2><strong>\u00bfCu\u00e1les son las causas m\u00e1s comunes de las lesiones por amputaci\u00f3n en Portland?<\/strong><\/h2>\n<p><span style=\"font-weight: 400;\">Las lesiones por amputaci\u00f3n se producen cuando se secciona una extremidad durante un accidente, o cuando una extremidad queda tan da\u00f1ada que es necesaria la amputaci\u00f3n para proteger su salud. Estas lesiones pueden ocurrir durante muchos tipos de accidentes, incluyendo los siguientes.<\/span><\/p>\n<ul>\n<li style=\"font-weight: 400;\" aria-level=\"1\"><span style=\"font-weight: 400;\">Accidentes de tr\u00e1fico<\/span><\/li>\n<li style=\"font-weight: 400;\" aria-level=\"1\"><a href=\"\/es\/practice-areas\/motorcycle-accidents\/\"><span style=\"font-weight: 400;\">Accidentes de moto<\/span><\/a><\/li>\n<li style=\"font-weight: 400;\" aria-level=\"1\"><span style=\"font-weight: 400;\">Accidentes con maquinaria pesada<\/span><\/li>\n<li style=\"font-weight: 400;\" aria-level=\"1\"><a href=\"\/es\/practice-areas\/pedestrian-accidents\/\"><span style=\"font-weight: 400;\">Accidentes de peatones<\/span><\/a><\/li>\n<li style=\"font-weight: 400;\" aria-level=\"1\"><a href=\"\/es\/practice-areas\/bicycle-accidents\/\"><span style=\"font-weight: 400;\">Accidentes de bicicleta<\/span><\/a><\/li>\n<li aria-level=\"1\"><a href=\"\/es\/portland-boating-accident-lawyer\/\">Accidentes de navegaci\u00f3n\u00a0<\/a><\/li>\n<li style=\"font-weight: 400;\" aria-level=\"1\"><span style=\"font-weight: 400;\">Accidentes en la construcci\u00f3n<\/span><\/li>\n<li style=\"font-weight: 400;\" aria-level=\"1\"><a href=\"\/es\/practice-areas\/products-liability\/\">Responsabilidad por productos defectuosos<\/a><\/li>\n<li style=\"font-weight: 400;\" aria-level=\"1\"><span style=\"font-weight: 400;\">Explosiones<\/span><\/li>\n<li style=\"font-weight: 400;\" aria-level=\"1\"><a href=\"\/es\/portland-medical-malpractice-lawyer\/\"><span style=\"font-weight: 400;\">Negligencia m\u00e9dica<\/span><\/a><\/li>\n<\/ul>\n<p>Si su lesi\u00f3n fue el resultado de una colisi\u00f3n de veh\u00edculos y un veh\u00edculo comercial, por favor, p\u00f3ngase en contacto con nuestro <a href=\"\/es\/practice-areas\/trucking-accidents\/\">Abogados de accidentes de cami\u00f3n en Portland <\/a>hoy.<\/p>\n<h2><strong>\u00bfC\u00f3mo presentar una reclamaci\u00f3n tras una lesi\u00f3n por amputaci\u00f3n?<\/strong><\/h2>\n<p><span style=\"font-weight: 400;\">Si sufre una lesi\u00f3n por amputaci\u00f3n debido a la negligencia de otra persona o entidad, puede tener derecho a presentar una reclamaci\u00f3n al seguro o una demanda contra la parte culpable. Por ejemplo, si pierde una extremidad en un accidente de tr\u00e1fico causado por un conductor ebrio, podr\u00eda presentar una reclamaci\u00f3n ante uno de nuestros <a href=\"\/es\/portland-drunk-driving-accident-lawyer\/\">Abogados de accidentes por conducir ebrio en Portland<\/a> contra el conductor culpable. Si la lesi\u00f3n se produce despu\u00e9s de que un cirujano realice accidentalmente una intervenci\u00f3n incorrecta, podr\u00edas presentar una demanda por negligencia m\u00e9dica contra la parte culpable.<\/span><\/p>\n<p><span style=\"font-weight: 400;\">Muchas lesiones por amputaci\u00f3n se producen en el lugar de trabajo, especialmente en industrias que manejan maquinaria pesada. Si sufre la lesi\u00f3n en el desempe\u00f1o de sus funciones laborales, puede presentar una reclamaci\u00f3n de indemnizaci\u00f3n por accidente de trabajo para recuperar las prestaciones, independientemente de la culpa o negligencia. Sin embargo, si la lesi\u00f3n se produjo por un mal funcionamiento o una m\u00e1quina defectuosa, puede presentar una demanda contra el fabricante, distribuidor o minorista de ese producto con la ayuda de un abogado. <a href=\"\/es\/practice-areas\/products-liability\/\">Portland abogado de responsabilidad por productos defectuosos.<\/a><\/span><\/p>\n<h2><strong>\u00bfQu\u00e9 da\u00f1os y perjuicios pueden obtener las v\u00edctimas de lesiones por amputaci\u00f3n en Portland?<\/strong><\/h2>\n<p><span style=\"font-weight: 400;\">En una demanda o reclamaci\u00f3n al seguro, usted tiene derecho a una indemnizaci\u00f3n por las p\u00e9rdidas econ\u00f3micas y no econ\u00f3micas relacionadas con su lesi\u00f3n por amputaci\u00f3n. Los da\u00f1os econ\u00f3micos implican sus p\u00e9rdidas financieras, mientras que los da\u00f1os no econ\u00f3micos abarcan su dolor y sufrimiento intangibles. Algunas de las indemnizaciones m\u00e1s habituales en casos de lesiones por amputaci\u00f3n son las siguientes.<\/span><\/p>\n<ul>\n<li style=\"font-weight: 400;\" aria-level=\"1\"><span style=\"font-weight: 400;\">Gastos m\u00e9dicos pasados y futuros<\/span><\/li>\n<li style=\"font-weight: 400;\" aria-level=\"1\"><span style=\"font-weight: 400;\">Rehabilitaci\u00f3n y fisioterapia<\/span><\/li>\n<li style=\"font-weight: 400;\" aria-level=\"1\"><span style=\"font-weight: 400;\">Da\u00f1os materiales sufridos en el accidente<\/span><\/li>\n<li style=\"font-weight: 400;\" aria-level=\"1\"><span style=\"font-weight: 400;\">Salarios perdidos y p\u00e9rdida de capacidad de ganancia futura<\/span><\/li>\n<li style=\"font-weight: 400;\" aria-level=\"1\"><span style=\"font-weight: 400;\">Angustia emocional y angustia mental<\/span><\/li>\n<li style=\"font-weight: 400;\" aria-level=\"1\"><span style=\"font-weight: 400;\">Incapacidad permanente<\/span><\/li>\n<li style=\"font-weight: 400;\" aria-level=\"1\"><span style=\"font-weight: 400;\">Dolor cr\u00f3nico y desfiguraci\u00f3n<\/span><\/li>\n<li style=\"font-weight: 400;\" aria-level=\"1\"><span style=\"font-weight: 400;\">P\u00e9rdida de calidad de vida<\/span><\/li>\n<li style=\"font-weight: 400;\" aria-level=\"1\"><span style=\"font-weight: 400;\">Depresi\u00f3n y ansiedad<\/span><\/li>\n<\/ul>\n<p><span style=\"font-weight: 400;\">Su abogado de lesiones personales en Portland DuBois Law Group puede ayudarle a calcular el alcance total de sus da\u00f1os y reunir las pruebas que necesita para demostrar su derecho a una indemnizaci\u00f3n.<\/span><\/p>\n<h2><strong>P\u00f3ngase en contacto con un abogado de lesiones por amputaci\u00f3n de Portland de DuBois Law Group<\/strong><\/h2>\n<p><span style=\"font-weight: 400;\">Si usted es v\u00edctima de una lesi\u00f3n por amputaci\u00f3n, los abogados de Portland en DuBois Law Group pueden luchar por su derecho a la justicia. Nuestros abogados de lesiones por amputaci\u00f3n pueden ayudarle a recuperar la compensaci\u00f3n que se merece y ayudarle en el camino hacia la curaci\u00f3n. <\/span><a href=\"\/es\/contact-us\/\"><span style=\"font-weight: 400;\">P\u00f3ngase en contacto con nosotros<\/span><\/a><span style=\"font-weight: 400;\"> para programar una consulta gratuita de su caso y obtener m\u00e1s informaci\u00f3n sobre sus opciones legales. (503) 222-4411<\/span><\/p>","protected":false},"excerpt":{"rendered":"<p>Amputation injuries can devastate the lives of many Portland residents. The loss of a limb can result in financial strain and physical hardship, making it difficult to complete daily tasks. The emotional trauma that accompanies amputation can also be hard to bear. Yet, if you sustained this type of injury due to the negligence of&#8230; <a class=\"fancy_link\" href=\"https:\/\/pdxinjurylaw.com\/es\/portland-amputation-injury-attorney\/\">leer m\u00e1s<\/a><\/p>","protected":false},"author":1,"featured_media":0,"parent":0,"menu_order":0,"comment_status":"closed","ping_status":"closed","template":"","meta":{"footnotes":"","_content_optimizer_report_url":"","_content_optimizer_report_added":"","_content_optimizer_keyword_hide_used":false,"_content_optimizer_keyword_hide_above_average":false,"_content_optimizer_entities_hide_used":false,"_content_optimizer_entities_hide_above_average":false,"_content_optimizer_headings_hide_used":false,"_content_optimizer_questions_hide_used":false,"_content_optimizer_tab_active":"","_content_optimizer_report_url_ce":"","_content_optimizer_report_added_ce":"","_content_optimizer_keyword_hide_used_ce":false,"_content_optimizer_keyword_hide_above_average_ce":false,"_content_optimizer_entities_hide_used_ce":false,"_content_optimizer_entities_hide_above_average_ce":false,"_content_optimizer_headings_hide_used_ce":false,"_content_optimizer_questions_hide_used_ce":false,"_content_optimizer_tab_active_ce":""},"class_list":["post-65111","page","type-page","status-publish","hentry"],"yoast_head":"<!-- This site is optimized with the Yoast SEO plugin v27.4 - https:\/\/yoast.com\/product\/yoast-seo-wordpress\/ -->\n<title>Portland Amputation Injury Lawyer<\/title>\n<meta name=\"description\" content=\"Are you in need of a Portland amputation injury lawyer? We have your back. Call for a FREE consultation! (503) 222-4411.\" \/>\n<meta name=\"robots\" content=\"index, follow, max-snippet:-1, max-image-preview:large, max-video-preview:-1\" \/>\n<link rel=\"canonical\" href=\"https:\/\/pdxinjurylaw.com\/es\/portland-amputation-injury-attorney\/\" \/>\n<meta property=\"og:locale\" content=\"es_MX\" \/>\n<meta property=\"og:type\" content=\"article\" \/>\n<meta property=\"og:title\" content=\"Portland Amputation Injury Lawyer\" \/>\n<meta property=\"og:description\" content=\"Are you in need of a Portland amputation injury lawyer? We have your back. Call for a FREE consultation! (503) 222-4411.\" \/>\n<meta property=\"og:url\" content=\"https:\/\/pdxinjurylaw.com\/es\/portland-amputation-injury-attorney\/\" \/>\n<meta property=\"og:site_name\" content=\"PDX Injury Law\" \/>\n<meta property=\"article:modified_time\" content=\"2023-06-26T20:43:48+00:00\" \/>\n<meta name=\"twitter:card\" content=\"summary_large_image\" \/>\n<meta name=\"twitter:label1\" content=\"Tiempo de lectura\" \/>\n\t<meta name=\"twitter:data1\" content=\"3 minutos\" \/>\n<script type=\"application\/ld+json\" class=\"yoast-schema-graph\">{\"@context\":\"https:\\\/\\\/schema.org\",\"@graph\":[{\"@type\":\"WebPage\",\"@id\":\"https:\\\/\\\/pdxinjurylaw.com\\\/portland-amputation-injury-attorney\\\/\",\"url\":\"https:\\\/\\\/pdxinjurylaw.com\\\/portland-amputation-injury-attorney\\\/\",\"name\":\"Portland Amputation Injury Lawyer\",\"isPartOf\":{\"@id\":\"https:\\\/\\\/pdxinjurylaw.com\\\/#website\"},\"datePublished\":\"2021-07-30T16:09:17+00:00\",\"dateModified\":\"2023-06-26T20:43:48+00:00\",\"description\":\"Are you in need of a Portland amputation injury lawyer? We have your back. Call for a FREE consultation! (503) 222-4411.\",\"breadcrumb\":{\"@id\":\"https:\\\/\\\/pdxinjurylaw.com\\\/portland-amputation-injury-attorney\\\/#breadcrumb\"},\"inLanguage\":\"es\",\"potentialAction\":[{\"@type\":\"ReadAction\",\"target\":[\"https:\\\/\\\/pdxinjurylaw.com\\\/portland-amputation-injury-attorney\\\/\"]}]},{\"@type\":\"BreadcrumbList\",\"@id\":\"https:\\\/\\\/pdxinjurylaw.com\\\/portland-amputation-injury-attorney\\\/#breadcrumb\",\"itemListElement\":[{\"@type\":\"ListItem\",\"position\":1,\"name\":\"Home\",\"item\":\"https:\\\/\\\/pdxinjurylaw.com\\\/\"},{\"@type\":\"ListItem\",\"position\":2,\"name\":\"Portland Amputation Injury Attorney\"}]},{\"@type\":\"WebSite\",\"@id\":\"https:\\\/\\\/pdxinjurylaw.com\\\/#website\",\"url\":\"https:\\\/\\\/pdxinjurylaw.com\\\/\",\"name\":\"PDX Injury Law\",\"description\":\"\",\"publisher\":{\"@id\":\"https:\\\/\\\/pdxinjurylaw.com\\\/#organization\"},\"potentialAction\":[{\"@type\":\"SearchAction\",\"target\":{\"@type\":\"EntryPoint\",\"urlTemplate\":\"https:\\\/\\\/pdxinjurylaw.com\\\/?s={search_term_string}\"},\"query-input\":{\"@type\":\"PropertyValueSpecification\",\"valueRequired\":true,\"valueName\":\"search_term_string\"}}],\"inLanguage\":\"es\"},{\"@type\":\"Organization\",\"@id\":\"https:\\\/\\\/pdxinjurylaw.com\\\/#organization\",\"name\":\"PDX Injury Law\",\"url\":\"https:\\\/\\\/pdxinjurylaw.com\\\/\",\"logo\":{\"@type\":\"ImageObject\",\"inLanguage\":\"es\",\"@id\":\"https:\\\/\\\/pdxinjurylaw.com\\\/#\\\/schema\\\/logo\\\/image\\\/\",\"url\":\"https:\\\/\\\/530710ec99.nxcli.io\\\/wp-content\\\/uploads\\\/2021\\\/06\\\/logo-main.png\",\"contentUrl\":\"https:\\\/\\\/530710ec99.nxcli.io\\\/wp-content\\\/uploads\\\/2021\\\/06\\\/logo-main.png\",\"width\":368,\"height\":63,\"caption\":\"PDX Injury Law\"},\"image\":{\"@id\":\"https:\\\/\\\/pdxinjurylaw.com\\\/#\\\/schema\\\/logo\\\/image\\\/\"}}]}<\/script>\n<!-- \/ Yoast SEO plugin. -->","yoast_head_json":{"title":"Portland Amputation Injury Lawyer","description":"Are you in need of a Portland amputation injury lawyer? We have your back. Call for a FREE consultation! (503) 222-4411.","robots":{"index":"index","follow":"follow","max-snippet":"max-snippet:-1","max-image-preview":"max-image-preview:large","max-video-preview":"max-video-preview:-1"},"canonical":"https:\/\/pdxinjurylaw.com\/es\/portland-amputation-injury-attorney\/","og_locale":"es_MX","og_type":"article","og_title":"Portland Amputation Injury Lawyer","og_description":"Are you in need of a Portland amputation injury lawyer? We have your back. Call for a FREE consultation! (503) 222-4411.","og_url":"https:\/\/pdxinjurylaw.com\/es\/portland-amputation-injury-attorney\/","og_site_name":"PDX Injury Law","article_modified_time":"2023-06-26T20:43:48+00:00","twitter_card":"summary_large_image","twitter_misc":{"Tiempo de lectura":"3 minutos"},"schema":{"@context":"https:\/\/schema.org","@graph":[{"@type":"WebPage","@id":"https:\/\/pdxinjurylaw.com\/portland-amputation-injury-attorney\/","url":"https:\/\/pdxinjurylaw.com\/portland-amputation-injury-attorney\/","name":"Portland Amputation Injury Lawyer","isPartOf":{"@id":"https:\/\/pdxinjurylaw.com\/#website"},"datePublished":"2021-07-30T16:09:17+00:00","dateModified":"2023-06-26T20:43:48+00:00","description":"Are you in need of a Portland amputation injury lawyer? We have your back. Call for a FREE consultation! (503) 222-4411.","breadcrumb":{"@id":"https:\/\/pdxinjurylaw.com\/portland-amputation-injury-attorney\/#breadcrumb"},"inLanguage":"es","potentialAction":[{"@type":"ReadAction","target":["https:\/\/pdxinjurylaw.com\/portland-amputation-injury-attorney\/"]}]},{"@type":"BreadcrumbList","@id":"https:\/\/pdxinjurylaw.com\/portland-amputation-injury-attorney\/#breadcrumb","itemListElement":[{"@type":"ListItem","position":1,"name":"Home","item":"https:\/\/pdxinjurylaw.com\/"},{"@type":"ListItem","position":2,"name":"Portland Amputation Injury Attorney"}]},{"@type":"WebSite","@id":"https:\/\/pdxinjurylaw.com\/#website","url":"https:\/\/pdxinjurylaw.com\/","name":"PDX Ley de Lesiones","description":"","publisher":{"@id":"https:\/\/pdxinjurylaw.com\/#organization"},"potentialAction":[{"@type":"SearchAction","target":{"@type":"EntryPoint","urlTemplate":"https:\/\/pdxinjurylaw.com\/?s={search_term_string}"},"query-input":{"@type":"PropertyValueSpecification","valueRequired":true,"valueName":"search_term_string"}}],"inLanguage":"es"},{"@type":"Organization","@id":"https:\/\/pdxinjurylaw.com\/#organization","name":"PDX Ley de Lesiones","url":"https:\/\/pdxinjurylaw.com\/","logo":{"@type":"ImageObject","inLanguage":"es","@id":"https:\/\/pdxinjurylaw.com\/#\/schema\/logo\/image\/","url":"https:\/\/530710ec99.nxcli.io\/wp-content\/uploads\/2021\/06\/logo-main.png","contentUrl":"https:\/\/530710ec99.nxcli.io\/wp-content\/uploads\/2021\/06\/logo-main.png","width":368,"height":63,"caption":"PDX Injury Law"},"image":{"@id":"https:\/\/pdxinjurylaw.com\/#\/schema\/logo\/image\/"}}]}},"acf":[],"_links":{"self":[{"href":"https:\/\/pdxinjurylaw.com\/es\/wp-json\/wp\/v2\/pages\/65111","targetHints":{"allow":["GET"]}}],"collection":[{"href":"https:\/\/pdxinjurylaw.com\/es\/wp-json\/wp\/v2\/pages"}],"about":[{"href":"https:\/\/pdxinjurylaw.com\/es\/wp-json\/wp\/v2\/types\/page"}],"author":[{"embeddable":true,"href":"https:\/\/pdxinjurylaw.com\/es\/wp-json\/wp\/v2\/users\/1"}],"replies":[{"embeddable":true,"href":"https:\/\/pdxinjurylaw.com\/es\/wp-json\/wp\/v2\/comments?post=65111"}],"version-history":[{"count":6,"href":"https:\/\/pdxinjurylaw.com\/es\/wp-json\/wp\/v2\/pages\/65111\/revisions"}],"predecessor-version":[{"id":67264,"href":"https:\/\/pdxinjurylaw.com\/es\/wp-json\/wp\/v2\/pages\/65111\/revisions\/67264"}],"wp:attachment":[{"href":"https:\/\/pdxinjurylaw.com\/es\/wp-json\/wp\/v2\/media?parent=65111"}],"curies":[{"name":"wp","href":"https:\/\/api.w.org\/{rel}","templated":true}]}}