{"id":65077,"date":"2021-07-29T21:46:50","date_gmt":"2021-07-29T21:46:50","guid":{"rendered":"https:\/\/pdxinjurylaw.com\/?page_id=65077"},"modified":"2021-09-07T20:10:23","modified_gmt":"2021-09-07T20:10:23","slug":"gresham-catastrophic-injury-attorney","status":"publish","type":"page","link":"https:\/\/pdxinjurylaw.com\/es\/gresham-catastrophic-injury-attorney\/","title":{"rendered":"Gresham Abogado de Lesiones Catastr\u00f3ficas"},"content":{"rendered":"<p>Una lesi\u00f3n puede producirse en cualquier momento y lugar. Sin embargo, algunas lesiones son m\u00e1s graves que otras, resultando en da\u00f1os catastr\u00f3ficos que pueden afectar el resto de su vida. Si usted sufri\u00f3 una lesi\u00f3n catastr\u00f3fica en un accidente de Gresham, usted puede ser elegible para una compensaci\u00f3n financiera con la ayuda de un abogado de lesiones catastr\u00f3ficas.<\/p>\n<p>En estas situaciones, los abogados de lesiones personales en DuBois Law Group puede luchar por su derecho a la recuperaci\u00f3n. Nuestros abogados de lesiones catastr\u00f3ficas de Gresham abogar\u00e1n incansablemente para asegurar la compensaci\u00f3n que necesita para tratar su lesi\u00f3n.<\/p>\n<h2>Por qu\u00e9 elegirnos<\/h2>\n<ul>\n<li>El historial de nuestra firma habla por s\u00ed mismo. Hemos recuperado millones de d\u00f3lares en acuerdos y veredictos del jurado en nombre de nuestros clientes.<\/li>\n<li>Nuestros abogados de lesiones personales tienen a\u00f1os de experiencia representando a clientes en demandas por lesiones personales. Vamos a aprovechar nuestras habilidades, conocimientos y recursos para elaborar un caso convincente en su nombre.<\/li>\n<li>Entendemos las dificultades financieras que acompa\u00f1an a una lesi\u00f3n grave. Trabajamos con honorarios condicionales, lo que significa que s\u00f3lo pagar\u00e1 honorarios legales si conseguimos una indemnizaci\u00f3n en su caso.<\/li>\n<\/ul>\n<h2>Tipos comunes de lesiones catastr\u00f3ficas<\/h2>\n<p>Por lesi\u00f3n catastr\u00f3fica se entiende cualquier da\u00f1o que provoque una incapacidad permanente. Este tipo de da\u00f1o suele mermar su capacidad para volver al trabajo o realizar sus actividades cotidianas sin ayuda. Las lesiones catastr\u00f3ficas suelen entrar en una de estas tres categor\u00edas. Afortunadamente, nuestro <a href=\"\/es\/gresham-personal-injury-lawyer\/\">Gresham abogados de lesiones personales<\/a> puede ayudar con las tres cosas.<\/p>\n<ul>\n<li><strong>Lesiones medulares:<\/strong> La m\u00e9dula espinal se encarga de transmitir mensajes entre el cerebro y el resto del cuerpo. Cualquier da\u00f1o en la m\u00e9dula espinal puede provocar par\u00e1lisis o p\u00e9rdida de funciones o sensibilidad por debajo del lugar de la lesi\u00f3n.<\/li>\n<li><strong>Lesiones cognitivas:<\/strong> Nuestro cerebro es responsable de controlar las funciones m\u00e1s importantes de nuestro cuerpo, desde la memoria y la concentraci\u00f3n hasta el habla y el movimiento. Cualquier da\u00f1o cerebral puede provocar un deterioro cognitivo permanente, que puede afectar gravemente a la calidad de vida.<\/li>\n<li><strong>Lesiones f\u00edsicas:<\/strong> Muchas lesiones catastr\u00f3ficas son de naturaleza f\u00edsica y provocan incapacidad permanente, como amputaciones, quemaduras graves y cicatrices. Los da\u00f1os graves en huesos o tejidos tambi\u00e9n pueden considerarse lesiones catastr\u00f3ficas.<\/li>\n<\/ul>\n<h2>C\u00f3mo recuperar una indemnizaci\u00f3n tras una lesi\u00f3n catastr\u00f3fica<\/h2>\n<p>Si usted sufre una lesi\u00f3n catastr\u00f3fica en Gresham, usted puede ser elegible para una compensaci\u00f3n financiera. Sin embargo, su capacidad para recuperar esta compensaci\u00f3n depender\u00e1 de las circunstancias que rodearon su accidente. Por ejemplo, si usted sufri\u00f3 la lesi\u00f3n en el desempe\u00f1o de sus funciones de trabajo, usted podr\u00eda presentar una reclamaci\u00f3n de compensaci\u00f3n de trabajadores para recuperar los beneficios por incapacidad, gastos m\u00e9dicos y otras p\u00e9rdidas.<\/p>\n<p>Si usted sufri\u00f3 la lesi\u00f3n debido a la negligencia de otra persona, como un accidente de coche, un peligro en la propiedad de otra persona o un acto de violencia f\u00edsica, podr\u00eda presentar una demanda por lesiones personales contra la parte culpable. Para demostrar su derecho a indemnizaci\u00f3n en una demanda por lesiones personales, tendr\u00e1 que aportar pruebas que respalden cuatro elementos clave.<\/p>\n<ul>\n<li>La parte culpable le deb\u00eda un deber de diligencia.<\/li>\n<li>La parte culpable incumpli\u00f3 su deber de diligencia por negligencia.<\/li>\n<li>El incumplimiento del deber de la parte culpable caus\u00f3 su accidente.<\/li>\n<li>Ha sufrido da\u00f1os que puede cobrar en su demanda.<\/li>\n<\/ul>\n<p>Si usted ha sufrido una lesi\u00f3n catastr\u00f3fica en Gresham, necesita un abogado de lesiones catastr\u00f3ficas de su lado. En DuBois Law Group, nuestros abogados trabajar\u00e1n incansablemente para reunir las pruebas necesarias para probar su caso y abogar por su m\u00e1xima recuperaci\u00f3n.<\/p>\n<h2>P\u00f3ngase en contacto con DuBois Law Group<\/h2>\n<p>\u00bfHa sufrido una lesi\u00f3n catastr\u00f3fica en Gresham, Oregon? Los abogados de DuBois Law Group pueden ayudar. <a href=\"\/es\/contact-us\/\">P\u00f3ngase en contacto con nosotros<\/a> hoy para programar una consulta gratuita y obtener m\u00e1s informaci\u00f3n sobre su camino \u00f3ptimo a la compensaci\u00f3n.<\/p>","protected":false},"excerpt":{"rendered":"<p>An injury can occur at any time, in any place. However, some injuries are more serious than others, resulting in catastrophic damage that can impact the rest of your life. If you sustained a catastrophic injury in a Gresham accident, you may be eligible for financial compensation with the help of a catastrophic injury lawyer&#8230;. <a class=\"fancy_link\" href=\"https:\/\/pdxinjurylaw.com\/es\/gresham-catastrophic-injury-attorney\/\">leer m\u00e1s<\/a><\/p>","protected":false},"author":1,"featured_media":0,"parent":0,"menu_order":0,"comment_status":"closed","ping_status":"closed","template":"","meta":{"footnotes":"","_content_optimizer_report_url":"","_content_optimizer_report_added":"","_content_optimizer_keyword_hide_used":false,"_content_optimizer_keyword_hide_above_average":false,"_content_optimizer_entities_hide_used":false,"_content_optimizer_entities_hide_above_average":false,"_content_optimizer_headings_hide_used":false,"_content_optimizer_questions_hide_used":false,"_content_optimizer_tab_active":"","_content_optimizer_report_url_ce":"","_content_optimizer_report_added_ce":"","_content_optimizer_keyword_hide_used_ce":false,"_content_optimizer_keyword_hide_above_average_ce":false,"_content_optimizer_entities_hide_used_ce":false,"_content_optimizer_entities_hide_above_average_ce":false,"_content_optimizer_headings_hide_used_ce":false,"_content_optimizer_questions_hide_used_ce":false,"_content_optimizer_tab_active_ce":""},"class_list":["post-65077","page","type-page","status-publish","hentry"],"yoast_head":"<!-- This site is optimized with the Yoast SEO plugin v27.4 - https:\/\/yoast.com\/product\/yoast-seo-wordpress\/ -->\n<title>Gresham Catastrophic Injury Lawyer<\/title>\n<meta name=\"description\" content=\"Have you or a loved one experienced a catastrophic injury in Gresham? Call the lawyers at DuBois Law Group at (503) 222-4411 for a FREE consultation.\" \/>\n<meta name=\"robots\" content=\"index, follow, max-snippet:-1, max-image-preview:large, max-video-preview:-1\" \/>\n<link rel=\"canonical\" href=\"https:\/\/pdxinjurylaw.com\/es\/gresham-catastrophic-injury-attorney\/\" \/>\n<meta property=\"og:locale\" content=\"es_MX\" \/>\n<meta property=\"og:type\" content=\"article\" \/>\n<meta property=\"og:title\" content=\"Gresham Catastrophic Injury Lawyer\" \/>\n<meta property=\"og:description\" content=\"Have you or a loved one experienced a catastrophic injury in Gresham? Call the lawyers at DuBois Law Group at (503) 222-4411 for a FREE consultation.\" \/>\n<meta property=\"og:url\" content=\"https:\/\/pdxinjurylaw.com\/es\/gresham-catastrophic-injury-attorney\/\" \/>\n<meta property=\"og:site_name\" content=\"PDX Injury Law\" \/>\n<meta property=\"article:modified_time\" content=\"2021-09-07T20:10:23+00:00\" \/>\n<meta name=\"twitter:card\" content=\"summary_large_image\" \/>\n<meta name=\"twitter:label1\" content=\"Tiempo de lectura\" \/>\n\t<meta name=\"twitter:data1\" content=\"3 minutos\" \/>\n<script type=\"application\/ld+json\" class=\"yoast-schema-graph\">{\"@context\":\"https:\\\/\\\/schema.org\",\"@graph\":[{\"@type\":\"WebPage\",\"@id\":\"https:\\\/\\\/pdxinjurylaw.com\\\/gresham-catastrophic-injury-attorney\\\/\",\"url\":\"https:\\\/\\\/pdxinjurylaw.com\\\/gresham-catastrophic-injury-attorney\\\/\",\"name\":\"Gresham Catastrophic Injury Lawyer\",\"isPartOf\":{\"@id\":\"https:\\\/\\\/pdxinjurylaw.com\\\/#website\"},\"datePublished\":\"2021-07-29T21:46:50+00:00\",\"dateModified\":\"2021-09-07T20:10:23+00:00\",\"description\":\"Have you or a loved one experienced a catastrophic injury in Gresham? Call the lawyers at DuBois Law Group at (503) 222-4411 for a FREE consultation.\",\"breadcrumb\":{\"@id\":\"https:\\\/\\\/pdxinjurylaw.com\\\/gresham-catastrophic-injury-attorney\\\/#breadcrumb\"},\"inLanguage\":\"es\",\"potentialAction\":[{\"@type\":\"ReadAction\",\"target\":[\"https:\\\/\\\/pdxinjurylaw.com\\\/gresham-catastrophic-injury-attorney\\\/\"]}]},{\"@type\":\"BreadcrumbList\",\"@id\":\"https:\\\/\\\/pdxinjurylaw.com\\\/gresham-catastrophic-injury-attorney\\\/#breadcrumb\",\"itemListElement\":[{\"@type\":\"ListItem\",\"position\":1,\"name\":\"Home\",\"item\":\"https:\\\/\\\/pdxinjurylaw.com\\\/\"},{\"@type\":\"ListItem\",\"position\":2,\"name\":\"Gresham Catastrophic Injury Attorney\"}]},{\"@type\":\"WebSite\",\"@id\":\"https:\\\/\\\/pdxinjurylaw.com\\\/#website\",\"url\":\"https:\\\/\\\/pdxinjurylaw.com\\\/\",\"name\":\"PDX Injury Law\",\"description\":\"\",\"publisher\":{\"@id\":\"https:\\\/\\\/pdxinjurylaw.com\\\/#organization\"},\"potentialAction\":[{\"@type\":\"SearchAction\",\"target\":{\"@type\":\"EntryPoint\",\"urlTemplate\":\"https:\\\/\\\/pdxinjurylaw.com\\\/?s={search_term_string}\"},\"query-input\":{\"@type\":\"PropertyValueSpecification\",\"valueRequired\":true,\"valueName\":\"search_term_string\"}}],\"inLanguage\":\"es\"},{\"@type\":\"Organization\",\"@id\":\"https:\\\/\\\/pdxinjurylaw.com\\\/#organization\",\"name\":\"PDX Injury Law\",\"url\":\"https:\\\/\\\/pdxinjurylaw.com\\\/\",\"logo\":{\"@type\":\"ImageObject\",\"inLanguage\":\"es\",\"@id\":\"https:\\\/\\\/pdxinjurylaw.com\\\/#\\\/schema\\\/logo\\\/image\\\/\",\"url\":\"https:\\\/\\\/530710ec99.nxcli.io\\\/wp-content\\\/uploads\\\/2021\\\/06\\\/logo-main.png\",\"contentUrl\":\"https:\\\/\\\/530710ec99.nxcli.io\\\/wp-content\\\/uploads\\\/2021\\\/06\\\/logo-main.png\",\"width\":368,\"height\":63,\"caption\":\"PDX Injury Law\"},\"image\":{\"@id\":\"https:\\\/\\\/pdxinjurylaw.com\\\/#\\\/schema\\\/logo\\\/image\\\/\"}}]}<\/script>\n<!-- \/ Yoast SEO plugin. -->","yoast_head_json":{"title":"Gresham Catastrophic Injury Lawyer","description":"Have you or a loved one experienced a catastrophic injury in Gresham? Call the lawyers at DuBois Law Group at (503) 222-4411 for a FREE consultation.","robots":{"index":"index","follow":"follow","max-snippet":"max-snippet:-1","max-image-preview":"max-image-preview:large","max-video-preview":"max-video-preview:-1"},"canonical":"https:\/\/pdxinjurylaw.com\/es\/gresham-catastrophic-injury-attorney\/","og_locale":"es_MX","og_type":"article","og_title":"Gresham Catastrophic Injury Lawyer","og_description":"Have you or a loved one experienced a catastrophic injury in Gresham? Call the lawyers at DuBois Law Group at (503) 222-4411 for a FREE consultation.","og_url":"https:\/\/pdxinjurylaw.com\/es\/gresham-catastrophic-injury-attorney\/","og_site_name":"PDX Injury Law","article_modified_time":"2021-09-07T20:10:23+00:00","twitter_card":"summary_large_image","twitter_misc":{"Tiempo de lectura":"3 minutos"},"schema":{"@context":"https:\/\/schema.org","@graph":[{"@type":"WebPage","@id":"https:\/\/pdxinjurylaw.com\/gresham-catastrophic-injury-attorney\/","url":"https:\/\/pdxinjurylaw.com\/gresham-catastrophic-injury-attorney\/","name":"Gresham Catastrophic Injury Lawyer","isPartOf":{"@id":"https:\/\/pdxinjurylaw.com\/#website"},"datePublished":"2021-07-29T21:46:50+00:00","dateModified":"2021-09-07T20:10:23+00:00","description":"Have you or a loved one experienced a catastrophic injury in Gresham? Call the lawyers at DuBois Law Group at (503) 222-4411 for a FREE consultation.","breadcrumb":{"@id":"https:\/\/pdxinjurylaw.com\/gresham-catastrophic-injury-attorney\/#breadcrumb"},"inLanguage":"es","potentialAction":[{"@type":"ReadAction","target":["https:\/\/pdxinjurylaw.com\/gresham-catastrophic-injury-attorney\/"]}]},{"@type":"BreadcrumbList","@id":"https:\/\/pdxinjurylaw.com\/gresham-catastrophic-injury-attorney\/#breadcrumb","itemListElement":[{"@type":"ListItem","position":1,"name":"Home","item":"https:\/\/pdxinjurylaw.com\/"},{"@type":"ListItem","position":2,"name":"Gresham Catastrophic Injury Attorney"}]},{"@type":"WebSite","@id":"https:\/\/pdxinjurylaw.com\/#website","url":"https:\/\/pdxinjurylaw.com\/","name":"PDX Ley de Lesiones","description":"","publisher":{"@id":"https:\/\/pdxinjurylaw.com\/#organization"},"potentialAction":[{"@type":"SearchAction","target":{"@type":"EntryPoint","urlTemplate":"https:\/\/pdxinjurylaw.com\/?s={search_term_string}"},"query-input":{"@type":"PropertyValueSpecification","valueRequired":true,"valueName":"search_term_string"}}],"inLanguage":"es"},{"@type":"Organization","@id":"https:\/\/pdxinjurylaw.com\/#organization","name":"PDX Ley de Lesiones","url":"https:\/\/pdxinjurylaw.com\/","logo":{"@type":"ImageObject","inLanguage":"es","@id":"https:\/\/pdxinjurylaw.com\/#\/schema\/logo\/image\/","url":"https:\/\/530710ec99.nxcli.io\/wp-content\/uploads\/2021\/06\/logo-main.png","contentUrl":"https:\/\/530710ec99.nxcli.io\/wp-content\/uploads\/2021\/06\/logo-main.png","width":368,"height":63,"caption":"PDX Injury Law"},"image":{"@id":"https:\/\/pdxinjurylaw.com\/#\/schema\/logo\/image\/"}}]}},"acf":[],"_links":{"self":[{"href":"https:\/\/pdxinjurylaw.com\/es\/wp-json\/wp\/v2\/pages\/65077","targetHints":{"allow":["GET"]}}],"collection":[{"href":"https:\/\/pdxinjurylaw.com\/es\/wp-json\/wp\/v2\/pages"}],"about":[{"href":"https:\/\/pdxinjurylaw.com\/es\/wp-json\/wp\/v2\/types\/page"}],"author":[{"embeddable":true,"href":"https:\/\/pdxinjurylaw.com\/es\/wp-json\/wp\/v2\/users\/1"}],"replies":[{"embeddable":true,"href":"https:\/\/pdxinjurylaw.com\/es\/wp-json\/wp\/v2\/comments?post=65077"}],"version-history":[{"count":0,"href":"https:\/\/pdxinjurylaw.com\/es\/wp-json\/wp\/v2\/pages\/65077\/revisions"}],"wp:attachment":[{"href":"https:\/\/pdxinjurylaw.com\/es\/wp-json\/wp\/v2\/media?parent=65077"}],"curies":[{"name":"wp","href":"https:\/\/api.w.org\/{rel}","templated":true}]}}