{"id":65064,"date":"2021-07-29T21:38:12","date_gmt":"2021-07-29T21:38:12","guid":{"rendered":"https:\/\/pdxinjurylaw.com\/?page_id=65064"},"modified":"2023-06-27T16:16:28","modified_gmt":"2023-06-27T16:16:28","slug":"portland-slip-and-fall-accident-lawyer","status":"publish","type":"page","link":"https:\/\/pdxinjurylaw.com\/es\/portland-slip-and-fall-accident-lawyer\/","title":{"rendered":"Abogado de accidentes por resbalones y ca\u00eddas en Portland"},"content":{"rendered":"<p>Los due\u00f1os de propiedades en Portland tienen que cumplir con ciertos deberes para mantener a los residentes, clientes y visitantes seguros en sus instalaciones. Estos propietarios deben mantener sus propiedades en condiciones seguras, responder a los peligros dentro de un plazo razonable de tiempo, y advertir adecuadamente a los visitantes sobre los peligros potenciales. Desafortunadamente, no todos los propietarios mantienen este deber de cuidado, lo que lleva a accidentes peligrosos por resbalones y ca\u00eddas.<\/p>\n<p>Si usted se lesiona en un accidente de resbal\u00f3n y ca\u00edda en Portland, usted puede tener motivos para una acci\u00f3n legal-y los abogados de DuBois Law Group pueden ayudar. Nuestros abogados de Portland pueden representarlo en su demanda contra un propietario negligente, ayud\u00e1ndole a recuperar la compensaci\u00f3n que merece.<\/p>\n<h2>\u00bfPor qu\u00e9 elegir un abogado de resbalones y ca\u00eddas de Portland DuBois Law Group?<\/h2>\n<ul>\n<li>Nuestra <a href=\"\/es\/portland-personal-injury-lawyer\/\">abogados de lesiones personales en Portland<\/a> tienen un s\u00f3lido historial de acuerdos y veredictos exitosos por lesiones personales. Durante nuestros a\u00f1os de operaci\u00f3n, hemos recuperado millones de d\u00f3lares en nombre de nuestros clientes, incluyendo $50 millones en un per\u00edodo de cinco a\u00f1os.<\/li>\n<li>Nuestro bufete cuenta con un departamento m\u00e9dico independiente para ayudar a nuestros clientes a recibir el tratamiento que necesitan. Nuestro personal puede solicitar historiales m\u00e9dicos, ponerle en contacto con tratamientos y recomendarle especialistas, como quiropr\u00e1cticos y cirujanos ortop\u00e9dicos.<\/li>\n<li>Nuestro bufete opera en base a honorarios de contingencia. Si no obtenemos una indemnizaci\u00f3n en su caso, no se le cobrar\u00e1n honorarios legales. Si su caso es exitoso, tomaremos un porcentaje acordado de su premio como pago-limitando sus gastos de bolsillo.<\/li>\n<\/ul>\n<h2>\u00bfQu\u00e9 da\u00f1os y perjuicios est\u00e1n disponibles para Portland resbal\u00f3n y ca\u00edda de las v\u00edctimas?<\/h2>\n<p>Los accidentes por resbalones y ca\u00eddas suelen provocar lesiones graves que requieren una atenci\u00f3n m\u00e9dica amplia y a veces prolongada, como fracturas \u00f3seas, <a href=\"\/es\/portland-spinal-cord-injury-attorney\/\">da\u00f1os en la m\u00e9dula espinal<\/a>cuello, espalda e incluso <a href=\"\/es\/practice-areas\/brain-injury\/\">lesi\u00f3n cerebral<\/a>. Como resultado, es posible que necesite semanas o meses para recuperarse, sufrir dolores graves y lidiar con el impacto emocional de la lesi\u00f3n. Si se ha producido un fallecimiento, llame a un <a href=\"\/es\/practice-areas\/wrongful-death\/\">abogado de homicidio culposo en Portland<\/a> lo antes posible.<\/p>\n<p>Sin embargo, a trav\u00e9s de una demanda por resbal\u00f3n y ca\u00edda, puede responsabilizar de estas p\u00e9rdidas a los propietarios negligentes. Puede obtener una indemnizaci\u00f3n por las p\u00e9rdidas econ\u00f3micas o financieras sufridas en el accidente. <a href=\"\/es\/practice-areas\/premises-liability\/\">Abogado de responsabilidad de locales de Portland<\/a>. Tambi\u00e9n puede obtener da\u00f1os y perjuicios por su dolor y sufrimiento no econ\u00f3micos. Da\u00f1os comunes en Portland resbal\u00f3n y ca\u00edda reclamaciones incluyen los siguientes.<\/p>\n<ul>\n<li>Gastos m\u00e9dicos pasados y futuros<\/li>\n<li>Da\u00f1os materiales<\/li>\n<li>Salarios perdidos<\/li>\n<li>P\u00e9rdida de ingresos futuros<\/li>\n<li>Dolor cr\u00f3nico<\/li>\n<li>Discapacidad<\/li>\n<li>P\u00e9rdida de calidad de vida<\/li>\n<li>Rehabilitaci\u00f3n y fisioterapia<\/li>\n<li>Trastorno de estr\u00e9s postraum\u00e1tico<\/li>\n<li>Equipos de movilidad<\/li>\n<li>Depresi\u00f3n y ansiedad<\/li>\n<li>Angustia emocional<\/li>\n<\/ul>\n<h2>\u00bfC\u00f3mo se prueba una demanda por resbal\u00f3n y ca\u00edda en Oreg\u00f3n?<\/h2>\n<p>Para probar una demanda por resbal\u00f3n y ca\u00edda en Portland, usted necesitar\u00e1 proporcionar suficiente evidencia para establecer la negligencia del due\u00f1o de la propiedad por el accidente. Espec\u00edficamente, usted y su abogado tendr\u00e1n que establecer cuatro hechos espec\u00edficos.<\/p>\n<ul>\n<li>El propietario ten\u00eda la obligaci\u00f3n de mantener unas instalaciones seguras, responder a los peligros en un plazo razonable y advertirle adecuadamente de los peligros existentes en la propiedad.<\/li>\n<li>El propietario incumpli\u00f3 su deber de diligencia por negligencia u omisi\u00f3n.<\/li>\n<li>El incumplimiento del deber caus\u00f3 su accidente por resbal\u00f3n y ca\u00edda y las lesiones resultantes.<\/li>\n<li>Usted sufri\u00f3 da\u00f1os en el accidente de resbal\u00f3n y ca\u00edda que puede cobrar en su demanda.<\/li>\n<\/ul>\n<p>Por ejemplo, supongamos que usted est\u00e1 en una tienda de comestibles. Una hora antes, a un cliente se le ha ca\u00eddo una botella de agua al suelo, creando una superficie resbaladiza. El propietario del supermercado pas\u00f3 por delante del vertido varias veces y no coloc\u00f3 una se\u00f1al de suelo mojado en la zona. Usted resbala y cae sobre el vertido mientras camina por la tienda, lo que le provoca una fractura de brazo y una contusi\u00f3n en el coxis.<\/p>\n<p>En esta situaci\u00f3n, el propietario de la tienda de comestibles ten\u00eda la obligaci\u00f3n de advertir a los visitantes del derrame o limpiarlo, ya que pod\u00eda suponer un peligro de ca\u00edda. Dado que el propietario hab\u00eda pasado por delante del vertido varias veces en el plazo de una hora y no lo limpi\u00f3 ni coloc\u00f3 una se\u00f1al de advertencia, incumpli\u00f3 su deber de diligencia. Su accidente no se habr\u00eda producido si el propietario hubiera cumplido con su deber de diligencia, lo que le ayuda a establecer la causalidad.<\/p>\n<p>Puede utilizar m\u00faltiples pruebas para demostrar cada uno de estos elementos y su derecho a la indemnizaci\u00f3n. Por ejemplo, las grabaciones de vigilancia, el testimonio de testigos y las fotograf\u00edas pueden demostrar el incumplimiento de la diligencia y la causalidad. Para demostrar el alcance de sus da\u00f1os, puede utilizar los registros m\u00e9dicos, facturas, recibos de pago, entradas de diario, etc, y presentarlos a su abogado de lesiones personales de Portland para su evaluaci\u00f3n.<\/p>\n<h2>\u00bfC\u00f3mo afecta la negligencia comparativa a las demandas por resbalones y ca\u00eddas en Portland?<\/h2>\n<p>Aunque usted aporte pruebas suficientes para establecer la responsabilidad del propietario, \u00e9ste puede alegar que usted es parcialmente responsable del accidente. Puede alegar que usted no miraba por donde caminaba y que una persona normal habr\u00eda podido evitar el peligro. El propietario tambi\u00e9n puede alegar que usted llevaba un calzado inadecuado, que se hizo da\u00f1o intencionadamente o que invadi\u00f3 su propiedad.<\/p>\n<p>Si el tribunal o la compa\u00f1\u00eda de seguros aceptan estas reclamaciones, pueden utilizar esta informaci\u00f3n como justificaci\u00f3n para denegar su indemnizaci\u00f3n. En un juicio, el tribunal puede aplicar las normas de negligencia comparativa de Oreg\u00f3n, que reducen su indemnizaci\u00f3n en funci\u00f3n del porcentaje de responsabilidad que supuestamente comparte. Si usted es responsable del accidente en m\u00e1s de un 50%, el tribunal puede prohibirle recibir indemnizaci\u00f3n alguna.<\/p>\n<p>Supongamos que te resbalas con una botella de agua en el supermercado, pero el propietario alega que estabas mirando el m\u00f3vil en el momento del accidente y deber\u00edas haberte dado cuenta del derrame. El tribunal te asigna el 20% de la responsabilidad. Si pides $40.000 de indemnizaci\u00f3n, s\u00f3lo podr\u00e1s recuperar $32.000.<\/p>\n<p>En estas situaciones, es importante contar con un abogado de lesiones por resbal\u00f3n y ca\u00edda de pensamiento r\u00e1pido que puede abogar por su derecho a una indemnizaci\u00f3n y protegerlo contra las acusaciones de culpa compartida. Tan pronto como sea posible despu\u00e9s de su accidente de resbal\u00f3n y ca\u00edda, hable con un abogado de DuBois Law Group para discutir sus opciones legales.<\/p>\n<h2>P\u00f3ngase en contacto con un abogado de resbalones y ca\u00eddas de Portland DuBois Law Group<\/h2>\n<p>Si usted se lesiona en un accidente de resbal\u00f3n y ca\u00edda en Portland, usted puede tener motivos para una acci\u00f3n legal. En estas situaciones, conf\u00ede en los profesionales de DuBois Law Group para luchar por su derecho a la compensaci\u00f3n m\u00e1xima y asegurar el resultado que se merece. <a href=\"\/es\/contact-us\/\">P\u00f3ngase en contacto con nosotros<\/a> para programar una consulta gratuita y obtener m\u00e1s informaci\u00f3n sobre sus pr\u00f3ximos pasos con uno de nuestros abogados especialistas. (503) 222-4411<\/p>","protected":false},"excerpt":{"rendered":"<p>Portland property owners have to uphold certain duties to keep residents, patrons, and visitors safe on their premises. These owners must keep their properties in a safe condition, respond to hazards within a reasonable amount of time, and adequately warn visitors about potential dangers. Unfortunately, not all owners uphold this duty of care\u2014leading to dangerous&#8230; <a class=\"fancy_link\" href=\"https:\/\/pdxinjurylaw.com\/es\/portland-slip-and-fall-accident-lawyer\/\">leer m\u00e1s<\/a><\/p>","protected":false},"author":1,"featured_media":0,"parent":0,"menu_order":0,"comment_status":"closed","ping_status":"closed","template":"","meta":{"footnotes":"","_content_optimizer_report_url":"","_content_optimizer_report_added":"","_content_optimizer_keyword_hide_used":false,"_content_optimizer_keyword_hide_above_average":false,"_content_optimizer_entities_hide_used":false,"_content_optimizer_entities_hide_above_average":false,"_content_optimizer_headings_hide_used":false,"_content_optimizer_questions_hide_used":false,"_content_optimizer_tab_active":"","_content_optimizer_report_url_ce":"","_content_optimizer_report_added_ce":"","_content_optimizer_keyword_hide_used_ce":false,"_content_optimizer_keyword_hide_above_average_ce":false,"_content_optimizer_entities_hide_used_ce":false,"_content_optimizer_entities_hide_above_average_ce":false,"_content_optimizer_headings_hide_used_ce":false,"_content_optimizer_questions_hide_used_ce":false,"_content_optimizer_tab_active_ce":""},"class_list":["post-65064","page","type-page","status-publish","hentry"],"yoast_head":"<!-- This site is optimized with the Yoast SEO plugin v27.4 - https:\/\/yoast.com\/product\/yoast-seo-wordpress\/ -->\n<title>Portland Slip And Fall Accident Attorney<\/title>\n<meta name=\"description\" content=\"If you or someone you know was injured in a slip and fall accident in Portland, contact us for a FREE consultation! (503)-486-3697\" \/>\n<meta name=\"robots\" content=\"index, follow, max-snippet:-1, max-image-preview:large, max-video-preview:-1\" \/>\n<link rel=\"canonical\" href=\"https:\/\/pdxinjurylaw.com\/es\/portland-slip-and-fall-accident-lawyer\/\" \/>\n<meta property=\"og:locale\" content=\"es_MX\" \/>\n<meta property=\"og:type\" content=\"article\" \/>\n<meta property=\"og:title\" content=\"Portland Slip And Fall Accident Attorney\" \/>\n<meta property=\"og:description\" content=\"If you or someone you know was injured in a slip and fall accident in Portland, contact us for a FREE consultation! (503)-486-3697\" \/>\n<meta property=\"og:url\" content=\"https:\/\/pdxinjurylaw.com\/es\/portland-slip-and-fall-accident-lawyer\/\" \/>\n<meta property=\"og:site_name\" content=\"PDX Injury Law\" \/>\n<meta property=\"article:modified_time\" content=\"2023-06-27T16:16:28+00:00\" \/>\n<meta name=\"twitter:card\" content=\"summary_large_image\" \/>\n<meta name=\"twitter:label1\" content=\"Tiempo de lectura\" \/>\n\t<meta name=\"twitter:data1\" content=\"5 minutos\" \/>\n<script type=\"application\/ld+json\" class=\"yoast-schema-graph\">{\"@context\":\"https:\\\/\\\/schema.org\",\"@graph\":[{\"@type\":\"WebPage\",\"@id\":\"https:\\\/\\\/pdxinjurylaw.com\\\/portland-slip-and-fall-accident-lawyer\\\/\",\"url\":\"https:\\\/\\\/pdxinjurylaw.com\\\/portland-slip-and-fall-accident-lawyer\\\/\",\"name\":\"Portland Slip And Fall Accident Attorney\",\"isPartOf\":{\"@id\":\"https:\\\/\\\/pdxinjurylaw.com\\\/#website\"},\"datePublished\":\"2021-07-29T21:38:12+00:00\",\"dateModified\":\"2023-06-27T16:16:28+00:00\",\"description\":\"If you or someone you know was injured in a slip and fall accident in Portland, contact us for a FREE consultation! (503)-486-3697\",\"breadcrumb\":{\"@id\":\"https:\\\/\\\/pdxinjurylaw.com\\\/portland-slip-and-fall-accident-lawyer\\\/#breadcrumb\"},\"inLanguage\":\"es\",\"potentialAction\":[{\"@type\":\"ReadAction\",\"target\":[\"https:\\\/\\\/pdxinjurylaw.com\\\/portland-slip-and-fall-accident-lawyer\\\/\"]}]},{\"@type\":\"BreadcrumbList\",\"@id\":\"https:\\\/\\\/pdxinjurylaw.com\\\/portland-slip-and-fall-accident-lawyer\\\/#breadcrumb\",\"itemListElement\":[{\"@type\":\"ListItem\",\"position\":1,\"name\":\"Home\",\"item\":\"https:\\\/\\\/pdxinjurylaw.com\\\/\"},{\"@type\":\"ListItem\",\"position\":2,\"name\":\"Portland Slip and Fall Accident Lawyer\"}]},{\"@type\":\"WebSite\",\"@id\":\"https:\\\/\\\/pdxinjurylaw.com\\\/#website\",\"url\":\"https:\\\/\\\/pdxinjurylaw.com\\\/\",\"name\":\"PDX Injury Law\",\"description\":\"\",\"publisher\":{\"@id\":\"https:\\\/\\\/pdxinjurylaw.com\\\/#organization\"},\"potentialAction\":[{\"@type\":\"SearchAction\",\"target\":{\"@type\":\"EntryPoint\",\"urlTemplate\":\"https:\\\/\\\/pdxinjurylaw.com\\\/?s={search_term_string}\"},\"query-input\":{\"@type\":\"PropertyValueSpecification\",\"valueRequired\":true,\"valueName\":\"search_term_string\"}}],\"inLanguage\":\"es\"},{\"@type\":\"Organization\",\"@id\":\"https:\\\/\\\/pdxinjurylaw.com\\\/#organization\",\"name\":\"PDX Injury Law\",\"url\":\"https:\\\/\\\/pdxinjurylaw.com\\\/\",\"logo\":{\"@type\":\"ImageObject\",\"inLanguage\":\"es\",\"@id\":\"https:\\\/\\\/pdxinjurylaw.com\\\/#\\\/schema\\\/logo\\\/image\\\/\",\"url\":\"https:\\\/\\\/530710ec99.nxcli.io\\\/wp-content\\\/uploads\\\/2021\\\/06\\\/logo-main.png\",\"contentUrl\":\"https:\\\/\\\/530710ec99.nxcli.io\\\/wp-content\\\/uploads\\\/2021\\\/06\\\/logo-main.png\",\"width\":368,\"height\":63,\"caption\":\"PDX Injury Law\"},\"image\":{\"@id\":\"https:\\\/\\\/pdxinjurylaw.com\\\/#\\\/schema\\\/logo\\\/image\\\/\"}}]}<\/script>\n<!-- \/ Yoast SEO plugin. -->","yoast_head_json":{"title":"Portland Slip And Fall Accident Attorney","description":"If you or someone you know was injured in a slip and fall accident in Portland, contact us for a FREE consultation! (503)-486-3697","robots":{"index":"index","follow":"follow","max-snippet":"max-snippet:-1","max-image-preview":"max-image-preview:large","max-video-preview":"max-video-preview:-1"},"canonical":"https:\/\/pdxinjurylaw.com\/es\/portland-slip-and-fall-accident-lawyer\/","og_locale":"es_MX","og_type":"article","og_title":"Portland Slip And Fall Accident Attorney","og_description":"If you or someone you know was injured in a slip and fall accident in Portland, contact us for a FREE consultation! (503)-486-3697","og_url":"https:\/\/pdxinjurylaw.com\/es\/portland-slip-and-fall-accident-lawyer\/","og_site_name":"PDX Injury Law","article_modified_time":"2023-06-27T16:16:28+00:00","twitter_card":"summary_large_image","twitter_misc":{"Tiempo de lectura":"5 minutos"},"schema":{"@context":"https:\/\/schema.org","@graph":[{"@type":"WebPage","@id":"https:\/\/pdxinjurylaw.com\/portland-slip-and-fall-accident-lawyer\/","url":"https:\/\/pdxinjurylaw.com\/portland-slip-and-fall-accident-lawyer\/","name":"Portland Slip And Fall Accident Attorney","isPartOf":{"@id":"https:\/\/pdxinjurylaw.com\/#website"},"datePublished":"2021-07-29T21:38:12+00:00","dateModified":"2023-06-27T16:16:28+00:00","description":"If you or someone you know was injured in a slip and fall accident in Portland, contact us for a FREE consultation! (503)-486-3697","breadcrumb":{"@id":"https:\/\/pdxinjurylaw.com\/portland-slip-and-fall-accident-lawyer\/#breadcrumb"},"inLanguage":"es","potentialAction":[{"@type":"ReadAction","target":["https:\/\/pdxinjurylaw.com\/portland-slip-and-fall-accident-lawyer\/"]}]},{"@type":"BreadcrumbList","@id":"https:\/\/pdxinjurylaw.com\/portland-slip-and-fall-accident-lawyer\/#breadcrumb","itemListElement":[{"@type":"ListItem","position":1,"name":"Home","item":"https:\/\/pdxinjurylaw.com\/"},{"@type":"ListItem","position":2,"name":"Portland Slip and Fall Accident Lawyer"}]},{"@type":"WebSite","@id":"https:\/\/pdxinjurylaw.com\/#website","url":"https:\/\/pdxinjurylaw.com\/","name":"PDX Ley de Lesiones","description":"","publisher":{"@id":"https:\/\/pdxinjurylaw.com\/#organization"},"potentialAction":[{"@type":"SearchAction","target":{"@type":"EntryPoint","urlTemplate":"https:\/\/pdxinjurylaw.com\/?s={search_term_string}"},"query-input":{"@type":"PropertyValueSpecification","valueRequired":true,"valueName":"search_term_string"}}],"inLanguage":"es"},{"@type":"Organization","@id":"https:\/\/pdxinjurylaw.com\/#organization","name":"PDX Ley de Lesiones","url":"https:\/\/pdxinjurylaw.com\/","logo":{"@type":"ImageObject","inLanguage":"es","@id":"https:\/\/pdxinjurylaw.com\/#\/schema\/logo\/image\/","url":"https:\/\/530710ec99.nxcli.io\/wp-content\/uploads\/2021\/06\/logo-main.png","contentUrl":"https:\/\/530710ec99.nxcli.io\/wp-content\/uploads\/2021\/06\/logo-main.png","width":368,"height":63,"caption":"PDX Injury Law"},"image":{"@id":"https:\/\/pdxinjurylaw.com\/#\/schema\/logo\/image\/"}}]}},"acf":[],"_links":{"self":[{"href":"https:\/\/pdxinjurylaw.com\/es\/wp-json\/wp\/v2\/pages\/65064","targetHints":{"allow":["GET"]}}],"collection":[{"href":"https:\/\/pdxinjurylaw.com\/es\/wp-json\/wp\/v2\/pages"}],"about":[{"href":"https:\/\/pdxinjurylaw.com\/es\/wp-json\/wp\/v2\/types\/page"}],"author":[{"embeddable":true,"href":"https:\/\/pdxinjurylaw.com\/es\/wp-json\/wp\/v2\/users\/1"}],"replies":[{"embeddable":true,"href":"https:\/\/pdxinjurylaw.com\/es\/wp-json\/wp\/v2\/comments?post=65064"}],"version-history":[{"count":4,"href":"https:\/\/pdxinjurylaw.com\/es\/wp-json\/wp\/v2\/pages\/65064\/revisions"}],"predecessor-version":[{"id":67284,"href":"https:\/\/pdxinjurylaw.com\/es\/wp-json\/wp\/v2\/pages\/65064\/revisions\/67284"}],"wp:attachment":[{"href":"https:\/\/pdxinjurylaw.com\/es\/wp-json\/wp\/v2\/media?parent=65064"}],"curies":[{"name":"wp","href":"https:\/\/api.w.org\/{rel}","templated":true}]}}