{"id":65060,"date":"2021-07-29T21:36:58","date_gmt":"2021-07-29T21:36:58","guid":{"rendered":"https:\/\/pdxinjurylaw.com\/?page_id=65060"},"modified":"2023-06-27T14:52:54","modified_gmt":"2023-06-27T14:52:54","slug":"portland-burn-injury-lawyer","status":"publish","type":"page","link":"https:\/\/pdxinjurylaw.com\/es\/portland-burn-injury-lawyer\/","title":{"rendered":"Abogado de lesiones por quemaduras Portland"},"content":{"rendered":"<p>Una lesi\u00f3n por quemadura es una de las formas m\u00e1s graves de da\u00f1o que puede sufrir, lo que lleva a un dolor intenso, tratamiento m\u00e9dico extenso, y el trauma emocional. Si usted desarroll\u00f3 una lesi\u00f3n por quemadura debido a la negligencia de otra persona, usted podr\u00eda presentar una demanda o reclamaci\u00f3n de seguro en contra de \u00e9l o ella-y los abogados de lesiones por quemadura de Portland en DuBois Law Group pueden ayudar. Durante a\u00f1os, hemos ayudado a miles de residentes de Oregon asegurar la compensaci\u00f3n que se merecen, y podemos luchar por su derecho a la m\u00e1xima recuperaci\u00f3n.<\/p>\n<h2>\u00bfPor qu\u00e9 elegir un abogado de lesiones cerebrales de Portland DuBois Law Group?<\/h2>\n<ul>\n<li>Navegar por una demanda o reclamaci\u00f3n al seguro puede ser dif\u00edcil despu\u00e9s de una lesi\u00f3n por quemadura. Nuestro <a href=\"\/es\/portland-personal-injury-lawyer\/\">Portland abogados de lesiones personales<\/a> se encargar\u00e1 de cada aspecto de su caso para que usted pueda centrarse en curarse.<\/li>\n<li>Nuestro bufete opera sobre la base de honorarios condicionales: si no conseguimos una indemnizaci\u00f3n en su caso, usted no paga honorarios legales.<\/li>\n<li>Nuestro bufete adopta un papel proactivo en la salud de nuestros clientes a trav\u00e9s de nuestro departamento m\u00e9dico. Nuestro personal le ayudar\u00e1 a ponerse en contacto con especialistas que pueden proporcionarle el tratamiento que necesita.<\/li>\n<\/ul>\n<h2>\u00bfEn qu\u00e9 tipos de lesiones por quemaduras podemos ayudar nuestros abogados?<\/h2>\n<p>Existen muchos tipos diferentes de quemaduras en funci\u00f3n de la causa de la lesi\u00f3n:<\/p>\n<ul>\n<li><strong>Quemaduras qu\u00edmicas: <\/strong>Se producen cuando la piel entra en contacto con \u00e1cidos y bases fuertes, como el \u00e1cido sulf\u00farico o los alcaloides.<\/li>\n<li><strong>Quemaduras el\u00e9ctricas: <\/strong>Ocurren cuando una corriente el\u00e9ctrica fluye por el cuerpo de una persona.<\/li>\n<li><strong>Quemaduras por inhalaci\u00f3n: <\/strong>Se produce cuando una persona respira humo o gases durante un incendio.<\/li>\n<li><strong>Quemaduras por radiaci\u00f3n (ultravioleta): <\/strong>Se producen cuando una persona tiene una exposici\u00f3n prolongada a los rayos ultravioleta del sol. Estas quemaduras tambi\u00e9n pueden ser consecuencia del uso de una cama bronceadora.<\/li>\n<li><strong>Quemaduras t\u00e9rmicas\/de contacto: <\/strong>Se produce cuando el cuerpo de una persona entra en contacto con un objeto muy caliente, como metal caliente, vapor, l\u00edquidos hirvientes o llamas.<\/li>\n<\/ul>\n<p>Adem\u00e1s, las lesiones por quemaduras se clasifican en tres categor\u00edas: quemaduras de primer, segundo y tercer grado.<\/p>\n<h3><strong>Una quemadura de primer grado: <\/strong><\/h3>\n<p>Afecta a la capa superior de la piel, como las quemaduras solares. Los signos de una quemadura de primer grado son enrojecimiento, dolor al tacto e hinchaz\u00f3n leve. El tratamiento de este tipo de quemadura es bastante sencillo. Las v\u00edctimas de quemaduras de primer grado deben aplicar una compresa h\u00fameda y fr\u00eda en la zona o sumergirla en agua fr\u00eda hasta que deje de doler. A continuaci\u00f3n, cubra la zona quemada con un vendaje o pa\u00f1o limpio, est\u00e9ril y no adhesivo. Debe\u00a0<em>no<\/em>\u00a0Aplicar pomadas en la lesi\u00f3n por quemadura, ya que podr\u00edan provocar una infecci\u00f3n. Si siente dolor o la zona est\u00e1 inflamada, es probable que estos s\u00edntomas puedan tratarse con analg\u00e9sicos de venta libre. No suele ser necesario ning\u00fan tratamiento adicional.<\/p>\n<h3><strong>Una quemadura de segundo grado: <\/strong><\/h3>\n<p>Afecta a las dos primeras capas de la piel. Los indicios de una quemadura de segundo grado son un enrojecimiento profundo de la zona, ampollas, un aspecto brillante por la p\u00e9rdida de l\u00edquido corporal y la posible p\u00e9rdida de piel. Para tratar una quemadura de segundo grado, debe aplicar una compresa fr\u00eda en la zona o sumergirla en agua fr\u00eda durante 10 a 15 minutos. S\u00e9quela y cubra la quemadura con una gasa est\u00e9ril. Debe\u00a0<em>no<\/em>\u00a0rompa las ampollas que se hayan formado o aplique una pomada sobre la lesi\u00f3n. Deber\u00e1 elevar los brazos o piernas quemados. Para evitar el shock, una v\u00edctima de quemaduras de segundo grado deber\u00e1 estar tumbada con los pies elevados a unos 30 cm de altura. Deber\u00e1 cubrirse con un abrigo o manta y buscar atenci\u00f3n m\u00e9dica inmediatamente.<\/p>\n<h3>A\u00a0<strong>quemadura de tercer grado: <\/strong><\/h3>\n<p>Rompe todo el grosor de la piel y destruye permanentemente el tejido. Se trata de una quemadura grave en Oreg\u00f3n y provoca la p\u00e9rdida de varias capas de piel. La piel puede ser indolora a menos que haya secciones cercanas de quemaduras de primer y segundo grado, que ser\u00e1n dolorosas. La piel puede ser correosa y seca, y aparecer\u00e1 quemada, y puede tener parches que son de color marr\u00f3n, blanco o negro. Para tratar una quemadura de tercer grado, cubra ligeramente la zona con un pa\u00f1o limpio o una gasa est\u00e9ril. Al igual que con las quemaduras de segundo grado, haga lo siguiente <em>no<\/em>\u00a0Aplique pomadas en la herida y tumbe a la v\u00edctima con los pies elevados a una altura de 30 cm para evitar el shock. Si la cara est\u00e1 muy quemada, hay que sentar a la v\u00edctima y vigilarla de cerca por si tiene problemas respiratorios. Cualquier persona que haya sufrido una quemadura de tercer grado necesitar\u00e1 atenci\u00f3n m\u00e9dica inmediata.<\/p>\n<h2>\u00bfCu\u00e1les son las causas m\u00e1s comunes de las quemaduras?<\/h2>\n<p>Seg\u00fan la <a href=\"https:\/\/ameriburn.org\/who-we-are\/media\/burn-incidence-fact-sheet\/\" target=\"_blank\" rel=\"noopener\">Asociaci\u00f3n Americana de Quemaduras<\/a>Cada a\u00f1o, unas 486.000 personas necesitan recibir tratamiento m\u00e9dico por quemaduras en Estados Unidos. Estas lesiones pueden producirse por varios motivos, como el contacto con l\u00edquidos calientes, llamas abiertas, cableado el\u00e9ctrico defectuoso y sustancias qu\u00edmicas corrosivas peligrosas.<\/p>\n<p>En muchos casos, las lesiones por quemaduras se producen en el transcurso de accidentes graves causados por otra persona. Algunas de las causas m\u00e1s comunes de lesiones por quemaduras son las siguientes.<\/p>\n<ul>\n<li><strong>Accidentes de tr\u00e1fico:<\/strong> La gasolina de los veh\u00edculos podr\u00eda inflamarse, provocando incendios que quemar\u00edan a los ocupantes del interior (visite nuestra <a href=\"\/es\/practice-areas\/portland-car-accident-lawyers\/\">Portland abogado de accidente de coche<\/a> p\u00e1gina)<\/li>\n<li><strong>Productos defectuosos:<\/strong> Algunos productos pueden sobrecalentarse, producir chispas e incendiarse, provocando quemaduras graves. (Consulte nuestra <a href=\"\/es\/practice-areas\/products-liability\/\">Portland abogado de responsabilidad por productos defectuosos<\/a> p\u00e1gina)<\/li>\n<li><strong>Explosiones de gas:<\/strong> Las construcciones negligentes y las deficientes normas de seguridad en el lugar de trabajo pueden provocar peligrosas explosiones que queman a los empleados y a los residentes cercanos.<\/li>\n<li><strong>Incendios de casas, apartamentos y hoteles:<\/strong> Los incendios de estructuras pueden provocar lesiones graves y muertes devastadoras, sobre todo si no se cumplen determinadas normas de seguridad.<\/li>\n<\/ul>\n<h2>\u00bfCu\u00e1les son las opciones legales para las v\u00edctimas de quemaduras en Portland?<\/h2>\n<p>Si usted sufre una lesi\u00f3n por quemadura en Portland, puede tener derecho a emprender acciones legales contra ciertas partes. Sus opciones legales variar\u00e1n en funci\u00f3n de la causa de su quemadura y qui\u00e9n puede ser responsable del accidente.<\/p>\n<ul>\n<li>Si sufre quemaduras en un accidente de tr\u00e1fico, puede presentar una reclamaci\u00f3n al seguro o una demanda contra el conductor culpable.<\/li>\n<li>Si se lesiona debido a un producto defectuoso, puede presentar una demanda de responsabilidad por productos defectuosos contra el fabricante, distribuidor o minorista.<\/li>\n<li>Si su lesi\u00f3n por quemadura se produce debido a un incendio estructural o debido a un peligro en la propiedad de otra persona, el propietario, due\u00f1o de la propiedad, o due\u00f1o del hotel podr\u00eda ser considerado responsable a trav\u00e9s de una demanda o reclamaci\u00f3n al seguro. En tal caso, p\u00f3ngase en contacto con un <a href=\"\/es\/practice-areas\/premises-liability\/\">Abogado de responsabilidad de locales de Portland.\u00a0<\/a><\/li>\n<li>Si usted sufre una lesi\u00f3n por quemadura en el desempe\u00f1o de sus funciones laborales, podr\u00eda presentar una reclamaci\u00f3n de indemnizaci\u00f3n por accidente de trabajo con independencia de la culpa o negligencia.<\/li>\n<li>Si la lesi\u00f3n se produjo debido a una explosi\u00f3n de gas, exposici\u00f3n a sustancias qu\u00edmicas o electrocuci\u00f3n causada por la negligencia de otra persona, la parte negligente podr\u00eda ser considerada responsable mediante una demanda.<\/li>\n<\/ul>\n<h2>P\u00f3ngase en contacto con un abogado de lesiones por quemaduras de Portland DuBois Law Group Hoy<\/h2>\n<p>Si usted es v\u00edctima de una lesi\u00f3n por quemadura en Oregon, puede tener motivos para una compensaci\u00f3n financiera. En estas situaciones, los abogados de lesiones por quemaduras de Portland en DuBois Law Group pueden luchar por su derecho a la m\u00e1xima recuperaci\u00f3n. <a href=\"\/es\/contact-us\/\">P\u00f3ngase en contacto con nosotros<\/a> para programar su consulta gratuita e identificar su camino \u00f3ptimo a seguir. (503) 222-4411<\/p>","protected":false},"excerpt":{"rendered":"<p>A burn injury is one of the most serious forms of damage you can sustain, leading to severe pain, extensive medical treatment, and emotional trauma. If you developed a burn injury due to the negligence of another person, you could file a lawsuit or insurance claim against him or her\u2014and the Portland burn injury lawyers&#8230; <a class=\"fancy_link\" href=\"https:\/\/pdxinjurylaw.com\/es\/portland-burn-injury-lawyer\/\">leer m\u00e1s<\/a><\/p>","protected":false},"author":1,"featured_media":0,"parent":0,"menu_order":0,"comment_status":"closed","ping_status":"closed","template":"","meta":{"footnotes":"","_content_optimizer_report_url":"","_content_optimizer_report_added":"","_content_optimizer_keyword_hide_used":false,"_content_optimizer_keyword_hide_above_average":false,"_content_optimizer_entities_hide_used":false,"_content_optimizer_entities_hide_above_average":false,"_content_optimizer_headings_hide_used":false,"_content_optimizer_questions_hide_used":false,"_content_optimizer_tab_active":"","_content_optimizer_report_url_ce":"","_content_optimizer_report_added_ce":"","_content_optimizer_keyword_hide_used_ce":false,"_content_optimizer_keyword_hide_above_average_ce":false,"_content_optimizer_entities_hide_used_ce":false,"_content_optimizer_entities_hide_above_average_ce":false,"_content_optimizer_headings_hide_used_ce":false,"_content_optimizer_questions_hide_used_ce":false,"_content_optimizer_tab_active_ce":""},"class_list":["post-65060","page","type-page","status-publish","hentry"],"yoast_head":"<!-- This site is optimized with the Yoast SEO plugin v27.4 - https:\/\/yoast.com\/product\/yoast-seo-wordpress\/ -->\n<title>Portland Burn Injury Lawyer<\/title>\n<meta name=\"description\" content=\"Have you or a loved one been the victim of a burn injury in Portland? You may be eligible for compensation. Call for a FREE consultation! (503) 222-4411\" \/>\n<meta name=\"robots\" content=\"index, follow, max-snippet:-1, max-image-preview:large, max-video-preview:-1\" \/>\n<link rel=\"canonical\" href=\"https:\/\/pdxinjurylaw.com\/es\/portland-burn-injury-lawyer\/\" \/>\n<meta property=\"og:locale\" content=\"es_MX\" \/>\n<meta property=\"og:type\" content=\"article\" \/>\n<meta property=\"og:title\" content=\"Portland Burn Injury Lawyer\" \/>\n<meta property=\"og:description\" content=\"Have you or a loved one been the victim of a burn injury in Portland? You may be eligible for compensation. Call for a FREE consultation! (503) 222-4411\" \/>\n<meta property=\"og:url\" content=\"https:\/\/pdxinjurylaw.com\/es\/portland-burn-injury-lawyer\/\" \/>\n<meta property=\"og:site_name\" content=\"PDX Injury Law\" \/>\n<meta property=\"article:modified_time\" content=\"2023-06-27T14:52:54+00:00\" \/>\n<meta name=\"twitter:card\" content=\"summary_large_image\" \/>\n<meta name=\"twitter:label1\" content=\"Tiempo de lectura\" \/>\n\t<meta name=\"twitter:data1\" content=\"5 minutos\" \/>\n<script type=\"application\/ld+json\" class=\"yoast-schema-graph\">{\"@context\":\"https:\\\/\\\/schema.org\",\"@graph\":[{\"@type\":\"WebPage\",\"@id\":\"https:\\\/\\\/pdxinjurylaw.com\\\/portland-burn-injury-lawyer\\\/\",\"url\":\"https:\\\/\\\/pdxinjurylaw.com\\\/portland-burn-injury-lawyer\\\/\",\"name\":\"Portland Burn Injury Lawyer\",\"isPartOf\":{\"@id\":\"https:\\\/\\\/pdxinjurylaw.com\\\/#website\"},\"datePublished\":\"2021-07-29T21:36:58+00:00\",\"dateModified\":\"2023-06-27T14:52:54+00:00\",\"description\":\"Have you or a loved one been the victim of a burn injury in Portland? You may be eligible for compensation. Call for a FREE consultation! (503) 222-4411\",\"breadcrumb\":{\"@id\":\"https:\\\/\\\/pdxinjurylaw.com\\\/portland-burn-injury-lawyer\\\/#breadcrumb\"},\"inLanguage\":\"es\",\"potentialAction\":[{\"@type\":\"ReadAction\",\"target\":[\"https:\\\/\\\/pdxinjurylaw.com\\\/portland-burn-injury-lawyer\\\/\"]}]},{\"@type\":\"BreadcrumbList\",\"@id\":\"https:\\\/\\\/pdxinjurylaw.com\\\/portland-burn-injury-lawyer\\\/#breadcrumb\",\"itemListElement\":[{\"@type\":\"ListItem\",\"position\":1,\"name\":\"Home\",\"item\":\"https:\\\/\\\/pdxinjurylaw.com\\\/\"},{\"@type\":\"ListItem\",\"position\":2,\"name\":\"Portland Burn Injury Attorney\"}]},{\"@type\":\"WebSite\",\"@id\":\"https:\\\/\\\/pdxinjurylaw.com\\\/#website\",\"url\":\"https:\\\/\\\/pdxinjurylaw.com\\\/\",\"name\":\"PDX Injury Law\",\"description\":\"\",\"publisher\":{\"@id\":\"https:\\\/\\\/pdxinjurylaw.com\\\/#organization\"},\"potentialAction\":[{\"@type\":\"SearchAction\",\"target\":{\"@type\":\"EntryPoint\",\"urlTemplate\":\"https:\\\/\\\/pdxinjurylaw.com\\\/?s={search_term_string}\"},\"query-input\":{\"@type\":\"PropertyValueSpecification\",\"valueRequired\":true,\"valueName\":\"search_term_string\"}}],\"inLanguage\":\"es\"},{\"@type\":\"Organization\",\"@id\":\"https:\\\/\\\/pdxinjurylaw.com\\\/#organization\",\"name\":\"PDX Injury Law\",\"url\":\"https:\\\/\\\/pdxinjurylaw.com\\\/\",\"logo\":{\"@type\":\"ImageObject\",\"inLanguage\":\"es\",\"@id\":\"https:\\\/\\\/pdxinjurylaw.com\\\/#\\\/schema\\\/logo\\\/image\\\/\",\"url\":\"https:\\\/\\\/530710ec99.nxcli.io\\\/wp-content\\\/uploads\\\/2021\\\/06\\\/logo-main.png\",\"contentUrl\":\"https:\\\/\\\/530710ec99.nxcli.io\\\/wp-content\\\/uploads\\\/2021\\\/06\\\/logo-main.png\",\"width\":368,\"height\":63,\"caption\":\"PDX Injury Law\"},\"image\":{\"@id\":\"https:\\\/\\\/pdxinjurylaw.com\\\/#\\\/schema\\\/logo\\\/image\\\/\"}}]}<\/script>\n<!-- \/ Yoast SEO plugin. -->","yoast_head_json":{"title":"Portland Burn Injury Lawyer","description":"Have you or a loved one been the victim of a burn injury in Portland? You may be eligible for compensation. Call for a FREE consultation! (503) 222-4411","robots":{"index":"index","follow":"follow","max-snippet":"max-snippet:-1","max-image-preview":"max-image-preview:large","max-video-preview":"max-video-preview:-1"},"canonical":"https:\/\/pdxinjurylaw.com\/es\/portland-burn-injury-lawyer\/","og_locale":"es_MX","og_type":"article","og_title":"Portland Burn Injury Lawyer","og_description":"Have you or a loved one been the victim of a burn injury in Portland? You may be eligible for compensation. Call for a FREE consultation! (503) 222-4411","og_url":"https:\/\/pdxinjurylaw.com\/es\/portland-burn-injury-lawyer\/","og_site_name":"PDX Injury Law","article_modified_time":"2023-06-27T14:52:54+00:00","twitter_card":"summary_large_image","twitter_misc":{"Tiempo de lectura":"5 minutos"},"schema":{"@context":"https:\/\/schema.org","@graph":[{"@type":"WebPage","@id":"https:\/\/pdxinjurylaw.com\/portland-burn-injury-lawyer\/","url":"https:\/\/pdxinjurylaw.com\/portland-burn-injury-lawyer\/","name":"Portland Burn Injury Lawyer","isPartOf":{"@id":"https:\/\/pdxinjurylaw.com\/#website"},"datePublished":"2021-07-29T21:36:58+00:00","dateModified":"2023-06-27T14:52:54+00:00","description":"Have you or a loved one been the victim of a burn injury in Portland? You may be eligible for compensation. Call for a FREE consultation! (503) 222-4411","breadcrumb":{"@id":"https:\/\/pdxinjurylaw.com\/portland-burn-injury-lawyer\/#breadcrumb"},"inLanguage":"es","potentialAction":[{"@type":"ReadAction","target":["https:\/\/pdxinjurylaw.com\/portland-burn-injury-lawyer\/"]}]},{"@type":"BreadcrumbList","@id":"https:\/\/pdxinjurylaw.com\/portland-burn-injury-lawyer\/#breadcrumb","itemListElement":[{"@type":"ListItem","position":1,"name":"Home","item":"https:\/\/pdxinjurylaw.com\/"},{"@type":"ListItem","position":2,"name":"Portland Burn Injury Attorney"}]},{"@type":"WebSite","@id":"https:\/\/pdxinjurylaw.com\/#website","url":"https:\/\/pdxinjurylaw.com\/","name":"PDX Ley de Lesiones","description":"","publisher":{"@id":"https:\/\/pdxinjurylaw.com\/#organization"},"potentialAction":[{"@type":"SearchAction","target":{"@type":"EntryPoint","urlTemplate":"https:\/\/pdxinjurylaw.com\/?s={search_term_string}"},"query-input":{"@type":"PropertyValueSpecification","valueRequired":true,"valueName":"search_term_string"}}],"inLanguage":"es"},{"@type":"Organization","@id":"https:\/\/pdxinjurylaw.com\/#organization","name":"PDX Ley de Lesiones","url":"https:\/\/pdxinjurylaw.com\/","logo":{"@type":"ImageObject","inLanguage":"es","@id":"https:\/\/pdxinjurylaw.com\/#\/schema\/logo\/image\/","url":"https:\/\/530710ec99.nxcli.io\/wp-content\/uploads\/2021\/06\/logo-main.png","contentUrl":"https:\/\/530710ec99.nxcli.io\/wp-content\/uploads\/2021\/06\/logo-main.png","width":368,"height":63,"caption":"PDX Injury Law"},"image":{"@id":"https:\/\/pdxinjurylaw.com\/#\/schema\/logo\/image\/"}}]}},"acf":[],"_links":{"self":[{"href":"https:\/\/pdxinjurylaw.com\/es\/wp-json\/wp\/v2\/pages\/65060","targetHints":{"allow":["GET"]}}],"collection":[{"href":"https:\/\/pdxinjurylaw.com\/es\/wp-json\/wp\/v2\/pages"}],"about":[{"href":"https:\/\/pdxinjurylaw.com\/es\/wp-json\/wp\/v2\/types\/page"}],"author":[{"embeddable":true,"href":"https:\/\/pdxinjurylaw.com\/es\/wp-json\/wp\/v2\/users\/1"}],"replies":[{"embeddable":true,"href":"https:\/\/pdxinjurylaw.com\/es\/wp-json\/wp\/v2\/comments?post=65060"}],"version-history":[{"count":4,"href":"https:\/\/pdxinjurylaw.com\/es\/wp-json\/wp\/v2\/pages\/65060\/revisions"}],"predecessor-version":[{"id":67268,"href":"https:\/\/pdxinjurylaw.com\/es\/wp-json\/wp\/v2\/pages\/65060\/revisions\/67268"}],"wp:attachment":[{"href":"https:\/\/pdxinjurylaw.com\/es\/wp-json\/wp\/v2\/media?parent=65060"}],"curies":[{"name":"wp","href":"https:\/\/api.w.org\/{rel}","templated":true}]}}