{"id":65055,"date":"2026-04-01T07:35:26","date_gmt":"2026-04-01T14:35:26","guid":{"rendered":"https:\/\/pdxinjurylaw.com\/?page_id=65055"},"modified":"2026-04-21T17:05:51","modified_gmt":"2026-04-22T00:05:51","slug":"portland-uber-and-lyft-accident-attorney","status":"publish","type":"page","link":"https:\/\/pdxinjurylaw.com\/es\/portland-uber-and-lyft-accident-attorney\/","title":{"rendered":"Rideshare Attorney for Uber and Lyft Accidents"},"content":{"rendered":"<p>Empresas de transporte compartido como Uber y Lyft ofrecen una opci\u00f3n de transporte popular en el \u00e1rea de Portland. Aunque estos servicios pueden parecer seguros y asequibles, los conductores de viajes compartidos pueden estar involucrados en accidentes, lo que lleva a dificultades f\u00edsicas, emocionales y financieras para sus pasajeros. Si usted se lesiona en un accidente de Portland Uber o Lyft, usted puede tener motivos para una acci\u00f3n legal. En estas situaciones, los abogados de accidentes de Uber y Lyft en DuBois Law Group pueden ayudarle a asegurar la compensaci\u00f3n que se merece. Nuestros especialistas con sede en Portland pueden guiarlo a trav\u00e9s del proceso de reclamaciones y abogar agresivamente por su derecho a la recuperaci\u00f3n.<\/p>\n<h2>Why Choose a Portland Uber and Lyft Accident Lawyer From DuBois Law Group &#8211; PDX Injury Law?<\/h2>\n<ul>\n<li>Nuestro bufete ha ayudado a cientos de residentes de Oreg\u00f3n a obtener la indemnizaci\u00f3n que necesitan para recuperarse de sus lesiones. Hemos ganado millones de d\u00f3lares en acuerdos y veredictos del jurado durante nuestros a\u00f1os de operaci\u00f3n.<\/li>\n<li>Nuestra <a href=\"\/es\/practice-areas\/portland-car-accident-lawyers\/\">Portland abogados de accidentes de coche<\/a> tomar un peque\u00f1o n\u00famero de casos a la vez para maximizar nuestros resultados. Nuestro peque\u00f1o n\u00famero de casos nos permite ofrecer a cada cliente la dedicaci\u00f3n y la atenci\u00f3n personalizada que se merecen.<\/li>\n<li>Si necesita atenci\u00f3n m\u00e9dica especializada, nuestro bufete puede ayudarle. Disponemos de un departamento m\u00e9dico independiente con profesionales sanitarios que pueden ponerle en contacto con el tratamiento y los especialistas que necesite.<\/li>\n<\/ul>\n<h2>\u00bfQui\u00e9n es responsable de un accidente de Rideshare en Oregon?<\/h2>\n<p>Oreg\u00f3n es un<a href=\"https:\/\/www.oregon.gov\/odot\/dmv\/pages\/driverid\/accidentreport.aspx\" target=\"_blank\" rel=\"noopener\"> culpa accidente coche estado<\/a>que obliga a los conductores culpables a pagar las p\u00e9rdidas de las v\u00edctimas de los accidentes que causan. Este sistema de culpabilidad se extiende a los accidentes de coche en los que est\u00e1n implicados conductores de veh\u00edculos compartidos. Dependiendo de las circunstancias que rodean su accidente, varias partes pueden ser responsables de su colisi\u00f3n.<\/p>\n<ul>\n<li>Si el conductor del coche compartido provoca el accidente, ser\u00e1 responsable de tus da\u00f1os. Podr\u00edas presentar una reclamaci\u00f3n al seguro o una demanda contra el conductor directamente, o podr\u00edas presentar una reclamaci\u00f3n al seguro a trav\u00e9s de Uber o Lyft.<\/li>\n<li>Si usted est\u00e1 en un veh\u00edculo compartido y otro conductor causa la colisi\u00f3n, el conductor de terceros ser\u00eda responsable de sus da\u00f1os. Deber\u00edas presentar una demanda o reclamaci\u00f3n al seguro contra el conductor tercero, no contra el conductor del veh\u00edculo compartido.<\/li>\n<li>Si el accidente se debe a una pieza de autom\u00f3vil defectuosa o a un veh\u00edculo defectuoso, podr\u00edas presentar una demanda contra el fabricante, distribuidor o minorista de ese producto defectuoso.<\/li>\n<\/ul>\n<p>Es posible que se pregunte si podr\u00eda presentar una demanda contra Uber o Lyft directamente despu\u00e9s de un accidente causado por uno de sus conductores. Estas empresas consideran que los conductores de viajes compartidos son contratistas independientes, no empleados. Como resultado, la presentaci\u00f3n de una demanda contra estas empresas es poco probable que tenga \u00e9xito. Para identificar el mejor curso de acci\u00f3n para su caso, hable con un <a href=\"\/es\/portland-personal-injury-lawyer\/\">Portland abogado de lesiones personales<\/a>\u00a0en DuBois Law Group tan pronto como sea posible.<\/p>\n<p>Si eres peat\u00f3n y te ha atropellado un veh\u00edculo de transporte compartido, no dudes en llamar a nuestro <a href=\"\/es\/practice-areas\/pedestrian-accidents\/\">abogados de accidentes de peatones en Portland<\/a> para llevar su caso.<\/p>\n<h2>\u00bfCu\u00e1les son los l\u00edmites del seguro de Uber y Lyft?<\/h2>\n<p>Uber y Lyft ofrecen cobertura de seguro a los conductores y pasajeros que sufren lesiones en accidentes causados por sus conductores. Sin embargo, tendr\u00e1s que presentar primero una reclamaci\u00f3n contra el seguro privado del conductor del veh\u00edculo compartido antes de poder presentar una reclamaci\u00f3n contra la p\u00f3liza de la empresa. Muchas p\u00f3lizas de seguros individuales no ofrecen indemnizaci\u00f3n mientras un conductor est\u00e1 utilizando su veh\u00edculo con fines comerciales, por lo que su reclamaci\u00f3n puede ser denegada.<\/p>\n<p>Si la compa\u00f1\u00eda del conductor deniega tu reclamaci\u00f3n o no recibes una indemnizaci\u00f3n adecuada, puedes presentar una reclamaci\u00f3n contra Uber o Lyft. Estas empresas ofrecen una cobertura similar en funci\u00f3n de cu\u00e1ndo se produjo el accidente.<\/p>\n<ul>\n<li>Si el conductor no estaba registrado en la aplicaci\u00f3n de Uber o Lyft, la empresa no le proporcionar\u00e1 cobertura. En este caso, deber\u00edas poder reclamar al seguro privado del conductor.<\/li>\n<li>Si el conductor ha iniciado sesi\u00f3n en la aplicaci\u00f3n de Uber o Lyft pero no ha aceptado una solicitud de viaje, la empresa le proporcionar\u00e1 una cobertura de hasta $50.000 por persona, $100.000 de responsabilidad civil total y $25.000 por da\u00f1os materiales.<\/li>\n<li>Si el conductor ha aceptado una solicitud y se dirige a recoger a un pasajero, o si lleva un pasajero en el coche, la empresa le proporcionar\u00e1 una cobertura de responsabilidad civil de hasta $1 mill\u00f3n. Uber o Lyft tambi\u00e9n pueden proporcionar cobertura por da\u00f1os al veh\u00edculo del conductor de viaje compartido y cobertura por motorista no asegurado.<\/li>\n<\/ul>\n<h2>Lesiones de Portland Rideshare accidentes<\/h2>\n<h3>Whiplash:<\/h3>\n<p>El latigazo cervical es una lesi\u00f3n frecuente provocada por el movimiento brusco hacia delante y hacia atr\u00e1s de la cabeza y el cuello, que suele producirse en colisiones por alcance.<\/p>\n<h3>Lesiones de tejidos blandos:<\/h3>\n<p>Las lesiones de tejidos blandos incluyen esguinces, distensiones y contusiones de m\u00fasculos, tendones y ligamentos. Pueden producirse por el impacto repentino de una colisi\u00f3n y provocar dolor, hinchaz\u00f3n y dificultad de movimiento.<\/p>\n<h3>Lesiones cerebrales:<\/h3>\n<p>Los traumatismos craneoencef\u00e1licos pueden ir desde conmociones cerebrales leves a traumatismos craneoencef\u00e1licos graves. Estas lesiones pueden producirse cuando la cabeza golpea una superficie dura o experimenta fuerzas importantes durante el accidente. Hable con un <a href=\"\/es\/practice-areas\/brain-injury\/\">abogado de lesiones cerebrales en Portland<\/a> hoy.<\/p>\n<h3>Lesiones de espalda y columna vertebral:<\/h3>\n<p>El impacto de un accidente de coche compartido puede causar da\u00f1os en la espalda y la columna vertebral, dando lugar a hernias discales, fracturas vertebrales o lesiones de la m\u00e9dula espinal. Las lesiones de la columna vertebral pueden provocar dolor cr\u00f3nico, movilidad limitada o par\u00e1lisis, dependiendo de la gravedad y la localizaci\u00f3n de la lesi\u00f3n. \u00bfNecesita ayuda? Consulte a nuestro <a href=\"\/es\/portland-spinal-cord-injury-attorney\/\">Abogados de lesiones medulares de Portland.<\/a><\/p>\n<p>Es importante buscar atenci\u00f3n m\u00e9dica inmediata tras un accidente de coche compartido, aunque las lesiones parezcan leves al principio. Algunas lesiones pueden presentar s\u00edntomas tard\u00edos o empeorar con el tiempo. Adem\u00e1s, si se ha producido una muerte en el accidente, p\u00f3ngase en contacto con un m\u00e9dico.<a href=\"\/es\/practice-areas\/wrongful-death\/\"> abogado de homicidio culposo en Portland<\/a> inmediatamente.<\/p>\n<h2>\u00bfQu\u00e9 da\u00f1os y perjuicios est\u00e1n disponibles en Oregon Rideshare accidente reclamaciones?<\/h2>\n<p>A trav\u00e9s del uso de un abogado de accidentes de Uber o Lyft, usted puede recuperar la compensaci\u00f3n por los da\u00f1os econ\u00f3micos y no econ\u00f3micos que sufri\u00f3 en la colisi\u00f3n. Los da\u00f1os econ\u00f3micos implican sus p\u00e9rdidas financieras, mientras que los da\u00f1os no econ\u00f3micos abarcan su dolor y sufrimiento. Los da\u00f1os comunes en las demandas por accidentes de Uber y Lyft incluyen los siguientes.<\/p>\n<ul>\n<li>Gastos m\u00e9dicos pasados y futuros<\/li>\n<li>Salarios perdidos<\/li>\n<li>Da\u00f1os materiales<\/li>\n<li>Dolor cr\u00f3nico<\/li>\n<li>Discapacidad<\/li>\n<li>Angustia emocional<\/li>\n<li>Rehabilitaci\u00f3n y fisioterapia<\/li>\n<li>Depresi\u00f3n y ansiedad<\/li>\n<li>P\u00e9rdida de ingresos futuros<\/li>\n<\/ul>\n<h2>\u00bfQu\u00e9 hacer despu\u00e9s de un accidente de Uber o Lyft Portland?<\/h2>\n<p>Si sufres lesiones en un accidente de Uber o Lyft, es importante que busques ayuda lo antes posible. Llama al 911 e informa del accidente a las fuerzas de seguridad, y pide al agente que te atienda sus datos para poder encontrar el informe policial m\u00e1s adelante. Si puedes moverte por el lugar del accidente sin sufrir m\u00e1s lesiones, intenta documentar todas las pruebas que puedas. Haz fotograf\u00edas de tus lesiones y de los da\u00f1os materiales, pide a los testigos que se encuentren en la zona sus datos de contacto e intercambia informaci\u00f3n con los conductores que se encuentren en el lugar del accidente.<\/p>\n<p>Uno de los pasos m\u00e1s importantes que debe tomar despu\u00e9s de un accidente de Uber o Lyft es buscar atenci\u00f3n m\u00e9dica. Sus registros m\u00e9dicos ser\u00e1n piezas vitales de evidencia en su demanda por lesiones, y es importante recibir un tratamiento r\u00e1pido para evitar mayores complicaciones. Usted siempre debe buscar atenci\u00f3n m\u00e9dica, incluso si usted no se siente herido. Sus lesiones pueden ser m\u00e1s graves de lo que cree, por ejemplo<a href=\"\/es\/portland-spinal-cord-injury-attorney\/\"> m\u00e9dula espinal<\/a> o <a href=\"\/es\/practice-areas\/brain-injury\/\">lesiones cerebrales<\/a>. Adem\u00e1s, no buscar tratamiento podr\u00eda perjudicar su futura reclamaci\u00f3n.<\/p>\n<p>Una vez que busque tratamiento, p\u00f3ngase en contacto con un abogado de accidentes de coche en Portland tan pronto como sea posible. Su abogado ser\u00e1 capaz de evaluar su reclamo e identificar su camino \u00f3ptimo para la recuperaci\u00f3n. \u00c9l o ella entonces tomar los primeros pasos hacia la presentaci\u00f3n de su reclamo y la obtenci\u00f3n de la soluci\u00f3n que necesita.<\/p>\n<h3>P\u00f3ngase en contacto con DuBois Law Group<\/h3>\n<p>\u00bfEs usted v\u00edctima de un accidente de Uber o Lyft en Portland? Los abogados de DuBois Law Group pueden ayudarle a navegar por el complejo proceso de reclamaciones y asegurar la compensaci\u00f3n que se merece. <a href=\"\/es\/contact-us\/\">P\u00f3ngase en contacto con nosotros<\/a> para programar una consulta gratuita de su caso y obtener m\u00e1s informaci\u00f3n sobre sus opciones legales con un abogado de accidentes de Uber y Lyft de Portland.<\/p>","protected":false},"excerpt":{"rendered":"<p>Rideshare companies like Uber and Lyft offer a popular transportation option in the Portland area. Although these services may seem safe and affordable, rideshare drivers can still be involved in accidents\u2014leading to physical, emotional, and financial hardship for their passengers. If you are injured in a Portland Uber or Lyft accident, you may have grounds&#8230; <a class=\"fancy_link\" href=\"https:\/\/pdxinjurylaw.com\/es\/portland-uber-and-lyft-accident-attorney\/\">leer m\u00e1s<\/a><\/p>","protected":false},"author":1,"featured_media":0,"parent":0,"menu_order":0,"comment_status":"closed","ping_status":"closed","template":"","meta":{"footnotes":"","_content_optimizer_report_url":"","_content_optimizer_report_added":"","_content_optimizer_keyword_hide_used":false,"_content_optimizer_keyword_hide_above_average":false,"_content_optimizer_entities_hide_used":false,"_content_optimizer_entities_hide_above_average":false,"_content_optimizer_headings_hide_used":false,"_content_optimizer_questions_hide_used":false,"_content_optimizer_tab_active":"","_content_optimizer_report_url_ce":"","_content_optimizer_report_added_ce":"","_content_optimizer_keyword_hide_used_ce":false,"_content_optimizer_keyword_hide_above_average_ce":false,"_content_optimizer_entities_hide_used_ce":false,"_content_optimizer_entities_hide_above_average_ce":false,"_content_optimizer_headings_hide_used_ce":false,"_content_optimizer_questions_hide_used_ce":false,"_content_optimizer_tab_active_ce":""},"class_list":["post-65055","page","type-page","status-publish","hentry"],"yoast_head":"<!-- This site is optimized with the Yoast SEO plugin v27.4 - https:\/\/yoast.com\/product\/yoast-seo-wordpress\/ -->\n<title>Rideshare Accident Attorney - Portland Oregon Uber &amp; Lyft Accident Lawyers<\/title>\n<meta name=\"description\" content=\"Involved in a Uber or Lyft accident and need representation in Portland? Call for a free consultation! (503)-486-3697\" \/>\n<meta name=\"robots\" content=\"index, follow, max-snippet:-1, max-image-preview:large, max-video-preview:-1\" \/>\n<link rel=\"canonical\" href=\"https:\/\/pdxinjurylaw.com\/es\/portland-uber-and-lyft-accident-attorney\/\" \/>\n<meta property=\"og:locale\" content=\"es_MX\" \/>\n<meta property=\"og:type\" content=\"article\" \/>\n<meta property=\"og:title\" content=\"Rideshare Accident Attorney - Portland Oregon Uber &amp; Lyft Accident Lawyers\" \/>\n<meta property=\"og:description\" content=\"Involved in a Uber or Lyft accident and need representation in Portland? Call for a free consultation! (503)-486-3697\" \/>\n<meta property=\"og:url\" content=\"https:\/\/pdxinjurylaw.com\/es\/portland-uber-and-lyft-accident-attorney\/\" \/>\n<meta property=\"og:site_name\" content=\"PDX Injury Law\" \/>\n<meta property=\"article:modified_time\" content=\"2026-04-22T00:05:51+00:00\" \/>\n<meta name=\"twitter:card\" content=\"summary_large_image\" \/>\n<meta name=\"twitter:label1\" content=\"Tiempo de lectura\" \/>\n\t<meta name=\"twitter:data1\" content=\"5 minutos\" \/>\n<script type=\"application\/ld+json\" class=\"yoast-schema-graph\">{\"@context\":\"https:\\\/\\\/schema.org\",\"@graph\":[{\"@type\":\"WebPage\",\"@id\":\"https:\\\/\\\/pdxinjurylaw.com\\\/portland-uber-and-lyft-accident-attorney\\\/\",\"url\":\"https:\\\/\\\/pdxinjurylaw.com\\\/portland-uber-and-lyft-accident-attorney\\\/\",\"name\":\"Rideshare Accident Attorney - Portland Oregon Uber & Lyft Accident Lawyers\",\"isPartOf\":{\"@id\":\"https:\\\/\\\/pdxinjurylaw.com\\\/#website\"},\"datePublished\":\"2026-04-01T14:35:26+00:00\",\"dateModified\":\"2026-04-22T00:05:51+00:00\",\"description\":\"Involved in a Uber or Lyft accident and need representation in Portland? Call for a free consultation! (503)-486-3697\",\"breadcrumb\":{\"@id\":\"https:\\\/\\\/pdxinjurylaw.com\\\/portland-uber-and-lyft-accident-attorney\\\/#breadcrumb\"},\"inLanguage\":\"es\",\"potentialAction\":[{\"@type\":\"ReadAction\",\"target\":[\"https:\\\/\\\/pdxinjurylaw.com\\\/portland-uber-and-lyft-accident-attorney\\\/\"]}]},{\"@type\":\"BreadcrumbList\",\"@id\":\"https:\\\/\\\/pdxinjurylaw.com\\\/portland-uber-and-lyft-accident-attorney\\\/#breadcrumb\",\"itemListElement\":[{\"@type\":\"ListItem\",\"position\":1,\"name\":\"Home\",\"item\":\"https:\\\/\\\/pdxinjurylaw.com\\\/\"},{\"@type\":\"ListItem\",\"position\":2,\"name\":\"Rideshare Attorney for Uber and Lyft Accidents\"}]},{\"@type\":\"WebSite\",\"@id\":\"https:\\\/\\\/pdxinjurylaw.com\\\/#website\",\"url\":\"https:\\\/\\\/pdxinjurylaw.com\\\/\",\"name\":\"PDX Injury Law\",\"description\":\"\",\"publisher\":{\"@id\":\"https:\\\/\\\/pdxinjurylaw.com\\\/#organization\"},\"potentialAction\":[{\"@type\":\"SearchAction\",\"target\":{\"@type\":\"EntryPoint\",\"urlTemplate\":\"https:\\\/\\\/pdxinjurylaw.com\\\/?s={search_term_string}\"},\"query-input\":{\"@type\":\"PropertyValueSpecification\",\"valueRequired\":true,\"valueName\":\"search_term_string\"}}],\"inLanguage\":\"es\"},{\"@type\":\"Organization\",\"@id\":\"https:\\\/\\\/pdxinjurylaw.com\\\/#organization\",\"name\":\"PDX Injury Law\",\"url\":\"https:\\\/\\\/pdxinjurylaw.com\\\/\",\"logo\":{\"@type\":\"ImageObject\",\"inLanguage\":\"es\",\"@id\":\"https:\\\/\\\/pdxinjurylaw.com\\\/#\\\/schema\\\/logo\\\/image\\\/\",\"url\":\"https:\\\/\\\/530710ec99.nxcli.io\\\/wp-content\\\/uploads\\\/2021\\\/06\\\/logo-main.png\",\"contentUrl\":\"https:\\\/\\\/530710ec99.nxcli.io\\\/wp-content\\\/uploads\\\/2021\\\/06\\\/logo-main.png\",\"width\":368,\"height\":63,\"caption\":\"PDX Injury Law\"},\"image\":{\"@id\":\"https:\\\/\\\/pdxinjurylaw.com\\\/#\\\/schema\\\/logo\\\/image\\\/\"}}]}<\/script>\n<!-- \/ Yoast SEO plugin. -->","yoast_head_json":{"title":"Rideshare Accident Attorney - Portland Oregon Uber & Lyft Accident Lawyers","description":"Involved in a Uber or Lyft accident and need representation in Portland? Call for a free consultation! (503)-486-3697","robots":{"index":"index","follow":"follow","max-snippet":"max-snippet:-1","max-image-preview":"max-image-preview:large","max-video-preview":"max-video-preview:-1"},"canonical":"https:\/\/pdxinjurylaw.com\/es\/portland-uber-and-lyft-accident-attorney\/","og_locale":"es_MX","og_type":"article","og_title":"Rideshare Accident Attorney - Portland Oregon Uber & Lyft Accident Lawyers","og_description":"Involved in a Uber or Lyft accident and need representation in Portland? Call for a free consultation! (503)-486-3697","og_url":"https:\/\/pdxinjurylaw.com\/es\/portland-uber-and-lyft-accident-attorney\/","og_site_name":"PDX Injury Law","article_modified_time":"2026-04-22T00:05:51+00:00","twitter_card":"summary_large_image","twitter_misc":{"Tiempo de lectura":"5 minutos"},"schema":{"@context":"https:\/\/schema.org","@graph":[{"@type":"WebPage","@id":"https:\/\/pdxinjurylaw.com\/portland-uber-and-lyft-accident-attorney\/","url":"https:\/\/pdxinjurylaw.com\/portland-uber-and-lyft-accident-attorney\/","name":"Rideshare Accident Attorney - Portland Oregon Uber & Lyft Accident Lawyers","isPartOf":{"@id":"https:\/\/pdxinjurylaw.com\/#website"},"datePublished":"2026-04-01T14:35:26+00:00","dateModified":"2026-04-22T00:05:51+00:00","description":"Involved in a Uber or Lyft accident and need representation in Portland? Call for a free consultation! (503)-486-3697","breadcrumb":{"@id":"https:\/\/pdxinjurylaw.com\/portland-uber-and-lyft-accident-attorney\/#breadcrumb"},"inLanguage":"es","potentialAction":[{"@type":"ReadAction","target":["https:\/\/pdxinjurylaw.com\/portland-uber-and-lyft-accident-attorney\/"]}]},{"@type":"BreadcrumbList","@id":"https:\/\/pdxinjurylaw.com\/portland-uber-and-lyft-accident-attorney\/#breadcrumb","itemListElement":[{"@type":"ListItem","position":1,"name":"Home","item":"https:\/\/pdxinjurylaw.com\/"},{"@type":"ListItem","position":2,"name":"Rideshare Attorney for Uber and Lyft Accidents"}]},{"@type":"WebSite","@id":"https:\/\/pdxinjurylaw.com\/#website","url":"https:\/\/pdxinjurylaw.com\/","name":"PDX Ley de Lesiones","description":"","publisher":{"@id":"https:\/\/pdxinjurylaw.com\/#organization"},"potentialAction":[{"@type":"SearchAction","target":{"@type":"EntryPoint","urlTemplate":"https:\/\/pdxinjurylaw.com\/?s={search_term_string}"},"query-input":{"@type":"PropertyValueSpecification","valueRequired":true,"valueName":"search_term_string"}}],"inLanguage":"es"},{"@type":"Organization","@id":"https:\/\/pdxinjurylaw.com\/#organization","name":"PDX Ley de Lesiones","url":"https:\/\/pdxinjurylaw.com\/","logo":{"@type":"ImageObject","inLanguage":"es","@id":"https:\/\/pdxinjurylaw.com\/#\/schema\/logo\/image\/","url":"https:\/\/530710ec99.nxcli.io\/wp-content\/uploads\/2021\/06\/logo-main.png","contentUrl":"https:\/\/530710ec99.nxcli.io\/wp-content\/uploads\/2021\/06\/logo-main.png","width":368,"height":63,"caption":"PDX Injury Law"},"image":{"@id":"https:\/\/pdxinjurylaw.com\/#\/schema\/logo\/image\/"}}]}},"acf":[],"_links":{"self":[{"href":"https:\/\/pdxinjurylaw.com\/es\/wp-json\/wp\/v2\/pages\/65055","targetHints":{"allow":["GET"]}}],"collection":[{"href":"https:\/\/pdxinjurylaw.com\/es\/wp-json\/wp\/v2\/pages"}],"about":[{"href":"https:\/\/pdxinjurylaw.com\/es\/wp-json\/wp\/v2\/types\/page"}],"author":[{"embeddable":true,"href":"https:\/\/pdxinjurylaw.com\/es\/wp-json\/wp\/v2\/users\/1"}],"replies":[{"embeddable":true,"href":"https:\/\/pdxinjurylaw.com\/es\/wp-json\/wp\/v2\/comments?post=65055"}],"version-history":[{"count":10,"href":"https:\/\/pdxinjurylaw.com\/es\/wp-json\/wp\/v2\/pages\/65055\/revisions"}],"predecessor-version":[{"id":68570,"href":"https:\/\/pdxinjurylaw.com\/es\/wp-json\/wp\/v2\/pages\/65055\/revisions\/68570"}],"wp:attachment":[{"href":"https:\/\/pdxinjurylaw.com\/es\/wp-json\/wp\/v2\/media?parent=65055"}],"curies":[{"name":"wp","href":"https:\/\/api.w.org\/{rel}","templated":true}]}}