{"id":65049,"date":"2021-07-29T21:32:07","date_gmt":"2021-07-29T21:32:07","guid":{"rendered":"https:\/\/pdxinjurylaw.com\/?page_id=65049"},"modified":"2023-06-26T20:55:45","modified_gmt":"2023-06-26T20:55:45","slug":"portland-boating-accident-lawyer","status":"publish","type":"page","link":"https:\/\/pdxinjurylaw.com\/es\/portland-boating-accident-lawyer\/","title":{"rendered":"Portland Abogado de accidente de navegaci\u00f3n"},"content":{"rendered":"<p>Muchos residentes de Portland y sus alrededores disfrutan de la navegaci\u00f3n recreativa como una forma de disfrutar de la belleza natural de Oreg\u00f3n. Desafortunadamente, no todas las excursiones en barco salen seg\u00fan lo planeado, y muchas personas sufren lesiones graves, a veces potencialmente mortales, mientras est\u00e1n en el agua.<\/p>\n<p>Si usted se lesiona en un accidente de navegaci\u00f3n en Portland, los abogados de DuBois Law Group puede ayudar. Nuestro <a href=\"\/es\/practice-areas\/portland-car-accident-lawyers\/\">abogados de accidentes en Portland<\/a> puede representarle en su demanda por lesiones y ayudarle a recuperar la indemnizaci\u00f3n que merece.<\/p>\n<h2>\u00bfPor qu\u00e9 elegir un abogado de Portland accidente de navegaci\u00f3n de DuBois Law Group?<\/h2>\n<ul>\n<li>Nuestra <a href=\"\/es\/portland-personal-injury-lawyer\/\">Portland abogados de lesiones personales<\/a> tienen a\u00f1os de experiencia representando a residentes de Oreg\u00f3n, asegurando millones de d\u00f3lares en indemnizaciones.<\/li>\n<li>Nuestro bufete opera en base a honorarios de contingencia. Si no conseguimos una indemnizaci\u00f3n en su caso, no se le cobrar\u00e1n honorarios legales.<\/li>\n<li>Navegar una reclamaci\u00f3n de accidente de navegaci\u00f3n puede ser dif\u00edcil despu\u00e9s de una lesi\u00f3n personal reciente. Nuestros abogados se encargar\u00e1n de la totalidad de su caso para que pueda centrarse en la recuperaci\u00f3n?<\/li>\n<\/ul>\n<h2>\u00bfCu\u00e1les son algunas de las estad\u00edsticas de accidentes de navegaci\u00f3n?<\/h2>\n<p>Cada a\u00f1o, el <a href=\"https:\/\/uscgboating.org\/library\/accident-statistics\/Recreational-Boating-Statistics-2020.pdf\" target=\"_blank\" rel=\"noopener\">Guardacostas de Estados Unidos<\/a> (USCG) recopila estad\u00edsticas sobre accidentes de navegaci\u00f3n de recreo en todo el pa\u00eds. S\u00f3lo en 2020, la USCG identific\u00f3 5.265 accidentes distintos que causaron 3.191 heridos y 767 muertos. Estos accidentes tambi\u00e9n provocaron da\u00f1os materiales por valor de $62,5 millones.<\/p>\n<p>Seg\u00fan 2020 <a href=\"https:\/\/mariners.coastguard.blog\/2021\/06\/30\/u-s-coast-guard-releases-2020-boating-safety-statistics-report\/\">datos<\/a>Las causas m\u00e1s comunes de los accidentes de navegaci\u00f3n son las siguientes.<\/p>\n<ul>\n<li>La falta de atenci\u00f3n de los operadores provoc\u00f3 664 accidentes.<\/li>\n<li>La inexperiencia de los operadores caus\u00f3 612 accidentes.<\/li>\n<li>La vigilancia inadecuada provoc\u00f3 578 accidentes.<\/li>\n<li>El exceso de velocidad contribuy\u00f3 a 418 accidentes.<\/li>\n<li>Los fallos de la maquinaria causaron 373 accidentes.<\/li>\n<li>Las infracciones de las normas de navegaci\u00f3n provocaron 316 accidentes.<\/li>\n<li>El consumo de alcohol estuvo implicado en 296 accidentes.<\/li>\n<\/ul>\n<h2>Qu\u00e9 opciones legales existen para las v\u00edctimas de accidentes de navegaci\u00f3n en Oreg\u00f3n<\/h2>\n<p>Si sufre lesiones en un accidente de navegaci\u00f3n debido a la negligencia de otra persona, tiene derecho a recibir una indemnizaci\u00f3n de la parte culpable. A trav\u00e9s de su reclamo, usted puede recuperar una indemnizaci\u00f3n por gastos m\u00e9dicos, salarios perdidos, da\u00f1os a la propiedad, y el dolor y el sufrimiento que sufri\u00f3 debido al accidente. Usted puede recuperar estos da\u00f1os mediante la presentaci\u00f3n de una reclamaci\u00f3n de seguro con uno de nuestros abogados contra el navegante culpable, y si \u00e9l o ella no tiene cobertura, una demanda contra \u00e9l o ella en la corte civil de Oregon.<\/p>\n<p>Los operadores de embarcaciones en Oregon tienen el deber de operar sus embarcaciones de forma segura y de acuerdo con las normas y reglamentos necesarios. Si usted se lesiona debido a la negligencia del operador, el navegante culpable ser\u00e1 responsable de sus da\u00f1os. Ejemplos de negligencia por parte del operador de la embarcaci\u00f3n pueden incluir exceso de velocidad, operadores intoxicados, no advertir a los pasajeros sobre condiciones peligrosas, o la falta de <a href=\"https:\/\/mariners.coastguard.blog\/2021\/06\/30\/u-s-coast-guard-releases-2020-boating-safety-statistics-report\/\">mantener adecuadamente una embarcaci\u00f3n.<\/a> Spedak a un abogado en DuBois Law Group tan pronto como sea posible para determinar si tiene motivos para una reclamaci\u00f3n.<\/p>\n<h2>\u00bfCu\u00e1nto tiempo tiene para presentar una reclamaci\u00f3n de Portland accidente de navegaci\u00f3n?<\/h2>\n<p>Si tiene previsto interponer una demanda por accidente de navegaci\u00f3n contra la persona responsable de sus lesiones, deber\u00e1 atenerse a lo siguiente <a href=\"https:\/\/www.osbplf.org\/assets\/forms\/pdfs\/Statutes%20of%20Limitation%20Generally.pdf\">Prescripci\u00f3n en Oreg\u00f3n<\/a>. Usted tiene dos a\u00f1os a partir de la fecha de su accidente para presentar su demanda en la corte civil de Oregon o su caso probablemente ser\u00e1 desestimado. Es importante iniciar su reclamaci\u00f3n por accidente de navegaci\u00f3n tan pronto como sea posible para proteger su derecho a una indemnizaci\u00f3n.<\/p>\n<h2>P\u00f3ngase en contacto con un abogado de Portland accidente de navegaci\u00f3n de DuBois Law Group<\/h2>\n<p>Si usted se lesiona en un accidente de navegaci\u00f3n Portland, usted merece una compensaci\u00f3n total por sus p\u00e9rdidas-y los abogados de DuBois Law Group puede ayudar. <a href=\"\/es\/contact-us\/\">P\u00f3ngase en contacto con nosotros<\/a> para programar una consulta gratuita de su caso y discutir sus opciones legales con un abogado de accidentes de barco en Portland. (503) 222-4411<\/p>","protected":false},"excerpt":{"rendered":"<p>Many residents of Portland and the surrounding areas enjoy recreational boating as a way to enjoy Oregon\u2019s natural beauty. Unfortunately, not all boating excursions go as planned\u2014and many people sustain severe, sometimes life-threatening injuries while on the water. If you are injured in a boating accident in Portland, the lawyers at DuBois Law Group can&#8230; <a class=\"fancy_link\" href=\"https:\/\/pdxinjurylaw.com\/es\/portland-boating-accident-lawyer\/\">leer m\u00e1s<\/a><\/p>","protected":false},"author":1,"featured_media":0,"parent":0,"menu_order":0,"comment_status":"closed","ping_status":"closed","template":"","meta":{"footnotes":"","_content_optimizer_report_url":"","_content_optimizer_report_added":"","_content_optimizer_keyword_hide_used":false,"_content_optimizer_keyword_hide_above_average":false,"_content_optimizer_entities_hide_used":false,"_content_optimizer_entities_hide_above_average":false,"_content_optimizer_headings_hide_used":false,"_content_optimizer_questions_hide_used":false,"_content_optimizer_tab_active":"","_content_optimizer_report_url_ce":"","_content_optimizer_report_added_ce":"","_content_optimizer_keyword_hide_used_ce":false,"_content_optimizer_keyword_hide_above_average_ce":false,"_content_optimizer_entities_hide_used_ce":false,"_content_optimizer_entities_hide_above_average_ce":false,"_content_optimizer_headings_hide_used_ce":false,"_content_optimizer_questions_hide_used_ce":false,"_content_optimizer_tab_active_ce":""},"class_list":["post-65049","page","type-page","status-publish","hentry"],"yoast_head":"<!-- This site is optimized with the Yoast SEO plugin v27.4 - https:\/\/yoast.com\/product\/yoast-seo-wordpress\/ -->\n<title>Portland Boating Accident Lawyer<\/title>\n<meta name=\"description\" content=\"Involved in a boating accident in Portland? Our attorneys can help you gain compensation. Contact us for a FREE consultation! (503) 222-4411\" \/>\n<meta name=\"robots\" content=\"index, follow, max-snippet:-1, max-image-preview:large, max-video-preview:-1\" \/>\n<link rel=\"canonical\" href=\"https:\/\/pdxinjurylaw.com\/es\/portland-boating-accident-lawyer\/\" \/>\n<meta property=\"og:locale\" content=\"es_MX\" \/>\n<meta property=\"og:type\" content=\"article\" \/>\n<meta property=\"og:title\" content=\"Portland Boating Accident Lawyer\" \/>\n<meta property=\"og:description\" content=\"Involved in a boating accident in Portland? Our attorneys can help you gain compensation. Contact us for a FREE consultation! (503) 222-4411\" \/>\n<meta property=\"og:url\" content=\"https:\/\/pdxinjurylaw.com\/es\/portland-boating-accident-lawyer\/\" \/>\n<meta property=\"og:site_name\" content=\"PDX Injury Law\" \/>\n<meta property=\"article:modified_time\" content=\"2023-06-26T20:55:45+00:00\" \/>\n<meta name=\"twitter:card\" content=\"summary_large_image\" \/>\n<meta name=\"twitter:label1\" content=\"Tiempo de lectura\" \/>\n\t<meta name=\"twitter:data1\" content=\"3 minutos\" \/>\n<script type=\"application\/ld+json\" class=\"yoast-schema-graph\">{\"@context\":\"https:\\\/\\\/schema.org\",\"@graph\":[{\"@type\":\"WebPage\",\"@id\":\"https:\\\/\\\/pdxinjurylaw.com\\\/portland-boating-accident-lawyer\\\/\",\"url\":\"https:\\\/\\\/pdxinjurylaw.com\\\/portland-boating-accident-lawyer\\\/\",\"name\":\"Portland Boating Accident Lawyer\",\"isPartOf\":{\"@id\":\"https:\\\/\\\/pdxinjurylaw.com\\\/#website\"},\"datePublished\":\"2021-07-29T21:32:07+00:00\",\"dateModified\":\"2023-06-26T20:55:45+00:00\",\"description\":\"Involved in a boating accident in Portland? Our attorneys can help you gain compensation. Contact us for a FREE consultation! (503) 222-4411\",\"breadcrumb\":{\"@id\":\"https:\\\/\\\/pdxinjurylaw.com\\\/portland-boating-accident-lawyer\\\/#breadcrumb\"},\"inLanguage\":\"es\",\"potentialAction\":[{\"@type\":\"ReadAction\",\"target\":[\"https:\\\/\\\/pdxinjurylaw.com\\\/portland-boating-accident-lawyer\\\/\"]}]},{\"@type\":\"BreadcrumbList\",\"@id\":\"https:\\\/\\\/pdxinjurylaw.com\\\/portland-boating-accident-lawyer\\\/#breadcrumb\",\"itemListElement\":[{\"@type\":\"ListItem\",\"position\":1,\"name\":\"Home\",\"item\":\"https:\\\/\\\/pdxinjurylaw.com\\\/\"},{\"@type\":\"ListItem\",\"position\":2,\"name\":\"Portland Boating Accident Attorney\"}]},{\"@type\":\"WebSite\",\"@id\":\"https:\\\/\\\/pdxinjurylaw.com\\\/#website\",\"url\":\"https:\\\/\\\/pdxinjurylaw.com\\\/\",\"name\":\"PDX Injury Law\",\"description\":\"\",\"publisher\":{\"@id\":\"https:\\\/\\\/pdxinjurylaw.com\\\/#organization\"},\"potentialAction\":[{\"@type\":\"SearchAction\",\"target\":{\"@type\":\"EntryPoint\",\"urlTemplate\":\"https:\\\/\\\/pdxinjurylaw.com\\\/?s={search_term_string}\"},\"query-input\":{\"@type\":\"PropertyValueSpecification\",\"valueRequired\":true,\"valueName\":\"search_term_string\"}}],\"inLanguage\":\"es\"},{\"@type\":\"Organization\",\"@id\":\"https:\\\/\\\/pdxinjurylaw.com\\\/#organization\",\"name\":\"PDX Injury Law\",\"url\":\"https:\\\/\\\/pdxinjurylaw.com\\\/\",\"logo\":{\"@type\":\"ImageObject\",\"inLanguage\":\"es\",\"@id\":\"https:\\\/\\\/pdxinjurylaw.com\\\/#\\\/schema\\\/logo\\\/image\\\/\",\"url\":\"https:\\\/\\\/530710ec99.nxcli.io\\\/wp-content\\\/uploads\\\/2021\\\/06\\\/logo-main.png\",\"contentUrl\":\"https:\\\/\\\/530710ec99.nxcli.io\\\/wp-content\\\/uploads\\\/2021\\\/06\\\/logo-main.png\",\"width\":368,\"height\":63,\"caption\":\"PDX Injury Law\"},\"image\":{\"@id\":\"https:\\\/\\\/pdxinjurylaw.com\\\/#\\\/schema\\\/logo\\\/image\\\/\"}}]}<\/script>\n<!-- \/ Yoast SEO plugin. -->","yoast_head_json":{"title":"Portland Boating Accident Lawyer","description":"Involved in a boating accident in Portland? Our attorneys can help you gain compensation. Contact us for a FREE consultation! (503) 222-4411","robots":{"index":"index","follow":"follow","max-snippet":"max-snippet:-1","max-image-preview":"max-image-preview:large","max-video-preview":"max-video-preview:-1"},"canonical":"https:\/\/pdxinjurylaw.com\/es\/portland-boating-accident-lawyer\/","og_locale":"es_MX","og_type":"article","og_title":"Portland Boating Accident Lawyer","og_description":"Involved in a boating accident in Portland? Our attorneys can help you gain compensation. Contact us for a FREE consultation! (503) 222-4411","og_url":"https:\/\/pdxinjurylaw.com\/es\/portland-boating-accident-lawyer\/","og_site_name":"PDX Injury Law","article_modified_time":"2023-06-26T20:55:45+00:00","twitter_card":"summary_large_image","twitter_misc":{"Tiempo de lectura":"3 minutos"},"schema":{"@context":"https:\/\/schema.org","@graph":[{"@type":"WebPage","@id":"https:\/\/pdxinjurylaw.com\/portland-boating-accident-lawyer\/","url":"https:\/\/pdxinjurylaw.com\/portland-boating-accident-lawyer\/","name":"Portland Boating Accident Lawyer","isPartOf":{"@id":"https:\/\/pdxinjurylaw.com\/#website"},"datePublished":"2021-07-29T21:32:07+00:00","dateModified":"2023-06-26T20:55:45+00:00","description":"Involved in a boating accident in Portland? Our attorneys can help you gain compensation. Contact us for a FREE consultation! (503) 222-4411","breadcrumb":{"@id":"https:\/\/pdxinjurylaw.com\/portland-boating-accident-lawyer\/#breadcrumb"},"inLanguage":"es","potentialAction":[{"@type":"ReadAction","target":["https:\/\/pdxinjurylaw.com\/portland-boating-accident-lawyer\/"]}]},{"@type":"BreadcrumbList","@id":"https:\/\/pdxinjurylaw.com\/portland-boating-accident-lawyer\/#breadcrumb","itemListElement":[{"@type":"ListItem","position":1,"name":"Home","item":"https:\/\/pdxinjurylaw.com\/"},{"@type":"ListItem","position":2,"name":"Portland Boating Accident Attorney"}]},{"@type":"WebSite","@id":"https:\/\/pdxinjurylaw.com\/#website","url":"https:\/\/pdxinjurylaw.com\/","name":"PDX Ley de Lesiones","description":"","publisher":{"@id":"https:\/\/pdxinjurylaw.com\/#organization"},"potentialAction":[{"@type":"SearchAction","target":{"@type":"EntryPoint","urlTemplate":"https:\/\/pdxinjurylaw.com\/?s={search_term_string}"},"query-input":{"@type":"PropertyValueSpecification","valueRequired":true,"valueName":"search_term_string"}}],"inLanguage":"es"},{"@type":"Organization","@id":"https:\/\/pdxinjurylaw.com\/#organization","name":"PDX Ley de Lesiones","url":"https:\/\/pdxinjurylaw.com\/","logo":{"@type":"ImageObject","inLanguage":"es","@id":"https:\/\/pdxinjurylaw.com\/#\/schema\/logo\/image\/","url":"https:\/\/530710ec99.nxcli.io\/wp-content\/uploads\/2021\/06\/logo-main.png","contentUrl":"https:\/\/530710ec99.nxcli.io\/wp-content\/uploads\/2021\/06\/logo-main.png","width":368,"height":63,"caption":"PDX Injury Law"},"image":{"@id":"https:\/\/pdxinjurylaw.com\/#\/schema\/logo\/image\/"}}]}},"acf":[],"_links":{"self":[{"href":"https:\/\/pdxinjurylaw.com\/es\/wp-json\/wp\/v2\/pages\/65049","targetHints":{"allow":["GET"]}}],"collection":[{"href":"https:\/\/pdxinjurylaw.com\/es\/wp-json\/wp\/v2\/pages"}],"about":[{"href":"https:\/\/pdxinjurylaw.com\/es\/wp-json\/wp\/v2\/types\/page"}],"author":[{"embeddable":true,"href":"https:\/\/pdxinjurylaw.com\/es\/wp-json\/wp\/v2\/users\/1"}],"replies":[{"embeddable":true,"href":"https:\/\/pdxinjurylaw.com\/es\/wp-json\/wp\/v2\/comments?post=65049"}],"version-history":[{"count":4,"href":"https:\/\/pdxinjurylaw.com\/es\/wp-json\/wp\/v2\/pages\/65049\/revisions"}],"predecessor-version":[{"id":67266,"href":"https:\/\/pdxinjurylaw.com\/es\/wp-json\/wp\/v2\/pages\/65049\/revisions\/67266"}],"wp:attachment":[{"href":"https:\/\/pdxinjurylaw.com\/es\/wp-json\/wp\/v2\/media?parent=65049"}],"curies":[{"name":"wp","href":"https:\/\/api.w.org\/{rel}","templated":true}]}}