{"id":2977,"date":"2011-07-14T20:50:30","date_gmt":"2011-07-15T03:50:30","guid":{"rendered":"http:\/\/chrisac.shudu\/library\/using-health-insurance-for-crashrelated-injuries-what-you-need-to-kn.html"},"modified":"2022-04-05T21:39:34","modified_gmt":"2022-04-05T21:39:34","slug":"health-insurance-accident","status":"publish","type":"page","link":"https:\/\/pdxinjurylaw.com\/es\/oregon-injury-resources\/health-insurance-accident\/","title":{"rendered":"Using Health Insurance After an Accident to Pay Medical Bills"},"content":{"rendered":"<h2>Using health insurance for crash-related injuries: what you need to know<\/h2>\n<p style=\"text-align: left;\">If you&#8217;ve been injured in a car crash, your Oregon Personal Injury Protection is the first place to get your medical bills paid. Even if you don&#8217;t have auto<img loading=\"lazy\" decoding=\"async\" class=\"alignright size-full wp-image-16172\" style=\"border: 2px solid grey; margin: 10px;\" src=\"https:\/\/pdxinjurylaw.com\/wp-content\/uploads\/2011\/07\/Car-accident-attorney-in-Northeast-GA-medical-bills.jpg\" alt=\"paying medical bills after accident, insurance policy limits, auto insurance py medical bills\" width=\"216\" height=\"144\" \/> insurance, you may still have PIP, because there are situations in which the PIP of the driver who hit you must pay your medical bills.<\/p>\n<p style=\"text-align: left;\">Unless you have paid for higher coverage, PIP will only pay up to $15,000 worth of medical bills. PIP only pays for one year, so if your medical treatment surpasses one year, or if your medical bills add up to more than $15,000, your health insurance will have to start paying.<\/p>\n<p style=\"text-align: left;\">Unfortunately, if you have to use your <strong>health insurance after an accident<\/strong> to pay for medical care related to car-crash injuries, their payments will not be seen as much more than a loan to you. Almost every health insurance policy in Oregon contains a clause which stipulates that if you are hurt in an accident that is someone else&#8217;s fault, and you get money for that accident either by settling the case yourself or by hiring a lawyer to settle or go to trial, you have to pay back your health insurance for all the medical care that they paid for. To add insult to injury, some health insurers have been &#8220;recovering&#8221; even the copayments that they didn&#8217;t pay in the first place!<\/p>\n<p style=\"text-align: left;\">Here at DuBois Law Group, we believe that this is a shameful situation that needs to be corrected. Unfortunately, the reality of the situation is that almost all Oregon health insurance policies include this clause in the contract that you sign when you purchase a given policy.<\/p>\n<p style=\"text-align: left;\">To summarize: if you&#8217;re in an accident and your health insurance pays $20,000 toward your medical care for an accident-related injury, and then later you get $50,000 from the insurance company of the person who hit you, your health insurance company will want their $20,000 back. Sad, but true.<\/p>\n<p style=\"text-align: left;\">A good personal injury lawyer can often negotiate with your health insurance company and get them to reduce that amount, so that they take back less than the full amount they paid. In our example, they might be bargained down to $15,000 or $12,000. You <em>will<\/em> have to pay them back in the future, so if you don&#8217;t negotiate hard you&#8217;re going to have to pay them back every penny.<\/p>\n<p style=\"text-align: left;\">For more information on this, and other topics critical to anyone who has been in an Oregon Auto Accident, get our book, <a href=\"https:\/\/pdxinjurylaw.com\/es\/7-common-mistakes-that-can-wreck-your-oregon-accident-case\/\">Seven Common Mistakes That Can Wreck Your Oregon Car Crash Case.<\/a> It costs $16.95 on Amazon. But if you&#8217;ve been in an\u00a0accident in Oregon, we will rush you a copy for free.<\/p>\n<div style=\"margin: 40px 0px 40px 0px;\" align=\"center\">\n<h3 style=\"text-align: left;\">Temas relacionados con los da\u00f1os personales:<\/h3>\n<ul>\n<li style=\"text-align: left;\"><a title=\"How Do I Calculate Lost Wages After an Accident?\" href=\"https:\/\/pdxinjurylaw.com\/es\/faqs\/calculate-lost-wages\/\">Get Compensation for Lost Wages After an Injury<\/a><\/li>\n<li style=\"text-align: left;\"><a title=\"Lesiones m\u00e1s comunes en accidentes de tr\u00e1fico en Oreg\u00f3n\" href=\"https:\/\/pdxinjurylaw.com\/es\/faqs\/common-auto-accident-injuries\/\">Common Injuries After Oregon Car Accidents<\/a><\/li>\n<\/ul>\n<\/div>","protected":false},"excerpt":{"rendered":"<p>Using health insurance for crash-related injuries: what you need to know If you&#8217;ve been injured in a car crash, your Oregon Personal Injury Protection is the first place to get your medical bills paid. Even if you don&#8217;t have auto insurance, you may still have PIP, because there are situations in which the PIP of&#8230; <a class=\"fancy_link\" href=\"https:\/\/pdxinjurylaw.com\/es\/oregon-injury-resources\/health-insurance-accident\/\">leer m\u00e1s<\/a><\/p>","protected":false},"author":7,"featured_media":0,"parent":2836,"menu_order":0,"comment_status":"closed","ping_status":"closed","template":"","meta":{"footnotes":"","_content_optimizer_report_url":"","_content_optimizer_report_added":"","_content_optimizer_keyword_hide_used":false,"_content_optimizer_keyword_hide_above_average":false,"_content_optimizer_entities_hide_used":false,"_content_optimizer_entities_hide_above_average":false,"_content_optimizer_headings_hide_used":false,"_content_optimizer_questions_hide_used":false,"_content_optimizer_tab_active":"","_content_optimizer_report_url_ce":"","_content_optimizer_report_added_ce":"","_content_optimizer_keyword_hide_used_ce":false,"_content_optimizer_keyword_hide_above_average_ce":false,"_content_optimizer_entities_hide_used_ce":false,"_content_optimizer_entities_hide_above_average_ce":false,"_content_optimizer_headings_hide_used_ce":false,"_content_optimizer_questions_hide_used_ce":false,"_content_optimizer_tab_active_ce":""},"class_list":["post-2977","page","type-page","status-publish","hentry"],"yoast_head":"<!-- This site is optimized with the Yoast SEO plugin v27.4 - https:\/\/yoast.com\/product\/yoast-seo-wordpress\/ -->\n<title>Using Health Insurance After an Accident to Pay Medical Bills<\/title>\n<meta name=\"robots\" content=\"index, follow, max-snippet:-1, max-image-preview:large, max-video-preview:-1\" \/>\n<link rel=\"canonical\" href=\"https:\/\/pdxinjurylaw.com\/es\/oregon-injury-resources\/health-insurance-accident\/\" \/>\n<meta property=\"og:locale\" content=\"es_MX\" \/>\n<meta property=\"og:type\" content=\"article\" \/>\n<meta property=\"og:title\" content=\"Using Health Insurance After an Accident to Pay Medical Bills\" \/>\n<meta property=\"og:description\" content=\"Using health insurance for crash-related injuries: what you need to know If you&#8217;ve been injured in a car crash, your Oregon Personal Injury Protection is the first place to get your medical bills paid. Even if you don&#8217;t have auto insurance, you may still have PIP, because there are situations in which the PIP of... read more\" \/>\n<meta property=\"og:url\" content=\"https:\/\/pdxinjurylaw.com\/es\/oregon-injury-resources\/health-insurance-accident\/\" \/>\n<meta property=\"og:site_name\" content=\"PDX Injury Law\" \/>\n<meta property=\"article:modified_time\" content=\"2022-04-05T21:39:34+00:00\" \/>\n<meta property=\"og:image\" content=\"https:\/\/pdxinjurylaw.com\/wp-content\/uploads\/2011\/07\/Car-accident-attorney-in-Northeast-GA-medical-bills.jpg\" \/>\n<meta name=\"twitter:card\" content=\"summary_large_image\" \/>\n<meta name=\"twitter:label1\" content=\"Tiempo de lectura\" \/>\n\t<meta name=\"twitter:data1\" content=\"3 minutos\" \/>\n<script type=\"application\/ld+json\" class=\"yoast-schema-graph\">{\"@context\":\"https:\\\/\\\/schema.org\",\"@graph\":[{\"@type\":\"WebPage\",\"@id\":\"https:\\\/\\\/pdxinjurylaw.com\\\/oregon-injury-resources\\\/health-insurance-accident\\\/\",\"url\":\"https:\\\/\\\/pdxinjurylaw.com\\\/oregon-injury-resources\\\/health-insurance-accident\\\/\",\"name\":\"Using Health Insurance After an Accident to Pay Medical Bills\",\"isPartOf\":{\"@id\":\"https:\\\/\\\/pdxinjurylaw.com\\\/#website\"},\"primaryImageOfPage\":{\"@id\":\"https:\\\/\\\/pdxinjurylaw.com\\\/oregon-injury-resources\\\/health-insurance-accident\\\/#primaryimage\"},\"image\":{\"@id\":\"https:\\\/\\\/pdxinjurylaw.com\\\/oregon-injury-resources\\\/health-insurance-accident\\\/#primaryimage\"},\"thumbnailUrl\":\"https:\\\/\\\/pdxinjurylaw.com\\\/wp-content\\\/uploads\\\/2011\\\/07\\\/Car-accident-attorney-in-Northeast-GA-medical-bills.jpg\",\"datePublished\":\"2011-07-15T03:50:30+00:00\",\"dateModified\":\"2022-04-05T21:39:34+00:00\",\"breadcrumb\":{\"@id\":\"https:\\\/\\\/pdxinjurylaw.com\\\/oregon-injury-resources\\\/health-insurance-accident\\\/#breadcrumb\"},\"inLanguage\":\"es\",\"potentialAction\":[{\"@type\":\"ReadAction\",\"target\":[\"https:\\\/\\\/pdxinjurylaw.com\\\/oregon-injury-resources\\\/health-insurance-accident\\\/\"]}]},{\"@type\":\"ImageObject\",\"inLanguage\":\"es\",\"@id\":\"https:\\\/\\\/pdxinjurylaw.com\\\/oregon-injury-resources\\\/health-insurance-accident\\\/#primaryimage\",\"url\":\"https:\\\/\\\/pdxinjurylaw.com\\\/wp-content\\\/uploads\\\/2011\\\/07\\\/Car-accident-attorney-in-Northeast-GA-medical-bills.jpg\",\"contentUrl\":\"https:\\\/\\\/pdxinjurylaw.com\\\/wp-content\\\/uploads\\\/2011\\\/07\\\/Car-accident-attorney-in-Northeast-GA-medical-bills.jpg\"},{\"@type\":\"BreadcrumbList\",\"@id\":\"https:\\\/\\\/pdxinjurylaw.com\\\/oregon-injury-resources\\\/health-insurance-accident\\\/#breadcrumb\",\"itemListElement\":[{\"@type\":\"ListItem\",\"position\":1,\"name\":\"Home\",\"item\":\"https:\\\/\\\/pdxinjurylaw.com\\\/\"},{\"@type\":\"ListItem\",\"position\":2,\"name\":\"Oregon Injury Resources\",\"item\":\"https:\\\/\\\/pdxinjurylaw.com\\\/oregon-injury-resources\\\/\"},{\"@type\":\"ListItem\",\"position\":3,\"name\":\"Using Health Insurance After an Accident to Pay Medical Bills\"}]},{\"@type\":\"WebSite\",\"@id\":\"https:\\\/\\\/pdxinjurylaw.com\\\/#website\",\"url\":\"https:\\\/\\\/pdxinjurylaw.com\\\/\",\"name\":\"PDX Injury Law\",\"description\":\"\",\"publisher\":{\"@id\":\"https:\\\/\\\/pdxinjurylaw.com\\\/#organization\"},\"potentialAction\":[{\"@type\":\"SearchAction\",\"target\":{\"@type\":\"EntryPoint\",\"urlTemplate\":\"https:\\\/\\\/pdxinjurylaw.com\\\/?s={search_term_string}\"},\"query-input\":{\"@type\":\"PropertyValueSpecification\",\"valueRequired\":true,\"valueName\":\"search_term_string\"}}],\"inLanguage\":\"es\"},{\"@type\":\"Organization\",\"@id\":\"https:\\\/\\\/pdxinjurylaw.com\\\/#organization\",\"name\":\"PDX Injury Law\",\"url\":\"https:\\\/\\\/pdxinjurylaw.com\\\/\",\"logo\":{\"@type\":\"ImageObject\",\"inLanguage\":\"es\",\"@id\":\"https:\\\/\\\/pdxinjurylaw.com\\\/#\\\/schema\\\/logo\\\/image\\\/\",\"url\":\"https:\\\/\\\/530710ec99.nxcli.io\\\/wp-content\\\/uploads\\\/2021\\\/06\\\/logo-main.png\",\"contentUrl\":\"https:\\\/\\\/530710ec99.nxcli.io\\\/wp-content\\\/uploads\\\/2021\\\/06\\\/logo-main.png\",\"width\":368,\"height\":63,\"caption\":\"PDX Injury Law\"},\"image\":{\"@id\":\"https:\\\/\\\/pdxinjurylaw.com\\\/#\\\/schema\\\/logo\\\/image\\\/\"}}]}<\/script>\n<!-- \/ Yoast SEO plugin. -->","yoast_head_json":{"title":"Using Health Insurance After an Accident to Pay Medical Bills","robots":{"index":"index","follow":"follow","max-snippet":"max-snippet:-1","max-image-preview":"max-image-preview:large","max-video-preview":"max-video-preview:-1"},"canonical":"https:\/\/pdxinjurylaw.com\/es\/oregon-injury-resources\/health-insurance-accident\/","og_locale":"es_MX","og_type":"article","og_title":"Using Health Insurance After an Accident to Pay Medical Bills","og_description":"Using health insurance for crash-related injuries: what you need to know If you&#8217;ve been injured in a car crash, your Oregon Personal Injury Protection is the first place to get your medical bills paid. Even if you don&#8217;t have auto insurance, you may still have PIP, because there are situations in which the PIP of... read more","og_url":"https:\/\/pdxinjurylaw.com\/es\/oregon-injury-resources\/health-insurance-accident\/","og_site_name":"PDX Injury Law","article_modified_time":"2022-04-05T21:39:34+00:00","og_image":[{"url":"https:\/\/pdxinjurylaw.com\/wp-content\/uploads\/2011\/07\/Car-accident-attorney-in-Northeast-GA-medical-bills.jpg","type":"","width":"","height":""}],"twitter_card":"summary_large_image","twitter_misc":{"Tiempo de lectura":"3 minutos"},"schema":{"@context":"https:\/\/schema.org","@graph":[{"@type":"WebPage","@id":"https:\/\/pdxinjurylaw.com\/oregon-injury-resources\/health-insurance-accident\/","url":"https:\/\/pdxinjurylaw.com\/oregon-injury-resources\/health-insurance-accident\/","name":"Using Health Insurance After an Accident to Pay Medical Bills","isPartOf":{"@id":"https:\/\/pdxinjurylaw.com\/#website"},"primaryImageOfPage":{"@id":"https:\/\/pdxinjurylaw.com\/oregon-injury-resources\/health-insurance-accident\/#primaryimage"},"image":{"@id":"https:\/\/pdxinjurylaw.com\/oregon-injury-resources\/health-insurance-accident\/#primaryimage"},"thumbnailUrl":"https:\/\/pdxinjurylaw.com\/wp-content\/uploads\/2011\/07\/Car-accident-attorney-in-Northeast-GA-medical-bills.jpg","datePublished":"2011-07-15T03:50:30+00:00","dateModified":"2022-04-05T21:39:34+00:00","breadcrumb":{"@id":"https:\/\/pdxinjurylaw.com\/oregon-injury-resources\/health-insurance-accident\/#breadcrumb"},"inLanguage":"es","potentialAction":[{"@type":"ReadAction","target":["https:\/\/pdxinjurylaw.com\/oregon-injury-resources\/health-insurance-accident\/"]}]},{"@type":"ImageObject","inLanguage":"es","@id":"https:\/\/pdxinjurylaw.com\/oregon-injury-resources\/health-insurance-accident\/#primaryimage","url":"https:\/\/pdxinjurylaw.com\/wp-content\/uploads\/2011\/07\/Car-accident-attorney-in-Northeast-GA-medical-bills.jpg","contentUrl":"https:\/\/pdxinjurylaw.com\/wp-content\/uploads\/2011\/07\/Car-accident-attorney-in-Northeast-GA-medical-bills.jpg"},{"@type":"BreadcrumbList","@id":"https:\/\/pdxinjurylaw.com\/oregon-injury-resources\/health-insurance-accident\/#breadcrumb","itemListElement":[{"@type":"ListItem","position":1,"name":"Home","item":"https:\/\/pdxinjurylaw.com\/"},{"@type":"ListItem","position":2,"name":"Oregon Injury Resources","item":"https:\/\/pdxinjurylaw.com\/oregon-injury-resources\/"},{"@type":"ListItem","position":3,"name":"Using Health Insurance After an Accident to Pay Medical Bills"}]},{"@type":"WebSite","@id":"https:\/\/pdxinjurylaw.com\/#website","url":"https:\/\/pdxinjurylaw.com\/","name":"PDX Ley de Lesiones","description":"","publisher":{"@id":"https:\/\/pdxinjurylaw.com\/#organization"},"potentialAction":[{"@type":"SearchAction","target":{"@type":"EntryPoint","urlTemplate":"https:\/\/pdxinjurylaw.com\/?s={search_term_string}"},"query-input":{"@type":"PropertyValueSpecification","valueRequired":true,"valueName":"search_term_string"}}],"inLanguage":"es"},{"@type":"Organization","@id":"https:\/\/pdxinjurylaw.com\/#organization","name":"PDX Ley de Lesiones","url":"https:\/\/pdxinjurylaw.com\/","logo":{"@type":"ImageObject","inLanguage":"es","@id":"https:\/\/pdxinjurylaw.com\/#\/schema\/logo\/image\/","url":"https:\/\/530710ec99.nxcli.io\/wp-content\/uploads\/2021\/06\/logo-main.png","contentUrl":"https:\/\/530710ec99.nxcli.io\/wp-content\/uploads\/2021\/06\/logo-main.png","width":368,"height":63,"caption":"PDX Injury Law"},"image":{"@id":"https:\/\/pdxinjurylaw.com\/#\/schema\/logo\/image\/"}}]}},"acf":[],"_links":{"self":[{"href":"https:\/\/pdxinjurylaw.com\/es\/wp-json\/wp\/v2\/pages\/2977","targetHints":{"allow":["GET"]}}],"collection":[{"href":"https:\/\/pdxinjurylaw.com\/es\/wp-json\/wp\/v2\/pages"}],"about":[{"href":"https:\/\/pdxinjurylaw.com\/es\/wp-json\/wp\/v2\/types\/page"}],"author":[{"embeddable":true,"href":"https:\/\/pdxinjurylaw.com\/es\/wp-json\/wp\/v2\/users\/7"}],"replies":[{"embeddable":true,"href":"https:\/\/pdxinjurylaw.com\/es\/wp-json\/wp\/v2\/comments?post=2977"}],"version-history":[{"count":1,"href":"https:\/\/pdxinjurylaw.com\/es\/wp-json\/wp\/v2\/pages\/2977\/revisions"}],"predecessor-version":[{"id":66256,"href":"https:\/\/pdxinjurylaw.com\/es\/wp-json\/wp\/v2\/pages\/2977\/revisions\/66256"}],"up":[{"embeddable":true,"href":"https:\/\/pdxinjurylaw.com\/es\/wp-json\/wp\/v2\/pages\/2836"}],"wp:attachment":[{"href":"https:\/\/pdxinjurylaw.com\/es\/wp-json\/wp\/v2\/media?parent=2977"}],"curies":[{"name":"wp","href":"https:\/\/api.w.org\/{rel}","templated":true}]}}