{"id":2953,"date":"2023-06-14T20:50:27","date_gmt":"2023-06-14T20:50:27","guid":{"rendered":"http:\/\/chrisac.shudu\/library\/in-a-car-crash-your-medical-insurance-may-actually-be-a-loan.html"},"modified":"2023-06-22T16:53:16","modified_gmt":"2023-06-22T16:53:16","slug":"medical-liens","status":"publish","type":"page","link":"https:\/\/pdxinjurylaw.com\/es\/oregon-injury-resources\/medical-liens\/","title":{"rendered":"Grav\u00e1menes m\u00e9dicos contra su indemnizaci\u00f3n por lesiones"},"content":{"rendered":"<p style=\"text-align: left;\">If you have to use your health insurance to pay medical bills that were due to a car crash, you may be in for a shock. Almost every health insurance policy in Oregon has a clause in it that you are probably not aware of. The clause is usually written in mind-numbing legalese, but the meaning is something like this:<\/p>\n<p style=\"text-align: left;\"><strong>&#8220;If you are hurt in a car crash, and you get money for that accident from the person who hit you, then you will have to pay us back for all the medical care that we paid for because of that accident.&#8221;<\/strong><\/p>\n<p style=\"text-align: left;\">With all the premiums you have been paying for your health insurance, you would think they would have to pay for your medical care when you have been injured. As it turns out, that payment is often just a loan.<\/p>\n<p style=\"text-align: left;\">The <a href=\"\/es\/practice-areas\/portland-car-accident-lawyers\/\">Abogados de accidentes en Portland<\/a> at DuBois Law Group believe that this is a shameful situation that should be corrected. Nonetheless, this is allowed in Oregon. Almost all health insurance policies have this clause written in the contract that you signed when you bought your health insurance policy.<\/p>\n<p style=\"text-align: left;\">You need to be aware that if you are in an accident and your health insurance pays $20,000 for your medical care for your accident, and then later you get $50,000 from the insurance company of the person who hit you, your health insurance company is going to want their $20,000 back and may have a medical lien against your settlement.<\/p>\n<p style=\"text-align: left;\"><strong>Use Your Personal Injury Protection to Pay Medical Bills<\/strong><\/p>\n<p style=\"text-align: left;\">The first step in minimizing the pain from this unfair situation is to use PIP to pay as many medical bills as possible. <a href=\"https:\/\/pdxinjurylaw.com\/es\/faqs\/how-can-i-pay-my-medical-bills-after-a-car-crash\/\">PIP is better than health insurance<\/a> for many reasons.<\/p>\n<p>Often, the insurance companies will work out the payment among themselves without involving you. But sometimes they will force you to pay the medical lien.<\/p>\n<p>Your best action is to first try to get them to work it out themselves. Encourage your own insurance company to get reimbursement from the insurance company of the person who hurt you.<\/p>\n<p><strong>You Can Negotiate with the Health Insurance Company &#8211; Or Hire a Lawyer to Do This for You<\/strong><\/p>\n<p>If that doesn\u2019t work, the next best option is to negotiate the amount of the <strong>embargos preventivos<\/strong>. Insurers will often reduce the amount you owe them if you negotiate well. For example, if they paid out $130,000 in medical bills, you may be able to talk them into accepting $80,000 or even less in full satisfaction of that money. In this negotiation, ORS 742.536 can be helpful, because it states that the insurance company should automatically reduce its lien by the percentage of your attorney fees and costs, which means that they normally reduce their lien by about 33%.<\/p>\n<p>Even if you don\u2019t have a lawyer, they may still be willing to make this reduction, though they would not be legally obligated to. But be aware that many health insurers believe that because they are nationwide, they do not have to abide by Oregon law. So those insurers may not be willing to automatically reduce the medical liens. But they may still be open to a good argument about why they should reduce the amount they are collecting.<\/p>\n<p>When you are negotiating, just remember, vinegar works, but honey often works better. A strong argument about fairness is often surprisingly effective in getting them to reduce their lien. You may even want to remind them about some of the fine sentiments they probably have on their websites about how their mission is to help people in need.<\/p>\n<p style=\"text-align: left;\">A good <a href=\"\/es\/portland-personal-injury-lawyer\/\">Portland abogado de lesiones<\/a> can often negotiate with your health insurance company and get them to reduce that amount so that they collect some number less than the full amount they paid. But you are going to have to pay them back, and if you do not negotiate hard, you are going to have to pay them back every penny.<\/p>\n<div style=\"margin: 40px 0px 40px 0px;\" align=\"center\">\n<h3 style=\"text-align: left;\">Temas relacionados con los da\u00f1os personales:<\/h3>\n<ul>\n<li style=\"text-align: left;\"><a href=\"https:\/\/pdxinjurylaw.com\/es\/oregon-injury-resources\/medical-treatment-car-accident\/\">The Importance of Medical Treatment After a Car Accident<\/a><\/li>\n<li style=\"text-align: left;\"><a href=\"https:\/\/pdxinjurylaw.com\/es\/personal-injury-settlements\/\">Our Oregon Personal Injury Settlements<\/a><\/li>\n<li style=\"text-align: left;\"><a href=\"https:\/\/pdxinjurylaw.com\/es\/faqs\/personal-injury-protection\/\">More about Personal Injury Protection (PIP) Coverage for Medical Bills and Lost Wages<\/a><\/li>\n<\/ul>\n<\/div>","protected":false},"excerpt":{"rendered":"<p>If you have to use your health insurance to pay medical bills that were due to a car crash, you may be in for a shock. Almost every health insurance policy in Oregon has a clause in it that you are probably not aware of. The clause is usually written in mind-numbing legalese, but the&#8230; <a class=\"fancy_link\" href=\"https:\/\/pdxinjurylaw.com\/es\/oregon-injury-resources\/medical-liens\/\">leer m\u00e1s<\/a><\/p>","protected":false},"author":7,"featured_media":0,"parent":2836,"menu_order":0,"comment_status":"closed","ping_status":"closed","template":"","meta":{"footnotes":"","_content_optimizer_report_url":"","_content_optimizer_report_added":"","_content_optimizer_keyword_hide_used":false,"_content_optimizer_keyword_hide_above_average":false,"_content_optimizer_entities_hide_used":false,"_content_optimizer_entities_hide_above_average":false,"_content_optimizer_headings_hide_used":false,"_content_optimizer_questions_hide_used":false,"_content_optimizer_tab_active":"","_content_optimizer_report_url_ce":"","_content_optimizer_report_added_ce":"","_content_optimizer_keyword_hide_used_ce":false,"_content_optimizer_keyword_hide_above_average_ce":false,"_content_optimizer_entities_hide_used_ce":false,"_content_optimizer_entities_hide_above_average_ce":false,"_content_optimizer_headings_hide_used_ce":false,"_content_optimizer_questions_hide_used_ce":false,"_content_optimizer_tab_active_ce":""},"class_list":["post-2953","page","type-page","status-publish","hentry"],"yoast_head":"<!-- This site is optimized with the Yoast SEO plugin v27.5 - https:\/\/yoast.com\/product\/yoast-seo-wordpress\/ -->\n<title>Medical Liens Against Your Injury Settlement<\/title>\n<meta name=\"description\" content=\"Almost all health insurance policies have this clause written in the contract that you signed when you bought your health insurance policy.\" \/>\n<meta name=\"robots\" content=\"index, follow, max-snippet:-1, max-image-preview:large, max-video-preview:-1\" \/>\n<link rel=\"canonical\" href=\"https:\/\/pdxinjurylaw.com\/es\/oregon-injury-resources\/medical-liens\/\" \/>\n<meta property=\"og:locale\" content=\"es_MX\" \/>\n<meta property=\"og:type\" content=\"article\" \/>\n<meta property=\"og:title\" content=\"Medical Liens Against Your Injury Settlement\" \/>\n<meta property=\"og:description\" content=\"Almost all health insurance policies have this clause written in the contract that you signed when you bought your health insurance policy.\" \/>\n<meta property=\"og:url\" content=\"https:\/\/pdxinjurylaw.com\/es\/oregon-injury-resources\/medical-liens\/\" \/>\n<meta property=\"og:site_name\" content=\"PDX Injury Law\" \/>\n<meta property=\"article:modified_time\" content=\"2023-06-22T16:53:16+00:00\" \/>\n<meta name=\"twitter:card\" content=\"summary_large_image\" \/>\n<meta name=\"twitter:label1\" content=\"Tiempo de lectura\" \/>\n\t<meta name=\"twitter:data1\" content=\"4 minutos\" \/>\n<script type=\"application\/ld+json\" class=\"yoast-schema-graph\">{\"@context\":\"https:\\\/\\\/schema.org\",\"@graph\":[{\"@type\":\"WebPage\",\"@id\":\"https:\\\/\\\/pdxinjurylaw.com\\\/oregon-injury-resources\\\/medical-liens\\\/\",\"url\":\"https:\\\/\\\/pdxinjurylaw.com\\\/oregon-injury-resources\\\/medical-liens\\\/\",\"name\":\"Medical Liens Against Your Injury Settlement\",\"isPartOf\":{\"@id\":\"https:\\\/\\\/pdxinjurylaw.com\\\/#website\"},\"datePublished\":\"2023-06-14T20:50:27+00:00\",\"dateModified\":\"2023-06-22T16:53:16+00:00\",\"description\":\"Almost all health insurance policies have this clause written in the contract that you signed when you bought your health insurance policy.\",\"breadcrumb\":{\"@id\":\"https:\\\/\\\/pdxinjurylaw.com\\\/oregon-injury-resources\\\/medical-liens\\\/#breadcrumb\"},\"inLanguage\":\"es\",\"potentialAction\":[{\"@type\":\"ReadAction\",\"target\":[\"https:\\\/\\\/pdxinjurylaw.com\\\/oregon-injury-resources\\\/medical-liens\\\/\"]}]},{\"@type\":\"BreadcrumbList\",\"@id\":\"https:\\\/\\\/pdxinjurylaw.com\\\/oregon-injury-resources\\\/medical-liens\\\/#breadcrumb\",\"itemListElement\":[{\"@type\":\"ListItem\",\"position\":1,\"name\":\"Home\",\"item\":\"https:\\\/\\\/pdxinjurylaw.com\\\/\"},{\"@type\":\"ListItem\",\"position\":2,\"name\":\"Oregon Injury Resources\",\"item\":\"https:\\\/\\\/pdxinjurylaw.com\\\/oregon-injury-resources\\\/\"},{\"@type\":\"ListItem\",\"position\":3,\"name\":\"Medical Liens Against Your Injury Settlement\"}]},{\"@type\":\"WebSite\",\"@id\":\"https:\\\/\\\/pdxinjurylaw.com\\\/#website\",\"url\":\"https:\\\/\\\/pdxinjurylaw.com\\\/\",\"name\":\"PDX Injury Law\",\"description\":\"\",\"publisher\":{\"@id\":\"https:\\\/\\\/pdxinjurylaw.com\\\/#organization\"},\"potentialAction\":[{\"@type\":\"SearchAction\",\"target\":{\"@type\":\"EntryPoint\",\"urlTemplate\":\"https:\\\/\\\/pdxinjurylaw.com\\\/?s={search_term_string}\"},\"query-input\":{\"@type\":\"PropertyValueSpecification\",\"valueRequired\":true,\"valueName\":\"search_term_string\"}}],\"inLanguage\":\"es\"},{\"@type\":\"Organization\",\"@id\":\"https:\\\/\\\/pdxinjurylaw.com\\\/#organization\",\"name\":\"PDX Injury Law\",\"url\":\"https:\\\/\\\/pdxinjurylaw.com\\\/\",\"logo\":{\"@type\":\"ImageObject\",\"inLanguage\":\"es\",\"@id\":\"https:\\\/\\\/pdxinjurylaw.com\\\/#\\\/schema\\\/logo\\\/image\\\/\",\"url\":\"https:\\\/\\\/530710ec99.nxcli.io\\\/wp-content\\\/uploads\\\/2021\\\/06\\\/logo-main.png\",\"contentUrl\":\"https:\\\/\\\/530710ec99.nxcli.io\\\/wp-content\\\/uploads\\\/2021\\\/06\\\/logo-main.png\",\"width\":368,\"height\":63,\"caption\":\"PDX Injury Law\"},\"image\":{\"@id\":\"https:\\\/\\\/pdxinjurylaw.com\\\/#\\\/schema\\\/logo\\\/image\\\/\"}}]}<\/script>\n<!-- \/ Yoast SEO plugin. -->","yoast_head_json":{"title":"Grav\u00e1menes m\u00e9dicos contra su indemnizaci\u00f3n por lesiones","description":"Almost all health insurance policies have this clause written in the contract that you signed when you bought your health insurance policy.","robots":{"index":"index","follow":"follow","max-snippet":"max-snippet:-1","max-image-preview":"max-image-preview:large","max-video-preview":"max-video-preview:-1"},"canonical":"https:\/\/pdxinjurylaw.com\/es\/oregon-injury-resources\/medical-liens\/","og_locale":"es_MX","og_type":"article","og_title":"Medical Liens Against Your Injury Settlement","og_description":"Almost all health insurance policies have this clause written in the contract that you signed when you bought your health insurance policy.","og_url":"https:\/\/pdxinjurylaw.com\/es\/oregon-injury-resources\/medical-liens\/","og_site_name":"PDX Injury Law","article_modified_time":"2023-06-22T16:53:16+00:00","twitter_card":"summary_large_image","twitter_misc":{"Tiempo de lectura":"4 minutos"},"schema":{"@context":"https:\/\/schema.org","@graph":[{"@type":"WebPage","@id":"https:\/\/pdxinjurylaw.com\/oregon-injury-resources\/medical-liens\/","url":"https:\/\/pdxinjurylaw.com\/oregon-injury-resources\/medical-liens\/","name":"Grav\u00e1menes m\u00e9dicos contra su indemnizaci\u00f3n por lesiones","isPartOf":{"@id":"https:\/\/pdxinjurylaw.com\/#website"},"datePublished":"2023-06-14T20:50:27+00:00","dateModified":"2023-06-22T16:53:16+00:00","description":"Almost all health insurance policies have this clause written in the contract that you signed when you bought your health insurance policy.","breadcrumb":{"@id":"https:\/\/pdxinjurylaw.com\/oregon-injury-resources\/medical-liens\/#breadcrumb"},"inLanguage":"es","potentialAction":[{"@type":"ReadAction","target":["https:\/\/pdxinjurylaw.com\/oregon-injury-resources\/medical-liens\/"]}]},{"@type":"BreadcrumbList","@id":"https:\/\/pdxinjurylaw.com\/oregon-injury-resources\/medical-liens\/#breadcrumb","itemListElement":[{"@type":"ListItem","position":1,"name":"Home","item":"https:\/\/pdxinjurylaw.com\/"},{"@type":"ListItem","position":2,"name":"Oregon Injury Resources","item":"https:\/\/pdxinjurylaw.com\/oregon-injury-resources\/"},{"@type":"ListItem","position":3,"name":"Medical Liens Against Your Injury Settlement"}]},{"@type":"WebSite","@id":"https:\/\/pdxinjurylaw.com\/#website","url":"https:\/\/pdxinjurylaw.com\/","name":"PDX Ley de Lesiones","description":"","publisher":{"@id":"https:\/\/pdxinjurylaw.com\/#organization"},"potentialAction":[{"@type":"SearchAction","target":{"@type":"EntryPoint","urlTemplate":"https:\/\/pdxinjurylaw.com\/?s={search_term_string}"},"query-input":{"@type":"PropertyValueSpecification","valueRequired":true,"valueName":"search_term_string"}}],"inLanguage":"es"},{"@type":"Organization","@id":"https:\/\/pdxinjurylaw.com\/#organization","name":"PDX Ley de Lesiones","url":"https:\/\/pdxinjurylaw.com\/","logo":{"@type":"ImageObject","inLanguage":"es","@id":"https:\/\/pdxinjurylaw.com\/#\/schema\/logo\/image\/","url":"https:\/\/530710ec99.nxcli.io\/wp-content\/uploads\/2021\/06\/logo-main.png","contentUrl":"https:\/\/530710ec99.nxcli.io\/wp-content\/uploads\/2021\/06\/logo-main.png","width":368,"height":63,"caption":"PDX Injury Law"},"image":{"@id":"https:\/\/pdxinjurylaw.com\/#\/schema\/logo\/image\/"}}]}},"acf":[],"_links":{"self":[{"href":"https:\/\/pdxinjurylaw.com\/es\/wp-json\/wp\/v2\/pages\/2953","targetHints":{"allow":["GET"]}}],"collection":[{"href":"https:\/\/pdxinjurylaw.com\/es\/wp-json\/wp\/v2\/pages"}],"about":[{"href":"https:\/\/pdxinjurylaw.com\/es\/wp-json\/wp\/v2\/types\/page"}],"author":[{"embeddable":true,"href":"https:\/\/pdxinjurylaw.com\/es\/wp-json\/wp\/v2\/users\/7"}],"replies":[{"embeddable":true,"href":"https:\/\/pdxinjurylaw.com\/es\/wp-json\/wp\/v2\/comments?post=2953"}],"version-history":[{"count":4,"href":"https:\/\/pdxinjurylaw.com\/es\/wp-json\/wp\/v2\/pages\/2953\/revisions"}],"predecessor-version":[{"id":66774,"href":"https:\/\/pdxinjurylaw.com\/es\/wp-json\/wp\/v2\/pages\/2953\/revisions\/66774"}],"up":[{"embeddable":true,"href":"https:\/\/pdxinjurylaw.com\/es\/wp-json\/wp\/v2\/pages\/2836"}],"wp:attachment":[{"href":"https:\/\/pdxinjurylaw.com\/es\/wp-json\/wp\/v2\/media?parent=2953"}],"curies":[{"name":"wp","href":"https:\/\/api.w.org\/{rel}","templated":true}]}}