{"id":2943,"date":"2011-07-14T20:50:26","date_gmt":"2011-07-15T03:50:26","guid":{"rendered":"http:\/\/chrisac.shudu\/library\/finding-a-good-personal-injury-attorney-guidelines.html"},"modified":"2024-07-16T11:50:40","modified_gmt":"2024-07-16T18:50:40","slug":"find-good-personal-injury-attorney","status":"publish","type":"page","link":"https:\/\/pdxinjurylaw.com\/es\/oregon-injury-resources\/find-good-personal-injury-attorney\/","title":{"rendered":"Guide to Finding a Good Personal Injury Attorney in Portland"},"content":{"rendered":"<h2>Finding a Portland Personal Injury Lawyer doesn&#8217;t need to be hard.<\/h2>\n<p>These are some general rules to follow and things to think about when seeking the best<strong> <a href=\"\/es\/portland-personal-injury-lawyer\/\">Portland abogado de lesiones personales<\/a><\/strong> you can find. Remember, though, that these aren&#8217;t hard and fast rules-exceptions abound, and you&#8217;ll need to figure out what works best for you.<\/p>\n<p><a href=\"https:\/\/pdxinjurylaw.com\/es\/portland-personal-injury-lawyer\/\"><img loading=\"lazy\" decoding=\"async\" class=\"wp-image-65663 alignright\" src=\"https:\/\/pdxinjurylaw.com\/wp-content\/uploads\/2022\/02\/content-image.jpg\" alt=\"Portland Personal Injury Lawyer - Sean DuBois\" width=\"325\" height=\"254\" \/><\/a><\/p>\n<ol>\n<li><strong>Pregunta por ah\u00ed.<\/strong>\u00a0Getting a referral from someone you trust can be an excellent place to start when you&#8217;re looking for a lawyer. But remember that the lawyer who did a divorce or reviewed a real estate deal for a friend is probably not a personal injury specialist.<strong><br \/>\n<\/strong><\/li>\n<li><strong>Busca un experto.<\/strong>\u00a0Specialists beat generalists; that means you probably want a lawyer who specifically<em>\u00a0<\/em>focuses on personal injury. It&#8217;s fine if the lawyer is also involved with other side projects-but you probably shouldn&#8217;t hire a lawyer who\u00a0<em>only\u00a0<\/em>does personal injury as a side project. Personal injury cases should be their specialty.<\/li>\n<li><strong>Re\u00fanase con todos los abogados potenciales. <\/strong>Don&#8217;t sign anything until you&#8217;ve met and discussed your case with several possible attorneys.\u00a0A good\u00a0Portland personal injury attorney\u00a0is someone you will trust and feel comfortable with, since you&#8217;ll need to tell your lawyer everything and be completely honest.<\/li>\n<li><strong>Eche un vistazo a la Carta de Derechos del Cliente.<\/strong> Figure out which ones (if not all of them) are important to you, and make sure you only hire a lawyer who agrees to abide by them.<\/li>\n<li><strong>Aseg\u00farese de que su abogado est\u00e1 dispuesto a ir a juicio si no consigue una oferta razonable.<\/strong>\u00a0Of course, the lawyer and the injured party may not always see eye-to-eye on what&#8217;s reasonable, but if the offer is objectively\u00a0<em>irrazonable<\/em>, your lawyer must be willing to go to trial. Not all lawyers are willing to take the time to do so.<\/li>\n<li><strong>P\u00eddale a su abogado que le explique por adelantado todos los honorarios y costes.\u00a0<\/strong>You don&#8217;t want any surprises, especially unexpected fees.<\/li>\n<li><strong>Busque un abogado que sea miembro de la Asociaci\u00f3n de Abogados Litigantes de Oreg\u00f3n (OTLA) y de la Asociaci\u00f3n Americana de Justicia (AAJ, antes ATLA).<\/strong> Membership in these organizations shows that your lawyer is proud of what he or she does, cares about justice, and is willing to put money and time towards the cause of justice in Oregon (OTLA) and the entire U.S.A. (AAJ). A serious lawyer should be a member of the Oregon State Bar, the Multnomah Bar Association, and at least a couple of other justice-related organizations as well. This shows that they are in the profession because they care about justice for all, and not just to make a buck.<\/li>\n<li><strong>Find out about a lawyer&#8217;s caseload.<\/strong> If the &#8220;personal touch&#8221; is important to you, ask lawyers about how many cases they handle at a time. We prefer to spend more time on fewer cases, but that&#8217;s not true for all lawyers.<\/li>\n<li><strong>Aseg\u00farese de que su abogado est\u00e1 interesado en educarle. <\/strong>We believe in the power of education, which is why we offer our book, <a href=\"https:\/\/www.amazon.sg\/Common-Mistakes-Wreck-Oregon-Accident\/dp\/1450559816\" target=\"_blank\" rel=\"nofollow noopener\">7 Common Mistakes That Can Wreck Your Oregon Injury Case<\/a>, to all injured Oregonians for free &#8211; even if we can&#8217;t take their case.<\/li>\n<li><strong>Aseg\u00farese de que su abogado tiene un seguro adecuado contra negligencia profesional.<\/strong>\u00a0Every lawyer in Oregon is required to carry at least $300,000 in malpractice insurance. A careful lawyer will carry more than that. Do not be afraid to ask your lawyer how much malpractice insurance they have.<\/li>\n<\/ol>\n<p>These are some general words of advice for hiring a Portland personal injury attorney, but remember that the best way to find an attorney that you&#8217;ll be satisfied with is to know what you&#8217;re looking for-that is, what your needs are, and what is important to you.<\/p>\n<div style=\"margin: 40px 0px 40px 0px;\" align=\"center\">\n<h3 style=\"text-align: left;\">Temas relacionados con los da\u00f1os personales:<\/h3>\n<ul>\n<li style=\"text-align: left;\"><a href=\"https:\/\/pdxinjurylaw.com\/es\/video\/oregon-statutes-of-limitations\/\">Oregon Statutes of Limitations for Personal Injury Claims<\/a><\/li>\n<li style=\"text-align: left;\"><a href=\"https:\/\/pdxinjurylaw.com\/es\/faqs\/portland-attorney-fees\/\">How Much Does a Personal Injury Lawyer Cost?<\/a><\/li>\n<\/ul>\n<\/div>","protected":false},"excerpt":{"rendered":"<p>Finding a Portland Personal Injury Lawyer doesn&#8217;t need to be hard. These are some general rules to follow and things to think about when seeking the best Portland personal injury attorney you can find. Remember, though, that these aren&#8217;t hard and fast rules-exceptions abound, and you&#8217;ll need to figure out what works best for you&#8230;. <a class=\"fancy_link\" href=\"https:\/\/pdxinjurylaw.com\/es\/oregon-injury-resources\/find-good-personal-injury-attorney\/\">leer m\u00e1s<\/a><\/p>","protected":false},"author":7,"featured_media":0,"parent":2836,"menu_order":0,"comment_status":"closed","ping_status":"closed","template":"","meta":{"footnotes":"","_content_optimizer_report_url":"","_content_optimizer_report_added":"","_content_optimizer_keyword_hide_used":false,"_content_optimizer_keyword_hide_above_average":false,"_content_optimizer_entities_hide_used":false,"_content_optimizer_entities_hide_above_average":false,"_content_optimizer_headings_hide_used":false,"_content_optimizer_questions_hide_used":false,"_content_optimizer_tab_active":"","_content_optimizer_report_url_ce":"","_content_optimizer_report_added_ce":"","_content_optimizer_keyword_hide_used_ce":false,"_content_optimizer_keyword_hide_above_average_ce":false,"_content_optimizer_entities_hide_used_ce":false,"_content_optimizer_entities_hide_above_average_ce":false,"_content_optimizer_headings_hide_used_ce":false,"_content_optimizer_questions_hide_used_ce":false,"_content_optimizer_tab_active_ce":""},"class_list":["post-2943","page","type-page","status-publish","hentry"],"yoast_head":"<!-- This site is optimized with the Yoast SEO plugin v27.5 - https:\/\/yoast.com\/product\/yoast-seo-wordpress\/ -->\n<title>Guide to Finding a Good Personal Injury Attorney in Portland<\/title>\n<meta name=\"robots\" content=\"index, follow, max-snippet:-1, max-image-preview:large, max-video-preview:-1\" \/>\n<link rel=\"canonical\" href=\"https:\/\/pdxinjurylaw.com\/es\/oregon-injury-resources\/find-good-personal-injury-attorney\/\" \/>\n<meta property=\"og:locale\" content=\"es_MX\" \/>\n<meta property=\"og:type\" content=\"article\" \/>\n<meta property=\"og:title\" content=\"Guide to Finding a Good Personal Injury Attorney in Portland\" \/>\n<meta property=\"og:description\" content=\"Finding a Portland Personal Injury Lawyer doesn&#8217;t need to be hard. These are some general rules to follow and things to think about when seeking the best Portland personal injury attorney you can find. Remember, though, that these aren&#8217;t hard and fast rules-exceptions abound, and you&#8217;ll need to figure out what works best for you.... read more\" \/>\n<meta property=\"og:url\" content=\"https:\/\/pdxinjurylaw.com\/es\/oregon-injury-resources\/find-good-personal-injury-attorney\/\" \/>\n<meta property=\"og:site_name\" content=\"PDX Injury Law\" \/>\n<meta property=\"article:modified_time\" content=\"2024-07-16T18:50:40+00:00\" \/>\n<meta property=\"og:image\" content=\"https:\/\/pdxinjurylaw.com\/wp-content\/uploads\/2022\/02\/content-image.jpg\" \/>\n<meta name=\"twitter:card\" content=\"summary_large_image\" \/>\n<meta name=\"twitter:label1\" content=\"Tiempo de lectura\" \/>\n\t<meta name=\"twitter:data1\" content=\"4 minutos\" \/>\n<script type=\"application\/ld+json\" class=\"yoast-schema-graph\">{\"@context\":\"https:\\\/\\\/schema.org\",\"@graph\":[{\"@type\":\"WebPage\",\"@id\":\"https:\\\/\\\/pdxinjurylaw.com\\\/oregon-injury-resources\\\/find-good-personal-injury-attorney\\\/\",\"url\":\"https:\\\/\\\/pdxinjurylaw.com\\\/oregon-injury-resources\\\/find-good-personal-injury-attorney\\\/\",\"name\":\"Guide to Finding a Good Personal Injury Attorney in Portland\",\"isPartOf\":{\"@id\":\"https:\\\/\\\/pdxinjurylaw.com\\\/#website\"},\"primaryImageOfPage\":{\"@id\":\"https:\\\/\\\/pdxinjurylaw.com\\\/oregon-injury-resources\\\/find-good-personal-injury-attorney\\\/#primaryimage\"},\"image\":{\"@id\":\"https:\\\/\\\/pdxinjurylaw.com\\\/oregon-injury-resources\\\/find-good-personal-injury-attorney\\\/#primaryimage\"},\"thumbnailUrl\":\"https:\\\/\\\/pdxinjurylaw.com\\\/wp-content\\\/uploads\\\/2022\\\/02\\\/content-image.jpg\",\"datePublished\":\"2011-07-15T03:50:26+00:00\",\"dateModified\":\"2024-07-16T18:50:40+00:00\",\"breadcrumb\":{\"@id\":\"https:\\\/\\\/pdxinjurylaw.com\\\/oregon-injury-resources\\\/find-good-personal-injury-attorney\\\/#breadcrumb\"},\"inLanguage\":\"es\",\"potentialAction\":[{\"@type\":\"ReadAction\",\"target\":[\"https:\\\/\\\/pdxinjurylaw.com\\\/oregon-injury-resources\\\/find-good-personal-injury-attorney\\\/\"]}]},{\"@type\":\"ImageObject\",\"inLanguage\":\"es\",\"@id\":\"https:\\\/\\\/pdxinjurylaw.com\\\/oregon-injury-resources\\\/find-good-personal-injury-attorney\\\/#primaryimage\",\"url\":\"https:\\\/\\\/pdxinjurylaw.com\\\/wp-content\\\/uploads\\\/2022\\\/02\\\/content-image.jpg\",\"contentUrl\":\"https:\\\/\\\/pdxinjurylaw.com\\\/wp-content\\\/uploads\\\/2022\\\/02\\\/content-image.jpg\"},{\"@type\":\"BreadcrumbList\",\"@id\":\"https:\\\/\\\/pdxinjurylaw.com\\\/oregon-injury-resources\\\/find-good-personal-injury-attorney\\\/#breadcrumb\",\"itemListElement\":[{\"@type\":\"ListItem\",\"position\":1,\"name\":\"Home\",\"item\":\"https:\\\/\\\/pdxinjurylaw.com\\\/\"},{\"@type\":\"ListItem\",\"position\":2,\"name\":\"Oregon Injury Resources\",\"item\":\"https:\\\/\\\/pdxinjurylaw.com\\\/oregon-injury-resources\\\/\"},{\"@type\":\"ListItem\",\"position\":3,\"name\":\"Guide to Finding a Good Personal Injury Attorney in Portland\"}]},{\"@type\":\"WebSite\",\"@id\":\"https:\\\/\\\/pdxinjurylaw.com\\\/#website\",\"url\":\"https:\\\/\\\/pdxinjurylaw.com\\\/\",\"name\":\"PDX Injury Law\",\"description\":\"\",\"publisher\":{\"@id\":\"https:\\\/\\\/pdxinjurylaw.com\\\/#organization\"},\"potentialAction\":[{\"@type\":\"SearchAction\",\"target\":{\"@type\":\"EntryPoint\",\"urlTemplate\":\"https:\\\/\\\/pdxinjurylaw.com\\\/?s={search_term_string}\"},\"query-input\":{\"@type\":\"PropertyValueSpecification\",\"valueRequired\":true,\"valueName\":\"search_term_string\"}}],\"inLanguage\":\"es\"},{\"@type\":\"Organization\",\"@id\":\"https:\\\/\\\/pdxinjurylaw.com\\\/#organization\",\"name\":\"PDX Injury Law\",\"url\":\"https:\\\/\\\/pdxinjurylaw.com\\\/\",\"logo\":{\"@type\":\"ImageObject\",\"inLanguage\":\"es\",\"@id\":\"https:\\\/\\\/pdxinjurylaw.com\\\/#\\\/schema\\\/logo\\\/image\\\/\",\"url\":\"https:\\\/\\\/530710ec99.nxcli.io\\\/wp-content\\\/uploads\\\/2021\\\/06\\\/logo-main.png\",\"contentUrl\":\"https:\\\/\\\/530710ec99.nxcli.io\\\/wp-content\\\/uploads\\\/2021\\\/06\\\/logo-main.png\",\"width\":368,\"height\":63,\"caption\":\"PDX Injury Law\"},\"image\":{\"@id\":\"https:\\\/\\\/pdxinjurylaw.com\\\/#\\\/schema\\\/logo\\\/image\\\/\"}}]}<\/script>\n<!-- \/ Yoast SEO plugin. -->","yoast_head_json":{"title":"Guide to Finding a Good Personal Injury Attorney in Portland","robots":{"index":"index","follow":"follow","max-snippet":"max-snippet:-1","max-image-preview":"max-image-preview:large","max-video-preview":"max-video-preview:-1"},"canonical":"https:\/\/pdxinjurylaw.com\/es\/oregon-injury-resources\/find-good-personal-injury-attorney\/","og_locale":"es_MX","og_type":"article","og_title":"Guide to Finding a Good Personal Injury Attorney in Portland","og_description":"Finding a Portland Personal Injury Lawyer doesn&#8217;t need to be hard. These are some general rules to follow and things to think about when seeking the best Portland personal injury attorney you can find. Remember, though, that these aren&#8217;t hard and fast rules-exceptions abound, and you&#8217;ll need to figure out what works best for you.... read more","og_url":"https:\/\/pdxinjurylaw.com\/es\/oregon-injury-resources\/find-good-personal-injury-attorney\/","og_site_name":"PDX Injury Law","article_modified_time":"2024-07-16T18:50:40+00:00","og_image":[{"url":"https:\/\/pdxinjurylaw.com\/wp-content\/uploads\/2022\/02\/content-image.jpg","type":"","width":"","height":""}],"twitter_card":"summary_large_image","twitter_misc":{"Tiempo de lectura":"4 minutos"},"schema":{"@context":"https:\/\/schema.org","@graph":[{"@type":"WebPage","@id":"https:\/\/pdxinjurylaw.com\/oregon-injury-resources\/find-good-personal-injury-attorney\/","url":"https:\/\/pdxinjurylaw.com\/oregon-injury-resources\/find-good-personal-injury-attorney\/","name":"Guide to Finding a Good Personal Injury Attorney in Portland","isPartOf":{"@id":"https:\/\/pdxinjurylaw.com\/#website"},"primaryImageOfPage":{"@id":"https:\/\/pdxinjurylaw.com\/oregon-injury-resources\/find-good-personal-injury-attorney\/#primaryimage"},"image":{"@id":"https:\/\/pdxinjurylaw.com\/oregon-injury-resources\/find-good-personal-injury-attorney\/#primaryimage"},"thumbnailUrl":"https:\/\/pdxinjurylaw.com\/wp-content\/uploads\/2022\/02\/content-image.jpg","datePublished":"2011-07-15T03:50:26+00:00","dateModified":"2024-07-16T18:50:40+00:00","breadcrumb":{"@id":"https:\/\/pdxinjurylaw.com\/oregon-injury-resources\/find-good-personal-injury-attorney\/#breadcrumb"},"inLanguage":"es","potentialAction":[{"@type":"ReadAction","target":["https:\/\/pdxinjurylaw.com\/oregon-injury-resources\/find-good-personal-injury-attorney\/"]}]},{"@type":"ImageObject","inLanguage":"es","@id":"https:\/\/pdxinjurylaw.com\/oregon-injury-resources\/find-good-personal-injury-attorney\/#primaryimage","url":"https:\/\/pdxinjurylaw.com\/wp-content\/uploads\/2022\/02\/content-image.jpg","contentUrl":"https:\/\/pdxinjurylaw.com\/wp-content\/uploads\/2022\/02\/content-image.jpg"},{"@type":"BreadcrumbList","@id":"https:\/\/pdxinjurylaw.com\/oregon-injury-resources\/find-good-personal-injury-attorney\/#breadcrumb","itemListElement":[{"@type":"ListItem","position":1,"name":"Home","item":"https:\/\/pdxinjurylaw.com\/"},{"@type":"ListItem","position":2,"name":"Oregon Injury Resources","item":"https:\/\/pdxinjurylaw.com\/oregon-injury-resources\/"},{"@type":"ListItem","position":3,"name":"Guide to Finding a Good Personal Injury Attorney in Portland"}]},{"@type":"WebSite","@id":"https:\/\/pdxinjurylaw.com\/#website","url":"https:\/\/pdxinjurylaw.com\/","name":"PDX Ley de Lesiones","description":"","publisher":{"@id":"https:\/\/pdxinjurylaw.com\/#organization"},"potentialAction":[{"@type":"SearchAction","target":{"@type":"EntryPoint","urlTemplate":"https:\/\/pdxinjurylaw.com\/?s={search_term_string}"},"query-input":{"@type":"PropertyValueSpecification","valueRequired":true,"valueName":"search_term_string"}}],"inLanguage":"es"},{"@type":"Organization","@id":"https:\/\/pdxinjurylaw.com\/#organization","name":"PDX Ley de Lesiones","url":"https:\/\/pdxinjurylaw.com\/","logo":{"@type":"ImageObject","inLanguage":"es","@id":"https:\/\/pdxinjurylaw.com\/#\/schema\/logo\/image\/","url":"https:\/\/530710ec99.nxcli.io\/wp-content\/uploads\/2021\/06\/logo-main.png","contentUrl":"https:\/\/530710ec99.nxcli.io\/wp-content\/uploads\/2021\/06\/logo-main.png","width":368,"height":63,"caption":"PDX Injury Law"},"image":{"@id":"https:\/\/pdxinjurylaw.com\/#\/schema\/logo\/image\/"}}]}},"acf":[],"_links":{"self":[{"href":"https:\/\/pdxinjurylaw.com\/es\/wp-json\/wp\/v2\/pages\/2943","targetHints":{"allow":["GET"]}}],"collection":[{"href":"https:\/\/pdxinjurylaw.com\/es\/wp-json\/wp\/v2\/pages"}],"about":[{"href":"https:\/\/pdxinjurylaw.com\/es\/wp-json\/wp\/v2\/types\/page"}],"author":[{"embeddable":true,"href":"https:\/\/pdxinjurylaw.com\/es\/wp-json\/wp\/v2\/users\/7"}],"replies":[{"embeddable":true,"href":"https:\/\/pdxinjurylaw.com\/es\/wp-json\/wp\/v2\/comments?post=2943"}],"version-history":[{"count":9,"href":"https:\/\/pdxinjurylaw.com\/es\/wp-json\/wp\/v2\/pages\/2943\/revisions"}],"predecessor-version":[{"id":67630,"href":"https:\/\/pdxinjurylaw.com\/es\/wp-json\/wp\/v2\/pages\/2943\/revisions\/67630"}],"up":[{"embeddable":true,"href":"https:\/\/pdxinjurylaw.com\/es\/wp-json\/wp\/v2\/pages\/2836"}],"wp:attachment":[{"href":"https:\/\/pdxinjurylaw.com\/es\/wp-json\/wp\/v2\/media?parent=2943"}],"curies":[{"name":"wp","href":"https:\/\/api.w.org\/{rel}","templated":true}]}}