{"id":2856,"date":"2011-07-14T17:07:49","date_gmt":"2011-07-15T00:07:49","guid":{"rendered":"http:\/\/chrisac.shudu\/?page_id=2856"},"modified":"2021-09-03T22:30:27","modified_gmt":"2021-09-03T22:30:27","slug":"bio","status":"publish","type":"page","link":"https:\/\/pdxinjurylaw.com\/es\/bio\/","title":{"rendered":"Our Oregon Injury Attorneys"},"content":{"rendered":"<h2>Sean DuBois, Personal Injury Lawyer &#8211; Founder of DuBois Law Group<\/h2>\n<p><img loading=\"lazy\" decoding=\"async\" class=\"alignnone\" style=\"margin-left: 5px; margin-right: 5px; border: 10px solid white;\" title=\"Sean DuBois Portland Personal Injury Lawyer\" src=\"https:\/\/pdxinjurylaw.com\/wp-content\/uploads\/2011\/07\/Sean-150x150.jpg\" alt=\"Portland Personal Injury Lawyer\" width=\"120\" height=\"120\" align=\"left\" \/>Sean DuBois has been named by Super Lawyers magazine for years and has a reputation in the Portland legal community for dedication and great legal expertise. Past clients and legal peers agree that Sean DuBois is one of Portland&#8217;s brightest attorneys.<\/p>\n<h2 style=\"text-align: left;\"><span style=\"color: #000000;\">Our Motto:<\/span><em><span style=\"color: #000000;\"> Fewer Cases. Better Results.<\/span><\/em><\/h2>\n<p>We love our work. This passion makes us better than the average Oregon <a href=\"\/es\/practice-areas\/personal-injury\/\">da\u00f1os personales<\/a> lawyers. In our line of work, there are considerable differences in how lawyers approach their workload. For instance, there are many law firms that take on hundreds, if not thousands of low-value cases, then there are lawyers who focus their time only on a few high-value cases. We are the latter, and we have very strong opinions on the difference in quality between high-volume and low-volume firms.<\/p>\n<p>There is nothing wrong with the convenience of a quick case, but that is not the type of Portland lawyers we are. Because of our commitment, we only take clients that we like. We refuse to take so many cases that we cannot remember our clients&#8217; names. We take only a few cases so that we can spend the quality time that is needed to investigate every dimension of a case.<\/p>\n<h2>Departamento de Litigios<\/h2>\n<p>While some law firms try to settle many of their cases, at DuBois Law Group, we are very proud of our Litigation department&#8217;s commitment to getting our clients the best results, and sometimes that means going to trial. We have an outstanding track record, and we are always willing to fight the fights that need to be fought &#8211; especially against large insurance companies. Comprised of <a href=\"\/es\/meet-the-team\/\">Portland abogados de lesiones<\/a> and staff, our Litigation department is proud of its legal expertise, and understanding of Oregon state and federal law cannot be surpassed.<\/p>\n<p>El departamento de litigios es responsable de determinar la mejor manera de manejar su caso con el fin de obtener la compensaci\u00f3n que se merece por su lesi\u00f3n. Nuestros abogados de lesiones de Portland son expertos en decidir el mejor curso de acci\u00f3n para cada cliente individual.<\/p>\n<h2>Departamento m\u00e9dico<\/h2>\n<p>Our medical department is one of the many things that sets DuBois Law Group apart from other firms. While many firms leave the medical details to the doctors, we take a proactive role in the medical treatments of our clients. We want to help our clients as much as possible during their struggles to deal with an injury. So, we take on a lot of the heavy lifting when it comes to dealing with insurance companies, finding medical records, and determining how medical treatments affect your case.<\/p>\n<p>We can often even recommend specialists from chiropractors and massage therapists to orthopedic surgeons. Overall, our medical department works tirelessly to ensure that all our clients receive the care they need and deserve.<\/p>\n<h2>Departamento de Relaciones con los Clientes<\/h2>\n<p>The entire team at DuBois Law Group wants to make our client experience as satisfactory as possible because we know how difficult a personal injury lawsuit can be for the victim. Our client relations department is in charge of working with clients personally for education and outreach.<\/p>\n<p>If you have questions, concerns, or wish to discuss the manner in which your case is being handled, please let us know. We are happy to discuss your personal needs with you to find solutions. The client relations department always wants you to feel informed and confident in your representation.<\/p>\n<h3>For More Information about our Portland Personal Injury Practice, please read:<\/h3>\n<ul>\n<li><a title=\"Our Portland Staff Bios\" href=\"https:\/\/pdxinjurylaw.com\/es\/bio\/our-portland-staff-bios\/\">Our Personal Injury Staff <\/a><\/li>\n<li><a title=\"Portland Personal Injury Attorney Sean DuBois\" href=\"https:\/\/pdxinjurylaw.com\/es\/bio\/sean-dubois\/\">Sean DuBois, Attorney<\/a><\/li>\n<li><a title=\"Our Personal Injury Attorneys\u00ef\u00bf\u00bd Communication Policy\" href=\"https:\/\/pdxinjurylaw.com\/es\/bio\/injury-attorneys-communication\/\">Our Communication Policy<\/a><\/li>\n<li><a title=\"Our Client Bill of Rights and the Attorney-Client Relationship\" href=\"\/es\/client-bill-of-rights-attorney-client\/\">Client Bill of Rights and Attorney\/Client Relationships<\/a><\/li>\n<li><a href=\"\/es\/practice-areas\/\">Our Personal Injury Practice Areas<\/a><\/li>\n<li><a href=\"https:\/\/pdxinjurylaw.com\/es\/bio\/injury-lawyers-no-win-no-fee\/\">Our NO FEE PROMISE<\/a><\/li>\n<li><a href=\"https:\/\/pdxinjurylaw.com\/es\/bio\/super-lawyers\/\">Our Portland Attorneys are Super Lawyers!<\/a><\/li>\n<li><a title=\"Why We\u2019re Different\" href=\"https:\/\/pdxinjurylaw.com\/es\/bio\/why-were-different\/\">Why Our Portland Personal Injury Attorneys are Different<\/a><\/li>\n<\/ul>","protected":false},"excerpt":{"rendered":"<p>Sean DuBois, Personal Injury Lawyer &#8211; Founder of DuBois Law Group Sean DuBois has been named by Super Lawyers magazine for years and has a reputation in the Portland legal community for dedication and great legal expertise. Past clients and legal peers agree that Sean DuBois is one of Portland&#8217;s brightest attorneys. Our Motto: Fewer&#8230; <a class=\"fancy_link\" href=\"https:\/\/pdxinjurylaw.com\/es\/bio\/\">leer m\u00e1s<\/a><\/p>","protected":false},"author":7,"featured_media":18757,"parent":0,"menu_order":0,"comment_status":"open","ping_status":"open","template":"","meta":{"footnotes":"","_content_optimizer_report_url":"","_content_optimizer_report_added":"","_content_optimizer_keyword_hide_used":false,"_content_optimizer_keyword_hide_above_average":false,"_content_optimizer_entities_hide_used":false,"_content_optimizer_entities_hide_above_average":false,"_content_optimizer_headings_hide_used":false,"_content_optimizer_questions_hide_used":false,"_content_optimizer_tab_active":"","_content_optimizer_report_url_ce":"","_content_optimizer_report_added_ce":"","_content_optimizer_keyword_hide_used_ce":false,"_content_optimizer_keyword_hide_above_average_ce":false,"_content_optimizer_entities_hide_used_ce":false,"_content_optimizer_entities_hide_above_average_ce":false,"_content_optimizer_headings_hide_used_ce":false,"_content_optimizer_questions_hide_used_ce":false,"_content_optimizer_tab_active_ce":""},"class_list":["post-2856","page","type-page","status-publish","has-post-thumbnail","hentry"],"yoast_head":"<!-- This site is optimized with the Yoast SEO plugin v27.4 - https:\/\/yoast.com\/product\/yoast-seo-wordpress\/ -->\n<title>Oregon Injury Lawyers | DuBois Law Group<\/title>\n<meta name=\"description\" content=\"Need an injury lawyer in Oregon? Our attorneys are here to help. Call now for a FREE consultation. (503) 222-4411\" \/>\n<meta name=\"robots\" content=\"index, follow, max-snippet:-1, max-image-preview:large, max-video-preview:-1\" \/>\n<link rel=\"canonical\" href=\"https:\/\/pdxinjurylaw.com\/es\/bio\/\" \/>\n<meta property=\"og:locale\" content=\"es_MX\" \/>\n<meta property=\"og:type\" content=\"article\" \/>\n<meta property=\"og:title\" content=\"Oregon Injury Lawyers | DuBois Law Group\" \/>\n<meta property=\"og:description\" content=\"Need an injury lawyer in Oregon? Our attorneys are here to help. Call now for a FREE consultation. (503) 222-4411\" \/>\n<meta property=\"og:url\" content=\"https:\/\/pdxinjurylaw.com\/es\/bio\/\" \/>\n<meta property=\"og:site_name\" content=\"PDX Injury Law\" \/>\n<meta property=\"article:modified_time\" content=\"2021-09-03T22:30:27+00:00\" \/>\n<meta name=\"twitter:card\" content=\"summary_large_image\" \/>\n<meta name=\"twitter:label1\" content=\"Tiempo de lectura\" \/>\n\t<meta name=\"twitter:data1\" content=\"3 minutos\" \/>\n<script type=\"application\/ld+json\" class=\"yoast-schema-graph\">{\"@context\":\"https:\\\/\\\/schema.org\",\"@graph\":[{\"@type\":\"WebPage\",\"@id\":\"https:\\\/\\\/pdxinjurylaw.com\\\/bio\\\/\",\"url\":\"https:\\\/\\\/pdxinjurylaw.com\\\/bio\\\/\",\"name\":\"Oregon Injury Lawyers | DuBois Law Group\",\"isPartOf\":{\"@id\":\"https:\\\/\\\/pdxinjurylaw.com\\\/#website\"},\"primaryImageOfPage\":{\"@id\":\"https:\\\/\\\/pdxinjurylaw.com\\\/bio\\\/#primaryimage\"},\"image\":{\"@id\":\"https:\\\/\\\/pdxinjurylaw.com\\\/bio\\\/#primaryimage\"},\"thumbnailUrl\":\"\",\"datePublished\":\"2011-07-15T00:07:49+00:00\",\"dateModified\":\"2021-09-03T22:30:27+00:00\",\"description\":\"Need an injury lawyer in Oregon? Our attorneys are here to help. Call now for a FREE consultation. (503) 222-4411\",\"breadcrumb\":{\"@id\":\"https:\\\/\\\/pdxinjurylaw.com\\\/bio\\\/#breadcrumb\"},\"inLanguage\":\"es\",\"potentialAction\":[{\"@type\":\"ReadAction\",\"target\":[\"https:\\\/\\\/pdxinjurylaw.com\\\/bio\\\/\"]}]},{\"@type\":\"ImageObject\",\"inLanguage\":\"es\",\"@id\":\"https:\\\/\\\/pdxinjurylaw.com\\\/bio\\\/#primaryimage\",\"url\":\"\",\"contentUrl\":\"\"},{\"@type\":\"BreadcrumbList\",\"@id\":\"https:\\\/\\\/pdxinjurylaw.com\\\/bio\\\/#breadcrumb\",\"itemListElement\":[{\"@type\":\"ListItem\",\"position\":1,\"name\":\"Home\",\"item\":\"https:\\\/\\\/pdxinjurylaw.com\\\/\"},{\"@type\":\"ListItem\",\"position\":2,\"name\":\"Our Oregon Injury Attorneys\"}]},{\"@type\":\"WebSite\",\"@id\":\"https:\\\/\\\/pdxinjurylaw.com\\\/#website\",\"url\":\"https:\\\/\\\/pdxinjurylaw.com\\\/\",\"name\":\"PDX Injury Law\",\"description\":\"\",\"publisher\":{\"@id\":\"https:\\\/\\\/pdxinjurylaw.com\\\/#organization\"},\"potentialAction\":[{\"@type\":\"SearchAction\",\"target\":{\"@type\":\"EntryPoint\",\"urlTemplate\":\"https:\\\/\\\/pdxinjurylaw.com\\\/?s={search_term_string}\"},\"query-input\":{\"@type\":\"PropertyValueSpecification\",\"valueRequired\":true,\"valueName\":\"search_term_string\"}}],\"inLanguage\":\"es\"},{\"@type\":\"Organization\",\"@id\":\"https:\\\/\\\/pdxinjurylaw.com\\\/#organization\",\"name\":\"PDX Injury Law\",\"url\":\"https:\\\/\\\/pdxinjurylaw.com\\\/\",\"logo\":{\"@type\":\"ImageObject\",\"inLanguage\":\"es\",\"@id\":\"https:\\\/\\\/pdxinjurylaw.com\\\/#\\\/schema\\\/logo\\\/image\\\/\",\"url\":\"https:\\\/\\\/530710ec99.nxcli.io\\\/wp-content\\\/uploads\\\/2021\\\/06\\\/logo-main.png\",\"contentUrl\":\"https:\\\/\\\/530710ec99.nxcli.io\\\/wp-content\\\/uploads\\\/2021\\\/06\\\/logo-main.png\",\"width\":368,\"height\":63,\"caption\":\"PDX Injury Law\"},\"image\":{\"@id\":\"https:\\\/\\\/pdxinjurylaw.com\\\/#\\\/schema\\\/logo\\\/image\\\/\"}}]}<\/script>\n<!-- \/ Yoast SEO plugin. -->","yoast_head_json":{"title":"Oregon Injury Lawyers | DuBois Law Group","description":"Need an injury lawyer in Oregon? Our attorneys are here to help. Call now for a FREE consultation. (503) 222-4411","robots":{"index":"index","follow":"follow","max-snippet":"max-snippet:-1","max-image-preview":"max-image-preview:large","max-video-preview":"max-video-preview:-1"},"canonical":"https:\/\/pdxinjurylaw.com\/es\/bio\/","og_locale":"es_MX","og_type":"article","og_title":"Oregon Injury Lawyers | DuBois Law Group","og_description":"Need an injury lawyer in Oregon? Our attorneys are here to help. Call now for a FREE consultation. (503) 222-4411","og_url":"https:\/\/pdxinjurylaw.com\/es\/bio\/","og_site_name":"PDX Injury Law","article_modified_time":"2021-09-03T22:30:27+00:00","twitter_card":"summary_large_image","twitter_misc":{"Tiempo de lectura":"3 minutos"},"schema":{"@context":"https:\/\/schema.org","@graph":[{"@type":"WebPage","@id":"https:\/\/pdxinjurylaw.com\/bio\/","url":"https:\/\/pdxinjurylaw.com\/bio\/","name":"Oregon Injury Lawyers | DuBois Law Group","isPartOf":{"@id":"https:\/\/pdxinjurylaw.com\/#website"},"primaryImageOfPage":{"@id":"https:\/\/pdxinjurylaw.com\/bio\/#primaryimage"},"image":{"@id":"https:\/\/pdxinjurylaw.com\/bio\/#primaryimage"},"thumbnailUrl":"","datePublished":"2011-07-15T00:07:49+00:00","dateModified":"2021-09-03T22:30:27+00:00","description":"Need an injury lawyer in Oregon? Our attorneys are here to help. Call now for a FREE consultation. (503) 222-4411","breadcrumb":{"@id":"https:\/\/pdxinjurylaw.com\/bio\/#breadcrumb"},"inLanguage":"es","potentialAction":[{"@type":"ReadAction","target":["https:\/\/pdxinjurylaw.com\/bio\/"]}]},{"@type":"ImageObject","inLanguage":"es","@id":"https:\/\/pdxinjurylaw.com\/bio\/#primaryimage","url":"","contentUrl":""},{"@type":"BreadcrumbList","@id":"https:\/\/pdxinjurylaw.com\/bio\/#breadcrumb","itemListElement":[{"@type":"ListItem","position":1,"name":"Home","item":"https:\/\/pdxinjurylaw.com\/"},{"@type":"ListItem","position":2,"name":"Our Oregon Injury Attorneys"}]},{"@type":"WebSite","@id":"https:\/\/pdxinjurylaw.com\/#website","url":"https:\/\/pdxinjurylaw.com\/","name":"PDX Ley de Lesiones","description":"","publisher":{"@id":"https:\/\/pdxinjurylaw.com\/#organization"},"potentialAction":[{"@type":"SearchAction","target":{"@type":"EntryPoint","urlTemplate":"https:\/\/pdxinjurylaw.com\/?s={search_term_string}"},"query-input":{"@type":"PropertyValueSpecification","valueRequired":true,"valueName":"search_term_string"}}],"inLanguage":"es"},{"@type":"Organization","@id":"https:\/\/pdxinjurylaw.com\/#organization","name":"PDX Ley de Lesiones","url":"https:\/\/pdxinjurylaw.com\/","logo":{"@type":"ImageObject","inLanguage":"es","@id":"https:\/\/pdxinjurylaw.com\/#\/schema\/logo\/image\/","url":"https:\/\/530710ec99.nxcli.io\/wp-content\/uploads\/2021\/06\/logo-main.png","contentUrl":"https:\/\/530710ec99.nxcli.io\/wp-content\/uploads\/2021\/06\/logo-main.png","width":368,"height":63,"caption":"PDX Injury Law"},"image":{"@id":"https:\/\/pdxinjurylaw.com\/#\/schema\/logo\/image\/"}}]}},"acf":[],"_links":{"self":[{"href":"https:\/\/pdxinjurylaw.com\/es\/wp-json\/wp\/v2\/pages\/2856","targetHints":{"allow":["GET"]}}],"collection":[{"href":"https:\/\/pdxinjurylaw.com\/es\/wp-json\/wp\/v2\/pages"}],"about":[{"href":"https:\/\/pdxinjurylaw.com\/es\/wp-json\/wp\/v2\/types\/page"}],"author":[{"embeddable":true,"href":"https:\/\/pdxinjurylaw.com\/es\/wp-json\/wp\/v2\/users\/7"}],"replies":[{"embeddable":true,"href":"https:\/\/pdxinjurylaw.com\/es\/wp-json\/wp\/v2\/comments?post=2856"}],"version-history":[{"count":0,"href":"https:\/\/pdxinjurylaw.com\/es\/wp-json\/wp\/v2\/pages\/2856\/revisions"}],"wp:featuredmedia":[{"embeddable":true,"href":"https:\/\/pdxinjurylaw.com\/es\/wp-json\/"}],"wp:attachment":[{"href":"https:\/\/pdxinjurylaw.com\/es\/wp-json\/wp\/v2\/media?parent=2856"}],"curies":[{"name":"wp","href":"https:\/\/api.w.org\/{rel}","templated":true}]}}