{"id":19123,"date":"2016-03-17T11:02:06","date_gmt":"2016-03-17T18:02:06","guid":{"rendered":"https:\/\/pdxinjurylaw.com\/?post_type=faqs&#038;p=19123"},"modified":"2022-04-01T16:01:30","modified_gmt":"2022-04-01T16:01:30","slug":"common-auto-accident-injuries","status":"publish","type":"page","link":"https:\/\/pdxinjurylaw.com\/es\/faqs\/common-auto-accident-injuries\/","title":{"rendered":"Common Auto Accident Injuries"},"content":{"rendered":"<p>Well, there are many types of injuries, and no person&#8217;s symptoms and treatment are ever the same BUT here are some of the most common auto accident injuries.<\/p>\n<p><strong><img loading=\"lazy\" decoding=\"async\" class=\"aligncenter wp-image-16370 size-medium\" style=\"border: 2px solid black;\" src=\"https:\/\/pdxinjurylaw.com\/wp-content\/uploads\/2011\/12\/injuries_from_car_accidents_portland-oregon-300x184.png\" alt=\"common car accident injuries portland oregon\" width=\"300\" height=\"184\" align=\"middle\" \/><\/strong><\/p>\n<ol>\n<li>\n<h4><strong>Herniated Disk<\/strong><\/h4>\n<p><span class=\"Apple-style-span\">One of the most common car crash injuries is a herniated disk. A herniated, or \u201cslipped,\u201d disk occurs when the disk between spinal vertebrae moves out of place and the nerves can become pinched. If you have a herniated disk, these are common auto accident injuries that require more serious and long-term treatment.<\/span><\/li>\n<li>\n<h4><strong>Bulging Disk<\/strong><\/h4>\n<p>Cuando un trozo de cart\u00edlago de la espalda sobresale hacia un lado de la m\u00e9dula espinal o hacia atr\u00e1s, la lesi\u00f3n se denomina hernia discal. Aunque este tipo de lesi\u00f3n es m\u00e1s frecuente en la zona lumbar, tambi\u00e9n puede producirse, con bastante dolor, en el cuello, sobre todo en los casos en que la v\u00edctima ha sufrido un latigazo cervical. Las personas que han sufrido lesiones en un accidente de coche o de moto, o las que se han ca\u00eddo torpemente, ser\u00edan vulnerables a este tipo de lesi\u00f3n de la m\u00e9dula espinal.<\/li>\n<li>\n<h4><strong>Latigazo cervical<\/strong><\/h4>\n<p>Whiplash is an injury that occurs following damage to the neck, and is another of the most common auto accident injuries. This condition is common as a result of injuries sustained in automobile accidents. The neck pain associated with whiplash may be obvious immediately after the injury or it may not show up for several days.<\/li>\n<li>\n<h4><strong>Conmoci\u00f3n cerebral<\/strong><\/h4>\n<p>One of the most distressing injuries a person can receive is a concussion. You hear a lot about it in sports, particularly football, but when it happens as the result of a bicycle accident or a car crash, it\u2019s not nearly so glamorous. However, it is equally devastating, worrying and potentially dangerous. At its root, it\u2019s a brain injury, and if something like this has happened to you in Oregon, it\u2019s critical that you get proper medical advice.<\/li>\n<li>\n<h4><strong>Shoulder Injuries<\/strong><\/h4>\n<p>The shoulder is one of the most complex areas of the body. Bones, ligaments, tendons, soft tissues, cartilage and a large joint area all make up the shoulder, making it an extremely vulnerable region susceptible to injury in a car crash. Portland personal injury lawyers see all types of shoulder injuries, some more debilitating than others. It\u2019s an area where clients often ask: Can I get compensation for shoulder pain after a car accident? The short answer is \u201cyes,\u201d depending, of course, on a number of factors.<\/li>\n<li>\n<h4><strong>Torn Rotator Cuffs<\/strong><\/h4>\n<p>One of the most common injuries that occur when a driver is involved in a side-impact or T-bone type collision is a\u00a0painful tear of a composite of the four major muscles and tendon fibers that join to the upper half of the capsule of the shoulder joint. In ordinary, everyday language, this is known as the rotator cuff. Any Oregon driver who has experienced such an injury should seriously consider retaining the services of an experienced\u00a0Portland personal injury lawyer. Why? Because traditionally, insurance companies have offered far less than the proportional average for this type of claim.<\/li>\n<li>\n<h4><strong>Lesiones medulares<\/strong><\/h4>\n<p>Back injuries can be one of the most terrifying consequences of a car accident but are still very common injuries after a can accident. Besides the extreme pain, the fear of paralysis or other serious long-term effects makes spinal cord injuries among the most dreaded of all. A broken leg will heal. Cuts and bruises fade, but damage to the spine means a lifetime of suffering. In Oregon, people who suffer spinal cord injuries in a car accident frequently seek the help of a \u00a0Portland personal injury attorney to steer them through the process of getting the compensation that will help fund the treatment and lifestyle changes these horrific injuries often require.<\/li>\n<li>\n<h4><strong>Knee, Hip and Thigh Injuries<a href=\"https:\/\/pdxinjurylaw.com\/es\/blog\/catastrophic-injury-accidents\/knee-hip-thigh-injuries\/\"><br \/>\n<\/a><\/strong><\/h4>\n<p>When a car or truck is in a front-end collision, a steering wheel can slam down on the driver\u2019s legs with sickening force. The dashboard may collapse onto the front seat passenger\u2019s legs, and anyone in the vehicle could be thrown around the interior if the car rolls or slams into another object after the initial impact. In such instances, and particularly for those traveling in the front of the vehicle, the knees, hips, and thighs can sustain severe damage. These knee, hip, and thigh injuries after a car crash can be serious and long-term.<\/li>\n<li>\n<h4><strong>Ankle Injuries<a href=\"https:\/\/pdxinjurylaw.com\/es\/blog\/pedestrian-accident\/ankle-injuries-after-an-accident\/\"><br \/>\n<\/a><\/strong><\/h4>\n<p>The ankle joint is one of the most important, load-bearing parts of the body.\u00a0 It must combine flexibility, stability, and strength to support the entire weight of the body while at the same time performing a wide range of movements. In a car accident, the stresses caused by a sudden, violent impact can do terrible damage to this joint, and Portland personal injury attorneys make many claims every year on behalf of people who have suffered ankle injuries after an accident.<\/li>\n<\/ol>","protected":false},"excerpt":{"rendered":"<p>Well, there are many types of injuries, and no person&#8217;s symptoms and treatment are ever the same BUT here are some of the most common auto accident injuries. Herniated Disk One of the most common car crash injuries is a herniated disk. A herniated, or \u201cslipped,\u201d disk occurs when the disk between spinal vertebrae moves&#8230; <a class=\"fancy_link\" href=\"https:\/\/pdxinjurylaw.com\/es\/faqs\/common-auto-accident-injuries\/\">leer m\u00e1s<\/a><\/p>","protected":false},"author":7,"featured_media":0,"parent":63509,"menu_order":0,"comment_status":"closed","ping_status":"closed","template":"","meta":{"footnotes":"","_content_optimizer_report_url":"","_content_optimizer_report_added":"","_content_optimizer_keyword_hide_used":false,"_content_optimizer_keyword_hide_above_average":false,"_content_optimizer_entities_hide_used":false,"_content_optimizer_entities_hide_above_average":false,"_content_optimizer_headings_hide_used":false,"_content_optimizer_questions_hide_used":false,"_content_optimizer_tab_active":"","_content_optimizer_report_url_ce":"","_content_optimizer_report_added_ce":"","_content_optimizer_keyword_hide_used_ce":false,"_content_optimizer_keyword_hide_above_average_ce":false,"_content_optimizer_entities_hide_used_ce":false,"_content_optimizer_entities_hide_above_average_ce":false,"_content_optimizer_headings_hide_used_ce":false,"_content_optimizer_questions_hide_used_ce":false,"_content_optimizer_tab_active_ce":""},"class_list":["post-19123","page","type-page","status-publish","hentry"],"yoast_head":"<!-- This site is optimized with the Yoast SEO plugin v27.4 - https:\/\/yoast.com\/product\/yoast-seo-wordpress\/ -->\n<title>Common Auto Accident Injuries<\/title>\n<meta name=\"robots\" content=\"index, follow, max-snippet:-1, max-image-preview:large, max-video-preview:-1\" \/>\n<link rel=\"canonical\" href=\"https:\/\/pdxinjurylaw.com\/es\/faqs\/common-auto-accident-injuries\/\" \/>\n<meta property=\"og:locale\" content=\"es_MX\" \/>\n<meta property=\"og:type\" content=\"article\" \/>\n<meta property=\"og:title\" content=\"Common Auto Accident Injuries\" \/>\n<meta property=\"og:description\" content=\"Well, there are many types of injuries, and no person&#8217;s symptoms and treatment are ever the same BUT here are some of the most common auto accident injuries. Herniated Disk One of the most common car crash injuries is a herniated disk. A herniated, or \u201cslipped,\u201d disk occurs when the disk between spinal vertebrae moves... read more\" \/>\n<meta property=\"og:url\" content=\"https:\/\/pdxinjurylaw.com\/es\/faqs\/common-auto-accident-injuries\/\" \/>\n<meta property=\"og:site_name\" content=\"PDX Injury Law\" \/>\n<meta property=\"article:modified_time\" content=\"2022-04-01T16:01:30+00:00\" \/>\n<meta property=\"og:image\" content=\"https:\/\/pdxinjurylaw.com\/wp-content\/uploads\/2011\/12\/injuries_from_car_accidents_portland-oregon-300x184.png\" \/>\n<meta name=\"twitter:card\" content=\"summary_large_image\" \/>\n<meta name=\"twitter:label1\" content=\"Tiempo de lectura\" \/>\n\t<meta name=\"twitter:data1\" content=\"4 minutos\" \/>\n<script type=\"application\/ld+json\" class=\"yoast-schema-graph\">{\"@context\":\"https:\\\/\\\/schema.org\",\"@graph\":[{\"@type\":\"WebPage\",\"@id\":\"https:\\\/\\\/pdxinjurylaw.com\\\/faqs\\\/common-auto-accident-injuries\\\/\",\"url\":\"https:\\\/\\\/pdxinjurylaw.com\\\/faqs\\\/common-auto-accident-injuries\\\/\",\"name\":\"Common Auto Accident Injuries\",\"isPartOf\":{\"@id\":\"https:\\\/\\\/pdxinjurylaw.com\\\/#website\"},\"primaryImageOfPage\":{\"@id\":\"https:\\\/\\\/pdxinjurylaw.com\\\/faqs\\\/common-auto-accident-injuries\\\/#primaryimage\"},\"image\":{\"@id\":\"https:\\\/\\\/pdxinjurylaw.com\\\/faqs\\\/common-auto-accident-injuries\\\/#primaryimage\"},\"thumbnailUrl\":\"https:\\\/\\\/pdxinjurylaw.com\\\/wp-content\\\/uploads\\\/2011\\\/12\\\/injuries_from_car_accidents_portland-oregon-300x184.png\",\"datePublished\":\"2016-03-17T18:02:06+00:00\",\"dateModified\":\"2022-04-01T16:01:30+00:00\",\"breadcrumb\":{\"@id\":\"https:\\\/\\\/pdxinjurylaw.com\\\/faqs\\\/common-auto-accident-injuries\\\/#breadcrumb\"},\"inLanguage\":\"es\",\"potentialAction\":[{\"@type\":\"ReadAction\",\"target\":[\"https:\\\/\\\/pdxinjurylaw.com\\\/faqs\\\/common-auto-accident-injuries\\\/\"]}]},{\"@type\":\"ImageObject\",\"inLanguage\":\"es\",\"@id\":\"https:\\\/\\\/pdxinjurylaw.com\\\/faqs\\\/common-auto-accident-injuries\\\/#primaryimage\",\"url\":\"https:\\\/\\\/pdxinjurylaw.com\\\/wp-content\\\/uploads\\\/2011\\\/12\\\/injuries_from_car_accidents_portland-oregon-300x184.png\",\"contentUrl\":\"https:\\\/\\\/pdxinjurylaw.com\\\/wp-content\\\/uploads\\\/2011\\\/12\\\/injuries_from_car_accidents_portland-oregon-300x184.png\"},{\"@type\":\"BreadcrumbList\",\"@id\":\"https:\\\/\\\/pdxinjurylaw.com\\\/faqs\\\/common-auto-accident-injuries\\\/#breadcrumb\",\"itemListElement\":[{\"@type\":\"ListItem\",\"position\":1,\"name\":\"Home\",\"item\":\"https:\\\/\\\/pdxinjurylaw.com\\\/\"},{\"@type\":\"ListItem\",\"position\":2,\"name\":\"Personal Injury FAQs\",\"item\":\"https:\\\/\\\/pdxinjurylaw.com\\\/faqs\\\/\"},{\"@type\":\"ListItem\",\"position\":3,\"name\":\"Common Auto Accident Injuries\"}]},{\"@type\":\"WebSite\",\"@id\":\"https:\\\/\\\/pdxinjurylaw.com\\\/#website\",\"url\":\"https:\\\/\\\/pdxinjurylaw.com\\\/\",\"name\":\"PDX Injury Law\",\"description\":\"\",\"publisher\":{\"@id\":\"https:\\\/\\\/pdxinjurylaw.com\\\/#organization\"},\"potentialAction\":[{\"@type\":\"SearchAction\",\"target\":{\"@type\":\"EntryPoint\",\"urlTemplate\":\"https:\\\/\\\/pdxinjurylaw.com\\\/?s={search_term_string}\"},\"query-input\":{\"@type\":\"PropertyValueSpecification\",\"valueRequired\":true,\"valueName\":\"search_term_string\"}}],\"inLanguage\":\"es\"},{\"@type\":\"Organization\",\"@id\":\"https:\\\/\\\/pdxinjurylaw.com\\\/#organization\",\"name\":\"PDX Injury Law\",\"url\":\"https:\\\/\\\/pdxinjurylaw.com\\\/\",\"logo\":{\"@type\":\"ImageObject\",\"inLanguage\":\"es\",\"@id\":\"https:\\\/\\\/pdxinjurylaw.com\\\/#\\\/schema\\\/logo\\\/image\\\/\",\"url\":\"https:\\\/\\\/530710ec99.nxcli.io\\\/wp-content\\\/uploads\\\/2021\\\/06\\\/logo-main.png\",\"contentUrl\":\"https:\\\/\\\/530710ec99.nxcli.io\\\/wp-content\\\/uploads\\\/2021\\\/06\\\/logo-main.png\",\"width\":368,\"height\":63,\"caption\":\"PDX Injury Law\"},\"image\":{\"@id\":\"https:\\\/\\\/pdxinjurylaw.com\\\/#\\\/schema\\\/logo\\\/image\\\/\"}}]}<\/script>\n<!-- \/ Yoast SEO plugin. -->","yoast_head_json":{"title":"Common Auto Accident Injuries","robots":{"index":"index","follow":"follow","max-snippet":"max-snippet:-1","max-image-preview":"max-image-preview:large","max-video-preview":"max-video-preview:-1"},"canonical":"https:\/\/pdxinjurylaw.com\/es\/faqs\/common-auto-accident-injuries\/","og_locale":"es_MX","og_type":"article","og_title":"Common Auto Accident Injuries","og_description":"Well, there are many types of injuries, and no person&#8217;s symptoms and treatment are ever the same BUT here are some of the most common auto accident injuries. Herniated Disk One of the most common car crash injuries is a herniated disk. A herniated, or \u201cslipped,\u201d disk occurs when the disk between spinal vertebrae moves... read more","og_url":"https:\/\/pdxinjurylaw.com\/es\/faqs\/common-auto-accident-injuries\/","og_site_name":"PDX Injury Law","article_modified_time":"2022-04-01T16:01:30+00:00","og_image":[{"url":"https:\/\/pdxinjurylaw.com\/wp-content\/uploads\/2011\/12\/injuries_from_car_accidents_portland-oregon-300x184.png","type":"","width":"","height":""}],"twitter_card":"summary_large_image","twitter_misc":{"Tiempo de lectura":"4 minutos"},"schema":{"@context":"https:\/\/schema.org","@graph":[{"@type":"WebPage","@id":"https:\/\/pdxinjurylaw.com\/faqs\/common-auto-accident-injuries\/","url":"https:\/\/pdxinjurylaw.com\/faqs\/common-auto-accident-injuries\/","name":"Common Auto Accident Injuries","isPartOf":{"@id":"https:\/\/pdxinjurylaw.com\/#website"},"primaryImageOfPage":{"@id":"https:\/\/pdxinjurylaw.com\/faqs\/common-auto-accident-injuries\/#primaryimage"},"image":{"@id":"https:\/\/pdxinjurylaw.com\/faqs\/common-auto-accident-injuries\/#primaryimage"},"thumbnailUrl":"https:\/\/pdxinjurylaw.com\/wp-content\/uploads\/2011\/12\/injuries_from_car_accidents_portland-oregon-300x184.png","datePublished":"2016-03-17T18:02:06+00:00","dateModified":"2022-04-01T16:01:30+00:00","breadcrumb":{"@id":"https:\/\/pdxinjurylaw.com\/faqs\/common-auto-accident-injuries\/#breadcrumb"},"inLanguage":"es","potentialAction":[{"@type":"ReadAction","target":["https:\/\/pdxinjurylaw.com\/faqs\/common-auto-accident-injuries\/"]}]},{"@type":"ImageObject","inLanguage":"es","@id":"https:\/\/pdxinjurylaw.com\/faqs\/common-auto-accident-injuries\/#primaryimage","url":"https:\/\/pdxinjurylaw.com\/wp-content\/uploads\/2011\/12\/injuries_from_car_accidents_portland-oregon-300x184.png","contentUrl":"https:\/\/pdxinjurylaw.com\/wp-content\/uploads\/2011\/12\/injuries_from_car_accidents_portland-oregon-300x184.png"},{"@type":"BreadcrumbList","@id":"https:\/\/pdxinjurylaw.com\/faqs\/common-auto-accident-injuries\/#breadcrumb","itemListElement":[{"@type":"ListItem","position":1,"name":"Home","item":"https:\/\/pdxinjurylaw.com\/"},{"@type":"ListItem","position":2,"name":"Personal Injury FAQs","item":"https:\/\/pdxinjurylaw.com\/faqs\/"},{"@type":"ListItem","position":3,"name":"Common Auto Accident Injuries"}]},{"@type":"WebSite","@id":"https:\/\/pdxinjurylaw.com\/#website","url":"https:\/\/pdxinjurylaw.com\/","name":"PDX Ley de Lesiones","description":"","publisher":{"@id":"https:\/\/pdxinjurylaw.com\/#organization"},"potentialAction":[{"@type":"SearchAction","target":{"@type":"EntryPoint","urlTemplate":"https:\/\/pdxinjurylaw.com\/?s={search_term_string}"},"query-input":{"@type":"PropertyValueSpecification","valueRequired":true,"valueName":"search_term_string"}}],"inLanguage":"es"},{"@type":"Organization","@id":"https:\/\/pdxinjurylaw.com\/#organization","name":"PDX Ley de Lesiones","url":"https:\/\/pdxinjurylaw.com\/","logo":{"@type":"ImageObject","inLanguage":"es","@id":"https:\/\/pdxinjurylaw.com\/#\/schema\/logo\/image\/","url":"https:\/\/530710ec99.nxcli.io\/wp-content\/uploads\/2021\/06\/logo-main.png","contentUrl":"https:\/\/530710ec99.nxcli.io\/wp-content\/uploads\/2021\/06\/logo-main.png","width":368,"height":63,"caption":"PDX Injury Law"},"image":{"@id":"https:\/\/pdxinjurylaw.com\/#\/schema\/logo\/image\/"}}]}},"acf":[],"_links":{"self":[{"href":"https:\/\/pdxinjurylaw.com\/es\/wp-json\/wp\/v2\/pages\/19123","targetHints":{"allow":["GET"]}}],"collection":[{"href":"https:\/\/pdxinjurylaw.com\/es\/wp-json\/wp\/v2\/pages"}],"about":[{"href":"https:\/\/pdxinjurylaw.com\/es\/wp-json\/wp\/v2\/types\/page"}],"author":[{"embeddable":true,"href":"https:\/\/pdxinjurylaw.com\/es\/wp-json\/wp\/v2\/users\/7"}],"replies":[{"embeddable":true,"href":"https:\/\/pdxinjurylaw.com\/es\/wp-json\/wp\/v2\/comments?post=19123"}],"version-history":[{"count":2,"href":"https:\/\/pdxinjurylaw.com\/es\/wp-json\/wp\/v2\/pages\/19123\/revisions"}],"predecessor-version":[{"id":66079,"href":"https:\/\/pdxinjurylaw.com\/es\/wp-json\/wp\/v2\/pages\/19123\/revisions\/66079"}],"up":[{"embeddable":true,"href":"https:\/\/pdxinjurylaw.com\/es\/wp-json\/wp\/v2\/pages\/63509"}],"wp:attachment":[{"href":"https:\/\/pdxinjurylaw.com\/es\/wp-json\/wp\/v2\/media?parent=19123"}],"curies":[{"name":"wp","href":"https:\/\/api.w.org\/{rel}","templated":true}]}}