{"id":19109,"date":"2016-03-16T11:04:44","date_gmt":"2016-03-16T18:04:44","guid":{"rendered":"https:\/\/pdxinjurylaw.com\/?post_type=practice_areas&#038;p=19109"},"modified":"2023-06-27T16:04:36","modified_gmt":"2023-06-27T16:04:36","slug":"hit-run-accidents","status":"publish","type":"page","link":"https:\/\/pdxinjurylaw.com\/es\/practice-areas\/hit-run-accidents\/","title":{"rendered":"Portland Atropello y Fuga Abogado de Accidente"},"content":{"rendered":"<p>Como abogados de accidentes de atropello y fuga en Portland, podemos ayudarle de varias maneras, incluyendo accidentes de atropello y fuga. Nuestra experiencia con este tipo de casos nos permite comprender todas las complejidades de su situaci\u00f3n, y entendemos su necesidad de justicia.<\/p>\n<p>Si no se encuentra el conductor del atropello,\u00a0<b>nuestros abogados de accidentes de atropello y fuga pueden ayudarle a obtener una indemnizaci\u00f3n a trav\u00e9s de su propia cobertura de motorista sin seguro y con seguro insuficiente en su p\u00f3liza de autom\u00f3vil.<\/b><\/p>\n<p>Si usted o un ser querido ha sufrido lesiones graves en un accidente de atropello y fuga, presentar un informe de la polic\u00eda, obtener la informaci\u00f3n de contacto de los testigos, y llame a nuestra oficina al (503) 222-4411 o env\u00edenos la informaci\u00f3n de su caso en l\u00ednea para un\u00a0<b>Evaluaci\u00f3n GRATUITA del caso<\/b>. Empiece hoy mismo a informarse sobre sus derechos y opciones legales con nuestros abogados expertos.<\/p>\n<h2><strong>\u00bfPor qu\u00e9 elegir un Portland Hit And Run Abogado de DuBois Law Group?<\/strong><\/h2>\n<ul>\n<li>Nuestra <a href=\"\/es\/practice-areas\/portland-car-accident-lawyers\/\">Abogados de accidentes en Portland<\/a> han ayudado a cientos de residentes de Portland navegar seguro complejo y los procesos de demanda. Vamos a aprovechar nuestra experiencia para identificar su camino \u00f3ptimo para la recuperaci\u00f3n despu\u00e9s de su accidente.<\/li>\n<li>El historial de nuestra firma habla por s\u00ed mismo. Hemos recuperado millones de d\u00f3lares en acuerdos y veredictos del jurado. Nuestros abogados est\u00e1n dedicados a lograr la m\u00e1xima compensaci\u00f3n en su reclamo.<\/li>\n<li>Navegar una investigaci\u00f3n de atropello y fuga puede ser un reto despu\u00e9s de una lesi\u00f3n reciente. Los abogados de DuBois Law Group se encargar\u00e1 de todos los aspectos de su caso en su nombre, lo que le permite centrarse en la recuperaci\u00f3n.<\/li>\n<\/ul>\n<h2><strong>\u00bfCu\u00e1les son algunas de las lesiones comunes en Portland atropello y fuga de los casos?<\/strong><\/h2>\n<p>Los accidentes de atropello y fuga pueden provocar lesiones graves, a veces potencialmente mortales, que requieren atenci\u00f3n m\u00e9dica inmediata. En muchos casos, estas lesiones requieren atenci\u00f3n m\u00e9dica extensa, resultan en semanas de salarios perdidos, y pueden dar lugar a complicaciones a largo plazo. Algunas de las lesiones m\u00e1s comunes en los accidentes de atropello y fuga son las siguientes.<\/p>\n<ul>\n<li>Huesos rotos<\/li>\n<li>Latigazo cervical<\/li>\n<li>Laceraciones y hematomas<\/li>\n<li>Da\u00f1os en \u00f3rganos internos<\/li>\n<li><a href=\"\/es\/practice-areas\/brain-injury\/\">Lesiones cerebrales<\/a><\/li>\n<li><a href=\"\/es\/portland-spinal-cord-injury-attorney\/\">Lesiones medulares<\/a><\/li>\n<li>Lesi\u00f3n de cuello y espalda<\/li>\n<li>Lesiones faciales<\/li>\n<li><a href=\"\/es\/portland-burn-injury-lawyer\/\">Quemaduras y cicatrices<\/a><\/li>\n<\/ul>\n<h2><strong>Leyes de Oreg\u00f3n sobre accidentes con atropello y fuga<\/strong><\/h2>\n<p><img loading=\"lazy\" decoding=\"async\" class=\"alignnone wp-image-66803\" src=\"https:\/\/pdxinjurylaw.com\/wp-content\/uploads\/2022\/07\/4096-2762-max-300x202.jpg\" alt=\"Portland hit and run accident lawyer \" width=\"800\" height=\"539\" srcset=\"https:\/\/pdxinjurylaw.com\/wp-content\/uploads\/2022\/07\/4096-2762-max-300x202.jpg 300w, https:\/\/pdxinjurylaw.com\/wp-content\/uploads\/2022\/07\/4096-2762-max-1024x691.jpg 1024w, https:\/\/pdxinjurylaw.com\/wp-content\/uploads\/2022\/07\/4096-2762-max-768x518.jpg 768w, https:\/\/pdxinjurylaw.com\/wp-content\/uploads\/2022\/07\/4096-2762-max-1536x1036.jpg 1536w, https:\/\/pdxinjurylaw.com\/wp-content\/uploads\/2022\/07\/4096-2762-max-2048x1381.jpg 2048w\" sizes=\"auto, (max-width: 800px) 85vw, 800px\" \/><\/p>\n<p>Seg\u00fan la ley del Estado de Oreg\u00f3n (<a href=\"https:\/\/oregon.public.law\/statutes\/ors_811.705\" target=\"_blank\" rel=\"noopener\">ORS 811.705<\/a>), en el caso de un accidente de tr\u00e1fico en el que una o m\u00e1s partes resulten heridas, la parte responsable de causar las lesiones est\u00e1 obligada a detenerse inmediatamente y permanecer en el lugar del accidente hasta que sea liberada por un agente de polic\u00eda.<\/p>\n<p>Si usted ha sido lesionado en un accidente de auto, y el conductor culpable de sus lesiones no se detuvo,<b>\u00a0tiene derecho a interponer un recurso judicial por sus lesiones<\/b>\u00a0(<a href=\"https:\/\/oregon.public.law\/statutes\/ors_811.700\" target=\"_blank\" rel=\"noopener\">ORS 811.700<\/a>) y cualquier da\u00f1o a su veh\u00edculo. Si hab\u00eda otros ocupantes en su veh\u00edculo, tambi\u00e9n tienen derecho a un recurso legal por las lesiones sufridas en el accidente de atropello y fuga de Portland.<\/p>\n<p>Las estad\u00edsticas del gobierno nacional muestran que aproximadamente el 11% de todos los accidentes de tr\u00e1fico son atropellos con fuga. Esto equivale a casi 700.000 accidentes de atropello y fuga al a\u00f1o en los Estados Unidos. Si usted o un ser querido ha sido v\u00edctima de uno de estos conductores irresponsables, infractores de la ley, usted debe saber que la mayor\u00eda de las veces, el conductor nunca es capturado.<\/p>\n<p>Lo que esto significa es que usted est\u00e1 obligado a recuperar sus p\u00e9rdidas de su propia p\u00f3liza de seguro, pero un abogado de Portland accidente de atropello y fuga puede ayudarle a trav\u00e9s del proceso. Las compa\u00f1\u00edas de seguros est\u00e1n en el negocio de cobrar las primas y pagar lo menos posible por las p\u00e9rdidas.<\/p>\n<p>Los peritos de seguros se promocionan en funci\u00f3n de lo poco que pagan. No trabajan para usted. <b>Y<\/b>sted necesitar\u00e1 un abogado competente y conocedor de Portland accidente de atropello y fuga para hacer frente a las compa\u00f1\u00edas de seguros para que pueda empezar a sanar de sus lesiones - f\u00edsica, emocional y financiera.<\/p>\n<h2><strong>\u00bfQu\u00e9 tipo de indemnizaci\u00f3n reciben las v\u00edctimas de atropello y fuga?<\/strong><\/h2>\n<p><img loading=\"lazy\" decoding=\"async\" class=\"alignnone wp-image-66804\" src=\"https:\/\/pdxinjurylaw.com\/wp-content\/uploads\/2022\/07\/4096-3116-max-300x228.jpg\" alt=\"Portland hit and run accident attorney \" width=\"800\" height=\"609\" srcset=\"https:\/\/pdxinjurylaw.com\/wp-content\/uploads\/2022\/07\/4096-3116-max-300x228.jpg 300w, https:\/\/pdxinjurylaw.com\/wp-content\/uploads\/2022\/07\/4096-3116-max-1024x779.jpg 1024w, https:\/\/pdxinjurylaw.com\/wp-content\/uploads\/2022\/07\/4096-3116-max-768x584.jpg 768w, https:\/\/pdxinjurylaw.com\/wp-content\/uploads\/2022\/07\/4096-3116-max-1536x1169.jpg 1536w, https:\/\/pdxinjurylaw.com\/wp-content\/uploads\/2022\/07\/4096-3116-max-2048x1558.jpg 2048w\" sizes=\"auto, (max-width: 800px) 85vw, 800px\" \/><\/p>\n<p>Entendemos las graves lesiones corporales que sufren las v\u00edctimas de un accidente de atropello y fuga, y trabajamos duro para conseguir a nuestros clientes de accidentes de atropello y fuga una compensaci\u00f3n justa.<\/p>\n<p>Nuestro equipo legal tiene los recursos y la experiencia para ayudarle a usted o a su ser querido con todos los aspectos de su caso de accidente de atropello y fuga.\u00a0<b>Queremos que recupere la m\u00e1xima indemnizaci\u00f3n posible<\/b>\u00a0paquete por sus lesiones, que puede incluir da\u00f1os y perjuicios por:<\/p>\n<ul>\n<li>Gastos m\u00e9dicos presentes y futuros<\/li>\n<li>P\u00e9rdida de salario<\/li>\n<li>P\u00e9rdida futura de salarios<\/li>\n<li>Dolor y sufrimiento<\/li>\n<li>Angustia mental<\/li>\n<li>Desfiguraci\u00f3n<\/li>\n<li>Cicatrizaci\u00f3n<\/li>\n<li>Discapacidad<\/li>\n<li>P\u00e9rdida de calidad de vida<\/li>\n<li>Deterioro<\/li>\n<li>Rehabilitaci\u00f3n<\/li>\n<\/ul>\n<p>Si usted era un peat\u00f3n y se vieron involucrados en un accidente de atropello y fuga, es crucial que se comunique con uno de nuestros <a href=\"\/es\/practice-areas\/pedestrian-accidents\/\">abogados de accidentes de peatones en Portland.\u00a0<\/a><\/p>\n<h2><strong>\u00bfQu\u00e9 hacer despu\u00e9s de un accidente de atropello y fuga en Portland?<\/strong><\/h2>\n<p><img loading=\"lazy\" decoding=\"async\" class=\"alignnone wp-image-66805\" src=\"https:\/\/pdxinjurylaw.com\/wp-content\/uploads\/2022\/07\/2858-1781-max-300x187.jpg\" alt=\"Hit and run accident lawyer Portland \" width=\"800\" height=\"498\" srcset=\"https:\/\/pdxinjurylaw.com\/wp-content\/uploads\/2022\/07\/2858-1781-max-300x187.jpg 300w, https:\/\/pdxinjurylaw.com\/wp-content\/uploads\/2022\/07\/2858-1781-max-1024x638.jpg 1024w, https:\/\/pdxinjurylaw.com\/wp-content\/uploads\/2022\/07\/2858-1781-max-768x479.jpg 768w, https:\/\/pdxinjurylaw.com\/wp-content\/uploads\/2022\/07\/2858-1781-max-1536x957.jpg 1536w, https:\/\/pdxinjurylaw.com\/wp-content\/uploads\/2022\/07\/2858-1781-max-2048x1276.jpg 2048w\" sizes=\"auto, (max-width: 800px) 85vw, 800px\" \/><\/p>\n<p>Los momentos posteriores a un accidente con fuga pueden ser abrumadores. Usted puede estar herido, asustado y enojado con el otro conductor por huir de la escena del accidente. Sin embargo, es importante mantener la calma y protegerse despu\u00e9s de la colisi\u00f3n.<\/p>\n<ul>\n<li>En primer lugar, det\u00e9ngase en un lugar seguro. No intentes perseguir al conductor culpable, puede ser muy peligroso.<\/li>\n<li>A continuaci\u00f3n, anota toda la informaci\u00f3n que recuerdes sobre el conductor culpable. Su descripci\u00f3n f\u00edsica, la marca, el modelo y el color del coche, un n\u00famero parcial de matr\u00edcula y la direcci\u00f3n en la que circulaba pueden ayudar a la polic\u00eda a identificar al conductor.<\/li>\n<li>Una vez que hayas registrado esta informaci\u00f3n, llama al 911 lo antes posible y proporciona al operador una descripci\u00f3n del conductor. Espera a que llegue la polic\u00eda y habla con el agente que te atienda sobre la colisi\u00f3n.<\/li>\n<li>Busca atenci\u00f3n m\u00e9dica lo antes posible y guarda todos los registros relacionados con tu tratamiento y tus lesiones. Siempre debe ir al m\u00e9dico despu\u00e9s de un accidente de coche, aunque no se sienta herido. Puede tener lesiones de las que no sea consciente en ese momento, y su historial m\u00e9dico ser\u00e1 una prueba fundamental en su reclamaci\u00f3n al seguro.<\/li>\n<li>Si puedes caminar por el lugar del accidente con seguridad y sin sufrir m\u00e1s lesiones, documenta las pruebas en el lugar. Haz fotograf\u00edas de tus lesiones, de los da\u00f1os del veh\u00edculo y de los restos que haya en la zona.<\/li>\n<\/ul>\n<p>Una vez que busque tratamiento para sus lesiones, p\u00f3ngase en contacto con uno de nuestros abogados de accidentes de atropello y fuga de Portland tan pronto como sea posible para discutir su caso. No hable con ning\u00fan representante de seguros antes de consultar con un abogado sobre su accidente. Su abogado de Portland evaluar\u00e1 su caso e identificar\u00e1 el camino \u00f3ptimo a seguir.<\/p>\n<h2><strong>P\u00f3ngase en contacto con un abogado de Portland accidente de atropello y fuga de DuBois Law Group<\/strong><\/h2>\n<p>\u00bfEs usted v\u00edctima de un accidente de atropello y fuga en los l\u00edmites de la ciudad de Portland? Si es as\u00ed, usted necesita el abogado de accidentes adecuado de su lado. El <a href=\"\/es\/portland-personal-injury-lawyer\/\">Portland abogados de lesiones<\/a> en DuBois Law Group puede ayudarle a identificar su camino \u00f3ptimo para la recuperaci\u00f3n y asegurar la compensaci\u00f3n que se merece. <a href=\"\/es\/contact-us\/\">P\u00f3ngase en contacto con nosotros<\/a> para programar una consulta gratuita y discutir sus pr\u00f3ximos pasos.<\/p>","protected":false},"excerpt":{"rendered":"<p>As Portland hit and run accident attorneys, we can help you in several ways, including frightening hit and run accidents. Our experience with this type of case allows us to comprehend all the complexities of your situation, and we understand your need for justice. If the hit &amp; run driver is not found,\u00a0our hit and&#8230; <a class=\"fancy_link\" href=\"https:\/\/pdxinjurylaw.com\/es\/practice-areas\/hit-run-accidents\/\">leer m\u00e1s<\/a><\/p>","protected":false},"author":7,"featured_media":0,"parent":256,"menu_order":9,"comment_status":"closed","ping_status":"closed","template":"","meta":{"footnotes":"","_content_optimizer_report_url":"","_content_optimizer_report_added":"","_content_optimizer_keyword_hide_used":false,"_content_optimizer_keyword_hide_above_average":false,"_content_optimizer_entities_hide_used":false,"_content_optimizer_entities_hide_above_average":false,"_content_optimizer_headings_hide_used":false,"_content_optimizer_questions_hide_used":false,"_content_optimizer_tab_active":"","_content_optimizer_report_url_ce":"","_content_optimizer_report_added_ce":"","_content_optimizer_keyword_hide_used_ce":false,"_content_optimizer_keyword_hide_above_average_ce":false,"_content_optimizer_entities_hide_used_ce":false,"_content_optimizer_entities_hide_above_average_ce":false,"_content_optimizer_headings_hide_used_ce":false,"_content_optimizer_questions_hide_used_ce":false,"_content_optimizer_tab_active_ce":""},"class_list":["post-19109","page","type-page","status-publish","hentry"],"yoast_head":"<!-- This site is optimized with the Yoast SEO plugin v27.4 - https:\/\/yoast.com\/product\/yoast-seo-wordpress\/ -->\n<title>Portland Hit And Run Accident Lawyer<\/title>\n<meta name=\"description\" content=\"Injured in a hit and run accident? Get the compensation you deserve with the help of a Portland hit and run accident attorney. Call (503) 222-4411 today!\" \/>\n<meta name=\"robots\" content=\"index, follow, max-snippet:-1, max-image-preview:large, max-video-preview:-1\" \/>\n<link rel=\"canonical\" href=\"https:\/\/pdxinjurylaw.com\/es\/practice-areas\/hit-run-accidents\/\" \/>\n<meta property=\"og:locale\" content=\"es_MX\" \/>\n<meta property=\"og:type\" content=\"article\" \/>\n<meta property=\"og:title\" content=\"Portland Hit And Run Accident Lawyer\" \/>\n<meta property=\"og:description\" content=\"Injured in a hit and run accident? Get the compensation you deserve with the help of a Portland hit and run accident attorney. Call (503) 222-4411 today!\" \/>\n<meta property=\"og:url\" content=\"https:\/\/pdxinjurylaw.com\/es\/practice-areas\/hit-run-accidents\/\" \/>\n<meta property=\"og:site_name\" content=\"PDX Injury Law\" \/>\n<meta property=\"article:modified_time\" content=\"2023-06-27T16:04:36+00:00\" \/>\n<meta property=\"og:image\" content=\"https:\/\/pdxinjurylaw.com\/wp-content\/uploads\/2022\/07\/4096-2762-max-300x202.jpg\" \/>\n<meta name=\"twitter:card\" content=\"summary_large_image\" \/>\n<meta name=\"twitter:label1\" content=\"Tiempo de lectura\" \/>\n\t<meta name=\"twitter:data1\" content=\"8 minutos\" \/>\n<script type=\"application\/ld+json\" class=\"yoast-schema-graph\">{\"@context\":\"https:\\\/\\\/schema.org\",\"@graph\":[{\"@type\":\"WebPage\",\"@id\":\"https:\\\/\\\/pdxinjurylaw.com\\\/practice-areas\\\/hit-run-accidents\\\/\",\"url\":\"https:\\\/\\\/pdxinjurylaw.com\\\/practice-areas\\\/hit-run-accidents\\\/\",\"name\":\"Portland Hit And Run Accident Lawyer\",\"isPartOf\":{\"@id\":\"https:\\\/\\\/pdxinjurylaw.com\\\/#website\"},\"primaryImageOfPage\":{\"@id\":\"https:\\\/\\\/pdxinjurylaw.com\\\/practice-areas\\\/hit-run-accidents\\\/#primaryimage\"},\"image\":{\"@id\":\"https:\\\/\\\/pdxinjurylaw.com\\\/practice-areas\\\/hit-run-accidents\\\/#primaryimage\"},\"thumbnailUrl\":\"https:\\\/\\\/pdxinjurylaw.com\\\/wp-content\\\/uploads\\\/2022\\\/07\\\/4096-2762-max-300x202.jpg\",\"datePublished\":\"2016-03-16T18:04:44+00:00\",\"dateModified\":\"2023-06-27T16:04:36+00:00\",\"description\":\"Injured in a hit and run accident? Get the compensation you deserve with the help of a Portland hit and run accident attorney. Call (503) 222-4411 today!\",\"breadcrumb\":{\"@id\":\"https:\\\/\\\/pdxinjurylaw.com\\\/practice-areas\\\/hit-run-accidents\\\/#breadcrumb\"},\"inLanguage\":\"es\",\"potentialAction\":[{\"@type\":\"ReadAction\",\"target\":[\"https:\\\/\\\/pdxinjurylaw.com\\\/practice-areas\\\/hit-run-accidents\\\/\"]}]},{\"@type\":\"ImageObject\",\"inLanguage\":\"es\",\"@id\":\"https:\\\/\\\/pdxinjurylaw.com\\\/practice-areas\\\/hit-run-accidents\\\/#primaryimage\",\"url\":\"https:\\\/\\\/pdxinjurylaw.com\\\/wp-content\\\/uploads\\\/2022\\\/07\\\/4096-2762-max-300x202.jpg\",\"contentUrl\":\"https:\\\/\\\/pdxinjurylaw.com\\\/wp-content\\\/uploads\\\/2022\\\/07\\\/4096-2762-max-300x202.jpg\"},{\"@type\":\"BreadcrumbList\",\"@id\":\"https:\\\/\\\/pdxinjurylaw.com\\\/practice-areas\\\/hit-run-accidents\\\/#breadcrumb\",\"itemListElement\":[{\"@type\":\"ListItem\",\"position\":1,\"name\":\"Home\",\"item\":\"https:\\\/\\\/pdxinjurylaw.com\\\/\"},{\"@type\":\"ListItem\",\"position\":2,\"name\":\"Practice Areas\",\"item\":\"https:\\\/\\\/pdxinjurylaw.com\\\/practice-areas\\\/\"},{\"@type\":\"ListItem\",\"position\":3,\"name\":\"Portland Hit and Run Accident Attorney\"}]},{\"@type\":\"WebSite\",\"@id\":\"https:\\\/\\\/pdxinjurylaw.com\\\/#website\",\"url\":\"https:\\\/\\\/pdxinjurylaw.com\\\/\",\"name\":\"PDX Injury Law\",\"description\":\"\",\"publisher\":{\"@id\":\"https:\\\/\\\/pdxinjurylaw.com\\\/#organization\"},\"potentialAction\":[{\"@type\":\"SearchAction\",\"target\":{\"@type\":\"EntryPoint\",\"urlTemplate\":\"https:\\\/\\\/pdxinjurylaw.com\\\/?s={search_term_string}\"},\"query-input\":{\"@type\":\"PropertyValueSpecification\",\"valueRequired\":true,\"valueName\":\"search_term_string\"}}],\"inLanguage\":\"es\"},{\"@type\":\"Organization\",\"@id\":\"https:\\\/\\\/pdxinjurylaw.com\\\/#organization\",\"name\":\"PDX Injury Law\",\"url\":\"https:\\\/\\\/pdxinjurylaw.com\\\/\",\"logo\":{\"@type\":\"ImageObject\",\"inLanguage\":\"es\",\"@id\":\"https:\\\/\\\/pdxinjurylaw.com\\\/#\\\/schema\\\/logo\\\/image\\\/\",\"url\":\"https:\\\/\\\/530710ec99.nxcli.io\\\/wp-content\\\/uploads\\\/2021\\\/06\\\/logo-main.png\",\"contentUrl\":\"https:\\\/\\\/530710ec99.nxcli.io\\\/wp-content\\\/uploads\\\/2021\\\/06\\\/logo-main.png\",\"width\":368,\"height\":63,\"caption\":\"PDX Injury Law\"},\"image\":{\"@id\":\"https:\\\/\\\/pdxinjurylaw.com\\\/#\\\/schema\\\/logo\\\/image\\\/\"}}]}<\/script>\n<!-- \/ Yoast SEO plugin. -->","yoast_head_json":{"title":"Portland Hit And Run Accident Lawyer","description":"Injured in a hit and run accident? Get the compensation you deserve with the help of a Portland hit and run accident attorney. Call (503) 222-4411 today!","robots":{"index":"index","follow":"follow","max-snippet":"max-snippet:-1","max-image-preview":"max-image-preview:large","max-video-preview":"max-video-preview:-1"},"canonical":"https:\/\/pdxinjurylaw.com\/es\/practice-areas\/hit-run-accidents\/","og_locale":"es_MX","og_type":"article","og_title":"Portland Hit And Run Accident Lawyer","og_description":"Injured in a hit and run accident? Get the compensation you deserve with the help of a Portland hit and run accident attorney. Call (503) 222-4411 today!","og_url":"https:\/\/pdxinjurylaw.com\/es\/practice-areas\/hit-run-accidents\/","og_site_name":"PDX Injury Law","article_modified_time":"2023-06-27T16:04:36+00:00","og_image":[{"url":"https:\/\/pdxinjurylaw.com\/wp-content\/uploads\/2022\/07\/4096-2762-max-300x202.jpg","type":"","width":"","height":""}],"twitter_card":"summary_large_image","twitter_misc":{"Tiempo de lectura":"8 minutos"},"schema":{"@context":"https:\/\/schema.org","@graph":[{"@type":"WebPage","@id":"https:\/\/pdxinjurylaw.com\/practice-areas\/hit-run-accidents\/","url":"https:\/\/pdxinjurylaw.com\/practice-areas\/hit-run-accidents\/","name":"Portland Hit And Run Accident Lawyer","isPartOf":{"@id":"https:\/\/pdxinjurylaw.com\/#website"},"primaryImageOfPage":{"@id":"https:\/\/pdxinjurylaw.com\/practice-areas\/hit-run-accidents\/#primaryimage"},"image":{"@id":"https:\/\/pdxinjurylaw.com\/practice-areas\/hit-run-accidents\/#primaryimage"},"thumbnailUrl":"https:\/\/pdxinjurylaw.com\/wp-content\/uploads\/2022\/07\/4096-2762-max-300x202.jpg","datePublished":"2016-03-16T18:04:44+00:00","dateModified":"2023-06-27T16:04:36+00:00","description":"Injured in a hit and run accident? Get the compensation you deserve with the help of a Portland hit and run accident attorney. Call (503) 222-4411 today!","breadcrumb":{"@id":"https:\/\/pdxinjurylaw.com\/practice-areas\/hit-run-accidents\/#breadcrumb"},"inLanguage":"es","potentialAction":[{"@type":"ReadAction","target":["https:\/\/pdxinjurylaw.com\/practice-areas\/hit-run-accidents\/"]}]},{"@type":"ImageObject","inLanguage":"es","@id":"https:\/\/pdxinjurylaw.com\/practice-areas\/hit-run-accidents\/#primaryimage","url":"https:\/\/pdxinjurylaw.com\/wp-content\/uploads\/2022\/07\/4096-2762-max-300x202.jpg","contentUrl":"https:\/\/pdxinjurylaw.com\/wp-content\/uploads\/2022\/07\/4096-2762-max-300x202.jpg"},{"@type":"BreadcrumbList","@id":"https:\/\/pdxinjurylaw.com\/practice-areas\/hit-run-accidents\/#breadcrumb","itemListElement":[{"@type":"ListItem","position":1,"name":"Home","item":"https:\/\/pdxinjurylaw.com\/"},{"@type":"ListItem","position":2,"name":"Practice Areas","item":"https:\/\/pdxinjurylaw.com\/practice-areas\/"},{"@type":"ListItem","position":3,"name":"Portland Hit and Run Accident Attorney"}]},{"@type":"WebSite","@id":"https:\/\/pdxinjurylaw.com\/#website","url":"https:\/\/pdxinjurylaw.com\/","name":"PDX Ley de Lesiones","description":"","publisher":{"@id":"https:\/\/pdxinjurylaw.com\/#organization"},"potentialAction":[{"@type":"SearchAction","target":{"@type":"EntryPoint","urlTemplate":"https:\/\/pdxinjurylaw.com\/?s={search_term_string}"},"query-input":{"@type":"PropertyValueSpecification","valueRequired":true,"valueName":"search_term_string"}}],"inLanguage":"es"},{"@type":"Organization","@id":"https:\/\/pdxinjurylaw.com\/#organization","name":"PDX Ley de Lesiones","url":"https:\/\/pdxinjurylaw.com\/","logo":{"@type":"ImageObject","inLanguage":"es","@id":"https:\/\/pdxinjurylaw.com\/#\/schema\/logo\/image\/","url":"https:\/\/530710ec99.nxcli.io\/wp-content\/uploads\/2021\/06\/logo-main.png","contentUrl":"https:\/\/530710ec99.nxcli.io\/wp-content\/uploads\/2021\/06\/logo-main.png","width":368,"height":63,"caption":"PDX Injury Law"},"image":{"@id":"https:\/\/pdxinjurylaw.com\/#\/schema\/logo\/image\/"}}]}},"acf":[],"_links":{"self":[{"href":"https:\/\/pdxinjurylaw.com\/es\/wp-json\/wp\/v2\/pages\/19109","targetHints":{"allow":["GET"]}}],"collection":[{"href":"https:\/\/pdxinjurylaw.com\/es\/wp-json\/wp\/v2\/pages"}],"about":[{"href":"https:\/\/pdxinjurylaw.com\/es\/wp-json\/wp\/v2\/types\/page"}],"author":[{"embeddable":true,"href":"https:\/\/pdxinjurylaw.com\/es\/wp-json\/wp\/v2\/users\/7"}],"replies":[{"embeddable":true,"href":"https:\/\/pdxinjurylaw.com\/es\/wp-json\/wp\/v2\/comments?post=19109"}],"version-history":[{"count":8,"href":"https:\/\/pdxinjurylaw.com\/es\/wp-json\/wp\/v2\/pages\/19109\/revisions"}],"predecessor-version":[{"id":67280,"href":"https:\/\/pdxinjurylaw.com\/es\/wp-json\/wp\/v2\/pages\/19109\/revisions\/67280"}],"up":[{"embeddable":true,"href":"https:\/\/pdxinjurylaw.com\/es\/wp-json\/wp\/v2\/pages\/256"}],"wp:attachment":[{"href":"https:\/\/pdxinjurylaw.com\/es\/wp-json\/wp\/v2\/media?parent=19109"}],"curies":[{"name":"wp","href":"https:\/\/api.w.org\/{rel}","templated":true}]}}