{"id":19024,"date":"2015-08-28T13:22:20","date_gmt":"2015-08-28T20:22:20","guid":{"rendered":"https:\/\/pdxinjurylaw.com\/?post_type=faqs&#038;p=19024"},"modified":"2023-01-04T18:35:37","modified_gmt":"2023-01-04T18:35:37","slug":"faqs-about-oregon-wrongful-death-claims","status":"publish","type":"page","link":"https:\/\/pdxinjurylaw.com\/es\/faqs\/faqs-about-oregon-wrongful-death-claims\/","title":{"rendered":"Preguntas frecuentes sobre las demandas por homicidio culposo en Oreg\u00f3n"},"content":{"rendered":"<p style=\"text-align: left;\" align=\"center\">Las leyes de muerte por negligencia de Oreg\u00f3n pueden parecer complicadas, y surgen muchas preguntas en un caso de muerte por negligencia, que es una demanda civil, a diferencia de un caso de asesinato, que es una acci\u00f3n penal. En el famoso caso de O.J. Simpson, fue declarado inocente en el juicio por asesinato, pero fue declarado responsable en el caso civil de homicidio culposo. Una de las razones por las que esto fue posible es porque una acusaci\u00f3n penal de asesinato debe probarse m\u00e1s all\u00e1 de toda duda razonable, mientras que las demandas por homicidio culposo en Oreg\u00f3n simplemente tienen que demostrar por una \"preponderancia de la prueba\" que era m\u00e1s probable que el acusado hubiera causado la muerte.<\/p>\n<p style=\"text-align: left;\">Las demandas por homicidio culposo no pretenden poner al autor entre rejas, aunque es muy posible que la persona demandada acabe en prisi\u00f3n. A continuaci\u00f3n exponemos algunas de las preguntas y respuestas m\u00e1s habituales en relaci\u00f3n con las demandas por homicidio culposo.<\/p>\n<p style=\"text-align: left;\"><strong>\u00bfQu\u00e9 es exactamente una \"muerte por negligencia\"?<\/strong><\/p>\n<p style=\"text-align: left;\">La premisa general de una demanda por homicidio culposo es que, adem\u00e1s de resultar perjudicada la persona fallecida, tambi\u00e9n han resultado perjudicadas las personas que han quedado atr\u00e1s, no s\u00f3lo econ\u00f3micamente, sino tambi\u00e9n emocional y psicol\u00f3gicamente. El homicidio culposo se produce por un acto negligente de una persona que causa la muerte de otra, como la conducci\u00f3n temeraria o la conducci\u00f3n bajo los efectos del alcohol o las drogas, o por un acto imprudente o deliberado, como el asesinato, entre otros. En Oreg\u00f3n, la ley ORS 30.010-30.100 permite a los familiares presentar una demanda por homicidio culposo contra las partes negligentes.<\/p>\n<p style=\"text-align: left;\"><strong>\u00bfExiste un plazo para presentar una reclamaci\u00f3n?<\/strong><\/p>\n<p style=\"text-align: left;\">S\u00ed, sin duda existe, y esto tambi\u00e9n puede ser un \u00e1rea complicada en las leyes de muerte por negligencia de Oregon. La demanda por homicidio culposo debe presentarse en un plazo de tres a\u00f1os a partir de la fecha de la lesi\u00f3n que caus\u00f3 la muerte de la v\u00edctima, no a partir de la fecha de la muerte real. Por lo tanto, si la v\u00edctima entra en coma durante seis meses y luego muere, la demanda deber\u00e1 presentarse en el plazo de tres a\u00f1os a partir de la fecha de la lesi\u00f3n que caus\u00f3 el coma. El incumplimiento estricto de este plazo de prescripci\u00f3n puede destruir una demanda por homicidio culposo que, de otro modo, ser\u00eda perfectamente v\u00e1lida. Ser\u00eda prudente buscar el consejo de un abogado con experiencia en muerte por negligencia de Portland si usted est\u00e1 considerando hacer una reclamaci\u00f3n.<\/p>\n<p style=\"text-align: left;\"><strong>\u00bfQui\u00e9n puede presentar una demanda por homicidio culposo en Oreg\u00f3n?<\/strong><\/p>\n<p style=\"text-align: left;\">Por lo general, son el c\u00f3nyuge y\/o los hijos de la v\u00edctima quienes hacen <strong>Demandas por homicidio culposo en Oreg\u00f3n<\/strong>. Sin embargo, seg\u00fan el <a href=\"\/es\/portland-personal-injury-lawyer\/\">abogados de lesiones personales en Portland,<\/a> Las indemnizaciones en Oreg\u00f3n tambi\u00e9n pueden concederse a abuelos, hijastros, padrastros y padres. Normalmente, la persona que interpone la demanda es un familiar.<\/p>\n<p style=\"text-align: left;\"><strong>\u00bfC\u00f3mo se determinan los da\u00f1os?<\/strong><\/p>\n<p style=\"text-align: left;\">Esta es quiz\u00e1s la cuesti\u00f3n m\u00e1s complicada que se trata en las leyes de muerte por negligencia de Oreg\u00f3n. Hay que tener en cuenta muchos factores. Estos comienzan con las facturas m\u00e9dicas de la persona lesionada y los gastos de entierro, pero tambi\u00e9n pueden incluir:<\/p>\n<ul style=\"text-align: left;\">\n<li>La p\u00e9rdida de salario que la persona habr\u00eda ganado si hubiera vivido. Evidentemente, se trata de una cifra estimada que probablemente requiera el testimonio de un perito.<\/li>\n<li>Dolor y sufrimiento del fallecido entre el momento del accidente y el del fallecimiento<\/li>\n<li>Indemnizaci\u00f3n al c\u00f3nyuge, hijos, hijastros u otra familia de la v\u00edctima por la p\u00e9rdida de compa\u00f1\u00eda<\/li>\n<li>En los casos en que pueda demostrarse una negligencia o intencionalidad extremas, tambi\u00e9n pueden concederse indemnizaciones punitivas en casos de homicidio culposo en Oreg\u00f3n.<\/li>\n<\/ul>\n<p style=\"text-align: left;\"><strong>\u00bfQui\u00e9n recibe el premio? \u00bfDebe ser compartido por toda la familia?<\/strong><\/p>\n<p style=\"text-align: left;\">Como casi todo en Derecho, esto no siempre est\u00e1 claro. Si existe un testamento, \u00e9ste puede ayudar a determinar c\u00f3mo se divide la indemnizaci\u00f3n. Si no hay testamento, el juez escuchar\u00e1 el testimonio de todos los demandantes y, a continuaci\u00f3n, tomar\u00e1 una decisi\u00f3n basada en los hechos presentados y las leyes estatales pertinentes.<\/p>\n<p style=\"text-align: left;\"><strong>\u00bfPuede una sentencia por homicidio culposo liquidarse en quiebra?<\/strong><\/p>\n<p style=\"text-align: left;\">Esta es otra zona gris. Las leyes de quiebra permiten la exoneraci\u00f3n de da\u00f1os por negligencia. Es posible que una persona quede exenta de tener que pagar una sentencia por causar accidentalmente una muerte. Sin embargo, tambi\u00e9n es cierto que algunos tribunales de quiebras hacen que los da\u00f1os resultantes de la negligencia grave o imprudencia temeraria de alguien no sean descargables. Y las deudas derivadas de la conducci\u00f3n bajo los efectos del alcohol no pueden exonerarse en la quiebra.<\/p>\n<p style=\"text-align: left;\">Es evidente que la legislaci\u00f3n de Oreg\u00f3n en materia de homicidio culposo es compleja y polifac\u00e9tica. Adem\u00e1s de un plazo de prescripci\u00f3n muy estricto, la incertidumbre tambi\u00e9n rodea la determinaci\u00f3n de las indemnizaciones y qui\u00e9n recibe exactamente esas indemnizaciones. Cualquiera que se plantee presentar una demanda por homicidio culposo en Oreg\u00f3n har\u00eda bien en consultar a un abogado competente. <a href=\"\/es\/practice-areas\/wrongful-death\/\">Portland abogado de muerte injusta<\/a>. Examinar\u00e1n detenidamente los detalles de su reclamaci\u00f3n y le explicar\u00e1n con precisi\u00f3n los pasos que debe dar para presentarla. Le guiar\u00e1n a lo largo de todo el proceso y le dar\u00e1n una opini\u00f3n sobre el nivel de indemnizaci\u00f3n que puede esperar recibir.<\/p>","protected":false},"excerpt":{"rendered":"<p>Oregon wrongful death laws can seem complicated, and many questions arise in a wrongful death case, which is a civil lawsuit, as opposed to a murder case, which is a criminal action. In the famous O.J. Simpson case, he was found not guilty in the murder trial but was held liable in the civil, wrongful&#8230; <a class=\"fancy_link\" href=\"https:\/\/pdxinjurylaw.com\/es\/faqs\/faqs-about-oregon-wrongful-death-claims\/\">leer m\u00e1s<\/a><\/p>","protected":false},"author":7,"featured_media":0,"parent":63509,"menu_order":0,"comment_status":"closed","ping_status":"closed","template":"","meta":{"footnotes":"","_content_optimizer_report_url":"","_content_optimizer_report_added":"","_content_optimizer_keyword_hide_used":false,"_content_optimizer_keyword_hide_above_average":false,"_content_optimizer_entities_hide_used":false,"_content_optimizer_entities_hide_above_average":false,"_content_optimizer_headings_hide_used":false,"_content_optimizer_questions_hide_used":false,"_content_optimizer_tab_active":"","_content_optimizer_report_url_ce":"","_content_optimizer_report_added_ce":"","_content_optimizer_keyword_hide_used_ce":false,"_content_optimizer_keyword_hide_above_average_ce":false,"_content_optimizer_entities_hide_used_ce":false,"_content_optimizer_entities_hide_above_average_ce":false,"_content_optimizer_headings_hide_used_ce":false,"_content_optimizer_questions_hide_used_ce":false,"_content_optimizer_tab_active_ce":""},"class_list":["post-19024","page","type-page","status-publish","hentry"],"yoast_head":"<!-- This site is optimized with the Yoast SEO plugin v27.4 - https:\/\/yoast.com\/product\/yoast-seo-wordpress\/ -->\n<title>FAQs about Oregon Wrongful Death Claims<\/title>\n<meta name=\"description\" content=\"Anyone considering making an Oregon wrongful death claim would be well advised to consult a competent Portland wrongful death attorney.\" \/>\n<meta name=\"robots\" content=\"index, follow, max-snippet:-1, max-image-preview:large, max-video-preview:-1\" \/>\n<link rel=\"canonical\" href=\"https:\/\/pdxinjurylaw.com\/es\/faqs\/faqs-about-oregon-wrongful-death-claims\/\" \/>\n<meta property=\"og:locale\" content=\"es_MX\" \/>\n<meta property=\"og:type\" content=\"article\" \/>\n<meta property=\"og:title\" content=\"FAQs about Oregon Wrongful Death Claims\" \/>\n<meta property=\"og:description\" content=\"Anyone considering making an Oregon wrongful death claim would be well advised to consult a competent Portland wrongful death attorney.\" \/>\n<meta property=\"og:url\" content=\"https:\/\/pdxinjurylaw.com\/es\/faqs\/faqs-about-oregon-wrongful-death-claims\/\" \/>\n<meta property=\"og:site_name\" content=\"PDX Injury Law\" \/>\n<meta property=\"article:modified_time\" content=\"2023-01-04T18:35:37+00:00\" \/>\n<meta name=\"twitter:card\" content=\"summary_large_image\" \/>\n<meta name=\"twitter:label1\" content=\"Tiempo de lectura\" \/>\n\t<meta name=\"twitter:data1\" content=\"4 minutos\" \/>\n<script type=\"application\/ld+json\" class=\"yoast-schema-graph\">{\"@context\":\"https:\\\/\\\/schema.org\",\"@graph\":[{\"@type\":\"WebPage\",\"@id\":\"https:\\\/\\\/pdxinjurylaw.com\\\/faqs\\\/faqs-about-oregon-wrongful-death-claims\\\/\",\"url\":\"https:\\\/\\\/pdxinjurylaw.com\\\/faqs\\\/faqs-about-oregon-wrongful-death-claims\\\/\",\"name\":\"FAQs about Oregon Wrongful Death Claims\",\"isPartOf\":{\"@id\":\"https:\\\/\\\/pdxinjurylaw.com\\\/#website\"},\"datePublished\":\"2015-08-28T20:22:20+00:00\",\"dateModified\":\"2023-01-04T18:35:37+00:00\",\"description\":\"Anyone considering making an Oregon wrongful death claim would be well advised to consult a competent Portland wrongful death attorney.\",\"breadcrumb\":{\"@id\":\"https:\\\/\\\/pdxinjurylaw.com\\\/faqs\\\/faqs-about-oregon-wrongful-death-claims\\\/#breadcrumb\"},\"inLanguage\":\"es\",\"potentialAction\":[{\"@type\":\"ReadAction\",\"target\":[\"https:\\\/\\\/pdxinjurylaw.com\\\/faqs\\\/faqs-about-oregon-wrongful-death-claims\\\/\"]}]},{\"@type\":\"BreadcrumbList\",\"@id\":\"https:\\\/\\\/pdxinjurylaw.com\\\/faqs\\\/faqs-about-oregon-wrongful-death-claims\\\/#breadcrumb\",\"itemListElement\":[{\"@type\":\"ListItem\",\"position\":1,\"name\":\"Home\",\"item\":\"https:\\\/\\\/pdxinjurylaw.com\\\/\"},{\"@type\":\"ListItem\",\"position\":2,\"name\":\"Personal Injury FAQs\",\"item\":\"https:\\\/\\\/pdxinjurylaw.com\\\/faqs\\\/\"},{\"@type\":\"ListItem\",\"position\":3,\"name\":\"FAQs about Oregon Wrongful Death Claims\"}]},{\"@type\":\"WebSite\",\"@id\":\"https:\\\/\\\/pdxinjurylaw.com\\\/#website\",\"url\":\"https:\\\/\\\/pdxinjurylaw.com\\\/\",\"name\":\"PDX Injury Law\",\"description\":\"\",\"publisher\":{\"@id\":\"https:\\\/\\\/pdxinjurylaw.com\\\/#organization\"},\"potentialAction\":[{\"@type\":\"SearchAction\",\"target\":{\"@type\":\"EntryPoint\",\"urlTemplate\":\"https:\\\/\\\/pdxinjurylaw.com\\\/?s={search_term_string}\"},\"query-input\":{\"@type\":\"PropertyValueSpecification\",\"valueRequired\":true,\"valueName\":\"search_term_string\"}}],\"inLanguage\":\"es\"},{\"@type\":\"Organization\",\"@id\":\"https:\\\/\\\/pdxinjurylaw.com\\\/#organization\",\"name\":\"PDX Injury Law\",\"url\":\"https:\\\/\\\/pdxinjurylaw.com\\\/\",\"logo\":{\"@type\":\"ImageObject\",\"inLanguage\":\"es\",\"@id\":\"https:\\\/\\\/pdxinjurylaw.com\\\/#\\\/schema\\\/logo\\\/image\\\/\",\"url\":\"https:\\\/\\\/530710ec99.nxcli.io\\\/wp-content\\\/uploads\\\/2021\\\/06\\\/logo-main.png\",\"contentUrl\":\"https:\\\/\\\/530710ec99.nxcli.io\\\/wp-content\\\/uploads\\\/2021\\\/06\\\/logo-main.png\",\"width\":368,\"height\":63,\"caption\":\"PDX Injury Law\"},\"image\":{\"@id\":\"https:\\\/\\\/pdxinjurylaw.com\\\/#\\\/schema\\\/logo\\\/image\\\/\"}}]}<\/script>\n<!-- \/ Yoast SEO plugin. -->","yoast_head_json":{"title":"Preguntas frecuentes sobre las demandas por homicidio culposo en Oreg\u00f3n","description":"Anyone considering making an Oregon wrongful death claim would be well advised to consult a competent Portland wrongful death attorney.","robots":{"index":"index","follow":"follow","max-snippet":"max-snippet:-1","max-image-preview":"max-image-preview:large","max-video-preview":"max-video-preview:-1"},"canonical":"https:\/\/pdxinjurylaw.com\/es\/faqs\/faqs-about-oregon-wrongful-death-claims\/","og_locale":"es_MX","og_type":"article","og_title":"FAQs about Oregon Wrongful Death Claims","og_description":"Anyone considering making an Oregon wrongful death claim would be well advised to consult a competent Portland wrongful death attorney.","og_url":"https:\/\/pdxinjurylaw.com\/es\/faqs\/faqs-about-oregon-wrongful-death-claims\/","og_site_name":"PDX Injury Law","article_modified_time":"2023-01-04T18:35:37+00:00","twitter_card":"summary_large_image","twitter_misc":{"Tiempo de lectura":"4 minutos"},"schema":{"@context":"https:\/\/schema.org","@graph":[{"@type":"WebPage","@id":"https:\/\/pdxinjurylaw.com\/faqs\/faqs-about-oregon-wrongful-death-claims\/","url":"https:\/\/pdxinjurylaw.com\/faqs\/faqs-about-oregon-wrongful-death-claims\/","name":"Preguntas frecuentes sobre las demandas por homicidio culposo en Oreg\u00f3n","isPartOf":{"@id":"https:\/\/pdxinjurylaw.com\/#website"},"datePublished":"2015-08-28T20:22:20+00:00","dateModified":"2023-01-04T18:35:37+00:00","description":"Anyone considering making an Oregon wrongful death claim would be well advised to consult a competent Portland wrongful death attorney.","breadcrumb":{"@id":"https:\/\/pdxinjurylaw.com\/faqs\/faqs-about-oregon-wrongful-death-claims\/#breadcrumb"},"inLanguage":"es","potentialAction":[{"@type":"ReadAction","target":["https:\/\/pdxinjurylaw.com\/faqs\/faqs-about-oregon-wrongful-death-claims\/"]}]},{"@type":"BreadcrumbList","@id":"https:\/\/pdxinjurylaw.com\/faqs\/faqs-about-oregon-wrongful-death-claims\/#breadcrumb","itemListElement":[{"@type":"ListItem","position":1,"name":"Home","item":"https:\/\/pdxinjurylaw.com\/"},{"@type":"ListItem","position":2,"name":"Personal Injury FAQs","item":"https:\/\/pdxinjurylaw.com\/faqs\/"},{"@type":"ListItem","position":3,"name":"FAQs about Oregon Wrongful Death Claims"}]},{"@type":"WebSite","@id":"https:\/\/pdxinjurylaw.com\/#website","url":"https:\/\/pdxinjurylaw.com\/","name":"PDX Ley de Lesiones","description":"","publisher":{"@id":"https:\/\/pdxinjurylaw.com\/#organization"},"potentialAction":[{"@type":"SearchAction","target":{"@type":"EntryPoint","urlTemplate":"https:\/\/pdxinjurylaw.com\/?s={search_term_string}"},"query-input":{"@type":"PropertyValueSpecification","valueRequired":true,"valueName":"search_term_string"}}],"inLanguage":"es"},{"@type":"Organization","@id":"https:\/\/pdxinjurylaw.com\/#organization","name":"PDX Ley de Lesiones","url":"https:\/\/pdxinjurylaw.com\/","logo":{"@type":"ImageObject","inLanguage":"es","@id":"https:\/\/pdxinjurylaw.com\/#\/schema\/logo\/image\/","url":"https:\/\/530710ec99.nxcli.io\/wp-content\/uploads\/2021\/06\/logo-main.png","contentUrl":"https:\/\/530710ec99.nxcli.io\/wp-content\/uploads\/2021\/06\/logo-main.png","width":368,"height":63,"caption":"PDX Injury Law"},"image":{"@id":"https:\/\/pdxinjurylaw.com\/#\/schema\/logo\/image\/"}}]}},"acf":[],"_links":{"self":[{"href":"https:\/\/pdxinjurylaw.com\/es\/wp-json\/wp\/v2\/pages\/19024","targetHints":{"allow":["GET"]}}],"collection":[{"href":"https:\/\/pdxinjurylaw.com\/es\/wp-json\/wp\/v2\/pages"}],"about":[{"href":"https:\/\/pdxinjurylaw.com\/es\/wp-json\/wp\/v2\/types\/page"}],"author":[{"embeddable":true,"href":"https:\/\/pdxinjurylaw.com\/es\/wp-json\/wp\/v2\/users\/7"}],"replies":[{"embeddable":true,"href":"https:\/\/pdxinjurylaw.com\/es\/wp-json\/wp\/v2\/comments?post=19024"}],"version-history":[{"count":5,"href":"https:\/\/pdxinjurylaw.com\/es\/wp-json\/wp\/v2\/pages\/19024\/revisions"}],"predecessor-version":[{"id":66940,"href":"https:\/\/pdxinjurylaw.com\/es\/wp-json\/wp\/v2\/pages\/19024\/revisions\/66940"}],"up":[{"embeddable":true,"href":"https:\/\/pdxinjurylaw.com\/es\/wp-json\/wp\/v2\/pages\/63509"}],"wp:attachment":[{"href":"https:\/\/pdxinjurylaw.com\/es\/wp-json\/wp\/v2\/media?parent=19024"}],"curies":[{"name":"wp","href":"https:\/\/api.w.org\/{rel}","templated":true}]}}