{"id":19018,"date":"2015-08-28T13:11:03","date_gmt":"2015-08-28T20:11:03","guid":{"rendered":"https:\/\/pdxinjurylaw.com\/?post_type=faqs&#038;p=19018"},"modified":"2022-06-20T16:22:27","modified_gmt":"2022-06-20T16:22:27","slug":"faqs-about-oregon-truck-injury-lawsuits","status":"publish","type":"page","link":"https:\/\/pdxinjurylaw.com\/es\/faqs\/faqs-about-oregon-truck-injury-lawsuits\/","title":{"rendered":"Preguntas frecuentes sobre demandas por lesiones de camiones en Oreg\u00f3n"},"content":{"rendered":"<p>Cuando colisionan un veh\u00edculo de motor y un cami\u00f3n, <strong>Oregon cami\u00f3n lesi\u00f3n<\/strong> Las leyes de accidentes pueden significar que hacer una reclamaci\u00f3n puede ser casi tan problem\u00e1tico como la propia colisi\u00f3n. No importa que un coche, un todoterreno o una camioneta no sean rivales para la potencia y el tama\u00f1o de un semirremolque o un cami\u00f3n de caja grande; demostrar la responsabilidad puede ser bastante complejo.<\/p>\n<p><strong>\u00bfQu\u00e9 informaci\u00f3n necesito para presentar una demanda por lesiones en accidente de cami\u00f3n?<\/strong><\/p>\n<p>Los abogados de accidentes de cami\u00f3n de Portland saben que los casos que implican <a href=\"http:\/\/personal-injury.lawyers.com\/trucking-accidents\/trucking-accidents-and-working-with-your-lawyer.html\">presentar una reclamaci\u00f3n<\/a> una empresa de camiones o un camionero puede ser mucho m\u00e1s dif\u00edcil que los accidentes de veh\u00edculos \"normales\". Algunos de los aspectos b\u00e1sicos de la reclamaci\u00f3n por accidente de cami\u00f3n que los abogados e investigadores examinar\u00e1n incluyen:<\/p>\n<ol>\n<li>\u00bfDebe hacerse la demanda contra el camionero, la empresa de transporte, el fabricante del cami\u00f3n, o una combinaci\u00f3n de todos o alguno de ellos? La ley de accidentes de cami\u00f3n de Oreg\u00f3n permite la posibilidad de demandar a m\u00e1s de una entidad en un mismo accidente.<\/li>\n<li>\u00bfC\u00f3mo contribuyeron al accidente las acciones del camionero? \u00bfCu\u00e1l era su estado mental y c\u00f3mo se encontraba f\u00edsicamente? \u00bfDeber\u00eda someterse al camionero a pruebas de alcohol o drogas?<\/li>\n<li>\u00bfTiene el camionero las credenciales y la formaci\u00f3n adecuadas para el cami\u00f3n que conduc\u00eda cuando se produjo el accidente?<\/li>\n<li>\u00bfEstaba fatigado el conductor? Los investigadores querr\u00e1n revisar el registro del camionero para confirmar si las leyes federales y de Oregon sobre accidentes de camiones relacionadas con los per\u00edodos de descanso fueron cumplidas por el conductor.<\/li>\n<li>Otra pregunta que se har\u00e1n los investigadores es en qu\u00e9 condiciones estaba el cami\u00f3n antes de que se produjera el accidente. Los investigadores pedir\u00e1n los registros de mantenimiento e inspecci\u00f3n del cami\u00f3n, as\u00ed como los historiales de pruebas y de carga.<\/li>\n<li>\u00bfLa carretera en la que se produjo el accidente era apta para la circulaci\u00f3n de camiones? \u00bfHab\u00eda se\u00f1ales adecuadas y en qu\u00e9 condiciones estaba la carretera en el momento del accidente?<\/li>\n<\/ol>\n<p><strong>\u00bfDe d\u00f3nde proceden todas estas pruebas?<\/strong><\/p>\n<p>La ley de accidentes de camiones de Oregon puede ser compleja, pero tambi\u00e9n requieren una amplia gama de documentaci\u00f3n que debe ser mantenida por los camioneros y las empresas de transporte por carretera. Algunos de estos registros pueden ser fuentes \u00fatiles de informaci\u00f3n, pero hay muchos otros tambi\u00e9n. Al preparar una reclamaci\u00f3n por accidente de cami\u00f3n, las siguientes fuentes pueden contener pruebas vitales para apoyar su reclamo:<\/p>\n<ul>\n<li>Registros de camiones<\/li>\n<li>Declaraciones de testigos. Consiga tantas como sea posible inmediatamente despu\u00e9s del accidente, o al menos los nombres, direcciones y n\u00fameros de tel\u00e9fono de cualquiera que pueda haber visto lo ocurrido.<\/li>\n<li>Informes policiales. Su abogado de accidente de cami\u00f3n Portland sabr\u00e1 exactamente c\u00f3mo y d\u00f3nde adquirir estos.<\/li>\n<li>Registros de tel\u00e9fonos m\u00f3viles tanto del conductor como de la empresa de transportes<\/li>\n<li>El historial de seguridad y conducci\u00f3n del conductor del cami\u00f3n, su historial de formaci\u00f3n y copias de sus permisos de conducci\u00f3n. Todo ello figurar\u00e1 en el expediente personal del conductor.<\/li>\n<li>\u00a0Obtener acceso a una copia del historial de seguridad de la empresa de camiones es uno de los procedimientos b\u00e1sicos clave para reclamar un accidente de cami\u00f3n.<\/li>\n<\/ul>\n<p>Un buen abogado de lesiones personales utilizar\u00e1 un investigador de accidentes para evaluar las pruebas recogidas en la escena del accidente para tratar de encontrar cualquier defecto o fallo del equipo del cami\u00f3n. Tambi\u00e9n tratar\u00e1n de encontrar registros de accidentes anteriores que involucren la misma falla o defectos en los camiones.<\/p>\n<p>Si el cami\u00f3n en s\u00ed era defectuoso, parte de su reclamaci\u00f3n podr\u00eda ser contra el fabricante. Un caso tambi\u00e9n podr\u00eda hacerse bajo la ley de accidentes de camiones de Oregon contra la compa\u00f1\u00eda de camiones por ser negligente al no encontrar o remediar el problema antes de que causara el accidente.<\/p>\n<p><strong>Pueden ser necesarios testigos especiales en casos relacionados con camiones<\/strong><\/p>\n<p>Adem\u00e1s de otros usuarios de la carretera que presenciaron el accidente, un buen abogado de accidentes de cami\u00f3n recurrir\u00e1 a expertos y especialistas para respaldar una demanda por accidente de cami\u00f3n. Los tipos de testigos expertos que se pueden utilizar incluyen:<\/p>\n<ul>\n<li>Reconstrucci\u00f3n de accidentes<\/li>\n<li>T\u00e9cnicos en infograf\u00eda<\/li>\n<li>Especialistas forenses<\/li>\n<li>Metal\u00fargicos<\/li>\n<li>Especialistas en seguridad de los camiones<\/li>\n<\/ul>\n<p><strong>El otro tipo tiene sus propios investigadores<\/strong><\/p>\n<p>Debido a la cantidad de da\u00f1o que los camiones pueden hacer tanto a las personas como a la propiedad, no es raro que las compa\u00f1\u00edas de camiones tengan sus propios investigadores. Estas personas son contratadas para comenzar de inmediato y vigorosamente a recoger cualquier evidencia que puedan encontrar para indicar que la verdadera culpa del accidente es del conductor del autom\u00f3vil.<\/p>\n<p>Algunas de las cosas que los investigadores de la compa\u00f1\u00eda de camiones buscar\u00e1n incluyen pruebas de que el conductor del coche:<\/p>\n<ul>\n<li>adelantaba de forma insegura, lo que contribuy\u00f3 al accidente<\/li>\n<li>Cruz\u00f3 la l\u00ednea central en la trayectoria del tr\u00e1fico que circulaba en sentido contrario, lo que puede haber incluido el cami\u00f3n.<\/li>\n<li>Hab\u00eda bebido o estaba bajo los efectos de otras sustancias t\u00f3xicas<\/li>\n<li>No ha respetado las normas de tr\u00e1fico, por ejemplo, por seguirle demasiado de cerca, saltarse un sem\u00e1foro en rojo o exceso de velocidad.<\/li>\n<li>Estaba conduciendo en el punto ciego del camionero<\/li>\n<li>Trat\u00f3 de cortar entre el cami\u00f3n y un bordillo<\/li>\n<\/ul>\n<p><strong>\u00bfQu\u00e9 tipo de indemnizaci\u00f3n puedo esperar?<\/strong><\/p>\n<p>Si ha presentado una demanda por accidente de cami\u00f3n, los da\u00f1os y perjuicios que puede esperar recuperar incluyen:<\/p>\n<ul>\n<li><em>Da\u00f1os econ\u00f3micos<\/em>que cubrir\u00eda la atenci\u00f3n m\u00e9dica y la rehabilitaci\u00f3n, el lucro cesante y la p\u00e9rdida de capacidad de ganancia.<\/li>\n<li><em>Da\u00f1os no econ\u00f3micos<\/em> incluidos el dolor y el sufrimiento, la desfiguraci\u00f3n o el deterioro de la calidad de vida.<\/li>\n<li>P\u00e9rdida de relaciones \u00edntimas entre usted y su c\u00f3nyuge, tambi\u00e9n conocida como <em>p\u00e9rdida de consorcio<\/em><\/li>\n<li><em>Da\u00f1os punitivos<\/em>que castigan a una empresa de transporte por carretera por ser deshonesta, temeraria o actuar de mala fe.<\/li>\n<li><em>Da\u00f1os dobles o triples<\/em> se puede conceder en determinadas circunstancias, como si el conductor del cami\u00f3n era culpable de conducir ebrio<\/li>\n<\/ul>\n<p>Claramente, la ley de accidentes de camiones de Oregon es muy compleja, y la presentaci\u00f3n de una reclamaci\u00f3n es un proceso que puede requerir muchas m\u00e1s pruebas, as\u00ed como testimonios independientes y de expertos que normalmente no son necesarios en los accidentes de coche a coche. Tratar de descubrir todo este accidente por su cuenta ser\u00eda enormemente dif\u00edcil y llevar\u00eda mucho tiempo.<\/p>\n<p>Si ha resultado herido en un accidente con un cami\u00f3n, es muy importante que reciba tratamiento m\u00e9dico inmediato. Despu\u00e9s de eso, p\u00f3ngase en contacto con un <a href=\"\/es\/practice-areas\/trucking-accidents\/\">Portland abogado de accidente de cami\u00f3n<\/a>. Elija uno que entienda las complejidades de las leyes de accidentes de camiones de Oregon y que sepa si debe presentar una demanda contra el conductor del cami\u00f3n, la empresa de transporte, el fabricante del cami\u00f3n o todos ellos. Los camiones son grandes y poderosos y tienen el potencial de hacer un da\u00f1o tremendo, y si esto le ha sucedido a usted, usted merece ser compensado. Obtenga la ayuda que necesita para presentar una demanda con \u00e9xito.<\/p>","protected":false},"excerpt":{"rendered":"<p>When a motor vehicle and a truck collide, Oregon truck injury accident laws can mean that making a claim can be almost as problematic as the collision itself. It doesn\u2019t matter that a car, SUV or pickup truck are no match for the power and size of a semi or large box truck; proving liability&#8230; <a class=\"fancy_link\" href=\"https:\/\/pdxinjurylaw.com\/es\/faqs\/faqs-about-oregon-truck-injury-lawsuits\/\">leer m\u00e1s<\/a><\/p>","protected":false},"author":7,"featured_media":0,"parent":63509,"menu_order":0,"comment_status":"closed","ping_status":"closed","template":"","meta":{"footnotes":"","_content_optimizer_report_url":"","_content_optimizer_report_added":"","_content_optimizer_keyword_hide_used":false,"_content_optimizer_keyword_hide_above_average":false,"_content_optimizer_entities_hide_used":false,"_content_optimizer_entities_hide_above_average":false,"_content_optimizer_headings_hide_used":false,"_content_optimizer_questions_hide_used":false,"_content_optimizer_tab_active":"","_content_optimizer_report_url_ce":"","_content_optimizer_report_added_ce":"","_content_optimizer_keyword_hide_used_ce":false,"_content_optimizer_keyword_hide_above_average_ce":false,"_content_optimizer_entities_hide_used_ce":false,"_content_optimizer_entities_hide_above_average_ce":false,"_content_optimizer_headings_hide_used_ce":false,"_content_optimizer_questions_hide_used_ce":false,"_content_optimizer_tab_active_ce":""},"class_list":["post-19018","page","type-page","status-publish","hentry"],"yoast_head":"<!-- This site is optimized with the Yoast SEO plugin v27.4 - https:\/\/yoast.com\/product\/yoast-seo-wordpress\/ -->\n<title>FAQs about Oregon Truck Injury Lawsuits<\/title>\n<meta name=\"robots\" content=\"index, follow, max-snippet:-1, max-image-preview:large, max-video-preview:-1\" \/>\n<link rel=\"canonical\" href=\"https:\/\/pdxinjurylaw.com\/es\/faqs\/faqs-about-oregon-truck-injury-lawsuits\/\" \/>\n<meta property=\"og:locale\" content=\"es_MX\" \/>\n<meta property=\"og:type\" content=\"article\" \/>\n<meta property=\"og:title\" content=\"FAQs about Oregon Truck Injury Lawsuits\" \/>\n<meta property=\"og:description\" content=\"When a motor vehicle and a truck collide, Oregon truck injury accident laws can mean that making a claim can be almost as problematic as the collision itself. It doesn\u2019t matter that a car, SUV or pickup truck are no match for the power and size of a semi or large box truck; proving liability... read more\" \/>\n<meta property=\"og:url\" content=\"https:\/\/pdxinjurylaw.com\/es\/faqs\/faqs-about-oregon-truck-injury-lawsuits\/\" \/>\n<meta property=\"og:site_name\" content=\"PDX Injury Law\" \/>\n<meta property=\"article:modified_time\" content=\"2022-06-20T16:22:27+00:00\" \/>\n<meta name=\"twitter:card\" content=\"summary_large_image\" \/>\n<meta name=\"twitter:label1\" content=\"Tiempo de lectura\" \/>\n\t<meta name=\"twitter:data1\" content=\"5 minutos\" \/>\n<script type=\"application\/ld+json\" class=\"yoast-schema-graph\">{\"@context\":\"https:\\\/\\\/schema.org\",\"@graph\":[{\"@type\":\"WebPage\",\"@id\":\"https:\\\/\\\/pdxinjurylaw.com\\\/faqs\\\/faqs-about-oregon-truck-injury-lawsuits\\\/\",\"url\":\"https:\\\/\\\/pdxinjurylaw.com\\\/faqs\\\/faqs-about-oregon-truck-injury-lawsuits\\\/\",\"name\":\"FAQs about Oregon Truck Injury Lawsuits\",\"isPartOf\":{\"@id\":\"https:\\\/\\\/pdxinjurylaw.com\\\/#website\"},\"datePublished\":\"2015-08-28T20:11:03+00:00\",\"dateModified\":\"2022-06-20T16:22:27+00:00\",\"breadcrumb\":{\"@id\":\"https:\\\/\\\/pdxinjurylaw.com\\\/faqs\\\/faqs-about-oregon-truck-injury-lawsuits\\\/#breadcrumb\"},\"inLanguage\":\"es\",\"potentialAction\":[{\"@type\":\"ReadAction\",\"target\":[\"https:\\\/\\\/pdxinjurylaw.com\\\/faqs\\\/faqs-about-oregon-truck-injury-lawsuits\\\/\"]}]},{\"@type\":\"BreadcrumbList\",\"@id\":\"https:\\\/\\\/pdxinjurylaw.com\\\/faqs\\\/faqs-about-oregon-truck-injury-lawsuits\\\/#breadcrumb\",\"itemListElement\":[{\"@type\":\"ListItem\",\"position\":1,\"name\":\"Home\",\"item\":\"https:\\\/\\\/pdxinjurylaw.com\\\/\"},{\"@type\":\"ListItem\",\"position\":2,\"name\":\"Personal Injury FAQs\",\"item\":\"https:\\\/\\\/pdxinjurylaw.com\\\/faqs\\\/\"},{\"@type\":\"ListItem\",\"position\":3,\"name\":\"FAQs about Oregon Truck Injury Lawsuits\"}]},{\"@type\":\"WebSite\",\"@id\":\"https:\\\/\\\/pdxinjurylaw.com\\\/#website\",\"url\":\"https:\\\/\\\/pdxinjurylaw.com\\\/\",\"name\":\"PDX Injury Law\",\"description\":\"\",\"publisher\":{\"@id\":\"https:\\\/\\\/pdxinjurylaw.com\\\/#organization\"},\"potentialAction\":[{\"@type\":\"SearchAction\",\"target\":{\"@type\":\"EntryPoint\",\"urlTemplate\":\"https:\\\/\\\/pdxinjurylaw.com\\\/?s={search_term_string}\"},\"query-input\":{\"@type\":\"PropertyValueSpecification\",\"valueRequired\":true,\"valueName\":\"search_term_string\"}}],\"inLanguage\":\"es\"},{\"@type\":\"Organization\",\"@id\":\"https:\\\/\\\/pdxinjurylaw.com\\\/#organization\",\"name\":\"PDX Injury Law\",\"url\":\"https:\\\/\\\/pdxinjurylaw.com\\\/\",\"logo\":{\"@type\":\"ImageObject\",\"inLanguage\":\"es\",\"@id\":\"https:\\\/\\\/pdxinjurylaw.com\\\/#\\\/schema\\\/logo\\\/image\\\/\",\"url\":\"https:\\\/\\\/530710ec99.nxcli.io\\\/wp-content\\\/uploads\\\/2021\\\/06\\\/logo-main.png\",\"contentUrl\":\"https:\\\/\\\/530710ec99.nxcli.io\\\/wp-content\\\/uploads\\\/2021\\\/06\\\/logo-main.png\",\"width\":368,\"height\":63,\"caption\":\"PDX Injury Law\"},\"image\":{\"@id\":\"https:\\\/\\\/pdxinjurylaw.com\\\/#\\\/schema\\\/logo\\\/image\\\/\"}}]}<\/script>\n<!-- \/ Yoast SEO plugin. -->","yoast_head_json":{"title":"Preguntas frecuentes sobre demandas por lesiones de camiones en Oreg\u00f3n","robots":{"index":"index","follow":"follow","max-snippet":"max-snippet:-1","max-image-preview":"max-image-preview:large","max-video-preview":"max-video-preview:-1"},"canonical":"https:\/\/pdxinjurylaw.com\/es\/faqs\/faqs-about-oregon-truck-injury-lawsuits\/","og_locale":"es_MX","og_type":"article","og_title":"FAQs about Oregon Truck Injury Lawsuits","og_description":"When a motor vehicle and a truck collide, Oregon truck injury accident laws can mean that making a claim can be almost as problematic as the collision itself. It doesn\u2019t matter that a car, SUV or pickup truck are no match for the power and size of a semi or large box truck; proving liability... read more","og_url":"https:\/\/pdxinjurylaw.com\/es\/faqs\/faqs-about-oregon-truck-injury-lawsuits\/","og_site_name":"PDX Injury Law","article_modified_time":"2022-06-20T16:22:27+00:00","twitter_card":"summary_large_image","twitter_misc":{"Tiempo de lectura":"5 minutos"},"schema":{"@context":"https:\/\/schema.org","@graph":[{"@type":"WebPage","@id":"https:\/\/pdxinjurylaw.com\/faqs\/faqs-about-oregon-truck-injury-lawsuits\/","url":"https:\/\/pdxinjurylaw.com\/faqs\/faqs-about-oregon-truck-injury-lawsuits\/","name":"Preguntas frecuentes sobre demandas por lesiones de camiones en Oreg\u00f3n","isPartOf":{"@id":"https:\/\/pdxinjurylaw.com\/#website"},"datePublished":"2015-08-28T20:11:03+00:00","dateModified":"2022-06-20T16:22:27+00:00","breadcrumb":{"@id":"https:\/\/pdxinjurylaw.com\/faqs\/faqs-about-oregon-truck-injury-lawsuits\/#breadcrumb"},"inLanguage":"es","potentialAction":[{"@type":"ReadAction","target":["https:\/\/pdxinjurylaw.com\/faqs\/faqs-about-oregon-truck-injury-lawsuits\/"]}]},{"@type":"BreadcrumbList","@id":"https:\/\/pdxinjurylaw.com\/faqs\/faqs-about-oregon-truck-injury-lawsuits\/#breadcrumb","itemListElement":[{"@type":"ListItem","position":1,"name":"Home","item":"https:\/\/pdxinjurylaw.com\/"},{"@type":"ListItem","position":2,"name":"Personal Injury FAQs","item":"https:\/\/pdxinjurylaw.com\/faqs\/"},{"@type":"ListItem","position":3,"name":"FAQs about Oregon Truck Injury Lawsuits"}]},{"@type":"WebSite","@id":"https:\/\/pdxinjurylaw.com\/#website","url":"https:\/\/pdxinjurylaw.com\/","name":"PDX Ley de Lesiones","description":"","publisher":{"@id":"https:\/\/pdxinjurylaw.com\/#organization"},"potentialAction":[{"@type":"SearchAction","target":{"@type":"EntryPoint","urlTemplate":"https:\/\/pdxinjurylaw.com\/?s={search_term_string}"},"query-input":{"@type":"PropertyValueSpecification","valueRequired":true,"valueName":"search_term_string"}}],"inLanguage":"es"},{"@type":"Organization","@id":"https:\/\/pdxinjurylaw.com\/#organization","name":"PDX Ley de Lesiones","url":"https:\/\/pdxinjurylaw.com\/","logo":{"@type":"ImageObject","inLanguage":"es","@id":"https:\/\/pdxinjurylaw.com\/#\/schema\/logo\/image\/","url":"https:\/\/530710ec99.nxcli.io\/wp-content\/uploads\/2021\/06\/logo-main.png","contentUrl":"https:\/\/530710ec99.nxcli.io\/wp-content\/uploads\/2021\/06\/logo-main.png","width":368,"height":63,"caption":"PDX Injury Law"},"image":{"@id":"https:\/\/pdxinjurylaw.com\/#\/schema\/logo\/image\/"}}]}},"acf":[],"_links":{"self":[{"href":"https:\/\/pdxinjurylaw.com\/es\/wp-json\/wp\/v2\/pages\/19018","targetHints":{"allow":["GET"]}}],"collection":[{"href":"https:\/\/pdxinjurylaw.com\/es\/wp-json\/wp\/v2\/pages"}],"about":[{"href":"https:\/\/pdxinjurylaw.com\/es\/wp-json\/wp\/v2\/types\/page"}],"author":[{"embeddable":true,"href":"https:\/\/pdxinjurylaw.com\/es\/wp-json\/wp\/v2\/users\/7"}],"replies":[{"embeddable":true,"href":"https:\/\/pdxinjurylaw.com\/es\/wp-json\/wp\/v2\/comments?post=19018"}],"version-history":[{"count":2,"href":"https:\/\/pdxinjurylaw.com\/es\/wp-json\/wp\/v2\/pages\/19018\/revisions"}],"predecessor-version":[{"id":66570,"href":"https:\/\/pdxinjurylaw.com\/es\/wp-json\/wp\/v2\/pages\/19018\/revisions\/66570"}],"up":[{"embeddable":true,"href":"https:\/\/pdxinjurylaw.com\/es\/wp-json\/wp\/v2\/pages\/63509"}],"wp:attachment":[{"href":"https:\/\/pdxinjurylaw.com\/es\/wp-json\/wp\/v2\/media?parent=19018"}],"curies":[{"name":"wp","href":"https:\/\/api.w.org\/{rel}","templated":true}]}}