{"id":18795,"date":"2015-08-02T12:18:19","date_gmt":"2015-08-02T19:18:19","guid":{"rendered":"https:\/\/pdxinjurylaw.com\/?post_type=practice_areas&#038;p=18795"},"modified":"2022-06-17T21:21:56","modified_gmt":"2022-06-17T21:21:56","slug":"victims-of-drunk-drivers","status":"publish","type":"page","link":"https:\/\/pdxinjurylaw.com\/es\/practice-areas\/victims-of-drunk-drivers\/","title":{"rendered":"Portland Victims of Drunk Drivers Attorney"},"content":{"rendered":"<p style=\"text-align: left;\">Our drunk driving accident attorneys help victims who have been injured (or killed) due to the negligence of others. No one is more guilty than someone who chooses to drink to the point where his\/her normal faculties are impaired and then get behind the wheel of a motor vehicle.<\/p>\n<p style=\"text-align: left;\">If you have been the victim of a drunk driver, it is important for you to understand that\u00a0time limits to get full compensation can be as short as 180 days.<\/p>\n<p style=\"text-align: left;\"><img loading=\"lazy\" decoding=\"async\" class=\"alignright wp-image-2774 size-full\" style=\"margin: 0px 0px 10px 30px;\" title=\"pa-drunk-driving\" src=\"https:\/\/pdxinjurylaw.com\/\/wp-content\/uploads\/2011\/07\/pa-drunk-driving.jpg\" alt=\"Portland drunk driving accident lawyer \" width=\"325\" height=\"216\" align=\"right\" \/><\/p>\n<p style=\"text-align: left;\">Our team of successful\u00a0Portland drunk driving accident attorneys\u00a0will\u00a0aggressively pursue claims against drunk drivers\u00a0who are responsible for serious injuries or even the death of our clients. We share your outrage and we understand your pain.<\/p>\n<h2>Why Choose Us:<\/h2>\n<ul>\n<li>We are dedicated to securing maximum compensation in your case. Our <a href=\"\/es\/practice-areas\/products-liability\/\">Portland abogados de lesiones personales<\/a> have recovered millions of dollars in settlements and verdicts on behalf of our clients.<\/li>\n<li>Nuestro bufete se encarga de un n\u00famero limitado de casos a la vez, lo que garantiza que nuestros abogados puedan ofrecerle la dedicaci\u00f3n y la atenci\u00f3n personalizada que se merece.<\/li>\n<li>We take a proactive role in our clients\u2019 health. Our firm operates a separate medical department staffed by healthcare professionals who can connect you with the treatment you need.<\/li>\n<\/ul>\n<h2 style=\"text-align: left;\"><strong>To get compensation after a drunk driving accident, you have several options:<\/strong><\/h2>\n<ol style=\"text-align: left;\">\n<li>You can file a claim with the auto insurance of the driver who hit you.<\/li>\n<li>You can file a claim with your own insurance (if their auto insurance does not cover your damages).<\/li>\n<li>You can file a claim against the establishment that sold the drunk driver alcohol. This is called a <a href=\"https:\/\/oregon.public.law\/statutes\/ors_471.565\">Dram Shop Notice.\u00a0<\/a><\/li>\n<\/ol>\n<h2 style=\"text-align: left;\"><strong>Drunk Drivers Can Be Subject to Both Criminal and Civil Penalties<\/strong><\/h2>\n<p style=\"text-align: left;\">In addition to a criminal case, our team of experienced and competent Portland drunk driving attorneys can assist you with the complex process of filing a civil suit. In a civil suit, you are the client, not a witness for the State. We make sure that our personal injury clients receive maximum compensation for their injuries. While we recognize that financial compensation cannot heal the devastation that you have endured, it can lessen your worry about medical bills and your future.<\/p>\n<h3 style=\"text-align: left;\"><strong>You may be entitled to compensation for:<\/strong><\/h3>\n<ul style=\"text-align: left;\">\n<li>Facturas m\u00e9dicas presentes y futuras<\/li>\n<li>P\u00e9rdida de salario<\/li>\n<li>Dolor y sufrimiento<\/li>\n<li>Angustia mental<\/li>\n<li>Trauma<\/li>\n<li>Discapacidad<\/li>\n<li>Desfiguraci\u00f3n<\/li>\n<li>Nerve Damage<\/li>\n<li>Cicatrizaci\u00f3n<\/li>\n<li>P\u00e9rdida de calidad de vida<\/li>\n<li>Rehabilitaci\u00f3n<\/li>\n<\/ul>\n<p>Additionally, you may be able to hold those parties accountable who provided the alcohol to the drunk driver who caused your injuries. These parties could include bar owners, restaurants, homeowners, party and social hosts, parents of underage drinkers, or any other party who contributed to the drunk driving incident that caused your injuries.<\/p>\n<p>Some<strong> common injuries <\/strong>of drunk driving victims include <a href=\"\/es\/practice-areas\/brain-injury\/\">brain damage<\/a>, <a href=\"\/es\/portland-spinal-cord-injury-attorney\/\">lesiones medulares<\/a>, <a href=\"\/es\/portland-burn-injury-lawyer\/\">burns<\/a>, and more, all of which our attornies believe you should be compensated for.<\/p>\n<h2><strong>The Difference Between Civil and Criminal Drunk Driving Cases <\/strong><\/h2>\n<p>Being the victim of a drunk driving accident can be a life-altering event. Through no fault of their own, drunk driving victims can be injured or <a href=\"\/es\/practice-areas\/wrongful-death\/\">killed<\/a> by impaired drivers. The legal limit for intoxicated driving is .08%. Drivers who have a blood alcohol concentration of <a href=\"https:\/\/dui.drivinglaws.org\/oregon.php\">.08% or higher can be convicted<\/a> of a DUI in Portland. However, civil and criminal DUI cases are separate. Suppose you are injured in a car accident caused by a drunk driver with a .06% blood alcohol concentration. Even though that driver cannot be convicted of drunk driving in a criminal court, you can still bring a civil lawsuit against him or her for economic damages.<\/p>\n<p>Regarding personal injury lawsuits for compensation, you do not need to prove that the driver had a blood-alcohol level of .08% or higher, although a breathalyzer or blood alcohol test can help you tremendously in your civil liability lawsuit. Instead, you will need to prove that the driver\u2019s negligence caused the car accident that resulted in your injury. Drivers are negligent when they fail to use reasonable care under the circumstances. When a driver is intoxicated to the point that it impairs their judgment, they are liable for any injuries caused by their negligence.<\/p>\n<h2><strong>The Importance of Conducting a Thorough Investigation <\/strong><\/h2>\n<p>As the victim of a Portland drunk driving accident, you must begin a thorough investigation of your case as soon as possible. Whether you plan on filing a claim for compensation through insurance or filing a personal injury lawsuit, you will need to gather evidence proving the drunk driver\u2019s negligence caused your injuries. At DuBois Law Group, We have represented many victims of drunk driving throughout Portland, and even some instances of <a href=\"\/es\/practice-areas\/hit-run-accidents\/\">hit and run<\/a> incidents.<\/p>\n<p>Our attorneys understand what it takes to succeed in a drunk driving insurance claim or a personal injury lawsuit. We will use our vast resources to gather as much evidence as possible for your claim. We will interview witnesses at the scene, gather cell phone records, gather the police report and find all available evidence showing that the drunk driver\u2019s negligence caused your car accident. We will also help you gather medical evidence demonstrating the severity of your injury so you can recover the full amount of compensation you deserve for your past and future medical expenses.<\/p>\n<h2><strong>How Our Drunk Driving Lawyers Can Help You <\/strong><\/h2>\n<p>DuBois Law Group is available to help you with your Portland drunk driving lawsuit. Our experienced personal injury lawyers have represented many drunk driving victims and obtain the compensation they deserve. We understand what steps you need to take to represent your interests. Whether you are pursuing compensation from an insurance policy or through a personal injury lawsuit, we are here to advocate for you.<\/p>\n<p>Our legal team has the resources and skills necessary to investigate your drunk driving accident thoroughly. Proving that the at-fault driver was drunk or under the influence of drugs at the time of the car accident can be challenging. You need a legal team that will investigate the causes of the accident and gathers evidence proving that the outlaw driver\u2019s intoxication causes your injuries.<\/p>\n<h2><strong>Proving Liability in a Drunk Driving Accident <\/strong><\/h2>\n<p>One of the most important aspects of a drunk-driving lawsuit is proving liability. The first step in your case involves determining which individuals or businesses are liable for your injuries. We will also determine whether the drunk driver was driving a commercial vehicle. If so, you may be able to pursue compensation from his or her employer due to negligent hiring practices. In other cases, a bar or restaurant may have over-served the at-fault driver alcohol, making the restaurant or bar liable under Oregon\u2019s dram shop laws. We will help you file a civil court motion to obtain damages in a personal injury lawsuit.<\/p>\n<p>During this challenging time in your life, you can rest assured knowing that the legal team at DuBois Law Group is standing up for your rights. We will manage your case from start to finish so you can focus on your recovery. We understand that our clients who have been severely injured in drunk driving accidents are unable to work. We do not charge our clients any legal fees upfront until we secure compensation on their behalf.<\/p>\n<h2><strong>Tips for Victims of Drunk Driving Car Accidents <\/strong><\/h2>\n<p>Knowing what to do after becoming the victim of a drunk driving accident can be challenging, especially when you&#8217;re recovering from the shock of the accident. The first thing you should do is call 9-1-1 from the scene of the car accident. You will need evidence to support your claim, and when police officers arrived at the scene, they will write a report that you can use to show that the drunk driver was at fault for the car accident.<\/p>\n<p>If you are able to do so, gather information from witnesses to the drunk driving accident and take pictures of the scene. If you noticed any evidence of drunk driving, inform the police officer who arrives at the scene. The police officer may perform a field sobriety test or arrest the driver for a DUI.<\/p>\n<h3><strong>Contact DuBois Law Group Today<\/strong><\/h3>\n<p>Despite government and nonprofit groups\u2019 attempts to decrease drunk driving, drunk driving accidents happen every day in Oregon. If you or your loved ones have been the victim of a drunk driving accident, you need an experienced lawyer on your side. At DuBois Law Group, we understand how devastating it can be to try to recover from your injuries while coping with extensive medical bills and the inability to return to work.<\/p>\n<p>Our personal injury lawyers believe that drunk drivers should be held accountable for the injuries they cause. We work diligently to obtain the compensation our clients deserve.<a href=\"\/es\/contact-us\/\"> P\u00f3ngase en contacto con nosotros<\/a> today to schedule your free initial consultation with an Oregan drunk driving lawyer. You will pay nothing unless we win your case.<\/p>\n<h3><\/h3>","protected":false},"excerpt":{"rendered":"<p>Over half of all drivers arrested for drunk driving are repeat offenders. Our drunk driving injury attorneys at DuBois Law Group help people who have been injured (or killed) due to the negligence of others.<\/p>","protected":false},"author":7,"featured_media":0,"parent":256,"menu_order":11,"comment_status":"closed","ping_status":"closed","template":"","meta":{"footnotes":"","_content_optimizer_report_url":"","_content_optimizer_report_added":"","_content_optimizer_keyword_hide_used":false,"_content_optimizer_keyword_hide_above_average":false,"_content_optimizer_entities_hide_used":false,"_content_optimizer_entities_hide_above_average":false,"_content_optimizer_headings_hide_used":false,"_content_optimizer_questions_hide_used":false,"_content_optimizer_tab_active":"","_content_optimizer_report_url_ce":"","_content_optimizer_report_added_ce":"","_content_optimizer_keyword_hide_used_ce":false,"_content_optimizer_keyword_hide_above_average_ce":false,"_content_optimizer_entities_hide_used_ce":false,"_content_optimizer_entities_hide_above_average_ce":false,"_content_optimizer_headings_hide_used_ce":false,"_content_optimizer_questions_hide_used_ce":false,"_content_optimizer_tab_active_ce":""},"class_list":["post-18795","page","type-page","status-publish","hentry"],"yoast_head":"<!-- This site is optimized with the Yoast SEO plugin v27.5 - https:\/\/yoast.com\/product\/yoast-seo-wordpress\/ -->\n<title>Portland Victims of Drunk Drivers Lawyer<\/title>\n<meta name=\"description\" content=\"Are you the victim of a drunk driver in the Portland area? Don&#039;t hesitate! Contact us for a FREE consultation. (503) 222-4411\" \/>\n<meta name=\"robots\" content=\"index, follow, max-snippet:-1, max-image-preview:large, max-video-preview:-1\" \/>\n<link rel=\"canonical\" href=\"https:\/\/pdxinjurylaw.com\/es\/practice-areas\/victims-of-drunk-drivers\/\" \/>\n<meta property=\"og:locale\" content=\"es_MX\" \/>\n<meta property=\"og:type\" content=\"article\" \/>\n<meta property=\"og:title\" content=\"Portland Victims of Drunk Drivers Lawyer\" \/>\n<meta property=\"og:description\" content=\"Are you the victim of a drunk driver in the Portland area? Don&#039;t hesitate! Contact us for a FREE consultation. (503) 222-4411\" \/>\n<meta property=\"og:url\" content=\"https:\/\/pdxinjurylaw.com\/es\/practice-areas\/victims-of-drunk-drivers\/\" \/>\n<meta property=\"og:site_name\" content=\"PDX Injury Law\" \/>\n<meta property=\"article:modified_time\" content=\"2022-06-17T21:21:56+00:00\" \/>\n<meta property=\"og:image\" content=\"https:\/\/pdxinjurylaw.com\/\/wp-content\/uploads\/2011\/07\/pa-drunk-driving.jpg\" \/>\n<meta name=\"twitter:card\" content=\"summary_large_image\" \/>\n<meta name=\"twitter:label1\" content=\"Tiempo de lectura\" \/>\n\t<meta name=\"twitter:data1\" content=\"7 minutos\" \/>\n<script type=\"application\/ld+json\" class=\"yoast-schema-graph\">{\"@context\":\"https:\\\/\\\/schema.org\",\"@graph\":[{\"@type\":\"WebPage\",\"@id\":\"https:\\\/\\\/pdxinjurylaw.com\\\/practice-areas\\\/victims-of-drunk-drivers\\\/\",\"url\":\"https:\\\/\\\/pdxinjurylaw.com\\\/practice-areas\\\/victims-of-drunk-drivers\\\/\",\"name\":\"Portland Victims of Drunk Drivers Lawyer\",\"isPartOf\":{\"@id\":\"https:\\\/\\\/pdxinjurylaw.com\\\/#website\"},\"primaryImageOfPage\":{\"@id\":\"https:\\\/\\\/pdxinjurylaw.com\\\/practice-areas\\\/victims-of-drunk-drivers\\\/#primaryimage\"},\"image\":{\"@id\":\"https:\\\/\\\/pdxinjurylaw.com\\\/practice-areas\\\/victims-of-drunk-drivers\\\/#primaryimage\"},\"thumbnailUrl\":\"https:\\\/\\\/pdxinjurylaw.com\\\/\\\/wp-content\\\/uploads\\\/2011\\\/07\\\/pa-drunk-driving.jpg\",\"datePublished\":\"2015-08-02T19:18:19+00:00\",\"dateModified\":\"2022-06-17T21:21:56+00:00\",\"description\":\"Are you the victim of a drunk driver in the Portland area? Don't hesitate! Contact us for a FREE consultation. (503) 222-4411\",\"breadcrumb\":{\"@id\":\"https:\\\/\\\/pdxinjurylaw.com\\\/practice-areas\\\/victims-of-drunk-drivers\\\/#breadcrumb\"},\"inLanguage\":\"es\",\"potentialAction\":[{\"@type\":\"ReadAction\",\"target\":[\"https:\\\/\\\/pdxinjurylaw.com\\\/practice-areas\\\/victims-of-drunk-drivers\\\/\"]}]},{\"@type\":\"ImageObject\",\"inLanguage\":\"es\",\"@id\":\"https:\\\/\\\/pdxinjurylaw.com\\\/practice-areas\\\/victims-of-drunk-drivers\\\/#primaryimage\",\"url\":\"https:\\\/\\\/pdxinjurylaw.com\\\/\\\/wp-content\\\/uploads\\\/2011\\\/07\\\/pa-drunk-driving.jpg\",\"contentUrl\":\"https:\\\/\\\/pdxinjurylaw.com\\\/\\\/wp-content\\\/uploads\\\/2011\\\/07\\\/pa-drunk-driving.jpg\"},{\"@type\":\"BreadcrumbList\",\"@id\":\"https:\\\/\\\/pdxinjurylaw.com\\\/practice-areas\\\/victims-of-drunk-drivers\\\/#breadcrumb\",\"itemListElement\":[{\"@type\":\"ListItem\",\"position\":1,\"name\":\"Home\",\"item\":\"https:\\\/\\\/pdxinjurylaw.com\\\/\"},{\"@type\":\"ListItem\",\"position\":2,\"name\":\"Practice Areas\",\"item\":\"https:\\\/\\\/pdxinjurylaw.com\\\/practice-areas\\\/\"},{\"@type\":\"ListItem\",\"position\":3,\"name\":\"Portland Victims of Drunk Drivers Attorney\"}]},{\"@type\":\"WebSite\",\"@id\":\"https:\\\/\\\/pdxinjurylaw.com\\\/#website\",\"url\":\"https:\\\/\\\/pdxinjurylaw.com\\\/\",\"name\":\"PDX Injury Law\",\"description\":\"\",\"publisher\":{\"@id\":\"https:\\\/\\\/pdxinjurylaw.com\\\/#organization\"},\"potentialAction\":[{\"@type\":\"SearchAction\",\"target\":{\"@type\":\"EntryPoint\",\"urlTemplate\":\"https:\\\/\\\/pdxinjurylaw.com\\\/?s={search_term_string}\"},\"query-input\":{\"@type\":\"PropertyValueSpecification\",\"valueRequired\":true,\"valueName\":\"search_term_string\"}}],\"inLanguage\":\"es\"},{\"@type\":\"Organization\",\"@id\":\"https:\\\/\\\/pdxinjurylaw.com\\\/#organization\",\"name\":\"PDX Injury Law\",\"url\":\"https:\\\/\\\/pdxinjurylaw.com\\\/\",\"logo\":{\"@type\":\"ImageObject\",\"inLanguage\":\"es\",\"@id\":\"https:\\\/\\\/pdxinjurylaw.com\\\/#\\\/schema\\\/logo\\\/image\\\/\",\"url\":\"https:\\\/\\\/530710ec99.nxcli.io\\\/wp-content\\\/uploads\\\/2021\\\/06\\\/logo-main.png\",\"contentUrl\":\"https:\\\/\\\/530710ec99.nxcli.io\\\/wp-content\\\/uploads\\\/2021\\\/06\\\/logo-main.png\",\"width\":368,\"height\":63,\"caption\":\"PDX Injury Law\"},\"image\":{\"@id\":\"https:\\\/\\\/pdxinjurylaw.com\\\/#\\\/schema\\\/logo\\\/image\\\/\"}}]}<\/script>\n<!-- \/ Yoast SEO plugin. -->","yoast_head_json":{"title":"Portland Victims of Drunk Drivers Lawyer","description":"Are you the victim of a drunk driver in the Portland area? Don't hesitate! Contact us for a FREE consultation. (503) 222-4411","robots":{"index":"index","follow":"follow","max-snippet":"max-snippet:-1","max-image-preview":"max-image-preview:large","max-video-preview":"max-video-preview:-1"},"canonical":"https:\/\/pdxinjurylaw.com\/es\/practice-areas\/victims-of-drunk-drivers\/","og_locale":"es_MX","og_type":"article","og_title":"Portland Victims of Drunk Drivers Lawyer","og_description":"Are you the victim of a drunk driver in the Portland area? Don't hesitate! Contact us for a FREE consultation. (503) 222-4411","og_url":"https:\/\/pdxinjurylaw.com\/es\/practice-areas\/victims-of-drunk-drivers\/","og_site_name":"PDX Injury Law","article_modified_time":"2022-06-17T21:21:56+00:00","og_image":[{"url":"https:\/\/pdxinjurylaw.com\/\/wp-content\/uploads\/2011\/07\/pa-drunk-driving.jpg","type":"","width":"","height":""}],"twitter_card":"summary_large_image","twitter_misc":{"Tiempo de lectura":"7 minutos"},"schema":{"@context":"https:\/\/schema.org","@graph":[{"@type":"WebPage","@id":"https:\/\/pdxinjurylaw.com\/practice-areas\/victims-of-drunk-drivers\/","url":"https:\/\/pdxinjurylaw.com\/practice-areas\/victims-of-drunk-drivers\/","name":"Portland Victims of Drunk Drivers Lawyer","isPartOf":{"@id":"https:\/\/pdxinjurylaw.com\/#website"},"primaryImageOfPage":{"@id":"https:\/\/pdxinjurylaw.com\/practice-areas\/victims-of-drunk-drivers\/#primaryimage"},"image":{"@id":"https:\/\/pdxinjurylaw.com\/practice-areas\/victims-of-drunk-drivers\/#primaryimage"},"thumbnailUrl":"https:\/\/pdxinjurylaw.com\/\/wp-content\/uploads\/2011\/07\/pa-drunk-driving.jpg","datePublished":"2015-08-02T19:18:19+00:00","dateModified":"2022-06-17T21:21:56+00:00","description":"Are you the victim of a drunk driver in the Portland area? Don't hesitate! Contact us for a FREE consultation. (503) 222-4411","breadcrumb":{"@id":"https:\/\/pdxinjurylaw.com\/practice-areas\/victims-of-drunk-drivers\/#breadcrumb"},"inLanguage":"es","potentialAction":[{"@type":"ReadAction","target":["https:\/\/pdxinjurylaw.com\/practice-areas\/victims-of-drunk-drivers\/"]}]},{"@type":"ImageObject","inLanguage":"es","@id":"https:\/\/pdxinjurylaw.com\/practice-areas\/victims-of-drunk-drivers\/#primaryimage","url":"https:\/\/pdxinjurylaw.com\/\/wp-content\/uploads\/2011\/07\/pa-drunk-driving.jpg","contentUrl":"https:\/\/pdxinjurylaw.com\/\/wp-content\/uploads\/2011\/07\/pa-drunk-driving.jpg"},{"@type":"BreadcrumbList","@id":"https:\/\/pdxinjurylaw.com\/practice-areas\/victims-of-drunk-drivers\/#breadcrumb","itemListElement":[{"@type":"ListItem","position":1,"name":"Home","item":"https:\/\/pdxinjurylaw.com\/"},{"@type":"ListItem","position":2,"name":"Practice Areas","item":"https:\/\/pdxinjurylaw.com\/practice-areas\/"},{"@type":"ListItem","position":3,"name":"Portland Victims of Drunk Drivers Attorney"}]},{"@type":"WebSite","@id":"https:\/\/pdxinjurylaw.com\/#website","url":"https:\/\/pdxinjurylaw.com\/","name":"PDX Ley de Lesiones","description":"","publisher":{"@id":"https:\/\/pdxinjurylaw.com\/#organization"},"potentialAction":[{"@type":"SearchAction","target":{"@type":"EntryPoint","urlTemplate":"https:\/\/pdxinjurylaw.com\/?s={search_term_string}"},"query-input":{"@type":"PropertyValueSpecification","valueRequired":true,"valueName":"search_term_string"}}],"inLanguage":"es"},{"@type":"Organization","@id":"https:\/\/pdxinjurylaw.com\/#organization","name":"PDX Ley de Lesiones","url":"https:\/\/pdxinjurylaw.com\/","logo":{"@type":"ImageObject","inLanguage":"es","@id":"https:\/\/pdxinjurylaw.com\/#\/schema\/logo\/image\/","url":"https:\/\/530710ec99.nxcli.io\/wp-content\/uploads\/2021\/06\/logo-main.png","contentUrl":"https:\/\/530710ec99.nxcli.io\/wp-content\/uploads\/2021\/06\/logo-main.png","width":368,"height":63,"caption":"PDX Injury Law"},"image":{"@id":"https:\/\/pdxinjurylaw.com\/#\/schema\/logo\/image\/"}}]}},"acf":[],"_links":{"self":[{"href":"https:\/\/pdxinjurylaw.com\/es\/wp-json\/wp\/v2\/pages\/18795","targetHints":{"allow":["GET"]}}],"collection":[{"href":"https:\/\/pdxinjurylaw.com\/es\/wp-json\/wp\/v2\/pages"}],"about":[{"href":"https:\/\/pdxinjurylaw.com\/es\/wp-json\/wp\/v2\/types\/page"}],"author":[{"embeddable":true,"href":"https:\/\/pdxinjurylaw.com\/es\/wp-json\/wp\/v2\/users\/7"}],"replies":[{"embeddable":true,"href":"https:\/\/pdxinjurylaw.com\/es\/wp-json\/wp\/v2\/comments?post=18795"}],"version-history":[{"count":2,"href":"https:\/\/pdxinjurylaw.com\/es\/wp-json\/wp\/v2\/pages\/18795\/revisions"}],"predecessor-version":[{"id":66526,"href":"https:\/\/pdxinjurylaw.com\/es\/wp-json\/wp\/v2\/pages\/18795\/revisions\/66526"}],"up":[{"embeddable":true,"href":"https:\/\/pdxinjurylaw.com\/es\/wp-json\/wp\/v2\/pages\/256"}],"wp:attachment":[{"href":"https:\/\/pdxinjurylaw.com\/es\/wp-json\/wp\/v2\/media?parent=18795"}],"curies":[{"name":"wp","href":"https:\/\/api.w.org\/{rel}","templated":true}]}}