{"id":18793,"date":"2015-08-02T12:12:59","date_gmt":"2015-08-02T19:12:59","guid":{"rendered":"https:\/\/pdxinjurylaw.com\/?post_type=practice_areas&#038;p=18793"},"modified":"2024-03-27T02:36:00","modified_gmt":"2024-03-27T02:36:00","slug":"bus-accidents","status":"publish","type":"page","link":"https:\/\/pdxinjurylaw.com\/es\/practice-areas\/bus-accidents\/","title":{"rendered":"Portland Abogado de Accidente de Autob\u00fas"},"content":{"rendered":"<p>Recuperarse de un accidente de autob\u00fas no es f\u00e1cil. Como <a href=\"\/es\/portland-personal-injury-lawyer\/\">Abogados de lesiones de Portland,<\/a> Sabemos que lo \u00faltimo en lo que quieres pensar es en contratar a un abogado despu\u00e9s de semejante calvario. Puede parecer m\u00e1s f\u00e1cil tratar con las compa\u00f1\u00edas de seguros usted mismo, pero puede descubrir que la realidad de hacer esto es todo lo contrario. No te vendas barato cuando el descuido de otra persona es la raz\u00f3n por la que usted est\u00e1 en el dolor f\u00edsico. En DuBois Law Group, nuestros abogados de lesiones por accidente de autob\u00fas en Portland pueden ayudarle a decidir lo que debe hacer a continuaci\u00f3n. Tenemos a\u00f1os de experiencia ayudando con \u00e9xito a las personas lesionadas en Oregon, incluidas las personas que sufren lesiones graves en accidentes relacionados con autobuses. Para saber c\u00f3mo nuestros abogados de accidentes de autob\u00fas en Portland pueden ayudarle, llame al (503)-486-3618.<\/p>\n<h2><strong>\u00bfPor qu\u00e9 elegir un abogado de accidente de autob\u00fas de Portland DuBois Law Group?<\/strong><\/h2>\n<ul>\n<li>Nuestra <a href=\"\/es\/practice-areas\/portland-car-accident-lawyers\/\">abogados de accidentes en Portland<\/a> han recuperado millones de d\u00f3lares en acuerdos y veredictos del jurado para los residentes de Portland lesionados. Estamos dedicados a lograr la m\u00e1xima compensaci\u00f3n.<\/li>\n<li>Disponemos de un departamento m\u00e9dico independiente con profesionales sanitarios para ayudar a nuestros clientes a acceder al tratamiento que necesitan.<\/li>\n<li>Nuestra firma cobra una cuota de contingencia para la m\u00e1xima asequibilidad. Si no conseguimos una indemnizaci\u00f3n en su caso, no se le cobrar\u00e1n honorarios legales.<\/li>\n<\/ul>\n<h2><b>Peligros de los accidentes de autob\u00fas en Portland\u00a0<\/b><\/h2>\n<p><img loading=\"lazy\" decoding=\"async\" class=\"alignnone wp-image-66799\" src=\"https:\/\/pdxinjurylaw.com\/wp-content\/uploads\/2022\/07\/4096-2731-max-2-300x200.jpg\" alt=\"Portland bus accident attorney \" width=\"800\" height=\"533\" srcset=\"https:\/\/pdxinjurylaw.com\/wp-content\/uploads\/2022\/07\/4096-2731-max-2-300x200.jpg 300w, https:\/\/pdxinjurylaw.com\/wp-content\/uploads\/2022\/07\/4096-2731-max-2-1024x683.jpg 1024w, https:\/\/pdxinjurylaw.com\/wp-content\/uploads\/2022\/07\/4096-2731-max-2-768x512.jpg 768w, https:\/\/pdxinjurylaw.com\/wp-content\/uploads\/2022\/07\/4096-2731-max-2-1536x1024.jpg 1536w, https:\/\/pdxinjurylaw.com\/wp-content\/uploads\/2022\/07\/4096-2731-max-2-2048x1366.jpg 2048w\" sizes=\"auto, (max-width: 800px) 85vw, 800px\" \/><\/p>\n<p>La mayor\u00eda de nosotros no nos lo pensamos dos veces antes de subirnos a un autob\u00fas. Es asequible, es f\u00e1cil y, a veces, es nuestra \u00fanica opci\u00f3n para desplazarnos. Cuando firmamos el permiso para que nuestro hijo coja el autob\u00fas en una excursi\u00f3n, confiamos en que el conductor conducir\u00e1 con seguridad. Pero, \u00bfqu\u00e9 ocurre cuando el conductor es descuidado o no tiene sue\u00f1o? \u00bfQu\u00e9 ocurre cuando una empresa de autobuses no revisa los autobuses para realizar las reparaciones necesarias o no forma adecuadamente al conductor? No queremos pensar en estas cosas, pero ocurren.<\/p>\n<p>Ay\u00fadenos a prevenir estos accidentes responsabilizando a los conductores y a las empresas. Los accidentes de autob\u00fas en Portland ocurren en un instante. Los accidentes de autob\u00fas amenazan la vida y el bienestar no s\u00f3lo de sus muchos ocupantes, que a menudo incluyen ni\u00f1os peque\u00f1os, sino que tambi\u00e9n ponen en peligro a otros automovilistas en la carretera, ciclistas y peatones.<\/p>\n<p>Si es usted peat\u00f3n y ha sido atropellado por un autob\u00fas, p\u00f3ngase en contacto con nuestro <a href=\"\/es\/practice-areas\/pedestrian-accidents\/\">abogados de accidentes de peatones en Portland<\/a> hoy.<\/p>\n<h2>Lesiones comunes en accidentes de autob\u00fas en Portland<\/h2>\n<h3>Whiplash:<\/h3>\n<p>Se trata de una lesi\u00f3n frecuente en las colisiones por alcance. La brusca sacudida del impacto puede hacer que la cabeza y el cuello se sacudan r\u00e1pidamente hacia delante y hacia atr\u00e1s, provocando distensiones cervicales y da\u00f1os en los tejidos blandos.<\/p>\n<h3>Lesiones en la cabeza:<\/h3>\n<p>Los accidentes de autob\u00fas pueden provocar lesiones en la cabeza, como conmociones cerebrales, fracturas de cr\u00e1neo y traumatismos craneoencef\u00e1licos (TCE). Estas lesiones pueden ir de leves a graves, causando s\u00edntomas como dolores de cabeza, mareos, p\u00e9rdida de memoria y dificultades cognitivas. Hable con un <a href=\"\/es\/practice-areas\/brain-injury\/\">\u00a1abogado de lesiones cerebrales en Portland!<\/a><\/p>\n<h3>Fracturas:<\/h3>\n<p>La fuerza del impacto en un accidente de autob\u00fas puede causar fracturas en varias partes del cuerpo, incluidos los brazos, las piernas, las costillas y la pelvis. Las fracturas pueden requerir cirug\u00eda, inmovilizaci\u00f3n y rehabilitaci\u00f3n para curarse adecuadamente.<\/p>\n<h3>Lesiones medulares:<\/h3>\n<p>Los accidentes graves de autob\u00fas pueden causar lesiones medulares, que pueden dar lugar a par\u00e1lisis parcial o completa, dependiendo del nivel y el alcance de la lesi\u00f3n. Las lesiones de la m\u00e9dula espinal pueden tener consecuencias de por vida y pueden requerir una amplia intervenci\u00f3n m\u00e9dica y rehabilitaci\u00f3n. No tarde en ponerse en contacto con un <a href=\"\/es\/portland-spinal-cord-injury-attorney\/\">abogado de lesiones de la m\u00e9dula espinal en Portland<\/a> de DuBois Law Group.<\/p>\n<h3>Amputaciones:<\/h3>\n<p>Cristales rotos, objetos afilados, objetos pesados o escombros que vuelan durante un accidente de autob\u00fas pueden causar lesiones graves que conducen a la amputaci\u00f3n de las v\u00edctimas. Si este es el caso, nuestro <a href=\"\/es\/portland-amputation-injury-attorney\/\">Portland abogados de lesiones por amputaci\u00f3n<\/a> est\u00e1n aqu\u00ed para usted.<\/p>\n<h3>Muerte por negligencia<\/h3>\n<p>La muerte por negligencia en accidentes de autob\u00fas se refiere a una situaci\u00f3n en la que una persona pierde la vida como resultado de un accidente de autob\u00fas causado por la negligencia o mala conducta de otra parte. Estos casos suelen implicar una reclamaci\u00f3n legal presentada por los familiares supervivientes con la ayuda de un <a href=\"\/es\/practice-areas\/wrongful-death\/\">Abogado de homicidio culposo de Portland.\u00a0<\/a><\/p>\n<h2><strong>\u00bfCu\u00e1les son algunas de las causas de los accidentes de autob\u00fas en Portland?<\/strong><\/h2>\n<p>Hay muchas razones por las que se produce un accidente de autob\u00fas en Oreg\u00f3n. Aunque todos los conductores de autob\u00fas requieren formaci\u00f3n antes de ponerse al volante, el proceso de selecci\u00f3n a menudo no es tan exhaustivo como deber\u00eda ser. Como resultado, un conductor de autob\u00fas puede tener un historial de exceso de velocidad o conducir bajo la influencia que pasa desapercibido. Adem\u00e1s, como demuestran algunos accidentes recientes, algunos distritos escolares necesitan desesperadamente conductores de autob\u00fas y pasan por alto los requisitos de formaci\u00f3n adecuados. Otras causas comunes de accidentes de autob\u00fas en Oregon incluyen:<\/p>\n<ul>\n<li>Fatiga del conductor<\/li>\n<li>Exceso de velocidad<\/li>\n<li>No conducir con seguridad en condiciones meteorol\u00f3gicas adversas<\/li>\n<li>Incumplimiento de las normas de tr\u00e1fico, como ceder el paso a los veh\u00edculos que circulan por la v\u00eda p\u00fablica.<\/li>\n<li>Mantenimiento inadecuado de los autobuses<\/li>\n<li>Calzada insegura o mal dise\u00f1ada<\/li>\n<\/ul>\n<p>Si usted cree que su conductor de autob\u00fas estaba intoxicado durante un accidente, por favor no dude en ponerse en contacto con nuestro <a href=\"\/es\/portland-drunk-driving-accident-lawyer\/\">Abogados de accidentes por conducir ebrio en Portland.\u00a0<\/a><\/p>\n<h2><strong>\u00bfCu\u00e1les son los diferentes tipos de accidentes de autob\u00fas Portland?<\/strong><\/h2>\n<p><img loading=\"lazy\" decoding=\"async\" class=\"alignnone wp-image-66800\" src=\"https:\/\/pdxinjurylaw.com\/wp-content\/uploads\/2022\/07\/4096-2730-max-300x200.jpg\" alt=\"Portland bus accident attorney \" width=\"800\" height=\"533\" srcset=\"https:\/\/pdxinjurylaw.com\/wp-content\/uploads\/2022\/07\/4096-2730-max-300x200.jpg 300w, https:\/\/pdxinjurylaw.com\/wp-content\/uploads\/2022\/07\/4096-2730-max-1024x683.jpg 1024w, https:\/\/pdxinjurylaw.com\/wp-content\/uploads\/2022\/07\/4096-2730-max-768x512.jpg 768w, https:\/\/pdxinjurylaw.com\/wp-content\/uploads\/2022\/07\/4096-2730-max-1536x1024.jpg 1536w, https:\/\/pdxinjurylaw.com\/wp-content\/uploads\/2022\/07\/4096-2730-max-2048x1365.jpg 2048w\" sizes=\"auto, (max-width: 800px) 85vw, 800px\" \/><\/p>\n<p>Seg\u00fan un estudio realizado en 2009 por la\u00a0<a href=\"http:\/\/www.fmcsa.dot.gov\/mission\/policy\/bus-crash-causation-study-report-congress\" target=\"_blank\" rel=\"noopener\">Administraci\u00f3n Federal de Seguridad de los Autotransportes<\/a>Cada a\u00f1o mueren en Estados Unidos unas 50 personas en accidentes en los que se ven implicados autobuses tur\u00edsticos, Greyhound o Metro, y unas 1.000 personas resultan heridas en estos accidentes. Anualmente, estos tipos de accidentes de autob\u00fas representan alrededor del cinco por ciento de los accidentes mortales de camiones y autobuses del pa\u00eds.<\/p>\n<p>Tristemente,\u00a0<b>En EE.UU., los accidentes en los que se ven implicados autobuses escolares que transportan ni\u00f1os son m\u00e1s frecuentes.<\/b>\u00a0de lo que nos gustar\u00eda creer. <a href=\"https:\/\/crashstats.nhtsa.dot.gov\/Api\/Public\/ViewPublication\/811165\">Administraci\u00f3n Nacional de Seguridad Vial<\/a> informa de que 1.564 personas han muerto en accidentes de autob\u00fas escolar desde 1998. Esto se traduce en una media de unas 142 muertes anuales relacionadas con accidentes de autob\u00fas escolar.<\/p>\n<p>Hay otros tipos de accidentes de autob\u00fas, que incluyen:<\/p>\n<ul>\n<li>Choque autob\u00fas-coche<\/li>\n<li>Colisi\u00f3n entre autob\u00fas y peat\u00f3n<\/li>\n<li>Accidente de autob\u00fas ch\u00e1rter<\/li>\n<li>Accidente de autob\u00fas eclesi\u00e1stico<\/li>\n<li>Accidente de autob\u00fas Greyhound<\/li>\n<li>Accidente de autob\u00fas<\/li>\n<li>Colisi\u00f3n de un autob\u00fas tur\u00edstico<\/li>\n<\/ul>\n<h2><strong>\u00bfQui\u00e9n es responsable de un accidente de autob\u00fas de Oregon?<\/strong><\/h2>\n<p><img loading=\"lazy\" decoding=\"async\" class=\"alignnone wp-image-66801\" src=\"https:\/\/pdxinjurylaw.com\/wp-content\/uploads\/2022\/07\/2121-1414-max-2-1-300x200.jpg\" alt=\"Bus accident lawyer Portland \" width=\"800\" height=\"533\" srcset=\"https:\/\/pdxinjurylaw.com\/wp-content\/uploads\/2022\/07\/2121-1414-max-2-1-300x200.jpg 300w, https:\/\/pdxinjurylaw.com\/wp-content\/uploads\/2022\/07\/2121-1414-max-2-1-1024x683.jpg 1024w, https:\/\/pdxinjurylaw.com\/wp-content\/uploads\/2022\/07\/2121-1414-max-2-1-768x512.jpg 768w, https:\/\/pdxinjurylaw.com\/wp-content\/uploads\/2022\/07\/2121-1414-max-2-1-1536x1024.jpg 1536w, https:\/\/pdxinjurylaw.com\/wp-content\/uploads\/2022\/07\/2121-1414-max-2-1-2048x1365.jpg 2048w\" sizes=\"auto, (max-width: 800px) 85vw, 800px\" \/><\/p>\n<p>Al igual que los accidentes de coche en Portland, varias partes pueden ser responsables de un accidente de autob\u00fas, dependiendo de las circunstancias que rodearon la colisi\u00f3n, as\u00ed como la situaci\u00f3n laboral del conductor. Sin embargo, no importa lo que pase, usted quiere un abogado de accidentes en Portland de su lado.<\/p>\n<h3>El conductor del autob\u00fas:<\/h3>\n<p>Si el conductor del autob\u00fas cometi\u00f3 una negligencia que provoc\u00f3 la colisi\u00f3n, es responsable del accidente.<\/p>\n<h3>La compa\u00f1\u00eda de autobuses:<\/h3>\n<p>Una empresa privada de autobuses es responsable de los accidentes que causen sus empleados en el ejercicio de sus funciones. Si el accidente se produce por negligencia de la empresa de autobuses, por ejemplo por no mantener su flota o por contratar a conductores sin licencia, la empresa tambi\u00e9n ser\u00e1 responsable.<\/p>\n<h3>Entidades gubernamentales:<\/h3>\n<p>Si el autob\u00fas es operado por una entidad del gobierno estatal, del condado o de la ciudad, esa agencia tambi\u00e9n puede ser responsable de la colisi\u00f3n. Muchos autobuses en Portland son operados por organismos p\u00fablicos, como los distritos escolares o el Departamento de Transporte.<\/p>\n<h3>Fabricantes:<\/h3>\n<p>Si el accidente se produjo por una pieza defectuosa en el interior o en el exterior del autob\u00fas, el fabricante de esa pieza defectuosa ser\u00e1 responsable del accidente. En algunos casos, tambi\u00e9n podr\u00edas presentar una reclamaci\u00f3n contra el distribuidor o minorista con la ayuda de un <a href=\"\/es\/practice-areas\/products-liability\/\">Portland abogado de responsabilidad por productos defectuosos.\u00a0<\/a><\/p>\n<h2><strong>\u00bfCu\u00e1nto tiempo tiene para presentar una reclamaci\u00f3n de accidente de autob\u00fas en Oregon?<\/strong><\/h2>\n<p>Si usted se lesiona en un accidente de autob\u00fas en Portland, es importante actuar con rapidez. Las demandas civiles en Oregon est\u00e1n sujetas a un estatuto de limitaciones, o un plazo de presentaci\u00f3n para ciertas reclamaciones. Si usted no presenta su reclamo dentro de un cierto per\u00edodo de tiempo, el tribunal desestimar\u00e1 su caso.<\/p>\n<p>Para las demandas contra empresas privadas de autobuses y conductores, dispone de dos a\u00f1os a partir de la fecha del accidente para presentar la demanda. Si presenta una demanda contra un fabricante, tambi\u00e9n tiene un plazo de presentaci\u00f3n de dos a\u00f1os. Hay algunas excepciones a estos plazos; por ejemplo, si eras menor de 18 a\u00f1os en el momento del accidente, puedes presentar tu demanda hasta un a\u00f1o despu\u00e9s de cumplir los 18 a\u00f1os.<\/p>\n<p>Sin embargo, si presenta una reclamaci\u00f3n contra una entidad p\u00fablica, el plazo es a\u00fan m\u00e1s corto. Dispone de 180 d\u00edas a partir de la fecha del accidente para presentar una reclamaci\u00f3n por da\u00f1os y perjuicios contra un organismo p\u00fablico. Las reclamaciones contra el gobierno son a menudo muy complejas y est\u00e1n sujetas a diferentes requisitos en comparaci\u00f3n con otras demandas civiles. En estas situaciones, es importante ponerse en contacto con un abogado de accidente de autob\u00fas Portland tan pronto como sea posible para identificar su plazo de presentaci\u00f3n adecuada e iniciar su reclamo tan pronto como sea posible.<\/p>\n<h2><strong>P\u00f3ngase en contacto con un abogado de accidente de autob\u00fas de Portland DuBois Law Group Hoy<\/strong><\/h2>\n<p>Si usted se lesiona en un accidente de autob\u00fas en Portland, usted tiene el derecho de buscar justicia. En estas situaciones, los abogados de accidentes de autob\u00fas de Portland en DuBois Law Group pueden ayudarle a recuperar la compensaci\u00f3n que se merece. <a href=\"https:\/\/pdxinjurylaw.com\/es\/contact-us\/\">P\u00f3ngase en contacto con nosotros<\/a> para programar una consulta gratuita de su caso y obtener m\u00e1s informaci\u00f3n sobre sus opciones legales.<\/p>","protected":false},"excerpt":{"rendered":"<p>Bus accidents occur in an instant. Bus collisions threaten the lives and wellbeing of occupants, which often include young children. But these accidents also endanger other motorists on the road, bicyclists, and pedestrians.<\/p>","protected":false},"author":7,"featured_media":0,"parent":256,"menu_order":6,"comment_status":"closed","ping_status":"closed","template":"","meta":{"footnotes":"","_content_optimizer_report_url":"","_content_optimizer_report_added":"","_content_optimizer_keyword_hide_used":false,"_content_optimizer_keyword_hide_above_average":false,"_content_optimizer_entities_hide_used":false,"_content_optimizer_entities_hide_above_average":false,"_content_optimizer_headings_hide_used":false,"_content_optimizer_questions_hide_used":false,"_content_optimizer_tab_active":"","_content_optimizer_report_url_ce":"","_content_optimizer_report_added_ce":"","_content_optimizer_keyword_hide_used_ce":false,"_content_optimizer_keyword_hide_above_average_ce":false,"_content_optimizer_entities_hide_used_ce":false,"_content_optimizer_entities_hide_above_average_ce":false,"_content_optimizer_headings_hide_used_ce":false,"_content_optimizer_questions_hide_used_ce":false,"_content_optimizer_tab_active_ce":""},"class_list":["post-18793","page","type-page","status-publish","hentry"],"yoast_head":"<!-- This site is optimized with the Yoast SEO plugin v27.4 - https:\/\/yoast.com\/product\/yoast-seo-wordpress\/ -->\n<title>Portland Bus Accident Attorney - TriMet Max Train Injury Lawyers in Oregon<\/title>\n<meta name=\"description\" content=\"Have you been involved in a Portland bus accident? Don&#039;t wait! Call for a free consultation now. (503) 222-4411\" \/>\n<meta name=\"robots\" content=\"index, follow, max-snippet:-1, max-image-preview:large, max-video-preview:-1\" \/>\n<link rel=\"canonical\" href=\"https:\/\/pdxinjurylaw.com\/es\/practice-areas\/bus-accidents\/\" \/>\n<meta property=\"og:locale\" content=\"es_MX\" \/>\n<meta property=\"og:type\" content=\"article\" \/>\n<meta property=\"og:title\" content=\"Portland Bus Accident Attorney - TriMet Max Train Injury Lawyers in Oregon\" \/>\n<meta property=\"og:description\" content=\"Have you been involved in a Portland bus accident? Don&#039;t wait! Call for a free consultation now. (503) 222-4411\" \/>\n<meta property=\"og:url\" content=\"https:\/\/pdxinjurylaw.com\/es\/practice-areas\/bus-accidents\/\" \/>\n<meta property=\"og:site_name\" content=\"PDX Injury Law\" \/>\n<meta property=\"article:modified_time\" content=\"2024-03-27T02:36:00+00:00\" \/>\n<meta property=\"og:image\" content=\"https:\/\/pdxinjurylaw.com\/wp-content\/uploads\/2022\/07\/4096-2731-max-2-300x200.jpg\" \/>\n<meta name=\"twitter:card\" content=\"summary_large_image\" \/>\n<meta name=\"twitter:label1\" content=\"Tiempo de lectura\" \/>\n\t<meta name=\"twitter:data1\" content=\"6 minutos\" \/>\n<script type=\"application\/ld+json\" class=\"yoast-schema-graph\">{\"@context\":\"https:\\\/\\\/schema.org\",\"@graph\":[{\"@type\":\"WebPage\",\"@id\":\"https:\\\/\\\/pdxinjurylaw.com\\\/practice-areas\\\/bus-accidents\\\/\",\"url\":\"https:\\\/\\\/pdxinjurylaw.com\\\/practice-areas\\\/bus-accidents\\\/\",\"name\":\"Portland Bus Accident Attorney - TriMet Max Train Injury Lawyers in Oregon\",\"isPartOf\":{\"@id\":\"https:\\\/\\\/pdxinjurylaw.com\\\/#website\"},\"primaryImageOfPage\":{\"@id\":\"https:\\\/\\\/pdxinjurylaw.com\\\/practice-areas\\\/bus-accidents\\\/#primaryimage\"},\"image\":{\"@id\":\"https:\\\/\\\/pdxinjurylaw.com\\\/practice-areas\\\/bus-accidents\\\/#primaryimage\"},\"thumbnailUrl\":\"https:\\\/\\\/pdxinjurylaw.com\\\/wp-content\\\/uploads\\\/2022\\\/07\\\/4096-2731-max-2-300x200.jpg\",\"datePublished\":\"2015-08-02T19:12:59+00:00\",\"dateModified\":\"2024-03-27T02:36:00+00:00\",\"description\":\"Have you been involved in a Portland bus accident? Don't wait! Call for a free consultation now. (503) 222-4411\",\"breadcrumb\":{\"@id\":\"https:\\\/\\\/pdxinjurylaw.com\\\/practice-areas\\\/bus-accidents\\\/#breadcrumb\"},\"inLanguage\":\"es\",\"potentialAction\":[{\"@type\":\"ReadAction\",\"target\":[\"https:\\\/\\\/pdxinjurylaw.com\\\/practice-areas\\\/bus-accidents\\\/\"]}]},{\"@type\":\"ImageObject\",\"inLanguage\":\"es\",\"@id\":\"https:\\\/\\\/pdxinjurylaw.com\\\/practice-areas\\\/bus-accidents\\\/#primaryimage\",\"url\":\"https:\\\/\\\/pdxinjurylaw.com\\\/wp-content\\\/uploads\\\/2022\\\/07\\\/4096-2731-max-2-300x200.jpg\",\"contentUrl\":\"https:\\\/\\\/pdxinjurylaw.com\\\/wp-content\\\/uploads\\\/2022\\\/07\\\/4096-2731-max-2-300x200.jpg\"},{\"@type\":\"BreadcrumbList\",\"@id\":\"https:\\\/\\\/pdxinjurylaw.com\\\/practice-areas\\\/bus-accidents\\\/#breadcrumb\",\"itemListElement\":[{\"@type\":\"ListItem\",\"position\":1,\"name\":\"Home\",\"item\":\"https:\\\/\\\/pdxinjurylaw.com\\\/\"},{\"@type\":\"ListItem\",\"position\":2,\"name\":\"Practice Areas\",\"item\":\"https:\\\/\\\/pdxinjurylaw.com\\\/practice-areas\\\/\"},{\"@type\":\"ListItem\",\"position\":3,\"name\":\"Portland Bus Accident Lawyer\"}]},{\"@type\":\"WebSite\",\"@id\":\"https:\\\/\\\/pdxinjurylaw.com\\\/#website\",\"url\":\"https:\\\/\\\/pdxinjurylaw.com\\\/\",\"name\":\"PDX Injury Law\",\"description\":\"\",\"publisher\":{\"@id\":\"https:\\\/\\\/pdxinjurylaw.com\\\/#organization\"},\"potentialAction\":[{\"@type\":\"SearchAction\",\"target\":{\"@type\":\"EntryPoint\",\"urlTemplate\":\"https:\\\/\\\/pdxinjurylaw.com\\\/?s={search_term_string}\"},\"query-input\":{\"@type\":\"PropertyValueSpecification\",\"valueRequired\":true,\"valueName\":\"search_term_string\"}}],\"inLanguage\":\"es\"},{\"@type\":\"Organization\",\"@id\":\"https:\\\/\\\/pdxinjurylaw.com\\\/#organization\",\"name\":\"PDX Injury Law\",\"url\":\"https:\\\/\\\/pdxinjurylaw.com\\\/\",\"logo\":{\"@type\":\"ImageObject\",\"inLanguage\":\"es\",\"@id\":\"https:\\\/\\\/pdxinjurylaw.com\\\/#\\\/schema\\\/logo\\\/image\\\/\",\"url\":\"https:\\\/\\\/530710ec99.nxcli.io\\\/wp-content\\\/uploads\\\/2021\\\/06\\\/logo-main.png\",\"contentUrl\":\"https:\\\/\\\/530710ec99.nxcli.io\\\/wp-content\\\/uploads\\\/2021\\\/06\\\/logo-main.png\",\"width\":368,\"height\":63,\"caption\":\"PDX Injury Law\"},\"image\":{\"@id\":\"https:\\\/\\\/pdxinjurylaw.com\\\/#\\\/schema\\\/logo\\\/image\\\/\"}}]}<\/script>\n<!-- \/ Yoast SEO plugin. -->","yoast_head_json":{"title":"Portland Bus Accident Attorney - TriMet Max Train Injury Lawyers in Oregon","description":"Have you been involved in a Portland bus accident? Don't wait! Call for a free consultation now. (503) 222-4411","robots":{"index":"index","follow":"follow","max-snippet":"max-snippet:-1","max-image-preview":"max-image-preview:large","max-video-preview":"max-video-preview:-1"},"canonical":"https:\/\/pdxinjurylaw.com\/es\/practice-areas\/bus-accidents\/","og_locale":"es_MX","og_type":"article","og_title":"Portland Bus Accident Attorney - TriMet Max Train Injury Lawyers in Oregon","og_description":"Have you been involved in a Portland bus accident? Don't wait! Call for a free consultation now. (503) 222-4411","og_url":"https:\/\/pdxinjurylaw.com\/es\/practice-areas\/bus-accidents\/","og_site_name":"PDX Injury Law","article_modified_time":"2024-03-27T02:36:00+00:00","og_image":[{"url":"https:\/\/pdxinjurylaw.com\/wp-content\/uploads\/2022\/07\/4096-2731-max-2-300x200.jpg","type":"","width":"","height":""}],"twitter_card":"summary_large_image","twitter_misc":{"Tiempo de lectura":"6 minutos"},"schema":{"@context":"https:\/\/schema.org","@graph":[{"@type":"WebPage","@id":"https:\/\/pdxinjurylaw.com\/practice-areas\/bus-accidents\/","url":"https:\/\/pdxinjurylaw.com\/practice-areas\/bus-accidents\/","name":"Portland Bus Accident Attorney - TriMet Max Train Injury Lawyers in Oregon","isPartOf":{"@id":"https:\/\/pdxinjurylaw.com\/#website"},"primaryImageOfPage":{"@id":"https:\/\/pdxinjurylaw.com\/practice-areas\/bus-accidents\/#primaryimage"},"image":{"@id":"https:\/\/pdxinjurylaw.com\/practice-areas\/bus-accidents\/#primaryimage"},"thumbnailUrl":"https:\/\/pdxinjurylaw.com\/wp-content\/uploads\/2022\/07\/4096-2731-max-2-300x200.jpg","datePublished":"2015-08-02T19:12:59+00:00","dateModified":"2024-03-27T02:36:00+00:00","description":"Have you been involved in a Portland bus accident? Don't wait! Call for a free consultation now. (503) 222-4411","breadcrumb":{"@id":"https:\/\/pdxinjurylaw.com\/practice-areas\/bus-accidents\/#breadcrumb"},"inLanguage":"es","potentialAction":[{"@type":"ReadAction","target":["https:\/\/pdxinjurylaw.com\/practice-areas\/bus-accidents\/"]}]},{"@type":"ImageObject","inLanguage":"es","@id":"https:\/\/pdxinjurylaw.com\/practice-areas\/bus-accidents\/#primaryimage","url":"https:\/\/pdxinjurylaw.com\/wp-content\/uploads\/2022\/07\/4096-2731-max-2-300x200.jpg","contentUrl":"https:\/\/pdxinjurylaw.com\/wp-content\/uploads\/2022\/07\/4096-2731-max-2-300x200.jpg"},{"@type":"BreadcrumbList","@id":"https:\/\/pdxinjurylaw.com\/practice-areas\/bus-accidents\/#breadcrumb","itemListElement":[{"@type":"ListItem","position":1,"name":"Home","item":"https:\/\/pdxinjurylaw.com\/"},{"@type":"ListItem","position":2,"name":"Practice Areas","item":"https:\/\/pdxinjurylaw.com\/practice-areas\/"},{"@type":"ListItem","position":3,"name":"Portland Bus Accident Lawyer"}]},{"@type":"WebSite","@id":"https:\/\/pdxinjurylaw.com\/#website","url":"https:\/\/pdxinjurylaw.com\/","name":"PDX Ley de Lesiones","description":"","publisher":{"@id":"https:\/\/pdxinjurylaw.com\/#organization"},"potentialAction":[{"@type":"SearchAction","target":{"@type":"EntryPoint","urlTemplate":"https:\/\/pdxinjurylaw.com\/?s={search_term_string}"},"query-input":{"@type":"PropertyValueSpecification","valueRequired":true,"valueName":"search_term_string"}}],"inLanguage":"es"},{"@type":"Organization","@id":"https:\/\/pdxinjurylaw.com\/#organization","name":"PDX Ley de Lesiones","url":"https:\/\/pdxinjurylaw.com\/","logo":{"@type":"ImageObject","inLanguage":"es","@id":"https:\/\/pdxinjurylaw.com\/#\/schema\/logo\/image\/","url":"https:\/\/530710ec99.nxcli.io\/wp-content\/uploads\/2021\/06\/logo-main.png","contentUrl":"https:\/\/530710ec99.nxcli.io\/wp-content\/uploads\/2021\/06\/logo-main.png","width":368,"height":63,"caption":"PDX Injury Law"},"image":{"@id":"https:\/\/pdxinjurylaw.com\/#\/schema\/logo\/image\/"}}]}},"acf":[],"_links":{"self":[{"href":"https:\/\/pdxinjurylaw.com\/es\/wp-json\/wp\/v2\/pages\/18793","targetHints":{"allow":["GET"]}}],"collection":[{"href":"https:\/\/pdxinjurylaw.com\/es\/wp-json\/wp\/v2\/pages"}],"about":[{"href":"https:\/\/pdxinjurylaw.com\/es\/wp-json\/wp\/v2\/types\/page"}],"author":[{"embeddable":true,"href":"https:\/\/pdxinjurylaw.com\/es\/wp-json\/wp\/v2\/users\/7"}],"replies":[{"embeddable":true,"href":"https:\/\/pdxinjurylaw.com\/es\/wp-json\/wp\/v2\/comments?post=18793"}],"version-history":[{"count":9,"href":"https:\/\/pdxinjurylaw.com\/es\/wp-json\/wp\/v2\/pages\/18793\/revisions"}],"predecessor-version":[{"id":67277,"href":"https:\/\/pdxinjurylaw.com\/es\/wp-json\/wp\/v2\/pages\/18793\/revisions\/67277"}],"up":[{"embeddable":true,"href":"https:\/\/pdxinjurylaw.com\/es\/wp-json\/wp\/v2\/pages\/256"}],"wp:attachment":[{"href":"https:\/\/pdxinjurylaw.com\/es\/wp-json\/wp\/v2\/media?parent=18793"}],"curies":[{"name":"wp","href":"https:\/\/api.w.org\/{rel}","templated":true}]}}