{"id":18784,"date":"2015-08-02T10:30:36","date_gmt":"2015-08-02T17:30:36","guid":{"rendered":"https:\/\/pdxinjurylaw.com\/?post_type=practice_areas&#038;p=18784"},"modified":"2022-06-17T21:23:17","modified_gmt":"2022-06-17T21:23:17","slug":"sexual-assault","status":"publish","type":"page","link":"https:\/\/pdxinjurylaw.com\/es\/practice-areas\/sexual-assault\/","title":{"rendered":"Portland Sexual Assault Attorney"},"content":{"rendered":"<p>If you have been sexually assaulted, you are not alone and help is out there. The Portland sexual assault attorneys at DuBois Law Group can help you file a civil lawsuit (in addition to criminal charges) to help you pay medical bills, educate you about your rights, and get you compensation for all the emotional damage you have had to endure.<\/p>\n<p style=\"text-align: left;\"><img loading=\"lazy\" decoding=\"async\" class=\"alignright wp-image-2781 size-full\" style=\"margin: 0px 0px 10px 30px;\" title=\"pa-sexual-assault\" src=\"https:\/\/pdxinjurylaw.com\/wp-content\/uploads\/2011\/07\/pa-sexual-assault.jpg\" alt=\"Portland sexual assault attorney \" width=\"256\" height=\"384\" align=\"right\" \/><\/p>\n<p style=\"text-align: left;\">All forms of sexual assault are heinous crimes, and yet only a small percentage of rapes ever get reported to law enforcement. If you or a loved one has been a victim of a sexual assault, you will need a committed sexual assault lawyer to represent you.<\/p>\n<p style=\"text-align: left;\">At DuBois Law Group, we are strongly on the side of children and adults who have been sexually abused, raped, molested, or sexually battered. Our compassionate Portland sexual assault attorneys understand the devastating physical and emotional pain that your <a href=\"\/es\/practice-areas\/personal-injury\/\">personal injuries<\/a> are causing you. We will work tirelessly in our fight for justice.<\/p>\n<p><strong>There&#8217;s no excuse for sexual assault.\u00a0<\/strong><\/p>\n<h2>Why Choose Us:<\/h2>\n<ul>\n<li>Estamos dedicados a asegurar la m\u00e1xima compensaci\u00f3n en su caso. Nuestros abogados de lesiones personales han recuperado millones de d\u00f3lares en acuerdos y veredictos en nombre de nuestros clientes.<\/li>\n<li>Nuestro bufete se encarga de un n\u00famero limitado de casos a la vez, lo que garantiza que nuestros abogados puedan ofrecerle la dedicaci\u00f3n y la atenci\u00f3n personalizada que se merece.<\/li>\n<li>We take a proactive role in our clients\u2019 health. Our firm operates a separate medical department staffed by healthcare professionals who can connect you with the treatment you need.<\/li>\n<\/ul>\n<h2 style=\"text-align: left;\">We&#8217;re Here For You &#8211; Call Today At (503) 222-4411<\/h2>\n<p style=\"text-align: left;\">Sexual assault is any type of unwanted or unwarranted sexual activity against an individual. Sexual assault can take place in a multitude of forms from severe to less obvious acts.<\/p>\n<p style=\"text-align: left;\">This includes rape and attempted rape, sexual harassment, incest, &#8220;peeping Tom,&#8221; indecent exposure, child molestation, and more. Unfortunately, Sexual assaults can happen anywhere: with a stranger, on a date, with a domestic or intimate partner, in a nursing home, and even by a trusted therapist, counselor, or physician. Even worse, children who are victims of molestation often know and trust their attacker: priests, ministers, teachers, Boy Scout leaders, daycare providers, and even family members.<\/p>\n<p style=\"text-align: left;\">When taking legal action against your assailant, there are several options for you to consider. In addition to criminal charges, if a third party was negligent and aided in making the assault possible, you may be able to file a claim against them. For example, if a summer camp counselor assaults a person, the camp may be responsible, particularly if they did not do a background check before hiring the sex offender or are guilty of some other negligence.<\/p>\n<h2 style=\"text-align: left;\">You Deserve Fair Compensation in a Civil Case<\/h2>\n<p style=\"text-align: left;\">Although criminal prosecution is necessary to hold your attacker accountable for the crime of sexual assault, filing a civil action is a valuable tool for you to seek compensation for your injuries. If you or a loved one is a victim of sexual assault,\u00a0our <a href=\"\/es\/about\/\">supportive legal<\/a> team has the knowledge and the resources to navigate the legal system to assist you in receiving maximum compensation. You may be entitled to compensation for:<\/p>\n<ul style=\"text-align: left;\">\n<li>Dolor y sufrimiento<\/li>\n<li>Angustia emocional<\/li>\n<li>Angustia mental<\/li>\n<li>P\u00e9rdida de calidad de vida<\/li>\n<li>Psychological and other counseling<\/li>\n<li>Discapacidad<\/li>\n<li>Gastos m\u00e9dicos presentes y futuros<\/li>\n<li>Loss of wages \u2013 present and future<\/li>\n<\/ul>\n<h3>P\u00f3ngase en contacto con DuBois Law Group<\/h3>\n<p style=\"text-align: left;\">The Portland sexual assault attorneys at DuBois Law Group are dedicated to assisting victims of sexual assault by making sure that you know your rights and your options so that you are no longer a victim. Call for a FREE case evaluation so that you can begin to heal and move forward. (503) 222-4411<\/p>","protected":false},"excerpt":{"rendered":"<p>Sexual assault is any type of sexual activity that you do not want and you do not agree to. Any form of sexual activity that forces you to participate in unwanted sexual contact or attention is sexual assault.<\/p>","protected":false},"author":7,"featured_media":0,"parent":256,"menu_order":14,"comment_status":"closed","ping_status":"closed","template":"","meta":{"footnotes":"","_content_optimizer_report_url":"","_content_optimizer_report_added":"","_content_optimizer_keyword_hide_used":false,"_content_optimizer_keyword_hide_above_average":false,"_content_optimizer_entities_hide_used":false,"_content_optimizer_entities_hide_above_average":false,"_content_optimizer_headings_hide_used":false,"_content_optimizer_questions_hide_used":false,"_content_optimizer_tab_active":"","_content_optimizer_report_url_ce":"","_content_optimizer_report_added_ce":"","_content_optimizer_keyword_hide_used_ce":false,"_content_optimizer_keyword_hide_above_average_ce":false,"_content_optimizer_entities_hide_used_ce":false,"_content_optimizer_entities_hide_above_average_ce":false,"_content_optimizer_headings_hide_used_ce":false,"_content_optimizer_questions_hide_used_ce":false,"_content_optimizer_tab_active_ce":""},"class_list":["post-18784","page","type-page","status-publish","hentry"],"yoast_head":"<!-- This site is optimized with the Yoast SEO plugin v27.5 - https:\/\/yoast.com\/product\/yoast-seo-wordpress\/ -->\n<title>Portland Sexual Assault Lawyer<\/title>\n<meta name=\"description\" content=\"Have you or someone you know been a victim of sexual assault in Portland? Don&#039;t hesitate! Contact us for a FREE consultation. (503) 222-4411\" \/>\n<meta name=\"robots\" content=\"index, follow, max-snippet:-1, max-image-preview:large, max-video-preview:-1\" \/>\n<link rel=\"canonical\" href=\"https:\/\/pdxinjurylaw.com\/es\/practice-areas\/sexual-assault\/\" \/>\n<meta property=\"og:locale\" content=\"es_MX\" \/>\n<meta property=\"og:type\" content=\"article\" \/>\n<meta property=\"og:title\" content=\"Portland Sexual Assault Lawyer\" \/>\n<meta property=\"og:description\" content=\"Have you or someone you know been a victim of sexual assault in Portland? Don&#039;t hesitate! Contact us for a FREE consultation. (503) 222-4411\" \/>\n<meta property=\"og:url\" content=\"https:\/\/pdxinjurylaw.com\/es\/practice-areas\/sexual-assault\/\" \/>\n<meta property=\"og:site_name\" content=\"PDX Injury Law\" \/>\n<meta property=\"article:modified_time\" content=\"2022-06-17T21:23:17+00:00\" \/>\n<meta property=\"og:image\" content=\"https:\/\/pdxinjurylaw.com\/wp-content\/uploads\/2011\/07\/pa-sexual-assault.jpg\" \/>\n<meta name=\"twitter:card\" content=\"summary_large_image\" \/>\n<meta name=\"twitter:label1\" content=\"Tiempo de lectura\" \/>\n\t<meta name=\"twitter:data1\" content=\"3 minutos\" \/>\n<script type=\"application\/ld+json\" class=\"yoast-schema-graph\">{\"@context\":\"https:\\\/\\\/schema.org\",\"@graph\":[{\"@type\":\"WebPage\",\"@id\":\"https:\\\/\\\/pdxinjurylaw.com\\\/practice-areas\\\/sexual-assault\\\/\",\"url\":\"https:\\\/\\\/pdxinjurylaw.com\\\/practice-areas\\\/sexual-assault\\\/\",\"name\":\"Portland Sexual Assault Lawyer\",\"isPartOf\":{\"@id\":\"https:\\\/\\\/pdxinjurylaw.com\\\/#website\"},\"primaryImageOfPage\":{\"@id\":\"https:\\\/\\\/pdxinjurylaw.com\\\/practice-areas\\\/sexual-assault\\\/#primaryimage\"},\"image\":{\"@id\":\"https:\\\/\\\/pdxinjurylaw.com\\\/practice-areas\\\/sexual-assault\\\/#primaryimage\"},\"thumbnailUrl\":\"https:\\\/\\\/pdxinjurylaw.com\\\/wp-content\\\/uploads\\\/2011\\\/07\\\/pa-sexual-assault.jpg\",\"datePublished\":\"2015-08-02T17:30:36+00:00\",\"dateModified\":\"2022-06-17T21:23:17+00:00\",\"description\":\"Have you or someone you know been a victim of sexual assault in Portland? Don't hesitate! Contact us for a FREE consultation. (503) 222-4411\",\"breadcrumb\":{\"@id\":\"https:\\\/\\\/pdxinjurylaw.com\\\/practice-areas\\\/sexual-assault\\\/#breadcrumb\"},\"inLanguage\":\"es\",\"potentialAction\":[{\"@type\":\"ReadAction\",\"target\":[\"https:\\\/\\\/pdxinjurylaw.com\\\/practice-areas\\\/sexual-assault\\\/\"]}]},{\"@type\":\"ImageObject\",\"inLanguage\":\"es\",\"@id\":\"https:\\\/\\\/pdxinjurylaw.com\\\/practice-areas\\\/sexual-assault\\\/#primaryimage\",\"url\":\"https:\\\/\\\/pdxinjurylaw.com\\\/wp-content\\\/uploads\\\/2011\\\/07\\\/pa-sexual-assault.jpg\",\"contentUrl\":\"https:\\\/\\\/pdxinjurylaw.com\\\/wp-content\\\/uploads\\\/2011\\\/07\\\/pa-sexual-assault.jpg\"},{\"@type\":\"BreadcrumbList\",\"@id\":\"https:\\\/\\\/pdxinjurylaw.com\\\/practice-areas\\\/sexual-assault\\\/#breadcrumb\",\"itemListElement\":[{\"@type\":\"ListItem\",\"position\":1,\"name\":\"Home\",\"item\":\"https:\\\/\\\/pdxinjurylaw.com\\\/\"},{\"@type\":\"ListItem\",\"position\":2,\"name\":\"Practice Areas\",\"item\":\"https:\\\/\\\/pdxinjurylaw.com\\\/practice-areas\\\/\"},{\"@type\":\"ListItem\",\"position\":3,\"name\":\"Portland Sexual Assault Attorney\"}]},{\"@type\":\"WebSite\",\"@id\":\"https:\\\/\\\/pdxinjurylaw.com\\\/#website\",\"url\":\"https:\\\/\\\/pdxinjurylaw.com\\\/\",\"name\":\"PDX Injury Law\",\"description\":\"\",\"publisher\":{\"@id\":\"https:\\\/\\\/pdxinjurylaw.com\\\/#organization\"},\"potentialAction\":[{\"@type\":\"SearchAction\",\"target\":{\"@type\":\"EntryPoint\",\"urlTemplate\":\"https:\\\/\\\/pdxinjurylaw.com\\\/?s={search_term_string}\"},\"query-input\":{\"@type\":\"PropertyValueSpecification\",\"valueRequired\":true,\"valueName\":\"search_term_string\"}}],\"inLanguage\":\"es\"},{\"@type\":\"Organization\",\"@id\":\"https:\\\/\\\/pdxinjurylaw.com\\\/#organization\",\"name\":\"PDX Injury Law\",\"url\":\"https:\\\/\\\/pdxinjurylaw.com\\\/\",\"logo\":{\"@type\":\"ImageObject\",\"inLanguage\":\"es\",\"@id\":\"https:\\\/\\\/pdxinjurylaw.com\\\/#\\\/schema\\\/logo\\\/image\\\/\",\"url\":\"https:\\\/\\\/530710ec99.nxcli.io\\\/wp-content\\\/uploads\\\/2021\\\/06\\\/logo-main.png\",\"contentUrl\":\"https:\\\/\\\/530710ec99.nxcli.io\\\/wp-content\\\/uploads\\\/2021\\\/06\\\/logo-main.png\",\"width\":368,\"height\":63,\"caption\":\"PDX Injury Law\"},\"image\":{\"@id\":\"https:\\\/\\\/pdxinjurylaw.com\\\/#\\\/schema\\\/logo\\\/image\\\/\"}}]}<\/script>\n<!-- \/ Yoast SEO plugin. -->","yoast_head_json":{"title":"Portland Sexual Assault Lawyer","description":"Have you or someone you know been a victim of sexual assault in Portland? Don't hesitate! Contact us for a FREE consultation. (503) 222-4411","robots":{"index":"index","follow":"follow","max-snippet":"max-snippet:-1","max-image-preview":"max-image-preview:large","max-video-preview":"max-video-preview:-1"},"canonical":"https:\/\/pdxinjurylaw.com\/es\/practice-areas\/sexual-assault\/","og_locale":"es_MX","og_type":"article","og_title":"Portland Sexual Assault Lawyer","og_description":"Have you or someone you know been a victim of sexual assault in Portland? Don't hesitate! Contact us for a FREE consultation. (503) 222-4411","og_url":"https:\/\/pdxinjurylaw.com\/es\/practice-areas\/sexual-assault\/","og_site_name":"PDX Injury Law","article_modified_time":"2022-06-17T21:23:17+00:00","og_image":[{"url":"https:\/\/pdxinjurylaw.com\/wp-content\/uploads\/2011\/07\/pa-sexual-assault.jpg","type":"","width":"","height":""}],"twitter_card":"summary_large_image","twitter_misc":{"Tiempo de lectura":"3 minutos"},"schema":{"@context":"https:\/\/schema.org","@graph":[{"@type":"WebPage","@id":"https:\/\/pdxinjurylaw.com\/practice-areas\/sexual-assault\/","url":"https:\/\/pdxinjurylaw.com\/practice-areas\/sexual-assault\/","name":"Portland Sexual Assault Lawyer","isPartOf":{"@id":"https:\/\/pdxinjurylaw.com\/#website"},"primaryImageOfPage":{"@id":"https:\/\/pdxinjurylaw.com\/practice-areas\/sexual-assault\/#primaryimage"},"image":{"@id":"https:\/\/pdxinjurylaw.com\/practice-areas\/sexual-assault\/#primaryimage"},"thumbnailUrl":"https:\/\/pdxinjurylaw.com\/wp-content\/uploads\/2011\/07\/pa-sexual-assault.jpg","datePublished":"2015-08-02T17:30:36+00:00","dateModified":"2022-06-17T21:23:17+00:00","description":"Have you or someone you know been a victim of sexual assault in Portland? Don't hesitate! Contact us for a FREE consultation. (503) 222-4411","breadcrumb":{"@id":"https:\/\/pdxinjurylaw.com\/practice-areas\/sexual-assault\/#breadcrumb"},"inLanguage":"es","potentialAction":[{"@type":"ReadAction","target":["https:\/\/pdxinjurylaw.com\/practice-areas\/sexual-assault\/"]}]},{"@type":"ImageObject","inLanguage":"es","@id":"https:\/\/pdxinjurylaw.com\/practice-areas\/sexual-assault\/#primaryimage","url":"https:\/\/pdxinjurylaw.com\/wp-content\/uploads\/2011\/07\/pa-sexual-assault.jpg","contentUrl":"https:\/\/pdxinjurylaw.com\/wp-content\/uploads\/2011\/07\/pa-sexual-assault.jpg"},{"@type":"BreadcrumbList","@id":"https:\/\/pdxinjurylaw.com\/practice-areas\/sexual-assault\/#breadcrumb","itemListElement":[{"@type":"ListItem","position":1,"name":"Home","item":"https:\/\/pdxinjurylaw.com\/"},{"@type":"ListItem","position":2,"name":"Practice Areas","item":"https:\/\/pdxinjurylaw.com\/practice-areas\/"},{"@type":"ListItem","position":3,"name":"Portland Sexual Assault Attorney"}]},{"@type":"WebSite","@id":"https:\/\/pdxinjurylaw.com\/#website","url":"https:\/\/pdxinjurylaw.com\/","name":"PDX Ley de Lesiones","description":"","publisher":{"@id":"https:\/\/pdxinjurylaw.com\/#organization"},"potentialAction":[{"@type":"SearchAction","target":{"@type":"EntryPoint","urlTemplate":"https:\/\/pdxinjurylaw.com\/?s={search_term_string}"},"query-input":{"@type":"PropertyValueSpecification","valueRequired":true,"valueName":"search_term_string"}}],"inLanguage":"es"},{"@type":"Organization","@id":"https:\/\/pdxinjurylaw.com\/#organization","name":"PDX Ley de Lesiones","url":"https:\/\/pdxinjurylaw.com\/","logo":{"@type":"ImageObject","inLanguage":"es","@id":"https:\/\/pdxinjurylaw.com\/#\/schema\/logo\/image\/","url":"https:\/\/530710ec99.nxcli.io\/wp-content\/uploads\/2021\/06\/logo-main.png","contentUrl":"https:\/\/530710ec99.nxcli.io\/wp-content\/uploads\/2021\/06\/logo-main.png","width":368,"height":63,"caption":"PDX Injury Law"},"image":{"@id":"https:\/\/pdxinjurylaw.com\/#\/schema\/logo\/image\/"}}]}},"acf":[],"_links":{"self":[{"href":"https:\/\/pdxinjurylaw.com\/es\/wp-json\/wp\/v2\/pages\/18784","targetHints":{"allow":["GET"]}}],"collection":[{"href":"https:\/\/pdxinjurylaw.com\/es\/wp-json\/wp\/v2\/pages"}],"about":[{"href":"https:\/\/pdxinjurylaw.com\/es\/wp-json\/wp\/v2\/types\/page"}],"author":[{"embeddable":true,"href":"https:\/\/pdxinjurylaw.com\/es\/wp-json\/wp\/v2\/users\/7"}],"replies":[{"embeddable":true,"href":"https:\/\/pdxinjurylaw.com\/es\/wp-json\/wp\/v2\/comments?post=18784"}],"version-history":[{"count":1,"href":"https:\/\/pdxinjurylaw.com\/es\/wp-json\/wp\/v2\/pages\/18784\/revisions"}],"predecessor-version":[{"id":66527,"href":"https:\/\/pdxinjurylaw.com\/es\/wp-json\/wp\/v2\/pages\/18784\/revisions\/66527"}],"up":[{"embeddable":true,"href":"https:\/\/pdxinjurylaw.com\/es\/wp-json\/wp\/v2\/pages\/256"}],"wp:attachment":[{"href":"https:\/\/pdxinjurylaw.com\/es\/wp-json\/wp\/v2\/media?parent=18784"}],"curies":[{"name":"wp","href":"https:\/\/api.w.org\/{rel}","templated":true}]}}