{"id":18735,"date":"2015-07-22T09:34:23","date_gmt":"2015-07-22T16:34:23","guid":{"rendered":"https:\/\/pdxinjurylaw.com\/?post_type=practice_areas&#038;p=18735"},"modified":"2023-06-27T16:13:48","modified_gmt":"2023-06-27T16:13:48","slug":"premises-liability","status":"publish","type":"page","link":"https:\/\/pdxinjurylaw.com\/es\/practice-areas\/premises-liability\/","title":{"rendered":"Portland Locales Abogado de Responsabilidad"},"content":{"rendered":"<p>Los casos de accidentes de responsabilidad de locales en Portland son a menudo muy dif\u00edciles de probar, particularmente si la condici\u00f3n peligrosa causante del accidente fue temporal, como pisos mojados o nieve\/hielo. Debido a que estos casos son dif\u00edciles, se necesita un abogado de responsabilidad de locales Portland calificado con el conocimiento y la habilidad necesaria para manejar con eficacia el caso.<\/p>\n<p>Si usted ha sufrido una lesi\u00f3n grave en Portland debido a la falta de cuidado de un propietario, p\u00f3ngase en contacto con DuBois Law Group. Con nuestro <strong>Consulta GRATUITA, <\/strong>nuestros abogados de la responsabilidad de las premisas pueden ayudarle a decidir si usted tiene un caso substancial contra un due\u00f1o de caracter\u00edstica y c\u00f3mo ganar. Llame al (503)-486-3697 hoy.<\/p>\n<h2><strong>\u00bfPor qu\u00e9 elegir un abogado de Portland responsabilidad de locales?<\/strong><\/h2>\n<ul>\n<li>Nuestra <a href=\"\/es\/portland-personal-injury-lawyer\/\">Portland abogados de lesiones personales<\/a> tienen a\u00f1os de experiencia trabajando en casos de lesiones personales para los residentes de Portland, incluidas las v\u00edctimas de propiedades peligrosas.<\/li>\n<li>Nuestros abogados priorizan la comunicaci\u00f3n directa y honesta desde la consulta hasta el acuerdo. Siempre podr\u00e1 hacer preguntas sobre su caso.<\/li>\n<li>Nuestro bufete cobra honorarios de contingencia para una m\u00e1xima asequibilidad. Si usted no recupera la compensaci\u00f3n, no se le cobrar\u00e1 honorarios legales.<\/li>\n<\/ul>\n<h2><strong>\u00bfCu\u00e1les son algunas de las lesiones comunes en Portland casos de responsabilidad local?<\/strong><\/h2>\n<p>Los accidentes en propiedad ajena pueden provocar lesiones graves y devastadoras que a menudo requieren una amplia atenci\u00f3n m\u00e9dica. En ciertos casos, puede desarrollar discapacidades permanentes que afectan su capacidad para realizar las tareas diarias. Algunas de las lesiones m\u00e1s comunes en los casos de responsabilidad de las premisas de Portland incluyen los siguientes.<\/p>\n<ul>\n<li>Huesos rotos<\/li>\n<li>Lesiones faciales<\/li>\n<li>Da\u00f1o nervioso<\/li>\n<li>Cortes y contusiones<\/li>\n<li>Traum\u00e1tico <a href=\"\/es\/practice-areas\/brain-injury\/\">lesiones cerebrales<\/a><\/li>\n<li>Da\u00f1os en los tejidos blandos<\/li>\n<li>Lesiones de espalda y cuello<\/li>\n<li><a href=\"\/es\/portland-spinal-cord-injury-attorney\/\">Da\u00f1os en la m\u00e9dula espinal<\/a> y par\u00e1lisis<\/li>\n<\/ul>\n<p>En algunos casos, la falta de seguridad en una propiedad puede incluso provocar la muerte de una persona. Si este es el caso, no dude en ponerse en contacto con un <a href=\"\/es\/practice-areas\/wrongful-death\/\">abogado de homicidio culposo en Portland<\/a> para revisar su caso.<\/p>\n<h2><strong>\u00bfC\u00f3mo se relacionan los casos de responsabilidad por local y de negligencia en la seguridad en Portland?<\/strong><\/h2>\n<p>Cada due\u00f1o de una propiedad en Oregon tiene la responsabilidad de asegurarse de que las personas que son bienvenidas en su propiedad est\u00e9n protegidas de ataques y lesiones. Cuando no se proporciona esa protecci\u00f3n, la gente puede resultar herida y las personas pueden presentar una demanda contra el propietario de los locales inseguros en una demanda por negligencia en la seguridad. Adem\u00e1s de las lesiones causadas por ataques de terceros, estas demandas tambi\u00e9n pueden presentarse si alguien ha resultado herido debido a condiciones inseguras.<\/p>\n<h2><strong>Portland Responsabilidad de Locales: Accidentes por resbalones y ca\u00eddas<\/strong><\/h2>\n<p>En un accidente de resbal\u00f3n y ca\u00edda, una persona debe demostrar<\/p>\n<p><strong>a)<\/strong> el demandado caus\u00f3 las condiciones peligrosas, o<\/p>\n<p><strong>b)<\/strong> lo sab\u00eda y no hizo nada o<\/p>\n<p><strong>c)<\/strong> deber\u00eda haberlo sabido y no hizo nada. Como <a href=\"\/es\/portland-slip-and-fall-accident-lawyer\/\">Portland resbal\u00f3n y ca\u00edda abogado<\/a> para saber m\u00e1s<\/p>\n<p>Si tuviera que contar en cu\u00e1ntas tiendas, casas, negocios u otras propiedades ha estado durante la \u00faltima semana, es posible que no pudiera recordarlas todas. En nuestra acelerada sociedad, parece que vamos saltando de un lugar a otro para poder cumplir con lo que hay que hacer. Nunca pensamos que podr\u00edamos sufrir una lesi\u00f3n a causa de una propiedad o local inseguro. Sin embargo, los casos de resbalones y ca\u00eddas son las lesiones m\u00e1s comunes en la ley de responsabilidad de locales.<\/p>\n<p>Bajo la ley de Oregon, todos los propietarios tienen la responsabilidad legal de mantener su propiedad en condiciones seguras y libres de peligros irrazonables o de advertir a los visitantes de la propiedad si existe una condici\u00f3n peligrosa. Cuando un propietario no mantiene adecuadamente su propiedad y un visitante sufre una lesi\u00f3n debido a la condici\u00f3n peligrosa, el due\u00f1o de la propiedad puede ser considerado responsable de las lesiones de la persona y las p\u00e9rdidas relacionadas.<\/p>\n<p>Seg\u00fan la\u00a0<a href=\"http:\/\/www.cdc.gov\/safechild\/Falls\/index.html\" target=\"_blank\" rel=\"noopener\">Centros para el Control y la Prevenci\u00f3n de Enfermedades<\/a>En Estados Unidos, cada a\u00f1o mueren unos 18.000 adultos mayores por lesiones relacionadas con ca\u00eddas. En 2009, aproximadamente 2,2 millones de adultos mayores fueron atendidos en las salas de urgencias de los hospitales estadounidenses por lesiones no mortales causadas por ca\u00eddas, y 581.000 requirieron hospitalizaci\u00f3n. Los accidentes por ca\u00eddas no s\u00f3lo afectan a la poblaci\u00f3n de edad avanzada de nuestro pa\u00eds, sino tambi\u00e9n a los ni\u00f1os. Cada a\u00f1o, una media de 8.000 ni\u00f1os son atendidos en los servicios de urgencias de EE.UU. por lesiones relacionadas con ca\u00eddas.<\/p>\n<p>Las lesiones comunes de un accidente de resbal\u00f3n y ca\u00edda en Oreg\u00f3n van desde cortes y huesos rotos hasta hemorragias internas y lesiones cerebrales traum\u00e1ticas (LCT). Cuando las acciones descuidadas de una persona o empresa causan lesiones a otra persona, la v\u00edctima puede pedir dinero por sus lesiones y p\u00e9rdidas relacionadas.<\/p>\n<h2><strong>\u00bfCu\u00e1les son algunas de las causas principales de las lesiones por resbalones y ca\u00eddas en Portland?<\/strong><\/h2>\n<p>Hay muchos ambientes peligrosos que causan que una persona sufra una lesi\u00f3n por accidente de resbal\u00f3n y ca\u00edda en Oregon. Peligros comunes incluyen pero no se limitan a:<\/p>\n<h3><b>Escaleras rotas:<\/b><\/h3>\n<p>Cuando un escal\u00f3n est\u00e1 roto o agrietado, puede hacer que una persona tropiece o pierda el equilibrio, provocando una lesi\u00f3n. El propietario tiene la obligaci\u00f3n de reparar r\u00e1pidamente cualquier escalera da\u00f1ada para evitar que alguien que est\u00e9 de visita se caiga por culpa de un escal\u00f3n roto o agrietado.<\/p>\n<h3><b>Suelos resbaladizos: <\/b><\/h3>\n<p>Cuando un suelo est\u00e1 resbaladizo o mojado porque se ha limpiado recientemente o si se ha derramado algo y no se ha limpiado, el propietario debe colocar advertencias que informen a la gente sobre el estado del suelo. Si no lo hace, puede producirse un accidente por resbal\u00f3n y ca\u00edda en Oreg\u00f3n.<\/p>\n<h3><b>Suelos irregulares:<\/b><\/h3>\n<p>Cuando el suelo de un inmueble est\u00e1 desnivelado o agrietado, una persona puede tropezar y caerse, con el riesgo de sufrir lesiones. Si este problema est\u00e1 muy extendido en una propiedad, el propietario debe se\u00f1alizar cuidadosamente la zona peligrosa para que los visitantes sepan que deben ser precavidos.<\/p>\n<h3><b>Lesiones laborales:<\/b><\/h3>\n<p>Los lugares de trabajo son conocidos por los accidentes de resbalones y ca\u00eddas, en particular las obras de construcci\u00f3n. Los propietarios, empresarios y contratistas son responsables de proporcionar a sus trabajadores un entorno de trabajo seguro que no presente peligros irrazonables.<\/p>\n<p><b>Si usted ha estado en un accidente de resbal\u00f3n y ca\u00edda, u otro tipo de incidente de responsabilidad de locales, llame a nuestra oficina para hablar con nuestros abogados de responsabilidad de locales de Portland ahora.<\/b><\/p>\n<h2><strong>\u00bfC\u00f3mo se prueba una demanda por responsabilidad de local en Oreg\u00f3n?<\/strong><\/h2>\n<p>Para obtener una indemnizaci\u00f3n por lesiones sufridas en una propiedad ajena de Portland, deber\u00e1 demostrar que el propietario es responsable de su accidente. Espec\u00edficamente, usted necesitar\u00e1 demostrar que la negligencia del due\u00f1o condujo a la condici\u00f3n peligrosa y caus\u00f3 directamente su accidente y da\u00f1os resultantes. Para lograr esto, usted y su abogado tendr\u00e1n que proporcionar pruebas suficientes que satisfagan los siguientes elementos.<\/p>\n<ul>\n<li>Deber: El propietario le deb\u00eda un deber de cuidado. Todos los propietarios tienen la obligaci\u00f3n de mantener unas instalaciones seguras, responder a los peligros en un plazo de tiempo razonable y advertir adecuadamente a los visitantes del peligro potencial.<\/li>\n<li>Incumplimiento del deber: El propietario incumple su deber de diligencia por negligencia u omisi\u00f3n. Por ejemplo, si un propietario no repara unas escaleras rotas despu\u00e9s de recibir meses de solicitudes de reparaci\u00f3n por parte de los residentes, incumple su deber.<\/li>\n<li>Causalidad: El incumplimiento de las obligaciones del propietario caus\u00f3 el accidente y provoc\u00f3 las lesiones. Por ejemplo, un propietario que no repara unas escaleras rotas ser\u00eda responsable si un residente se cae por esas escaleras y se rompe una pierna.<\/li>\n<li>Da\u00f1os y perjuicios: Usted sufri\u00f3 da\u00f1os debido a la negligencia del due\u00f1o de la propiedad que puede recuperar en su demanda. Estos pueden incluir gastos m\u00e9dicos, salarios perdidos, da\u00f1os a la propiedad, y el dolor y el sufrimiento.<\/li>\n<\/ul>\n<h2><strong>\u00bfCu\u00e1nto tiempo tiene para presentar una demanda por responsabilidad de local en Oreg\u00f3n?<\/strong><\/h2>\n<p>En Oregon, las demandas por responsabilidad de las premisas est\u00e1n sujetas a una regla conocida como el estatuto de limitaciones. El estatuto de limitaciones establece un plazo de presentaci\u00f3n para su reclamo; si usted no presenta su demanda dentro del per\u00edodo de tiempo apropiado, el tribunal probablemente desestimar\u00e1 su caso. Usted tiene dos a\u00f1os a partir de la fecha de su accidente para presentar una demanda de responsabilidad de las premisas.<\/p>\n<p>Aunque hay ciertas excepciones a esta regla, no siempre son comunes en los casos de responsabilidad de locales. Es importante ponerse en contacto con un abogado de responsabilidad de locales de Portland tan pronto como sea posible para proteger su derecho a una indemnizaci\u00f3n.<\/p>\n<h2><strong>P\u00f3ngase en contacto con un abogado de Portland Responsabilidad de Locales de DuBois Law Group<\/strong><\/h2>\n<p style=\"text-align: left;\">\u00bfSe ha lesionado en la propiedad de otra persona en Portland? En estas situaciones, usted necesita un abogado de su lado-y DuBois Law Group puede ayudar. <a href=\"\/es\/contact-us\/\">P\u00f3ngase en contacto con nosotros<\/a> hoy para programar la evaluaci\u00f3n gratuita de su caso y discutir sus pr\u00f3ximos pasos con un abogado de responsabilidad de locales de Portland. (503) 222-4411<\/p>","protected":false},"excerpt":{"rendered":"<p>Personal injury practice areas usually include premises liability accidents, which can be difficult to prove. Our premises liability attorneys can help advise you about your legal rights for injuries sustained in a personal injury case.<\/p>","protected":false},"author":7,"featured_media":18981,"parent":256,"menu_order":8,"comment_status":"closed","ping_status":"closed","template":"","meta":{"footnotes":"","_content_optimizer_report_url":"","_content_optimizer_report_added":"","_content_optimizer_keyword_hide_used":false,"_content_optimizer_keyword_hide_above_average":false,"_content_optimizer_entities_hide_used":false,"_content_optimizer_entities_hide_above_average":false,"_content_optimizer_headings_hide_used":false,"_content_optimizer_questions_hide_used":false,"_content_optimizer_tab_active":"","_content_optimizer_report_url_ce":"","_content_optimizer_report_added_ce":"","_content_optimizer_keyword_hide_used_ce":false,"_content_optimizer_keyword_hide_above_average_ce":false,"_content_optimizer_entities_hide_used_ce":false,"_content_optimizer_entities_hide_above_average_ce":false,"_content_optimizer_headings_hide_used_ce":false,"_content_optimizer_questions_hide_used_ce":false,"_content_optimizer_tab_active_ce":""},"class_list":["post-18735","page","type-page","status-publish","has-post-thumbnail","hentry"],"yoast_head":"<!-- This site is optimized with the Yoast SEO plugin v27.4 - https:\/\/yoast.com\/product\/yoast-seo-wordpress\/ -->\n<title>Portland Premises Liability Lawyer<\/title>\n<meta name=\"description\" content=\"In need of a premises lawyer in Portland? We&#039;ve got you covered. Contact us fir a FREE consultation today! (503) 222-4411\" \/>\n<meta name=\"robots\" content=\"index, follow, max-snippet:-1, max-image-preview:large, max-video-preview:-1\" \/>\n<link rel=\"canonical\" href=\"https:\/\/pdxinjurylaw.com\/es\/practice-areas\/premises-liability\/\" \/>\n<meta property=\"og:locale\" content=\"es_MX\" \/>\n<meta property=\"og:type\" content=\"article\" \/>\n<meta property=\"og:title\" content=\"Portland Premises Liability Lawyer\" \/>\n<meta property=\"og:description\" content=\"In need of a premises lawyer in Portland? We&#039;ve got you covered. Contact us fir a FREE consultation today! (503) 222-4411\" \/>\n<meta property=\"og:url\" content=\"https:\/\/pdxinjurylaw.com\/es\/practice-areas\/premises-liability\/\" \/>\n<meta property=\"og:site_name\" content=\"PDX Injury Law\" \/>\n<meta property=\"article:modified_time\" content=\"2023-06-27T16:13:48+00:00\" \/>\n<meta name=\"twitter:card\" content=\"summary_large_image\" \/>\n<meta name=\"twitter:label1\" content=\"Tiempo de lectura\" \/>\n\t<meta name=\"twitter:data1\" content=\"7 minutos\" \/>\n<script type=\"application\/ld+json\" class=\"yoast-schema-graph\">{\"@context\":\"https:\\\/\\\/schema.org\",\"@graph\":[{\"@type\":\"WebPage\",\"@id\":\"https:\\\/\\\/pdxinjurylaw.com\\\/practice-areas\\\/premises-liability\\\/\",\"url\":\"https:\\\/\\\/pdxinjurylaw.com\\\/practice-areas\\\/premises-liability\\\/\",\"name\":\"Portland Premises Liability Lawyer\",\"isPartOf\":{\"@id\":\"https:\\\/\\\/pdxinjurylaw.com\\\/#website\"},\"primaryImageOfPage\":{\"@id\":\"https:\\\/\\\/pdxinjurylaw.com\\\/practice-areas\\\/premises-liability\\\/#primaryimage\"},\"image\":{\"@id\":\"https:\\\/\\\/pdxinjurylaw.com\\\/practice-areas\\\/premises-liability\\\/#primaryimage\"},\"thumbnailUrl\":\"\",\"datePublished\":\"2015-07-22T16:34:23+00:00\",\"dateModified\":\"2023-06-27T16:13:48+00:00\",\"description\":\"In need of a premises lawyer in Portland? We've got you covered. Contact us fir a FREE consultation today! (503) 222-4411\",\"breadcrumb\":{\"@id\":\"https:\\\/\\\/pdxinjurylaw.com\\\/practice-areas\\\/premises-liability\\\/#breadcrumb\"},\"inLanguage\":\"es\",\"potentialAction\":[{\"@type\":\"ReadAction\",\"target\":[\"https:\\\/\\\/pdxinjurylaw.com\\\/practice-areas\\\/premises-liability\\\/\"]}]},{\"@type\":\"ImageObject\",\"inLanguage\":\"es\",\"@id\":\"https:\\\/\\\/pdxinjurylaw.com\\\/practice-areas\\\/premises-liability\\\/#primaryimage\",\"url\":\"\",\"contentUrl\":\"\"},{\"@type\":\"BreadcrumbList\",\"@id\":\"https:\\\/\\\/pdxinjurylaw.com\\\/practice-areas\\\/premises-liability\\\/#breadcrumb\",\"itemListElement\":[{\"@type\":\"ListItem\",\"position\":1,\"name\":\"Home\",\"item\":\"https:\\\/\\\/pdxinjurylaw.com\\\/\"},{\"@type\":\"ListItem\",\"position\":2,\"name\":\"Practice Areas\",\"item\":\"https:\\\/\\\/pdxinjurylaw.com\\\/practice-areas\\\/\"},{\"@type\":\"ListItem\",\"position\":3,\"name\":\"Portland Premises Liability Attorney\"}]},{\"@type\":\"WebSite\",\"@id\":\"https:\\\/\\\/pdxinjurylaw.com\\\/#website\",\"url\":\"https:\\\/\\\/pdxinjurylaw.com\\\/\",\"name\":\"PDX Injury Law\",\"description\":\"\",\"publisher\":{\"@id\":\"https:\\\/\\\/pdxinjurylaw.com\\\/#organization\"},\"potentialAction\":[{\"@type\":\"SearchAction\",\"target\":{\"@type\":\"EntryPoint\",\"urlTemplate\":\"https:\\\/\\\/pdxinjurylaw.com\\\/?s={search_term_string}\"},\"query-input\":{\"@type\":\"PropertyValueSpecification\",\"valueRequired\":true,\"valueName\":\"search_term_string\"}}],\"inLanguage\":\"es\"},{\"@type\":\"Organization\",\"@id\":\"https:\\\/\\\/pdxinjurylaw.com\\\/#organization\",\"name\":\"PDX Injury Law\",\"url\":\"https:\\\/\\\/pdxinjurylaw.com\\\/\",\"logo\":{\"@type\":\"ImageObject\",\"inLanguage\":\"es\",\"@id\":\"https:\\\/\\\/pdxinjurylaw.com\\\/#\\\/schema\\\/logo\\\/image\\\/\",\"url\":\"https:\\\/\\\/530710ec99.nxcli.io\\\/wp-content\\\/uploads\\\/2021\\\/06\\\/logo-main.png\",\"contentUrl\":\"https:\\\/\\\/530710ec99.nxcli.io\\\/wp-content\\\/uploads\\\/2021\\\/06\\\/logo-main.png\",\"width\":368,\"height\":63,\"caption\":\"PDX Injury Law\"},\"image\":{\"@id\":\"https:\\\/\\\/pdxinjurylaw.com\\\/#\\\/schema\\\/logo\\\/image\\\/\"}}]}<\/script>\n<!-- \/ Yoast SEO plugin. -->","yoast_head_json":{"title":"Portland Premises Liability Lawyer","description":"In need of a premises lawyer in Portland? We've got you covered. Contact us fir a FREE consultation today! (503) 222-4411","robots":{"index":"index","follow":"follow","max-snippet":"max-snippet:-1","max-image-preview":"max-image-preview:large","max-video-preview":"max-video-preview:-1"},"canonical":"https:\/\/pdxinjurylaw.com\/es\/practice-areas\/premises-liability\/","og_locale":"es_MX","og_type":"article","og_title":"Portland Premises Liability Lawyer","og_description":"In need of a premises lawyer in Portland? We've got you covered. Contact us fir a FREE consultation today! (503) 222-4411","og_url":"https:\/\/pdxinjurylaw.com\/es\/practice-areas\/premises-liability\/","og_site_name":"PDX Injury Law","article_modified_time":"2023-06-27T16:13:48+00:00","twitter_card":"summary_large_image","twitter_misc":{"Tiempo de lectura":"7 minutos"},"schema":{"@context":"https:\/\/schema.org","@graph":[{"@type":"WebPage","@id":"https:\/\/pdxinjurylaw.com\/practice-areas\/premises-liability\/","url":"https:\/\/pdxinjurylaw.com\/practice-areas\/premises-liability\/","name":"Portland Premises Liability Lawyer","isPartOf":{"@id":"https:\/\/pdxinjurylaw.com\/#website"},"primaryImageOfPage":{"@id":"https:\/\/pdxinjurylaw.com\/practice-areas\/premises-liability\/#primaryimage"},"image":{"@id":"https:\/\/pdxinjurylaw.com\/practice-areas\/premises-liability\/#primaryimage"},"thumbnailUrl":"","datePublished":"2015-07-22T16:34:23+00:00","dateModified":"2023-06-27T16:13:48+00:00","description":"In need of a premises lawyer in Portland? We've got you covered. Contact us fir a FREE consultation today! (503) 222-4411","breadcrumb":{"@id":"https:\/\/pdxinjurylaw.com\/practice-areas\/premises-liability\/#breadcrumb"},"inLanguage":"es","potentialAction":[{"@type":"ReadAction","target":["https:\/\/pdxinjurylaw.com\/practice-areas\/premises-liability\/"]}]},{"@type":"ImageObject","inLanguage":"es","@id":"https:\/\/pdxinjurylaw.com\/practice-areas\/premises-liability\/#primaryimage","url":"","contentUrl":""},{"@type":"BreadcrumbList","@id":"https:\/\/pdxinjurylaw.com\/practice-areas\/premises-liability\/#breadcrumb","itemListElement":[{"@type":"ListItem","position":1,"name":"Home","item":"https:\/\/pdxinjurylaw.com\/"},{"@type":"ListItem","position":2,"name":"Practice Areas","item":"https:\/\/pdxinjurylaw.com\/practice-areas\/"},{"@type":"ListItem","position":3,"name":"Portland Premises Liability Attorney"}]},{"@type":"WebSite","@id":"https:\/\/pdxinjurylaw.com\/#website","url":"https:\/\/pdxinjurylaw.com\/","name":"PDX Ley de Lesiones","description":"","publisher":{"@id":"https:\/\/pdxinjurylaw.com\/#organization"},"potentialAction":[{"@type":"SearchAction","target":{"@type":"EntryPoint","urlTemplate":"https:\/\/pdxinjurylaw.com\/?s={search_term_string}"},"query-input":{"@type":"PropertyValueSpecification","valueRequired":true,"valueName":"search_term_string"}}],"inLanguage":"es"},{"@type":"Organization","@id":"https:\/\/pdxinjurylaw.com\/#organization","name":"PDX Ley de Lesiones","url":"https:\/\/pdxinjurylaw.com\/","logo":{"@type":"ImageObject","inLanguage":"es","@id":"https:\/\/pdxinjurylaw.com\/#\/schema\/logo\/image\/","url":"https:\/\/530710ec99.nxcli.io\/wp-content\/uploads\/2021\/06\/logo-main.png","contentUrl":"https:\/\/530710ec99.nxcli.io\/wp-content\/uploads\/2021\/06\/logo-main.png","width":368,"height":63,"caption":"PDX Injury Law"},"image":{"@id":"https:\/\/pdxinjurylaw.com\/#\/schema\/logo\/image\/"}}]}},"acf":[],"_links":{"self":[{"href":"https:\/\/pdxinjurylaw.com\/es\/wp-json\/wp\/v2\/pages\/18735","targetHints":{"allow":["GET"]}}],"collection":[{"href":"https:\/\/pdxinjurylaw.com\/es\/wp-json\/wp\/v2\/pages"}],"about":[{"href":"https:\/\/pdxinjurylaw.com\/es\/wp-json\/wp\/v2\/types\/page"}],"author":[{"embeddable":true,"href":"https:\/\/pdxinjurylaw.com\/es\/wp-json\/wp\/v2\/users\/7"}],"replies":[{"embeddable":true,"href":"https:\/\/pdxinjurylaw.com\/es\/wp-json\/wp\/v2\/comments?post=18735"}],"version-history":[{"count":7,"href":"https:\/\/pdxinjurylaw.com\/es\/wp-json\/wp\/v2\/pages\/18735\/revisions"}],"predecessor-version":[{"id":67283,"href":"https:\/\/pdxinjurylaw.com\/es\/wp-json\/wp\/v2\/pages\/18735\/revisions\/67283"}],"up":[{"embeddable":true,"href":"https:\/\/pdxinjurylaw.com\/es\/wp-json\/wp\/v2\/pages\/256"}],"wp:featuredmedia":[{"embeddable":true,"href":"https:\/\/pdxinjurylaw.com\/es\/wp-json\/"}],"wp:attachment":[{"href":"https:\/\/pdxinjurylaw.com\/es\/wp-json\/wp\/v2\/media?parent=18735"}],"curies":[{"name":"wp","href":"https:\/\/api.w.org\/{rel}","templated":true}]}}